{"id":60293,"date":"2019-04-04T23:00:16","date_gmt":"2019-04-04T23:00:16","guid":{"rendered":"https:\/\/preprod.transdiesel.es\/politica-de-cookies\/"},"modified":"2023-05-22T18:10:22","modified_gmt":"2023-05-22T16:10:22","slug":"cerez-politikasi","status":"publish","type":"page","link":"https:\/\/tdmed.es\/tr\/cerez-politikasi\/","title":{"rendered":"\u00c7erez Politikas\u0131"},"content":{"rendered":"\t\t<div data-elementor-type=\"wp-page\" data-elementor-id=\"60293\" class=\"elementor elementor-60293 elementor-17882\" data-elementor-post-type=\"page\">\n\t\t\t\t\t\t<section data-particle_enable=\"false\" data-particle-mobile-disabled=\"false\" class=\"elementor-section elementor-top-section elementor-element elementor-element-66f6efe5 elementor-section-boxed elementor-section-height-default elementor-section-height-default\" data-id=\"66f6efe5\" data-element_type=\"section\" data-e-type=\"section\">\n\t\t\t\t\t\t<div class=\"elementor-container elementor-column-gap-default\">\n\t\t\t\t\t<div class=\"elementor-column elementor-col-100 elementor-top-column elementor-element elementor-element-719fd11f\" data-id=\"719fd11f\" data-element_type=\"column\" data-e-type=\"column\">\n\t\t\t<div class=\"elementor-widget-wrap elementor-element-populated\">\n\t\t\t\t\t\t<div class=\"elementor-element elementor-element-1c74744 elementor-widget elementor-widget-text-editor\" data-id=\"1c74744\" data-element_type=\"widget\" data-e-type=\"widget\" data-widget_type=\"text-editor.default\">\n\t\t\t\t<div class=\"elementor-widget-container\">\n\t\t\t\t\t\t\t\t\t<h1 style=\"text-align: center;\"><strong>\u00c7erez Politikas\u0131 <\/strong><\/h1><p>\u00a0<\/p><p>Web sitemizi \u015fahsi herhangi bir bilgi vermeden ziyaret edebilir, \u00fcr\u00fcnlerimiz ve servislerimiz hakk\u0131nda bilgi alarak ihtiya\u00e7lar\u0131n\u0131z\u0131 kar\u015f\u0131layabilirsiniz. Ziyaretlerde site kullan\u0131m\u0131na ili\u015fkin bilgi toplamak i\u00e7in baz\u0131 \u00e7erezler kullan\u0131lmaktad\u0131r. Buradaki amac\u0131m\u0131z; web sitemizi ziyaret eden kullan\u0131c\u0131ya kolayl\u0131k sa\u011flamak ve i\u015fleyi\u015fi daha iyiye ta\u015f\u0131yabilmektir.Bilgi toplama y\u00f6ntemlerimizden biri, &#8220;tan\u0131mlama bilgileri&#8221; ad\u0131 verilen teknolojinin kullan\u0131lmas\u0131d\u0131r. Transdiesel.es&#8217;de \u00e7erezler birka\u00e7 \u015fey i\u00e7in kullan\u0131l\u0131r.<\/p><h4><strong>\u00c7erez nedir?<\/strong><\/h4><p>\u00c7erez, bir siteyi ziyaret etti\u011finizde taray\u0131c\u0131n\u0131z arac\u0131l\u0131\u011f\u0131yla bilgisayar\u0131n\u0131za veya mobil cihaz\u0131n\u0131za kaydedilen k\u00fc\u00e7\u00fck boyutlu bir metin dosyas\u0131d\u0131r.\u00a0\u00c7erezler bir sitenin daha verimli \u00e7al\u0131\u015fmas\u0131n\u0131n yan\u0131 s\u0131ra ki\u015fisel ihtiya\u00e7lar\u0131n\u0131za daha uygun ve h\u0131zl\u0131 bir ziyaret deneyimi ya\u015fatmak i\u00e7in ki\u015fiselle\u015ftirilmi\u015f sayfalar\u0131n sunulabilmesine olanak vermektedir. \u00c7erezler sadece internet ortam\u0131ndaki ziyaret ge\u00e7mi\u015finize dair bilgiler i\u00e7ermekte olup, bilgisayar\u0131n\u0131zda veya mobil cihaz\u0131n\u0131zda depolanm\u0131\u015f dosyalara dair herhangi bir bilgi toplamamaktad\u0131r.<\/p><h4><strong>\u00c7erez ne DE\u011e\u0130LD\u0130R?<\/strong><\/h4><p>\u00c7erezler bir vir\u00fcs, Truva at\u0131, istenmeyen e-posta veya casus yaz\u0131l\u0131m olmay\u0131p internet taray\u0131c\u0131n\u0131zda pop-up pencereler a\u00e7maz.<\/p><h4><strong>Bir \u00e7erez hangi bilgileri depolar?<\/strong><\/h4><p>\u00c7erezler kredi kartlar\u0131 veya banka bilgileri, foto\u011fraflar veya ki\u015fisel bilgiler vb. Gibi sizinle ilgili hassas bilgileri saklamaz. Tuttuklar\u0131 veriler istatistikler, ki\u015fisel tercihler, i\u00e7eriklerin ki\u015fiselle\u015ftirilmesi vb. teknik verilerdir.<\/p><p>Web sunucusu sizi bir ki\u015fi olarak de\u011fil web taray\u0131c\u0131n\u0131z olarak ili\u015fkilendirir. Asl\u0131nda, Chrome taray\u0131c\u0131s\u0131yla d\u00fczenli olarak gezinirseniz ve Firefox taray\u0131c\u0131s\u0131yla ayn\u0131 web&#8217;de gezinmeye \u00e7al\u0131\u015f\u0131rsan\u0131z, web&#8217;in ayn\u0131 ki\u015fi olmad\u0131\u011f\u0131n\u0131z\u0131n fark\u0131na varmad\u0131\u011f\u0131n\u0131 g\u00f6receksiniz \u00e7\u00fcnk\u00fc bu bilgileri taray\u0131c\u0131yla ili\u015fkilendirimektedir.<\/p><h4><strong>Ne t\u00fcr \u00e7erezler kullan\u0131yoruz ?<\/strong><\/h4><p>Teknik \u00e7erezler : Bunlar en temel olan \u00e7erezlerdir ve bir insan veya otomatikle\u015ftirilmi\u015f bir uygulaman\u0131n sitemize ne zaman g\u00f6z att\u0131\u011f\u0131n\u0131, anonim ve kay\u0131tl\u0131 bir kullan\u0131c\u0131 gezindi\u011finde taray\u0131c\u0131n\u0131n \u00e7al\u0131\u015fmas\u0131 i\u00e7in temel g\u00f6revleri anlam\u0131za izin verir.<\/p><p>Analiz \u00e7erezleri: Yapmakta oldu\u011funuz i\u015flemlerde en \u00e7ok kulland\u0131\u011f\u0131n\u0131z b\u00f6l\u00fcmleri, tercih edilen \u00fcr\u00fcnleri, kullan\u0131m s\u00fcrenizi, dil vb. \u00a0tercihleriniz hakk\u0131nda bilgi toplarlar.<\/p><p>Reklam \u00e7erezleri: Bulundu\u011funuz konuma, dilinize ve tercihlerinize g\u00f6re sizin i\u00e7in ki\u015fiselle\u015ftirilmi\u015f reklam g\u00f6sterirler.<\/p><p>Kendi \u00e7erezlerimiz ve \u00fc\u00e7\u00fcnc\u00fc taraf \u00e7erezleri nelerdir?<\/p><p>Kendi \u00e7erezlerimiz, ziyaret etti\u011finiz sayfa taraf\u0131ndan olu\u015fturulan \u00e7erezlerdir. \u00dc\u00e7\u00fcnc\u00fc taraf \u00e7erezleri ise Mailchimp, Facebook, Twitter, Google adsense vb. gibi harici hizmetler veya sa\u011flay\u0131c\u0131lar taraf\u0131ndan olu\u015fturulan \u00e7erezlerdir.<\/p><h4><strong>Hangi \u00e7erezleri kullan\u0131yoruz?<\/strong><\/h4><p>Bu web sitesi kendi \u00e7erezlerini ve \u00fc\u00e7\u00fcnc\u00fc taraf \u00e7erezlerini kullan\u0131r. Bu web sitesinde, a\u015fa\u011f\u0131da ayr\u0131nt\u0131lar\u0131 verilen \u00e7erezler kullan\u0131lmaktad\u0131r:<\/p><p>Zorunlu \u00c7erezler:<\/p><p>Giri\u015f: Web sitemizin do\u011fru bi\u00e7imde \u00e7al\u0131\u015fmas\u0131 i\u00e7in zorunludur. \u00d6rne\u011fin, kimlik do\u011frulama, mevcut oturumunuz ile ilgili bilgilerin kaybolmamas\u0131 gibi ama\u00e7larla zorunlu \u00e7erezler kullan\u0131lmaktad\u0131r. Bu \u00e7erezler g\u00fcvenlik ve do\u011frulama gibi ama\u00e7lar i\u00e7in kullan\u0131lmakta olup, herhangi bir pazarlama amac\u0131 do\u011frultusunda kullan\u0131lmaz.<\/p><p>Ki\u015fiselle\u015ftirme: Bu \u00e7erezler, hangi ki\u015filerle veya web sitelerinde etkile\u015fimde bulundu\u011funuzu hat\u0131rlamam\u0131za yard\u0131mc\u0131 olur.<\/p><p>Tercihler: Tercih \u00e7erezleri \u00a0tercih etti\u011finiz dil ve gizlilik ayarlar\u0131n\u0131z gibi ayarlar\u0131n\u0131z\u0131, tercihlerinizi hat\u0131rlamam\u0131za izin verir.<\/p><p>G\u00fcvenlik: G\u00fcvenlik risklerinden ka\u00e7\u0131nmak i\u00e7in tan\u0131mlama bilgileri kullan\u0131yoruz ve farkl\u0131 birisinin preprod.transdiesel.es hesab\u0131n\u0131z\u0131 \u00e7almas\u0131n\u0131 istemeyiz. Bu tip giri\u015fimlerden haberdar olup \u00f6nlemek i\u00e7in g\u00fcvenlik \u00e7erezlerini kullanmaktay\u0131z.<\/p><h4><strong>\u00dc\u00e7\u00fcnc\u00fc taraf \u00e7erezleri<\/strong><\/h4><p>Bu web sitesi, kullan\u0131c\u0131 tercihlerinin analiz edilmesini ve kullan\u0131labilirli\u011fini art\u0131rmas\u0131na yard\u0131mc\u0131 olmak i\u00e7in analiz hizmetlerini, \u00f6zellikle de Google Analytics&#8217;i kullan\u0131r. Fakat hi\u00e7bir durumda kullan\u0131c\u0131y\u0131 tan\u0131mlayabilecek verilerle ili\u015fkilendirilmez. Google Analytics, Google, Inc. taraf\u0131ndan sa\u011flanan bir web analizi hizmetidir. Google taraf\u0131ndan kullan\u0131lan \u00e7erez t\u00fcrlerine <strong>buradan ula\u015fabilirsiniz<\/strong>.<\/p><p>Grupo Casli, Kuzey Amerika \u015firketi Automattic, Inc.&#8217;e ait olan WordPress bloglar\u0131n\u0131 tedarik etme ve bar\u0131nd\u0131rma platformunun bir kullan\u0131c\u0131s\u0131d\u0131r. Bu t\u00fcr \u00e7erezlerin sistemler taraf\u0131ndan kullan\u0131m\u0131, sorumlu ki\u015finin kontrol\u00fc veya y\u00f6netimi alt\u0131nda de\u011fildir. Bu \u00e7erezler ayr\u0131ca bu web sitesinden sorumlu ki\u015fiye herhangi bir fayda olu\u015fturmaz. Automattic, Inc. ayr\u0131ca, WordPress sitelerine gelen ziyaret\u00e7ileri tan\u0131mlamaya ve takip etmeye yard\u0131mc\u0131 olmak, Automattic web sitesini kullan\u0131mlar\u0131 hakk\u0131nda bilgi edinmek ve &#8220;\u00c7erezler&#8221; b\u00f6l\u00fcm\u00fcnde yer ald\u0131\u011f\u0131 gibi siteye eri\u015fim tercihlerini \u00f6\u011frenmek i\u00e7in ba\u015fka \u00e7erezler kullan\u0131r.<\/p><p>Sosyal medya \u00e7erezleri, \u00f6rne\u011fin bir sosyal a\u011fda preprod.transdiesel.es&#8217;in payla\u015f d\u00fc\u011fmesini kulland\u0131\u011f\u0131n\u0131zda, preprod.transdiesel.es&#8217;e g\u00f6z atarken taray\u0131c\u0131n\u0131zda saklanabilir.<\/p><p>A\u015fa\u011f\u0131da, bu web sitesinin kendi \u00e7erez politikalar\u0131nda kulland\u0131\u011f\u0131 sosyal a\u011f \u00e7erezleri hakk\u0131nda bilgi bulabilirsiniz:<\/p><p>Facebook \u00c7erezleri, \u00a0<strong>daha fazla bilgi i\u00e7in<\/strong><\/p><p>Twitter \u00c7erezleri, <strong>daha fazla bilgi i\u00e7in<\/strong><\/p><p>Instagram \u00c7erezleri, <strong>daha fazla bilgi i\u00e7in<\/strong><\/p><p>Google+ \u00c7erezler, <strong>daha fazla bilgi i\u00e7in<\/strong><\/p><p>Youtube \u00c7erezleri, <strong>daha fazla bilgi i\u00e7in<\/strong><\/p><h4><strong>\u00c7erezler silinebilir mi?<\/strong><\/h4><p>Evet ve yaln\u0131zca silme de\u011fil, ayn\u0131 zamanda belirli bir etki alan\u0131 i\u00e7in genel veya belirli bir \u015fekilde engelleme de yapabilirsiniz.<\/p><p>\u00c7erezleri bir web sitesinden silmek i\u00e7in taray\u0131c\u0131n\u0131z\u0131n ayarlar k\u0131sm\u0131na giderek s\u00f6z konusu etki alan\u0131yla ili\u015fkili izinleri iptal edebilirsiniz.<\/p><p>Chrome i\u00e7in, <a href=\"http:\/\/Http:\/\/support.google.com\/chrome\/bin\/answer.py?hl=es&amp;answer=95647\" data-wplink-url-error=\"true\">Http:\/\/support.google.com\/chrome\/bin\/answer.py?hl=es&amp;answer=95647<\/a><\/p><p>Explorer i\u00e7in, <a href=\"https:\/\/support.microsoft.com\/en-us\/help\/17442\/windows-internet-explorer-delete-manage-cookies#ie=ie-10\">https:\/\/support.microsoft.com\/en-us\/help\/17442\/windows-internet-explorer-delete-manage-cookies#ie=ie-10<\/a><\/p><p>Firefox i\u00e7in, <a href=\"https:\/\/support.mozilla.org\/es\/kb\/habilitar-y-deshabilitar-cookies-sitios-web-rastrear-preferencias?redirectlocale=es&amp;redirectslug=habilitar-y-deshabilitar-cookies-que-los-sitios\">https:\/\/support.mozilla.org\/es\/kb\/habilitar-y-deshabilitar-cookies-sitios-web-rastrear-preferencias?redirectlocale=es&amp;redirectslug=habilitar-y-deshabilitar-cookies-que-los-sitios<\/a><\/p><p>Safari i\u00e7in, <a href=\"https:\/\/support.apple.com\/es-es\/HT201265 adreslerini kullanabilirsiniz\" data-wplink-url-error=\"true\">https:\/\/support.apple.com\/es-es\/HT201265 adreslerini kullanabilirsiniz<\/a><\/p>\t\t\t\t\t\t\t\t<\/div>\n\t\t\t\t<\/div>\n\t\t\t\t\t<\/div>\n\t\t<\/div>\n\t\t\t\t\t<\/div>\n\t\t<\/section>\n\t\t<div data-particle_enable=\"false\" data-particle-mobile-disabled=\"false\" class=\"elementor-element elementor-element-7c17e83f e-flex e-con-boxed e-con e-parent\" data-id=\"7c17e83f\" data-element_type=\"container\" data-e-type=\"container\" data-settings=\"{&quot;background_background&quot;:&quot;classic&quot;}\">\n\t\t\t\t\t<div class=\"e-con-inner\">\n\t\t<div data-particle_enable=\"false\" data-particle-mobile-disabled=\"false\" class=\"elementor-element elementor-element-718ee18d e-con-full e-flex e-con e-parent\" data-id=\"718ee18d\" data-element_type=\"container\" data-e-type=\"container\">\n\t\t\t\t<div class=\"elementor-element elementor-element-71e6a6b5 elementor-widget elementor-widget-heading\" data-id=\"71e6a6b5\" data-element_type=\"widget\" data-e-type=\"widget\" data-widget_type=\"heading.default\">\n\t\t\t\t<div class=\"elementor-widget-container\">\n\t\t\t\t\t<h4 class=\"elementor-heading-title elementor-size-default\">Yard\u0131ma ihtiyac\u0131n\u0131z m\u0131 var?<\/h4>\t\t\t\t<\/div>\n\t\t\t\t<\/div>\n\t\t\t\t<div class=\"elementor-element elementor-element-7b58cfa7 elementor-widget__width-inherit elementor-widget elementor-widget-heading\" data-id=\"7b58cfa7\" data-element_type=\"widget\" data-e-type=\"widget\" data-widget_type=\"heading.default\">\n\t\t\t\t<div class=\"elementor-widget-container\">\n\t\t\t\t\t<h4 class=\"elementor-heading-title elementor-size-default\">Arad\u0131\u011f\u0131n\u0131z\u0131 \u00fcr\u00fcn\u00fc bulam\u0131yor musunuz? Hangi par\u00e7an\u0131n do\u011fru oldu\u011fundan emin de\u011fil misiniz? Uzmanlar\u0131m\u0131z\u0131n size tavsiyede bulunmas\u0131na ihtiyac\u0131n\u0131z m\u0131 var?<\/h4>\t\t\t\t<\/div>\n\t\t\t\t<\/div>\n\t\t\t\t<\/div>\n\t\t<div data-particle_enable=\"false\" data-particle-mobile-disabled=\"false\" class=\"elementor-element elementor-element-6b6b700f e-con-full e-flex e-con e-parent\" data-id=\"6b6b700f\" data-element_type=\"container\" data-e-type=\"container\">\n\t\t\t\t<div class=\"elementor-element elementor-element-11ebf94d elementor-align-right elementor-widget elementor-widget-button\" data-id=\"11ebf94d\" data-element_type=\"widget\" data-e-type=\"widget\" data-widget_type=\"button.default\">\n\t\t\t\t<div class=\"elementor-widget-container\">\n\t\t\t\t\t\t\t\t\t<div class=\"elementor-button-wrapper\">\n\t\t\t\t\t<a class=\"elementor-button elementor-button-link elementor-size-sm\" href=\"tel:+905309546781\">\n\t\t\t\t\t\t<span class=\"elementor-button-content-wrapper\">\n\t\t\t\t\t\t\t\t\t<span class=\"elementor-button-text\">HEMEN B\u0130Z\u0130 ARAYIN<\/span>\n\t\t\t\t\t<\/span>\n\t\t\t\t\t<\/a>\n\t\t\t\t<\/div>\n\t\t\t\t\t\t\t\t<\/div>\n\t\t\t\t<\/div>\n\t\t\t\t<\/div>\n\t\t<div data-particle_enable=\"false\" data-particle-mobile-disabled=\"false\" class=\"elementor-element elementor-element-5008d8f2 e-con-full e-flex e-con e-parent\" data-id=\"5008d8f2\" data-element_type=\"container\" data-e-type=\"container\">\n\t\t\t\t<div class=\"elementor-element elementor-element-3d552f48 elementor-align-left elementor-widget elementor-widget-button\" data-id=\"3d552f48\" data-element_type=\"widget\" data-e-type=\"widget\" data-widget_type=\"button.default\">\n\t\t\t\t<div class=\"elementor-widget-container\">\n\t\t\t\t\t\t\t\t\t<div class=\"elementor-button-wrapper\">\n\t\t\t\t\t<a class=\"elementor-button elementor-button-link elementor-size-sm\" href=\"https:\/\/tdmed.es\/tr\/iletisim\/\">\n\t\t\t\t\t\t<span class=\"elementor-button-content-wrapper\">\n\t\t\t\t\t\t\t\t\t<span class=\"elementor-button-text\">MESAJ G\u00d6NDER<\/span>\n\t\t\t\t\t<\/span>\n\t\t\t\t\t<\/a>\n\t\t\t\t<\/div>\n\t\t\t\t\t\t\t\t<\/div>\n\t\t\t\t<\/div>\n\t\t\t\t<\/div>\n\t\t\t\t\t<\/div>\n\t\t\t\t<\/div>\n\t\t\t\t<\/div>\n\t\t","protected":false},"excerpt":{"rendered":"<p>\u00c7erez Politikas\u0131 \u00a0 Web sitemizi \u015fahsi herhangi bir bilgi vermeden ziyaret edebilir, \u00fcr\u00fcnlerimiz ve servislerimiz hakk\u0131nda bilgi alarak ihtiya\u00e7lar\u0131n\u0131z\u0131 kar\u015f\u0131layabilirsiniz. Ziyaretlerde site kullan\u0131m\u0131na ili\u015fkin bilgi &#8230; <\/p>\n<p class=\"read-more-container\"><a title=\"\u00c7erez Politikas\u0131\" class=\"read-more button\" href=\"https:\/\/tdmed.es\/tr\/cerez-politikasi\/#more-60293\" aria-label=\"Read more about \u00c7erez Politikas\u0131\">Read more<\/a><\/p>\n","protected":false},"author":313,"featured_media":0,"parent":0,"menu_order":0,"comment_status":"closed","ping_status":"closed","template":"","meta":{"_joinchat":[],"footnotes":""},"class_list":["post-60293","page","type-page","status-publish"],"yoast_head":"<!-- This site is optimized with the Yoast SEO Premium plugin v27.3 (Yoast SEO v27.3) - https:\/\/yoast.com\/product\/yoast-seo-premium-wordpress\/ -->\n<title>\u00c7erez Politikas\u0131 - TDMED<\/title>\n<meta name=\"robots\" content=\"noindex, nofollow\" \/>\n<meta property=\"og:locale\" content=\"tr_TR\" \/>\n<meta property=\"og:type\" content=\"article\" \/>\n<meta property=\"og:title\" content=\"\u00c7erez Politikas\u0131\" \/>\n<meta property=\"og:description\" content=\"\u00c7erez Politikas\u0131 \u00a0 Web sitemizi \u015fahsi herhangi bir bilgi vermeden ziyaret edebilir, \u00fcr\u00fcnlerimiz ve servislerimiz hakk\u0131nda bilgi alarak ihtiya\u00e7lar\u0131n\u0131z\u0131 kar\u015f\u0131layabilirsiniz. Ziyaretlerde site kullan\u0131m\u0131na ili\u015fkin bilgi ... Read more\" \/>\n<meta property=\"og:url\" content=\"https:\/\/tdmed.es\/tr\/cerez-politikasi\/\" \/>\n<meta property=\"og:site_name\" content=\"TDMED\" \/>\n<meta property=\"article:modified_time\" content=\"2023-05-22T16:10:22+00:00\" \/>\n<meta name=\"twitter:card\" content=\"summary_large_image\" \/>\n<script type=\"application\/ld+json\" class=\"yoast-schema-graph\">{\"@context\":\"https:\\\/\\\/schema.org\",\"@graph\":[{\"@type\":\"WebPage\",\"@id\":\"https:\\\/\\\/tdmed.es\\\/tr\\\/cerez-politikasi\\\/\",\"url\":\"https:\\\/\\\/tdmed.es\\\/tr\\\/cerez-politikasi\\\/\",\"name\":\"\u00c7erez Politikas\u0131 - TDMED\",\"isPartOf\":{\"@id\":\"https:\\\/\\\/tdmed.es\\\/tr\\\/#website\"},\"datePublished\":\"2019-04-04T23:00:16+00:00\",\"dateModified\":\"2023-05-22T16:10:22+00:00\",\"breadcrumb\":{\"@id\":\"https:\\\/\\\/tdmed.es\\\/tr\\\/cerez-politikasi\\\/#breadcrumb\"},\"inLanguage\":\"tr\",\"potentialAction\":[{\"@type\":\"ReadAction\",\"target\":[\"https:\\\/\\\/tdmed.es\\\/tr\\\/cerez-politikasi\\\/\"]}]},{\"@type\":\"BreadcrumbList\",\"@id\":\"https:\\\/\\\/tdmed.es\\\/tr\\\/cerez-politikasi\\\/#breadcrumb\",\"itemListElement\":[{\"@type\":\"ListItem\",\"position\":1,\"name\":\"Portada\",\"item\":\"https:\\\/\\\/tdmed.es\\\/tr\\\/\"},{\"@type\":\"ListItem\",\"position\":2,\"name\":\"\u00c7erez Politikas\u0131\"}]},{\"@type\":\"WebSite\",\"@id\":\"https:\\\/\\\/tdmed.es\\\/tr\\\/#website\",\"url\":\"https:\\\/\\\/tdmed.es\\\/tr\\\/\",\"name\":\"TDMED\",\"description\":\"TDMED\",\"publisher\":{\"@id\":\"https:\\\/\\\/tdmed.es\\\/tr\\\/#organization\"},\"potentialAction\":[{\"@type\":\"SearchAction\",\"target\":{\"@type\":\"EntryPoint\",\"urlTemplate\":\"https:\\\/\\\/tdmed.es\\\/tr\\\/?s={search_term_string}\"},\"query-input\":{\"@type\":\"PropertyValueSpecification\",\"valueRequired\":true,\"valueName\":\"search_term_string\"}}],\"inLanguage\":\"tr\"},{\"@type\":\"Organization\",\"@id\":\"https:\\\/\\\/tdmed.es\\\/tr\\\/#organization\",\"name\":\"TransDiesel\",\"url\":\"https:\\\/\\\/tdmed.es\\\/tr\\\/\",\"logo\":{\"@type\":\"ImageObject\",\"inLanguage\":\"tr\",\"@id\":\"https:\\\/\\\/tdmed.es\\\/tr\\\/#\\\/schema\\\/logo\\\/image\\\/\",\"url\":\"https:\\\/\\\/tdmed.es\\\/wp-content\\\/uploads\\\/2018\\\/12\\\/NewLogo.png\",\"contentUrl\":\"https:\\\/\\\/tdmed.es\\\/wp-content\\\/uploads\\\/2018\\\/12\\\/NewLogo.png\",\"width\":800,\"height\":140,\"caption\":\"TransDiesel\"},\"image\":{\"@id\":\"https:\\\/\\\/tdmed.es\\\/tr\\\/#\\\/schema\\\/logo\\\/image\\\/\"}}]}<\/script>\n<!-- \/ Yoast SEO Premium plugin. -->","yoast_head_json":{"title":"\u00c7erez Politikas\u0131 - TDMED","robots":{"index":"noindex","follow":"nofollow"},"og_locale":"tr_TR","og_type":"article","og_title":"\u00c7erez Politikas\u0131","og_description":"\u00c7erez Politikas\u0131 \u00a0 Web sitemizi \u015fahsi herhangi bir bilgi vermeden ziyaret edebilir, \u00fcr\u00fcnlerimiz ve servislerimiz hakk\u0131nda bilgi alarak ihtiya\u00e7lar\u0131n\u0131z\u0131 kar\u015f\u0131layabilirsiniz. Ziyaretlerde site kullan\u0131m\u0131na ili\u015fkin bilgi ... Read more","og_url":"https:\/\/tdmed.es\/tr\/cerez-politikasi\/","og_site_name":"TDMED","article_modified_time":"2023-05-22T16:10:22+00:00","twitter_card":"summary_large_image","schema":{"@context":"https:\/\/schema.org","@graph":[{"@type":"WebPage","@id":"https:\/\/tdmed.es\/tr\/cerez-politikasi\/","url":"https:\/\/tdmed.es\/tr\/cerez-politikasi\/","name":"\u00c7erez Politikas\u0131 - TDMED","isPartOf":{"@id":"https:\/\/tdmed.es\/tr\/#website"},"datePublished":"2019-04-04T23:00:16+00:00","dateModified":"2023-05-22T16:10:22+00:00","breadcrumb":{"@id":"https:\/\/tdmed.es\/tr\/cerez-politikasi\/#breadcrumb"},"inLanguage":"tr","potentialAction":[{"@type":"ReadAction","target":["https:\/\/tdmed.es\/tr\/cerez-politikasi\/"]}]},{"@type":"BreadcrumbList","@id":"https:\/\/tdmed.es\/tr\/cerez-politikasi\/#breadcrumb","itemListElement":[{"@type":"ListItem","position":1,"name":"Portada","item":"https:\/\/tdmed.es\/tr\/"},{"@type":"ListItem","position":2,"name":"\u00c7erez Politikas\u0131"}]},{"@type":"WebSite","@id":"https:\/\/tdmed.es\/tr\/#website","url":"https:\/\/tdmed.es\/tr\/","name":"TDMED","description":"TDMED","publisher":{"@id":"https:\/\/tdmed.es\/tr\/#organization"},"potentialAction":[{"@type":"SearchAction","target":{"@type":"EntryPoint","urlTemplate":"https:\/\/tdmed.es\/tr\/?s={search_term_string}"},"query-input":{"@type":"PropertyValueSpecification","valueRequired":true,"valueName":"search_term_string"}}],"inLanguage":"tr"},{"@type":"Organization","@id":"https:\/\/tdmed.es\/tr\/#organization","name":"TransDiesel","url":"https:\/\/tdmed.es\/tr\/","logo":{"@type":"ImageObject","inLanguage":"tr","@id":"https:\/\/tdmed.es\/tr\/#\/schema\/logo\/image\/","url":"https:\/\/tdmed.es\/wp-content\/uploads\/2018\/12\/NewLogo.png","contentUrl":"https:\/\/tdmed.es\/wp-content\/uploads\/2018\/12\/NewLogo.png","width":800,"height":140,"caption":"TransDiesel"},"image":{"@id":"https:\/\/tdmed.es\/tr\/#\/schema\/logo\/image\/"}}]}},"_links":{"self":[{"href":"https:\/\/tdmed.es\/tr\/wp-json\/wp\/v2\/pages\/60293","targetHints":{"allow":["GET"]}}],"collection":[{"href":"https:\/\/tdmed.es\/tr\/wp-json\/wp\/v2\/pages"}],"about":[{"href":"https:\/\/tdmed.es\/tr\/wp-json\/wp\/v2\/types\/page"}],"author":[{"embeddable":true,"href":"https:\/\/tdmed.es\/tr\/wp-json\/wp\/v2\/users\/313"}],"replies":[{"embeddable":true,"href":"https:\/\/tdmed.es\/tr\/wp-json\/wp\/v2\/comments?post=60293"}],"version-history":[{"count":0,"href":"https:\/\/tdmed.es\/tr\/wp-json\/wp\/v2\/pages\/60293\/revisions"}],"wp:attachment":[{"href":"https:\/\/tdmed.es\/tr\/wp-json\/wp\/v2\/media?parent=60293"}],"curies":[{"name":"wp","href":"https:\/\/api.w.org\/{rel}","templated":true}]}}