{"id":60285,"date":"2017-11-27T15:29:24","date_gmt":"2017-11-27T15:29:24","guid":{"rendered":"https:\/\/preprod.transdiesel.es\/politica-privacidad\/"},"modified":"2026-03-12T11:50:36","modified_gmt":"2026-03-12T10:50:36","slug":"gizlilik-politikasi","status":"publish","type":"page","link":"https:\/\/tdmed.es\/tr\/gizlilik-politikasi\/","title":{"rendered":"Gizlilik Politikasi"},"content":{"rendered":"\t\t<div data-elementor-type=\"wp-page\" data-elementor-id=\"60285\" class=\"elementor elementor-60285 elementor-3171\" data-elementor-post-type=\"page\">\n\t\t\t\t<div data-particle_enable=\"false\" data-particle-mobile-disabled=\"false\" class=\"elementor-element elementor-element-303fd57 e-flex e-con-boxed e-con e-parent\" data-id=\"303fd57\" data-element_type=\"container\" data-e-type=\"container\" data-settings=\"{&quot;background_background&quot;:&quot;classic&quot;}\">\n\t\t\t\t\t<div class=\"e-con-inner\">\n\t\t\t\t\t<\/div>\n\t\t\t\t<\/div>\n\t\t<div data-particle_enable=\"false\" data-particle-mobile-disabled=\"false\" class=\"elementor-element elementor-element-73aa0f4 e-flex e-con-boxed e-con e-parent\" data-id=\"73aa0f4\" data-element_type=\"container\" data-e-type=\"container\">\n\t\t\t\t\t<div class=\"e-con-inner\">\n\t\t\t\t<div class=\"elementor-element elementor-element-5f2ae16 elementor-widget elementor-widget-heading\" data-id=\"5f2ae16\" data-element_type=\"widget\" data-e-type=\"widget\" data-widget_type=\"heading.default\">\n\t\t\t\t<div class=\"elementor-widget-container\">\n\t\t\t\t\t<h1 class=\"elementor-heading-title elementor-size-default\"> Gizlilik Politikas\u0131<\/h1>\t\t\t\t<\/div>\n\t\t\t\t<\/div>\n\t\t\t\t<div class=\"elementor-element elementor-element-b51913c elementor-widget elementor-widget-text-editor\" data-id=\"b51913c\" data-element_type=\"widget\" data-e-type=\"widget\" data-widget_type=\"text-editor.default\">\n\t\t\t\t<div class=\"elementor-widget-container\">\n\t\t\t\t\t\t\t\t\t<h2><span style=\"font-size: 16px;\"><strong>K\u0130\u015e\u0130SEL VER\u0130LER\u0130N \u0130\u015eLENMES\u0130<\/strong><\/span><\/h2><p><span style=\"font-size: 16px;\"><strong>TDMED POWER SYSTEMS<\/strong> ilgili ki\u015finin ki\u015fisel verilerinin i\u015flenmesinden sorumludur ve bu verilerin mevcut ki\u015fisel veri koruma mevzuat\u0131, 27 Nisan 2016 tarihli Avrupa Parlamentosu ve Konseyi&#8217;nin (AB) 2016\/679 say\u0131l\u0131 Ki\u015fisel verilerin i\u015flenmesi bak\u0131m\u0131ndan ger\u00e7ek ki\u015filerin korunmas\u0131 ve bu verilerin serbest dola\u015f\u0131m\u0131 ile ilgili T\u00fcz\u00fck h\u00fck\u00fcmlerine uygun olarak i\u015flenece\u011fini bildirir. <\/span><\/p><h3><span style=\"font-size: 16px;\"><strong>Ki\u015fisel veri korunmas\u0131 hakk\u0131nda bilgi<\/strong><\/span><\/h3><ul><li><span style=\"font-size: 16px;\">Ki\u015fisel verilerin al\u0131nmas\u0131<\/span><\/li><li><span style=\"font-size: 16px;\">Ki\u015fisel verilerinizin i\u015flenmesinden sorumlu<\/span><\/li><li><span style=\"font-size: 16px;\">Ki\u015fisel veri i\u015flemenin amac\u0131<\/span><\/li><li><span style=\"font-size: 16px;\">Ki\u015fisel veri i\u015flemenin me\u015fruiyeti<\/span><\/li><li><span style=\"font-size: 16px;\">Ki\u015fisel verilerin al\u0131c\u0131lar\u0131<\/span><\/li><li><span style=\"font-size: 16px;\">Veri saklama s\u00fcresi<\/span><\/li><li><span style=\"font-size: 16px;\">\u0130lgili ki\u015finin haklar\u0131<\/span><\/li><li><span style=\"font-size: 16px;\">G\u00fcvenlik \u00f6nlemleri<\/span><\/li><li><span style=\"font-size: 16px;\">G\u00fcvenlik ve veri koruma politikas\u0131ndaki de\u011fi\u015fiklikler<\/span><\/li><\/ul><h3><span style=\"font-size: 16px;\"><strong>Ki\u015fisel verilerin al\u0131nmas\u0131<\/strong><\/span><\/h3><p><span style=\"font-size: 16px;\"><strong>TDMED POWER SYSTEMS<\/strong>&#8216;de i\u015flenen t\u00fcm ki\u015fisel veriler ilgili ki\u015filerin kendileri veya yasal temsilcileri taraf\u0131ndan sa\u011flan\u0131r.<\/span><\/p><h3><span style=\"font-size: 16px;\"><strong>Ki\u015fisel verilerinizin i\u015flenmesinden sorumlu<\/strong><\/span><\/h3><ul><li><span style=\"font-size: 16px;\"><strong><em>Kimlik<\/em><\/strong>: <strong>TDMED POWER SYSTEMS<\/strong><\/span><\/li><li><span style=\"font-size: 16px;\"><strong><em>Vergi Numaras\u0131<\/em><\/strong>: B82545377<\/span><\/li><li><span style=\"font-size: 16px;\"><strong><em>Posta adresi<\/em><\/strong><strong>:<\/strong>CALLE COPERNICO 26, 28823 COSLADA-MADRID<\/span><\/li><li><span style=\"font-size: 16px;\"><strong><em>Telefon<\/em><\/strong>: 916737012<\/span><\/li><li><span style=\"font-size: 16px;\"><strong><em>E-posta<\/em><\/strong>: contabilidad@casli.es<\/span><\/li><\/ul><h3><span style=\"font-size: 16px;\"><strong>Ki\u015fisel veri i\u015flemenin amac\u0131<\/strong><\/span><\/h3><ul><li><span style=\"font-size: 16px;\"><strong><em>Personel verileri<\/em><\/strong>: \u00e7al\u0131\u015fanlar\u0131m\u0131zla olan s\u00f6zle\u015fmeli ili\u015fkinin bak\u0131m\u0131, geli\u015ftirilmesi, yerine getirilmesi ve kontrol\u00fc i\u00e7in, ayr\u0131ca uygulanabilir i\u015f\u00e7ilik, Sosyal G\u00fcvenlik ve Meslek Riski \u00d6nleme konular\u0131nda mevcut mevzuata uygunluk i\u00e7in.<\/span><\/li><li><span style=\"font-size: 16px;\"><strong><em>Aday verileri<\/em><\/strong>: \u015firket taraf\u0131ndan ger\u00e7ekle\u015ftirilen personel se\u00e7im s\u00fcre\u00e7lerinde ilgili ki\u015filerin kat\u0131l\u0131m\u0131n\u0131 y\u00f6netmek i\u00e7in.<\/span><\/li><li><span style=\"font-size: 16px;\"><strong><em>M\u00fc\u015fteri verileri<\/em><\/strong>: m\u00fc\u015fterilerle olan s\u00f6zle\u015fmeli ili\u015fkinin ve talep ettikleri hizmetlerin uygun bak\u0131m\u0131, geli\u015ftirilmesi, yerine getirilmesi ve kontrol\u00fc i\u00e7in.<\/span><\/li><li><span style=\"font-size: 16px;\"><strong><em>Tedarik\u00e7i verileri<\/em><\/strong>: tedarik\u00e7ilerimizle olan s\u00f6zle\u015fmeli ili\u015fkinin ve bize sa\u011flad\u0131klar\u0131 hizmetlerin uygun bak\u0131m\u0131, geli\u015ftirilmesi, yerine getirilmesi ve kontrol\u00fc i\u00e7in.<\/span><\/li><li><span style=\"font-size: 16px;\"><strong><em>\u0130leti\u015fim b\u00f6l\u00fcm\u00fc verileri<\/em><\/strong>: kullan\u0131c\u0131lar taraf\u0131ndan web sitesi arac\u0131l\u0131\u011f\u0131yla yap\u0131lan dan\u0131\u015fmalar, \u015fikayetler, \u00f6neriler ve talepleri y\u00f6netmek ve yan\u0131tlamak i\u00e7in.<\/span><\/li><li><span style=\"font-size: 16px;\"><strong><em>M\u00fc\u015fteri \u015fikayetleri ve dan\u0131\u015fma verileri<\/em><\/strong>: m\u00fc\u015fteri \u015fikayetlerini ve dan\u0131\u015fmalar\u0131n\u0131 y\u00f6netmek i\u00e7in.<\/span><\/li><\/ul><h3><span style=\"font-size: 16px;\"><strong>Ki\u015fisel veri i\u015flemenin me\u015fruiyeti<\/strong><\/span><\/h3><ul><li><span style=\"font-size: 16px;\"><strong><em>Personel verileri<\/em><\/strong>: tedarik\u00e7inin ki\u015fisel verilerinin i\u015flenmesinin temeli \u015firket ile \u00e7al\u0131\u015fanlar\u0131 aras\u0131ndaki i\u015f s\u00f6zle\u015fmesinin icras\u0131d\u0131r.<\/span><\/li><li><span style=\"font-size: 16px;\"><strong><em>Aday verileri<\/em><\/strong>: ilgili ki\u015finin ki\u015fisel verilerinin i\u015flenmesi i\u00e7in yasal veya hukuki temel, ger\u00e7ekle\u015ftirdi\u011fimiz personel se\u00e7im s\u00fcre\u00e7lerine kat\u0131lmak i\u00e7in bize \u00f6zge\u00e7mi\u015flerini verirken sa\u011flad\u0131klar\u0131 r\u0131zad\u0131r.<\/span><\/li><li><span style=\"font-size: 16px;\"><strong><em>M\u00fc\u015fteri verileri<\/em><\/strong>: m\u00fc\u015fterilerin ki\u015fisel verilerinin i\u015flenmesi i\u00e7in yasal veya hukuki temel yapt\u0131klar\u0131 s\u00f6zle\u015fme veya sipari\u015flerin icras\u0131d\u0131r.<\/span><\/li><li><span style=\"font-size: 16px;\"><strong><em>Tedarik\u00e7i verileri<\/em><\/strong>: tedarik\u00e7ilerin ki\u015fisel verilerinin i\u015flenmesi i\u00e7in yasal veya hukuki temel \u015firketle mevcut s\u00f6zle\u015fme veya ticari ili\u015fkinin icras\u0131d\u0131r.<\/span><\/li><li><span style=\"font-size: 16px;\"><strong><em>\u0130leti\u015fim b\u00f6l\u00fcm\u00fc verileri<\/em><\/strong>: ki\u015fisel verilerin i\u015flenmesi i\u00e7in yasal veya hukuki temel bu ama\u00e7 i\u00e7in haz\u0131rlanan formu doldururken verilen r\u0131zad\u0131r.<\/span><\/li><li><span style=\"font-size: 16px;\"><strong><em>M\u00fc\u015fteri \u015fikayetleri ve dan\u0131\u015fma verileri<\/em><\/strong>: ki\u015fisel verilerin i\u015flenmesi i\u00e7in yasal veya hukuki temel bu ama\u00e7 i\u00e7in haz\u0131rlanan formu doldururken verilen r\u0131zad\u0131r.<\/span><\/li><\/ul><h3><span style=\"font-size: 16px;\"><strong>Ki\u015fisel verilerin al\u0131c\u0131lar\u0131<\/strong><\/span><\/h3><p><span style=\"font-size: 16px;\">\u00c7al\u0131\u015fanlar, adaylar, m\u00fc\u015fteriler, tedarik\u00e7iler ve di\u011fer ilgili ki\u015filerin (Newsletter, m\u00fcze ziyaretleri vb.) ki\u015fisel verileri \u015funlara iletilebilir:<\/span><\/p><ul><li><span style=\"font-size: 16px;\">\u0130\u00e7 y\u00f6netim ama\u00e7lar\u0131 i\u00e7in <strong>GRUPO CASLI<\/strong>&#8216;nin di\u011fer \u015firketleri.<\/span><\/li><li><span style=\"font-size: 16px;\">S\u00f6zle\u015fmeli ili\u015fkiyle ilgili hizmet sa\u011flama i\u00e7in \u00fc\u00e7\u00fcnc\u00fc taraflar.<\/span><\/li><\/ul><h3><span style=\"font-size: 16px;\"><strong>Veri saklama s\u00fcresi<\/strong><\/span><\/h3><ul><li><span style=\"font-size: 16px;\"><strong><em>Personel verileri<\/em><\/strong>: \u00e7al\u0131\u015fanlar\u0131n ki\u015fisel verileri i\u015f s\u00f6zle\u015fmesi ili\u015fkisinin ge\u00e7erlilik s\u00fcresi boyunca ve bu sona erdikten sonra, uygulanabilir yasal h\u00fck\u00fcmler taraf\u0131ndan belirlenen sorumluluk zamana\u015f\u0131m\u0131 s\u00fcreleri boyunca saklanacakt\u0131r.<\/span><\/li><li><span style=\"font-size: 16px;\"><strong><em>Aday verileri<\/em><\/strong>: adaylar\u0131n ki\u015fisel verileri se\u00e7im s\u00fcreci boyunca saklanacakt\u0131r. S\u00fcre\u00e7 sona erdikten sonra ve se\u00e7ilmemeniz durumunda, gelecekteki se\u00e7im s\u00fcre\u00e7leri i\u00e7in dosyan\u0131z\u0131 saklayaca\u011f\u0131z.<\/span><\/li><li><span style=\"font-size: 16px;\"><strong><em>M\u00fc\u015fteri ve tedarik\u00e7i verileri<\/em><\/strong>: ki\u015fisel verileriniz ilgili s\u00f6zle\u015fmeli ili\u015fkinin ge\u00e7erlilik s\u00fcresi boyunca ve bu sona erdikten sonra, uygulanabilir yasal h\u00fck\u00fcmler taraf\u0131ndan belirlenen sorumluluk zamana\u015f\u0131m\u0131 s\u00fcreleri boyunca saklanacakt\u0131r.<\/span><\/li><li><span style=\"font-size: 16px;\"><strong><em>\u0130leti\u015fim b\u00f6l\u00fcm\u00fc verileri<\/em><\/strong>: kullan\u0131c\u0131lar bizimle ileti\u015fime ge\u00e7erken sa\u011flad\u0131klar\u0131 ki\u015fisel veriler yaln\u0131zca bize yapt\u0131klar\u0131 talebin y\u00f6netimi s\u0131ras\u0131nda saklanacak, b\u00f6ylece i\u015flemi tamamland\u0131ktan sonra silinecektir.<\/span><\/li><li><span style=\"font-size: 16px;\"><strong><em>M\u00fc\u015fteri \u015fikayetleri ve dan\u0131\u015fma verileri<\/em><\/strong>: kullan\u0131c\u0131lar bizimle ileti\u015fime ge\u00e7erken sa\u011flad\u0131klar\u0131 ki\u015fisel veriler yaln\u0131zca bize yapt\u0131klar\u0131 talebin y\u00f6netimi s\u0131ras\u0131nda saklanacak, b\u00f6ylece i\u015flemi tamamland\u0131ktan sonra silinecektir.<\/span><\/li><\/ul><h3><span style=\"font-size: 16px;\"><strong>\u0130lgili ki\u015finin haklar\u0131<\/strong><\/span><\/h3><p><span style=\"font-size: 16px;\">\u0130lgili Ki\u015fi, ki\u015fisel verilerinin i\u015flenmesi ile ilgili olarak GDPR&#8217;de \u00f6ng\u00f6r\u00fclen a\u015fa\u011f\u0131daki haklar\u0131 her zaman kullanabilir:<\/span><\/p><ul><li><span style=\"font-size: 16px;\"><em>Ki\u015fisel verilerine eri\u015fim talep etme hakk\u0131.<\/em><\/span><\/li><li><span style=\"font-size: 16px;\"><em>D\u00fczeltme veya silme talep etme hakk\u0131.<\/em><\/span><\/li><li><span style=\"font-size: 16px;\"><em>\u0130\u015flemenin s\u0131n\u0131rland\u0131r\u0131lmas\u0131n\u0131 talep etme hakk\u0131.<\/em><\/span><\/li><li><span style=\"font-size: 16px;\"><em>\u0130\u015flemeye kar\u015f\u0131 \u00e7\u0131kma hakk\u0131.<\/em><\/span><\/li><li><span style=\"font-size: 16px;\"><em>Veri ta\u015f\u0131nabilirli\u011fi hakk\u0131.<\/em><\/span><\/li><\/ul><p><span style=\"font-size: 16px;\">Bu haklar <strong>TDMED POWER SYSTEMS<\/strong>&#8216;e CALLE COPERNICO 26, 28823,COSLADA-MADRID adresine y\u00f6nelik bir ileti\u015fim yoluyla kullan\u0131labilir.<\/span><\/p><h3><span style=\"font-size: 16px;\"><strong>G\u00fcvenlik \u00f6nlemleri<\/strong><\/span><\/h3><p><span style=\"font-size: 16px;\"><strong>TDMED POWER SYSTEMS S.L<\/strong>, i\u015flenen ki\u015fisel verilerin niteli\u011fi ve i\u015fleme ko\u015fullar\u0131na g\u00f6re, m\u00fcmk\u00fcn oldu\u011funca ve her zaman tekni\u011fin durumuna g\u00f6re de\u011fi\u015fiklik, kay\u0131p, i\u015fleme veya yetkisiz eri\u015fimi \u00f6nlemek amac\u0131yla uygun bir g\u00fcvenlik seviyesini garanti etmek i\u00e7in uygun teknik ve organizasyonel \u00f6nlemleri alm\u0131\u015ft\u0131r.<\/span><\/p><p><span style=\"font-size: 16px;\">Ayr\u0131ca, <strong>TDMED POWER SYSTEMS<\/strong>\u00a0\u015fu mekanizmalar\u0131 uygulad\u0131\u011f\u0131n\u0131 garanti eder:<\/span><\/p><ol><li><span style=\"font-size: 16px;\">\u0130\u015fleme sistemleri ve hizmetlerinin kal\u0131c\u0131 gizlilik, b\u00fct\u00fcnl\u00fck, kullan\u0131labilirlik ve diren\u00e7lili\u011fini garanti etmek.<\/span><\/li><li><span style=\"font-size: 16px;\">Fiziksel veya teknik olay durumunda ki\u015fisel verilere eri\u015fim ve kullan\u0131labilirli\u011fi h\u0131zla geri y\u00fcklemek.<\/span><\/li><li><span style=\"font-size: 16px;\">Veri i\u015flemenin g\u00fcvenli\u011fini garanti etmek i\u00e7in uygulanan teknik ve organizasyonel \u00f6nlemlerin etkinli\u011fini d\u00fczenli olarak do\u011frulamak ve kontrol etmek.<\/span><\/li><\/ol><h3><span style=\"font-size: 16px;\"><strong>G\u00fcvenlik ve veri koruma politikas\u0131ndaki de\u011fi\u015fiklikler<\/strong><\/span><\/h3><p><span style=\"font-size: 16px;\"><strong>TDMED POWER SYSTEMS<\/strong>, g\u00fcvenlik ve veri koruma politikas\u0131n\u0131 yasal veya i\u00e7tihat de\u011fi\u015fikliklerine, konuyla ilgili mevcut tip kodlardan t\u00fcreyebileceklere veya stratejik kurumsal kararlara uyarlamak amac\u0131yla de\u011fi\u015ftirme hakk\u0131n\u0131 sakl\u0131 tutar; bu de\u011fi\u015fiklik <strong>TDMED POWER SYSTEMS<\/strong>\u00a0web sitesinde yay\u0131nlanma tarihinden itibaren ge\u00e7erli olur.<\/span><\/p>\t\t\t\t\t\t\t\t<\/div>\n\t\t\t\t<\/div>\n\t\t\t\t\t<\/div>\n\t\t\t\t<\/div>\n\t\t\t\t<\/div>\n\t\t","protected":false},"excerpt":{"rendered":"<p>Gizlilik Politikas\u0131 K\u0130\u015e\u0130SEL VER\u0130LER\u0130N \u0130\u015eLENMES\u0130 TDMED POWER SYSTEMS ilgili ki\u015finin ki\u015fisel verilerinin i\u015flenmesinden sorumludur ve bu verilerin mevcut ki\u015fisel veri koruma mevzuat\u0131, 27 Nisan 2016 &#8230; <\/p>\n<p class=\"read-more-container\"><a title=\"Gizlilik Politikasi\" class=\"read-more button\" href=\"https:\/\/tdmed.es\/tr\/gizlilik-politikasi\/#more-60285\" aria-label=\"Read more about Gizlilik Politikasi\">Read more<\/a><\/p>\n","protected":false},"author":313,"featured_media":0,"parent":0,"menu_order":0,"comment_status":"closed","ping_status":"closed","template":"","meta":{"_joinchat":[],"footnotes":""},"class_list":["post-60285","page","type-page","status-publish"],"yoast_head":"<!-- This site is optimized with the Yoast SEO Premium plugin v27.3 (Yoast SEO v27.3) - https:\/\/yoast.com\/product\/yoast-seo-premium-wordpress\/ -->\n<title>Gizlilik Politikasi - TDMED<\/title>\n<meta name=\"description\" content=\"Gizlilik Politikas\u0131\" \/>\n<meta name=\"robots\" content=\"index, follow, max-snippet:-1, max-image-preview:large, max-video-preview:-1\" \/>\n<link rel=\"canonical\" href=\"https:\/\/tdmed.es\/tr\/gizlilik-politikasi\/\" \/>\n<meta property=\"og:locale\" content=\"tr_TR\" \/>\n<meta property=\"og:type\" content=\"article\" \/>\n<meta property=\"og:title\" content=\"Gizlilik Politikasi\" \/>\n<meta property=\"og:description\" content=\"Gizlilik Politikas\u0131\" \/>\n<meta property=\"og:url\" content=\"https:\/\/tdmed.es\/tr\/gizlilik-politikasi\/\" \/>\n<meta property=\"og:site_name\" content=\"TDMED\" \/>\n<meta property=\"article:modified_time\" content=\"2026-03-12T10:50:36+00:00\" \/>\n<meta name=\"twitter:card\" content=\"summary_large_image\" \/>\n<script type=\"application\/ld+json\" class=\"yoast-schema-graph\">{\"@context\":\"https:\\\/\\\/schema.org\",\"@graph\":[{\"@type\":\"WebPage\",\"@id\":\"https:\\\/\\\/tdmed.es\\\/tr\\\/gizlilik-politikasi\\\/\",\"url\":\"https:\\\/\\\/tdmed.es\\\/tr\\\/gizlilik-politikasi\\\/\",\"name\":\"Gizlilik Politikasi - TDMED\",\"isPartOf\":{\"@id\":\"https:\\\/\\\/tdmed.es\\\/tr\\\/#website\"},\"datePublished\":\"2017-11-27T15:29:24+00:00\",\"dateModified\":\"2026-03-12T10:50:36+00:00\",\"description\":\"Gizlilik Politikas\u0131\",\"breadcrumb\":{\"@id\":\"https:\\\/\\\/tdmed.es\\\/tr\\\/gizlilik-politikasi\\\/#breadcrumb\"},\"inLanguage\":\"tr\",\"potentialAction\":[{\"@type\":\"ReadAction\",\"target\":[\"https:\\\/\\\/tdmed.es\\\/tr\\\/gizlilik-politikasi\\\/\"]}]},{\"@type\":\"BreadcrumbList\",\"@id\":\"https:\\\/\\\/tdmed.es\\\/tr\\\/gizlilik-politikasi\\\/#breadcrumb\",\"itemListElement\":[{\"@type\":\"ListItem\",\"position\":1,\"name\":\"Portada\",\"item\":\"https:\\\/\\\/tdmed.es\\\/tr\\\/\"},{\"@type\":\"ListItem\",\"position\":2,\"name\":\"Gizlilik Politikasi\"}]},{\"@type\":\"WebSite\",\"@id\":\"https:\\\/\\\/tdmed.es\\\/tr\\\/#website\",\"url\":\"https:\\\/\\\/tdmed.es\\\/tr\\\/\",\"name\":\"TDMED\",\"description\":\"TDMED\",\"publisher\":{\"@id\":\"https:\\\/\\\/tdmed.es\\\/tr\\\/#organization\"},\"potentialAction\":[{\"@type\":\"SearchAction\",\"target\":{\"@type\":\"EntryPoint\",\"urlTemplate\":\"https:\\\/\\\/tdmed.es\\\/tr\\\/?s={search_term_string}\"},\"query-input\":{\"@type\":\"PropertyValueSpecification\",\"valueRequired\":true,\"valueName\":\"search_term_string\"}}],\"inLanguage\":\"tr\"},{\"@type\":\"Organization\",\"@id\":\"https:\\\/\\\/tdmed.es\\\/tr\\\/#organization\",\"name\":\"TransDiesel\",\"url\":\"https:\\\/\\\/tdmed.es\\\/tr\\\/\",\"logo\":{\"@type\":\"ImageObject\",\"inLanguage\":\"tr\",\"@id\":\"https:\\\/\\\/tdmed.es\\\/tr\\\/#\\\/schema\\\/logo\\\/image\\\/\",\"url\":\"https:\\\/\\\/tdmed.es\\\/wp-content\\\/uploads\\\/2018\\\/12\\\/NewLogo.png\",\"contentUrl\":\"https:\\\/\\\/tdmed.es\\\/wp-content\\\/uploads\\\/2018\\\/12\\\/NewLogo.png\",\"width\":800,\"height\":140,\"caption\":\"TransDiesel\"},\"image\":{\"@id\":\"https:\\\/\\\/tdmed.es\\\/tr\\\/#\\\/schema\\\/logo\\\/image\\\/\"}}]}<\/script>\n<!-- \/ Yoast SEO Premium plugin. -->","yoast_head_json":{"title":"Gizlilik Politikasi - TDMED","description":"Gizlilik Politikas\u0131","robots":{"index":"index","follow":"follow","max-snippet":"max-snippet:-1","max-image-preview":"max-image-preview:large","max-video-preview":"max-video-preview:-1"},"canonical":"https:\/\/tdmed.es\/tr\/gizlilik-politikasi\/","og_locale":"tr_TR","og_type":"article","og_title":"Gizlilik Politikasi","og_description":"Gizlilik Politikas\u0131","og_url":"https:\/\/tdmed.es\/tr\/gizlilik-politikasi\/","og_site_name":"TDMED","article_modified_time":"2026-03-12T10:50:36+00:00","twitter_card":"summary_large_image","schema":{"@context":"https:\/\/schema.org","@graph":[{"@type":"WebPage","@id":"https:\/\/tdmed.es\/tr\/gizlilik-politikasi\/","url":"https:\/\/tdmed.es\/tr\/gizlilik-politikasi\/","name":"Gizlilik Politikasi - TDMED","isPartOf":{"@id":"https:\/\/tdmed.es\/tr\/#website"},"datePublished":"2017-11-27T15:29:24+00:00","dateModified":"2026-03-12T10:50:36+00:00","description":"Gizlilik Politikas\u0131","breadcrumb":{"@id":"https:\/\/tdmed.es\/tr\/gizlilik-politikasi\/#breadcrumb"},"inLanguage":"tr","potentialAction":[{"@type":"ReadAction","target":["https:\/\/tdmed.es\/tr\/gizlilik-politikasi\/"]}]},{"@type":"BreadcrumbList","@id":"https:\/\/tdmed.es\/tr\/gizlilik-politikasi\/#breadcrumb","itemListElement":[{"@type":"ListItem","position":1,"name":"Portada","item":"https:\/\/tdmed.es\/tr\/"},{"@type":"ListItem","position":2,"name":"Gizlilik Politikasi"}]},{"@type":"WebSite","@id":"https:\/\/tdmed.es\/tr\/#website","url":"https:\/\/tdmed.es\/tr\/","name":"TDMED","description":"TDMED","publisher":{"@id":"https:\/\/tdmed.es\/tr\/#organization"},"potentialAction":[{"@type":"SearchAction","target":{"@type":"EntryPoint","urlTemplate":"https:\/\/tdmed.es\/tr\/?s={search_term_string}"},"query-input":{"@type":"PropertyValueSpecification","valueRequired":true,"valueName":"search_term_string"}}],"inLanguage":"tr"},{"@type":"Organization","@id":"https:\/\/tdmed.es\/tr\/#organization","name":"TransDiesel","url":"https:\/\/tdmed.es\/tr\/","logo":{"@type":"ImageObject","inLanguage":"tr","@id":"https:\/\/tdmed.es\/tr\/#\/schema\/logo\/image\/","url":"https:\/\/tdmed.es\/wp-content\/uploads\/2018\/12\/NewLogo.png","contentUrl":"https:\/\/tdmed.es\/wp-content\/uploads\/2018\/12\/NewLogo.png","width":800,"height":140,"caption":"TransDiesel"},"image":{"@id":"https:\/\/tdmed.es\/tr\/#\/schema\/logo\/image\/"}}]}},"_links":{"self":[{"href":"https:\/\/tdmed.es\/tr\/wp-json\/wp\/v2\/pages\/60285","targetHints":{"allow":["GET"]}}],"collection":[{"href":"https:\/\/tdmed.es\/tr\/wp-json\/wp\/v2\/pages"}],"about":[{"href":"https:\/\/tdmed.es\/tr\/wp-json\/wp\/v2\/types\/page"}],"author":[{"embeddable":true,"href":"https:\/\/tdmed.es\/tr\/wp-json\/wp\/v2\/users\/313"}],"replies":[{"embeddable":true,"href":"https:\/\/tdmed.es\/tr\/wp-json\/wp\/v2\/comments?post=60285"}],"version-history":[{"count":0,"href":"https:\/\/tdmed.es\/tr\/wp-json\/wp\/v2\/pages\/60285\/revisions"}],"wp:attachment":[{"href":"https:\/\/tdmed.es\/tr\/wp-json\/wp\/v2\/media?parent=60285"}],"curies":[{"name":"wp","href":"https:\/\/api.w.org\/{rel}","templated":true}]}}