{"id":109639,"date":"2025-07-22T16:29:06","date_gmt":"2025-07-22T14:29:06","guid":{"rendered":"https:\/\/preprod.transdiesel.es\/haberler\/"},"modified":"2026-03-12T11:20:45","modified_gmt":"2026-03-12T10:20:45","slug":"haberler","status":"publish","type":"page","link":"https:\/\/tdmed.es\/tr\/haberler\/","title":{"rendered":"Haberler"},"content":{"rendered":"\t\t<div data-elementor-type=\"wp-page\" data-elementor-id=\"109639\" class=\"elementor elementor-109639 elementor-108516\" data-elementor-post-type=\"page\">\n\t\t\t\t<div data-particle_enable=\"false\" data-particle-mobile-disabled=\"false\" class=\"elementor-element elementor-element-fc286fd e-flex e-con-boxed e-con e-parent\" data-id=\"fc286fd\" data-element_type=\"container\" data-e-type=\"container\" data-settings=\"{&quot;background_background&quot;:&quot;classic&quot;}\">\n\t\t\t\t\t<div class=\"e-con-inner\">\n\t\t\t\t\t<\/div>\n\t\t\t\t<\/div>\n\t\t<div data-particle_enable=\"false\" data-particle-mobile-disabled=\"false\" class=\"elementor-element elementor-element-f0df74c e-flex e-con-boxed e-con e-parent\" data-id=\"f0df74c\" data-element_type=\"container\" data-e-type=\"container\">\n\t\t\t\t\t<div class=\"e-con-inner\">\n\t\t<div data-particle_enable=\"false\" data-particle-mobile-disabled=\"false\" class=\"elementor-element elementor-element-a446c88 e-con-full e-flex e-con e-child\" data-id=\"a446c88\" data-element_type=\"container\" data-e-type=\"container\">\n\t\t\t\t<div class=\"elementor-element elementor-element-f63e634 elementor-widget__width-initial elementor-widget-tablet__width-inherit elementor-widget elementor-widget-heading\" data-id=\"f63e634\" data-element_type=\"widget\" data-e-type=\"widget\" data-widget_type=\"heading.default\">\n\t\t\t\t<div class=\"elementor-widget-container\">\n\t\t\t\t\t<h1 class=\"elementor-heading-title elementor-size-default\">Haberler<\/h1>\t\t\t\t<\/div>\n\t\t\t\t<\/div>\n\t\t\t\t<div class=\"elementor-element elementor-element-99ca539 elementor-widget elementor-widget-text-editor\" data-id=\"99ca539\" data-element_type=\"widget\" data-e-type=\"widget\" data-widget_type=\"text-editor.default\">\n\t\t\t\t<div class=\"elementor-widget-container\">\n\t\t\t\t\t\t\t\t\t<h2><span style=\"font-size: 20px;\">Sekt\u00f6rdeki geli\u015fmeler hakk\u0131nda sizi bilgilendirece\u011fiz<\/span><\/h2>\t\t\t\t\t\t\t\t<\/div>\n\t\t\t\t<\/div>\n\t\t\t\t<\/div>\n\t\t\t\t\t<\/div>\n\t\t\t\t<\/div>\n\t\t<div data-particle_enable=\"false\" data-particle-mobile-disabled=\"false\" class=\"elementor-element elementor-element-31de9bf e-flex e-con-boxed e-con e-parent\" data-id=\"31de9bf\" data-element_type=\"container\" data-e-type=\"container\">\n\t\t\t\t\t<div class=\"e-con-inner\">\n\t\t\t\t<div class=\"elementor-element elementor-element-8c6e7df elementor-grid-3 elementor-grid-tablet-2 elementor-grid-mobile-1 elementor-posts--thumbnail-top elementor-widget elementor-widget-posts\" data-id=\"8c6e7df\" data-element_type=\"widget\" data-e-type=\"widget\" data-settings=\"{&quot;pagination_type&quot;:&quot;prev_next&quot;,&quot;classic_columns&quot;:&quot;3&quot;,&quot;classic_columns_tablet&quot;:&quot;2&quot;,&quot;classic_columns_mobile&quot;:&quot;1&quot;,&quot;classic_row_gap&quot;:{&quot;unit&quot;:&quot;px&quot;,&quot;size&quot;:35,&quot;sizes&quot;:[]},&quot;classic_row_gap_tablet&quot;:{&quot;unit&quot;:&quot;px&quot;,&quot;size&quot;:&quot;&quot;,&quot;sizes&quot;:[]},&quot;classic_row_gap_mobile&quot;:{&quot;unit&quot;:&quot;px&quot;,&quot;size&quot;:&quot;&quot;,&quot;sizes&quot;:[]}}\" data-widget_type=\"posts.classic\">\n\t\t\t\t<div class=\"elementor-widget-container\">\n\t\t\t\t\t\t\t<div class=\"elementor-posts-container elementor-posts elementor-posts--skin-classic elementor-grid\" role=\"list\">\n\t\t\t\t<article class=\"elementor-post elementor-grid-item post-60256 post type-post status-publish format-aside has-post-thumbnail hentry category-uncategorized-tr post_format-post-format-aside generate-columns tablet-grid-50 mobile-grid-100 grid-parent grid-33\" role=\"listitem\">\n\t\t\t\t<a class=\"elementor-post__thumbnail__link\" href=\"https:\/\/tdmed.es\/tr\/allison-egen-power-tm\/\" tabindex=\"-1\" >\n\t\t\t<div class=\"elementor-post__thumbnail\"><img fetchpriority=\"high\" decoding=\"async\" width=\"1024\" height=\"1024\" src=\"https:\/\/tdmed.es\/wp-content\/uploads\/2020\/10\/AXE-1024x1024-2.jpg\" class=\"attachment-full size-full wp-image-60257\" alt=\"\" srcset=\"https:\/\/tdmed.es\/wp-content\/uploads\/2020\/10\/AXE-1024x1024-2.jpg 1024w, https:\/\/tdmed.es\/wp-content\/uploads\/2020\/10\/AXE-1024x1024-2-1000x1000.jpg 1000w, https:\/\/tdmed.es\/wp-content\/uploads\/2020\/10\/AXE-1024x1024-2-100x100.jpg 100w, https:\/\/tdmed.es\/wp-content\/uploads\/2020\/10\/AXE-1024x1024-2-600x600.jpg 600w, https:\/\/tdmed.es\/wp-content\/uploads\/2020\/10\/AXE-1024x1024-2-300x300.jpg 300w, https:\/\/tdmed.es\/wp-content\/uploads\/2020\/10\/AXE-1024x1024-2-150x150.jpg 150w, https:\/\/tdmed.es\/wp-content\/uploads\/2020\/10\/AXE-1024x1024-2-768x768.jpg 768w, https:\/\/tdmed.es\/wp-content\/uploads\/2020\/10\/AXE-1024x1024-2-980x980.jpg 980w, https:\/\/tdmed.es\/wp-content\/uploads\/2020\/10\/AXE-1024x1024-2-480x480.jpg 480w, https:\/\/tdmed.es\/wp-content\/uploads\/2020\/10\/AXE-1024x1024-2-170x170.jpg 170w\" sizes=\"(max-width: 1024px) 100vw, 1024px\" \/><\/div>\n\t\t<\/a>\n\t\t\t\t<div class=\"elementor-post__text\">\n\t\t\t\t<h3 class=\"elementor-post__title\">\n\t\t\t<a href=\"https:\/\/tdmed.es\/tr\/allison-egen-power-tm\/\" >\n\t\t\t\tAllison eGen G\u00fc\u00e7 TM\t\t\t<\/a>\n\t\t<\/h3>\n\t\t\t\t\t<div class=\"elementor-post__read-more-wrapper\">\n\t\t\n\t\t<a class=\"elementor-post__read-more\" href=\"https:\/\/tdmed.es\/tr\/allison-egen-power-tm\/\" aria-label=\"Read more about Allison eGen G\u00fc\u00e7 TM\" tabindex=\"-1\" >\n\t\t\tDevam\u0131n\u0131 oku \u00bb\t\t<\/a>\n\n\t\t\t\t\t<\/div>\n\t\t\t\t<\/div>\n\t\t\t\t<\/article>\n\t\t\t\t<article class=\"elementor-post elementor-grid-item post-60262 post type-post status-publish format-aside has-post-thumbnail hentry category-uncategorized-tr post_format-post-format-aside generate-columns tablet-grid-50 mobile-grid-100 grid-parent grid-33\" role=\"listitem\">\n\t\t\t\t<a class=\"elementor-post__thumbnail__link\" href=\"https:\/\/tdmed.es\/tr\/tersaneler-ve-varaderos-de-garrucha\/\" tabindex=\"-1\" >\n\t\t\t<div class=\"elementor-post__thumbnail\"><img decoding=\"async\" width=\"640\" height=\"360\" src=\"https:\/\/tdmed.es\/wp-content\/uploads\/2018\/12\/Catamaran-Pasaje-1.jpeg\" class=\"attachment-full size-full wp-image-60263\" alt=\"\" srcset=\"https:\/\/tdmed.es\/wp-content\/uploads\/2018\/12\/Catamaran-Pasaje-1.jpeg 640w, https:\/\/tdmed.es\/wp-content\/uploads\/2018\/12\/Catamaran-Pasaje-1-600x338.jpeg 600w, https:\/\/tdmed.es\/wp-content\/uploads\/2018\/12\/Catamaran-Pasaje-1-300x169.jpeg 300w\" sizes=\"(max-width: 640px) 100vw, 640px\" \/><\/div>\n\t\t<\/a>\n\t\t\t\t<div class=\"elementor-post__text\">\n\t\t\t\t<h3 class=\"elementor-post__title\">\n\t\t\t<a href=\"https:\/\/tdmed.es\/tr\/tersaneler-ve-varaderos-de-garrucha\/\" >\n\t\t\t\tTersaneler ve Varaderos de Garrucha\t\t\t<\/a>\n\t\t<\/h3>\n\t\t\t\t\t<div class=\"elementor-post__read-more-wrapper\">\n\t\t\n\t\t<a class=\"elementor-post__read-more\" href=\"https:\/\/tdmed.es\/tr\/tersaneler-ve-varaderos-de-garrucha\/\" aria-label=\"Read more about Tersaneler ve Varaderos de Garrucha\" tabindex=\"-1\" >\n\t\t\tDevam\u0131n\u0131 oku \u00bb\t\t<\/a>\n\n\t\t\t\t\t<\/div>\n\t\t\t\t<\/div>\n\t\t\t\t<\/article>\n\t\t\t\t<article class=\"elementor-post elementor-grid-item post-60268 post type-post status-publish format-aside has-post-thumbnail hentry category-uncategorized-tr post_format-post-format-aside generate-columns tablet-grid-50 mobile-grid-100 grid-parent grid-33\" role=\"listitem\">\n\t\t\t\t<a class=\"elementor-post__thumbnail__link\" href=\"https:\/\/tdmed.es\/tr\/jeneratorler\/\" tabindex=\"-1\" >\n\t\t\t<div class=\"elementor-post__thumbnail\"><img decoding=\"async\" width=\"640\" height=\"480\" src=\"https:\/\/tdmed.es\/wp-content\/uploads\/2018\/12\/IMG_5433.jpeg\" class=\"attachment-full size-full wp-image-60269\" alt=\"\" srcset=\"https:\/\/tdmed.es\/wp-content\/uploads\/2018\/12\/IMG_5433.jpeg 640w, https:\/\/tdmed.es\/wp-content\/uploads\/2018\/12\/IMG_5433-600x450.jpeg 600w, https:\/\/tdmed.es\/wp-content\/uploads\/2018\/12\/IMG_5433-300x225.jpeg 300w, https:\/\/tdmed.es\/wp-content\/uploads\/2018\/12\/IMG_5433-510x382.jpeg 510w\" sizes=\"(max-width: 640px) 100vw, 640px\" \/><\/div>\n\t\t<\/a>\n\t\t\t\t<div class=\"elementor-post__text\">\n\t\t\t\t<h3 class=\"elementor-post__title\">\n\t\t\t<a href=\"https:\/\/tdmed.es\/tr\/jeneratorler\/\" >\n\t\t\t\tJenerat\u00f6rler\t\t\t<\/a>\n\t\t<\/h3>\n\t\t\t\t\t<div class=\"elementor-post__read-more-wrapper\">\n\t\t\n\t\t<a class=\"elementor-post__read-more\" href=\"https:\/\/tdmed.es\/tr\/jeneratorler\/\" aria-label=\"Read more about Jenerat\u00f6rler\" tabindex=\"-1\" >\n\t\t\tDevam\u0131n\u0131 oku \u00bb\t\t<\/a>\n\n\t\t\t\t\t<\/div>\n\t\t\t\t<\/div>\n\t\t\t\t<\/article>\n\t\t\t\t<\/div>\n\t\t\n\t\t\t\t\t\t<\/div>\n\t\t\t\t<\/div>\n\t\t\t\t\t<\/div>\n\t\t\t\t<\/div>\n\t\t\t\t<\/div>\n\t\t","protected":false},"excerpt":{"rendered":"<p>Haberler Sekt\u00f6rdeki geli\u015fmeler hakk\u0131nda sizi bilgilendirece\u011fiz<\/p>\n","protected":false},"author":313,"featured_media":0,"parent":0,"menu_order":0,"comment_status":"closed","ping_status":"closed","template":"","meta":{"_joinchat":[],"footnotes":""},"class_list":["post-109639","page","type-page","status-publish","hentry","generate-columns","tablet-grid-50","mobile-grid-100","grid-parent","grid-33"],"yoast_head":"<!-- This site is optimized with the Yoast SEO Premium plugin v27.3 (Yoast SEO v27.3) - https:\/\/yoast.com\/product\/yoast-seo-premium-wordpress\/ -->\n<title>Haberler TDMED - Deniz Tahriki, Motorlar, Teknoloji vb.<\/title>\n<meta name=\"description\" content=\"Haberleri TDMED: deniz ve kara ula\u015f\u0131m\u0131nda geli\u015fmeler, s\u00fcrd\u00fcr\u00fclebilir motorlar, mevzuat vb. Sekt\u00f6rle ilgili g\u00fcncel bilgileri takip edin.\" \/>\n<meta name=\"robots\" content=\"index, follow, max-snippet:-1, max-image-preview:large, max-video-preview:-1\" \/>\n<link rel=\"canonical\" href=\"https:\/\/tdmed.es\/tr\/haberler\/\" \/>\n<meta property=\"og:locale\" content=\"tr_TR\" \/>\n<meta property=\"og:type\" content=\"article\" \/>\n<meta property=\"og:title\" content=\"Haberler\" \/>\n<meta property=\"og:description\" content=\"Haberleri TDMED: deniz ve kara ula\u015f\u0131m\u0131nda geli\u015fmeler, s\u00fcrd\u00fcr\u00fclebilir motorlar, mevzuat vb. Sekt\u00f6rle ilgili g\u00fcncel bilgileri takip edin.\" \/>\n<meta property=\"og:url\" content=\"https:\/\/tdmed.es\/tr\/haberler\/\" \/>\n<meta property=\"og:site_name\" content=\"TDMED\" \/>\n<meta property=\"article:modified_time\" content=\"2026-03-12T10:20:45+00:00\" \/>\n<meta name=\"twitter:card\" content=\"summary_large_image\" \/>\n<script type=\"application\/ld+json\" class=\"yoast-schema-graph\">{\"@context\":\"https:\\\/\\\/schema.org\",\"@graph\":[{\"@type\":\"WebPage\",\"@id\":\"https:\\\/\\\/tdmed.es\\\/tr\\\/haberler\\\/\",\"url\":\"https:\\\/\\\/tdmed.es\\\/tr\\\/haberler\\\/\",\"name\":\"Haberler TDMED - Deniz Tahriki, Motorlar, Teknoloji vb.\",\"isPartOf\":{\"@id\":\"https:\\\/\\\/tdmed.es\\\/tr\\\/#website\"},\"datePublished\":\"2025-07-22T14:29:06+00:00\",\"dateModified\":\"2026-03-12T10:20:45+00:00\",\"description\":\"Haberleri TDMED: deniz ve kara ula\u015f\u0131m\u0131nda geli\u015fmeler, s\u00fcrd\u00fcr\u00fclebilir motorlar, mevzuat vb. Sekt\u00f6rle ilgili g\u00fcncel bilgileri takip edin.\",\"breadcrumb\":{\"@id\":\"https:\\\/\\\/tdmed.es\\\/tr\\\/haberler\\\/#breadcrumb\"},\"inLanguage\":\"tr\",\"potentialAction\":[{\"@type\":\"ReadAction\",\"target\":[\"https:\\\/\\\/tdmed.es\\\/tr\\\/haberler\\\/\"]}]},{\"@type\":\"BreadcrumbList\",\"@id\":\"https:\\\/\\\/tdmed.es\\\/tr\\\/haberler\\\/#breadcrumb\",\"itemListElement\":[{\"@type\":\"ListItem\",\"position\":1,\"name\":\"Portada\",\"item\":\"https:\\\/\\\/tdmed.es\\\/tr\\\/\"},{\"@type\":\"ListItem\",\"position\":2,\"name\":\"Haberler\"}]},{\"@type\":\"WebSite\",\"@id\":\"https:\\\/\\\/tdmed.es\\\/tr\\\/#website\",\"url\":\"https:\\\/\\\/tdmed.es\\\/tr\\\/\",\"name\":\"TDMED\",\"description\":\"TDMED\",\"publisher\":{\"@id\":\"https:\\\/\\\/tdmed.es\\\/tr\\\/#organization\"},\"potentialAction\":[{\"@type\":\"SearchAction\",\"target\":{\"@type\":\"EntryPoint\",\"urlTemplate\":\"https:\\\/\\\/tdmed.es\\\/tr\\\/?s={search_term_string}\"},\"query-input\":{\"@type\":\"PropertyValueSpecification\",\"valueRequired\":true,\"valueName\":\"search_term_string\"}}],\"inLanguage\":\"tr\"},{\"@type\":\"Organization\",\"@id\":\"https:\\\/\\\/tdmed.es\\\/tr\\\/#organization\",\"name\":\"TransDiesel\",\"url\":\"https:\\\/\\\/tdmed.es\\\/tr\\\/\",\"logo\":{\"@type\":\"ImageObject\",\"inLanguage\":\"tr\",\"@id\":\"https:\\\/\\\/tdmed.es\\\/tr\\\/#\\\/schema\\\/logo\\\/image\\\/\",\"url\":\"https:\\\/\\\/tdmed.es\\\/wp-content\\\/uploads\\\/2018\\\/12\\\/NewLogo.png\",\"contentUrl\":\"https:\\\/\\\/tdmed.es\\\/wp-content\\\/uploads\\\/2018\\\/12\\\/NewLogo.png\",\"width\":800,\"height\":140,\"caption\":\"TransDiesel\"},\"image\":{\"@id\":\"https:\\\/\\\/tdmed.es\\\/tr\\\/#\\\/schema\\\/logo\\\/image\\\/\"}}]}<\/script>\n<!-- \/ Yoast SEO Premium plugin. -->","yoast_head_json":{"title":"Haberler TDMED - Deniz Tahriki, Motorlar, Teknoloji vb.","description":"Haberleri TDMED: deniz ve kara ula\u015f\u0131m\u0131nda geli\u015fmeler, s\u00fcrd\u00fcr\u00fclebilir motorlar, mevzuat vb. Sekt\u00f6rle ilgili g\u00fcncel bilgileri takip edin.","robots":{"index":"index","follow":"follow","max-snippet":"max-snippet:-1","max-image-preview":"max-image-preview:large","max-video-preview":"max-video-preview:-1"},"canonical":"https:\/\/tdmed.es\/tr\/haberler\/","og_locale":"tr_TR","og_type":"article","og_title":"Haberler","og_description":"Haberleri TDMED: deniz ve kara ula\u015f\u0131m\u0131nda geli\u015fmeler, s\u00fcrd\u00fcr\u00fclebilir motorlar, mevzuat vb. Sekt\u00f6rle ilgili g\u00fcncel bilgileri takip edin.","og_url":"https:\/\/tdmed.es\/tr\/haberler\/","og_site_name":"TDMED","article_modified_time":"2026-03-12T10:20:45+00:00","twitter_card":"summary_large_image","schema":{"@context":"https:\/\/schema.org","@graph":[{"@type":"WebPage","@id":"https:\/\/tdmed.es\/tr\/haberler\/","url":"https:\/\/tdmed.es\/tr\/haberler\/","name":"Haberler TDMED - Deniz Tahriki, Motorlar, Teknoloji vb.","isPartOf":{"@id":"https:\/\/tdmed.es\/tr\/#website"},"datePublished":"2025-07-22T14:29:06+00:00","dateModified":"2026-03-12T10:20:45+00:00","description":"Haberleri TDMED: deniz ve kara ula\u015f\u0131m\u0131nda geli\u015fmeler, s\u00fcrd\u00fcr\u00fclebilir motorlar, mevzuat vb. Sekt\u00f6rle ilgili g\u00fcncel bilgileri takip edin.","breadcrumb":{"@id":"https:\/\/tdmed.es\/tr\/haberler\/#breadcrumb"},"inLanguage":"tr","potentialAction":[{"@type":"ReadAction","target":["https:\/\/tdmed.es\/tr\/haberler\/"]}]},{"@type":"BreadcrumbList","@id":"https:\/\/tdmed.es\/tr\/haberler\/#breadcrumb","itemListElement":[{"@type":"ListItem","position":1,"name":"Portada","item":"https:\/\/tdmed.es\/tr\/"},{"@type":"ListItem","position":2,"name":"Haberler"}]},{"@type":"WebSite","@id":"https:\/\/tdmed.es\/tr\/#website","url":"https:\/\/tdmed.es\/tr\/","name":"TDMED","description":"TDMED","publisher":{"@id":"https:\/\/tdmed.es\/tr\/#organization"},"potentialAction":[{"@type":"SearchAction","target":{"@type":"EntryPoint","urlTemplate":"https:\/\/tdmed.es\/tr\/?s={search_term_string}"},"query-input":{"@type":"PropertyValueSpecification","valueRequired":true,"valueName":"search_term_string"}}],"inLanguage":"tr"},{"@type":"Organization","@id":"https:\/\/tdmed.es\/tr\/#organization","name":"TransDiesel","url":"https:\/\/tdmed.es\/tr\/","logo":{"@type":"ImageObject","inLanguage":"tr","@id":"https:\/\/tdmed.es\/tr\/#\/schema\/logo\/image\/","url":"https:\/\/tdmed.es\/wp-content\/uploads\/2018\/12\/NewLogo.png","contentUrl":"https:\/\/tdmed.es\/wp-content\/uploads\/2018\/12\/NewLogo.png","width":800,"height":140,"caption":"TransDiesel"},"image":{"@id":"https:\/\/tdmed.es\/tr\/#\/schema\/logo\/image\/"}}]}},"_links":{"self":[{"href":"https:\/\/tdmed.es\/tr\/wp-json\/wp\/v2\/pages\/109639","targetHints":{"allow":["GET"]}}],"collection":[{"href":"https:\/\/tdmed.es\/tr\/wp-json\/wp\/v2\/pages"}],"about":[{"href":"https:\/\/tdmed.es\/tr\/wp-json\/wp\/v2\/types\/page"}],"author":[{"embeddable":true,"href":"https:\/\/tdmed.es\/tr\/wp-json\/wp\/v2\/users\/313"}],"replies":[{"embeddable":true,"href":"https:\/\/tdmed.es\/tr\/wp-json\/wp\/v2\/comments?post=109639"}],"version-history":[{"count":0,"href":"https:\/\/tdmed.es\/tr\/wp-json\/wp\/v2\/pages\/109639\/revisions"}],"wp:attachment":[{"href":"https:\/\/tdmed.es\/tr\/wp-json\/wp\/v2\/media?parent=109639"}],"curies":[{"name":"wp","href":"https:\/\/api.w.org\/{rel}","templated":true}]}}