{"id":109624,"date":"2025-07-22T16:18:03","date_gmt":"2025-07-22T14:18:03","guid":{"rendered":"https:\/\/preprod.transdiesel.es\/hesabim\/"},"modified":"2025-07-22T16:18:06","modified_gmt":"2025-07-22T14:18:06","slug":"hesabim","status":"publish","type":"page","link":"https:\/\/tdmed.es\/tr\/hesabim\/","title":{"rendered":"HESABIM"},"content":{"rendered":"\t\t<div data-elementor-type=\"wp-page\" data-elementor-id=\"109624\" class=\"elementor elementor-109624 elementor-7\" data-elementor-post-type=\"page\">\n\t\t\t\t<div data-particle_enable=\"false\" data-particle-mobile-disabled=\"false\" class=\"elementor-element elementor-element-a2f5be2 e-flex e-con-boxed e-con e-parent\" data-id=\"a2f5be2\" data-element_type=\"container\" data-e-type=\"container\" data-settings=\"{&quot;background_background&quot;:&quot;classic&quot;}\">\n\t\t\t\t\t<div class=\"e-con-inner\">\n\t\t\t\t\t<\/div>\n\t\t\t\t<\/div>\n\t\t<div data-particle_enable=\"false\" data-particle-mobile-disabled=\"false\" class=\"elementor-element elementor-element-dd443e7 e-flex e-con-boxed e-con e-parent\" data-id=\"dd443e7\" data-element_type=\"container\" data-e-type=\"container\">\n\t\t\t\t\t<div class=\"e-con-inner\">\n\t\t<div data-particle_enable=\"false\" data-particle-mobile-disabled=\"false\" class=\"elementor-element elementor-element-ac73987 e-con-full e-flex e-con e-child\" data-id=\"ac73987\" data-element_type=\"container\" data-e-type=\"container\">\n\t\t\t\t<div class=\"elementor-element elementor-element-28283f53 elementor-widget elementor-widget-text-editor\" data-id=\"28283f53\" data-element_type=\"widget\" data-e-type=\"widget\" data-widget_type=\"text-editor.default\">\n\t\t\t\t<div class=\"elementor-widget-container\">\n\t\t\t\t\t\t\t\t\t<p>TDMED &#8211; \u00d6zel Alan<\/p>\n\t\t\t\t\t\t\t\t<\/div>\n\t\t\t\t<\/div>\n\t\t\t\t<div class=\"elementor-element elementor-element-8b8510d e-my-account-tabs-vertical elementor-widget elementor-widget-woocommerce-my-account\" data-id=\"8b8510d\" data-element_type=\"widget\" data-e-type=\"widget\" data-widget_type=\"woocommerce-my-account.default\">\n\t\t\t\t<div class=\"elementor-widget-container\">\n\t\t\t\t\t<div class=\"e-my-account-tab e-my-account-tab__ \">\t\t\t<div class=\"woocommerce\"><div class=\"woocommerce-notices-wrapper\"><\/div>\n\n<div class=\"u-columns col2-set\" id=\"customer_login\">\n\n\t<div class=\"u-column1 col-1\">\n\n\n\t\t<h2>Giri\u015f Yap<\/h2>\n\n\t\t<form class=\"woocommerce-form woocommerce-form-login login\" method=\"post\" novalidate>\n\n\t\t\t\n\t\t\t<p class=\"woocommerce-form-row woocommerce-form-row--wide form-row form-row-wide\">\n\t\t\t\t<label for=\"username\">Kullan\u0131c\u0131 ad\u0131 veya e-posta adresi&nbsp;<span class=\"required\" aria-hidden=\"true\">*<\/span><span class=\"screen-reader-text\">Gerekli<\/span><\/label>\n\t\t\t\t<input type=\"text\" class=\"woocommerce-Input woocommerce-Input--text input-text\" name=\"username\" id=\"username\" autocomplete=\"username\" value=\"\" required aria-required=\"true\" \/>\t\t\t<\/p>\n\t\t\t<p class=\"woocommerce-form-row woocommerce-form-row--wide form-row form-row-wide\">\n\t\t\t\t<label for=\"password\">Parola&nbsp;<span class=\"required\" aria-hidden=\"true\">*<\/span><span class=\"screen-reader-text\">Gerekli<\/span><\/label>\n\t\t\t\t<input class=\"woocommerce-Input woocommerce-Input--text input-text\" type=\"password\" name=\"password\" id=\"password\" autocomplete=\"current-password\" required aria-required=\"true\" \/>\n\t\t\t<\/p>\n\n\t\t\t\t\t<div class=\"g-recaptcha\" data-sitekey=\"6LcBQpMrAAAAAGppYXFWKH2kJqI1JPinyiMhfxTd\"><\/div>\r\n\t\t<br\/>\r\n\t\t\n\t\t\t<p class=\"form-row\">\n\t\t\t\t<label class=\"woocommerce-form__label woocommerce-form__label-for-checkbox woocommerce-form-login__rememberme\">\n\t\t\t\t\t<input class=\"woocommerce-form__input woocommerce-form__input-checkbox\" name=\"rememberme\" type=\"checkbox\" id=\"rememberme\" value=\"forever\" \/> <span>Beni hat\u0131rla<\/span>\n\t\t\t\t<\/label>\n\t\t\t\t<input type=\"hidden\" id=\"woocommerce-login-nonce\" name=\"woocommerce-login-nonce\" value=\"d318e6f83e\" \/><input type=\"hidden\" name=\"_wp_http_referer\" value=\"\/tr\/wp-json\/wp\/v2\/pages\/109624\" \/>\t\t\t\t<button type=\"submit\" class=\"woocommerce-button button woocommerce-form-login__submit\" name=\"login\" value=\"Giri\u015f Yap\">Giri\u015f Yap<\/button>\n\t\t\t<\/p>\n\t\t\t<p class=\"woocommerce-LostPassword lost_password\">\n\t\t\t\t<a href=\"https:\/\/tdmed.es\/tr\/hesabim\/lost-password\/\">Parolan\u0131z\u0131 m\u0131 unuttunuz?<\/a>\n\t\t\t<\/p>\n\n\t\t\t\n\t\t<\/form>\n\n\n\t<\/div>\n\n\t<div class=\"u-column2 col-2\">\n\n\t\t<h2>\u00dcye Ol<\/h2>\n\n\t\t<form method=\"post\" class=\"woocommerce-form woocommerce-form-register register\"  >\n\n\t\t\t\n\t\t\t\n\t\t\t<p class=\"woocommerce-form-row woocommerce-form-row--wide form-row form-row-wide\">\n\t\t\t\t<label for=\"reg_email\">E-posta adresi&nbsp;<span class=\"required\" aria-hidden=\"true\">*<\/span><span class=\"screen-reader-text\">Gerekli<\/span><\/label>\n\t\t\t\t<input type=\"email\" class=\"woocommerce-Input woocommerce-Input--text input-text\" name=\"email\" id=\"reg_email\" autocomplete=\"email\" value=\"\" required aria-required=\"true\" \/>\t\t\t<\/p>\n\n\t\t\t\n\t\t\t\t<p>Yeni parola olu\u015fturman\u0131z i\u00e7in e-posta adresinize bir ba\u011flant\u0131 g\u00f6nderilecek.<\/p>\n\n\t\t\t\n\t\t\t\t\t<div class=\"g-recaptcha\" data-sitekey=\"6LcBQpMrAAAAAGppYXFWKH2kJqI1JPinyiMhfxTd\"><\/div>\r\n\t\t<br\/>\r\n\t\t<wc-order-attribution-inputs><\/wc-order-attribution-inputs><div class=\"woocommerce-privacy-policy-text\"><p>Tus datos personales se utilizar\u00e1n para procesar tu pedido, mejorar tu experiencia en esta web, gestionar el acceso a tu cuenta y otros prop\u00f3sitos descritos en nuestra <a href=\"https:\/\/tdmed.es\/politica-privacidad\/\" class=\"woocommerce-privacy-policy-link\" target=\"_blank\">gizlilik ilkesi<\/a>.<\/p>\n<\/div>\n\t\t\t<p class=\"woocommerce-form-row form-row\">\n\t\t\t\t<input type=\"hidden\" id=\"woocommerce-register-nonce\" name=\"woocommerce-register-nonce\" value=\"f6e66d9cf3\" \/><input type=\"hidden\" name=\"_wp_http_referer\" value=\"\/tr\/wp-json\/wp\/v2\/pages\/109624\" \/>\t\t\t\t<button type=\"submit\" class=\"woocommerce-Button woocommerce-button button woocommerce-form-register__submit\" name=\"register\" value=\"\u00dcye Ol\">\u00dcye Ol<\/button>\n\t\t\t<\/p>\n\n\t\t\t\n\t\t<\/form>\n\n\t<\/div>\n\n<\/div>\n\n<\/div>\t\t<\/div>\n\t\t\t\t\t\t<\/div>\n\t\t\t\t<\/div>\n\t\t\t\t<\/div>\n\t\t\t\t\t<\/div>\n\t\t\t\t<\/div>\n\t\t\t\t<\/div>\n\t\t","protected":false},"excerpt":{"rendered":"<p>TDMED &#8211; \u00d6zel Alan Perfil Facturas \u00c7\u0131k\u0131\u015f yap Hola WPTransdiesel (\u00bfno eres WPTransdiesel? Cerrar sesi\u00f3n) Desde el escritorio de tu cuenta puedes ver tus pedidos &#8230; <\/p>\n<p class=\"read-more-container\"><a title=\"HESABIM\" class=\"read-more button\" href=\"https:\/\/tdmed.es\/tr\/hesabim\/#more-109624\" aria-label=\"Read more about HESABIM\">Read more<\/a><\/p>\n","protected":false},"author":313,"featured_media":0,"parent":0,"menu_order":0,"comment_status":"closed","ping_status":"closed","template":"","meta":{"_joinchat":[],"footnotes":""},"class_list":["post-109624","page","type-page","status-publish"],"yoast_head":"<!-- This site is optimized with the Yoast SEO Premium plugin v27.3 (Yoast SEO v27.3) - https:\/\/yoast.com\/product\/yoast-seo-premium-wordpress\/ -->\n<title>HESABIM - TDMED<\/title>\n<meta name=\"robots\" content=\"noindex, nofollow\" \/>\n<meta property=\"og:locale\" content=\"tr_TR\" \/>\n<meta property=\"og:type\" content=\"article\" \/>\n<meta property=\"og:title\" content=\"HESABIM\" \/>\n<meta property=\"og:description\" content=\"TDMED &#8211; \u00d6zel Alan Perfil Facturas \u00c7\u0131k\u0131\u015f yap Hola WPTransdiesel (\u00bfno eres WPTransdiesel? Cerrar sesi\u00f3n) Desde el escritorio de tu cuenta puedes ver tus pedidos ... Read more\" \/>\n<meta property=\"og:url\" content=\"https:\/\/tdmed.es\/tr\/hesabim\/\" \/>\n<meta property=\"og:site_name\" content=\"TDMED\" \/>\n<meta property=\"article:modified_time\" content=\"2025-07-22T14:18:06+00:00\" \/>\n<meta name=\"twitter:card\" content=\"summary_large_image\" \/>\n<script type=\"application\/ld+json\" class=\"yoast-schema-graph\">{\"@context\":\"https:\\\/\\\/schema.org\",\"@graph\":[{\"@type\":\"WebPage\",\"@id\":\"https:\\\/\\\/tdmed.es\\\/tr\\\/hesabim\\\/\",\"url\":\"https:\\\/\\\/tdmed.es\\\/tr\\\/hesabim\\\/\",\"name\":\"HESABIM - TDMED\",\"isPartOf\":{\"@id\":\"https:\\\/\\\/tdmed.es\\\/tr\\\/#website\"},\"datePublished\":\"2025-07-22T14:18:03+00:00\",\"dateModified\":\"2025-07-22T14:18:06+00:00\",\"breadcrumb\":{\"@id\":\"https:\\\/\\\/tdmed.es\\\/tr\\\/hesabim\\\/#breadcrumb\"},\"inLanguage\":\"tr\",\"potentialAction\":[{\"@type\":\"ReadAction\",\"target\":[\"https:\\\/\\\/tdmed.es\\\/tr\\\/hesabim\\\/\"]}]},{\"@type\":\"BreadcrumbList\",\"@id\":\"https:\\\/\\\/tdmed.es\\\/tr\\\/hesabim\\\/#breadcrumb\",\"itemListElement\":[{\"@type\":\"ListItem\",\"position\":1,\"name\":\"Portada\",\"item\":\"https:\\\/\\\/tdmed.es\\\/tr\\\/\"},{\"@type\":\"ListItem\",\"position\":2,\"name\":\"HESABIM\"}]},{\"@type\":\"WebSite\",\"@id\":\"https:\\\/\\\/tdmed.es\\\/tr\\\/#website\",\"url\":\"https:\\\/\\\/tdmed.es\\\/tr\\\/\",\"name\":\"TDMED\",\"description\":\"TDMED\",\"publisher\":{\"@id\":\"https:\\\/\\\/tdmed.es\\\/tr\\\/#organization\"},\"potentialAction\":[{\"@type\":\"SearchAction\",\"target\":{\"@type\":\"EntryPoint\",\"urlTemplate\":\"https:\\\/\\\/tdmed.es\\\/tr\\\/?s={search_term_string}\"},\"query-input\":{\"@type\":\"PropertyValueSpecification\",\"valueRequired\":true,\"valueName\":\"search_term_string\"}}],\"inLanguage\":\"tr\"},{\"@type\":\"Organization\",\"@id\":\"https:\\\/\\\/tdmed.es\\\/tr\\\/#organization\",\"name\":\"TransDiesel\",\"url\":\"https:\\\/\\\/tdmed.es\\\/tr\\\/\",\"logo\":{\"@type\":\"ImageObject\",\"inLanguage\":\"tr\",\"@id\":\"https:\\\/\\\/tdmed.es\\\/tr\\\/#\\\/schema\\\/logo\\\/image\\\/\",\"url\":\"https:\\\/\\\/tdmed.es\\\/wp-content\\\/uploads\\\/2018\\\/12\\\/NewLogo.png\",\"contentUrl\":\"https:\\\/\\\/tdmed.es\\\/wp-content\\\/uploads\\\/2018\\\/12\\\/NewLogo.png\",\"width\":800,\"height\":140,\"caption\":\"TransDiesel\"},\"image\":{\"@id\":\"https:\\\/\\\/tdmed.es\\\/tr\\\/#\\\/schema\\\/logo\\\/image\\\/\"}}]}<\/script>\n<!-- \/ Yoast SEO Premium plugin. -->","yoast_head_json":{"title":"HESABIM - TDMED","robots":{"index":"noindex","follow":"nofollow"},"og_locale":"tr_TR","og_type":"article","og_title":"HESABIM","og_description":"TDMED &#8211; \u00d6zel Alan Perfil Facturas \u00c7\u0131k\u0131\u015f yap Hola WPTransdiesel (\u00bfno eres WPTransdiesel? Cerrar sesi\u00f3n) Desde el escritorio de tu cuenta puedes ver tus pedidos ... Read more","og_url":"https:\/\/tdmed.es\/tr\/hesabim\/","og_site_name":"TDMED","article_modified_time":"2025-07-22T14:18:06+00:00","twitter_card":"summary_large_image","schema":{"@context":"https:\/\/schema.org","@graph":[{"@type":"WebPage","@id":"https:\/\/tdmed.es\/tr\/hesabim\/","url":"https:\/\/tdmed.es\/tr\/hesabim\/","name":"HESABIM - TDMED","isPartOf":{"@id":"https:\/\/tdmed.es\/tr\/#website"},"datePublished":"2025-07-22T14:18:03+00:00","dateModified":"2025-07-22T14:18:06+00:00","breadcrumb":{"@id":"https:\/\/tdmed.es\/tr\/hesabim\/#breadcrumb"},"inLanguage":"tr","potentialAction":[{"@type":"ReadAction","target":["https:\/\/tdmed.es\/tr\/hesabim\/"]}]},{"@type":"BreadcrumbList","@id":"https:\/\/tdmed.es\/tr\/hesabim\/#breadcrumb","itemListElement":[{"@type":"ListItem","position":1,"name":"Portada","item":"https:\/\/tdmed.es\/tr\/"},{"@type":"ListItem","position":2,"name":"HESABIM"}]},{"@type":"WebSite","@id":"https:\/\/tdmed.es\/tr\/#website","url":"https:\/\/tdmed.es\/tr\/","name":"TDMED","description":"TDMED","publisher":{"@id":"https:\/\/tdmed.es\/tr\/#organization"},"potentialAction":[{"@type":"SearchAction","target":{"@type":"EntryPoint","urlTemplate":"https:\/\/tdmed.es\/tr\/?s={search_term_string}"},"query-input":{"@type":"PropertyValueSpecification","valueRequired":true,"valueName":"search_term_string"}}],"inLanguage":"tr"},{"@type":"Organization","@id":"https:\/\/tdmed.es\/tr\/#organization","name":"TransDiesel","url":"https:\/\/tdmed.es\/tr\/","logo":{"@type":"ImageObject","inLanguage":"tr","@id":"https:\/\/tdmed.es\/tr\/#\/schema\/logo\/image\/","url":"https:\/\/tdmed.es\/wp-content\/uploads\/2018\/12\/NewLogo.png","contentUrl":"https:\/\/tdmed.es\/wp-content\/uploads\/2018\/12\/NewLogo.png","width":800,"height":140,"caption":"TransDiesel"},"image":{"@id":"https:\/\/tdmed.es\/tr\/#\/schema\/logo\/image\/"}}]}},"_links":{"self":[{"href":"https:\/\/tdmed.es\/tr\/wp-json\/wp\/v2\/pages\/109624","targetHints":{"allow":["GET"]}}],"collection":[{"href":"https:\/\/tdmed.es\/tr\/wp-json\/wp\/v2\/pages"}],"about":[{"href":"https:\/\/tdmed.es\/tr\/wp-json\/wp\/v2\/types\/page"}],"author":[{"embeddable":true,"href":"https:\/\/tdmed.es\/tr\/wp-json\/wp\/v2\/users\/313"}],"replies":[{"embeddable":true,"href":"https:\/\/tdmed.es\/tr\/wp-json\/wp\/v2\/comments?post=109624"}],"version-history":[{"count":0,"href":"https:\/\/tdmed.es\/tr\/wp-json\/wp\/v2\/pages\/109624\/revisions"}],"wp:attachment":[{"href":"https:\/\/tdmed.es\/tr\/wp-json\/wp\/v2\/media?parent=109624"}],"curies":[{"name":"wp","href":"https:\/\/api.w.org\/{rel}","templated":true}]}}