{"id":109429,"date":"2025-07-15T01:18:53","date_gmt":"2025-07-14T23:18:53","guid":{"rendered":"https:\/\/preprod.transdiesel.es\/dizel-jeneratorler\/"},"modified":"2026-03-18T11:21:20","modified_gmt":"2026-03-18T10:21:20","slug":"dizel-jeneratorler","status":"publish","type":"page","link":"https:\/\/tdmed.es\/tr\/dizel-jeneratorler\/","title":{"rendered":"Dizel Jenerat\u00f6rler"},"content":{"rendered":"\t\t<div data-elementor-type=\"wp-page\" data-elementor-id=\"109429\" class=\"elementor elementor-109429 elementor-107661\" data-elementor-post-type=\"page\">\n\t\t\t\t<div data-particle_enable=\"false\" data-particle-mobile-disabled=\"false\" class=\"elementor-element elementor-element-fc286fd e-flex e-con-boxed e-con e-parent\" data-id=\"fc286fd\" data-element_type=\"container\" data-e-type=\"container\" data-settings=\"{&quot;background_background&quot;:&quot;classic&quot;}\">\n\t\t\t\t\t<div class=\"e-con-inner\">\n\t\t\t\t\t<\/div>\n\t\t\t\t<\/div>\n\t\t<div data-particle_enable=\"false\" data-particle-mobile-disabled=\"false\" class=\"elementor-element elementor-element-49d425b3 e-flex e-con-boxed e-con e-parent\" data-id=\"49d425b3\" data-element_type=\"container\" data-e-type=\"container\">\n\t\t\t\t\t<div class=\"e-con-inner\">\n\t\t<div data-particle_enable=\"false\" data-particle-mobile-disabled=\"false\" class=\"elementor-element elementor-element-2d57d1a e-con-full e-flex e-con e-child\" data-id=\"2d57d1a\" data-element_type=\"container\" data-e-type=\"container\">\n\t\t\t\t<div class=\"elementor-element elementor-element-6ac230c1 elementor-widget__width-initial elementor-widget-tablet__width-inherit elementor-widget elementor-widget-heading\" data-id=\"6ac230c1\" data-element_type=\"widget\" data-e-type=\"widget\" data-widget_type=\"heading.default\">\n\t\t\t\t<div class=\"elementor-widget-container\">\n\t\t\t\t\t<h1 class=\"elementor-heading-title elementor-size-default\">Dizel Jenerat\u00f6rler<\/h1>\t\t\t\t<\/div>\n\t\t\t\t<\/div>\n\t\t\t\t<\/div>\n\t\t\t\t\t<\/div>\n\t\t\t\t<\/div>\n\t\t<div data-particle_enable=\"false\" data-particle-mobile-disabled=\"false\" class=\"elementor-element elementor-element-b8e613b e-flex e-con-boxed e-con e-parent\" data-id=\"b8e613b\" data-element_type=\"container\" data-e-type=\"container\">\n\t\t\t\t\t<div class=\"e-con-inner\">\n\t\t<div data-particle_enable=\"false\" data-particle-mobile-disabled=\"false\" class=\"elementor-element elementor-element-01e3d22 e-con-full e-flex e-con e-child\" data-id=\"01e3d22\" data-element_type=\"container\" data-e-type=\"container\" data-settings=\"{&quot;background_background&quot;:&quot;classic&quot;}\">\n\t\t\t\t<div class=\"elementor-element elementor-element-71003e7 elementor-widget elementor-widget-image\" data-id=\"71003e7\" data-element_type=\"widget\" data-e-type=\"widget\" data-widget_type=\"image.default\">\n\t\t\t\t<div class=\"elementor-widget-container\">\n\t\t\t\t\t\t\t\t\t\t\t\t\t\t\t<img decoding=\"async\" src=\"https:\/\/tdmed.es\/wp-content\/uploads\/2025\/05\/Generadores-Diesel-2.png\" title=\"Generadores-Diesel-2\" alt=\"Generadores-Diesel-2\" loading=\"lazy\" \/>\t\t\t\t\t\t\t\t\t\t\t\t\t\t\t<\/div>\n\t\t\t\t<\/div>\n\t\t\t\t<\/div>\n\t\t<div data-particle_enable=\"false\" data-particle-mobile-disabled=\"false\" class=\"elementor-element elementor-element-2afab92 e-con-full e-flex e-con e-child\" data-id=\"2afab92\" data-element_type=\"container\" data-e-type=\"container\">\n\t\t\t\t<div class=\"elementor-element elementor-element-db1042a elementor-widget elementor-widget-image\" data-id=\"db1042a\" data-element_type=\"widget\" data-e-type=\"widget\" data-widget_type=\"image.default\">\n\t\t\t\t<div class=\"elementor-widget-container\">\n\t\t\t\t\t\t\t\t\t\t\t\t\t\t\t<img fetchpriority=\"high\" decoding=\"async\" width=\"330\" height=\"168\" src=\"https:\/\/tdmed.es\/wp-content\/uploads\/2018\/12\/DeereCanvas.jpg\" class=\"attachment-large size-large wp-image-15527\" alt=\"John Deere Motores\" srcset=\"https:\/\/tdmed.es\/wp-content\/uploads\/2018\/12\/DeereCanvas.jpg 330w, https:\/\/tdmed.es\/wp-content\/uploads\/2018\/12\/DeereCanvas-300x153.jpg 300w\" sizes=\"(max-width: 330px) 100vw, 330px\" \/>\t\t\t\t\t\t\t\t\t\t\t\t\t\t\t<\/div>\n\t\t\t\t<\/div>\n\t\t\t\t<div class=\"elementor-element elementor-element-e0c4560 elementor-widget elementor-widget-text-editor\" data-id=\"e0c4560\" data-element_type=\"widget\" data-e-type=\"widget\" data-widget_type=\"text-editor.default\">\n\t\t\t\t<div class=\"elementor-widget-container\">\n\t\t\t\t\t\t\t\t\t<p>TDMED, Dizel jenerat\u00f6rler konusunda geni\u015f deneyime sahiptir.<br \/>\u0130ki farkl\u0131 \u00fcr\u00fcn grubu sunuyoruz: sertifikas\u0131z motorlara sahip \u00fcniteler ve CO2 emisyonlar\u0131n\u0131 d\u00fczenleyen \u00e7evre d\u00fczenlemeleri kapsam\u0131nda Avrupa Faz IIIA sertifikas\u0131na uygun motorlara sahip \u00fcniteler.<\/p><ul><li>Emisyon y\u00f6netmeliklerinin hen\u00fcz zorunlu olmad\u0131\u011f\u0131 sabit uygulamalar i\u00e7in <strong>sertifikal\u0131 olmayan motorlar<\/strong>.<br \/>Acil durum kullan\u0131m\u0131, s\u00fcrekli \u00e7al\u0131\u015fma, ada modu veya di\u011fer \u00fcnitelerle paralel \u00e7al\u0131\u015fma i\u00e7in a\u00e7\u0131k veya ses yal\u0131t\u0131ml\u0131 \u00fcniteler.<\/li><li>Motorlar\u0131n Faz IIIA emisyon standartlar\u0131n\u0131 kar\u015f\u0131lamas\u0131 gereken mobil uygulamalar veya kiral\u0131k \u00fcniteler i\u00e7in <strong>sertifikal\u0131 motorlar<\/strong>. JOHN DEERE geni\u015f bir yelpazede mevcut g\u00fc\u00e7 de\u011ferleri sunmaktad\u0131r.<\/li><\/ul><p><strong>Uyarlanabilirlik:<\/strong><br \/>Eksiksiz standart ekipman ve \u00e7ok \u00e7e\u015fitli iste\u011fe ba\u011fl\u0131 aksesuarlar, \u00fcnitelerimizi hem ana bile\u015fenlerde (motor ve alternat\u00f6r) hem de kabinler, korumalar, kontrol panelleri, yak\u0131t depolar\u0131 vb. gibi di\u011fer par\u00e7alarda en zorlu ve sert \u00e7al\u0131\u015fma ko\u015fullar\u0131na uyarlamam\u0131za olanak tan\u0131r.<\/p><ul><li>PMG (Kal\u0131c\u0131 M\u0131knat\u0131sl\u0131 Jenerat\u00f6r) sistemleri.<\/li><li>\u00dcniteleri \u015febekeyle veya di\u011fer jenerat\u00f6rlerle senkronize etmek i\u00e7in kullan\u0131lan ekipman.<\/li><li>Uzaktan izleme sistemleri.<\/li><li>Y\u00fcksek korozif ortamlar i\u00e7in \u00f6zel malzemeler veya boyalar ya da daha fazla g\u00fcr\u00fclt\u00fc azalt\u0131m\u0131 i\u00e7in geli\u015ftirilmi\u015f ses yal\u0131t\u0131m\u0131.<\/li><li>Di\u011fer \u00fclkeler i\u00e7in \u00f6zel elektrik spesifikasyonlar\u0131, \u00e7ift frekansl\u0131 sistemler ve \u00e7ok daha fazlas\u0131.<\/li><\/ul><p>\u00a0<\/p><p class=\"my-0\"><a href=\"https:\/\/caslienergy.es\/grupos-diesel\/\" target=\"_blank\" rel=\"noopener\">Burada Di\u011fer<\/a> \u00dclkelerin Spesifik Elektrik \u00d6zellikleri, \u00c7ift Frekansl\u0131 Sistemler Ve \u00c7ok Daha Fazlas\u0131n\u0131 Sorgulay\u0131n&#8230;<\/p>\t\t\t\t\t\t\t\t<\/div>\n\t\t\t\t<\/div>\n\t\t\t\t<\/div>\n\t\t\t\t\t<\/div>\n\t\t\t\t<\/div>\n\t\t<div data-particle_enable=\"false\" data-particle-mobile-disabled=\"false\" class=\"elementor-element elementor-element-0911f6b e-flex e-con-boxed e-con e-parent\" data-id=\"0911f6b\" data-element_type=\"container\" data-e-type=\"container\">\n\t\t\t\t\t<div class=\"e-con-inner\">\n\t\t<div data-particle_enable=\"false\" data-particle-mobile-disabled=\"false\" class=\"elementor-element elementor-element-9d02d8e e-con-full e-flex e-con e-child\" data-id=\"9d02d8e\" data-element_type=\"container\" data-e-type=\"container\">\n\t\t\t\t<div class=\"elementor-element elementor-element-0e9f4c4 elementor-widget elementor-widget-heading\" data-id=\"0e9f4c4\" data-element_type=\"widget\" data-e-type=\"widget\" data-widget_type=\"heading.default\">\n\t\t\t\t<div class=\"elementor-widget-container\">\n\t\t\t\t\t<h2 class=\"elementor-heading-title elementor-size-default\">Y\u00fcksek Kaliteli Bile\u015fenler<\/h2>\t\t\t\t<\/div>\n\t\t\t\t<\/div>\n\t\t\t\t<div class=\"elementor-element elementor-element-eb9a68b elementor-widget elementor-widget-text-editor\" data-id=\"eb9a68b\" data-element_type=\"widget\" data-e-type=\"widget\" data-widget_type=\"text-editor.default\">\n\t\t\t\t<div class=\"elementor-widget-container\">\n\t\t\t\t\t\t\t\t\t<ul>\n<li><strong>Alternat\u00f6rler:<\/strong> Motordan gelen mekanik enerjiyi y\u00fcksek kaliteli elektrik g\u00fcc\u00fcne d\u00f6n\u00fc\u015ft\u00fcrmekten sorumlu olan jenerat\u00f6rlerimizde yaln\u0131zca STAMFORD ve MECCALTE gibi her ikisi de kalite, yenilik ve g\u00fcvenilirlik a\u00e7\u0131s\u0131ndan uluslararas\u0131 alanda tan\u0131nan en iyi markalar bulunur.<\/li>\n<li><strong>DEEPSEA Kumanda Panelleri:<\/strong> \u00c7oklu konfig\u00fcrasyonlar mevcuttur: manuel, \u015febeke ar\u0131zas\u0131nda otomatik veya di\u011fer \u00fcnitelerle paralel senkronize. Acil durum modunda, panel ana beslemeyi izler ve bir \u015febeke ar\u0131zas\u0131 tespit edildi\u011finde otomatik olarak ba\u015flar. Harici anahtarlama kontrol\u00fc i\u00e7in terminaller i\u00e7erir.<\/li>\n<\/ul>\n<p>TDMED ayr\u0131ca \u00f6n teknik \u00e7al\u0131\u015fmalar, teknik-ekonomik teklifler, finansman deste\u011fi, sigorta, yak\u0131t tedarik s\u00f6zle\u015fmeleri, teslimat, nakliye, kurulum ve bak\u0131m konular\u0131nda dan\u0131\u015fmanl\u0131k hizmetleri de sunmaktad\u0131r.<\/p>\n<p><a href=\"https:\/\/www.deere.es\/es\/motores-y-transmisiones\/\" target=\"_blank\" rel=\"noopener\">John Deere web<\/a> sitesinde 3029 (2.9L), 4045 (4.5L), 6068 (6.8L), 6090 (9L), 6136 (13.6L) ve 6180 (18L) dizel jenerat\u00f6r motorlar\u0131m\u0131z\u0131n tamam\u0131na g\u00f6z at\u0131n.<\/p>\n\t\t\t\t\t\t\t\t<\/div>\n\t\t\t\t<\/div>\n\t\t\t\t<\/div>\n\t\t<div data-particle_enable=\"false\" data-particle-mobile-disabled=\"false\" class=\"elementor-element elementor-element-72f1ddc e-con-full e-flex e-con e-child\" data-id=\"72f1ddc\" data-element_type=\"container\" data-e-type=\"container\" data-settings=\"{&quot;background_background&quot;:&quot;classic&quot;}\">\n\t\t\t\t<div class=\"elementor-element elementor-element-8e4c902 elementor-widget elementor-widget-image\" data-id=\"8e4c902\" data-element_type=\"widget\" data-e-type=\"widget\" data-widget_type=\"image.default\">\n\t\t\t\t<div class=\"elementor-widget-container\">\n\t\t\t\t\t\t\t\t\t\t\t\t\t\t\t<img decoding=\"async\" src=\"https:\/\/tdmed.es\/wp-content\/uploads\/2025\/06\/generadores-diesel.png\" title=\"generadores diesel\" alt=\"Generadores Diesel - Componentes de M\u00e1xima Calidad\" loading=\"lazy\" \/>\t\t\t\t\t\t\t\t\t\t\t\t\t\t\t<\/div>\n\t\t\t\t<\/div>\n\t\t\t\t<\/div>\n\t\t\t\t\t<\/div>\n\t\t\t\t<\/div>\n\t\t\t\t<\/div>\n\t\t","protected":false},"excerpt":{"rendered":"<p>Dizel Jenerat\u00f6rler TDMED, Dizel jenerat\u00f6rler konusunda geni\u015f deneyime sahiptir.\u0130ki farkl\u0131 \u00fcr\u00fcn grubu sunuyoruz: sertifikas\u0131z motorlara sahip \u00fcniteler ve CO2 emisyonlar\u0131n\u0131 d\u00fczenleyen \u00e7evre d\u00fczenlemeleri kapsam\u0131nda Avrupa &#8230; <\/p>\n<p class=\"read-more-container\"><a title=\"Dizel Jenerat\u00f6rler\" class=\"read-more button\" href=\"https:\/\/tdmed.es\/tr\/dizel-jeneratorler\/#more-109429\" aria-label=\"Read more about Dizel Jenerat\u00f6rler\">Read more<\/a><\/p>\n","protected":false},"author":313,"featured_media":0,"parent":0,"menu_order":0,"comment_status":"closed","ping_status":"closed","template":"","meta":{"_joinchat":[],"footnotes":""},"class_list":["post-109429","page","type-page","status-publish"],"yoast_head":"<!-- This site is optimized with the Yoast SEO Premium plugin v27.3 (Yoast SEO v27.3) - https:\/\/yoast.com\/product\/yoast-seo-premium-wordpress\/ -->\n<title>Dizel Jenerat\u00f6rler - TDMED<\/title>\n<meta name=\"description\" content=\"Geni\u015f deneyime sahip dizel jenerat\u00f6rler. Sertifikas\u0131z motorlar ve FASE IIIA. Acil durumlar ve s\u00fcrekli \u00e7al\u0131\u015fma i\u00e7in g\u00fcvenilir gruplar.\" \/>\n<meta name=\"robots\" content=\"index, follow, max-snippet:-1, max-image-preview:large, max-video-preview:-1\" \/>\n<link rel=\"canonical\" href=\"https:\/\/tdmed.es\/tr\/dizel-jeneratorler\/\" \/>\n<meta property=\"og:locale\" content=\"tr_TR\" \/>\n<meta property=\"og:type\" content=\"article\" \/>\n<meta property=\"og:title\" content=\"Dizel Jenerat\u00f6rler\" \/>\n<meta property=\"og:description\" content=\"Geni\u015f deneyime sahip dizel jenerat\u00f6rler. Sertifikas\u0131z motorlar ve FASE IIIA. Acil durumlar ve s\u00fcrekli \u00e7al\u0131\u015fma i\u00e7in g\u00fcvenilir gruplar.\" \/>\n<meta property=\"og:url\" content=\"https:\/\/tdmed.es\/tr\/dizel-jeneratorler\/\" \/>\n<meta property=\"og:site_name\" content=\"TDMED\" \/>\n<meta property=\"article:modified_time\" content=\"2026-03-18T10:21:20+00:00\" \/>\n<meta property=\"og:image\" content=\"https:\/\/tdmed.es\/wp-content\/uploads\/2025\/05\/Generadores-Diesel-2.png\" \/>\n<meta name=\"twitter:card\" content=\"summary_large_image\" \/>\n<script type=\"application\/ld+json\" class=\"yoast-schema-graph\">{\"@context\":\"https:\\\/\\\/schema.org\",\"@graph\":[{\"@type\":\"WebPage\",\"@id\":\"https:\\\/\\\/tdmed.es\\\/tr\\\/dizel-jeneratorler\\\/\",\"url\":\"https:\\\/\\\/tdmed.es\\\/tr\\\/dizel-jeneratorler\\\/\",\"name\":\"Dizel Jenerat\u00f6rler - TDMED\",\"isPartOf\":{\"@id\":\"https:\\\/\\\/tdmed.es\\\/tr\\\/#website\"},\"primaryImageOfPage\":{\"@id\":\"https:\\\/\\\/tdmed.es\\\/tr\\\/dizel-jeneratorler\\\/#primaryimage\"},\"image\":{\"@id\":\"https:\\\/\\\/tdmed.es\\\/tr\\\/dizel-jeneratorler\\\/#primaryimage\"},\"thumbnailUrl\":\"https:\\\/\\\/tdmed.es\\\/wp-content\\\/uploads\\\/2025\\\/05\\\/Generadores-Diesel-2.png\",\"datePublished\":\"2025-07-14T23:18:53+00:00\",\"dateModified\":\"2026-03-18T10:21:20+00:00\",\"description\":\"Geni\u015f deneyime sahip dizel jenerat\u00f6rler. Sertifikas\u0131z motorlar ve FASE IIIA. Acil durumlar ve s\u00fcrekli \u00e7al\u0131\u015fma i\u00e7in g\u00fcvenilir gruplar.\",\"breadcrumb\":{\"@id\":\"https:\\\/\\\/tdmed.es\\\/tr\\\/dizel-jeneratorler\\\/#breadcrumb\"},\"inLanguage\":\"tr\",\"potentialAction\":[{\"@type\":\"ReadAction\",\"target\":[\"https:\\\/\\\/tdmed.es\\\/tr\\\/dizel-jeneratorler\\\/\"]}]},{\"@type\":\"ImageObject\",\"inLanguage\":\"tr\",\"@id\":\"https:\\\/\\\/tdmed.es\\\/tr\\\/dizel-jeneratorler\\\/#primaryimage\",\"url\":\"https:\\\/\\\/tdmed.es\\\/wp-content\\\/uploads\\\/2025\\\/05\\\/Generadores-Diesel-2.png\",\"contentUrl\":\"https:\\\/\\\/tdmed.es\\\/wp-content\\\/uploads\\\/2025\\\/05\\\/Generadores-Diesel-2.png\"},{\"@type\":\"BreadcrumbList\",\"@id\":\"https:\\\/\\\/tdmed.es\\\/tr\\\/dizel-jeneratorler\\\/#breadcrumb\",\"itemListElement\":[{\"@type\":\"ListItem\",\"position\":1,\"name\":\"Portada\",\"item\":\"https:\\\/\\\/tdmed.es\\\/tr\\\/\"},{\"@type\":\"ListItem\",\"position\":2,\"name\":\"Dizel Jenerat\u00f6rler\"}]},{\"@type\":\"WebSite\",\"@id\":\"https:\\\/\\\/tdmed.es\\\/tr\\\/#website\",\"url\":\"https:\\\/\\\/tdmed.es\\\/tr\\\/\",\"name\":\"TDMED\",\"description\":\"TDMED\",\"publisher\":{\"@id\":\"https:\\\/\\\/tdmed.es\\\/tr\\\/#organization\"},\"potentialAction\":[{\"@type\":\"SearchAction\",\"target\":{\"@type\":\"EntryPoint\",\"urlTemplate\":\"https:\\\/\\\/tdmed.es\\\/tr\\\/?s={search_term_string}\"},\"query-input\":{\"@type\":\"PropertyValueSpecification\",\"valueRequired\":true,\"valueName\":\"search_term_string\"}}],\"inLanguage\":\"tr\"},{\"@type\":\"Organization\",\"@id\":\"https:\\\/\\\/tdmed.es\\\/tr\\\/#organization\",\"name\":\"TransDiesel\",\"url\":\"https:\\\/\\\/tdmed.es\\\/tr\\\/\",\"logo\":{\"@type\":\"ImageObject\",\"inLanguage\":\"tr\",\"@id\":\"https:\\\/\\\/tdmed.es\\\/tr\\\/#\\\/schema\\\/logo\\\/image\\\/\",\"url\":\"https:\\\/\\\/tdmed.es\\\/wp-content\\\/uploads\\\/2018\\\/12\\\/NewLogo.png\",\"contentUrl\":\"https:\\\/\\\/tdmed.es\\\/wp-content\\\/uploads\\\/2018\\\/12\\\/NewLogo.png\",\"width\":800,\"height\":140,\"caption\":\"TransDiesel\"},\"image\":{\"@id\":\"https:\\\/\\\/tdmed.es\\\/tr\\\/#\\\/schema\\\/logo\\\/image\\\/\"}}]}<\/script>\n<!-- \/ Yoast SEO Premium plugin. -->","yoast_head_json":{"title":"Dizel Jenerat\u00f6rler - TDMED","description":"Geni\u015f deneyime sahip dizel jenerat\u00f6rler. Sertifikas\u0131z motorlar ve FASE IIIA. Acil durumlar ve s\u00fcrekli \u00e7al\u0131\u015fma i\u00e7in g\u00fcvenilir gruplar.","robots":{"index":"index","follow":"follow","max-snippet":"max-snippet:-1","max-image-preview":"max-image-preview:large","max-video-preview":"max-video-preview:-1"},"canonical":"https:\/\/tdmed.es\/tr\/dizel-jeneratorler\/","og_locale":"tr_TR","og_type":"article","og_title":"Dizel Jenerat\u00f6rler","og_description":"Geni\u015f deneyime sahip dizel jenerat\u00f6rler. Sertifikas\u0131z motorlar ve FASE IIIA. Acil durumlar ve s\u00fcrekli \u00e7al\u0131\u015fma i\u00e7in g\u00fcvenilir gruplar.","og_url":"https:\/\/tdmed.es\/tr\/dizel-jeneratorler\/","og_site_name":"TDMED","article_modified_time":"2026-03-18T10:21:20+00:00","og_image":[{"url":"https:\/\/tdmed.es\/wp-content\/uploads\/2025\/05\/Generadores-Diesel-2.png","type":"","width":"","height":""}],"twitter_card":"summary_large_image","schema":{"@context":"https:\/\/schema.org","@graph":[{"@type":"WebPage","@id":"https:\/\/tdmed.es\/tr\/dizel-jeneratorler\/","url":"https:\/\/tdmed.es\/tr\/dizel-jeneratorler\/","name":"Dizel Jenerat\u00f6rler - TDMED","isPartOf":{"@id":"https:\/\/tdmed.es\/tr\/#website"},"primaryImageOfPage":{"@id":"https:\/\/tdmed.es\/tr\/dizel-jeneratorler\/#primaryimage"},"image":{"@id":"https:\/\/tdmed.es\/tr\/dizel-jeneratorler\/#primaryimage"},"thumbnailUrl":"https:\/\/tdmed.es\/wp-content\/uploads\/2025\/05\/Generadores-Diesel-2.png","datePublished":"2025-07-14T23:18:53+00:00","dateModified":"2026-03-18T10:21:20+00:00","description":"Geni\u015f deneyime sahip dizel jenerat\u00f6rler. Sertifikas\u0131z motorlar ve FASE IIIA. Acil durumlar ve s\u00fcrekli \u00e7al\u0131\u015fma i\u00e7in g\u00fcvenilir gruplar.","breadcrumb":{"@id":"https:\/\/tdmed.es\/tr\/dizel-jeneratorler\/#breadcrumb"},"inLanguage":"tr","potentialAction":[{"@type":"ReadAction","target":["https:\/\/tdmed.es\/tr\/dizel-jeneratorler\/"]}]},{"@type":"ImageObject","inLanguage":"tr","@id":"https:\/\/tdmed.es\/tr\/dizel-jeneratorler\/#primaryimage","url":"https:\/\/tdmed.es\/wp-content\/uploads\/2025\/05\/Generadores-Diesel-2.png","contentUrl":"https:\/\/tdmed.es\/wp-content\/uploads\/2025\/05\/Generadores-Diesel-2.png"},{"@type":"BreadcrumbList","@id":"https:\/\/tdmed.es\/tr\/dizel-jeneratorler\/#breadcrumb","itemListElement":[{"@type":"ListItem","position":1,"name":"Portada","item":"https:\/\/tdmed.es\/tr\/"},{"@type":"ListItem","position":2,"name":"Dizel Jenerat\u00f6rler"}]},{"@type":"WebSite","@id":"https:\/\/tdmed.es\/tr\/#website","url":"https:\/\/tdmed.es\/tr\/","name":"TDMED","description":"TDMED","publisher":{"@id":"https:\/\/tdmed.es\/tr\/#organization"},"potentialAction":[{"@type":"SearchAction","target":{"@type":"EntryPoint","urlTemplate":"https:\/\/tdmed.es\/tr\/?s={search_term_string}"},"query-input":{"@type":"PropertyValueSpecification","valueRequired":true,"valueName":"search_term_string"}}],"inLanguage":"tr"},{"@type":"Organization","@id":"https:\/\/tdmed.es\/tr\/#organization","name":"TransDiesel","url":"https:\/\/tdmed.es\/tr\/","logo":{"@type":"ImageObject","inLanguage":"tr","@id":"https:\/\/tdmed.es\/tr\/#\/schema\/logo\/image\/","url":"https:\/\/tdmed.es\/wp-content\/uploads\/2018\/12\/NewLogo.png","contentUrl":"https:\/\/tdmed.es\/wp-content\/uploads\/2018\/12\/NewLogo.png","width":800,"height":140,"caption":"TransDiesel"},"image":{"@id":"https:\/\/tdmed.es\/tr\/#\/schema\/logo\/image\/"}}]}},"_links":{"self":[{"href":"https:\/\/tdmed.es\/tr\/wp-json\/wp\/v2\/pages\/109429","targetHints":{"allow":["GET"]}}],"collection":[{"href":"https:\/\/tdmed.es\/tr\/wp-json\/wp\/v2\/pages"}],"about":[{"href":"https:\/\/tdmed.es\/tr\/wp-json\/wp\/v2\/types\/page"}],"author":[{"embeddable":true,"href":"https:\/\/tdmed.es\/tr\/wp-json\/wp\/v2\/users\/313"}],"replies":[{"embeddable":true,"href":"https:\/\/tdmed.es\/tr\/wp-json\/wp\/v2\/comments?post=109429"}],"version-history":[{"count":0,"href":"https:\/\/tdmed.es\/tr\/wp-json\/wp\/v2\/pages\/109429\/revisions"}],"wp:attachment":[{"href":"https:\/\/tdmed.es\/tr\/wp-json\/wp\/v2\/media?parent=109429"}],"curies":[{"name":"wp","href":"https:\/\/api.w.org\/{rel}","templated":true}]}}