{"id":109425,"date":"2025-07-15T01:14:20","date_gmt":"2025-07-14T23:14:20","guid":{"rendered":"https:\/\/preprod.transdiesel.es\/ko-enerji%cc%87-kojenerasyon-si%cc%87stemleri%cc%87\/"},"modified":"2026-03-18T11:11:14","modified_gmt":"2026-03-18T10:11:14","slug":"ko-enerji%cc%87-kojenerasyon-si%cc%87stemleri%cc%87","status":"publish","type":"page","link":"https:\/\/tdmed.es\/tr\/ko-enerji%cc%87-kojenerasyon-si%cc%87stemleri%cc%87\/","title":{"rendered":"Ko-enerji\u0307 kojenerasyon si\u0307stemleri\u0307"},"content":{"rendered":"\t\t<div data-elementor-type=\"wp-page\" data-elementor-id=\"109425\" class=\"elementor elementor-109425 elementor-106793\" data-elementor-post-type=\"page\">\n\t\t\t\t<div data-particle_enable=\"false\" data-particle-mobile-disabled=\"false\" class=\"elementor-element elementor-element-1740918 e-flex e-con-boxed e-con e-parent\" data-id=\"1740918\" data-element_type=\"container\" data-e-type=\"container\" data-settings=\"{&quot;background_background&quot;:&quot;classic&quot;}\">\n\t\t\t\t\t<div class=\"e-con-inner\">\n\t\t\t\t\t<\/div>\n\t\t\t\t<\/div>\n\t\t<div data-particle_enable=\"false\" data-particle-mobile-disabled=\"false\" class=\"elementor-element elementor-element-8a5128d e-flex e-con-boxed e-con e-parent\" data-id=\"8a5128d\" data-element_type=\"container\" data-e-type=\"container\">\n\t\t\t\t\t<div class=\"e-con-inner\">\n\t\t<div data-particle_enable=\"false\" data-particle-mobile-disabled=\"false\" class=\"elementor-element elementor-element-611ca911 e-con-full e-flex e-con e-child\" data-id=\"611ca911\" data-element_type=\"container\" data-e-type=\"container\">\n\t\t\t\t<div class=\"elementor-element elementor-element-2c770b5 elementor-widget__width-initial elementor-widget-tablet__width-inherit elementor-widget elementor-widget-heading\" data-id=\"2c770b5\" data-element_type=\"widget\" data-e-type=\"widget\" data-widget_type=\"heading.default\">\n\t\t\t\t<div class=\"elementor-widget-container\">\n\t\t\t\t\t<h1 class=\"elementor-heading-title elementor-size-default\">Ko-enerji\u0307 kojenerasyon si\u0307stemleri\u0307<\/h1>\t\t\t\t<\/div>\n\t\t\t\t<\/div>\n\t\t\t\t<\/div>\n\t\t\t\t\t<\/div>\n\t\t\t\t<\/div>\n\t\t<div data-particle_enable=\"false\" data-particle-mobile-disabled=\"false\" class=\"elementor-element elementor-element-1798a93 e-flex e-con-boxed e-con e-parent\" data-id=\"1798a93\" data-element_type=\"container\" data-e-type=\"container\">\n\t\t\t\t\t<div class=\"e-con-inner\">\n\t\t<div data-particle_enable=\"false\" data-particle-mobile-disabled=\"false\" class=\"elementor-element elementor-element-17278db e-con-full e-flex e-con e-child\" data-id=\"17278db\" data-element_type=\"container\" data-e-type=\"container\" data-settings=\"{&quot;background_background&quot;:&quot;classic&quot;}\">\n\t\t\t\t<div class=\"elementor-element elementor-element-d9f7f49 elementor-widget elementor-widget-image\" data-id=\"d9f7f49\" data-element_type=\"widget\" data-e-type=\"widget\" data-widget_type=\"image.default\">\n\t\t\t\t<div class=\"elementor-widget-container\">\n\t\t\t\t\t\t\t\t\t\t\t\t\t\t\t<img decoding=\"async\" src=\"https:\/\/tdmed.es\/wp-content\/uploads\/2025\/05\/piscina.png\" title=\"piscina\" alt=\"Sistemas de Cogeneraci\u00f3n Co-Energy\" loading=\"lazy\" \/>\t\t\t\t\t\t\t\t\t\t\t\t\t\t\t<\/div>\n\t\t\t\t<\/div>\n\t\t\t\t<\/div>\n\t\t<div data-particle_enable=\"false\" data-particle-mobile-disabled=\"false\" class=\"elementor-element elementor-element-b01a6b6 e-con-full e-flex e-con e-child\" data-id=\"b01a6b6\" data-element_type=\"container\" data-e-type=\"container\">\n\t\t\t\t<div class=\"elementor-element elementor-element-b8aa534 elementor-widget elementor-widget-text-editor\" data-id=\"b8aa534\" data-element_type=\"widget\" data-e-type=\"widget\" data-widget_type=\"text-editor.default\">\n\t\t\t\t<div class=\"elementor-widget-container\">\n\t\t\t\t\t\t\t\t\t<p>Tamamen TDMED G\u00fc\u00e7 Sistemleri taraf\u0131ndan Coslada (Madrid) tesislerimizde \u00fcretilmi\u015ftir.<br \/>Bir jenerat\u00f6r arac\u0131l\u0131\u011f\u0131yla elektrik enerjisi \u00fcretirken ayn\u0131 zamanda silindir ceketlerinden ve egzoz gazlar\u0131ndan \u0131s\u0131 geri kazanarak termal enerji \u00fcretirler.<br \/>Co-ENERGY minimum %85 verimlilik sa\u011flayarak yak\u0131t tasarrufu sa\u011flar ve zararl\u0131 ve sera gaz\u0131 emisyonlar\u0131n\u0131 (NOX, CO, CO2) \u00f6nemli \u00f6l\u00e7\u00fcde azalt\u0131r.<\/p>\n<p>Hastaneler, oteller, konutlar, spor merkezleri ve prosesler i\u00e7in \u0131s\u0131 gerektiren end\u00fcstriyel sekt\u00f6rler gibi s\u00fcrekli elektrik, s\u0131cak su ve \u0131s\u0131tma talebi olan yeni veya mevcut tesisler i\u00e7in idealdir.<\/p>\n\t\t\t\t\t\t\t\t<\/div>\n\t\t\t\t<\/div>\n\t\t\t\t<\/div>\n\t\t\t\t\t<\/div>\n\t\t\t\t<\/div>\n\t\t<div data-particle_enable=\"false\" data-particle-mobile-disabled=\"false\" class=\"elementor-element elementor-element-696f3b1 e-flex e-con-boxed e-con e-parent\" data-id=\"696f3b1\" data-element_type=\"container\" data-e-type=\"container\">\n\t\t\t\t\t<div class=\"e-con-inner\">\n\t\t<div data-particle_enable=\"false\" data-particle-mobile-disabled=\"false\" class=\"elementor-element elementor-element-d877060 e-con-full e-flex e-con e-child\" data-id=\"d877060\" data-element_type=\"container\" data-e-type=\"container\">\n\t\t\t\t<div class=\"elementor-element elementor-element-d559499 elementor-widget elementor-widget-heading\" data-id=\"d559499\" data-element_type=\"widget\" data-e-type=\"widget\" data-widget_type=\"heading.default\">\n\t\t\t\t<div class=\"elementor-widget-container\">\n\t\t\t\t\t<h2 class=\"elementor-heading-title elementor-size-default\">Ana \u00f6zellikler<\/h2>\t\t\t\t<\/div>\n\t\t\t\t<\/div>\n\t\t<div data-particle_enable=\"false\" data-particle-mobile-disabled=\"false\" class=\"elementor-element elementor-element-2a792b4 e-con-full e-flex e-con e-child\" data-id=\"2a792b4\" data-element_type=\"container\" data-e-type=\"container\">\n\t\t<div data-particle_enable=\"false\" data-particle-mobile-disabled=\"false\" class=\"elementor-element elementor-element-f784e80 e-con-full e-flex e-con e-child\" data-id=\"f784e80\" data-element_type=\"container\" data-e-type=\"container\">\n\t\t\t\t<div class=\"elementor-element elementor-element-63676c2 elementor-position-top elementor-widget elementor-widget-image-box\" data-id=\"63676c2\" data-element_type=\"widget\" data-e-type=\"widget\" data-widget_type=\"image-box.default\">\n\t\t\t\t<div class=\"elementor-widget-container\">\n\t\t\t\t\t<div class=\"elementor-image-box-wrapper\"><figure class=\"elementor-image-box-img\"><img decoding=\"async\" width=\"128\" height=\"128\" src=\"https:\/\/tdmed.es\/wp-content\/uploads\/2025\/02\/Picture-1.png\" class=\"attachment-full size-full wp-image-107592\" alt=\"icono instalaci\u00f3n\" srcset=\"https:\/\/tdmed.es\/wp-content\/uploads\/2025\/02\/Picture-1.png 128w, https:\/\/tdmed.es\/wp-content\/uploads\/2025\/02\/Picture-1-100x100.png 100w, https:\/\/tdmed.es\/wp-content\/uploads\/2025\/02\/Picture-1-64x64.png 64w\" sizes=\"(max-width: 128px) 100vw, 128px\" \/><\/figure><div class=\"elementor-image-box-content\"><h3 class=\"elementor-image-box-title\">Kompakt<\/h3><p class=\"elementor-image-box-description\">G\u00fcr\u00fclt\u00fcy\u00fc \u00f6nlemek i\u00e7in gerekli t\u00fcm bile\u015fenleri ses ge\u00e7irmez, yal\u0131t\u0131ml\u0131 bir muhafazaya entegre eden kolay kurulum.<\/p><\/div><\/div>\t\t\t\t<\/div>\n\t\t\t\t<\/div>\n\t\t\t\t<\/div>\n\t\t<div data-particle_enable=\"false\" data-particle-mobile-disabled=\"false\" class=\"elementor-element elementor-element-db6fdcb e-con-full e-flex e-con e-child\" data-id=\"db6fdcb\" data-element_type=\"container\" data-e-type=\"container\">\n\t\t\t\t<div class=\"elementor-element elementor-element-5e998a5 elementor-position-top elementor-widget elementor-widget-image-box\" data-id=\"5e998a5\" data-element_type=\"widget\" data-e-type=\"widget\" data-widget_type=\"image-box.default\">\n\t\t\t\t<div class=\"elementor-widget-container\">\n\t\t\t\t\t<div class=\"elementor-image-box-wrapper\"><figure class=\"elementor-image-box-img\"><img decoding=\"async\" width=\"120\" height=\"120\" src=\"https:\/\/tdmed.es\/wp-content\/uploads\/2025\/02\/Picture-3.png\" class=\"attachment-full size-full wp-image-107594\" alt=\"icono equipo autom\u00e1tico\" srcset=\"https:\/\/tdmed.es\/wp-content\/uploads\/2025\/02\/Picture-3.png 120w, https:\/\/tdmed.es\/wp-content\/uploads\/2025\/02\/Picture-3-100x100.png 100w, https:\/\/tdmed.es\/wp-content\/uploads\/2025\/02\/Picture-3-64x64.png 64w\" sizes=\"(max-width: 120px) 100vw, 120px\" \/><\/figure><div class=\"elementor-image-box-content\"><h3 class=\"elementor-image-box-title\">Otomatik<\/h3><p class=\"elementor-image-box-description\">Hem elektrik hem de termal enerji \u00fcretimini y\u00f6neten elektronik bir sistemle donat\u0131lm\u0131\u015f, minimum kullan\u0131m gerektiren tam otomatik ekipman.<\/p><\/div><\/div>\t\t\t\t<\/div>\n\t\t\t\t<\/div>\n\t\t\t\t<\/div>\n\t\t\t\t<\/div>\n\t\t<div data-particle_enable=\"false\" data-particle-mobile-disabled=\"false\" class=\"elementor-element elementor-element-1fed827 e-con-full e-flex e-con e-child\" data-id=\"1fed827\" data-element_type=\"container\" data-e-type=\"container\">\n\t\t<div data-particle_enable=\"false\" data-particle-mobile-disabled=\"false\" class=\"elementor-element elementor-element-319d6d6 e-con-full e-flex e-con e-child\" data-id=\"319d6d6\" data-element_type=\"container\" data-e-type=\"container\">\n\t\t\t\t<div class=\"elementor-element elementor-element-b812b45 elementor-position-top elementor-widget elementor-widget-image-box\" data-id=\"b812b45\" data-element_type=\"widget\" data-e-type=\"widget\" data-widget_type=\"image-box.default\">\n\t\t\t\t<div class=\"elementor-widget-container\">\n\t\t\t\t\t<div class=\"elementor-image-box-wrapper\"><figure class=\"elementor-image-box-img\"><img decoding=\"async\" width=\"128\" height=\"128\" src=\"https:\/\/tdmed.es\/wp-content\/uploads\/2025\/02\/Picture-2.png\" class=\"attachment-full size-full wp-image-107593\" alt=\"icono configuraciones\" srcset=\"https:\/\/tdmed.es\/wp-content\/uploads\/2025\/02\/Picture-2.png 128w, https:\/\/tdmed.es\/wp-content\/uploads\/2025\/02\/Picture-2-100x100.png 100w, https:\/\/tdmed.es\/wp-content\/uploads\/2025\/02\/Picture-2-64x64.png 64w\" sizes=\"(max-width: 128px) 100vw, 128px\" \/><\/figure><div class=\"elementor-image-box-content\"><h3 class=\"elementor-image-box-title\">Uyarlanabilir<\/h3><p class=\"elementor-image-box-description\">Grupo Casli, Do\u011fal Gaz veya Propan ile \u00e7al\u0131\u015fan farkl\u0131 modellerle enerji ihtiya\u00e7lar\u0131na ba\u011fl\u0131 olarak \u00e7e\u015fitli muhafazalar ve konfig\u00fcrasyonlar sunar.<\/p><\/div><\/div>\t\t\t\t<\/div>\n\t\t\t\t<\/div>\n\t\t\t\t<\/div>\n\t\t<div data-particle_enable=\"false\" data-particle-mobile-disabled=\"false\" class=\"elementor-element elementor-element-366de82 e-con-full e-flex e-con e-child\" data-id=\"366de82\" data-element_type=\"container\" data-e-type=\"container\">\n\t\t\t\t<div class=\"elementor-element elementor-element-55b39f0 elementor-position-top elementor-widget elementor-widget-image-box\" data-id=\"55b39f0\" data-element_type=\"widget\" data-e-type=\"widget\" data-widget_type=\"image-box.default\">\n\t\t\t\t<div class=\"elementor-widget-container\">\n\t\t\t\t\t<div class=\"elementor-image-box-wrapper\"><figure class=\"elementor-image-box-img\"><img loading=\"lazy\" decoding=\"async\" width=\"128\" height=\"128\" src=\"https:\/\/tdmed.es\/wp-content\/uploads\/2025\/02\/Picture-4.png\" class=\"attachment-full size-full wp-image-107595\" alt=\"icono medio ambiente\" srcset=\"https:\/\/tdmed.es\/wp-content\/uploads\/2025\/02\/Picture-4.png 128w, https:\/\/tdmed.es\/wp-content\/uploads\/2025\/02\/Picture-4-100x100.png 100w, https:\/\/tdmed.es\/wp-content\/uploads\/2025\/02\/Picture-4-64x64.png 64w\" sizes=\"(max-width: 128px) 100vw, 128px\" \/><\/figure><div class=\"elementor-image-box-content\"><h3 class=\"elementor-image-box-title\">\u00c7evre dostu<\/h3><p class=\"elementor-image-box-description\">Is\u0131 e\u015fanj\u00f6rleri arac\u0131l\u0131\u011f\u0131yla elektrik jenerat\u00f6r\u00fcnden kalan \u0131s\u0131y\u0131 geri kazanarak termal enerji \u00fcretir ve birincil enerji tasarrufu sa\u011flar.<\/p><\/div><\/div>\t\t\t\t<\/div>\n\t\t\t\t<\/div>\n\t\t\t\t<\/div>\n\t\t\t\t<\/div>\n\t\t\t\t<\/div>\n\t\t<div data-particle_enable=\"false\" data-particle-mobile-disabled=\"false\" class=\"elementor-element elementor-element-98b4da5 e-con-full e-flex e-con e-child\" data-id=\"98b4da5\" data-element_type=\"container\" data-e-type=\"container\" data-settings=\"{&quot;background_background&quot;:&quot;classic&quot;}\">\n\t\t\t\t<div class=\"elementor-element elementor-element-5a14ce1 elementor-widget elementor-widget-image\" data-id=\"5a14ce1\" data-element_type=\"widget\" data-e-type=\"widget\" data-widget_type=\"image.default\">\n\t\t\t\t<div class=\"elementor-widget-container\">\n\t\t\t\t\t\t\t\t\t\t\t\t\t\t\t<img decoding=\"async\" src=\"https:\/\/tdmed.es\/wp-content\/uploads\/2025\/05\/instalacion.png\" title=\"instalacion\" alt=\"Sistemas de Cogeneraci\u00f3n Co-Energy\" loading=\"lazy\" \/>\t\t\t\t\t\t\t\t\t\t\t\t\t\t\t<\/div>\n\t\t\t\t<\/div>\n\t\t\t\t<\/div>\n\t\t\t\t\t<\/div>\n\t\t\t\t<\/div>\n\t\t<div data-particle_enable=\"false\" data-particle-mobile-disabled=\"false\" class=\"elementor-element elementor-element-cb0117d e-flex e-con-boxed e-con e-parent\" data-id=\"cb0117d\" data-element_type=\"container\" data-e-type=\"container\">\n\t\t\t\t\t<div class=\"e-con-inner\">\n\t\t<div data-particle_enable=\"false\" data-particle-mobile-disabled=\"false\" class=\"elementor-element elementor-element-0eaff4a e-con-full e-flex e-con e-child\" data-id=\"0eaff4a\" data-element_type=\"container\" data-e-type=\"container\" data-settings=\"{&quot;background_background&quot;:&quot;classic&quot;}\">\n\t\t\t\t<div class=\"elementor-element elementor-element-da270b6 elementor-widget elementor-widget-image\" data-id=\"da270b6\" data-element_type=\"widget\" data-e-type=\"widget\" data-widget_type=\"image.default\">\n\t\t\t\t<div class=\"elementor-widget-container\">\n\t\t\t\t\t\t\t\t\t\t\t\t\t\t\t<img decoding=\"async\" src=\"https:\/\/tdmed.es\/wp-content\/uploads\/2025\/05\/generador.png\" title=\"generador\" alt=\"Sistemas de Cogeneraci\u00f3n Co-Energy - Apoyo al sistema de calefacci\u00f3n y agua caliente\" loading=\"lazy\" \/>\t\t\t\t\t\t\t\t\t\t\t\t\t\t\t<\/div>\n\t\t\t\t<\/div>\n\t\t\t\t<\/div>\n\t\t<div data-particle_enable=\"false\" data-particle-mobile-disabled=\"false\" class=\"elementor-element elementor-element-947f67e e-con-full e-flex e-con e-child\" data-id=\"947f67e\" data-element_type=\"container\" data-e-type=\"container\">\n\t\t\t\t<div class=\"elementor-element elementor-element-d64cd98 elementor-widget elementor-widget-heading\" data-id=\"d64cd98\" data-element_type=\"widget\" data-e-type=\"widget\" data-widget_type=\"heading.default\">\n\t\t\t\t<div class=\"elementor-widget-container\">\n\t\t\t\t\t<h3 class=\"elementor-heading-title elementor-size-default\">Nas\u0131l \u00e7al\u0131\u015f\u0131r?<\/h3>\t\t\t\t<\/div>\n\t\t\t\t<\/div>\n\t\t\t\t<div class=\"elementor-element elementor-element-a7d4230 elementor-widget elementor-widget-text-editor\" data-id=\"a7d4230\" data-element_type=\"widget\" data-e-type=\"widget\" data-widget_type=\"text-editor.default\">\n\t\t\t\t<div class=\"elementor-widget-container\">\n\t\t\t\t\t\t\t\t\t<p>Co-ENERGY mevcut \u0131s\u0131tma ve s\u0131cak su sistemlerini destekler. Elektrik \u00fcretiminin yan\u0131 s\u0131ra \u00fcretilen \u0131s\u0131, \u0131s\u0131 e\u015fanj\u00f6rleri taraf\u0131ndan geri kazan\u0131l\u0131r ve tampon g\u00f6revi g\u00f6ren ak\u00fcm\u00fclat\u00f6rlerde veya atalet tanklar\u0131nda depolan\u0131r, ard\u0131ndan gerekti\u011finde t\u00fcketilir.<\/p><p>Co-ENERGY tamamen otomatiktir, kullan\u0131c\u0131 m\u00fcdahalesini azalt\u0131r ve hem elektrik hem de termal enerji \u00e7\u0131k\u0131\u015f\u0131n\u0131 kontrol eden elektronik bir sistem taraf\u0131ndan y\u00f6netilir.<\/p><p><a href=\"https:\/\/caslienergy.es\/wp-content\/uploads\/2019\/10\/co-energy.pdf\" target=\"_blank\" rel=\"noopener\">Daha fazla bilgi<\/a><\/p>\t\t\t\t\t\t\t\t<\/div>\n\t\t\t\t<\/div>\n\t\t\t\t<\/div>\n\t\t\t\t\t<\/div>\n\t\t\t\t<\/div>\n\t\t\t\t<\/div>\n\t\t","protected":false},"excerpt":{"rendered":"<p>Ko-enerji\u0307 kojenerasyon si\u0307stemleri\u0307 Tamamen TDMED G\u00fc\u00e7 Sistemleri taraf\u0131ndan Coslada (Madrid) tesislerimizde \u00fcretilmi\u015ftir.Bir jenerat\u00f6r arac\u0131l\u0131\u011f\u0131yla elektrik enerjisi \u00fcretirken ayn\u0131 zamanda silindir ceketlerinden ve egzoz gazlar\u0131ndan \u0131s\u0131 &#8230; <\/p>\n<p class=\"read-more-container\"><a title=\"Ko-enerji\u0307 kojenerasyon si\u0307stemleri\u0307\" class=\"read-more button\" href=\"https:\/\/tdmed.es\/tr\/ko-enerji%cc%87-kojenerasyon-si%cc%87stemleri%cc%87\/#more-109425\" aria-label=\"Read more about Ko-enerji\u0307 kojenerasyon si\u0307stemleri\u0307\">Read more<\/a><\/p>\n","protected":false},"author":313,"featured_media":0,"parent":0,"menu_order":0,"comment_status":"closed","ping_status":"closed","template":"","meta":{"_joinchat":[],"footnotes":""},"class_list":["post-109425","page","type-page","status-publish"],"yoast_head":"<!-- This site is optimized with the Yoast SEO Premium plugin v27.3 (Yoast SEO v27.3) - https:\/\/yoast.com\/product\/yoast-seo-premium-wordpress\/ -->\n<title>Ko-enerji\u0307 kojenerasyon si\u0307stemleri\u0307 - TDMED<\/title>\n<meta name=\"description\" content=\"Ko-enerji\u0307 kojenerasyon sistemleri: verimlilik, elektrik + \u0131s\u0131. Yak\u0131t tasarrufu, azalt\u0131lm\u0131\u015f emisyonlar ve otomatik y\u00f6netim.\" \/>\n<meta name=\"robots\" content=\"index, follow, max-snippet:-1, max-image-preview:large, max-video-preview:-1\" \/>\n<link rel=\"canonical\" href=\"https:\/\/tdmed.es\/tr\/ko-enerji%cc%87-kojenerasyon-si%cc%87stemleri%cc%87\/\" \/>\n<meta property=\"og:locale\" content=\"tr_TR\" \/>\n<meta property=\"og:type\" content=\"article\" \/>\n<meta property=\"og:title\" content=\"Ko-enerji\u0307 kojenerasyon si\u0307stemleri\u0307\" \/>\n<meta property=\"og:description\" content=\"Ko-enerji\u0307 kojenerasyon sistemleri: verimlilik, elektrik + \u0131s\u0131. Yak\u0131t tasarrufu, azalt\u0131lm\u0131\u015f emisyonlar ve otomatik y\u00f6netim.\" \/>\n<meta property=\"og:url\" content=\"https:\/\/tdmed.es\/tr\/ko-enerji%cc%87-kojenerasyon-si%cc%87stemleri%cc%87\/\" \/>\n<meta property=\"og:site_name\" content=\"TDMED\" \/>\n<meta property=\"article:modified_time\" content=\"2026-03-18T10:11:14+00:00\" \/>\n<meta property=\"og:image\" content=\"https:\/\/tdmed.es\/wp-content\/uploads\/2025\/05\/piscina.png\" \/>\n<meta name=\"twitter:card\" content=\"summary_large_image\" \/>\n<script type=\"application\/ld+json\" class=\"yoast-schema-graph\">{\"@context\":\"https:\\\/\\\/schema.org\",\"@graph\":[{\"@type\":\"WebPage\",\"@id\":\"https:\\\/\\\/tdmed.es\\\/tr\\\/ko-enerji%cc%87-kojenerasyon-si%cc%87stemleri%cc%87\\\/\",\"url\":\"https:\\\/\\\/tdmed.es\\\/tr\\\/ko-enerji%cc%87-kojenerasyon-si%cc%87stemleri%cc%87\\\/\",\"name\":\"Ko-enerji\u0307 kojenerasyon si\u0307stemleri\u0307 - TDMED\",\"isPartOf\":{\"@id\":\"https:\\\/\\\/tdmed.es\\\/tr\\\/#website\"},\"primaryImageOfPage\":{\"@id\":\"https:\\\/\\\/tdmed.es\\\/tr\\\/ko-enerji%cc%87-kojenerasyon-si%cc%87stemleri%cc%87\\\/#primaryimage\"},\"image\":{\"@id\":\"https:\\\/\\\/tdmed.es\\\/tr\\\/ko-enerji%cc%87-kojenerasyon-si%cc%87stemleri%cc%87\\\/#primaryimage\"},\"thumbnailUrl\":\"https:\\\/\\\/tdmed.es\\\/wp-content\\\/uploads\\\/2025\\\/05\\\/piscina.png\",\"datePublished\":\"2025-07-14T23:14:20+00:00\",\"dateModified\":\"2026-03-18T10:11:14+00:00\",\"description\":\"Ko-enerji\u0307 kojenerasyon sistemleri: verimlilik, elektrik + \u0131s\u0131. Yak\u0131t tasarrufu, azalt\u0131lm\u0131\u015f emisyonlar ve otomatik y\u00f6netim.\",\"breadcrumb\":{\"@id\":\"https:\\\/\\\/tdmed.es\\\/tr\\\/ko-enerji%cc%87-kojenerasyon-si%cc%87stemleri%cc%87\\\/#breadcrumb\"},\"inLanguage\":\"tr\",\"potentialAction\":[{\"@type\":\"ReadAction\",\"target\":[\"https:\\\/\\\/tdmed.es\\\/tr\\\/ko-enerji%cc%87-kojenerasyon-si%cc%87stemleri%cc%87\\\/\"]}]},{\"@type\":\"ImageObject\",\"inLanguage\":\"tr\",\"@id\":\"https:\\\/\\\/tdmed.es\\\/tr\\\/ko-enerji%cc%87-kojenerasyon-si%cc%87stemleri%cc%87\\\/#primaryimage\",\"url\":\"https:\\\/\\\/tdmed.es\\\/wp-content\\\/uploads\\\/2025\\\/05\\\/piscina.png\",\"contentUrl\":\"https:\\\/\\\/tdmed.es\\\/wp-content\\\/uploads\\\/2025\\\/05\\\/piscina.png\"},{\"@type\":\"BreadcrumbList\",\"@id\":\"https:\\\/\\\/tdmed.es\\\/tr\\\/ko-enerji%cc%87-kojenerasyon-si%cc%87stemleri%cc%87\\\/#breadcrumb\",\"itemListElement\":[{\"@type\":\"ListItem\",\"position\":1,\"name\":\"Portada\",\"item\":\"https:\\\/\\\/tdmed.es\\\/tr\\\/\"},{\"@type\":\"ListItem\",\"position\":2,\"name\":\"Ko-enerji\u0307 kojenerasyon si\u0307stemleri\u0307\"}]},{\"@type\":\"WebSite\",\"@id\":\"https:\\\/\\\/tdmed.es\\\/tr\\\/#website\",\"url\":\"https:\\\/\\\/tdmed.es\\\/tr\\\/\",\"name\":\"TDMED\",\"description\":\"TDMED\",\"publisher\":{\"@id\":\"https:\\\/\\\/tdmed.es\\\/tr\\\/#organization\"},\"potentialAction\":[{\"@type\":\"SearchAction\",\"target\":{\"@type\":\"EntryPoint\",\"urlTemplate\":\"https:\\\/\\\/tdmed.es\\\/tr\\\/?s={search_term_string}\"},\"query-input\":{\"@type\":\"PropertyValueSpecification\",\"valueRequired\":true,\"valueName\":\"search_term_string\"}}],\"inLanguage\":\"tr\"},{\"@type\":\"Organization\",\"@id\":\"https:\\\/\\\/tdmed.es\\\/tr\\\/#organization\",\"name\":\"TransDiesel\",\"url\":\"https:\\\/\\\/tdmed.es\\\/tr\\\/\",\"logo\":{\"@type\":\"ImageObject\",\"inLanguage\":\"tr\",\"@id\":\"https:\\\/\\\/tdmed.es\\\/tr\\\/#\\\/schema\\\/logo\\\/image\\\/\",\"url\":\"https:\\\/\\\/tdmed.es\\\/wp-content\\\/uploads\\\/2018\\\/12\\\/NewLogo.png\",\"contentUrl\":\"https:\\\/\\\/tdmed.es\\\/wp-content\\\/uploads\\\/2018\\\/12\\\/NewLogo.png\",\"width\":800,\"height\":140,\"caption\":\"TransDiesel\"},\"image\":{\"@id\":\"https:\\\/\\\/tdmed.es\\\/tr\\\/#\\\/schema\\\/logo\\\/image\\\/\"}}]}<\/script>\n<!-- \/ Yoast SEO Premium plugin. -->","yoast_head_json":{"title":"Ko-enerji\u0307 kojenerasyon si\u0307stemleri\u0307 - TDMED","description":"Ko-enerji\u0307 kojenerasyon sistemleri: verimlilik, elektrik + \u0131s\u0131. Yak\u0131t tasarrufu, azalt\u0131lm\u0131\u015f emisyonlar ve otomatik y\u00f6netim.","robots":{"index":"index","follow":"follow","max-snippet":"max-snippet:-1","max-image-preview":"max-image-preview:large","max-video-preview":"max-video-preview:-1"},"canonical":"https:\/\/tdmed.es\/tr\/ko-enerji%cc%87-kojenerasyon-si%cc%87stemleri%cc%87\/","og_locale":"tr_TR","og_type":"article","og_title":"Ko-enerji\u0307 kojenerasyon si\u0307stemleri\u0307","og_description":"Ko-enerji\u0307 kojenerasyon sistemleri: verimlilik, elektrik + \u0131s\u0131. Yak\u0131t tasarrufu, azalt\u0131lm\u0131\u015f emisyonlar ve otomatik y\u00f6netim.","og_url":"https:\/\/tdmed.es\/tr\/ko-enerji%cc%87-kojenerasyon-si%cc%87stemleri%cc%87\/","og_site_name":"TDMED","article_modified_time":"2026-03-18T10:11:14+00:00","og_image":[{"url":"https:\/\/tdmed.es\/wp-content\/uploads\/2025\/05\/piscina.png","type":"","width":"","height":""}],"twitter_card":"summary_large_image","schema":{"@context":"https:\/\/schema.org","@graph":[{"@type":"WebPage","@id":"https:\/\/tdmed.es\/tr\/ko-enerji%cc%87-kojenerasyon-si%cc%87stemleri%cc%87\/","url":"https:\/\/tdmed.es\/tr\/ko-enerji%cc%87-kojenerasyon-si%cc%87stemleri%cc%87\/","name":"Ko-enerji\u0307 kojenerasyon si\u0307stemleri\u0307 - TDMED","isPartOf":{"@id":"https:\/\/tdmed.es\/tr\/#website"},"primaryImageOfPage":{"@id":"https:\/\/tdmed.es\/tr\/ko-enerji%cc%87-kojenerasyon-si%cc%87stemleri%cc%87\/#primaryimage"},"image":{"@id":"https:\/\/tdmed.es\/tr\/ko-enerji%cc%87-kojenerasyon-si%cc%87stemleri%cc%87\/#primaryimage"},"thumbnailUrl":"https:\/\/tdmed.es\/wp-content\/uploads\/2025\/05\/piscina.png","datePublished":"2025-07-14T23:14:20+00:00","dateModified":"2026-03-18T10:11:14+00:00","description":"Ko-enerji\u0307 kojenerasyon sistemleri: verimlilik, elektrik + \u0131s\u0131. Yak\u0131t tasarrufu, azalt\u0131lm\u0131\u015f emisyonlar ve otomatik y\u00f6netim.","breadcrumb":{"@id":"https:\/\/tdmed.es\/tr\/ko-enerji%cc%87-kojenerasyon-si%cc%87stemleri%cc%87\/#breadcrumb"},"inLanguage":"tr","potentialAction":[{"@type":"ReadAction","target":["https:\/\/tdmed.es\/tr\/ko-enerji%cc%87-kojenerasyon-si%cc%87stemleri%cc%87\/"]}]},{"@type":"ImageObject","inLanguage":"tr","@id":"https:\/\/tdmed.es\/tr\/ko-enerji%cc%87-kojenerasyon-si%cc%87stemleri%cc%87\/#primaryimage","url":"https:\/\/tdmed.es\/wp-content\/uploads\/2025\/05\/piscina.png","contentUrl":"https:\/\/tdmed.es\/wp-content\/uploads\/2025\/05\/piscina.png"},{"@type":"BreadcrumbList","@id":"https:\/\/tdmed.es\/tr\/ko-enerji%cc%87-kojenerasyon-si%cc%87stemleri%cc%87\/#breadcrumb","itemListElement":[{"@type":"ListItem","position":1,"name":"Portada","item":"https:\/\/tdmed.es\/tr\/"},{"@type":"ListItem","position":2,"name":"Ko-enerji\u0307 kojenerasyon si\u0307stemleri\u0307"}]},{"@type":"WebSite","@id":"https:\/\/tdmed.es\/tr\/#website","url":"https:\/\/tdmed.es\/tr\/","name":"TDMED","description":"TDMED","publisher":{"@id":"https:\/\/tdmed.es\/tr\/#organization"},"potentialAction":[{"@type":"SearchAction","target":{"@type":"EntryPoint","urlTemplate":"https:\/\/tdmed.es\/tr\/?s={search_term_string}"},"query-input":{"@type":"PropertyValueSpecification","valueRequired":true,"valueName":"search_term_string"}}],"inLanguage":"tr"},{"@type":"Organization","@id":"https:\/\/tdmed.es\/tr\/#organization","name":"TransDiesel","url":"https:\/\/tdmed.es\/tr\/","logo":{"@type":"ImageObject","inLanguage":"tr","@id":"https:\/\/tdmed.es\/tr\/#\/schema\/logo\/image\/","url":"https:\/\/tdmed.es\/wp-content\/uploads\/2018\/12\/NewLogo.png","contentUrl":"https:\/\/tdmed.es\/wp-content\/uploads\/2018\/12\/NewLogo.png","width":800,"height":140,"caption":"TransDiesel"},"image":{"@id":"https:\/\/tdmed.es\/tr\/#\/schema\/logo\/image\/"}}]}},"_links":{"self":[{"href":"https:\/\/tdmed.es\/tr\/wp-json\/wp\/v2\/pages\/109425","targetHints":{"allow":["GET"]}}],"collection":[{"href":"https:\/\/tdmed.es\/tr\/wp-json\/wp\/v2\/pages"}],"about":[{"href":"https:\/\/tdmed.es\/tr\/wp-json\/wp\/v2\/types\/page"}],"author":[{"embeddable":true,"href":"https:\/\/tdmed.es\/tr\/wp-json\/wp\/v2\/users\/313"}],"replies":[{"embeddable":true,"href":"https:\/\/tdmed.es\/tr\/wp-json\/wp\/v2\/comments?post=109425"}],"version-history":[{"count":0,"href":"https:\/\/tdmed.es\/tr\/wp-json\/wp\/v2\/pages\/109425\/revisions"}],"wp:attachment":[{"href":"https:\/\/tdmed.es\/tr\/wp-json\/wp\/v2\/media?parent=109425"}],"curies":[{"name":"wp","href":"https:\/\/api.w.org\/{rel}","templated":true}]}}