{"id":109423,"date":"2025-07-15T01:11:04","date_gmt":"2025-07-14T23:11:04","guid":{"rendered":"https:\/\/preprod.transdiesel.es\/hibrit-jeneratorler-hyb-energy\/"},"modified":"2026-03-18T10:58:51","modified_gmt":"2026-03-18T09:58:51","slug":"hibrit-jeneratorler-hyb-energy","status":"publish","type":"page","link":"https:\/\/tdmed.es\/tr\/hibrit-jeneratorler-hyb-energy\/","title":{"rendered":"Hibrit Jenerat\u00f6rler Hyb-Energy"},"content":{"rendered":"\t\t<div data-elementor-type=\"wp-page\" data-elementor-id=\"109423\" class=\"elementor elementor-109423 elementor-106787\" data-elementor-post-type=\"page\">\n\t\t\t\t<div data-particle_enable=\"false\" data-particle-mobile-disabled=\"false\" class=\"elementor-element elementor-element-fc286fd e-flex e-con-boxed e-con e-parent\" data-id=\"fc286fd\" data-element_type=\"container\" data-e-type=\"container\" data-settings=\"{&quot;background_background&quot;:&quot;classic&quot;}\">\n\t\t\t\t\t<div class=\"e-con-inner\">\n\t\t\t\t\t<\/div>\n\t\t\t\t<\/div>\n\t\t<div data-particle_enable=\"false\" data-particle-mobile-disabled=\"false\" class=\"elementor-element elementor-element-717dbc4f e-flex e-con-boxed e-con e-parent\" data-id=\"717dbc4f\" data-element_type=\"container\" data-e-type=\"container\">\n\t\t\t\t\t<div class=\"e-con-inner\">\n\t\t<div data-particle_enable=\"false\" data-particle-mobile-disabled=\"false\" class=\"elementor-element elementor-element-509ae6cb e-con-full e-flex e-con e-child\" data-id=\"509ae6cb\" data-element_type=\"container\" data-e-type=\"container\">\n\t\t\t\t<div class=\"elementor-element elementor-element-a9d5649 elementor-widget__width-initial elementor-widget-tablet__width-inherit elementor-widget elementor-widget-heading\" data-id=\"a9d5649\" data-element_type=\"widget\" data-e-type=\"widget\" data-widget_type=\"heading.default\">\n\t\t\t\t<div class=\"elementor-widget-container\">\n\t\t\t\t\t<h1 class=\"elementor-heading-title elementor-size-default\">Hibrit Jenerat\u00f6rler Hyb-Energy<\/h1>\t\t\t\t<\/div>\n\t\t\t\t<\/div>\n\t\t\t\t<\/div>\n\t\t\t\t\t<\/div>\n\t\t\t\t<\/div>\n\t\t<div data-particle_enable=\"false\" data-particle-mobile-disabled=\"false\" class=\"elementor-element elementor-element-c2e7de3 e-flex e-con-boxed e-con e-parent\" data-id=\"c2e7de3\" data-element_type=\"container\" data-e-type=\"container\">\n\t\t\t\t\t<div class=\"e-con-inner\">\n\t\t<div data-particle_enable=\"false\" data-particle-mobile-disabled=\"false\" class=\"elementor-element elementor-element-508aedf e-con-full e-flex e-con e-child\" data-id=\"508aedf\" data-element_type=\"container\" data-e-type=\"container\" data-settings=\"{&quot;background_background&quot;:&quot;classic&quot;}\">\n\t\t\t\t<div class=\"elementor-element elementor-element-04878b8 elementor-widget elementor-widget-image\" data-id=\"04878b8\" data-element_type=\"widget\" data-e-type=\"widget\" data-widget_type=\"image.default\">\n\t\t\t\t<div class=\"elementor-widget-container\">\n\t\t\t\t\t\t\t\t\t\t\t\t\t\t\t<img decoding=\"async\" src=\"https:\/\/tdmed.es\/wp-content\/uploads\/2025\/06\/hyb-energy.png\" title=\"hyb energy\" alt=\"Generadores Hibridos HYB-Energy\" loading=\"lazy\" \/>\t\t\t\t\t\t\t\t\t\t\t\t\t\t\t<\/div>\n\t\t\t\t<\/div>\n\t\t\t\t<\/div>\n\t\t<div data-particle_enable=\"false\" data-particle-mobile-disabled=\"false\" class=\"elementor-element elementor-element-489961b e-con-full e-flex e-con e-child\" data-id=\"489961b\" data-element_type=\"container\" data-e-type=\"container\">\n\t\t\t\t<div class=\"elementor-element elementor-element-e0c4560 elementor-widget elementor-widget-text-editor\" data-id=\"e0c4560\" data-element_type=\"widget\" data-e-type=\"widget\" data-widget_type=\"text-editor.default\">\n\t\t\t\t<div class=\"elementor-widget-container\">\n\t\t\t\t\t\t\t\t\t<p>HYB-ENERGY, \u015febekeden ba\u011f\u0131ms\u0131z evler i\u00e7in \u00f6zel olarak tasarlanm\u0131\u015f hibrit bir jenerat\u00f6rd\u00fcr.<br \/>S\u00fcrekli g\u00fc\u00e7 kayna\u011f\u0131 sa\u011flamak i\u00e7in bir propan veya dizel jenerat\u00f6r taraf\u0131ndan desteklenen g\u00fcne\u015f panelleri ve\/veya r\u00fczgar t\u00fcrbinleri gibi yenilenebilir kaynaklardan g\u00fc\u00e7 al\u0131r. Geleneksel dizel jenerat\u00f6rlere k\u0131yasla %70&#8217;e varan tasarruf sa\u011flar.<\/p>\n<ul>\n<li><strong>\u00c7al\u0131\u015fma \u015fekli:<\/strong> Ak\u00fcler g\u00fc\u00e7 sa\u011flarken jenerat\u00f6r kapal\u0131 kal\u0131r; ak\u00fc \u015farj\u0131 azald\u0131\u011f\u0131nda otomatik olarak \u00e7al\u0131\u015f\u0131r.<\/li>\n<li><strong>Teknoloji:<\/strong> Jenerat\u00f6r\u00fcn AC g\u00fcc\u00fcn\u00fc ak\u00fc depolama i\u00e7in DC&#8217;ye d\u00f6n\u00fc\u015ft\u00fcren bir VICTRON invert\u00f6r-\u015farj cihaz\u0131 i\u00e7erir. Ak\u00fcler hem jenerat\u00f6rden hem de g\u00fcne\u015f panellerinden enerji al\u0131r. HYB-ENERGY, fotovoltaik destekli sistemlerde ak\u00fc \u015farj\u0131n\u0131 d\u00fczenlemek i\u00e7in bir solar \u015farj kontrol\u00f6r\u00fc i\u00e7erir.<\/li>\n<\/ul>\n\t\t\t\t\t\t\t\t<\/div>\n\t\t\t\t<\/div>\n\t\t\t\t<\/div>\n\t\t\t\t\t<\/div>\n\t\t\t\t<\/div>\n\t\t<div data-particle_enable=\"false\" data-particle-mobile-disabled=\"false\" class=\"elementor-element elementor-element-abcfdc1 e-flex e-con-boxed e-con e-parent\" data-id=\"abcfdc1\" data-element_type=\"container\" data-e-type=\"container\">\n\t\t\t\t\t<div class=\"e-con-inner\">\n\t\t<div data-particle_enable=\"false\" data-particle-mobile-disabled=\"false\" class=\"elementor-element elementor-element-1a84627 e-con-full e-flex e-con e-child\" data-id=\"1a84627\" data-element_type=\"container\" data-e-type=\"container\">\n\t\t\t\t<div class=\"elementor-element elementor-element-0e9f4c4 elementor-widget elementor-widget-heading\" data-id=\"0e9f4c4\" data-element_type=\"widget\" data-e-type=\"widget\" data-widget_type=\"heading.default\">\n\t\t\t\t<div class=\"elementor-widget-container\">\n\t\t\t\t\t<h2 class=\"elementor-heading-title elementor-size-default\">Gaz kullanman\u0131n avantajlar\u0131<\/h2>\t\t\t\t<\/div>\n\t\t\t\t<\/div>\n\t\t\t\t<div class=\"elementor-element elementor-element-eb9a68b elementor-widget elementor-widget-text-editor\" data-id=\"eb9a68b\" data-element_type=\"widget\" data-e-type=\"widget\" data-widget_type=\"text-editor.default\">\n\t\t\t\t<div class=\"elementor-widget-container\">\n\t\t\t\t\t\t\t\t\t<ul>\n<li>Tek bir enerji kayna\u011f\u0131 hem elektrik i\u00e7in jenerat\u00f6re hem de termal enerji i\u00e7in bir kazana g\u00fc\u00e7 sa\u011flayabilir. Tek bir yak\u0131tla t\u00fcm enerji ihtiya\u00e7lar\u0131n\u0131 kar\u015f\u0131layarak yemek pi\u015firmek i\u00e7in de kullan\u0131labilir.<\/li>\n<li>Dizel ile kar\u015f\u0131la\u015ft\u0131r\u0131ld\u0131\u011f\u0131nda gaz, NOX emisyonlar\u0131n\u0131 %95, partik\u00fcl maddeyi %99, CO2 emisyonlar\u0131n\u0131 %15 ve g\u00fcr\u00fclt\u00fc kirlili\u011fini %50 oran\u0131nda azalt\u0131r.<\/li>\n<li>Grupo Casli&#8217;nin b\u00fcy\u00fck LPG tedarik\u00e7ileri ile m\u00fc\u015fterilerine tedarik, depolama tanklar\u0131 ve bak\u0131m konular\u0131nda avantajlar ve indirimler sunan anla\u015fmalar\u0131 bulunmaktad\u0131r.<\/li>\n<\/ul>\n\t\t\t\t\t\t\t\t<\/div>\n\t\t\t\t<\/div>\n\t\t\t\t<\/div>\n\t\t<div data-particle_enable=\"false\" data-particle-mobile-disabled=\"false\" class=\"elementor-element elementor-element-bbf6381 e-con-full e-flex e-con e-child\" data-id=\"bbf6381\" data-element_type=\"container\" data-e-type=\"container\" data-settings=\"{&quot;background_background&quot;:&quot;classic&quot;}\">\n\t\t\t\t<div class=\"elementor-element elementor-element-a167b1e elementor-widget elementor-widget-image\" data-id=\"a167b1e\" data-element_type=\"widget\" data-e-type=\"widget\" data-widget_type=\"image.default\">\n\t\t\t\t<div class=\"elementor-widget-container\">\n\t\t\t\t\t\t\t\t\t\t\t\t\t\t\t<img decoding=\"async\" src=\"https:\/\/tdmed.es\/wp-content\/uploads\/2025\/06\/hyb-energy-2.png\" title=\"hyb energy 2\" alt=\"Generadores Hibridos HYB-Energy - Ventajas del uso del gas\" loading=\"lazy\" \/>\t\t\t\t\t\t\t\t\t\t\t\t\t\t\t<\/div>\n\t\t\t\t<\/div>\n\t\t\t\t<\/div>\n\t\t\t\t\t<\/div>\n\t\t\t\t<\/div>\n\t\t<div data-particle_enable=\"false\" data-particle-mobile-disabled=\"false\" class=\"elementor-element elementor-element-2645b66 e-flex e-con-boxed e-con e-parent\" data-id=\"2645b66\" data-element_type=\"container\" data-e-type=\"container\">\n\t\t\t\t\t<div class=\"e-con-inner\">\n\t\t<div data-particle_enable=\"false\" data-particle-mobile-disabled=\"false\" class=\"elementor-element elementor-element-e4b52cc e-con-full e-flex e-con e-child\" data-id=\"e4b52cc\" data-element_type=\"container\" data-e-type=\"container\" data-settings=\"{&quot;background_background&quot;:&quot;classic&quot;}\">\n\t\t\t\t<div class=\"elementor-element elementor-element-327abec elementor-widget elementor-widget-image\" data-id=\"327abec\" data-element_type=\"widget\" data-e-type=\"widget\" data-widget_type=\"image.default\">\n\t\t\t\t<div class=\"elementor-widget-container\">\n\t\t\t\t\t\t\t\t\t\t\t\t\t\t\t<img decoding=\"async\" src=\"https:\/\/tdmed.es\/wp-content\/uploads\/2025\/06\/generadores-hibridos-hyb.png\" title=\"generadores hibridos hyb\" alt=\"Generadores Hibridos HYB-Energy - Monitorizaci\u00f3n y control remoto\" loading=\"lazy\" \/>\t\t\t\t\t\t\t\t\t\t\t\t\t\t\t<\/div>\n\t\t\t\t<\/div>\n\t\t\t\t<\/div>\n\t\t<div data-particle_enable=\"false\" data-particle-mobile-disabled=\"false\" class=\"elementor-element elementor-element-4fb9031 e-con-full e-flex e-con e-child\" data-id=\"4fb9031\" data-element_type=\"container\" data-e-type=\"container\">\n\t\t\t\t<div class=\"elementor-element elementor-element-3901bc4 elementor-widget elementor-widget-heading\" data-id=\"3901bc4\" data-element_type=\"widget\" data-e-type=\"widget\" data-widget_type=\"heading.default\">\n\t\t\t\t<div class=\"elementor-widget-container\">\n\t\t\t\t\t<h3 class=\"elementor-heading-title elementor-size-default\">Uzaktan izleme ve kontrol<\/h3>\t\t\t\t<\/div>\n\t\t\t\t<\/div>\n\t\t\t\t<div class=\"elementor-element elementor-element-fc97424 elementor-widget elementor-widget-text-editor\" data-id=\"fc97424\" data-element_type=\"widget\" data-e-type=\"widget\" data-widget_type=\"text-editor.default\">\n\t\t\t\t<div class=\"elementor-widget-container\">\n\t\t\t\t\t\t\t\t\t<p>HYB-ENERGY, bilgisayar veya mobil cihazlar arac\u0131l\u0131\u011f\u0131yla izleme ve kontrol sa\u011flayan bir sistem i\u00e7erir. Kullan\u0131c\u0131lar ak\u00fc \u015farj\u0131n\u0131, mevcut enerji t\u00fcketimini, yenilenebilir enerji giri\u015fini sezgisel olarak kontrol edebilir, jenerat\u00f6r\u00fc uzaktan ba\u015flatabilir ve se\u00e7ilen tarih aral\u0131klar\u0131ndaki t\u00fcketim raporlar\u0131n\u0131 inceleyebilir.<\/p>\n\t\t\t\t\t\t\t\t<\/div>\n\t\t\t\t<\/div>\n\t\t\t\t<\/div>\n\t\t\t\t\t<\/div>\n\t\t\t\t<\/div>\n\t\t<div data-particle_enable=\"false\" data-particle-mobile-disabled=\"false\" class=\"elementor-element elementor-element-ce5a3e6 e-flex e-con-boxed e-con e-parent\" data-id=\"ce5a3e6\" data-element_type=\"container\" data-e-type=\"container\">\n\t\t\t\t\t<div class=\"e-con-inner\">\n\t\t<div data-particle_enable=\"false\" data-particle-mobile-disabled=\"false\" class=\"elementor-element elementor-element-123b309 e-con-full e-flex e-con e-child\" data-id=\"123b309\" data-element_type=\"container\" data-e-type=\"container\">\n\t\t\t\t<div class=\"elementor-element elementor-element-bbbcd68 elementor-widget elementor-widget-heading\" data-id=\"bbbcd68\" data-element_type=\"widget\" data-e-type=\"widget\" data-widget_type=\"heading.default\">\n\t\t\t\t<div class=\"elementor-widget-container\">\n\t\t\t\t\t<h3 class=\"elementor-heading-title elementor-size-default\">Tek Fazl\u0131 24v Jenerat\u00f6rler<\/h3>\t\t\t\t<\/div>\n\t\t\t\t<\/div>\n\t\t\t\t<div class=\"elementor-element elementor-element-d3e69d8 elementor-widget elementor-widget-text-editor\" data-id=\"d3e69d8\" data-element_type=\"widget\" data-e-type=\"widget\" data-widget_type=\"text-editor.default\">\n\t\t\t\t<div class=\"elementor-widget-container\">\n\t\t\t\t\t\t\t\t\t<p>\u00c7o\u011fu cihaz\u0131n tek fazl\u0131 oldu\u011fu \u015febekeden ba\u011f\u0131ms\u0131z evler gibi orta d\u00fczey elektrik talepleri i\u00e7in tasarlanm\u0131\u015ft\u0131r.<br \/>Gazl\u0131 versiyonlar \u00e7ok sessiz \u00e7al\u0131\u015f\u0131r, bu da \u00f6zellikle izole yerle\u015fim alanlar\u0131 i\u00e7in \u00f6nemlidir.<br \/>Ayr\u0131ca, gaz tank\u0131 tek bir yak\u0131t kayna\u011f\u0131 kullanarak elektrikli bir kazan\u0131 ve pi\u015firme cihazlar\u0131n\u0131 da besleyebilir.<\/p>\n\t\t\t\t\t\t\t\t<\/div>\n\t\t\t\t<\/div>\n\t\t\t\t<\/div>\n\t\t<div data-particle_enable=\"false\" data-particle-mobile-disabled=\"false\" class=\"elementor-element elementor-element-763c58b e-con-full e-flex e-con e-child\" data-id=\"763c58b\" data-element_type=\"container\" data-e-type=\"container\">\n\t\t\t\t<div class=\"elementor-element elementor-element-5f463e4 elementor-widget elementor-widget-heading\" data-id=\"5f463e4\" data-element_type=\"widget\" data-e-type=\"widget\" data-widget_type=\"heading.default\">\n\t\t\t\t<div class=\"elementor-widget-container\">\n\t\t\t\t\t<h3 class=\"elementor-heading-title elementor-size-default\">Tek Fazl\u0131 48v Jenerat\u00f6rler<\/h3>\t\t\t\t<\/div>\n\t\t\t\t<\/div>\n\t\t\t\t<div class=\"elementor-element elementor-element-5b380fd elementor-widget elementor-widget-text-editor\" data-id=\"5b380fd\" data-element_type=\"widget\" data-e-type=\"widget\" data-widget_type=\"text-editor.default\">\n\t\t\t\t<div class=\"elementor-widget-container\">\n\t\t\t\t\t\t\t\t\t<p>48V tek fazl\u0131 \u00fcniteler, her biri 2V olan 24 ak\u00fc i\u00e7erir ve daha fazla depolama kapasitesi sa\u011flar. \u00d6zellikle telekom antenleri gibi s\u00fcrekli t\u00fcketim kurulumlar\u0131 i\u00e7in uygundurlar.<br \/>Tek bir reg\u00fclat\u00f6r ile 4,6 kWp&#8217;ye kadar g\u00fcne\u015f fotovoltaik giri\u015fini desteklerler.<\/p>\n\t\t\t\t\t\t\t\t<\/div>\n\t\t\t\t<\/div>\n\t\t\t\t<\/div>\n\t\t<div data-particle_enable=\"false\" data-particle-mobile-disabled=\"false\" class=\"elementor-element elementor-element-8363f99 e-con-full e-flex e-con e-child\" data-id=\"8363f99\" data-element_type=\"container\" data-e-type=\"container\">\n\t\t\t\t<div class=\"elementor-element elementor-element-0027ed6 elementor-widget elementor-widget-heading\" data-id=\"0027ed6\" data-element_type=\"widget\" data-e-type=\"widget\" data-widget_type=\"heading.default\">\n\t\t\t\t<div class=\"elementor-widget-container\">\n\t\t\t\t\t<h3 class=\"elementor-heading-title elementor-size-default\">Serideki En G\u00fc\u00e7l\u00fc \u00dcniteler<\/h3>\t\t\t\t<\/div>\n\t\t\t\t<\/div>\n\t\t\t\t<div class=\"elementor-element elementor-element-2dde29f elementor-widget elementor-widget-text-editor\" data-id=\"2dde29f\" data-element_type=\"widget\" data-e-type=\"widget\" data-widget_type=\"text-editor.default\">\n\t\t\t\t<div class=\"elementor-widget-container\">\n\t\t\t\t\t\t\t\t\t<p>Y\u00fcksek performansl\u0131 motorlar, invert\u00f6rler ve b\u00fcy\u00fck lityum pil kapasitesi, k\u0131rsal oteller veya \u00fc\u00e7 fazl\u0131 elektrik t\u00fcketicileri olan izole \u00e7iftlikler gibi daha b\u00fcy\u00fck kurulumlara g\u00fc\u00e7 sa\u011flar.<br \/>HYB-ENERGY, mevcut t\u00fcm do\u011fal kaynaklar\u0131 optimize ederek birden fazla yenilenebilir enerji kayna\u011f\u0131n\u0131n (g\u00fcne\u015f, r\u00fczgar ve hidro) birle\u015ftirilmesini sa\u011flar.<\/p><p><a href=\"https:\/\/caslienergy.es\/hyb-energy-3\/\" target=\"_blank\" rel=\"noopener\">Daha fazla bilgi<\/a><\/p>\t\t\t\t\t\t\t\t<\/div>\n\t\t\t\t<\/div>\n\t\t\t\t<\/div>\n\t\t\t\t\t<\/div>\n\t\t\t\t<\/div>\n\t\t\t\t<\/div>\n\t\t","protected":false},"excerpt":{"rendered":"<p>Hibrit Jenerat\u00f6rler Hyb-Energy HYB-ENERGY, \u015febekeden ba\u011f\u0131ms\u0131z evler i\u00e7in \u00f6zel olarak tasarlanm\u0131\u015f hibrit bir jenerat\u00f6rd\u00fcr.S\u00fcrekli g\u00fc\u00e7 kayna\u011f\u0131 sa\u011flamak i\u00e7in bir propan veya dizel jenerat\u00f6r taraf\u0131ndan desteklenen &#8230; <\/p>\n<p class=\"read-more-container\"><a title=\"Hibrit Jenerat\u00f6rler Hyb-Energy\" class=\"read-more button\" href=\"https:\/\/tdmed.es\/tr\/hibrit-jeneratorler-hyb-energy\/#more-109423\" aria-label=\"Read more about Hibrit Jenerat\u00f6rler Hyb-Energy\">Read more<\/a><\/p>\n","protected":false},"author":313,"featured_media":0,"parent":0,"menu_order":0,"comment_status":"closed","ping_status":"closed","template":"","meta":{"_joinchat":[],"footnotes":""},"class_list":["post-109423","page","type-page","status-publish"],"yoast_head":"<!-- This site is optimized with the Yoast SEO Premium plugin v27.3 (Yoast SEO v27.3) - https:\/\/yoast.com\/product\/yoast-seo-premium-wordpress\/ -->\n<title>Hibrit Jenerat\u00f6rler Hyb-Energy - TDMED<\/title>\n<meta name=\"description\" content=\"HYB-Energy hibrit jenerat\u00f6rler: &#039;e varan tasarruf. Uzaktan kumanda, uzun \u00f6m\u00fcrl\u00fc piller ve 7\/24 garantili g\u00fc\u00e7 kayna\u011f\u0131.\" \/>\n<meta name=\"robots\" content=\"index, follow, max-snippet:-1, max-image-preview:large, max-video-preview:-1\" \/>\n<link rel=\"canonical\" href=\"https:\/\/tdmed.es\/tr\/hibrit-jeneratorler-hyb-energy\/\" \/>\n<meta property=\"og:locale\" content=\"tr_TR\" \/>\n<meta property=\"og:type\" content=\"article\" \/>\n<meta property=\"og:title\" content=\"Hibrit Jenerat\u00f6rler Hyb-Energy\" \/>\n<meta property=\"og:description\" content=\"HYB-Energy hibrit jenerat\u00f6rler: &#039;e varan tasarruf. Uzaktan kumanda, uzun \u00f6m\u00fcrl\u00fc piller ve 7\/24 garantili g\u00fc\u00e7 kayna\u011f\u0131.\" \/>\n<meta property=\"og:url\" content=\"https:\/\/tdmed.es\/tr\/hibrit-jeneratorler-hyb-energy\/\" \/>\n<meta property=\"og:site_name\" content=\"TDMED\" \/>\n<meta property=\"article:modified_time\" content=\"2026-03-18T09:58:51+00:00\" \/>\n<meta property=\"og:image\" content=\"https:\/\/tdmed.es\/wp-content\/uploads\/2025\/06\/hyb-energy.png\" \/>\n<meta name=\"twitter:card\" content=\"summary_large_image\" \/>\n<script type=\"application\/ld+json\" class=\"yoast-schema-graph\">{\"@context\":\"https:\\\/\\\/schema.org\",\"@graph\":[{\"@type\":\"WebPage\",\"@id\":\"https:\\\/\\\/tdmed.es\\\/tr\\\/hibrit-jeneratorler-hyb-energy\\\/\",\"url\":\"https:\\\/\\\/tdmed.es\\\/tr\\\/hibrit-jeneratorler-hyb-energy\\\/\",\"name\":\"Hibrit Jenerat\u00f6rler Hyb-Energy - TDMED\",\"isPartOf\":{\"@id\":\"https:\\\/\\\/tdmed.es\\\/tr\\\/#website\"},\"primaryImageOfPage\":{\"@id\":\"https:\\\/\\\/tdmed.es\\\/tr\\\/hibrit-jeneratorler-hyb-energy\\\/#primaryimage\"},\"image\":{\"@id\":\"https:\\\/\\\/tdmed.es\\\/tr\\\/hibrit-jeneratorler-hyb-energy\\\/#primaryimage\"},\"thumbnailUrl\":\"https:\\\/\\\/tdmed.es\\\/wp-content\\\/uploads\\\/2025\\\/06\\\/hyb-energy.png\",\"datePublished\":\"2025-07-14T23:11:04+00:00\",\"dateModified\":\"2026-03-18T09:58:51+00:00\",\"description\":\"HYB-Energy hibrit jenerat\u00f6rler: 'e varan tasarruf. Uzaktan kumanda, uzun \u00f6m\u00fcrl\u00fc piller ve 7\\\/24 garantili g\u00fc\u00e7 kayna\u011f\u0131.\",\"breadcrumb\":{\"@id\":\"https:\\\/\\\/tdmed.es\\\/tr\\\/hibrit-jeneratorler-hyb-energy\\\/#breadcrumb\"},\"inLanguage\":\"tr\",\"potentialAction\":[{\"@type\":\"ReadAction\",\"target\":[\"https:\\\/\\\/tdmed.es\\\/tr\\\/hibrit-jeneratorler-hyb-energy\\\/\"]}]},{\"@type\":\"ImageObject\",\"inLanguage\":\"tr\",\"@id\":\"https:\\\/\\\/tdmed.es\\\/tr\\\/hibrit-jeneratorler-hyb-energy\\\/#primaryimage\",\"url\":\"https:\\\/\\\/tdmed.es\\\/wp-content\\\/uploads\\\/2025\\\/06\\\/hyb-energy.png\",\"contentUrl\":\"https:\\\/\\\/tdmed.es\\\/wp-content\\\/uploads\\\/2025\\\/06\\\/hyb-energy.png\"},{\"@type\":\"BreadcrumbList\",\"@id\":\"https:\\\/\\\/tdmed.es\\\/tr\\\/hibrit-jeneratorler-hyb-energy\\\/#breadcrumb\",\"itemListElement\":[{\"@type\":\"ListItem\",\"position\":1,\"name\":\"Portada\",\"item\":\"https:\\\/\\\/tdmed.es\\\/tr\\\/\"},{\"@type\":\"ListItem\",\"position\":2,\"name\":\"Hibrit Jenerat\u00f6rler Hyb-Energy\"}]},{\"@type\":\"WebSite\",\"@id\":\"https:\\\/\\\/tdmed.es\\\/tr\\\/#website\",\"url\":\"https:\\\/\\\/tdmed.es\\\/tr\\\/\",\"name\":\"TDMED\",\"description\":\"TDMED\",\"publisher\":{\"@id\":\"https:\\\/\\\/tdmed.es\\\/tr\\\/#organization\"},\"potentialAction\":[{\"@type\":\"SearchAction\",\"target\":{\"@type\":\"EntryPoint\",\"urlTemplate\":\"https:\\\/\\\/tdmed.es\\\/tr\\\/?s={search_term_string}\"},\"query-input\":{\"@type\":\"PropertyValueSpecification\",\"valueRequired\":true,\"valueName\":\"search_term_string\"}}],\"inLanguage\":\"tr\"},{\"@type\":\"Organization\",\"@id\":\"https:\\\/\\\/tdmed.es\\\/tr\\\/#organization\",\"name\":\"TransDiesel\",\"url\":\"https:\\\/\\\/tdmed.es\\\/tr\\\/\",\"logo\":{\"@type\":\"ImageObject\",\"inLanguage\":\"tr\",\"@id\":\"https:\\\/\\\/tdmed.es\\\/tr\\\/#\\\/schema\\\/logo\\\/image\\\/\",\"url\":\"https:\\\/\\\/tdmed.es\\\/wp-content\\\/uploads\\\/2018\\\/12\\\/NewLogo.png\",\"contentUrl\":\"https:\\\/\\\/tdmed.es\\\/wp-content\\\/uploads\\\/2018\\\/12\\\/NewLogo.png\",\"width\":800,\"height\":140,\"caption\":\"TransDiesel\"},\"image\":{\"@id\":\"https:\\\/\\\/tdmed.es\\\/tr\\\/#\\\/schema\\\/logo\\\/image\\\/\"}}]}<\/script>\n<!-- \/ Yoast SEO Premium plugin. -->","yoast_head_json":{"title":"Hibrit Jenerat\u00f6rler Hyb-Energy - TDMED","description":"HYB-Energy hibrit jenerat\u00f6rler: 'e varan tasarruf. Uzaktan kumanda, uzun \u00f6m\u00fcrl\u00fc piller ve 7\/24 garantili g\u00fc\u00e7 kayna\u011f\u0131.","robots":{"index":"index","follow":"follow","max-snippet":"max-snippet:-1","max-image-preview":"max-image-preview:large","max-video-preview":"max-video-preview:-1"},"canonical":"https:\/\/tdmed.es\/tr\/hibrit-jeneratorler-hyb-energy\/","og_locale":"tr_TR","og_type":"article","og_title":"Hibrit Jenerat\u00f6rler Hyb-Energy","og_description":"HYB-Energy hibrit jenerat\u00f6rler: 'e varan tasarruf. Uzaktan kumanda, uzun \u00f6m\u00fcrl\u00fc piller ve 7\/24 garantili g\u00fc\u00e7 kayna\u011f\u0131.","og_url":"https:\/\/tdmed.es\/tr\/hibrit-jeneratorler-hyb-energy\/","og_site_name":"TDMED","article_modified_time":"2026-03-18T09:58:51+00:00","og_image":[{"url":"https:\/\/tdmed.es\/wp-content\/uploads\/2025\/06\/hyb-energy.png","type":"","width":"","height":""}],"twitter_card":"summary_large_image","schema":{"@context":"https:\/\/schema.org","@graph":[{"@type":"WebPage","@id":"https:\/\/tdmed.es\/tr\/hibrit-jeneratorler-hyb-energy\/","url":"https:\/\/tdmed.es\/tr\/hibrit-jeneratorler-hyb-energy\/","name":"Hibrit Jenerat\u00f6rler Hyb-Energy - TDMED","isPartOf":{"@id":"https:\/\/tdmed.es\/tr\/#website"},"primaryImageOfPage":{"@id":"https:\/\/tdmed.es\/tr\/hibrit-jeneratorler-hyb-energy\/#primaryimage"},"image":{"@id":"https:\/\/tdmed.es\/tr\/hibrit-jeneratorler-hyb-energy\/#primaryimage"},"thumbnailUrl":"https:\/\/tdmed.es\/wp-content\/uploads\/2025\/06\/hyb-energy.png","datePublished":"2025-07-14T23:11:04+00:00","dateModified":"2026-03-18T09:58:51+00:00","description":"HYB-Energy hibrit jenerat\u00f6rler: 'e varan tasarruf. Uzaktan kumanda, uzun \u00f6m\u00fcrl\u00fc piller ve 7\/24 garantili g\u00fc\u00e7 kayna\u011f\u0131.","breadcrumb":{"@id":"https:\/\/tdmed.es\/tr\/hibrit-jeneratorler-hyb-energy\/#breadcrumb"},"inLanguage":"tr","potentialAction":[{"@type":"ReadAction","target":["https:\/\/tdmed.es\/tr\/hibrit-jeneratorler-hyb-energy\/"]}]},{"@type":"ImageObject","inLanguage":"tr","@id":"https:\/\/tdmed.es\/tr\/hibrit-jeneratorler-hyb-energy\/#primaryimage","url":"https:\/\/tdmed.es\/wp-content\/uploads\/2025\/06\/hyb-energy.png","contentUrl":"https:\/\/tdmed.es\/wp-content\/uploads\/2025\/06\/hyb-energy.png"},{"@type":"BreadcrumbList","@id":"https:\/\/tdmed.es\/tr\/hibrit-jeneratorler-hyb-energy\/#breadcrumb","itemListElement":[{"@type":"ListItem","position":1,"name":"Portada","item":"https:\/\/tdmed.es\/tr\/"},{"@type":"ListItem","position":2,"name":"Hibrit Jenerat\u00f6rler Hyb-Energy"}]},{"@type":"WebSite","@id":"https:\/\/tdmed.es\/tr\/#website","url":"https:\/\/tdmed.es\/tr\/","name":"TDMED","description":"TDMED","publisher":{"@id":"https:\/\/tdmed.es\/tr\/#organization"},"potentialAction":[{"@type":"SearchAction","target":{"@type":"EntryPoint","urlTemplate":"https:\/\/tdmed.es\/tr\/?s={search_term_string}"},"query-input":{"@type":"PropertyValueSpecification","valueRequired":true,"valueName":"search_term_string"}}],"inLanguage":"tr"},{"@type":"Organization","@id":"https:\/\/tdmed.es\/tr\/#organization","name":"TransDiesel","url":"https:\/\/tdmed.es\/tr\/","logo":{"@type":"ImageObject","inLanguage":"tr","@id":"https:\/\/tdmed.es\/tr\/#\/schema\/logo\/image\/","url":"https:\/\/tdmed.es\/wp-content\/uploads\/2018\/12\/NewLogo.png","contentUrl":"https:\/\/tdmed.es\/wp-content\/uploads\/2018\/12\/NewLogo.png","width":800,"height":140,"caption":"TransDiesel"},"image":{"@id":"https:\/\/tdmed.es\/tr\/#\/schema\/logo\/image\/"}}]}},"_links":{"self":[{"href":"https:\/\/tdmed.es\/tr\/wp-json\/wp\/v2\/pages\/109423","targetHints":{"allow":["GET"]}}],"collection":[{"href":"https:\/\/tdmed.es\/tr\/wp-json\/wp\/v2\/pages"}],"about":[{"href":"https:\/\/tdmed.es\/tr\/wp-json\/wp\/v2\/types\/page"}],"author":[{"embeddable":true,"href":"https:\/\/tdmed.es\/tr\/wp-json\/wp\/v2\/users\/313"}],"replies":[{"embeddable":true,"href":"https:\/\/tdmed.es\/tr\/wp-json\/wp\/v2\/comments?post=109423"}],"version-history":[{"count":0,"href":"https:\/\/tdmed.es\/tr\/wp-json\/wp\/v2\/pages\/109423\/revisions"}],"wp:attachment":[{"href":"https:\/\/tdmed.es\/tr\/wp-json\/wp\/v2\/media?parent=109423"}],"curies":[{"name":"wp","href":"https:\/\/api.w.org\/{rel}","templated":true}]}}