{"id":109419,"date":"2025-07-15T00:52:12","date_gmt":"2025-07-14T22:52:12","guid":{"rendered":"https:\/\/preprod.transdiesel.es\/akslar-ve-sanzimanlar\/"},"modified":"2026-03-06T10:52:47","modified_gmt":"2026-03-06T09:52:47","slug":"akslar-ve-sanzimanlar","status":"publish","type":"page","link":"https:\/\/tdmed.es\/tr\/akslar-ve-sanzimanlar\/","title":{"rendered":"Akslar ve \u015eanz\u0131manlar"},"content":{"rendered":"\t\t<div data-elementor-type=\"wp-page\" data-elementor-id=\"109419\" class=\"elementor elementor-109419 elementor-107749\" data-elementor-post-type=\"page\">\n\t\t\t\t<div data-particle_enable=\"false\" data-particle-mobile-disabled=\"false\" class=\"elementor-element elementor-element-fc286fd e-flex e-con-boxed e-con e-parent\" data-id=\"fc286fd\" data-element_type=\"container\" data-e-type=\"container\" data-settings=\"{&quot;background_background&quot;:&quot;classic&quot;}\">\n\t\t\t\t\t<div class=\"e-con-inner\">\n\t\t\t\t<div class=\"elementor-element elementor-element-385938e elementor-widget elementor-widget-spacer\" data-id=\"385938e\" data-element_type=\"widget\" data-e-type=\"widget\" data-widget_type=\"spacer.default\">\n\t\t\t\t<div class=\"elementor-widget-container\">\n\t\t\t\t\t\t\t<div class=\"elementor-spacer\">\n\t\t\t<div class=\"elementor-spacer-inner\"><\/div>\n\t\t<\/div>\n\t\t\t\t\t\t<\/div>\n\t\t\t\t<\/div>\n\t\t\t\t\t<\/div>\n\t\t\t\t<\/div>\n\t\t<div data-particle_enable=\"false\" data-particle-mobile-disabled=\"false\" class=\"elementor-element elementor-element-f0df74c e-flex e-con-boxed e-con e-parent\" data-id=\"f0df74c\" data-element_type=\"container\" data-e-type=\"container\">\n\t\t\t\t\t<div class=\"e-con-inner\">\n\t\t<div data-particle_enable=\"false\" data-particle-mobile-disabled=\"false\" class=\"elementor-element elementor-element-a446c88 e-con-full e-flex e-con e-child\" data-id=\"a446c88\" data-element_type=\"container\" data-e-type=\"container\">\n\t\t\t\t<div class=\"elementor-element elementor-element-f63e634 elementor-widget__width-initial elementor-widget-tablet__width-inherit elementor-widget elementor-widget-heading\" data-id=\"f63e634\" data-element_type=\"widget\" data-e-type=\"widget\" data-widget_type=\"heading.default\">\n\t\t\t\t<div class=\"elementor-widget-container\">\n\t\t\t\t\t<h1 class=\"elementor-heading-title elementor-size-default\">Akslar ve \u015eanz\u0131manlar<\/h1>\t\t\t\t<\/div>\n\t\t\t\t<\/div>\n\t\t\t\t<div class=\"elementor-element elementor-element-99ca539 elementor-widget elementor-widget-text-editor\" data-id=\"99ca539\" data-element_type=\"widget\" data-e-type=\"widget\" data-widget_type=\"text-editor.default\">\n\t\t\t\t<div class=\"elementor-widget-container\">\n\t\t\t\t\t\t\t\t\t<p style=\"text-align: center;\">&#8220;T\u00fcm mobilite pazarlar\u0131 i\u00e7in aktarma organlar\u0131 teknolojileri&#8221;<\/p>\t\t\t\t\t\t\t\t<\/div>\n\t\t\t\t<\/div>\n\t\t\t\t<\/div>\n\t\t\t\t\t<\/div>\n\t\t\t\t<\/div>\n\t\t<div data-particle_enable=\"false\" data-particle-mobile-disabled=\"false\" class=\"elementor-element elementor-element-16d8690 e-flex e-con-boxed e-con e-parent\" data-id=\"16d8690\" data-element_type=\"container\" data-e-type=\"container\">\n\t\t\t\t\t<div class=\"e-con-inner\">\n\t\t<div data-particle_enable=\"false\" data-particle-mobile-disabled=\"false\" class=\"elementor-element elementor-element-d93285e e-con-full e-flex e-con e-child\" data-id=\"d93285e\" data-element_type=\"container\" data-e-type=\"container\" data-settings=\"{&quot;background_background&quot;:&quot;classic&quot;}\">\n\t\t\t\t<div class=\"elementor-element elementor-element-57e2eba elementor-widget elementor-widget-image\" data-id=\"57e2eba\" data-element_type=\"widget\" data-e-type=\"widget\" data-widget_type=\"image.default\">\n\t\t\t\t<div class=\"elementor-widget-container\">\n\t\t\t\t\t\t\t\t\t\t\t\t\t\t\t<img decoding=\"async\" src=\"https:\/\/tdmed.es\/wp-content\/uploads\/2025\/05\/Ejes-y-Transmisiones-3.png\" title=\"Ejes-y-Transmisiones-3\" alt=\"Ejes y transmisiones - Equipos de miner\u00eda\" loading=\"lazy\" \/>\t\t\t\t\t\t\t\t\t\t\t\t\t\t\t<\/div>\n\t\t\t\t<\/div>\n\t\t\t\t<\/div>\n\t\t<div data-particle_enable=\"false\" data-particle-mobile-disabled=\"false\" class=\"elementor-element elementor-element-7216c17 e-con-full e-flex e-con e-child\" data-id=\"7216c17\" data-element_type=\"container\" data-e-type=\"container\">\n\t\t\t\t<div class=\"elementor-element elementor-element-c24e24d elementor-widget elementor-widget-image\" data-id=\"c24e24d\" data-element_type=\"widget\" data-e-type=\"widget\" data-widget_type=\"image.default\">\n\t\t\t\t<div class=\"elementor-widget-container\">\n\t\t\t\t\t\t\t\t\t\t\t\t\t\t\t<img decoding=\"async\" width=\"330\" height=\"69\" src=\"https:\/\/tdmed.es\/wp-content\/uploads\/2023\/09\/dana-logo.jpg\" class=\"attachment-large size-large wp-image-107078\" alt=\"logo dana spicer - drivetrain products\" srcset=\"https:\/\/tdmed.es\/wp-content\/uploads\/2023\/09\/dana-logo.jpg 330w, https:\/\/tdmed.es\/wp-content\/uploads\/2023\/09\/dana-logo-300x63.jpg 300w, https:\/\/tdmed.es\/wp-content\/uploads\/2023\/09\/dana-logo-64x13.jpg 64w\" sizes=\"(max-width: 330px) 100vw, 330px\" \/>\t\t\t\t\t\t\t\t\t\t\t\t\t\t\t<\/div>\n\t\t\t\t<\/div>\n\t\t\t\t<div class=\"elementor-element elementor-element-541cebc elementor-widget elementor-widget-text-editor\" data-id=\"541cebc\" data-element_type=\"widget\" data-e-type=\"widget\" data-widget_type=\"text-editor.default\">\n\t\t\t\t<div class=\"elementor-widget-container\">\n\t\t\t\t\t\t\t\t\tDana, binek ara\u00e7lar, ticari kamyonlar ve otoyol d\u0131\u015f\u0131 ekipmanlar i\u00e7in entegre aktarma organlar\u0131 ve elektrikli tahrik sistemlerinin \u00f6nde gelen k\u00fcresel tedarik\u00e7isidir. OEM&#8217;ler ve yenileme pazar\u0131 ile birlikte \u00e7al\u0131\u015fan Dana, d\u00fcnya \u00e7ap\u0131nda en y\u00fcksek verimlilik, dayan\u0131kl\u0131l\u0131k ve performans\u0131 sunar.<br><br>Marka tek red\u00fcksiyonlu akslar, planet akslar, \u00f6zel akslar ve transakslar sunmaktad\u0131r. Sa\u011flam tasar\u0131mlar\u0131 Dana akslar\u0131n\u0131 tar\u0131m, end\u00fcstri, in\u015faat ve madencilik makinelerinde temel bir unsur haline getirmi\u015ftir.\t\t\t\t\t\t\t\t<\/div>\n\t\t\t\t<\/div>\n\t\t\t\t<\/div>\n\t\t\t\t\t<\/div>\n\t\t\t\t<\/div>\n\t\t<div data-particle_enable=\"false\" data-particle-mobile-disabled=\"false\" class=\"elementor-element elementor-element-37b9578 e-flex e-con-boxed e-con e-parent\" data-id=\"37b9578\" data-element_type=\"container\" data-e-type=\"container\">\n\t\t\t\t\t<div class=\"e-con-inner\">\n\t\t<div data-particle_enable=\"false\" data-particle-mobile-disabled=\"false\" class=\"elementor-element elementor-element-4cd484b e-con-full e-flex e-con e-child\" data-id=\"4cd484b\" data-element_type=\"container\" data-e-type=\"container\">\n\t\t\t\t<div class=\"elementor-element elementor-element-fd9b610 elementor-widget__width-initial elementor-widget-tablet__width-inherit elementor-widget elementor-widget-heading\" data-id=\"fd9b610\" data-element_type=\"widget\" data-e-type=\"widget\" data-widget_type=\"heading.default\">\n\t\t\t\t<div class=\"elementor-widget-container\">\n\t\t\t\t\t<h2 class=\"elementor-heading-title elementor-size-default\">TDMED, 1993 y\u0131l\u0131ndan bu yana Dana Spicer'\u0131n Off-Highway b\u00f6l\u00fcm\u00fc i\u00e7in \u0130spanya ve Portekiz'deki tek \"Yetkili Servis Merkezi\" olmu\u015ftur.<\/h2>\t\t\t\t<\/div>\n\t\t\t\t<\/div>\n\t\t\t\t<\/div>\n\t\t\t\t\t<\/div>\n\t\t\t\t<\/div>\n\t\t<div data-particle_enable=\"false\" data-particle-mobile-disabled=\"false\" class=\"elementor-element elementor-element-9ffdb88 e-flex e-con-boxed e-con e-parent\" data-id=\"9ffdb88\" data-element_type=\"container\" data-e-type=\"container\">\n\t\t\t\t\t<div class=\"e-con-inner\">\n\t\t<div data-particle_enable=\"false\" data-particle-mobile-disabled=\"false\" class=\"elementor-element elementor-element-362aa7c e-con-full e-flex e-con e-child\" data-id=\"362aa7c\" data-element_type=\"container\" data-e-type=\"container\" data-settings=\"{&quot;background_background&quot;:&quot;classic&quot;}\">\n\t\t\t\t<div class=\"elementor-element elementor-element-661a7d2 elementor-widget elementor-widget-image\" data-id=\"661a7d2\" data-element_type=\"widget\" data-e-type=\"widget\" data-widget_type=\"image.default\">\n\t\t\t\t<div class=\"elementor-widget-container\">\n\t\t\t\t\t\t\t\t\t\t\t\t\t\t\t<img decoding=\"async\" width=\"330\" height=\"69\" src=\"https:\/\/tdmed.es\/wp-content\/uploads\/2023\/09\/dana-logo.jpg\" class=\"attachment-large size-large wp-image-107078\" alt=\"logo dana spicer - drivetrain products\" srcset=\"https:\/\/tdmed.es\/wp-content\/uploads\/2023\/09\/dana-logo.jpg 330w, https:\/\/tdmed.es\/wp-content\/uploads\/2023\/09\/dana-logo-300x63.jpg 300w, https:\/\/tdmed.es\/wp-content\/uploads\/2023\/09\/dana-logo-64x13.jpg 64w\" sizes=\"(max-width: 330px) 100vw, 330px\" \/>\t\t\t\t\t\t\t\t\t\t\t\t\t\t\t<\/div>\n\t\t\t\t<\/div>\n\t\t\t\t<div class=\"elementor-element elementor-element-a7cdd36 elementor-widget elementor-widget-text-editor\" data-id=\"a7cdd36\" data-element_type=\"widget\" data-e-type=\"widget\" data-widget_type=\"text-editor.default\">\n\t\t\t\t<div class=\"elementor-widget-container\">\n\t\t\t\t\t\t\t\t\t<p>Dana \u00fcr\u00fcnleri \u015fu alanlarda kullan\u0131lmaktad\u0131r:<\/p>\n<ul>\n<li>Madencilik ekipmanlar\u0131<\/li>\n<li>Havaalan\u0131 servis ara\u00e7lar\u0131<\/li>\n<li>Kompakt\u00f6rler<\/li>\n<li>Forkliftler<\/li>\n<li>Mini damperler<\/li>\n<li>Tar\u0131m trakt\u00f6rleri<\/li>\n<li>S\u00fcp\u00fcr\u00fcc\u00fcler<\/li>\n<li>Y\u00fckleyiciler<\/li>\n<li>Teleskopik y\u00fckleyiciler<\/li>\n<li>Ormanc\u0131l\u0131k makineleri<\/li>\n<\/ul>\n<p>Hurth akslar\u0131n\u0131 kullanan OEM&#8217;ler \u015funlard\u0131r: Agria, Europactor, TEM Gorris, Vermeer, Terex, JLG, Ingersoll Rand, Gehl, FMC, CNH, Bomag, Atlas Copco, Linde, JCB, Manitou, Dynapac, Skyjack, Komatsu, Fantuzzi, Dieci, Liebherr ve daha fazlas\u0131.<\/p>\n<p>Daha fazla bilgi <a href=\"http:\/\/www.dana.com\/\" target=\"_blank\" rel=\"noopener\">resmi web sitelerinde<\/a> ve ma\u011fazam\u0131zda.<\/p>\n\t\t\t\t\t\t\t\t<\/div>\n\t\t\t\t<\/div>\n\t\t\t\t<\/div>\n\t\t<div data-particle_enable=\"false\" data-particle-mobile-disabled=\"false\" class=\"elementor-element elementor-element-c7481cd e-con-full e-flex e-con e-child\" data-id=\"c7481cd\" data-element_type=\"container\" data-e-type=\"container\" data-settings=\"{&quot;background_background&quot;:&quot;classic&quot;}\">\n\t\t\t\t<div class=\"elementor-element elementor-element-a5fa5ce elementor-widget elementor-widget-image\" data-id=\"a5fa5ce\" data-element_type=\"widget\" data-e-type=\"widget\" data-widget_type=\"image.default\">\n\t\t\t\t<div class=\"elementor-widget-container\">\n\t\t\t\t\t\t\t\t\t\t\t\t\t\t\t<img decoding=\"async\" src=\"https:\/\/tdmed.es\/wp-content\/uploads\/2025\/05\/Ejes-y-Transmisiones-2.png\" title=\"Ejes-y-Transmisiones-2\" alt=\"Ejes y transmisiones - Equipos de miner\u00eda\" loading=\"lazy\" \/>\t\t\t\t\t\t\t\t\t\t\t\t\t\t\t<\/div>\n\t\t\t\t<\/div>\n\t\t\t\t<\/div>\n\t\t\t\t\t<\/div>\n\t\t\t\t<\/div>\n\t\t<div data-particle_enable=\"false\" data-particle-mobile-disabled=\"false\" class=\"elementor-element elementor-element-11b9b4f e-flex e-con-boxed e-con e-parent\" data-id=\"11b9b4f\" data-element_type=\"container\" data-e-type=\"container\">\n\t\t\t\t\t<div class=\"e-con-inner\">\n\t\t<div data-particle_enable=\"false\" data-particle-mobile-disabled=\"false\" class=\"elementor-element elementor-element-0c654a8 e-con-full e-flex e-con e-child\" data-id=\"0c654a8\" data-element_type=\"container\" data-e-type=\"container\">\n\t\t\t\t<div class=\"elementor-element elementor-element-7ee012c elementor-widget__width-initial elementor-widget-tablet__width-inherit elementor-widget elementor-widget-heading\" data-id=\"7ee012c\" data-element_type=\"widget\" data-e-type=\"widget\" data-widget_type=\"heading.default\">\n\t\t\t\t<div class=\"elementor-widget-container\">\n\t\t\t\t\t<h3 class=\"elementor-heading-title elementor-size-default\">Funk: John Deere Standartlar\u0131na G\u00f6re \u00dcretilmi\u015f Aktarma Organlar\u0131<\/h3>\t\t\t\t<\/div>\n\t\t\t\t<\/div>\n\t\t\t\t<\/div>\n\t\t\t\t\t<\/div>\n\t\t\t\t<\/div>\n\t\t<div data-particle_enable=\"false\" data-particle-mobile-disabled=\"false\" class=\"elementor-element elementor-element-cd1cf8d e-flex e-con-boxed e-con e-parent\" data-id=\"cd1cf8d\" data-element_type=\"container\" data-e-type=\"container\">\n\t\t\t\t\t<div class=\"e-con-inner\">\n\t\t<div data-particle_enable=\"false\" data-particle-mobile-disabled=\"false\" class=\"elementor-element elementor-element-e955d7d e-con-full e-flex e-con e-child\" data-id=\"e955d7d\" data-element_type=\"container\" data-e-type=\"container\" data-settings=\"{&quot;background_background&quot;:&quot;classic&quot;}\">\n\t\t\t\t<div class=\"elementor-element elementor-element-8f451b3 elementor-widget elementor-widget-image\" data-id=\"8f451b3\" data-element_type=\"widget\" data-e-type=\"widget\" data-widget_type=\"image.default\">\n\t\t\t\t<div class=\"elementor-widget-container\">\n\t\t\t\t\t\t\t\t\t\t\t\t\t\t\t<img decoding=\"async\" src=\"https:\/\/tdmed.es\/wp-content\/uploads\/2025\/05\/Ejes-y-Transmisiones-4.png\" title=\"Ejes-y-Transmisiones-4\" alt=\"Ejes y Transmisiones - Funk drivetrain components John Deere\" loading=\"lazy\" \/>\t\t\t\t\t\t\t\t\t\t\t\t\t\t\t<\/div>\n\t\t\t\t<\/div>\n\t\t\t\t<\/div>\n\t\t<div data-particle_enable=\"false\" data-particle-mobile-disabled=\"false\" class=\"elementor-element elementor-element-ced9fe5 e-con-full e-flex e-con e-child\" data-id=\"ced9fe5\" data-element_type=\"container\" data-e-type=\"container\">\n\t\t\t\t<div class=\"elementor-element elementor-element-e07d34c elementor-widget elementor-widget-image\" data-id=\"e07d34c\" data-element_type=\"widget\" data-e-type=\"widget\" data-widget_type=\"image.default\">\n\t\t\t\t<div class=\"elementor-widget-container\">\n\t\t\t\t\t\t\t\t\t\t\t\t\t\t\t<img fetchpriority=\"high\" decoding=\"async\" width=\"330\" height=\"200\" src=\"https:\/\/tdmed.es\/wp-content\/uploads\/2025\/04\/funk-drivetrain.png\" class=\"attachment-large size-large wp-image-107971\" alt=\"logo funk drivetrain components\" srcset=\"https:\/\/tdmed.es\/wp-content\/uploads\/2025\/04\/funk-drivetrain.png 330w, https:\/\/tdmed.es\/wp-content\/uploads\/2025\/04\/funk-drivetrain-300x182.png 300w, https:\/\/tdmed.es\/wp-content\/uploads\/2025\/04\/funk-drivetrain-64x39.png 64w\" sizes=\"(max-width: 330px) 100vw, 330px\" \/>\t\t\t\t\t\t\t\t\t\t\t\t\t\t\t<\/div>\n\t\t\t\t<\/div>\n\t\t\t\t<div class=\"elementor-element elementor-element-2927b46 elementor-widget elementor-widget-text-editor\" data-id=\"2927b46\" data-element_type=\"widget\" data-e-type=\"widget\" data-widget_type=\"text-editor.default\">\n\t\t\t\t<div class=\"elementor-widget-container\">\n\t\t\t\t\t\t\t\t\t<p>John Deere&#8217;in Funk \u015fanz\u0131manlar\u0131, akslar\u0131, pompa tahrikleri, planet di\u015fli \u015fanz\u0131manlar\u0131 ve elektrikli aktarma organ\u0131 bile\u015fenleri, \u00e7ok \u00e7e\u015fitli arazi ko\u015fullar\u0131nda performans g\u00f6sterecek \u015fekilde tasarlanm\u0131\u015ft\u0131r. TDMED&#8217;de Funk\u2122 elektronik kontroll\u00fc Powershift \u015fanz\u0131manlar\u0131, HMD \u015fanz\u0131manlar\u0131 ve y\u00fcksek teknolojili arazi hidrolik sistemleri i\u00e7in uygun Funk\u2122 hidrostatik tahrikleri bulabilirsiniz.<\/p>\n<p>Daha fazla bilgi: <a href=\"https:\/\/www.deere.com\/en\/drivetrain-components\/\">John Deere Aktarma Organlar\u0131 Bile\u015fenleri<\/a><\/p>\n\t\t\t\t\t\t\t\t<\/div>\n\t\t\t\t<\/div>\n\t\t\t\t<\/div>\n\t\t\t\t\t<\/div>\n\t\t\t\t<\/div>\n\t\t\t\t<\/div>\n\t\t","protected":false},"excerpt":{"rendered":"<p>Akslar ve \u015eanz\u0131manlar &#8220;T\u00fcm mobilite pazarlar\u0131 i\u00e7in aktarma organlar\u0131 teknolojileri&#8221; Dana, binek ara\u00e7lar, ticari kamyonlar ve otoyol d\u0131\u015f\u0131 ekipmanlar i\u00e7in entegre aktarma organlar\u0131 ve elektrikli &#8230; <\/p>\n<p class=\"read-more-container\"><a title=\"Akslar ve \u015eanz\u0131manlar\" class=\"read-more button\" href=\"https:\/\/tdmed.es\/tr\/akslar-ve-sanzimanlar\/#more-109419\" aria-label=\"Read more about Akslar ve \u015eanz\u0131manlar\">Read more<\/a><\/p>\n","protected":false},"author":313,"featured_media":0,"parent":0,"menu_order":0,"comment_status":"closed","ping_status":"closed","template":"","meta":{"_joinchat":[],"footnotes":""},"class_list":["post-109419","page","type-page","status-publish"],"yoast_head":"<!-- This site is optimized with the Yoast SEO Premium plugin v27.3 (Yoast SEO v27.3) - https:\/\/yoast.com\/product\/yoast-seo-premium-wordpress\/ -->\n<title>Akslar ve \u015eanz\u0131manlar - TDMED<\/title>\n<meta name=\"description\" content=\"End\u00fcstriyel ara\u00e7lar ve a\u011f\u0131r makineler i\u00e7in akslar ve \u015fanz\u0131manlar. Orijinal yedek par\u00e7alar, entegrasyon m\u00fchendisli\u011fi ve teknik servis.\" \/>\n<meta name=\"robots\" content=\"index, follow, max-snippet:-1, max-image-preview:large, max-video-preview:-1\" \/>\n<link rel=\"canonical\" href=\"https:\/\/tdmed.es\/tr\/akslar-ve-sanzimanlar\/\" \/>\n<meta property=\"og:locale\" content=\"tr_TR\" \/>\n<meta property=\"og:type\" content=\"article\" \/>\n<meta property=\"og:title\" content=\"Akslar ve \u015eanz\u0131manlar\" \/>\n<meta property=\"og:description\" content=\"End\u00fcstriyel ara\u00e7lar ve a\u011f\u0131r makineler i\u00e7in akslar ve \u015fanz\u0131manlar. Orijinal yedek par\u00e7alar, entegrasyon m\u00fchendisli\u011fi ve teknik servis.\" \/>\n<meta property=\"og:url\" content=\"https:\/\/tdmed.es\/tr\/akslar-ve-sanzimanlar\/\" \/>\n<meta property=\"og:site_name\" content=\"TDMED\" \/>\n<meta property=\"article:modified_time\" content=\"2026-03-06T09:52:47+00:00\" \/>\n<meta property=\"og:image\" content=\"https:\/\/tdmed.es\/wp-content\/uploads\/2025\/05\/Ejes-y-Transmisiones-3.png\" \/>\n<meta name=\"twitter:card\" content=\"summary_large_image\" \/>\n<script type=\"application\/ld+json\" class=\"yoast-schema-graph\">{\"@context\":\"https:\\\/\\\/schema.org\",\"@graph\":[{\"@type\":\"WebPage\",\"@id\":\"https:\\\/\\\/tdmed.es\\\/tr\\\/akslar-ve-sanzimanlar\\\/\",\"url\":\"https:\\\/\\\/tdmed.es\\\/tr\\\/akslar-ve-sanzimanlar\\\/\",\"name\":\"Akslar ve \u015eanz\u0131manlar - TDMED\",\"isPartOf\":{\"@id\":\"https:\\\/\\\/tdmed.es\\\/tr\\\/#website\"},\"primaryImageOfPage\":{\"@id\":\"https:\\\/\\\/tdmed.es\\\/tr\\\/akslar-ve-sanzimanlar\\\/#primaryimage\"},\"image\":{\"@id\":\"https:\\\/\\\/tdmed.es\\\/tr\\\/akslar-ve-sanzimanlar\\\/#primaryimage\"},\"thumbnailUrl\":\"https:\\\/\\\/tdmed.es\\\/wp-content\\\/uploads\\\/2025\\\/05\\\/Ejes-y-Transmisiones-3.png\",\"datePublished\":\"2025-07-14T22:52:12+00:00\",\"dateModified\":\"2026-03-06T09:52:47+00:00\",\"description\":\"End\u00fcstriyel ara\u00e7lar ve a\u011f\u0131r makineler i\u00e7in akslar ve \u015fanz\u0131manlar. Orijinal yedek par\u00e7alar, entegrasyon m\u00fchendisli\u011fi ve teknik servis.\",\"breadcrumb\":{\"@id\":\"https:\\\/\\\/tdmed.es\\\/tr\\\/akslar-ve-sanzimanlar\\\/#breadcrumb\"},\"inLanguage\":\"tr\",\"potentialAction\":[{\"@type\":\"ReadAction\",\"target\":[\"https:\\\/\\\/tdmed.es\\\/tr\\\/akslar-ve-sanzimanlar\\\/\"]}]},{\"@type\":\"ImageObject\",\"inLanguage\":\"tr\",\"@id\":\"https:\\\/\\\/tdmed.es\\\/tr\\\/akslar-ve-sanzimanlar\\\/#primaryimage\",\"url\":\"https:\\\/\\\/tdmed.es\\\/wp-content\\\/uploads\\\/2025\\\/05\\\/Ejes-y-Transmisiones-3.png\",\"contentUrl\":\"https:\\\/\\\/tdmed.es\\\/wp-content\\\/uploads\\\/2025\\\/05\\\/Ejes-y-Transmisiones-3.png\"},{\"@type\":\"BreadcrumbList\",\"@id\":\"https:\\\/\\\/tdmed.es\\\/tr\\\/akslar-ve-sanzimanlar\\\/#breadcrumb\",\"itemListElement\":[{\"@type\":\"ListItem\",\"position\":1,\"name\":\"Portada\",\"item\":\"https:\\\/\\\/tdmed.es\\\/tr\\\/\"},{\"@type\":\"ListItem\",\"position\":2,\"name\":\"Akslar ve \u015eanz\u0131manlar\"}]},{\"@type\":\"WebSite\",\"@id\":\"https:\\\/\\\/tdmed.es\\\/tr\\\/#website\",\"url\":\"https:\\\/\\\/tdmed.es\\\/tr\\\/\",\"name\":\"TDMED\",\"description\":\"TDMED\",\"publisher\":{\"@id\":\"https:\\\/\\\/tdmed.es\\\/tr\\\/#organization\"},\"potentialAction\":[{\"@type\":\"SearchAction\",\"target\":{\"@type\":\"EntryPoint\",\"urlTemplate\":\"https:\\\/\\\/tdmed.es\\\/tr\\\/?s={search_term_string}\"},\"query-input\":{\"@type\":\"PropertyValueSpecification\",\"valueRequired\":true,\"valueName\":\"search_term_string\"}}],\"inLanguage\":\"tr\"},{\"@type\":\"Organization\",\"@id\":\"https:\\\/\\\/tdmed.es\\\/tr\\\/#organization\",\"name\":\"TransDiesel\",\"url\":\"https:\\\/\\\/tdmed.es\\\/tr\\\/\",\"logo\":{\"@type\":\"ImageObject\",\"inLanguage\":\"tr\",\"@id\":\"https:\\\/\\\/tdmed.es\\\/tr\\\/#\\\/schema\\\/logo\\\/image\\\/\",\"url\":\"https:\\\/\\\/tdmed.es\\\/wp-content\\\/uploads\\\/2018\\\/12\\\/NewLogo.png\",\"contentUrl\":\"https:\\\/\\\/tdmed.es\\\/wp-content\\\/uploads\\\/2018\\\/12\\\/NewLogo.png\",\"width\":800,\"height\":140,\"caption\":\"TransDiesel\"},\"image\":{\"@id\":\"https:\\\/\\\/tdmed.es\\\/tr\\\/#\\\/schema\\\/logo\\\/image\\\/\"}}]}<\/script>\n<!-- \/ Yoast SEO Premium plugin. -->","yoast_head_json":{"title":"Akslar ve \u015eanz\u0131manlar - TDMED","description":"End\u00fcstriyel ara\u00e7lar ve a\u011f\u0131r makineler i\u00e7in akslar ve \u015fanz\u0131manlar. Orijinal yedek par\u00e7alar, entegrasyon m\u00fchendisli\u011fi ve teknik servis.","robots":{"index":"index","follow":"follow","max-snippet":"max-snippet:-1","max-image-preview":"max-image-preview:large","max-video-preview":"max-video-preview:-1"},"canonical":"https:\/\/tdmed.es\/tr\/akslar-ve-sanzimanlar\/","og_locale":"tr_TR","og_type":"article","og_title":"Akslar ve \u015eanz\u0131manlar","og_description":"End\u00fcstriyel ara\u00e7lar ve a\u011f\u0131r makineler i\u00e7in akslar ve \u015fanz\u0131manlar. Orijinal yedek par\u00e7alar, entegrasyon m\u00fchendisli\u011fi ve teknik servis.","og_url":"https:\/\/tdmed.es\/tr\/akslar-ve-sanzimanlar\/","og_site_name":"TDMED","article_modified_time":"2026-03-06T09:52:47+00:00","og_image":[{"url":"https:\/\/tdmed.es\/wp-content\/uploads\/2025\/05\/Ejes-y-Transmisiones-3.png","type":"","width":"","height":""}],"twitter_card":"summary_large_image","schema":{"@context":"https:\/\/schema.org","@graph":[{"@type":"WebPage","@id":"https:\/\/tdmed.es\/tr\/akslar-ve-sanzimanlar\/","url":"https:\/\/tdmed.es\/tr\/akslar-ve-sanzimanlar\/","name":"Akslar ve \u015eanz\u0131manlar - TDMED","isPartOf":{"@id":"https:\/\/tdmed.es\/tr\/#website"},"primaryImageOfPage":{"@id":"https:\/\/tdmed.es\/tr\/akslar-ve-sanzimanlar\/#primaryimage"},"image":{"@id":"https:\/\/tdmed.es\/tr\/akslar-ve-sanzimanlar\/#primaryimage"},"thumbnailUrl":"https:\/\/tdmed.es\/wp-content\/uploads\/2025\/05\/Ejes-y-Transmisiones-3.png","datePublished":"2025-07-14T22:52:12+00:00","dateModified":"2026-03-06T09:52:47+00:00","description":"End\u00fcstriyel ara\u00e7lar ve a\u011f\u0131r makineler i\u00e7in akslar ve \u015fanz\u0131manlar. Orijinal yedek par\u00e7alar, entegrasyon m\u00fchendisli\u011fi ve teknik servis.","breadcrumb":{"@id":"https:\/\/tdmed.es\/tr\/akslar-ve-sanzimanlar\/#breadcrumb"},"inLanguage":"tr","potentialAction":[{"@type":"ReadAction","target":["https:\/\/tdmed.es\/tr\/akslar-ve-sanzimanlar\/"]}]},{"@type":"ImageObject","inLanguage":"tr","@id":"https:\/\/tdmed.es\/tr\/akslar-ve-sanzimanlar\/#primaryimage","url":"https:\/\/tdmed.es\/wp-content\/uploads\/2025\/05\/Ejes-y-Transmisiones-3.png","contentUrl":"https:\/\/tdmed.es\/wp-content\/uploads\/2025\/05\/Ejes-y-Transmisiones-3.png"},{"@type":"BreadcrumbList","@id":"https:\/\/tdmed.es\/tr\/akslar-ve-sanzimanlar\/#breadcrumb","itemListElement":[{"@type":"ListItem","position":1,"name":"Portada","item":"https:\/\/tdmed.es\/tr\/"},{"@type":"ListItem","position":2,"name":"Akslar ve \u015eanz\u0131manlar"}]},{"@type":"WebSite","@id":"https:\/\/tdmed.es\/tr\/#website","url":"https:\/\/tdmed.es\/tr\/","name":"TDMED","description":"TDMED","publisher":{"@id":"https:\/\/tdmed.es\/tr\/#organization"},"potentialAction":[{"@type":"SearchAction","target":{"@type":"EntryPoint","urlTemplate":"https:\/\/tdmed.es\/tr\/?s={search_term_string}"},"query-input":{"@type":"PropertyValueSpecification","valueRequired":true,"valueName":"search_term_string"}}],"inLanguage":"tr"},{"@type":"Organization","@id":"https:\/\/tdmed.es\/tr\/#organization","name":"TransDiesel","url":"https:\/\/tdmed.es\/tr\/","logo":{"@type":"ImageObject","inLanguage":"tr","@id":"https:\/\/tdmed.es\/tr\/#\/schema\/logo\/image\/","url":"https:\/\/tdmed.es\/wp-content\/uploads\/2018\/12\/NewLogo.png","contentUrl":"https:\/\/tdmed.es\/wp-content\/uploads\/2018\/12\/NewLogo.png","width":800,"height":140,"caption":"TransDiesel"},"image":{"@id":"https:\/\/tdmed.es\/tr\/#\/schema\/logo\/image\/"}}]}},"_links":{"self":[{"href":"https:\/\/tdmed.es\/tr\/wp-json\/wp\/v2\/pages\/109419","targetHints":{"allow":["GET"]}}],"collection":[{"href":"https:\/\/tdmed.es\/tr\/wp-json\/wp\/v2\/pages"}],"about":[{"href":"https:\/\/tdmed.es\/tr\/wp-json\/wp\/v2\/types\/page"}],"author":[{"embeddable":true,"href":"https:\/\/tdmed.es\/tr\/wp-json\/wp\/v2\/users\/313"}],"replies":[{"embeddable":true,"href":"https:\/\/tdmed.es\/tr\/wp-json\/wp\/v2\/comments?post=109419"}],"version-history":[{"count":0,"href":"https:\/\/tdmed.es\/tr\/wp-json\/wp\/v2\/pages\/109419\/revisions"}],"wp:attachment":[{"href":"https:\/\/tdmed.es\/tr\/wp-json\/wp\/v2\/media?parent=109419"}],"curies":[{"name":"wp","href":"https:\/\/api.w.org\/{rel}","templated":true}]}}