{"id":109415,"date":"2025-07-15T00:46:18","date_gmt":"2025-07-14T22:46:18","guid":{"rendered":"https:\/\/preprod.transdiesel.es\/gaz-tahriki\/"},"modified":"2026-03-18T12:20:27","modified_gmt":"2026-03-18T11:20:27","slug":"gaz-tahriki","status":"publish","type":"page","link":"https:\/\/tdmed.es\/tr\/gaz-tahriki\/","title":{"rendered":"Gaz Tahriki"},"content":{"rendered":"\t\t<div data-elementor-type=\"wp-page\" data-elementor-id=\"109415\" class=\"elementor elementor-109415 elementor-107726\" data-elementor-post-type=\"page\">\n\t\t\t\t<div data-particle_enable=\"false\" data-particle-mobile-disabled=\"false\" class=\"elementor-element elementor-element-fc286fd e-flex e-con-boxed e-con e-parent\" data-id=\"fc286fd\" data-element_type=\"container\" data-e-type=\"container\" data-settings=\"{&quot;background_background&quot;:&quot;classic&quot;}\">\n\t\t\t\t\t<div class=\"e-con-inner\">\n\t\t\t\t\t<\/div>\n\t\t\t\t<\/div>\n\t\t<div data-particle_enable=\"false\" data-particle-mobile-disabled=\"false\" class=\"elementor-element elementor-element-f0df74c e-flex e-con-boxed e-con e-parent\" data-id=\"f0df74c\" data-element_type=\"container\" data-e-type=\"container\">\n\t\t\t\t\t<div class=\"e-con-inner\">\n\t\t<div data-particle_enable=\"false\" data-particle-mobile-disabled=\"false\" class=\"elementor-element elementor-element-a446c88 e-con-full e-flex e-con e-child\" data-id=\"a446c88\" data-element_type=\"container\" data-e-type=\"container\">\n\t\t\t\t<div class=\"elementor-element elementor-element-f63e634 elementor-widget__width-initial elementor-widget-tablet__width-inherit elementor-widget elementor-widget-heading\" data-id=\"f63e634\" data-element_type=\"widget\" data-e-type=\"widget\" data-widget_type=\"heading.default\">\n\t\t\t\t<div class=\"elementor-widget-container\">\n\t\t\t\t\t<h1 class=\"elementor-heading-title elementor-size-default\">Gaz Tahriki<\/h1>\t\t\t\t<\/div>\n\t\t\t\t<\/div>\n\t\t\t\t<div class=\"elementor-element elementor-element-99ca539 elementor-widget elementor-widget-text-editor\" data-id=\"99ca539\" data-element_type=\"widget\" data-e-type=\"widget\" data-widget_type=\"text-editor.default\">\n\t\t\t\t<div class=\"elementor-widget-container\">\n\t\t\t\t\t\t\t\t\t<h2><span style=\"font-size: 20px;\">&#8220;Gezegenimiz i\u00e7in pozitife yolculuk.&#8221;<\/span><\/h2>\t\t\t\t\t\t\t\t<\/div>\n\t\t\t\t<\/div>\n\t\t\t\t<\/div>\n\t\t\t\t\t<\/div>\n\t\t\t\t<\/div>\n\t\t<div data-particle_enable=\"false\" data-particle-mobile-disabled=\"false\" class=\"elementor-element elementor-element-6a2fc2e e-flex e-con-boxed e-con e-parent\" data-id=\"6a2fc2e\" data-element_type=\"container\" data-e-type=\"container\">\n\t\t\t\t\t<div class=\"e-con-inner\">\n\t\t<div data-particle_enable=\"false\" data-particle-mobile-disabled=\"false\" class=\"elementor-element elementor-element-acd84ef e-con-full e-flex e-con e-child\" data-id=\"acd84ef\" data-element_type=\"container\" data-e-type=\"container\" data-settings=\"{&quot;background_background&quot;:&quot;classic&quot;}\">\n\t\t\t\t<div class=\"elementor-element elementor-element-10c7559 elementor-widget elementor-widget-image\" data-id=\"10c7559\" data-element_type=\"widget\" data-e-type=\"widget\" data-widget_type=\"image.default\">\n\t\t\t\t<div class=\"elementor-widget-container\">\n\t\t\t\t\t\t\t\t\t\t\t\t\t\t\t<img fetchpriority=\"high\" decoding=\"async\" width=\"1024\" height=\"1024\" src=\"https:\/\/tdmed.es\/wp-content\/uploads\/2025\/05\/Propulsion-a-gas-1-1024x1024.png\" class=\"attachment-large size-large wp-image-108875\" alt=\"propulsi\u00f3n a gas - maquinaria industrial\" srcset=\"https:\/\/tdmed.es\/wp-content\/uploads\/2025\/05\/Propulsion-a-gas-1-1024x1024.png 1024w, https:\/\/tdmed.es\/wp-content\/uploads\/2025\/05\/Propulsion-a-gas-1-300x300.png 300w, https:\/\/tdmed.es\/wp-content\/uploads\/2025\/05\/Propulsion-a-gas-1-150x150.png 150w, https:\/\/tdmed.es\/wp-content\/uploads\/2025\/05\/Propulsion-a-gas-1-768x768.png 768w, https:\/\/tdmed.es\/wp-content\/uploads\/2025\/05\/Propulsion-a-gas-1-1536x1536.png 1536w, https:\/\/tdmed.es\/wp-content\/uploads\/2025\/05\/Propulsion-a-gas-1-1000x1000.png 1000w, https:\/\/tdmed.es\/wp-content\/uploads\/2025\/05\/Propulsion-a-gas-1-600x600.png 600w, https:\/\/tdmed.es\/wp-content\/uploads\/2025\/05\/Propulsion-a-gas-1-100x100.png 100w, https:\/\/tdmed.es\/wp-content\/uploads\/2025\/05\/Propulsion-a-gas-1-64x64.png 64w, https:\/\/tdmed.es\/wp-content\/uploads\/2025\/05\/Propulsion-a-gas-1.png 2000w\" sizes=\"(max-width: 1024px) 100vw, 1024px\" \/>\t\t\t\t\t\t\t\t\t\t\t\t\t\t\t<\/div>\n\t\t\t\t<\/div>\n\t\t\t\t<\/div>\n\t\t<div data-particle_enable=\"false\" data-particle-mobile-disabled=\"false\" class=\"elementor-element elementor-element-f75a386 e-con-full e-flex e-con e-child\" data-id=\"f75a386\" data-element_type=\"container\" data-e-type=\"container\">\n\t\t\t\t<div class=\"elementor-element elementor-element-2176bb9 elementor-widget elementor-widget-text-editor\" data-id=\"2176bb9\" data-element_type=\"widget\" data-e-type=\"widget\" data-widget_type=\"text-editor.default\">\n\t\t\t\t<div class=\"elementor-widget-container\">\n\t\t\t\t\t\t\t\t\t<p>TDMED, end\u00fcstriyel makine, in\u015faat, tar\u0131m ve karayolu \u00fcreticileri i\u00e7in entegre gaz tahrik sistemi \u00e7\u00f6z\u00fcmleri sunmaktad\u0131r. KUBOTA ile ortak olarak, 0,97 ila 3,8 litre ve 22 ila 75 hp aras\u0131nda de\u011fi\u015fen ve t\u00fcm\u00fc AB A\u015fama V emisyon d\u00fczenlemeleriyle uyumlu, esnek yak\u0131tl\u0131, d\u00fc\u015f\u00fck emisyonlu motorlardan olu\u015fan eksiksiz bir \u00fcr\u00fcn yelpazesi sunuyoruz.<\/p>\n<p>KUBOTA, her uygulaman\u0131n ihtiyac\u0131n\u0131 kar\u015f\u0131lamak i\u00e7in gaz motorlar\u0131 ile emisyon sertifikasyonunu basitle\u015ftirir. Emisyon kontrol sistemi \u00e7\u00f6z\u00fcmlerinde 50 y\u0131l\u0131 a\u015fk\u0131n deneyimi ile alternatif yak\u0131tl\u0131 motorlar\u0131n \u00f6nemli bir tedarik\u00e7isidir.<\/p>\n<p>Alternatif yak\u0131tl\u0131 bir motor takmak sadece emisyonlar, g\u00fc\u00e7 ve torkla ilgili de\u011fildir; ayn\u0131 zamanda de\u011fer, performans, dayan\u0131kl\u0131l\u0131k ve g\u00fcvenilirlikle de ilgilidir.<\/p>\n<p>Daha fazla bilgi: <a href=\"https:\/\/engine.kubota.com\/en\/\" target=\"_blank\" rel=\"noopener\">\u00dcretici Web Sitesi<\/a><\/p>\n\t\t\t\t\t\t\t\t<\/div>\n\t\t\t\t<\/div>\n\t\t\t\t<\/div>\n\t\t\t\t\t<\/div>\n\t\t\t\t<\/div>\n\t\t<div data-particle_enable=\"false\" data-particle-mobile-disabled=\"false\" class=\"elementor-element elementor-element-88aca64 e-flex e-con-boxed e-con e-parent\" data-id=\"88aca64\" data-element_type=\"container\" data-e-type=\"container\">\n\t\t\t\t\t<div class=\"e-con-inner\">\n\t\t\t\t<div class=\"elementor-element elementor-element-03aa203 elementor-widget elementor-widget-image\" data-id=\"03aa203\" data-element_type=\"widget\" data-e-type=\"widget\" data-widget_type=\"image.default\">\n\t\t\t\t<div class=\"elementor-widget-container\">\n\t\t\t\t\t\t\t\t\t\t\t\t\t\t\t<img decoding=\"async\" width=\"1024\" height=\"320\" src=\"https:\/\/tdmed.es\/wp-content\/uploads\/2025\/04\/kubota2-1024x320.jpg\" class=\"attachment-large size-large wp-image-108208\" alt=\"imagen fondo kubota\" srcset=\"https:\/\/tdmed.es\/wp-content\/uploads\/2025\/04\/kubota2-1024x320.jpg 1024w, https:\/\/tdmed.es\/wp-content\/uploads\/2025\/04\/kubota2-300x94.jpg 300w, https:\/\/tdmed.es\/wp-content\/uploads\/2025\/04\/kubota2-768x240.jpg 768w, https:\/\/tdmed.es\/wp-content\/uploads\/2025\/04\/kubota2-1536x480.jpg 1536w, https:\/\/tdmed.es\/wp-content\/uploads\/2025\/04\/kubota2-600x188.jpg 600w, https:\/\/tdmed.es\/wp-content\/uploads\/2025\/04\/kubota2-64x20.jpg 64w, https:\/\/tdmed.es\/wp-content\/uploads\/2025\/04\/kubota2.jpg 1600w\" sizes=\"(max-width: 1024px) 100vw, 1024px\" \/>\t\t\t\t\t\t\t\t\t\t\t\t\t\t\t<\/div>\n\t\t\t\t<\/div>\n\t\t\t\t\t<\/div>\n\t\t\t\t<\/div>\n\t\t\t\t<\/div>\n\t\t","protected":false},"excerpt":{"rendered":"<p>Gaz Tahriki &#8220;Gezegenimiz i\u00e7in pozitife yolculuk.&#8221; TDMED, end\u00fcstriyel makine, in\u015faat, tar\u0131m ve karayolu \u00fcreticileri i\u00e7in entegre gaz tahrik sistemi \u00e7\u00f6z\u00fcmleri sunmaktad\u0131r. KUBOTA ile ortak olarak, &#8230; <\/p>\n<p class=\"read-more-container\"><a title=\"Gaz Tahriki\" class=\"read-more button\" href=\"https:\/\/tdmed.es\/tr\/gaz-tahriki\/#more-109415\" aria-label=\"Read more about Gaz Tahriki\">Read more<\/a><\/p>\n","protected":false},"author":313,"featured_media":0,"parent":0,"menu_order":0,"comment_status":"closed","ping_status":"closed","template":"","meta":{"_joinchat":[],"footnotes":""},"class_list":["post-109415","page","type-page","status-publish"],"yoast_head":"<!-- This site is optimized with the Yoast SEO Premium plugin v27.3 (Yoast SEO v27.3) - https:\/\/yoast.com\/product\/yoast-seo-premium-wordpress\/ -->\n<title>Gaz tahrik sistemi \u00e7\u00f6z\u00fcmleri - TDMED<\/title>\n<meta name=\"description\" content=\"Temiz ve verimli gaz tahrik. End\u00fcstriyel makineler i\u00e7in LPG, Do\u011fal Gaz ve CNG. D\u00fc\u015f\u00fck t\u00fcketim ve azalt\u0131lm\u0131\u015f emisyonlar.\" \/>\n<meta name=\"robots\" content=\"index, follow, max-snippet:-1, max-image-preview:large, max-video-preview:-1\" \/>\n<link rel=\"canonical\" href=\"https:\/\/tdmed.es\/tr\/gaz-tahriki\/\" \/>\n<meta property=\"og:locale\" content=\"tr_TR\" \/>\n<meta property=\"og:type\" content=\"article\" \/>\n<meta property=\"og:title\" content=\"Gaz Tahriki\" \/>\n<meta property=\"og:description\" content=\"Temiz ve verimli gaz tahrik. End\u00fcstriyel makineler i\u00e7in LPG, Do\u011fal Gaz ve CNG. D\u00fc\u015f\u00fck t\u00fcketim ve azalt\u0131lm\u0131\u015f emisyonlar.\" \/>\n<meta property=\"og:url\" content=\"https:\/\/tdmed.es\/tr\/gaz-tahriki\/\" \/>\n<meta property=\"og:site_name\" content=\"TDMED\" \/>\n<meta property=\"article:modified_time\" content=\"2026-03-18T11:20:27+00:00\" \/>\n<meta property=\"og:image\" content=\"https:\/\/tdmed.es\/wp-content\/uploads\/2025\/05\/Propulsion-a-gas-1-1024x1024.png\" \/>\n<meta name=\"twitter:card\" content=\"summary_large_image\" \/>\n<script type=\"application\/ld+json\" class=\"yoast-schema-graph\">{\"@context\":\"https:\\\/\\\/schema.org\",\"@graph\":[{\"@type\":\"WebPage\",\"@id\":\"https:\\\/\\\/tdmed.es\\\/tr\\\/gaz-tahriki\\\/\",\"url\":\"https:\\\/\\\/tdmed.es\\\/tr\\\/gaz-tahriki\\\/\",\"name\":\"Gaz tahrik sistemi \u00e7\u00f6z\u00fcmleri - TDMED\",\"isPartOf\":{\"@id\":\"https:\\\/\\\/tdmed.es\\\/tr\\\/#website\"},\"primaryImageOfPage\":{\"@id\":\"https:\\\/\\\/tdmed.es\\\/tr\\\/gaz-tahriki\\\/#primaryimage\"},\"image\":{\"@id\":\"https:\\\/\\\/tdmed.es\\\/tr\\\/gaz-tahriki\\\/#primaryimage\"},\"thumbnailUrl\":\"https:\\\/\\\/tdmed.es\\\/wp-content\\\/uploads\\\/2025\\\/05\\\/Propulsion-a-gas-1-1024x1024.png\",\"datePublished\":\"2025-07-14T22:46:18+00:00\",\"dateModified\":\"2026-03-18T11:20:27+00:00\",\"description\":\"Temiz ve verimli gaz tahrik. End\u00fcstriyel makineler i\u00e7in LPG, Do\u011fal Gaz ve CNG. D\u00fc\u015f\u00fck t\u00fcketim ve azalt\u0131lm\u0131\u015f emisyonlar.\",\"breadcrumb\":{\"@id\":\"https:\\\/\\\/tdmed.es\\\/tr\\\/gaz-tahriki\\\/#breadcrumb\"},\"inLanguage\":\"tr\",\"potentialAction\":[{\"@type\":\"ReadAction\",\"target\":[\"https:\\\/\\\/tdmed.es\\\/tr\\\/gaz-tahriki\\\/\"]}]},{\"@type\":\"ImageObject\",\"inLanguage\":\"tr\",\"@id\":\"https:\\\/\\\/tdmed.es\\\/tr\\\/gaz-tahriki\\\/#primaryimage\",\"url\":\"https:\\\/\\\/tdmed.es\\\/wp-content\\\/uploads\\\/2025\\\/05\\\/Propulsion-a-gas-1-1024x1024.png\",\"contentUrl\":\"https:\\\/\\\/tdmed.es\\\/wp-content\\\/uploads\\\/2025\\\/05\\\/Propulsion-a-gas-1-1024x1024.png\"},{\"@type\":\"BreadcrumbList\",\"@id\":\"https:\\\/\\\/tdmed.es\\\/tr\\\/gaz-tahriki\\\/#breadcrumb\",\"itemListElement\":[{\"@type\":\"ListItem\",\"position\":1,\"name\":\"Portada\",\"item\":\"https:\\\/\\\/tdmed.es\\\/tr\\\/\"},{\"@type\":\"ListItem\",\"position\":2,\"name\":\"Gaz Tahriki\"}]},{\"@type\":\"WebSite\",\"@id\":\"https:\\\/\\\/tdmed.es\\\/tr\\\/#website\",\"url\":\"https:\\\/\\\/tdmed.es\\\/tr\\\/\",\"name\":\"TDMED\",\"description\":\"TDMED\",\"publisher\":{\"@id\":\"https:\\\/\\\/tdmed.es\\\/tr\\\/#organization\"},\"potentialAction\":[{\"@type\":\"SearchAction\",\"target\":{\"@type\":\"EntryPoint\",\"urlTemplate\":\"https:\\\/\\\/tdmed.es\\\/tr\\\/?s={search_term_string}\"},\"query-input\":{\"@type\":\"PropertyValueSpecification\",\"valueRequired\":true,\"valueName\":\"search_term_string\"}}],\"inLanguage\":\"tr\"},{\"@type\":\"Organization\",\"@id\":\"https:\\\/\\\/tdmed.es\\\/tr\\\/#organization\",\"name\":\"TransDiesel\",\"url\":\"https:\\\/\\\/tdmed.es\\\/tr\\\/\",\"logo\":{\"@type\":\"ImageObject\",\"inLanguage\":\"tr\",\"@id\":\"https:\\\/\\\/tdmed.es\\\/tr\\\/#\\\/schema\\\/logo\\\/image\\\/\",\"url\":\"https:\\\/\\\/tdmed.es\\\/wp-content\\\/uploads\\\/2018\\\/12\\\/NewLogo.png\",\"contentUrl\":\"https:\\\/\\\/tdmed.es\\\/wp-content\\\/uploads\\\/2018\\\/12\\\/NewLogo.png\",\"width\":800,\"height\":140,\"caption\":\"TransDiesel\"},\"image\":{\"@id\":\"https:\\\/\\\/tdmed.es\\\/tr\\\/#\\\/schema\\\/logo\\\/image\\\/\"}}]}<\/script>\n<!-- \/ Yoast SEO Premium plugin. -->","yoast_head_json":{"title":"Gaz tahrik sistemi \u00e7\u00f6z\u00fcmleri - TDMED","description":"Temiz ve verimli gaz tahrik. End\u00fcstriyel makineler i\u00e7in LPG, Do\u011fal Gaz ve CNG. D\u00fc\u015f\u00fck t\u00fcketim ve azalt\u0131lm\u0131\u015f emisyonlar.","robots":{"index":"index","follow":"follow","max-snippet":"max-snippet:-1","max-image-preview":"max-image-preview:large","max-video-preview":"max-video-preview:-1"},"canonical":"https:\/\/tdmed.es\/tr\/gaz-tahriki\/","og_locale":"tr_TR","og_type":"article","og_title":"Gaz Tahriki","og_description":"Temiz ve verimli gaz tahrik. End\u00fcstriyel makineler i\u00e7in LPG, Do\u011fal Gaz ve CNG. D\u00fc\u015f\u00fck t\u00fcketim ve azalt\u0131lm\u0131\u015f emisyonlar.","og_url":"https:\/\/tdmed.es\/tr\/gaz-tahriki\/","og_site_name":"TDMED","article_modified_time":"2026-03-18T11:20:27+00:00","og_image":[{"url":"https:\/\/tdmed.es\/wp-content\/uploads\/2025\/05\/Propulsion-a-gas-1-1024x1024.png","type":"","width":"","height":""}],"twitter_card":"summary_large_image","schema":{"@context":"https:\/\/schema.org","@graph":[{"@type":"WebPage","@id":"https:\/\/tdmed.es\/tr\/gaz-tahriki\/","url":"https:\/\/tdmed.es\/tr\/gaz-tahriki\/","name":"Gaz tahrik sistemi \u00e7\u00f6z\u00fcmleri - TDMED","isPartOf":{"@id":"https:\/\/tdmed.es\/tr\/#website"},"primaryImageOfPage":{"@id":"https:\/\/tdmed.es\/tr\/gaz-tahriki\/#primaryimage"},"image":{"@id":"https:\/\/tdmed.es\/tr\/gaz-tahriki\/#primaryimage"},"thumbnailUrl":"https:\/\/tdmed.es\/wp-content\/uploads\/2025\/05\/Propulsion-a-gas-1-1024x1024.png","datePublished":"2025-07-14T22:46:18+00:00","dateModified":"2026-03-18T11:20:27+00:00","description":"Temiz ve verimli gaz tahrik. End\u00fcstriyel makineler i\u00e7in LPG, Do\u011fal Gaz ve CNG. D\u00fc\u015f\u00fck t\u00fcketim ve azalt\u0131lm\u0131\u015f emisyonlar.","breadcrumb":{"@id":"https:\/\/tdmed.es\/tr\/gaz-tahriki\/#breadcrumb"},"inLanguage":"tr","potentialAction":[{"@type":"ReadAction","target":["https:\/\/tdmed.es\/tr\/gaz-tahriki\/"]}]},{"@type":"ImageObject","inLanguage":"tr","@id":"https:\/\/tdmed.es\/tr\/gaz-tahriki\/#primaryimage","url":"https:\/\/tdmed.es\/wp-content\/uploads\/2025\/05\/Propulsion-a-gas-1-1024x1024.png","contentUrl":"https:\/\/tdmed.es\/wp-content\/uploads\/2025\/05\/Propulsion-a-gas-1-1024x1024.png"},{"@type":"BreadcrumbList","@id":"https:\/\/tdmed.es\/tr\/gaz-tahriki\/#breadcrumb","itemListElement":[{"@type":"ListItem","position":1,"name":"Portada","item":"https:\/\/tdmed.es\/tr\/"},{"@type":"ListItem","position":2,"name":"Gaz Tahriki"}]},{"@type":"WebSite","@id":"https:\/\/tdmed.es\/tr\/#website","url":"https:\/\/tdmed.es\/tr\/","name":"TDMED","description":"TDMED","publisher":{"@id":"https:\/\/tdmed.es\/tr\/#organization"},"potentialAction":[{"@type":"SearchAction","target":{"@type":"EntryPoint","urlTemplate":"https:\/\/tdmed.es\/tr\/?s={search_term_string}"},"query-input":{"@type":"PropertyValueSpecification","valueRequired":true,"valueName":"search_term_string"}}],"inLanguage":"tr"},{"@type":"Organization","@id":"https:\/\/tdmed.es\/tr\/#organization","name":"TransDiesel","url":"https:\/\/tdmed.es\/tr\/","logo":{"@type":"ImageObject","inLanguage":"tr","@id":"https:\/\/tdmed.es\/tr\/#\/schema\/logo\/image\/","url":"https:\/\/tdmed.es\/wp-content\/uploads\/2018\/12\/NewLogo.png","contentUrl":"https:\/\/tdmed.es\/wp-content\/uploads\/2018\/12\/NewLogo.png","width":800,"height":140,"caption":"TransDiesel"},"image":{"@id":"https:\/\/tdmed.es\/tr\/#\/schema\/logo\/image\/"}}]}},"_links":{"self":[{"href":"https:\/\/tdmed.es\/tr\/wp-json\/wp\/v2\/pages\/109415","targetHints":{"allow":["GET"]}}],"collection":[{"href":"https:\/\/tdmed.es\/tr\/wp-json\/wp\/v2\/pages"}],"about":[{"href":"https:\/\/tdmed.es\/tr\/wp-json\/wp\/v2\/types\/page"}],"author":[{"embeddable":true,"href":"https:\/\/tdmed.es\/tr\/wp-json\/wp\/v2\/users\/313"}],"replies":[{"embeddable":true,"href":"https:\/\/tdmed.es\/tr\/wp-json\/wp\/v2\/comments?post=109415"}],"version-history":[{"count":0,"href":"https:\/\/tdmed.es\/tr\/wp-json\/wp\/v2\/pages\/109415\/revisions"}],"wp:attachment":[{"href":"https:\/\/tdmed.es\/tr\/wp-json\/wp\/v2\/media?parent=109415"}],"curies":[{"name":"wp","href":"https:\/\/api.w.org\/{rel}","templated":true}]}}