{"id":18234,"date":"2019-05-13T21:33:50","date_gmt":"2019-05-13T21:33:50","guid":{"rendered":"https:\/\/preprod.transdiesel.es\/politica-envios\/"},"modified":"2019-11-18T14:22:45","modified_gmt":"2019-11-18T12:22:45","slug":"politica-envio-pt","status":"publish","type":"page","link":"https:\/\/tdmed.es\/pt-pt\/politica-envio-pt\/","title":{"rendered":"Pol\u00edtica de Envio e Devolu\u00e7\u00e3o"},"content":{"rendered":"<p>[et_pb_section bb_built=&#8221;1&#8243; _builder_version=&#8221;3.22.7&#8243; custom_padding=&#8221;28px||54px&#8221;][et_pb_row _builder_version=&#8221;3.22.7&#8243;][et_pb_column type=&#8221;4_4&#8243;][et_pb_text text_font_size=&#8221;17px&#8221; header_font_size=&#8221;34px&#8221; _builder_version=&#8221;3.22.7&#8243; text_text_shadow_horizontal_length=&#8221;text_text_shadow_style,%91object Object%93&#8243; text_text_shadow_vertical_length=&#8221;text_text_shadow_style,%91object Object%93&#8243; text_text_shadow_blur_strength=&#8221;text_text_shadow_style,%91object Object%93&#8243; link_text_shadow_horizontal_length=&#8221;link_text_shadow_style,%91object Object%93&#8243; link_text_shadow_vertical_length=&#8221;link_text_shadow_style,%91object Object%93&#8243; link_text_shadow_blur_strength=&#8221;link_text_shadow_style,%91object Object%93&#8243; ul_text_shadow_horizontal_length=&#8221;ul_text_shadow_style,%91object Object%93&#8243; ul_text_shadow_vertical_length=&#8221;ul_text_shadow_style,%91object Object%93&#8243; ul_text_shadow_blur_strength=&#8221;ul_text_shadow_style,%91object Object%93&#8243; ol_text_shadow_horizontal_length=&#8221;ol_text_shadow_style,%91object Object%93&#8243; ol_text_shadow_vertical_length=&#8221;ol_text_shadow_style,%91object Object%93&#8243; ol_text_shadow_blur_strength=&#8221;ol_text_shadow_style,%91object Object%93&#8243; quote_text_shadow_horizontal_length=&#8221;quote_text_shadow_style,%91object Object%93&#8243; quote_text_shadow_vertical_length=&#8221;quote_text_shadow_style,%91object Object%93&#8243; quote_text_shadow_blur_strength=&#8221;quote_text_shadow_style,%91object Object%93&#8243; header_text_shadow_horizontal_length=&#8221;header_text_shadow_style,%91object Object%93&#8243; header_text_shadow_vertical_length=&#8221;header_text_shadow_style,%91object Object%93&#8243; header_text_shadow_blur_strength=&#8221;header_text_shadow_style,%91object Object%93&#8243; header_2_text_shadow_horizontal_length=&#8221;header_2_text_shadow_style,%91object Object%93&#8243; header_2_text_shadow_vertical_length=&#8221;header_2_text_shadow_style,%91object Object%93&#8243; header_2_text_shadow_blur_strength=&#8221;header_2_text_shadow_style,%91object Object%93&#8243; header_3_text_shadow_horizontal_length=&#8221;header_3_text_shadow_style,%91object Object%93&#8243; header_3_text_shadow_vertical_length=&#8221;header_3_text_shadow_style,%91object Object%93&#8243; header_3_text_shadow_blur_strength=&#8221;header_3_text_shadow_style,%91object Object%93&#8243; header_4_text_shadow_horizontal_length=&#8221;header_4_text_shadow_style,%91object Object%93&#8243; header_4_text_shadow_vertical_length=&#8221;header_4_text_shadow_style,%91object Object%93&#8243; header_4_text_shadow_blur_strength=&#8221;header_4_text_shadow_style,%91object Object%93&#8243; header_5_text_shadow_horizontal_length=&#8221;header_5_text_shadow_style,%91object Object%93&#8243; header_5_text_shadow_vertical_length=&#8221;header_5_text_shadow_style,%91object Object%93&#8243; header_5_text_shadow_blur_strength=&#8221;header_5_text_shadow_style,%91object Object%93&#8243; header_6_text_shadow_horizontal_length=&#8221;header_6_text_shadow_style,%91object Object%93&#8243; header_6_text_shadow_vertical_length=&#8221;header_6_text_shadow_style,%91object Object%93&#8243; header_6_text_shadow_blur_strength=&#8221;header_6_text_shadow_style,%91object Object%93&#8243; z_index_tablet=&#8221;500&#8243;]<\/p>\n<h1 style=\"text-align: center;\"><strong>POL\u00cdTICA DE ENVIO E DEVOLU\u00c7\u00d5ES<\/strong><\/h1>\n<p>&nbsp;<\/p>\n<p>&nbsp;<\/p>\n<h3><strong>Encomendas<\/strong><\/h3>\n<p>Assim que o pedido for feito, voc\u00ea receber\u00e1 um e-mail confirmando a compra feita. Todos os pedidos s\u00e3o preparados e enviados da Espanha. Quando o pedido estiver pronto para envio em nossos armaz\u00e9ns, enviaremos um e-mail com o c\u00f3digo de entrega e o nome da empresa de transporte. Com esse c\u00f3digo, voc\u00ea pode rastrear sua remessa. Nossa transportadora entrar\u00e1 em contato com voc\u00ea no dia anterior \u00e0 entrega.<\/p>\n<p><strong>\u00a0<\/strong><\/p>\n<h3><strong>Custo de envio<\/strong><\/h3>\n<ul>\n<li>Espanha (Pen\u00ednsula) e Portugal: 12 Euros (primeira unidade) + 2 Euros por unidade ou item extra.<\/li>\n<li>Espanha (Ilhas Baleares, Ilhas Can\u00e1rias, Ceuta e Melilla): Consultar por e-mail em <a href=\"mailto:info@preprod.transdiesel.es\">info@preprod.transdiesel.es<\/a><\/li>\n<\/ul>\n<p>&nbsp;<\/p>\n<h3><strong>Prazo de entrega<\/strong><\/h3>\n<p>Os <u> termos de entrega <\/u> variam de dois a quinze dias, dependendo do destino e do tipo de componente.<\/p>\n<p>&nbsp;<\/p>\n<h3><strong>Entrega de encomendas<\/strong><\/h3>\n<p>Qualquer dano ou falha no transporte deve ser refletido pelo Comprador na nota de entrega da transportadora para sua reclama\u00e7\u00e3o subsequente pelo Vendedor.<\/p>\n<p>&nbsp;<\/p>\n<h3><strong>Pol\u00edtica de devolu\u00e7\u00e3o<\/strong><\/h3>\n<p>Voc\u00ea pode devolver seu pedido nos primeiros quinze dias ap\u00f3s receb\u00ea-lo. Em caso de devolu\u00e7\u00e3o, \u00e9 importante ligar para nossa linha direta antes de fazer o retorno. Em seguida, procederemos a um reembolso de todo o pre\u00e7o de compra, descontando os custos de envio e o cliente assumir\u00e1 os custos de devolu\u00e7\u00e3o do pedido aos nossos dep\u00f3sitos.<\/p>\n<p>&nbsp;<\/p>\n<p>Para proteger as pe\u00e7as, os itens devem ser devolvidos somente em sua embalagem original e todos os materiais de prote\u00e7\u00e3o devem ser utilizados.<\/p>\n<p>&nbsp;<\/p>\n<h3><strong>Garantias<\/strong><\/h3>\n<p>Os produtos fornecidos s\u00e3o garantidos de acordo com as condi\u00e7\u00f5es de garantia indicadas no certificado do fabricante do produto.<\/p>\n<p><strong>\u00a0<\/strong><\/p>\n<h3><strong>Modifica\u00e7\u00f5es<\/strong><\/h3>\n<p>TRANSDIESEL, S.L. reserva-se o direito de modificar estas Condi\u00e7\u00f5es Gerais de Venda sem aviso pr\u00e9vio.<\/p>\n<p>&nbsp;<\/p>\n<h3><strong>Jurisdi\u00e7\u00e3o<\/strong><\/h3>\n<p>O Comprador e o Vendedor expressamente renunciam a qualquer outra jurisdi\u00e7\u00e3o que possa ser aplicada e submetida \u00e0 jurisdi\u00e7\u00e3o e jurisdi\u00e7\u00e3o dos tribunais e tribunais do capital de Madrid.<\/p>\n<p>&nbsp;<\/p>\n<h3><strong>Servi\u00e7o de aten\u00e7\u00e3o ao cliente<\/strong><\/h3>\n<p>Alguma d\u00favida sobre o seu pedido ou voc\u00ea precisa de informa\u00e7\u00f5es adicionais sobre o envio?<\/p>\n<p>N\u00e3o hesite em nos contatar. Ficaremos felizes em ajud\u00e1-lo.<\/p>\n<p>Entre em contato conosco:<\/p>\n<p>Por telefone: <a href=\"tel:+34916699765\">+34916699765<\/a>\u00a0 \/ <a href=\"tel:+34667126916\">+34667126916<\/a> De segunda a sexta das 8:00 \u00e0s 17:00<\/p>\n<p>Por email:\u00a0<a href=\"mailto:info@\">info@<\/a><a href=\"https:\/\/tdmed.es\/pt-pt\/\">preprod.transdiesel.es<\/a><\/p>\n<p>[\/et_pb_text][\/et_pb_column][\/et_pb_row][\/et_pb_section]<\/p>\n","protected":false},"excerpt":{"rendered":"<p>[et_pb_section bb_built=&#8221;1&#8243; _builder_version=&#8221;3.22.7&#8243; custom_padding=&#8221;28px||54px&#8221;][et_pb_row _builder_version=&#8221;3.22.7&#8243;][et_pb_column type=&#8221;4_4&#8243;][et_pb_text text_font_size=&#8221;17px&#8221; header_font_size=&#8221;34px&#8221; _builder_version=&#8221;3.22.7&#8243; text_text_shadow_horizontal_length=&#8221;text_text_shadow_style,%91object Object%93&#8243; text_text_shadow_vertical_length=&#8221;text_text_shadow_style,%91object Object%93&#8243; text_text_shadow_blur_strength=&#8221;text_text_shadow_style,%91object Object%93&#8243; link_text_shadow_horizontal_length=&#8221;link_text_shadow_style,%91object Object%93&#8243; link_text_shadow_vertical_length=&#8221;link_text_shadow_style,%91object Object%93&#8243; link_text_shadow_blur_strength=&#8221;link_text_shadow_style,%91object Object%93&#8243; ul_text_shadow_horizontal_length=&#8221;ul_text_shadow_style,%91object Object%93&#8243; ul_text_shadow_vertical_length=&#8221;ul_text_shadow_style,%91object Object%93&#8243; &#8230; <\/p>\n<p class=\"read-more-container\"><a title=\"Pol\u00edtica de Envio e Devolu\u00e7\u00e3o\" class=\"read-more button\" href=\"https:\/\/tdmed.es\/pt-pt\/politica-envio-pt\/#more-18234\" aria-label=\"Leia mais sobre Pol\u00edtica de Envio e Devolu\u00e7\u00e3o\">Ler mais<\/a><\/p>\n","protected":false},"author":313,"featured_media":0,"parent":0,"menu_order":0,"comment_status":"closed","ping_status":"closed","template":"","meta":{"_joinchat":[],"footnotes":""},"class_list":["post-18234","page","type-page","status-publish"],"yoast_head":"<!-- This site is optimized with the Yoast SEO Premium plugin v27.3 (Yoast SEO v27.3) - https:\/\/yoast.com\/product\/yoast-seo-premium-wordpress\/ -->\n<title>Pol\u00edtica de Envio e Devolu\u00e7\u00e3o - TDMED<\/title>\n<meta name=\"robots\" content=\"noindex, follow\" \/>\n<meta property=\"og:locale\" content=\"pt_PT\" \/>\n<meta property=\"og:type\" content=\"article\" \/>\n<meta property=\"og:title\" content=\"Pol\u00edtica de Envio e Devolu\u00e7\u00e3o\" \/>\n<meta property=\"og:description\" content=\"[et_pb_section bb_built=&#8221;1&#8243; _builder_version=&#8221;3.22.7&#8243; custom_padding=&#8221;28px||54px&#8221;][et_pb_row _builder_version=&#8221;3.22.7&#8243;][et_pb_column type=&#8221;4_4&#8243;][et_pb_text text_font_size=&#8221;17px&#8221; header_font_size=&#8221;34px&#8221; _builder_version=&#8221;3.22.7&#8243; text_text_shadow_horizontal_length=&#8221;text_text_shadow_style,%91object Object%93&#8243; text_text_shadow_vertical_length=&#8221;text_text_shadow_style,%91object Object%93&#8243; text_text_shadow_blur_strength=&#8221;text_text_shadow_style,%91object Object%93&#8243; link_text_shadow_horizontal_length=&#8221;link_text_shadow_style,%91object Object%93&#8243; link_text_shadow_vertical_length=&#8221;link_text_shadow_style,%91object Object%93&#8243; link_text_shadow_blur_strength=&#8221;link_text_shadow_style,%91object Object%93&#8243; ul_text_shadow_horizontal_length=&#8221;ul_text_shadow_style,%91object Object%93&#8243; ul_text_shadow_vertical_length=&#8221;ul_text_shadow_style,%91object Object%93&#8243; ... Ler mais\" \/>\n<meta property=\"og:url\" content=\"https:\/\/tdmed.es\/pt-pt\/politica-envio-pt\/\" \/>\n<meta property=\"og:site_name\" content=\"TDMED\" \/>\n<meta property=\"article:modified_time\" content=\"2019-11-18T12:22:45+00:00\" \/>\n<meta name=\"twitter:card\" content=\"summary_large_image\" \/>\n<script type=\"application\/ld+json\" class=\"yoast-schema-graph\">{\"@context\":\"https:\\\/\\\/schema.org\",\"@graph\":[{\"@type\":\"WebPage\",\"@id\":\"https:\\\/\\\/tdmed.es\\\/pt-pt\\\/politica-envio-pt\\\/\",\"url\":\"https:\\\/\\\/tdmed.es\\\/pt-pt\\\/politica-envio-pt\\\/\",\"name\":\"Pol\u00edtica de Envio e Devolu\u00e7\u00e3o - TDMED\",\"isPartOf\":{\"@id\":\"https:\\\/\\\/tdmed.es\\\/pt-pt\\\/#website\"},\"datePublished\":\"2019-05-13T21:33:50+00:00\",\"dateModified\":\"2019-11-18T12:22:45+00:00\",\"breadcrumb\":{\"@id\":\"https:\\\/\\\/tdmed.es\\\/pt-pt\\\/politica-envio-pt\\\/#breadcrumb\"},\"inLanguage\":\"pt-PT\",\"potentialAction\":[{\"@type\":\"ReadAction\",\"target\":[\"https:\\\/\\\/tdmed.es\\\/pt-pt\\\/politica-envio-pt\\\/\"]}]},{\"@type\":\"BreadcrumbList\",\"@id\":\"https:\\\/\\\/tdmed.es\\\/pt-pt\\\/politica-envio-pt\\\/#breadcrumb\",\"itemListElement\":[{\"@type\":\"ListItem\",\"position\":1,\"name\":\"Portada\",\"item\":\"https:\\\/\\\/tdmed.es\\\/pt-pt\\\/\"},{\"@type\":\"ListItem\",\"position\":2,\"name\":\"Pol\u00edtica de Envio e Devolu\u00e7\u00e3o\"}]},{\"@type\":\"WebSite\",\"@id\":\"https:\\\/\\\/tdmed.es\\\/pt-pt\\\/#website\",\"url\":\"https:\\\/\\\/tdmed.es\\\/pt-pt\\\/\",\"name\":\"TDMED\",\"description\":\"TDMED\",\"publisher\":{\"@id\":\"https:\\\/\\\/tdmed.es\\\/pt-pt\\\/#organization\"},\"potentialAction\":[{\"@type\":\"SearchAction\",\"target\":{\"@type\":\"EntryPoint\",\"urlTemplate\":\"https:\\\/\\\/tdmed.es\\\/pt-pt\\\/?s={search_term_string}\"},\"query-input\":{\"@type\":\"PropertyValueSpecification\",\"valueRequired\":true,\"valueName\":\"search_term_string\"}}],\"inLanguage\":\"pt-PT\"},{\"@type\":\"Organization\",\"@id\":\"https:\\\/\\\/tdmed.es\\\/pt-pt\\\/#organization\",\"name\":\"TransDiesel\",\"url\":\"https:\\\/\\\/tdmed.es\\\/pt-pt\\\/\",\"logo\":{\"@type\":\"ImageObject\",\"inLanguage\":\"pt-PT\",\"@id\":\"https:\\\/\\\/tdmed.es\\\/pt-pt\\\/#\\\/schema\\\/logo\\\/image\\\/\",\"url\":\"https:\\\/\\\/tdmed.es\\\/wp-content\\\/uploads\\\/2018\\\/12\\\/NewLogo.png\",\"contentUrl\":\"https:\\\/\\\/tdmed.es\\\/wp-content\\\/uploads\\\/2018\\\/12\\\/NewLogo.png\",\"width\":800,\"height\":140,\"caption\":\"TransDiesel\"},\"image\":{\"@id\":\"https:\\\/\\\/tdmed.es\\\/pt-pt\\\/#\\\/schema\\\/logo\\\/image\\\/\"}}]}<\/script>\n<!-- \/ Yoast SEO Premium plugin. -->","yoast_head_json":{"title":"Pol\u00edtica de Envio e Devolu\u00e7\u00e3o - TDMED","robots":{"index":"noindex","follow":"follow"},"og_locale":"pt_PT","og_type":"article","og_title":"Pol\u00edtica de Envio e Devolu\u00e7\u00e3o","og_description":"[et_pb_section bb_built=&#8221;1&#8243; _builder_version=&#8221;3.22.7&#8243; custom_padding=&#8221;28px||54px&#8221;][et_pb_row _builder_version=&#8221;3.22.7&#8243;][et_pb_column type=&#8221;4_4&#8243;][et_pb_text text_font_size=&#8221;17px&#8221; header_font_size=&#8221;34px&#8221; _builder_version=&#8221;3.22.7&#8243; text_text_shadow_horizontal_length=&#8221;text_text_shadow_style,%91object Object%93&#8243; text_text_shadow_vertical_length=&#8221;text_text_shadow_style,%91object Object%93&#8243; text_text_shadow_blur_strength=&#8221;text_text_shadow_style,%91object Object%93&#8243; link_text_shadow_horizontal_length=&#8221;link_text_shadow_style,%91object Object%93&#8243; link_text_shadow_vertical_length=&#8221;link_text_shadow_style,%91object Object%93&#8243; link_text_shadow_blur_strength=&#8221;link_text_shadow_style,%91object Object%93&#8243; ul_text_shadow_horizontal_length=&#8221;ul_text_shadow_style,%91object Object%93&#8243; ul_text_shadow_vertical_length=&#8221;ul_text_shadow_style,%91object Object%93&#8243; ... Ler mais","og_url":"https:\/\/tdmed.es\/pt-pt\/politica-envio-pt\/","og_site_name":"TDMED","article_modified_time":"2019-11-18T12:22:45+00:00","twitter_card":"summary_large_image","schema":{"@context":"https:\/\/schema.org","@graph":[{"@type":"WebPage","@id":"https:\/\/tdmed.es\/pt-pt\/politica-envio-pt\/","url":"https:\/\/tdmed.es\/pt-pt\/politica-envio-pt\/","name":"Pol\u00edtica de Envio e Devolu\u00e7\u00e3o - TDMED","isPartOf":{"@id":"https:\/\/tdmed.es\/pt-pt\/#website"},"datePublished":"2019-05-13T21:33:50+00:00","dateModified":"2019-11-18T12:22:45+00:00","breadcrumb":{"@id":"https:\/\/tdmed.es\/pt-pt\/politica-envio-pt\/#breadcrumb"},"inLanguage":"pt-PT","potentialAction":[{"@type":"ReadAction","target":["https:\/\/tdmed.es\/pt-pt\/politica-envio-pt\/"]}]},{"@type":"BreadcrumbList","@id":"https:\/\/tdmed.es\/pt-pt\/politica-envio-pt\/#breadcrumb","itemListElement":[{"@type":"ListItem","position":1,"name":"Portada","item":"https:\/\/tdmed.es\/pt-pt\/"},{"@type":"ListItem","position":2,"name":"Pol\u00edtica de Envio e Devolu\u00e7\u00e3o"}]},{"@type":"WebSite","@id":"https:\/\/tdmed.es\/pt-pt\/#website","url":"https:\/\/tdmed.es\/pt-pt\/","name":"TDMED","description":"TDMED","publisher":{"@id":"https:\/\/tdmed.es\/pt-pt\/#organization"},"potentialAction":[{"@type":"SearchAction","target":{"@type":"EntryPoint","urlTemplate":"https:\/\/tdmed.es\/pt-pt\/?s={search_term_string}"},"query-input":{"@type":"PropertyValueSpecification","valueRequired":true,"valueName":"search_term_string"}}],"inLanguage":"pt-PT"},{"@type":"Organization","@id":"https:\/\/tdmed.es\/pt-pt\/#organization","name":"TransDiesel","url":"https:\/\/tdmed.es\/pt-pt\/","logo":{"@type":"ImageObject","inLanguage":"pt-PT","@id":"https:\/\/tdmed.es\/pt-pt\/#\/schema\/logo\/image\/","url":"https:\/\/tdmed.es\/wp-content\/uploads\/2018\/12\/NewLogo.png","contentUrl":"https:\/\/tdmed.es\/wp-content\/uploads\/2018\/12\/NewLogo.png","width":800,"height":140,"caption":"TransDiesel"},"image":{"@id":"https:\/\/tdmed.es\/pt-pt\/#\/schema\/logo\/image\/"}}]}},"_links":{"self":[{"href":"https:\/\/tdmed.es\/pt-pt\/wp-json\/wp\/v2\/pages\/18234","targetHints":{"allow":["GET"]}}],"collection":[{"href":"https:\/\/tdmed.es\/pt-pt\/wp-json\/wp\/v2\/pages"}],"about":[{"href":"https:\/\/tdmed.es\/pt-pt\/wp-json\/wp\/v2\/types\/page"}],"author":[{"embeddable":true,"href":"https:\/\/tdmed.es\/pt-pt\/wp-json\/wp\/v2\/users\/313"}],"replies":[{"embeddable":true,"href":"https:\/\/tdmed.es\/pt-pt\/wp-json\/wp\/v2\/comments?post=18234"}],"version-history":[{"count":0,"href":"https:\/\/tdmed.es\/pt-pt\/wp-json\/wp\/v2\/pages\/18234\/revisions"}],"wp:attachment":[{"href":"https:\/\/tdmed.es\/pt-pt\/wp-json\/wp\/v2\/media?parent=18234"}],"curies":[{"name":"wp","href":"https:\/\/api.w.org\/{rel}","templated":true}]}}