{"id":18099,"date":"2019-04-04T23:00:16","date_gmt":"2019-04-04T23:00:16","guid":{"rendered":"https:\/\/preprod.transdiesel.es\/politica-de-cookies\/"},"modified":"2023-05-22T18:13:25","modified_gmt":"2023-05-22T16:13:25","slug":"politica-de-cookies","status":"publish","type":"page","link":"https:\/\/tdmed.es\/pt-pt\/politica-de-cookies\/","title":{"rendered":"Pol\u00edtica de Cookies"},"content":{"rendered":"\t\t<div data-elementor-type=\"wp-page\" data-elementor-id=\"18099\" class=\"elementor elementor-18099 elementor-17882\" data-elementor-post-type=\"page\">\n\t\t\t\t\t\t<section data-particle_enable=\"false\" data-particle-mobile-disabled=\"false\" class=\"elementor-section elementor-top-section elementor-element elementor-element-7d56a309 elementor-section-boxed elementor-section-height-default elementor-section-height-default\" data-id=\"7d56a309\" data-element_type=\"section\" data-e-type=\"section\">\n\t\t\t\t\t\t<div class=\"elementor-container elementor-column-gap-default\">\n\t\t\t\t\t<div class=\"elementor-column elementor-col-100 elementor-top-column elementor-element elementor-element-5d833337\" data-id=\"5d833337\" data-element_type=\"column\" data-e-type=\"column\">\n\t\t\t<div class=\"elementor-widget-wrap elementor-element-populated\">\n\t\t\t\t\t\t<div class=\"elementor-element elementor-element-142ea48e elementor-widget elementor-widget-text-editor\" data-id=\"142ea48e\" data-element_type=\"widget\" data-e-type=\"widget\" data-widget_type=\"text-editor.default\">\n\t\t\t\t<div class=\"elementor-widget-container\">\n\t\t\t\t\t\t\t\t\t<h1 style=\"text-align: center;\"><strong>Pol\u00edtica de Cookies<\/strong><\/h1><p>\u00a0<\/p><p>\u00a0<br \/>Neste site, recolhemos e usamos as informa\u00e7\u00f5es conforme indicado na nossa <a href=\"\/?page_id= 16700\">pol\u00edtica de privacidade<\/a>.<\/p><p>Uma das formas pelas quais recolhemos informa\u00e7\u00f5es \u00e9 atrav\u00e9s do uso de tecnologia chamada &#8220;cookies&#8221;. Em preprod.transdiesel.es, os cookies s\u00e3o usados para v\u00e1rias situa\u00e7\u00f5es.<br \/>\u00a0<\/p><h4><strong>O que \u00e9 um cookies?<\/strong><\/h4><p>Um &#8220;cookie&#8221; \u00e9 uma pequena quantidade de texto armazenado no seu navegador (como o Google Chrome ou o Safari da Apple) quando voc\u00ea navega pela maioria dos sites.<br \/>\u00a0<\/p><h4><strong>O que n\u00e3o \u00e9 um cookie?<\/strong><\/h4><p>N\u00e3o \u00e9 um v\u00edrus, nem um trojan, nem um worm, nem spam, nem spyware, nem abre janelas pop-up.<br \/>\u00a0<\/p><h4><strong>Que informa\u00e7\u00e3o armazena um cookie?<\/strong><\/h4><p>Os cookies geralmente n\u00e3o armazenam informa\u00e7\u00f5es confidenciais sobre voc\u00ea, como cart\u00f5es de cr\u00e9dito ou dados banc\u00e1rios, fotografias ou informa\u00e7\u00f5es pessoais, etc. Os dados que eles mant\u00eam s\u00e3o de natureza t\u00e9cnica, estat\u00edsticas, prefer\u00eancias pessoais, personaliza\u00e7\u00e3o de conte\u00fados, etc.<\/p><p>O servidor da web n\u00e3o o associa como pessoa, mas ao seu navegador da web. Na verdade, se voc\u00ea navegar regularmente com o navegador Google Chrome e tentar navegar pela mesma Web com o navegador Firefox, ver\u00e1 que a Web n\u00e3o percebe que voc\u00ea n\u00e3o \u00e9 a mesma pessoa, porque na verdade est\u00e1 associando as informa\u00e7\u00f5es ao navegador, n\u00e3o a pessoa.<br \/>\u00a0<\/p><h4><strong>Que tipo de cookies existem?<\/strong><\/h4><ul><li><strong>Cookies t\u00e9cnicos:<\/strong>\u00a0Estes s\u00e3o os mais b\u00e1sicos e permitem, entre outras coisas, saber quando um aplicativo humano ou automatizado est\u00e1 a navegar, quando um usu\u00e1rio an\u00f4nimo e registado navega, tarefas b\u00e1sicas para a opera\u00e7\u00e3o de qualquer web din\u00e2mica.<\/li><li><strong>Cookies de an\u00e1lise:<\/strong>\u00a0Eles recolhem informa\u00e7\u00f5es sobre o tipo de navega\u00e7\u00e3o que voc\u00ea est\u00e1 a realizar, as se\u00e7\u00f5es que voc\u00ea mais usa, produtos consultados, faixa de tempo de uso, idioma, etc.<\/li><li><strong>Cookies de publicidade:<\/strong>\u00a0exibem publicidade com base na sua navega\u00e7\u00e3o, pa\u00eds de origem, idioma etc.<\/li><\/ul><p>\u00a0<\/p><h4><strong>O que s\u00e3o cookies pr\u00f3prios e de terceiros?<\/strong><\/h4><p>Os cookies pr\u00f3prios s\u00e3o aqueles gerados pela p\u00e1gina que voc\u00ea est\u00e1 a visitar e os de terceiros s\u00e3o aqueles gerados por servi\u00e7os ou fornecedores externos, como Mailchimp, Facebook, Twitter, Google adsense, etc.<br \/>\u00a0<\/p><h4><strong>\u00bfQu\u00e9 cookies utiliza esta web?<\/strong><\/h4><p>Este site usa cookies pr\u00f3prios e de terceiros. Os seguintes cookies s\u00e3o usados neste site, que est\u00e3o detalhados abaixo:<br \/>\u00a0<\/p><h4><strong>Cookies pr\u00f3prios s\u00e3o os seguintes:<\/strong><\/h4><ul><li><strong>Login:<\/strong>\u00a0Os cookies para login permitem que voc\u00ea entre e saia da sua conta da preprod.transdiesel.es<\/li><li><strong>Personaliza\u00e7\u00e3o:<\/strong>\u00a0os cookies ajudam-nos a lembrar quais as pessoas ou sites que voc\u00ea interagiu, para que lhe possa mostrar o conte\u00fado relacionado.<\/li><li><strong>Prefer\u00eancias:<\/strong>\u00a0os cookies permitem-nos lembrar das suas configura\u00e7\u00f5es e prefer\u00eancias, como o idioma preferido e suas configura\u00e7\u00f5es de privacidade.<\/li><li><strong>Seguran\u00e7a:<\/strong>\u00a0usamos cookies para evitar riscos de seguran\u00e7a. Principalmente para detectar quando algu\u00e9m est\u00e1 a tentar hackear sua conta na preprod.transdiesel.es<\/li><\/ul><p>\u00a0<\/p><h4><strong>Cookies de terceiros<\/strong><\/h4><p>Este site utiliza servi\u00e7os de verifica\u00e7\u00e3o, especificamente, o Google Analytics para ajudar o site a analisar o uso feito pelos usu\u00e1rios do site e melhorar sua utiliza\u00e7\u00e3o, mas em nenhum caso eles est\u00e3o associados a dados que possam identificar o usu\u00e1rio. O Google Analytics, \u00e9 um servi\u00e7o de an\u00e1lise da web fornecido pelo Google, Inc., o usu\u00e1rio pode verificar\u00a0<a href=\"https:\/\/www.google.es\/intl\/es\/policies\/technologies\/types\/\">aqu\u00ed<\/a>\u00a0o tipo de cookies utilizados pelo Google.<\/p><p>O Grupo Casli \u00e9 usu\u00e1rio da plataforma de fornecimento e armazenagem de blogs WordPress, de propriedade da empresa norte-americana Automattic, Inc. Para estes fins, as utiliza\u00e7\u00f5es de tais cookies pelos sistemas nunca est\u00e3o sob o controle ou gest\u00e3o do respons\u00e1vel pela web, eles podem mudar a sua fun\u00e7\u00e3o a qualquer momento e inserir novos cookies. Esses cookies tamb\u00e9m n\u00e3o aportam nenhum benef\u00edcio para a pessoa respons\u00e1vel por este site. A Automattic, Inc. tamb\u00e9m usa outros cookies para ajudar a identificar e rastrear visitantes de sites WordPress, aprender sobre o uso do site da Automattic, bem como suas prefer\u00eancias de acesso a este, assim como est\u00e1 inclu\u00eddo na se\u00e7\u00e3o &#8220;Cookies&#8221; de sua pol\u00edtica de privacidade.<\/p><p>Cookies de m\u00eddia social podem ser armazenados no seu navegador enquanto navega pela preprod.transdiesel.es por exemplo, quando voc\u00ea usa o bot\u00e3o para partilhar preprod.transdiesel.es numa rede social.<br \/>Abaixo, voc\u00ea encontrar\u00e1 informa\u00e7\u00f5es sobre os cookies de redes sociais que este site usa nas suas pr\u00f3prias pol\u00edticas de cookies:<\/p><ul><li>Cookies de Facebook, ver mais informa\u00e7\u00f5es\u00a0<a href=\"https:\/\/app.innoit.net\/lopd\/imprimirPoliticaCookies.action?modo=1\">pol\u00edtica de cookies<\/a><\/li><li>Cookies de Twitter, ver mais informa\u00e7\u00f5es\u00a0<a href=\"https:\/\/app.innoit.net\/lopd\/imprimirPoliticaCookies.action?modo=1\">pol\u00edtica de cookies<\/a><\/li><li>Cookies de Instagram, ver mais informa\u00e7\u00f5es\u00a0<a href=\"https:\/\/app.innoit.net\/lopd\/imprimirPoliticaCookies.action?modo=1\">pol\u00edtica de cookies<\/a><\/li><li>Cookies de Google+, ver mais informa\u00e7\u00f5es\u00a0<a href=\"https:\/\/app.innoit.net\/lopd\/imprimirPoliticaCookies.action?modo=1\">pol\u00edtica de cookies<\/a><\/li><li>Cookies de Youtube, ver mais informa\u00e7\u00f5es\u00a0<a href=\"https:\/\/app.innoit.net\/lopd\/imprimirPoliticaCookies.action?modo=1\">pol\u00edtica de cookies<\/a><\/li><\/ul><p>\u00a0<\/p><h4><strong>Os cookies podem ser eliminados?<\/strong><\/h4><p>Sim, e n\u00e3o apenas eliminar, bloquear tamb\u00e9m \u00e9 poss\u00edvel, de maneira geral ou particular, para um dom\u00ednio espec\u00edfico.<br \/>Para eliminar cookies de um site, voc\u00ea dever\u00e1 ir entrar na configura\u00e7\u00e3o do seu navegador e l\u00e1 voc\u00ea pode pesquisar os cookies associados ao dom\u00ednio em quest\u00e3o e proceder \u00e0 sua remo\u00e7\u00e3o.<\/p><ul><li><strong>Chrome<\/strong>, desde\u00a0<a href=\"http:\/\/support.google.com\/chrome\/bin\/answer.py?hl=es&amp;answer=95647\">http:\/\/support.google.com\/chrome\/bin\/answer.py?hl=es&amp;answer=95647<\/a><\/li><li><strong>Explorer<\/strong>, desde\u00a0<a href=\"https:\/\/support.microsoft.com\/en-us\/help\/17442\/windows-internet-explorer-delete-manage-cookies#ie=ie-10\">https:\/\/support.microsoft.com\/en-us\/help\/17442\/windows-internet-explorer-delete-manage-cookies#ie=ie-10<\/a><\/li><li><strong>Firefox<\/strong>, desde\u00a0<a href=\"https:\/\/support.mozilla.org\/es\/kb\/habilitar-y-deshabilitar-cookies-sitios-web-rastrear-preferencias?redirectlocale=es&amp;redirectslug=habilitar-y-deshabilitar-cookies-que-los-sitios-we\">https:\/\/support.mozilla.org\/es\/kb\/habilitar-y-deshabilitar-cookies-sitios-web-rastrear-preferencias?redirectlocale=es&amp;redirectslug=habilitar-y-deshabilitar-cookies-que-los-sitios-we<\/a><\/li><li><strong>Safari<\/strong>, desde\u00a0<a href=\"https:\/\/support.apple.com\/es-es\/HT201265\">https:\/\/support.apple.com\/es-es\/HT201265<\/a><\/li><\/ul><p>\u00a0<\/p><h4><strong>Mais informa\u00e7\u00f5es sobre cookies<\/strong><\/h4><p>Voc\u00ea pode consultar o regulamento sobre os cookies publicado pela Ag\u00eancia Europeia de Prote\u00e7\u00e3o de Dados no seu &#8220;Guia sobre o uso de cookies&#8221; e obter mais informa\u00e7\u00f5es sobre os cookies na Internet,\u00a0<a href=\"http:\/\/www.aboutcookies.org\/\">http:\/\/www.aboutcookies.org\/<\/a><\/p><p>Se voc\u00ea pretender ter mais controle sobre a instala\u00e7\u00e3o de cookies, poder\u00e1 instalar programas ou complementos no seu navegador, conhecidos como ferramentas &#8220;N\u00e3o rastrear&#8221;, que permitir\u00e3o escolher os cookies que voc\u00ea deseja aceitar como seguros.<\/p><p>\u00a0<\/p>\t\t\t\t\t\t\t\t<\/div>\n\t\t\t\t<\/div>\n\t\t\t\t\t<\/div>\n\t\t<\/div>\n\t\t\t\t\t<\/div>\n\t\t<\/section>\n\t\t<div data-particle_enable=\"false\" data-particle-mobile-disabled=\"false\" class=\"elementor-element elementor-element-1895dd0e e-flex e-con-boxed e-con e-parent\" data-id=\"1895dd0e\" data-element_type=\"container\" data-e-type=\"container\" data-settings=\"{&quot;background_background&quot;:&quot;classic&quot;}\">\n\t\t\t\t\t<div class=\"e-con-inner\">\n\t\t<div data-particle_enable=\"false\" data-particle-mobile-disabled=\"false\" class=\"elementor-element elementor-element-1068bb0 e-con-full e-flex e-con e-parent\" data-id=\"1068bb0\" data-element_type=\"container\" data-e-type=\"container\">\n\t\t\t\t<div class=\"elementor-element elementor-element-342a6c3f elementor-widget elementor-widget-heading\" data-id=\"342a6c3f\" data-element_type=\"widget\" data-e-type=\"widget\" data-widget_type=\"heading.default\">\n\t\t\t\t<div class=\"elementor-widget-container\">\n\t\t\t\t\t<h4 class=\"elementor-heading-title elementor-size-default\">Tem d\u00favidas? Precisa de ajuda?<\/h4>\t\t\t\t<\/div>\n\t\t\t\t<\/div>\n\t\t\t\t<div class=\"elementor-element elementor-element-6e4b8b52 elementor-widget__width-inherit elementor-widget elementor-widget-heading\" data-id=\"6e4b8b52\" data-element_type=\"widget\" data-e-type=\"widget\" data-widget_type=\"heading.default\">\n\t\t\t\t<div class=\"elementor-widget-container\">\n\t\t\t\t\t<h4 class=\"elementor-heading-title elementor-size-default\">N\u00e3o consegue encontrar o que procura? N\u00e3o tem a certeza de qual \u00e9 a pe\u00e7a certa? Precisa dos nossos t\u00e9cnicos para o aconselhar?<\/h4>\t\t\t\t<\/div>\n\t\t\t\t<\/div>\n\t\t\t\t<\/div>\n\t\t<div data-particle_enable=\"false\" data-particle-mobile-disabled=\"false\" class=\"elementor-element elementor-element-7449be2b e-con-full e-flex e-con e-parent\" data-id=\"7449be2b\" data-element_type=\"container\" data-e-type=\"container\">\n\t\t\t\t<div class=\"elementor-element elementor-element-387f248 elementor-align-right elementor-widget elementor-widget-button\" data-id=\"387f248\" data-element_type=\"widget\" data-e-type=\"widget\" data-widget_type=\"button.default\">\n\t\t\t\t<div class=\"elementor-widget-container\">\n\t\t\t\t\t\t\t\t\t<div class=\"elementor-button-wrapper\">\n\t\t\t\t\t<a class=\"elementor-button elementor-button-link elementor-size-sm\" href=\"tel:+35120214585890\">\n\t\t\t\t\t\t<span class=\"elementor-button-content-wrapper\">\n\t\t\t\t\t\t\t\t\t<span class=\"elementor-button-text\">TELEFONE-NOS AGORA MESMO<\/span>\n\t\t\t\t\t<\/span>\n\t\t\t\t\t<\/a>\n\t\t\t\t<\/div>\n\t\t\t\t\t\t\t\t<\/div>\n\t\t\t\t<\/div>\n\t\t\t\t<\/div>\n\t\t<div data-particle_enable=\"false\" data-particle-mobile-disabled=\"false\" class=\"elementor-element elementor-element-400f4767 e-con-full e-flex e-con e-parent\" data-id=\"400f4767\" data-element_type=\"container\" data-e-type=\"container\">\n\t\t\t\t<div class=\"elementor-element elementor-element-39ef3069 elementor-align-left elementor-widget elementor-widget-button\" data-id=\"39ef3069\" data-element_type=\"widget\" data-e-type=\"widget\" data-widget_type=\"button.default\">\n\t\t\t\t<div class=\"elementor-widget-container\">\n\t\t\t\t\t\t\t\t\t<div class=\"elementor-button-wrapper\">\n\t\t\t\t\t<a class=\"elementor-button elementor-button-link elementor-size-sm\" href=\"https:\/\/tdmed.es\/pt-pt\/contato\/\">\n\t\t\t\t\t\t<span class=\"elementor-button-content-wrapper\">\n\t\t\t\t\t\t\t\t\t<span class=\"elementor-button-text\">ENVIE-NOS UMA MENSAGEM<\/span>\n\t\t\t\t\t<\/span>\n\t\t\t\t\t<\/a>\n\t\t\t\t<\/div>\n\t\t\t\t\t\t\t\t<\/div>\n\t\t\t\t<\/div>\n\t\t\t\t<\/div>\n\t\t\t\t\t<\/div>\n\t\t\t\t<\/div>\n\t\t\t\t<\/div>\n\t\t","protected":false},"excerpt":{"rendered":"<p>Pol\u00edtica de Cookies \u00a0 \u00a0Neste site, recolhemos e usamos as informa\u00e7\u00f5es conforme indicado na nossa pol\u00edtica de privacidade. Uma das formas pelas quais recolhemos informa\u00e7\u00f5es &#8230; <\/p>\n<p class=\"read-more-container\"><a title=\"Pol\u00edtica de Cookies\" class=\"read-more button\" href=\"https:\/\/tdmed.es\/pt-pt\/politica-de-cookies\/#more-18099\" aria-label=\"Leia mais sobre Pol\u00edtica de Cookies\">Ler mais<\/a><\/p>\n","protected":false},"author":313,"featured_media":0,"parent":0,"menu_order":0,"comment_status":"closed","ping_status":"closed","template":"","meta":{"_joinchat":[],"footnotes":""},"class_list":["post-18099","page","type-page","status-publish"],"yoast_head":"<!-- This site is optimized with the Yoast SEO Premium plugin v27.3 (Yoast SEO v27.3) - https:\/\/yoast.com\/product\/yoast-seo-premium-wordpress\/ -->\n<title>Pol\u00edtica de Cookies - TDMED<\/title>\n<meta name=\"robots\" content=\"noindex, nofollow\" \/>\n<meta property=\"og:locale\" content=\"pt_PT\" \/>\n<meta property=\"og:type\" content=\"article\" \/>\n<meta property=\"og:title\" content=\"Pol\u00edtica de Cookies\" \/>\n<meta property=\"og:description\" content=\"Pol\u00edtica de Cookies \u00a0 \u00a0Neste site, recolhemos e usamos as informa\u00e7\u00f5es conforme indicado na nossa pol\u00edtica de privacidade. Uma das formas pelas quais recolhemos informa\u00e7\u00f5es ... Ler mais\" \/>\n<meta property=\"og:url\" content=\"https:\/\/tdmed.es\/pt-pt\/politica-de-cookies\/\" \/>\n<meta property=\"og:site_name\" content=\"TDMED\" \/>\n<meta property=\"article:modified_time\" content=\"2023-05-22T16:13:25+00:00\" \/>\n<meta name=\"twitter:card\" content=\"summary_large_image\" \/>\n<script type=\"application\/ld+json\" class=\"yoast-schema-graph\">{\"@context\":\"https:\\\/\\\/schema.org\",\"@graph\":[{\"@type\":\"WebPage\",\"@id\":\"https:\\\/\\\/tdmed.es\\\/pt-pt\\\/politica-de-cookies\\\/\",\"url\":\"https:\\\/\\\/tdmed.es\\\/pt-pt\\\/politica-de-cookies\\\/\",\"name\":\"Pol\u00edtica de Cookies - TDMED\",\"isPartOf\":{\"@id\":\"https:\\\/\\\/tdmed.es\\\/pt-pt\\\/#website\"},\"datePublished\":\"2019-04-04T23:00:16+00:00\",\"dateModified\":\"2023-05-22T16:13:25+00:00\",\"breadcrumb\":{\"@id\":\"https:\\\/\\\/tdmed.es\\\/pt-pt\\\/politica-de-cookies\\\/#breadcrumb\"},\"inLanguage\":\"pt-PT\",\"potentialAction\":[{\"@type\":\"ReadAction\",\"target\":[\"https:\\\/\\\/tdmed.es\\\/pt-pt\\\/politica-de-cookies\\\/\"]}]},{\"@type\":\"BreadcrumbList\",\"@id\":\"https:\\\/\\\/tdmed.es\\\/pt-pt\\\/politica-de-cookies\\\/#breadcrumb\",\"itemListElement\":[{\"@type\":\"ListItem\",\"position\":1,\"name\":\"Portada\",\"item\":\"https:\\\/\\\/tdmed.es\\\/pt-pt\\\/\"},{\"@type\":\"ListItem\",\"position\":2,\"name\":\"Pol\u00edtica de Cookies\"}]},{\"@type\":\"WebSite\",\"@id\":\"https:\\\/\\\/tdmed.es\\\/pt-pt\\\/#website\",\"url\":\"https:\\\/\\\/tdmed.es\\\/pt-pt\\\/\",\"name\":\"TDMED\",\"description\":\"TDMED\",\"publisher\":{\"@id\":\"https:\\\/\\\/tdmed.es\\\/pt-pt\\\/#organization\"},\"potentialAction\":[{\"@type\":\"SearchAction\",\"target\":{\"@type\":\"EntryPoint\",\"urlTemplate\":\"https:\\\/\\\/tdmed.es\\\/pt-pt\\\/?s={search_term_string}\"},\"query-input\":{\"@type\":\"PropertyValueSpecification\",\"valueRequired\":true,\"valueName\":\"search_term_string\"}}],\"inLanguage\":\"pt-PT\"},{\"@type\":\"Organization\",\"@id\":\"https:\\\/\\\/tdmed.es\\\/pt-pt\\\/#organization\",\"name\":\"TransDiesel\",\"url\":\"https:\\\/\\\/tdmed.es\\\/pt-pt\\\/\",\"logo\":{\"@type\":\"ImageObject\",\"inLanguage\":\"pt-PT\",\"@id\":\"https:\\\/\\\/tdmed.es\\\/pt-pt\\\/#\\\/schema\\\/logo\\\/image\\\/\",\"url\":\"https:\\\/\\\/tdmed.es\\\/wp-content\\\/uploads\\\/2018\\\/12\\\/NewLogo.png\",\"contentUrl\":\"https:\\\/\\\/tdmed.es\\\/wp-content\\\/uploads\\\/2018\\\/12\\\/NewLogo.png\",\"width\":800,\"height\":140,\"caption\":\"TransDiesel\"},\"image\":{\"@id\":\"https:\\\/\\\/tdmed.es\\\/pt-pt\\\/#\\\/schema\\\/logo\\\/image\\\/\"}}]}<\/script>\n<!-- \/ Yoast SEO Premium plugin. -->","yoast_head_json":{"title":"Pol\u00edtica de Cookies - TDMED","robots":{"index":"noindex","follow":"nofollow"},"og_locale":"pt_PT","og_type":"article","og_title":"Pol\u00edtica de Cookies","og_description":"Pol\u00edtica de Cookies \u00a0 \u00a0Neste site, recolhemos e usamos as informa\u00e7\u00f5es conforme indicado na nossa pol\u00edtica de privacidade. Uma das formas pelas quais recolhemos informa\u00e7\u00f5es ... Ler mais","og_url":"https:\/\/tdmed.es\/pt-pt\/politica-de-cookies\/","og_site_name":"TDMED","article_modified_time":"2023-05-22T16:13:25+00:00","twitter_card":"summary_large_image","schema":{"@context":"https:\/\/schema.org","@graph":[{"@type":"WebPage","@id":"https:\/\/tdmed.es\/pt-pt\/politica-de-cookies\/","url":"https:\/\/tdmed.es\/pt-pt\/politica-de-cookies\/","name":"Pol\u00edtica de Cookies - TDMED","isPartOf":{"@id":"https:\/\/tdmed.es\/pt-pt\/#website"},"datePublished":"2019-04-04T23:00:16+00:00","dateModified":"2023-05-22T16:13:25+00:00","breadcrumb":{"@id":"https:\/\/tdmed.es\/pt-pt\/politica-de-cookies\/#breadcrumb"},"inLanguage":"pt-PT","potentialAction":[{"@type":"ReadAction","target":["https:\/\/tdmed.es\/pt-pt\/politica-de-cookies\/"]}]},{"@type":"BreadcrumbList","@id":"https:\/\/tdmed.es\/pt-pt\/politica-de-cookies\/#breadcrumb","itemListElement":[{"@type":"ListItem","position":1,"name":"Portada","item":"https:\/\/tdmed.es\/pt-pt\/"},{"@type":"ListItem","position":2,"name":"Pol\u00edtica de Cookies"}]},{"@type":"WebSite","@id":"https:\/\/tdmed.es\/pt-pt\/#website","url":"https:\/\/tdmed.es\/pt-pt\/","name":"TDMED","description":"TDMED","publisher":{"@id":"https:\/\/tdmed.es\/pt-pt\/#organization"},"potentialAction":[{"@type":"SearchAction","target":{"@type":"EntryPoint","urlTemplate":"https:\/\/tdmed.es\/pt-pt\/?s={search_term_string}"},"query-input":{"@type":"PropertyValueSpecification","valueRequired":true,"valueName":"search_term_string"}}],"inLanguage":"pt-PT"},{"@type":"Organization","@id":"https:\/\/tdmed.es\/pt-pt\/#organization","name":"TransDiesel","url":"https:\/\/tdmed.es\/pt-pt\/","logo":{"@type":"ImageObject","inLanguage":"pt-PT","@id":"https:\/\/tdmed.es\/pt-pt\/#\/schema\/logo\/image\/","url":"https:\/\/tdmed.es\/wp-content\/uploads\/2018\/12\/NewLogo.png","contentUrl":"https:\/\/tdmed.es\/wp-content\/uploads\/2018\/12\/NewLogo.png","width":800,"height":140,"caption":"TransDiesel"},"image":{"@id":"https:\/\/tdmed.es\/pt-pt\/#\/schema\/logo\/image\/"}}]}},"_links":{"self":[{"href":"https:\/\/tdmed.es\/pt-pt\/wp-json\/wp\/v2\/pages\/18099","targetHints":{"allow":["GET"]}}],"collection":[{"href":"https:\/\/tdmed.es\/pt-pt\/wp-json\/wp\/v2\/pages"}],"about":[{"href":"https:\/\/tdmed.es\/pt-pt\/wp-json\/wp\/v2\/types\/page"}],"author":[{"embeddable":true,"href":"https:\/\/tdmed.es\/pt-pt\/wp-json\/wp\/v2\/users\/313"}],"replies":[{"embeddable":true,"href":"https:\/\/tdmed.es\/pt-pt\/wp-json\/wp\/v2\/comments?post=18099"}],"version-history":[{"count":0,"href":"https:\/\/tdmed.es\/pt-pt\/wp-json\/wp\/v2\/pages\/18099\/revisions"}],"wp:attachment":[{"href":"https:\/\/tdmed.es\/pt-pt\/wp-json\/wp\/v2\/media?parent=18099"}],"curies":[{"name":"wp","href":"https:\/\/api.w.org\/{rel}","templated":true}]}}