{"id":16700,"date":"2017-11-27T15:29:24","date_gmt":"2017-11-27T15:29:24","guid":{"rendered":"https:\/\/preprod.transdiesel.es\/politica-privacidad\/"},"modified":"2026-03-12T11:18:10","modified_gmt":"2026-03-12T10:18:10","slug":"politica-privacidade","status":"publish","type":"page","link":"https:\/\/tdmed.es\/pt-pt\/politica-privacidade\/","title":{"rendered":"Pol\u00edtica de Privacidade"},"content":{"rendered":"\t\t<div data-elementor-type=\"wp-page\" data-elementor-id=\"16700\" class=\"elementor elementor-16700 elementor-3171\" data-elementor-post-type=\"page\">\n\t\t\t\t<div data-particle_enable=\"false\" data-particle-mobile-disabled=\"false\" class=\"elementor-element elementor-element-303fd57 e-flex e-con-boxed e-con e-parent\" data-id=\"303fd57\" data-element_type=\"container\" data-e-type=\"container\" data-settings=\"{&quot;background_background&quot;:&quot;classic&quot;}\">\n\t\t\t\t\t<div class=\"e-con-inner\">\n\t\t\t\t\t<\/div>\n\t\t\t\t<\/div>\n\t\t<div data-particle_enable=\"false\" data-particle-mobile-disabled=\"false\" class=\"elementor-element elementor-element-73aa0f4 e-flex e-con-boxed e-con e-parent\" data-id=\"73aa0f4\" data-element_type=\"container\" data-e-type=\"container\">\n\t\t\t\t\t<div class=\"e-con-inner\">\n\t\t\t\t<div class=\"elementor-element elementor-element-5f2ae16 elementor-widget elementor-widget-heading\" data-id=\"5f2ae16\" data-element_type=\"widget\" data-e-type=\"widget\" data-widget_type=\"heading.default\">\n\t\t\t\t<div class=\"elementor-widget-container\">\n\t\t\t\t\t<h1 class=\"elementor-heading-title elementor-size-default\"> Pol\u00edtica de Privacidade<\/h1>\t\t\t\t<\/div>\n\t\t\t\t<\/div>\n\t\t\t\t<div class=\"elementor-element elementor-element-b51913c elementor-widget elementor-widget-text-editor\" data-id=\"b51913c\" data-element_type=\"widget\" data-e-type=\"widget\" data-widget_type=\"text-editor.default\">\n\t\t\t\t<div class=\"elementor-widget-container\">\n\t\t\t\t\t\t\t\t\t<h2><span style=\"font-size: 16px;\"><strong>TRATAMENTO DE DADOS DE CAR\u00c1CTER PESSOAL<\/strong><\/span><\/h2><p><span style=\"font-size: 16px;\"><strong>TDMED POWER SYSTEMS<\/strong> \u00e9 respons\u00e1vel pelo tratamento dos dados pessoais do interessado e informa-o de que estes dados ser\u00e3o tratados de acordo com o disposto na normativa vigente de prote\u00e7\u00e3o de dados pessoais, o Regulamento (UE) 2016\/679 do Parlamento Europeu e do Conselho, de 27 de abril de 2016, relativo \u00e0 prote\u00e7\u00e3o das pessoas singulares no que se refere ao tratamento de dados pessoais e \u00e0 livre circula\u00e7\u00e3o desses dados. <\/span><\/p><h3><span style=\"font-size: 16px;\"><strong>Informa\u00e7\u00e3o sobre prote\u00e7\u00e3o de dados pessoais<\/strong><\/span><\/h3><ul><li><span style=\"font-size: 16px;\">Rece\u00e7\u00e3o de dados pessoais<\/span><\/li><li><span style=\"font-size: 16px;\">Respons\u00e1vel pelo tratamento dos seus dados pessoais<\/span><\/li><li><span style=\"font-size: 16px;\">Finalidade do tratamento dos dados pessoais<\/span><\/li><li><span style=\"font-size: 16px;\">Legitima\u00e7\u00e3o do tratamento dos dados pessoais<\/span><\/li><li><span style=\"font-size: 16px;\">Destinat\u00e1rios dos dados pessoais<\/span><\/li><li><span style=\"font-size: 16px;\">Tempo de conserva\u00e7\u00e3o dos dados<\/span><\/li><li><span style=\"font-size: 16px;\">Direitos do interessado<\/span><\/li><li><span style=\"font-size: 16px;\">Medidas de seguran\u00e7a<\/span><\/li><li><span style=\"font-size: 16px;\">Altera\u00e7\u00f5es na pol\u00edtica de seguran\u00e7a e de prote\u00e7\u00e3o de dados<\/span><\/li><\/ul><h3><span style=\"font-size: 16px;\"><strong>Rece\u00e7\u00e3o de dados pessoais<\/strong><\/span><\/h3><p><span style=\"font-size: 16px;\">Todos os dados pessoais tratados na <strong>TDMED POWER SYSTEMS<\/strong><strong>\u00a0<\/strong>s\u00e3o fornecidos pelos pr\u00f3prios interessados ou seus representantes legais.<\/span><\/p><h3><span style=\"font-size: 16px;\"><strong>Respons\u00e1vel pelo tratamento dos seus dados pessoais<\/strong><\/span><\/h3><ul><li><span style=\"font-size: 16px;\"><strong><em>Identidade<\/em><\/strong>: <strong>TDMED POWER SYSTEMS<\/strong><\/span><\/li><li><span style=\"font-size: 16px;\"><strong><em>NIF<\/em><\/strong>: B82545377<\/span><\/li><li><span style=\"font-size: 16px;\"><strong><em>Morada postal<\/em><\/strong><strong>:<\/strong>CALLE COPERNICO 26, 28823 COSLADA-MADRID<\/span><\/li><li><span style=\"font-size: 16px;\"><strong><em>Telefone<\/em><\/strong>: 916737012<\/span><\/li><li><span style=\"font-size: 16px;\"><strong><em>Correio eletr\u00f3nico<\/em><\/strong>: contabilidad@casli.es<\/span><\/li><\/ul><h3><span style=\"font-size: 16px;\"><strong>Finalidade do tratamento dos dados pessoais<\/strong><\/span><\/h3><ul><li><span style=\"font-size: 16px;\"><strong><em>Dados de pessoal<\/em><\/strong>: para manuten\u00e7\u00e3o, desenvolvimento, cumprimento e controlo da rela\u00e7\u00e3o contratual com os nossos funcion\u00e1rios, assim como cumprimento da normativa vigente em mat\u00e9ria laboral, de Seguran\u00e7a Social e de Preven\u00e7\u00e3o de Riscos Laborais que resulte de aplica\u00e7\u00e3o.<\/span><\/li><li><span style=\"font-size: 16px;\"><strong><em>Dados de candidatos<\/em><\/strong>: para gerir a participa\u00e7\u00e3o dos interessados nos processos de sele\u00e7\u00e3o de pessoal que a empresa realize.<\/span><\/li><li><span style=\"font-size: 16px;\"><strong><em>Dados de clientes<\/em><\/strong>: para a adequada manuten\u00e7\u00e3o, desenvolvimento, cumprimento e controlo da rela\u00e7\u00e3o contratual com os clientes e dos servi\u00e7os que demandem.<\/span><\/li><li><span style=\"font-size: 16px;\"><strong><em>Dados de fornecedores<\/em><\/strong>: para a adequada manuten\u00e7\u00e3o, desenvolvimento, cumprimento e controlo da rela\u00e7\u00e3o contratual com os nossos fornecedores e dos servi\u00e7os que nos prestam.<\/span><\/li><li><span style=\"font-size: 16px;\"><strong><em>Dados da sec\u00e7\u00e3o de contacto<\/em><\/strong>: para gerir e dar resposta \u00e0s consultas, queixas, sugest\u00f5es e solicita\u00e7\u00f5es que os utilizadores realizam atrav\u00e9s da p\u00e1gina web.<\/span><\/li><li><span style=\"font-size: 16px;\"><strong><em>Dados de reclama\u00e7\u00f5es e consultas de clientes<\/em><\/strong>: para gerir reclama\u00e7\u00f5es e consultas de clientes.<\/span><\/li><\/ul><h3><span style=\"font-size: 16px;\"><strong>Legitima\u00e7\u00e3o do tratamento dos dados pessoais<\/strong><\/span><\/h3><ul><li><span style=\"font-size: 16px;\"><strong><em>Dados de pessoal<\/em><\/strong>: a base para o tratamento dos dados pessoais do fornecedor \u00e9 a execu\u00e7\u00e3o do contrato laboral entre a empresa e os seus trabalhadores.<\/span><\/li><li><span style=\"font-size: 16px;\"><strong><em>Dados de candidatos<\/em><\/strong>: a base legal ou jur\u00eddica para o tratamento dos dados pessoais do interessado \u00e9 o consentimento que prestam ao facultar-nos o seu curriculum vitae para participar nos processos de sele\u00e7\u00e3o de pessoal que realizemos.<\/span><\/li><li><span style=\"font-size: 16px;\"><strong><em>Dados de clientes<\/em><\/strong>: a base legal ou jur\u00eddica para o tratamento dos dados pessoais dos clientes \u00e9 a execu\u00e7\u00e3o do contrato ou pedidos que realizam.<\/span><\/li><li><span style=\"font-size: 16px;\"><strong><em>Dados de fornecedores<\/em><\/strong>: a base legal ou jur\u00eddica para o tratamento dos dados pessoais dos fornecedores \u00e9 a execu\u00e7\u00e3o do contrato ou rela\u00e7\u00e3o comercial existente com a empresa.<\/span><\/li><li><span style=\"font-size: 16px;\"><strong><em>Dados da sec\u00e7\u00e3o de contacto<\/em><\/strong>: a base legal ou jur\u00eddica para o tratamento dos dados pessoais \u00e9 o consentimento prestado ao preencher o formul\u00e1rio habilitado para o efeito.<\/span><\/li><li><span style=\"font-size: 16px;\"><strong><em>Dados de reclama\u00e7\u00f5es e consultas de clientes<\/em><\/strong>: a base legal ou jur\u00eddica para o tratamento dos dados pessoais \u00e9 o consentimento prestado ao preencher o formul\u00e1rio habilitado para o efeito.<\/span><\/li><\/ul><h3><span style=\"font-size: 16px;\"><strong>Destinat\u00e1rios dos dados pessoais<\/strong><\/span><\/h3><p><span style=\"font-size: 16px;\">Os dados pessoais dos funcion\u00e1rios, candidatos, clientes, fornecedores, assim como outros interessados (Newsletter, visitas de museu, etc.) poder\u00e3o ser comunicados a:<\/span><\/p><ul><li><span style=\"font-size: 16px;\">Outras empresas do <strong>GRUPO CASLI<\/strong> para fins de gest\u00e3o interna.<\/span><\/li><li><span style=\"font-size: 16px;\">Terceiros para presta\u00e7\u00e3o de servi\u00e7os relacionados com a rela\u00e7\u00e3o contratual.<\/span><\/li><\/ul><h3><span style=\"font-size: 16px;\"><strong>Tempo de conserva\u00e7\u00e3o dos dados<\/strong><\/span><\/h3><ul><li><span style=\"font-size: 16px;\"><strong><em>Dados de pessoal<\/em><\/strong>: os dados pessoais dos funcion\u00e1rios conservar-se-\u00e3o durante a vig\u00eancia da rela\u00e7\u00e3o contratual laboral e, uma vez finalizada esta, durante os prazos de prescri\u00e7\u00e3o de responsabilidades estabelecidas pelas disposi\u00e7\u00f5es legais que resultem de aplica\u00e7\u00e3o.<\/span><\/li><li><span style=\"font-size: 16px;\"><strong><em>Dados de candidatos<\/em><\/strong>: os dados pessoais dos candidatos conservar-se-\u00e3o enquanto durar o processo de sele\u00e7\u00e3o. Uma vez finalizado o processo e, no caso de n\u00e3o ser selecionado, conservaremos o seu processo para futuros processos de sele\u00e7\u00e3o.<\/span><\/li><li><span style=\"font-size: 16px;\"><strong><em>Dados de clientes e de fornecedores<\/em><\/strong>: os seus dados pessoais conservar-se-\u00e3o durante a vig\u00eancia da rela\u00e7\u00e3o contratual correspondente e, uma vez finalizada esta, durante os prazos de prescri\u00e7\u00e3o de responsabilidades estabelecidas pelas disposi\u00e7\u00f5es legais que resultem de aplica\u00e7\u00e3o.<\/span><\/li><li><span style=\"font-size: 16px;\"><strong><em>Dados da sec\u00e7\u00e3o de contacto<\/em><\/strong>: os dados pessoais que nos proporcionam os utilizadores ao contactar connosco conservar-se-\u00e3o unicamente durante a gest\u00e3o da solicita\u00e7\u00e3o que nos realiza de tal forma que, uma vez finalizada a sua tramita\u00e7\u00e3o, proceder-se-\u00e1 \u00e0 sua supress\u00e3o.<\/span><\/li><li><span style=\"font-size: 16px;\"><strong><em>Dados de reclama\u00e7\u00f5es e consultas de clientes<\/em><\/strong>: os dados pessoais que nos proporcionam os utilizadores ao contactar connosco conservar-se-\u00e3o unicamente durante a gest\u00e3o da solicita\u00e7\u00e3o que nos realiza de tal forma que, uma vez finalizada a sua tramita\u00e7\u00e3o, proceder-se-\u00e1 \u00e0 sua supress\u00e3o.<\/span><\/li><\/ul><h3><span style=\"font-size: 16px;\"><strong>Direitos do interessado<\/strong><\/span><\/h3><p><span style=\"font-size: 16px;\">O Interessado poder\u00e1 exercer a todo o momento os seguintes direitos, previstos no RGPD, em rela\u00e7\u00e3o ao tratamento dos seus dados pessoais:<\/span><\/p><ul><li><span style=\"font-size: 16px;\"><em>Direito a solicitar o acesso aos seus dados pessoais.<\/em><\/span><\/li><li><span style=\"font-size: 16px;\"><em>Direito a solicitar a sua retifica\u00e7\u00e3o ou supress\u00e3o.<\/em><\/span><\/li><li><span style=\"font-size: 16px;\"><em>Direito a solicitar a limita\u00e7\u00e3o do seu tratamento.<\/em><\/span><\/li><li><span style=\"font-size: 16px;\"><em>Direito a opor-se ao tratamento.<\/em><\/span><\/li><li><span style=\"font-size: 16px;\"><em>Direito \u00e0 portabilidade dos dados.<\/em><\/span><\/li><\/ul><p><span style=\"font-size: 16px;\">Tais direitos poder\u00e3o ser exercidos mediante uma comunica\u00e7\u00e3o dirigida \u00e0 <strong>TDMED POWER SYSTEMS<\/strong><strong>\u00a0<\/strong>na morada CALLE COPERNICO 26, 28823,COSLADA-MADRID.<\/span><\/p><h3><span style=\"font-size: 16px;\"><strong>Medidas de seguran\u00e7a<\/strong><\/span><\/h3><p><span style=\"font-size: 16px;\"><strong>TDMED POWER SYSTEMS S.L<\/strong> adotou as medidas t\u00e9cnicas e organizativas apropriadas para garantir um n\u00edvel de seguran\u00e7a adequado, segundo a natureza dos dados pessoais tratados e as circunst\u00e2ncias do tratamento, com o objetivo de evitar, na medida do poss\u00edvel e sempre segundo o estado da t\u00e9cnica, a sua altera\u00e7\u00e3o, perda, tratamento ou acesso n\u00e3o autorizado.<\/span><\/p><p><span style=\"font-size: 16px;\">Assim mesmo, <strong>TDMED POWER SYSTEMS<\/strong>\u00a0garante que implementou mecanismos para:<\/span><\/p><ol><li><span style=\"font-size: 16px;\">Garantir a confidencialidade, integridade, disponibilidade e resist\u00eancia permanentes dos sistemas e servi\u00e7os de tratamento.<\/span><\/li><li><span style=\"font-size: 16px;\">Restaurar a disponibilidade e o acesso aos dados pessoais de forma r\u00e1pida, em caso de incidente f\u00edsico ou t\u00e9cnico.<\/span><\/li><li><span style=\"font-size: 16px;\">Verificar e comprovar, de forma regular, a efic\u00e1cia das medidas t\u00e9cnicas e organizativas implantadas para garantir a seguran\u00e7a do tratamento dos dados.<\/span><\/li><\/ol><h3><span style=\"font-size: 16px;\"><strong>Altera\u00e7\u00f5es na pol\u00edtica de seguran\u00e7a e de prote\u00e7\u00e3o de dados<\/strong><\/span><\/h3><p><span style=\"font-size: 16px;\"><strong>TDMED POWER SYSTEMS<\/strong> reserva-se o direito de modificar a sua pol\u00edtica de seguran\u00e7a e prote\u00e7\u00e3o de dados com o objetivo de adapt\u00e1-la \u00e0s novidades legislativas ou jurisprudenciais, assim como \u00e0s que pudessem derivar-se de c\u00f3digos tipo existentes na mat\u00e9ria, ou por decis\u00f5es corporativas estrat\u00e9gicas, com efeitos da data de publica\u00e7\u00e3o de dita modifica\u00e7\u00e3o na p\u00e1gina Web da <strong>TDMED POWER SYSTEMS<\/strong><strong>.<\/strong><\/span><\/p>\t\t\t\t\t\t\t\t<\/div>\n\t\t\t\t<\/div>\n\t\t\t\t\t<\/div>\n\t\t\t\t<\/div>\n\t\t\t\t<\/div>\n\t\t","protected":false},"excerpt":{"rendered":"<p>Pol\u00edtica de Privacidade TRATAMENTO DE DADOS DE CAR\u00c1CTER PESSOAL TDMED POWER SYSTEMS \u00e9 respons\u00e1vel pelo tratamento dos dados pessoais do interessado e informa-o de que &#8230; <\/p>\n<p class=\"read-more-container\"><a title=\"Pol\u00edtica de Privacidade\" class=\"read-more button\" href=\"https:\/\/tdmed.es\/pt-pt\/politica-privacidade\/#more-16700\" aria-label=\"Leia mais sobre Pol\u00edtica de Privacidade\">Ler mais<\/a><\/p>\n","protected":false},"author":313,"featured_media":0,"parent":0,"menu_order":0,"comment_status":"closed","ping_status":"closed","template":"","meta":{"_joinchat":[],"footnotes":""},"class_list":["post-16700","page","type-page","status-publish"],"yoast_head":"<!-- This site is optimized with the Yoast SEO Premium plugin v27.3 (Yoast SEO v27.3) - https:\/\/yoast.com\/product\/yoast-seo-premium-wordpress\/ -->\n<title>Pol\u00edtica de Privacidade - TDMED<\/title>\n<meta name=\"description\" content=\"Pol\u00edtica de Privacidade\" \/>\n<meta name=\"robots\" content=\"index, follow, max-snippet:-1, max-image-preview:large, max-video-preview:-1\" \/>\n<link rel=\"canonical\" href=\"https:\/\/tdmed.es\/pt-pt\/politica-privacidade\/\" \/>\n<meta property=\"og:locale\" content=\"pt_PT\" \/>\n<meta property=\"og:type\" content=\"article\" \/>\n<meta property=\"og:title\" content=\"Pol\u00edtica de Privacidade\" \/>\n<meta property=\"og:description\" content=\"Pol\u00edtica de Privacidade\" \/>\n<meta property=\"og:url\" content=\"https:\/\/tdmed.es\/pt-pt\/politica-privacidade\/\" \/>\n<meta property=\"og:site_name\" content=\"TDMED\" \/>\n<meta property=\"article:modified_time\" content=\"2026-03-12T10:18:10+00:00\" \/>\n<meta name=\"twitter:card\" content=\"summary_large_image\" \/>\n<script type=\"application\/ld+json\" class=\"yoast-schema-graph\">{\"@context\":\"https:\\\/\\\/schema.org\",\"@graph\":[{\"@type\":\"WebPage\",\"@id\":\"https:\\\/\\\/tdmed.es\\\/pt-pt\\\/politica-privacidade\\\/\",\"url\":\"https:\\\/\\\/tdmed.es\\\/pt-pt\\\/politica-privacidade\\\/\",\"name\":\"Pol\u00edtica de Privacidade - TDMED\",\"isPartOf\":{\"@id\":\"https:\\\/\\\/tdmed.es\\\/pt-pt\\\/#website\"},\"datePublished\":\"2017-11-27T15:29:24+00:00\",\"dateModified\":\"2026-03-12T10:18:10+00:00\",\"description\":\"Pol\u00edtica de Privacidade\",\"breadcrumb\":{\"@id\":\"https:\\\/\\\/tdmed.es\\\/pt-pt\\\/politica-privacidade\\\/#breadcrumb\"},\"inLanguage\":\"pt-PT\",\"potentialAction\":[{\"@type\":\"ReadAction\",\"target\":[\"https:\\\/\\\/tdmed.es\\\/pt-pt\\\/politica-privacidade\\\/\"]}]},{\"@type\":\"BreadcrumbList\",\"@id\":\"https:\\\/\\\/tdmed.es\\\/pt-pt\\\/politica-privacidade\\\/#breadcrumb\",\"itemListElement\":[{\"@type\":\"ListItem\",\"position\":1,\"name\":\"Portada\",\"item\":\"https:\\\/\\\/tdmed.es\\\/pt-pt\\\/\"},{\"@type\":\"ListItem\",\"position\":2,\"name\":\"Pol\u00edtica de Privacidade\"}]},{\"@type\":\"WebSite\",\"@id\":\"https:\\\/\\\/tdmed.es\\\/pt-pt\\\/#website\",\"url\":\"https:\\\/\\\/tdmed.es\\\/pt-pt\\\/\",\"name\":\"TDMED\",\"description\":\"TDMED\",\"publisher\":{\"@id\":\"https:\\\/\\\/tdmed.es\\\/pt-pt\\\/#organization\"},\"potentialAction\":[{\"@type\":\"SearchAction\",\"target\":{\"@type\":\"EntryPoint\",\"urlTemplate\":\"https:\\\/\\\/tdmed.es\\\/pt-pt\\\/?s={search_term_string}\"},\"query-input\":{\"@type\":\"PropertyValueSpecification\",\"valueRequired\":true,\"valueName\":\"search_term_string\"}}],\"inLanguage\":\"pt-PT\"},{\"@type\":\"Organization\",\"@id\":\"https:\\\/\\\/tdmed.es\\\/pt-pt\\\/#organization\",\"name\":\"TransDiesel\",\"url\":\"https:\\\/\\\/tdmed.es\\\/pt-pt\\\/\",\"logo\":{\"@type\":\"ImageObject\",\"inLanguage\":\"pt-PT\",\"@id\":\"https:\\\/\\\/tdmed.es\\\/pt-pt\\\/#\\\/schema\\\/logo\\\/image\\\/\",\"url\":\"https:\\\/\\\/tdmed.es\\\/wp-content\\\/uploads\\\/2018\\\/12\\\/NewLogo.png\",\"contentUrl\":\"https:\\\/\\\/tdmed.es\\\/wp-content\\\/uploads\\\/2018\\\/12\\\/NewLogo.png\",\"width\":800,\"height\":140,\"caption\":\"TransDiesel\"},\"image\":{\"@id\":\"https:\\\/\\\/tdmed.es\\\/pt-pt\\\/#\\\/schema\\\/logo\\\/image\\\/\"}}]}<\/script>\n<!-- \/ Yoast SEO Premium plugin. -->","yoast_head_json":{"title":"Pol\u00edtica de Privacidade - TDMED","description":"Pol\u00edtica de Privacidade","robots":{"index":"index","follow":"follow","max-snippet":"max-snippet:-1","max-image-preview":"max-image-preview:large","max-video-preview":"max-video-preview:-1"},"canonical":"https:\/\/tdmed.es\/pt-pt\/politica-privacidade\/","og_locale":"pt_PT","og_type":"article","og_title":"Pol\u00edtica de Privacidade","og_description":"Pol\u00edtica de Privacidade","og_url":"https:\/\/tdmed.es\/pt-pt\/politica-privacidade\/","og_site_name":"TDMED","article_modified_time":"2026-03-12T10:18:10+00:00","twitter_card":"summary_large_image","schema":{"@context":"https:\/\/schema.org","@graph":[{"@type":"WebPage","@id":"https:\/\/tdmed.es\/pt-pt\/politica-privacidade\/","url":"https:\/\/tdmed.es\/pt-pt\/politica-privacidade\/","name":"Pol\u00edtica de Privacidade - TDMED","isPartOf":{"@id":"https:\/\/tdmed.es\/pt-pt\/#website"},"datePublished":"2017-11-27T15:29:24+00:00","dateModified":"2026-03-12T10:18:10+00:00","description":"Pol\u00edtica de Privacidade","breadcrumb":{"@id":"https:\/\/tdmed.es\/pt-pt\/politica-privacidade\/#breadcrumb"},"inLanguage":"pt-PT","potentialAction":[{"@type":"ReadAction","target":["https:\/\/tdmed.es\/pt-pt\/politica-privacidade\/"]}]},{"@type":"BreadcrumbList","@id":"https:\/\/tdmed.es\/pt-pt\/politica-privacidade\/#breadcrumb","itemListElement":[{"@type":"ListItem","position":1,"name":"Portada","item":"https:\/\/tdmed.es\/pt-pt\/"},{"@type":"ListItem","position":2,"name":"Pol\u00edtica de Privacidade"}]},{"@type":"WebSite","@id":"https:\/\/tdmed.es\/pt-pt\/#website","url":"https:\/\/tdmed.es\/pt-pt\/","name":"TDMED","description":"TDMED","publisher":{"@id":"https:\/\/tdmed.es\/pt-pt\/#organization"},"potentialAction":[{"@type":"SearchAction","target":{"@type":"EntryPoint","urlTemplate":"https:\/\/tdmed.es\/pt-pt\/?s={search_term_string}"},"query-input":{"@type":"PropertyValueSpecification","valueRequired":true,"valueName":"search_term_string"}}],"inLanguage":"pt-PT"},{"@type":"Organization","@id":"https:\/\/tdmed.es\/pt-pt\/#organization","name":"TransDiesel","url":"https:\/\/tdmed.es\/pt-pt\/","logo":{"@type":"ImageObject","inLanguage":"pt-PT","@id":"https:\/\/tdmed.es\/pt-pt\/#\/schema\/logo\/image\/","url":"https:\/\/tdmed.es\/wp-content\/uploads\/2018\/12\/NewLogo.png","contentUrl":"https:\/\/tdmed.es\/wp-content\/uploads\/2018\/12\/NewLogo.png","width":800,"height":140,"caption":"TransDiesel"},"image":{"@id":"https:\/\/tdmed.es\/pt-pt\/#\/schema\/logo\/image\/"}}]}},"_links":{"self":[{"href":"https:\/\/tdmed.es\/pt-pt\/wp-json\/wp\/v2\/pages\/16700","targetHints":{"allow":["GET"]}}],"collection":[{"href":"https:\/\/tdmed.es\/pt-pt\/wp-json\/wp\/v2\/pages"}],"about":[{"href":"https:\/\/tdmed.es\/pt-pt\/wp-json\/wp\/v2\/types\/page"}],"author":[{"embeddable":true,"href":"https:\/\/tdmed.es\/pt-pt\/wp-json\/wp\/v2\/users\/313"}],"replies":[{"embeddable":true,"href":"https:\/\/tdmed.es\/pt-pt\/wp-json\/wp\/v2\/comments?post=16700"}],"version-history":[{"count":0,"href":"https:\/\/tdmed.es\/pt-pt\/wp-json\/wp\/v2\/pages\/16700\/revisions"}],"wp:attachment":[{"href":"https:\/\/tdmed.es\/pt-pt\/wp-json\/wp\/v2\/media?parent=16700"}],"curies":[{"name":"wp","href":"https:\/\/api.w.org\/{rel}","templated":true}]}}