{"id":109637,"date":"2025-07-22T16:27:34","date_gmt":"2025-07-22T14:27:34","guid":{"rendered":"https:\/\/preprod.transdiesel.es\/noticias\/"},"modified":"2026-03-12T10:52:49","modified_gmt":"2026-03-12T09:52:49","slug":"noticias","status":"publish","type":"page","link":"https:\/\/tdmed.es\/pt-pt\/noticias\/","title":{"rendered":"Not\u00edcias"},"content":{"rendered":"\t\t<div data-elementor-type=\"wp-page\" data-elementor-id=\"109637\" class=\"elementor elementor-109637 elementor-108516\" data-elementor-post-type=\"page\">\n\t\t\t\t<div data-particle_enable=\"false\" data-particle-mobile-disabled=\"false\" class=\"elementor-element elementor-element-fc286fd e-flex e-con-boxed e-con e-parent\" data-id=\"fc286fd\" data-element_type=\"container\" data-e-type=\"container\" data-settings=\"{&quot;background_background&quot;:&quot;classic&quot;}\">\n\t\t\t\t\t<div class=\"e-con-inner\">\n\t\t\t\t\t<\/div>\n\t\t\t\t<\/div>\n\t\t<div data-particle_enable=\"false\" data-particle-mobile-disabled=\"false\" class=\"elementor-element elementor-element-f0df74c e-flex e-con-boxed e-con e-parent\" data-id=\"f0df74c\" data-element_type=\"container\" data-e-type=\"container\">\n\t\t\t\t\t<div class=\"e-con-inner\">\n\t\t<div data-particle_enable=\"false\" data-particle-mobile-disabled=\"false\" class=\"elementor-element elementor-element-a446c88 e-con-full e-flex e-con e-child\" data-id=\"a446c88\" data-element_type=\"container\" data-e-type=\"container\">\n\t\t\t\t<div class=\"elementor-element elementor-element-f63e634 elementor-widget__width-initial elementor-widget-tablet__width-inherit elementor-widget elementor-widget-heading\" data-id=\"f63e634\" data-element_type=\"widget\" data-e-type=\"widget\" data-widget_type=\"heading.default\">\n\t\t\t\t<div class=\"elementor-widget-container\">\n\t\t\t\t\t<h1 class=\"elementor-heading-title elementor-size-default\">Not\u00edcias<\/h1>\t\t\t\t<\/div>\n\t\t\t\t<\/div>\n\t\t\t\t<div class=\"elementor-element elementor-element-99ca539 elementor-widget elementor-widget-text-editor\" data-id=\"99ca539\" data-element_type=\"widget\" data-e-type=\"widget\" data-widget_type=\"text-editor.default\">\n\t\t\t\t<div class=\"elementor-widget-container\">\n\t\t\t\t\t\t\t\t\t<h2><span style=\"font-size: 20px;\">Informaremos voc\u00ea sobre os avan\u00e7os do setor<\/span><\/h2>\t\t\t\t\t\t\t\t<\/div>\n\t\t\t\t<\/div>\n\t\t\t\t<\/div>\n\t\t\t\t\t<\/div>\n\t\t\t\t<\/div>\n\t\t<div data-particle_enable=\"false\" data-particle-mobile-disabled=\"false\" class=\"elementor-element elementor-element-31de9bf e-flex e-con-boxed e-con e-parent\" data-id=\"31de9bf\" data-element_type=\"container\" data-e-type=\"container\">\n\t\t\t\t\t<div class=\"e-con-inner\">\n\t\t\t\t<div class=\"elementor-element elementor-element-8c6e7df elementor-grid-3 elementor-grid-tablet-2 elementor-grid-mobile-1 elementor-posts--thumbnail-top elementor-widget elementor-widget-posts\" data-id=\"8c6e7df\" data-element_type=\"widget\" data-e-type=\"widget\" data-settings=\"{&quot;pagination_type&quot;:&quot;prev_next&quot;,&quot;classic_columns&quot;:&quot;3&quot;,&quot;classic_columns_tablet&quot;:&quot;2&quot;,&quot;classic_columns_mobile&quot;:&quot;1&quot;,&quot;classic_row_gap&quot;:{&quot;unit&quot;:&quot;px&quot;,&quot;size&quot;:35,&quot;sizes&quot;:[]},&quot;classic_row_gap_tablet&quot;:{&quot;unit&quot;:&quot;px&quot;,&quot;size&quot;:&quot;&quot;,&quot;sizes&quot;:[]},&quot;classic_row_gap_mobile&quot;:{&quot;unit&quot;:&quot;px&quot;,&quot;size&quot;:&quot;&quot;,&quot;sizes&quot;:[]}}\" data-widget_type=\"posts.classic\">\n\t\t\t\t<div class=\"elementor-widget-container\">\n\t\t\t\t\t\t\t<div class=\"elementor-posts-container elementor-posts elementor-posts--skin-classic elementor-grid\" role=\"list\">\n\t\t\t\t<article class=\"elementor-post elementor-grid-item post-18503 post type-post status-publish format-aside has-post-thumbnail hentry category-general post_format-post-format-aside generate-columns tablet-grid-50 mobile-grid-100 grid-parent grid-33\" role=\"listitem\">\n\t\t\t\t<a class=\"elementor-post__thumbnail__link\" href=\"https:\/\/tdmed.es\/pt-pt\/hannaik-motores-industriais-marinos-john-deere\/\" tabindex=\"-1\" >\n\t\t\t<div class=\"elementor-post__thumbnail\"><img fetchpriority=\"high\" decoding=\"async\" width=\"2560\" height=\"1707\" src=\"https:\/\/tdmed.es\/wp-content\/uploads\/2019\/06\/Noticia-motores-el\u00e9ctricos-John-Deere-corregida-2.jpg\" class=\"attachment-full size-full wp-image-18501\" alt=\"hannaik\" srcset=\"https:\/\/tdmed.es\/wp-content\/uploads\/2019\/06\/Noticia-motores-el\u00e9ctricos-John-Deere-corregida-2.jpg 2560w, https:\/\/tdmed.es\/wp-content\/uploads\/2019\/06\/Noticia-motores-el\u00e9ctricos-John-Deere-corregida-2-600x400.jpg 600w, https:\/\/tdmed.es\/wp-content\/uploads\/2019\/06\/Noticia-motores-el\u00e9ctricos-John-Deere-corregida-2-300x200.jpg 300w, https:\/\/tdmed.es\/wp-content\/uploads\/2019\/06\/Noticia-motores-el\u00e9ctricos-John-Deere-corregida-2-768x512.jpg 768w, https:\/\/tdmed.es\/wp-content\/uploads\/2019\/06\/Noticia-motores-el\u00e9ctricos-John-Deere-corregida-2-1024x683.jpg 1024w, https:\/\/tdmed.es\/wp-content\/uploads\/2019\/06\/Noticia-motores-el\u00e9ctricos-John-Deere-corregida-2-1080x720.jpg 1080w\" sizes=\"(max-width: 2560px) 100vw, 2560px\" \/><\/div>\n\t\t<\/a>\n\t\t\t\t<div class=\"elementor-post__text\">\n\t\t\t\t<h3 class=\"elementor-post__title\">\n\t\t\t<a href=\"https:\/\/tdmed.es\/pt-pt\/hannaik-motores-industriais-marinos-john-deere\/\" >\n\t\t\t\tTransdiesel e Hannaik promovem os motores industriais e mar\u00edtimos da marca John Deere\t\t\t<\/a>\n\t\t<\/h3>\n\t\t\t\t\t<div class=\"elementor-post__read-more-wrapper\">\n\t\t\n\t\t<a class=\"elementor-post__read-more\" href=\"https:\/\/tdmed.es\/pt-pt\/hannaik-motores-industriais-marinos-john-deere\/\" aria-label=\"Read more about Transdiesel e Hannaik promovem os motores industriais e mar\u00edtimos da marca John Deere\" tabindex=\"-1\" >\n\t\t\tLer mais \u00bb\t\t<\/a>\n\n\t\t\t\t\t<\/div>\n\t\t\t\t<\/div>\n\t\t\t\t<\/article>\n\t\t\t\t<article class=\"elementor-post elementor-grid-item post-16807 post type-post status-publish format-aside has-post-thumbnail hentry category-general-en category-geral-pt post_format-post-format-aside generate-columns tablet-grid-50 mobile-grid-100 grid-parent grid-33\" role=\"listitem\">\n\t\t\t\t<a class=\"elementor-post__thumbnail__link\" href=\"https:\/\/tdmed.es\/pt-pt\/estaleiros-navais-e-varaderos-de-garrucha\/\" tabindex=\"-1\" >\n\t\t\t<div class=\"elementor-post__thumbnail\"><img decoding=\"async\" width=\"640\" height=\"360\" src=\"https:\/\/tdmed.es\/wp-content\/uploads\/2018\/12\/Catamaran-Pasaje-1.jpeg\" class=\"attachment-full size-full wp-image-16810\" alt=\"estaleiro\" srcset=\"https:\/\/tdmed.es\/wp-content\/uploads\/2018\/12\/Catamaran-Pasaje-1.jpeg 640w, https:\/\/tdmed.es\/wp-content\/uploads\/2018\/12\/Catamaran-Pasaje-1-600x338.jpeg 600w, https:\/\/tdmed.es\/wp-content\/uploads\/2018\/12\/Catamaran-Pasaje-1-300x169.jpeg 300w\" sizes=\"(max-width: 640px) 100vw, 640px\" \/><\/div>\n\t\t<\/a>\n\t\t\t\t<div class=\"elementor-post__text\">\n\t\t\t\t<h3 class=\"elementor-post__title\">\n\t\t\t<a href=\"https:\/\/tdmed.es\/pt-pt\/estaleiros-navais-e-varaderos-de-garrucha\/\" >\n\t\t\t\tEstaleiros navais e Varaderos de Garrucha\t\t\t<\/a>\n\t\t<\/h3>\n\t\t\t\t\t<div class=\"elementor-post__read-more-wrapper\">\n\t\t\n\t\t<a class=\"elementor-post__read-more\" href=\"https:\/\/tdmed.es\/pt-pt\/estaleiros-navais-e-varaderos-de-garrucha\/\" aria-label=\"Read more about Estaleiros navais e Varaderos de Garrucha\" tabindex=\"-1\" >\n\t\t\tLer mais \u00bb\t\t<\/a>\n\n\t\t\t\t\t<\/div>\n\t\t\t\t<\/div>\n\t\t\t\t<\/article>\n\t\t\t\t<article class=\"elementor-post elementor-grid-item post-16791 post type-post status-publish format-aside has-post-thumbnail hentry category-geral-pt post_format-post-format-aside generate-columns tablet-grid-50 mobile-grid-100 grid-parent grid-33\" role=\"listitem\">\n\t\t\t\t<a class=\"elementor-post__thumbnail__link\" href=\"https:\/\/tdmed.es\/pt-pt\/geradores-eletricos\/\" tabindex=\"-1\" >\n\t\t\t<div class=\"elementor-post__thumbnail\"><img decoding=\"async\" width=\"640\" height=\"480\" src=\"https:\/\/tdmed.es\/wp-content\/uploads\/2018\/12\/IMG_5433.jpeg\" class=\"attachment-full size-full wp-image-16794\" alt=\"geradores el\u00e9ctricos\" srcset=\"https:\/\/tdmed.es\/wp-content\/uploads\/2018\/12\/IMG_5433.jpeg 640w, https:\/\/tdmed.es\/wp-content\/uploads\/2018\/12\/IMG_5433-600x450.jpeg 600w, https:\/\/tdmed.es\/wp-content\/uploads\/2018\/12\/IMG_5433-300x225.jpeg 300w, https:\/\/tdmed.es\/wp-content\/uploads\/2018\/12\/IMG_5433-510x382.jpeg 510w\" sizes=\"(max-width: 640px) 100vw, 640px\" \/><\/div>\n\t\t<\/a>\n\t\t\t\t<div class=\"elementor-post__text\">\n\t\t\t\t<h3 class=\"elementor-post__title\">\n\t\t\t<a href=\"https:\/\/tdmed.es\/pt-pt\/geradores-eletricos\/\" >\n\t\t\t\tGeradores El\u00e9tricos\t\t\t<\/a>\n\t\t<\/h3>\n\t\t\t\t\t<div class=\"elementor-post__read-more-wrapper\">\n\t\t\n\t\t<a class=\"elementor-post__read-more\" href=\"https:\/\/tdmed.es\/pt-pt\/geradores-eletricos\/\" aria-label=\"Read more about Geradores El\u00e9tricos\" tabindex=\"-1\" >\n\t\t\tLer mais \u00bb\t\t<\/a>\n\n\t\t\t\t\t<\/div>\n\t\t\t\t<\/div>\n\t\t\t\t<\/article>\n\t\t\t\t<article class=\"elementor-post elementor-grid-item post-16777 post type-post status-publish format-aside has-post-thumbnail hentry category-geral-pt post_format-post-format-aside generate-columns tablet-grid-50 mobile-grid-100 grid-parent grid-33\" role=\"listitem\">\n\t\t\t\t<a class=\"elementor-post__thumbnail__link\" href=\"https:\/\/tdmed.es\/pt-pt\/novo-motor-john-deere\/\" tabindex=\"-1\" >\n\t\t\t<div class=\"elementor-post__thumbnail\"><img loading=\"lazy\" decoding=\"async\" width=\"458\" height=\"637\" src=\"https:\/\/tdmed.es\/wp-content\/uploads\/2018\/12\/Picture1.png\" class=\"attachment-full size-full wp-image-16780\" alt=\"motor john deere\" srcset=\"https:\/\/tdmed.es\/wp-content\/uploads\/2018\/12\/Picture1.png 458w, https:\/\/tdmed.es\/wp-content\/uploads\/2018\/12\/Picture1-216x300.png 216w\" sizes=\"(max-width: 458px) 100vw, 458px\" \/><\/div>\n\t\t<\/a>\n\t\t\t\t<div class=\"elementor-post__text\">\n\t\t\t\t<h3 class=\"elementor-post__title\">\n\t\t\t<a href=\"https:\/\/tdmed.es\/pt-pt\/novo-motor-john-deere\/\" >\n\t\t\t\tNovo motor John Deere\t\t\t<\/a>\n\t\t<\/h3>\n\t\t\t\t\t<div class=\"elementor-post__read-more-wrapper\">\n\t\t\n\t\t<a class=\"elementor-post__read-more\" href=\"https:\/\/tdmed.es\/pt-pt\/novo-motor-john-deere\/\" aria-label=\"Read more about Novo motor John Deere\" tabindex=\"-1\" >\n\t\t\tLer mais \u00bb\t\t<\/a>\n\n\t\t\t\t\t<\/div>\n\t\t\t\t<\/div>\n\t\t\t\t<\/article>\n\t\t\t\t<article class=\"elementor-post elementor-grid-item post-16765 post type-post status-publish format-aside has-post-thumbnail hentry category-geral-pt post_format-post-format-aside generate-columns tablet-grid-50 mobile-grid-100 grid-parent grid-33\" role=\"listitem\">\n\t\t\t\t<a class=\"elementor-post__thumbnail__link\" href=\"https:\/\/tdmed.es\/pt-pt\/uma-maquina-incrivel\/\" tabindex=\"-1\" >\n\t\t\t<div class=\"elementor-post__thumbnail\"><img loading=\"lazy\" decoding=\"async\" width=\"1684\" height=\"1190\" src=\"https:\/\/tdmed.es\/wp-content\/uploads\/2018\/12\/una-pasada-de-maquina.jpg\" class=\"attachment-full size-full wp-image-16768\" alt=\"tr\u00edptico una pasada de m\u00e1quina\" srcset=\"https:\/\/tdmed.es\/wp-content\/uploads\/2018\/12\/una-pasada-de-maquina.jpg 1684w, https:\/\/tdmed.es\/wp-content\/uploads\/2018\/12\/una-pasada-de-maquina-600x424.jpg 600w, https:\/\/tdmed.es\/wp-content\/uploads\/2018\/12\/una-pasada-de-maquina-300x212.jpg 300w, https:\/\/tdmed.es\/wp-content\/uploads\/2018\/12\/una-pasada-de-maquina-768x543.jpg 768w, https:\/\/tdmed.es\/wp-content\/uploads\/2018\/12\/una-pasada-de-maquina-1024x724.jpg 1024w, https:\/\/tdmed.es\/wp-content\/uploads\/2018\/12\/una-pasada-de-maquina-400x284.jpg 400w, https:\/\/tdmed.es\/wp-content\/uploads\/2018\/12\/una-pasada-de-maquina-1080x763.jpg 1080w\" sizes=\"(max-width: 1684px) 100vw, 1684px\" \/><\/div>\n\t\t<\/a>\n\t\t\t\t<div class=\"elementor-post__text\">\n\t\t\t\t<h3 class=\"elementor-post__title\">\n\t\t\t<a href=\"https:\/\/tdmed.es\/pt-pt\/uma-maquina-incrivel\/\" >\n\t\t\t\tUma m\u00e1quina incr\u00edvel\t\t\t<\/a>\n\t\t<\/h3>\n\t\t\t\t\t<div class=\"elementor-post__read-more-wrapper\">\n\t\t\n\t\t<a class=\"elementor-post__read-more\" href=\"https:\/\/tdmed.es\/pt-pt\/uma-maquina-incrivel\/\" aria-label=\"Read more about Uma m\u00e1quina incr\u00edvel\" tabindex=\"-1\" >\n\t\t\tLer mais \u00bb\t\t<\/a>\n\n\t\t\t\t\t<\/div>\n\t\t\t\t<\/div>\n\t\t\t\t<\/article>\n\t\t\t\t<\/div>\n\t\t\n\t\t\t\t\t\t<\/div>\n\t\t\t\t<\/div>\n\t\t\t\t\t<\/div>\n\t\t\t\t<\/div>\n\t\t\t\t<\/div>\n\t\t","protected":false},"excerpt":{"rendered":"<p>Not\u00edcias Informaremos voc\u00ea sobre os avan\u00e7os do setor<\/p>\n","protected":false},"author":313,"featured_media":0,"parent":0,"menu_order":0,"comment_status":"closed","ping_status":"closed","template":"","meta":{"_joinchat":[],"footnotes":""},"class_list":["post-109637","page","type-page","status-publish","hentry","generate-columns","tablet-grid-50","mobile-grid-100","grid-parent","grid-33"],"yoast_head":"<!-- This site is optimized with the Yoast SEO Premium plugin v27.3 (Yoast SEO v27.3) - https:\/\/yoast.com\/product\/yoast-seo-premium-wordpress\/ -->\n<title>Not\u00edcias TDMED - Propuls\u00e3o Mar\u00edtima, Motores, Tecnologia, etc.<\/title>\n<meta name=\"description\" content=\"Not\u00edcias TDMED: avan\u00e7os na propuls\u00e3o mar\u00edtima e terrestre, motores sustent\u00e1veis, regulamenta\u00e7\u00e3o, etc. Mantenha-se atualizado sobre o setor.\" \/>\n<meta name=\"robots\" content=\"index, follow, max-snippet:-1, max-image-preview:large, max-video-preview:-1\" \/>\n<link rel=\"canonical\" href=\"https:\/\/tdmed.es\/pt-pt\/noticias\/\" \/>\n<meta property=\"og:locale\" content=\"pt_PT\" \/>\n<meta property=\"og:type\" content=\"article\" \/>\n<meta property=\"og:title\" content=\"Not\u00edcias\" \/>\n<meta property=\"og:description\" content=\"Not\u00edcias TDMED: avan\u00e7os na propuls\u00e3o mar\u00edtima e terrestre, motores sustent\u00e1veis, regulamenta\u00e7\u00e3o, etc. Mantenha-se atualizado sobre o setor.\" \/>\n<meta property=\"og:url\" content=\"https:\/\/tdmed.es\/pt-pt\/noticias\/\" \/>\n<meta property=\"og:site_name\" content=\"TDMED\" \/>\n<meta property=\"article:modified_time\" content=\"2026-03-12T09:52:49+00:00\" \/>\n<meta name=\"twitter:card\" content=\"summary_large_image\" \/>\n<script type=\"application\/ld+json\" class=\"yoast-schema-graph\">{\"@context\":\"https:\\\/\\\/schema.org\",\"@graph\":[{\"@type\":\"WebPage\",\"@id\":\"https:\\\/\\\/tdmed.es\\\/pt-pt\\\/noticias\\\/\",\"url\":\"https:\\\/\\\/tdmed.es\\\/pt-pt\\\/noticias\\\/\",\"name\":\"Not\u00edcias TDMED - Propuls\u00e3o Mar\u00edtima, Motores, Tecnologia, etc.\",\"isPartOf\":{\"@id\":\"https:\\\/\\\/tdmed.es\\\/pt-pt\\\/#website\"},\"datePublished\":\"2025-07-22T14:27:34+00:00\",\"dateModified\":\"2026-03-12T09:52:49+00:00\",\"description\":\"Not\u00edcias TDMED: avan\u00e7os na propuls\u00e3o mar\u00edtima e terrestre, motores sustent\u00e1veis, regulamenta\u00e7\u00e3o, etc. Mantenha-se atualizado sobre o setor.\",\"breadcrumb\":{\"@id\":\"https:\\\/\\\/tdmed.es\\\/pt-pt\\\/noticias\\\/#breadcrumb\"},\"inLanguage\":\"pt-PT\",\"potentialAction\":[{\"@type\":\"ReadAction\",\"target\":[\"https:\\\/\\\/tdmed.es\\\/pt-pt\\\/noticias\\\/\"]}]},{\"@type\":\"BreadcrumbList\",\"@id\":\"https:\\\/\\\/tdmed.es\\\/pt-pt\\\/noticias\\\/#breadcrumb\",\"itemListElement\":[{\"@type\":\"ListItem\",\"position\":1,\"name\":\"Portada\",\"item\":\"https:\\\/\\\/tdmed.es\\\/pt-pt\\\/\"},{\"@type\":\"ListItem\",\"position\":2,\"name\":\"Not\u00edcias\"}]},{\"@type\":\"WebSite\",\"@id\":\"https:\\\/\\\/tdmed.es\\\/pt-pt\\\/#website\",\"url\":\"https:\\\/\\\/tdmed.es\\\/pt-pt\\\/\",\"name\":\"TDMED\",\"description\":\"TDMED\",\"publisher\":{\"@id\":\"https:\\\/\\\/tdmed.es\\\/pt-pt\\\/#organization\"},\"potentialAction\":[{\"@type\":\"SearchAction\",\"target\":{\"@type\":\"EntryPoint\",\"urlTemplate\":\"https:\\\/\\\/tdmed.es\\\/pt-pt\\\/?s={search_term_string}\"},\"query-input\":{\"@type\":\"PropertyValueSpecification\",\"valueRequired\":true,\"valueName\":\"search_term_string\"}}],\"inLanguage\":\"pt-PT\"},{\"@type\":\"Organization\",\"@id\":\"https:\\\/\\\/tdmed.es\\\/pt-pt\\\/#organization\",\"name\":\"TransDiesel\",\"url\":\"https:\\\/\\\/tdmed.es\\\/pt-pt\\\/\",\"logo\":{\"@type\":\"ImageObject\",\"inLanguage\":\"pt-PT\",\"@id\":\"https:\\\/\\\/tdmed.es\\\/pt-pt\\\/#\\\/schema\\\/logo\\\/image\\\/\",\"url\":\"https:\\\/\\\/tdmed.es\\\/wp-content\\\/uploads\\\/2018\\\/12\\\/NewLogo.png\",\"contentUrl\":\"https:\\\/\\\/tdmed.es\\\/wp-content\\\/uploads\\\/2018\\\/12\\\/NewLogo.png\",\"width\":800,\"height\":140,\"caption\":\"TransDiesel\"},\"image\":{\"@id\":\"https:\\\/\\\/tdmed.es\\\/pt-pt\\\/#\\\/schema\\\/logo\\\/image\\\/\"}}]}<\/script>\n<!-- \/ Yoast SEO Premium plugin. -->","yoast_head_json":{"title":"Not\u00edcias TDMED - Propuls\u00e3o Mar\u00edtima, Motores, Tecnologia, etc.","description":"Not\u00edcias TDMED: avan\u00e7os na propuls\u00e3o mar\u00edtima e terrestre, motores sustent\u00e1veis, regulamenta\u00e7\u00e3o, etc. Mantenha-se atualizado sobre o setor.","robots":{"index":"index","follow":"follow","max-snippet":"max-snippet:-1","max-image-preview":"max-image-preview:large","max-video-preview":"max-video-preview:-1"},"canonical":"https:\/\/tdmed.es\/pt-pt\/noticias\/","og_locale":"pt_PT","og_type":"article","og_title":"Not\u00edcias","og_description":"Not\u00edcias TDMED: avan\u00e7os na propuls\u00e3o mar\u00edtima e terrestre, motores sustent\u00e1veis, regulamenta\u00e7\u00e3o, etc. Mantenha-se atualizado sobre o setor.","og_url":"https:\/\/tdmed.es\/pt-pt\/noticias\/","og_site_name":"TDMED","article_modified_time":"2026-03-12T09:52:49+00:00","twitter_card":"summary_large_image","schema":{"@context":"https:\/\/schema.org","@graph":[{"@type":"WebPage","@id":"https:\/\/tdmed.es\/pt-pt\/noticias\/","url":"https:\/\/tdmed.es\/pt-pt\/noticias\/","name":"Not\u00edcias TDMED - Propuls\u00e3o Mar\u00edtima, Motores, Tecnologia, etc.","isPartOf":{"@id":"https:\/\/tdmed.es\/pt-pt\/#website"},"datePublished":"2025-07-22T14:27:34+00:00","dateModified":"2026-03-12T09:52:49+00:00","description":"Not\u00edcias TDMED: avan\u00e7os na propuls\u00e3o mar\u00edtima e terrestre, motores sustent\u00e1veis, regulamenta\u00e7\u00e3o, etc. Mantenha-se atualizado sobre o setor.","breadcrumb":{"@id":"https:\/\/tdmed.es\/pt-pt\/noticias\/#breadcrumb"},"inLanguage":"pt-PT","potentialAction":[{"@type":"ReadAction","target":["https:\/\/tdmed.es\/pt-pt\/noticias\/"]}]},{"@type":"BreadcrumbList","@id":"https:\/\/tdmed.es\/pt-pt\/noticias\/#breadcrumb","itemListElement":[{"@type":"ListItem","position":1,"name":"Portada","item":"https:\/\/tdmed.es\/pt-pt\/"},{"@type":"ListItem","position":2,"name":"Not\u00edcias"}]},{"@type":"WebSite","@id":"https:\/\/tdmed.es\/pt-pt\/#website","url":"https:\/\/tdmed.es\/pt-pt\/","name":"TDMED","description":"TDMED","publisher":{"@id":"https:\/\/tdmed.es\/pt-pt\/#organization"},"potentialAction":[{"@type":"SearchAction","target":{"@type":"EntryPoint","urlTemplate":"https:\/\/tdmed.es\/pt-pt\/?s={search_term_string}"},"query-input":{"@type":"PropertyValueSpecification","valueRequired":true,"valueName":"search_term_string"}}],"inLanguage":"pt-PT"},{"@type":"Organization","@id":"https:\/\/tdmed.es\/pt-pt\/#organization","name":"TransDiesel","url":"https:\/\/tdmed.es\/pt-pt\/","logo":{"@type":"ImageObject","inLanguage":"pt-PT","@id":"https:\/\/tdmed.es\/pt-pt\/#\/schema\/logo\/image\/","url":"https:\/\/tdmed.es\/wp-content\/uploads\/2018\/12\/NewLogo.png","contentUrl":"https:\/\/tdmed.es\/wp-content\/uploads\/2018\/12\/NewLogo.png","width":800,"height":140,"caption":"TransDiesel"},"image":{"@id":"https:\/\/tdmed.es\/pt-pt\/#\/schema\/logo\/image\/"}}]}},"_links":{"self":[{"href":"https:\/\/tdmed.es\/pt-pt\/wp-json\/wp\/v2\/pages\/109637","targetHints":{"allow":["GET"]}}],"collection":[{"href":"https:\/\/tdmed.es\/pt-pt\/wp-json\/wp\/v2\/pages"}],"about":[{"href":"https:\/\/tdmed.es\/pt-pt\/wp-json\/wp\/v2\/types\/page"}],"author":[{"embeddable":true,"href":"https:\/\/tdmed.es\/pt-pt\/wp-json\/wp\/v2\/users\/313"}],"replies":[{"embeddable":true,"href":"https:\/\/tdmed.es\/pt-pt\/wp-json\/wp\/v2\/comments?post=109637"}],"version-history":[{"count":0,"href":"https:\/\/tdmed.es\/pt-pt\/wp-json\/wp\/v2\/pages\/109637\/revisions"}],"wp:attachment":[{"href":"https:\/\/tdmed.es\/pt-pt\/wp-json\/wp\/v2\/media?parent=109637"}],"curies":[{"name":"wp","href":"https:\/\/api.w.org\/{rel}","templated":true}]}}