{"id":109619,"date":"2025-07-22T16:15:56","date_gmt":"2025-07-22T14:15:56","guid":{"rendered":"https:\/\/preprod.transdiesel.es\/minha-conta\/"},"modified":"2025-07-22T16:15:59","modified_gmt":"2025-07-22T14:15:59","slug":"minha-conta","status":"publish","type":"page","link":"https:\/\/tdmed.es\/pt-pt\/minha-conta\/","title":{"rendered":"MINHA CONTA"},"content":{"rendered":"\t\t<div data-elementor-type=\"wp-page\" data-elementor-id=\"109619\" class=\"elementor elementor-109619 elementor-7\" data-elementor-post-type=\"page\">\n\t\t\t\t<div data-particle_enable=\"false\" data-particle-mobile-disabled=\"false\" class=\"elementor-element elementor-element-a2f5be2 e-flex e-con-boxed e-con e-parent\" data-id=\"a2f5be2\" data-element_type=\"container\" data-e-type=\"container\" data-settings=\"{&quot;background_background&quot;:&quot;classic&quot;}\">\n\t\t\t\t\t<div class=\"e-con-inner\">\n\t\t\t\t\t<\/div>\n\t\t\t\t<\/div>\n\t\t<div data-particle_enable=\"false\" data-particle-mobile-disabled=\"false\" class=\"elementor-element elementor-element-dd443e7 e-flex e-con-boxed e-con e-parent\" data-id=\"dd443e7\" data-element_type=\"container\" data-e-type=\"container\">\n\t\t\t\t\t<div class=\"e-con-inner\">\n\t\t<div data-particle_enable=\"false\" data-particle-mobile-disabled=\"false\" class=\"elementor-element elementor-element-ac73987 e-con-full e-flex e-con e-child\" data-id=\"ac73987\" data-element_type=\"container\" data-e-type=\"container\">\n\t\t\t\t<div class=\"elementor-element elementor-element-28283f53 elementor-widget elementor-widget-text-editor\" data-id=\"28283f53\" data-element_type=\"widget\" data-e-type=\"widget\" data-widget_type=\"text-editor.default\">\n\t\t\t\t<div class=\"elementor-widget-container\">\n\t\t\t\t\t\t\t\t\t<p>TDMED &#8211; \u00c1rea Privada<\/p>\n\t\t\t\t\t\t\t\t<\/div>\n\t\t\t\t<\/div>\n\t\t\t\t<div class=\"elementor-element elementor-element-8b8510d e-my-account-tabs-vertical elementor-widget elementor-widget-woocommerce-my-account\" data-id=\"8b8510d\" data-element_type=\"widget\" data-e-type=\"widget\" data-widget_type=\"woocommerce-my-account.default\">\n\t\t\t\t<div class=\"elementor-widget-container\">\n\t\t\t\t\t<div class=\"e-my-account-tab e-my-account-tab__ \">\t\t\t<div class=\"woocommerce\"><div class=\"woocommerce-notices-wrapper\"><\/div>\n\n<div class=\"u-columns col2-set\" id=\"customer_login\">\n\n\t<div class=\"u-column1 col-1\">\n\n\n\t\t<h2>Iniciar sess\u00e3o<\/h2>\n\n\t\t<form class=\"woocommerce-form woocommerce-form-login login\" method=\"post\" novalidate>\n\n\t\t\t\n\t\t\t<p class=\"woocommerce-form-row woocommerce-form-row--wide form-row form-row-wide\">\n\t\t\t\t<label for=\"username\">Nome de utilizador ou email&nbsp;<span class=\"required\" aria-hidden=\"true\">*<\/span><span class=\"screen-reader-text\">Obrigat\u00f3rio<\/span><\/label>\n\t\t\t\t<input type=\"text\" class=\"woocommerce-Input woocommerce-Input--text input-text\" name=\"username\" id=\"username\" autocomplete=\"username\" value=\"\" required aria-required=\"true\" \/>\t\t\t<\/p>\n\t\t\t<p class=\"woocommerce-form-row woocommerce-form-row--wide form-row form-row-wide\">\n\t\t\t\t<label for=\"password\">Senha&nbsp;<span class=\"required\" aria-hidden=\"true\">*<\/span><span class=\"screen-reader-text\">Obrigat\u00f3rio<\/span><\/label>\n\t\t\t\t<input class=\"woocommerce-Input woocommerce-Input--text input-text\" type=\"password\" name=\"password\" id=\"password\" autocomplete=\"current-password\" required aria-required=\"true\" \/>\n\t\t\t<\/p>\n\n\t\t\t\t\t<div class=\"g-recaptcha\" data-sitekey=\"6LcBQpMrAAAAAGppYXFWKH2kJqI1JPinyiMhfxTd\"><\/div>\r\n\t\t<br\/>\r\n\t\t\n\t\t\t<p class=\"form-row\">\n\t\t\t\t<label class=\"woocommerce-form__label woocommerce-form__label-for-checkbox woocommerce-form-login__rememberme\">\n\t\t\t\t\t<input class=\"woocommerce-form__input woocommerce-form__input-checkbox\" name=\"rememberme\" type=\"checkbox\" id=\"rememberme\" value=\"forever\" \/> <span>Manter sess\u00e3o<\/span>\n\t\t\t\t<\/label>\n\t\t\t\t<input type=\"hidden\" id=\"woocommerce-login-nonce\" name=\"woocommerce-login-nonce\" value=\"907ce8fbf6\" \/><input type=\"hidden\" name=\"_wp_http_referer\" value=\"\/pt-pt\/wp-json\/wp\/v2\/pages\/109619\" \/>\t\t\t\t<button type=\"submit\" class=\"woocommerce-button button woocommerce-form-login__submit\" name=\"login\" value=\"Entrar\">Entrar<\/button>\n\t\t\t<\/p>\n\t\t\t<p class=\"woocommerce-LostPassword lost_password\">\n\t\t\t\t<a href=\"https:\/\/tdmed.es\/pt-pt\/minha-conta\/Assine%20a%20lista%20de%20discuss%C3%A3o%21\/\">Perdeu a sua senha?<\/a>\n\t\t\t<\/p>\n\n\t\t\t\n\t\t<\/form>\n\n\n\t<\/div>\n\n\t<div class=\"u-column2 col-2\">\n\n\t\t<h2>Registar nova conta<\/h2>\n\n\t\t<form method=\"post\" class=\"woocommerce-form woocommerce-form-register register\"  >\n\n\t\t\t\n\t\t\t\n\t\t\t<p class=\"woocommerce-form-row woocommerce-form-row--wide form-row form-row-wide\">\n\t\t\t\t<label for=\"reg_email\">Endere\u00e7o de email&nbsp;<span class=\"required\" aria-hidden=\"true\">*<\/span><span class=\"screen-reader-text\">Obrigat\u00f3rio<\/span><\/label>\n\t\t\t\t<input type=\"email\" class=\"woocommerce-Input woocommerce-Input--text input-text\" name=\"email\" id=\"reg_email\" autocomplete=\"email\" value=\"\" required aria-required=\"true\" \/>\t\t\t<\/p>\n\n\t\t\t\n\t\t\t\t<p>A liga\u00e7\u00e3o para definir uma nova senha ser\u00e1 enviada para o seu endere\u00e7o de email.<\/p>\n\n\t\t\t\n\t\t\t\t\t<div class=\"g-recaptcha\" data-sitekey=\"6LcBQpMrAAAAAGppYXFWKH2kJqI1JPinyiMhfxTd\"><\/div>\r\n\t\t<br\/>\r\n\t\t<wc-order-attribution-inputs><\/wc-order-attribution-inputs><div class=\"woocommerce-privacy-policy-text\"><p>Tus datos personales se utilizar\u00e1n para procesar tu pedido, mejorar tu experiencia en esta web, gestionar el acceso a tu cuenta y otros prop\u00f3sitos descritos en nuestra <a href=\"https:\/\/tdmed.es\/politica-privacidad\/\" class=\"woocommerce-privacy-policy-link\" target=\"_blank\">pol\u00edtica de privacidade<\/a>.<\/p>\n<\/div>\n\t\t\t<p class=\"woocommerce-form-row form-row\">\n\t\t\t\t<input type=\"hidden\" id=\"woocommerce-register-nonce\" name=\"woocommerce-register-nonce\" value=\"9eaae1153d\" \/><input type=\"hidden\" name=\"_wp_http_referer\" value=\"\/pt-pt\/wp-json\/wp\/v2\/pages\/109619\" \/>\t\t\t\t<button type=\"submit\" class=\"woocommerce-Button woocommerce-button button woocommerce-form-register__submit\" name=\"register\" value=\"Registar nova conta\">Registar nova conta<\/button>\n\t\t\t<\/p>\n\n\t\t\t\n\t\t<\/form>\n\n\t<\/div>\n\n<\/div>\n\n<\/div>\t\t<\/div>\n\t\t\t\t\t\t<\/div>\n\t\t\t\t<\/div>\n\t\t\t\t<\/div>\n\t\t\t\t\t<\/div>\n\t\t\t\t<\/div>\n\t\t\t\t<\/div>\n\t\t","protected":false},"excerpt":{"rendered":"<p>TDMED &#8211; \u00c1rea Privada Perfil Facturas Sair Hola WPTransdiesel (\u00bfno eres WPTransdiesel? Cerrar sesi\u00f3n) Desde el escritorio de tu cuenta puedes ver tus pedidos recientes, &#8230; <\/p>\n<p class=\"read-more-container\"><a title=\"MINHA CONTA\" class=\"read-more button\" href=\"https:\/\/tdmed.es\/pt-pt\/minha-conta\/#more-109619\" aria-label=\"Leia mais sobre MINHA CONTA\">Ler mais<\/a><\/p>\n","protected":false},"author":313,"featured_media":0,"parent":0,"menu_order":0,"comment_status":"closed","ping_status":"closed","template":"","meta":{"_joinchat":[],"footnotes":""},"class_list":["post-109619","page","type-page","status-publish"],"yoast_head":"<!-- This site is optimized with the Yoast SEO Premium plugin v27.3 (Yoast SEO v27.3) - https:\/\/yoast.com\/product\/yoast-seo-premium-wordpress\/ -->\n<title>MINHA CONTA - TDMED<\/title>\n<meta name=\"robots\" content=\"noindex, nofollow\" \/>\n<meta property=\"og:locale\" content=\"pt_PT\" \/>\n<meta property=\"og:type\" content=\"article\" \/>\n<meta property=\"og:title\" content=\"MINHA CONTA\" \/>\n<meta property=\"og:description\" content=\"TDMED &#8211; \u00c1rea Privada Perfil Facturas Sair Hola WPTransdiesel (\u00bfno eres WPTransdiesel? Cerrar sesi\u00f3n) Desde el escritorio de tu cuenta puedes ver tus pedidos recientes, ... Ler mais\" \/>\n<meta property=\"og:url\" content=\"https:\/\/tdmed.es\/pt-pt\/minha-conta\/\" \/>\n<meta property=\"og:site_name\" content=\"TDMED\" \/>\n<meta property=\"article:modified_time\" content=\"2025-07-22T14:15:59+00:00\" \/>\n<meta name=\"twitter:card\" content=\"summary_large_image\" \/>\n<script type=\"application\/ld+json\" class=\"yoast-schema-graph\">{\"@context\":\"https:\\\/\\\/schema.org\",\"@graph\":[{\"@type\":\"WebPage\",\"@id\":\"https:\\\/\\\/tdmed.es\\\/pt-pt\\\/minha-conta\\\/\",\"url\":\"https:\\\/\\\/tdmed.es\\\/pt-pt\\\/minha-conta\\\/\",\"name\":\"MINHA CONTA - TDMED\",\"isPartOf\":{\"@id\":\"https:\\\/\\\/tdmed.es\\\/pt-pt\\\/#website\"},\"datePublished\":\"2025-07-22T14:15:56+00:00\",\"dateModified\":\"2025-07-22T14:15:59+00:00\",\"breadcrumb\":{\"@id\":\"https:\\\/\\\/tdmed.es\\\/pt-pt\\\/minha-conta\\\/#breadcrumb\"},\"inLanguage\":\"pt-PT\",\"potentialAction\":[{\"@type\":\"ReadAction\",\"target\":[\"https:\\\/\\\/tdmed.es\\\/pt-pt\\\/minha-conta\\\/\"]}]},{\"@type\":\"BreadcrumbList\",\"@id\":\"https:\\\/\\\/tdmed.es\\\/pt-pt\\\/minha-conta\\\/#breadcrumb\",\"itemListElement\":[{\"@type\":\"ListItem\",\"position\":1,\"name\":\"Portada\",\"item\":\"https:\\\/\\\/tdmed.es\\\/pt-pt\\\/\"},{\"@type\":\"ListItem\",\"position\":2,\"name\":\"MINHA CONTA\"}]},{\"@type\":\"WebSite\",\"@id\":\"https:\\\/\\\/tdmed.es\\\/pt-pt\\\/#website\",\"url\":\"https:\\\/\\\/tdmed.es\\\/pt-pt\\\/\",\"name\":\"TDMED\",\"description\":\"TDMED\",\"publisher\":{\"@id\":\"https:\\\/\\\/tdmed.es\\\/pt-pt\\\/#organization\"},\"potentialAction\":[{\"@type\":\"SearchAction\",\"target\":{\"@type\":\"EntryPoint\",\"urlTemplate\":\"https:\\\/\\\/tdmed.es\\\/pt-pt\\\/?s={search_term_string}\"},\"query-input\":{\"@type\":\"PropertyValueSpecification\",\"valueRequired\":true,\"valueName\":\"search_term_string\"}}],\"inLanguage\":\"pt-PT\"},{\"@type\":\"Organization\",\"@id\":\"https:\\\/\\\/tdmed.es\\\/pt-pt\\\/#organization\",\"name\":\"TransDiesel\",\"url\":\"https:\\\/\\\/tdmed.es\\\/pt-pt\\\/\",\"logo\":{\"@type\":\"ImageObject\",\"inLanguage\":\"pt-PT\",\"@id\":\"https:\\\/\\\/tdmed.es\\\/pt-pt\\\/#\\\/schema\\\/logo\\\/image\\\/\",\"url\":\"https:\\\/\\\/tdmed.es\\\/wp-content\\\/uploads\\\/2018\\\/12\\\/NewLogo.png\",\"contentUrl\":\"https:\\\/\\\/tdmed.es\\\/wp-content\\\/uploads\\\/2018\\\/12\\\/NewLogo.png\",\"width\":800,\"height\":140,\"caption\":\"TransDiesel\"},\"image\":{\"@id\":\"https:\\\/\\\/tdmed.es\\\/pt-pt\\\/#\\\/schema\\\/logo\\\/image\\\/\"}}]}<\/script>\n<!-- \/ Yoast SEO Premium plugin. -->","yoast_head_json":{"title":"MINHA CONTA - TDMED","robots":{"index":"noindex","follow":"nofollow"},"og_locale":"pt_PT","og_type":"article","og_title":"MINHA CONTA","og_description":"TDMED &#8211; \u00c1rea Privada Perfil Facturas Sair Hola WPTransdiesel (\u00bfno eres WPTransdiesel? Cerrar sesi\u00f3n) Desde el escritorio de tu cuenta puedes ver tus pedidos recientes, ... Ler mais","og_url":"https:\/\/tdmed.es\/pt-pt\/minha-conta\/","og_site_name":"TDMED","article_modified_time":"2025-07-22T14:15:59+00:00","twitter_card":"summary_large_image","schema":{"@context":"https:\/\/schema.org","@graph":[{"@type":"WebPage","@id":"https:\/\/tdmed.es\/pt-pt\/minha-conta\/","url":"https:\/\/tdmed.es\/pt-pt\/minha-conta\/","name":"MINHA CONTA - TDMED","isPartOf":{"@id":"https:\/\/tdmed.es\/pt-pt\/#website"},"datePublished":"2025-07-22T14:15:56+00:00","dateModified":"2025-07-22T14:15:59+00:00","breadcrumb":{"@id":"https:\/\/tdmed.es\/pt-pt\/minha-conta\/#breadcrumb"},"inLanguage":"pt-PT","potentialAction":[{"@type":"ReadAction","target":["https:\/\/tdmed.es\/pt-pt\/minha-conta\/"]}]},{"@type":"BreadcrumbList","@id":"https:\/\/tdmed.es\/pt-pt\/minha-conta\/#breadcrumb","itemListElement":[{"@type":"ListItem","position":1,"name":"Portada","item":"https:\/\/tdmed.es\/pt-pt\/"},{"@type":"ListItem","position":2,"name":"MINHA CONTA"}]},{"@type":"WebSite","@id":"https:\/\/tdmed.es\/pt-pt\/#website","url":"https:\/\/tdmed.es\/pt-pt\/","name":"TDMED","description":"TDMED","publisher":{"@id":"https:\/\/tdmed.es\/pt-pt\/#organization"},"potentialAction":[{"@type":"SearchAction","target":{"@type":"EntryPoint","urlTemplate":"https:\/\/tdmed.es\/pt-pt\/?s={search_term_string}"},"query-input":{"@type":"PropertyValueSpecification","valueRequired":true,"valueName":"search_term_string"}}],"inLanguage":"pt-PT"},{"@type":"Organization","@id":"https:\/\/tdmed.es\/pt-pt\/#organization","name":"TransDiesel","url":"https:\/\/tdmed.es\/pt-pt\/","logo":{"@type":"ImageObject","inLanguage":"pt-PT","@id":"https:\/\/tdmed.es\/pt-pt\/#\/schema\/logo\/image\/","url":"https:\/\/tdmed.es\/wp-content\/uploads\/2018\/12\/NewLogo.png","contentUrl":"https:\/\/tdmed.es\/wp-content\/uploads\/2018\/12\/NewLogo.png","width":800,"height":140,"caption":"TransDiesel"},"image":{"@id":"https:\/\/tdmed.es\/pt-pt\/#\/schema\/logo\/image\/"}}]}},"_links":{"self":[{"href":"https:\/\/tdmed.es\/pt-pt\/wp-json\/wp\/v2\/pages\/109619","targetHints":{"allow":["GET"]}}],"collection":[{"href":"https:\/\/tdmed.es\/pt-pt\/wp-json\/wp\/v2\/pages"}],"about":[{"href":"https:\/\/tdmed.es\/pt-pt\/wp-json\/wp\/v2\/types\/page"}],"author":[{"embeddable":true,"href":"https:\/\/tdmed.es\/pt-pt\/wp-json\/wp\/v2\/users\/313"}],"replies":[{"embeddable":true,"href":"https:\/\/tdmed.es\/pt-pt\/wp-json\/wp\/v2\/comments?post=109619"}],"version-history":[{"count":0,"href":"https:\/\/tdmed.es\/pt-pt\/wp-json\/wp\/v2\/pages\/109619\/revisions"}],"wp:attachment":[{"href":"https:\/\/tdmed.es\/pt-pt\/wp-json\/wp\/v2\/media?parent=109619"}],"curies":[{"name":"wp","href":"https:\/\/api.w.org\/{rel}","templated":true}]}}