{"id":109301,"date":"2025-07-14T21:29:05","date_gmt":"2025-07-14T19:29:05","guid":{"rendered":"https:\/\/preprod.transdiesel.es\/geradores-a-gas\/"},"modified":"2026-03-18T11:28:33","modified_gmt":"2026-03-18T10:28:33","slug":"geradores-a-gas","status":"publish","type":"page","link":"https:\/\/tdmed.es\/pt-pt\/geradores-a-gas\/","title":{"rendered":"Geradores a Gas"},"content":{"rendered":"\t\t<div data-elementor-type=\"wp-page\" data-elementor-id=\"109301\" class=\"elementor elementor-109301 elementor-107679\" data-elementor-post-type=\"page\">\n\t\t\t\t<div data-particle_enable=\"false\" data-particle-mobile-disabled=\"false\" class=\"elementor-element elementor-element-fc286fd e-flex e-con-boxed e-con e-parent\" data-id=\"fc286fd\" data-element_type=\"container\" data-e-type=\"container\" data-settings=\"{&quot;background_background&quot;:&quot;classic&quot;}\">\n\t\t\t\t\t<div class=\"e-con-inner\">\n\t\t\t\t\t<\/div>\n\t\t\t\t<\/div>\n\t\t<div data-particle_enable=\"false\" data-particle-mobile-disabled=\"false\" class=\"elementor-element elementor-element-7e933904 e-flex e-con-boxed e-con e-parent\" data-id=\"7e933904\" data-element_type=\"container\" data-e-type=\"container\">\n\t\t\t\t\t<div class=\"e-con-inner\">\n\t\t<div data-particle_enable=\"false\" data-particle-mobile-disabled=\"false\" class=\"elementor-element elementor-element-3f2aef4a e-con-full e-flex e-con e-child\" data-id=\"3f2aef4a\" data-element_type=\"container\" data-e-type=\"container\">\n\t\t\t\t<div class=\"elementor-element elementor-element-7b028da8 elementor-widget__width-initial elementor-widget-tablet__width-inherit elementor-widget elementor-widget-heading\" data-id=\"7b028da8\" data-element_type=\"widget\" data-e-type=\"widget\" data-widget_type=\"heading.default\">\n\t\t\t\t<div class=\"elementor-widget-container\">\n\t\t\t\t\t<h1 class=\"elementor-heading-title elementor-size-default\">Geradores a Gas<\/h1>\t\t\t\t<\/div>\n\t\t\t\t<\/div>\n\t\t\t\t<\/div>\n\t\t\t\t\t<\/div>\n\t\t\t\t<\/div>\n\t\t<div data-particle_enable=\"false\" data-particle-mobile-disabled=\"false\" class=\"elementor-element elementor-element-f16598b e-flex e-con-boxed e-con e-parent\" data-id=\"f16598b\" data-element_type=\"container\" data-e-type=\"container\">\n\t\t\t\t\t<div class=\"e-con-inner\">\n\t\t<div data-particle_enable=\"false\" data-particle-mobile-disabled=\"false\" class=\"elementor-element elementor-element-b630867 e-con-full e-flex e-con e-child\" data-id=\"b630867\" data-element_type=\"container\" data-e-type=\"container\">\n\t\t\t\t<div class=\"elementor-element elementor-element-58dff45 elementor-widget elementor-widget-image\" data-id=\"58dff45\" data-element_type=\"widget\" data-e-type=\"widget\" data-widget_type=\"image.default\">\n\t\t\t\t<div class=\"elementor-widget-container\">\n\t\t\t\t\t\t\t\t\t\t\t\t\t\t\t<img fetchpriority=\"high\" decoding=\"async\" width=\"564\" height=\"168\" src=\"https:\/\/tdmed.es\/wp-content\/uploads\/2018\/12\/Nuevologokubota.jpg\" class=\"attachment-large size-large wp-image-15917\" alt=\"TDMED distribuidor exclusivo Kubota\" srcset=\"https:\/\/tdmed.es\/wp-content\/uploads\/2018\/12\/Nuevologokubota.jpg 564w, https:\/\/tdmed.es\/wp-content\/uploads\/2018\/12\/Nuevologokubota-300x89.jpg 300w\" sizes=\"(max-width: 564px) 100vw, 564px\" \/>\t\t\t\t\t\t\t\t\t\t\t\t\t\t\t<\/div>\n\t\t\t\t<\/div>\n\t\t\t\t<\/div>\n\t\t<div data-particle_enable=\"false\" data-particle-mobile-disabled=\"false\" class=\"elementor-element elementor-element-1cc0ccb e-con-full e-flex e-con e-child\" data-id=\"1cc0ccb\" data-element_type=\"container\" data-e-type=\"container\">\n\t\t\t\t<div class=\"elementor-element elementor-element-e0c4560 elementor-widget elementor-widget-text-editor\" data-id=\"e0c4560\" data-element_type=\"widget\" data-e-type=\"widget\" data-widget_type=\"text-editor.default\">\n\t\t\t\t<div class=\"elementor-widget-container\">\n\t\t\t\t\t\t\t\t\t<p><strong>As certifica\u00e7\u00f5es de qualidade exigidas<\/strong> aos fabricantes de motores diesel \u2014 as chamadas Fase II, Fase IIIA, Fase IV, etc. \u2014 obrigam-nos a investir em dispositivos que reduzem as emiss\u00f5es de CO2, aumentando progressivamente o pre\u00e7o dos motores.<\/p>\n<p>Um motor a g\u00e1s convencional cumpre amplamente estas certifica\u00e7\u00f5es sem a necessidade de investir em equipamento adicional. O g\u00e1s \u00e9 um combust\u00edvel mais econ\u00f3mico que o gas\u00f3leo, mas tamb\u00e9m \u00e9 muito mais ecol\u00f3gico, silencioso, limpo e evita o furto de combust\u00edvel.<\/p>\n<p>A <strong>TDMED<\/strong>,<span style=\"font-size: inherit;\">\u00a0enquanto distribuidora da <strong>KUBOTA e da P.S.I INTERNATIONAL<\/strong> para aplica\u00e7\u00f5es industriais em Espanha e Portugal, alimenta os seus geradores a g\u00e1s com toda a gama oferecida por estas marcas, com pot\u00eancias que variam entre 10 a 120 kVA com g\u00e1s propano e at\u00e9 400 kVA com g\u00e1s natural.<\/span><\/p>\n\t\t\t\t\t\t\t\t<\/div>\n\t\t\t\t<\/div>\n\t\t\t\t<\/div>\n\t\t\t\t\t<\/div>\n\t\t\t\t<\/div>\n\t\t<div data-particle_enable=\"false\" data-particle-mobile-disabled=\"false\" class=\"elementor-element elementor-element-88eda89 e-flex e-con-boxed e-con e-parent\" data-id=\"88eda89\" data-element_type=\"container\" data-e-type=\"container\">\n\t\t\t\t\t<div class=\"e-con-inner\">\n\t\t<div data-particle_enable=\"false\" data-particle-mobile-disabled=\"false\" class=\"elementor-element elementor-element-751543e e-con-full e-flex e-con e-child\" data-id=\"751543e\" data-element_type=\"container\" data-e-type=\"container\" data-settings=\"{&quot;background_background&quot;:&quot;classic&quot;}\">\n\t\t\t\t<div class=\"elementor-element elementor-element-a5e64d4 elementor-widget elementor-widget-image\" data-id=\"a5e64d4\" data-element_type=\"widget\" data-e-type=\"widget\" data-widget_type=\"image.default\">\n\t\t\t\t<div class=\"elementor-widget-container\">\n\t\t\t\t\t\t\t\t\t\t\t\t\t\t\t<img decoding=\"async\" width=\"800\" height=\"800\" src=\"https:\/\/tdmed.es\/wp-content\/uploads\/2025\/05\/generadores-a-gas-4.png\" class=\"attachment-large size-large wp-image-108973\" alt=\"generadores a gas - ventajas motor a gas\" srcset=\"https:\/\/tdmed.es\/wp-content\/uploads\/2025\/05\/generadores-a-gas-4.png 800w, https:\/\/tdmed.es\/wp-content\/uploads\/2025\/05\/generadores-a-gas-4-300x300.png 300w, https:\/\/tdmed.es\/wp-content\/uploads\/2025\/05\/generadores-a-gas-4-150x150.png 150w, https:\/\/tdmed.es\/wp-content\/uploads\/2025\/05\/generadores-a-gas-4-768x768.png 768w, https:\/\/tdmed.es\/wp-content\/uploads\/2025\/05\/generadores-a-gas-4-600x600.png 600w, https:\/\/tdmed.es\/wp-content\/uploads\/2025\/05\/generadores-a-gas-4-100x100.png 100w, https:\/\/tdmed.es\/wp-content\/uploads\/2025\/05\/generadores-a-gas-4-64x64.png 64w\" sizes=\"(max-width: 800px) 100vw, 800px\" \/>\t\t\t\t\t\t\t\t\t\t\t\t\t\t\t<\/div>\n\t\t\t\t<\/div>\n\t\t\t\t<\/div>\n\t\t<div data-particle_enable=\"false\" data-particle-mobile-disabled=\"false\" class=\"elementor-element elementor-element-b9b6608 e-con-full e-flex e-con e-child\" data-id=\"b9b6608\" data-element_type=\"container\" data-e-type=\"container\">\n\t\t\t\t<div class=\"elementor-element elementor-element-0e9f4c4 elementor-widget elementor-widget-heading\" data-id=\"0e9f4c4\" data-element_type=\"widget\" data-e-type=\"widget\" data-widget_type=\"heading.default\">\n\t\t\t\t<div class=\"elementor-widget-container\">\n\t\t\t\t\t<h2 class=\"elementor-heading-title elementor-size-default\">Vantagens do motor a G\u00e1s <\/h2>\t\t\t\t<\/div>\n\t\t\t\t<\/div>\n\t\t\t\t<div class=\"elementor-element elementor-element-eb9a68b elementor-widget elementor-widget-text-editor\" data-id=\"eb9a68b\" data-element_type=\"widget\" data-e-type=\"widget\" data-widget_type=\"text-editor.default\">\n\t\t\t\t<div class=\"elementor-widget-container\">\n\t\t\t\t\t\t\t\t\t<p>Em compara\u00e7\u00e3o com o diesel, as emiss\u00f5es de NOx s\u00e3o reduzidas em 95%, as part\u00edculas provenientes da combust\u00e3o s\u00e3o reduzidas em 99% e as de CO2 s\u00e3o reduzidas em 15%.<\/p>\n<p>Durabilidade e fiabilidade do motor<\/p>\n<p>Robustez e baixas vibra\u00e7\u00f5es<\/p>\n<p>N\u00edveis de ru\u00eddo extremamente baixos<\/p>\n<p>Resposta \u00e0 carga de impacto<\/p>\n<p>Funcionamento em dupla frequ\u00eancia (50 Hz ou 60 Hz)<\/p>\n<p>Acordos promocionais com a Repsol para o fornecimento de GPL, consistindo em descontos no pre\u00e7o de fornecimento, dep\u00f3sitos gratuitos e financiamento para a instala\u00e7\u00e3o e manuten\u00e7\u00e3o subsequente<\/p>\n\t\t\t\t\t\t\t\t<\/div>\n\t\t\t\t<\/div>\n\t\t\t\t<\/div>\n\t\t\t\t\t<\/div>\n\t\t\t\t<\/div>\n\t\t<div data-particle_enable=\"false\" data-particle-mobile-disabled=\"false\" class=\"elementor-element elementor-element-bdb4973 e-flex e-con-boxed e-con e-parent\" data-id=\"bdb4973\" data-element_type=\"container\" data-e-type=\"container\">\n\t\t\t\t\t<div class=\"e-con-inner\">\n\t\t<div data-particle_enable=\"false\" data-particle-mobile-disabled=\"false\" class=\"elementor-element elementor-element-9978240 e-con-full e-flex e-con e-child\" data-id=\"9978240\" data-element_type=\"container\" data-e-type=\"container\">\n\t\t\t\t<div class=\"elementor-element elementor-element-4a12adc elementor-widget elementor-widget-heading\" data-id=\"4a12adc\" data-element_type=\"widget\" data-e-type=\"widget\" data-widget_type=\"heading.default\">\n\t\t\t\t<div class=\"elementor-widget-container\">\n\t\t\t\t\t<h3 class=\"elementor-heading-title elementor-size-default\">Equipamentos a G\u00e1s Natural<\/h3>\t\t\t\t<\/div>\n\t\t\t\t<\/div>\n\t\t\t\t<div class=\"elementor-element elementor-element-c5ac0a7 elementor-widget elementor-widget-text-editor\" data-id=\"c5ac0a7\" data-element_type=\"widget\" data-e-type=\"widget\" data-widget_type=\"text-editor.default\">\n\t\t\t\t<div class=\"elementor-widget-container\">\n\t\t\t\t\t\t\t\t\t<p>Os motores a <strong>g\u00e1s natural<\/strong> atuais oferecem um desempenho cada vez melhor, aproximando-se dos melhores motores a diesel. Al\u00e9m disso, estes motores oferecem diversas vantagens comparativas em rela\u00e7\u00e3o aos motores a diesel, tais como, n\u00edveis de ru\u00eddo e custos de manuten\u00e7\u00e3o reduzidos e a preven\u00e7\u00e3o do roubo frequente de combust\u00edvel.<\/p><p>Equipamentos b\u00e1sicos de s\u00e9rie completos e uma vasta gama de opcionais permitem-nos adaptar os nossos geradores \u00e0s condi\u00e7\u00f5es de trabalho mais inst\u00e1veis \u200b\u200be adversas, tanto nos seus componentes principais (motor e alternador), como nos restantes: cabina, prote\u00e7\u00f5es, pain\u00e9is de controlo, dep\u00f3sitos de combust\u00edvel, etc.<\/p><p class=\"my-0\"><a href=\"https:\/\/caslienergy.es\/grupos-a-gas\/grupos-a-gas-natural\/\" target=\"_blank\" rel=\"noopener\">Mais informa\u00e7\u00f5es<\/a><\/p>\t\t\t\t\t\t\t\t<\/div>\n\t\t\t\t<\/div>\n\t\t\t\t<\/div>\n\t\t<div data-particle_enable=\"false\" data-particle-mobile-disabled=\"false\" class=\"elementor-element elementor-element-c83341d e-con-full e-flex e-con e-child\" data-id=\"c83341d\" data-element_type=\"container\" data-e-type=\"container\">\n\t\t\t\t<div class=\"elementor-element elementor-element-a8367bf elementor-widget elementor-widget-image\" data-id=\"a8367bf\" data-element_type=\"widget\" data-e-type=\"widget\" data-widget_type=\"image.default\">\n\t\t\t\t<div class=\"elementor-widget-container\">\n\t\t\t\t\t\t\t\t\t\t\t\t\t\t\t<img decoding=\"async\" width=\"800\" height=\"800\" src=\"https:\/\/tdmed.es\/wp-content\/uploads\/2025\/05\/generadores-a-gas-5.png\" class=\"attachment-large size-large wp-image-108975\" alt=\"Instalaci\u00f3n de generador a gas de alta eficiencia - Generadores - TDMed\" srcset=\"https:\/\/tdmed.es\/wp-content\/uploads\/2025\/05\/generadores-a-gas-5.png 800w, https:\/\/tdmed.es\/wp-content\/uploads\/2025\/05\/generadores-a-gas-5-300x300.png 300w, https:\/\/tdmed.es\/wp-content\/uploads\/2025\/05\/generadores-a-gas-5-150x150.png 150w, https:\/\/tdmed.es\/wp-content\/uploads\/2025\/05\/generadores-a-gas-5-768x768.png 768w, https:\/\/tdmed.es\/wp-content\/uploads\/2025\/05\/generadores-a-gas-5-600x600.png 600w, https:\/\/tdmed.es\/wp-content\/uploads\/2025\/05\/generadores-a-gas-5-100x100.png 100w, https:\/\/tdmed.es\/wp-content\/uploads\/2025\/05\/generadores-a-gas-5-64x64.png 64w\" sizes=\"(max-width: 800px) 100vw, 800px\" \/>\t\t\t\t\t\t\t\t\t\t\t\t\t\t\t<\/div>\n\t\t\t\t<\/div>\n\t\t\t\t<\/div>\n\t\t\t\t\t<\/div>\n\t\t\t\t<\/div>\n\t\t<div data-particle_enable=\"false\" data-particle-mobile-disabled=\"false\" class=\"elementor-element elementor-element-0f06a6c e-flex e-con-boxed e-con e-parent\" data-id=\"0f06a6c\" data-element_type=\"container\" data-e-type=\"container\">\n\t\t\t\t\t<div class=\"e-con-inner\">\n\t\t<div data-particle_enable=\"false\" data-particle-mobile-disabled=\"false\" class=\"elementor-element elementor-element-12e4f1c e-con-full e-flex e-con e-child\" data-id=\"12e4f1c\" data-element_type=\"container\" data-e-type=\"container\" data-settings=\"{&quot;background_background&quot;:&quot;classic&quot;}\">\n\t\t\t\t<div class=\"elementor-element elementor-element-dbbfa78 elementor-widget elementor-widget-image\" data-id=\"dbbfa78\" data-element_type=\"widget\" data-e-type=\"widget\" data-widget_type=\"image.default\">\n\t\t\t\t<div class=\"elementor-widget-container\">\n\t\t\t\t\t\t\t\t\t\t\t\t\t\t\t<img loading=\"lazy\" decoding=\"async\" width=\"800\" height=\"800\" src=\"https:\/\/tdmed.es\/wp-content\/uploads\/2025\/05\/generadores-a-gas-propano.png\" class=\"attachment-large size-large wp-image-108976\" alt=\"Generador de gas propano para suministro energ\u00e9tico continuo - Generadores - TDMed\" srcset=\"https:\/\/tdmed.es\/wp-content\/uploads\/2025\/05\/generadores-a-gas-propano.png 800w, https:\/\/tdmed.es\/wp-content\/uploads\/2025\/05\/generadores-a-gas-propano-300x300.png 300w, https:\/\/tdmed.es\/wp-content\/uploads\/2025\/05\/generadores-a-gas-propano-150x150.png 150w, https:\/\/tdmed.es\/wp-content\/uploads\/2025\/05\/generadores-a-gas-propano-768x768.png 768w, https:\/\/tdmed.es\/wp-content\/uploads\/2025\/05\/generadores-a-gas-propano-600x600.png 600w, https:\/\/tdmed.es\/wp-content\/uploads\/2025\/05\/generadores-a-gas-propano-100x100.png 100w, https:\/\/tdmed.es\/wp-content\/uploads\/2025\/05\/generadores-a-gas-propano-64x64.png 64w\" sizes=\"(max-width: 800px) 100vw, 800px\" \/>\t\t\t\t\t\t\t\t\t\t\t\t\t\t\t<\/div>\n\t\t\t\t<\/div>\n\t\t\t\t<\/div>\n\t\t<div data-particle_enable=\"false\" data-particle-mobile-disabled=\"false\" class=\"elementor-element elementor-element-34baf1f e-con-full e-flex e-con e-child\" data-id=\"34baf1f\" data-element_type=\"container\" data-e-type=\"container\">\n\t\t\t\t<div class=\"elementor-element elementor-element-142d789 elementor-widget elementor-widget-heading\" data-id=\"142d789\" data-element_type=\"widget\" data-e-type=\"widget\" data-widget_type=\"heading.default\">\n\t\t\t\t<div class=\"elementor-widget-container\">\n\t\t\t\t\t<h3 class=\"elementor-heading-title elementor-size-default\">Equipamentos a G\u00e1s Propano<\/h3>\t\t\t\t<\/div>\n\t\t\t\t<\/div>\n\t\t\t\t<div class=\"elementor-element elementor-element-adff773 elementor-widget elementor-widget-text-editor\" data-id=\"adff773\" data-element_type=\"widget\" data-e-type=\"widget\" data-widget_type=\"text-editor.default\">\n\t\t\t\t<div class=\"elementor-widget-container\">\n\t\t\t\t\t\t\t\t\t<p>Embora as instala\u00e7\u00f5es de cogera\u00e7\u00e3o a g\u00e1s natural sejam geralmente mais comuns, o custo atual por kWe com o <strong>g\u00e1s propano<\/strong> est\u00e1 a aumentar a rentabilidade destas instala\u00e7\u00f5es, raz\u00e3o pela qual se est\u00e3o a tornar mais comuns.<\/p><p>A <strong>TDMED<\/strong> assinou um acordo com a Repsol que oferece vantagens no fornecimento de <strong>GPL<\/strong> e na instala\u00e7\u00e3o do dep\u00f3sito de combust\u00edvel.<\/p><p>Os nossos <strong>motores naturalmente aspirados<\/strong> tamb\u00e9m podem funcionar com este combust\u00edvel, pelo que podemos oferecer quatro modelos, que variam entre 20 a 60 kWe.<\/p><p><a href=\"https:\/\/caslienergy.es\/grupos-a-gas\/grupos-a-gas-gas-propano\/\" target=\"_blank\" rel=\"noopener\">Mais informa\u00e7\u00f5es<\/a><\/p>\t\t\t\t\t\t\t\t<\/div>\n\t\t\t\t<\/div>\n\t\t\t\t<\/div>\n\t\t\t\t\t<\/div>\n\t\t\t\t<\/div>\n\t\t\t\t<\/div>\n\t\t","protected":false},"excerpt":{"rendered":"<p>Geradores a Gas As certifica\u00e7\u00f5es de qualidade exigidas aos fabricantes de motores diesel \u2014 as chamadas Fase II, Fase IIIA, Fase IV, etc. \u2014 obrigam-nos &#8230; <\/p>\n<p class=\"read-more-container\"><a title=\"Geradores a Gas\" class=\"read-more button\" href=\"https:\/\/tdmed.es\/pt-pt\/geradores-a-gas\/#more-109301\" aria-label=\"Leia mais sobre Geradores a Gas\">Ler mais<\/a><\/p>\n","protected":false},"author":313,"featured_media":0,"parent":0,"menu_order":0,"comment_status":"closed","ping_status":"closed","template":"","meta":{"_joinchat":[],"footnotes":""},"class_list":["post-109301","page","type-page","status-publish"],"yoast_head":"<!-- This site is optimized with the Yoast SEO Premium plugin v27.3 (Yoast SEO v27.3) - https:\/\/yoast.com\/product\/yoast-seo-premium-wordpress\/ -->\n<title>Geradores a Gas - TDMED<\/title>\n<meta name=\"description\" content=\"Geradores a g\u00e1s, desempenho superior e baixo ru\u00eddo + flexibilidade de fornecimento. Descubra mais sobre as nossas solu\u00e7\u00f5es na TDMED!\" \/>\n<meta name=\"robots\" content=\"index, follow, max-snippet:-1, max-image-preview:large, max-video-preview:-1\" \/>\n<link rel=\"canonical\" href=\"https:\/\/tdmed.es\/pt-pt\/geradores-a-gas\/\" \/>\n<meta property=\"og:locale\" content=\"pt_PT\" \/>\n<meta property=\"og:type\" content=\"article\" \/>\n<meta property=\"og:title\" content=\"Geradores a Gas\" \/>\n<meta property=\"og:description\" content=\"Geradores a g\u00e1s, desempenho superior e baixo ru\u00eddo + flexibilidade de fornecimento. Descubra mais sobre as nossas solu\u00e7\u00f5es na TDMED!\" \/>\n<meta property=\"og:url\" content=\"https:\/\/tdmed.es\/pt-pt\/geradores-a-gas\/\" \/>\n<meta property=\"og:site_name\" content=\"TDMED\" \/>\n<meta property=\"article:modified_time\" content=\"2026-03-18T10:28:33+00:00\" \/>\n<meta property=\"og:image\" content=\"https:\/\/tdmed.es\/wp-content\/uploads\/2018\/12\/Nuevologokubota.jpg\" \/>\n<meta name=\"twitter:card\" content=\"summary_large_image\" \/>\n<script type=\"application\/ld+json\" class=\"yoast-schema-graph\">{\"@context\":\"https:\\\/\\\/schema.org\",\"@graph\":[{\"@type\":\"WebPage\",\"@id\":\"https:\\\/\\\/tdmed.es\\\/pt-pt\\\/geradores-a-gas\\\/\",\"url\":\"https:\\\/\\\/tdmed.es\\\/pt-pt\\\/geradores-a-gas\\\/\",\"name\":\"Geradores a Gas - TDMED\",\"isPartOf\":{\"@id\":\"https:\\\/\\\/tdmed.es\\\/pt-pt\\\/#website\"},\"primaryImageOfPage\":{\"@id\":\"https:\\\/\\\/tdmed.es\\\/pt-pt\\\/geradores-a-gas\\\/#primaryimage\"},\"image\":{\"@id\":\"https:\\\/\\\/tdmed.es\\\/pt-pt\\\/geradores-a-gas\\\/#primaryimage\"},\"thumbnailUrl\":\"https:\\\/\\\/tdmed.es\\\/wp-content\\\/uploads\\\/2018\\\/12\\\/Nuevologokubota.jpg\",\"datePublished\":\"2025-07-14T19:29:05+00:00\",\"dateModified\":\"2026-03-18T10:28:33+00:00\",\"description\":\"Geradores a g\u00e1s, desempenho superior e baixo ru\u00eddo + flexibilidade de fornecimento. Descubra mais sobre as nossas solu\u00e7\u00f5es na TDMED!\",\"breadcrumb\":{\"@id\":\"https:\\\/\\\/tdmed.es\\\/pt-pt\\\/geradores-a-gas\\\/#breadcrumb\"},\"inLanguage\":\"pt-PT\",\"potentialAction\":[{\"@type\":\"ReadAction\",\"target\":[\"https:\\\/\\\/tdmed.es\\\/pt-pt\\\/geradores-a-gas\\\/\"]}]},{\"@type\":\"ImageObject\",\"inLanguage\":\"pt-PT\",\"@id\":\"https:\\\/\\\/tdmed.es\\\/pt-pt\\\/geradores-a-gas\\\/#primaryimage\",\"url\":\"https:\\\/\\\/tdmed.es\\\/wp-content\\\/uploads\\\/2018\\\/12\\\/Nuevologokubota.jpg\",\"contentUrl\":\"https:\\\/\\\/tdmed.es\\\/wp-content\\\/uploads\\\/2018\\\/12\\\/Nuevologokubota.jpg\"},{\"@type\":\"BreadcrumbList\",\"@id\":\"https:\\\/\\\/tdmed.es\\\/pt-pt\\\/geradores-a-gas\\\/#breadcrumb\",\"itemListElement\":[{\"@type\":\"ListItem\",\"position\":1,\"name\":\"Portada\",\"item\":\"https:\\\/\\\/tdmed.es\\\/pt-pt\\\/\"},{\"@type\":\"ListItem\",\"position\":2,\"name\":\"Geradores a Gas\"}]},{\"@type\":\"WebSite\",\"@id\":\"https:\\\/\\\/tdmed.es\\\/pt-pt\\\/#website\",\"url\":\"https:\\\/\\\/tdmed.es\\\/pt-pt\\\/\",\"name\":\"TDMED\",\"description\":\"TDMED\",\"publisher\":{\"@id\":\"https:\\\/\\\/tdmed.es\\\/pt-pt\\\/#organization\"},\"potentialAction\":[{\"@type\":\"SearchAction\",\"target\":{\"@type\":\"EntryPoint\",\"urlTemplate\":\"https:\\\/\\\/tdmed.es\\\/pt-pt\\\/?s={search_term_string}\"},\"query-input\":{\"@type\":\"PropertyValueSpecification\",\"valueRequired\":true,\"valueName\":\"search_term_string\"}}],\"inLanguage\":\"pt-PT\"},{\"@type\":\"Organization\",\"@id\":\"https:\\\/\\\/tdmed.es\\\/pt-pt\\\/#organization\",\"name\":\"TransDiesel\",\"url\":\"https:\\\/\\\/tdmed.es\\\/pt-pt\\\/\",\"logo\":{\"@type\":\"ImageObject\",\"inLanguage\":\"pt-PT\",\"@id\":\"https:\\\/\\\/tdmed.es\\\/pt-pt\\\/#\\\/schema\\\/logo\\\/image\\\/\",\"url\":\"https:\\\/\\\/tdmed.es\\\/wp-content\\\/uploads\\\/2018\\\/12\\\/NewLogo.png\",\"contentUrl\":\"https:\\\/\\\/tdmed.es\\\/wp-content\\\/uploads\\\/2018\\\/12\\\/NewLogo.png\",\"width\":800,\"height\":140,\"caption\":\"TransDiesel\"},\"image\":{\"@id\":\"https:\\\/\\\/tdmed.es\\\/pt-pt\\\/#\\\/schema\\\/logo\\\/image\\\/\"}}]}<\/script>\n<!-- \/ Yoast SEO Premium plugin. -->","yoast_head_json":{"title":"Geradores a Gas - TDMED","description":"Geradores a g\u00e1s, desempenho superior e baixo ru\u00eddo + flexibilidade de fornecimento. Descubra mais sobre as nossas solu\u00e7\u00f5es na TDMED!","robots":{"index":"index","follow":"follow","max-snippet":"max-snippet:-1","max-image-preview":"max-image-preview:large","max-video-preview":"max-video-preview:-1"},"canonical":"https:\/\/tdmed.es\/pt-pt\/geradores-a-gas\/","og_locale":"pt_PT","og_type":"article","og_title":"Geradores a Gas","og_description":"Geradores a g\u00e1s, desempenho superior e baixo ru\u00eddo + flexibilidade de fornecimento. Descubra mais sobre as nossas solu\u00e7\u00f5es na TDMED!","og_url":"https:\/\/tdmed.es\/pt-pt\/geradores-a-gas\/","og_site_name":"TDMED","article_modified_time":"2026-03-18T10:28:33+00:00","og_image":[{"url":"https:\/\/tdmed.es\/wp-content\/uploads\/2018\/12\/Nuevologokubota.jpg","type":"","width":"","height":""}],"twitter_card":"summary_large_image","schema":{"@context":"https:\/\/schema.org","@graph":[{"@type":"WebPage","@id":"https:\/\/tdmed.es\/pt-pt\/geradores-a-gas\/","url":"https:\/\/tdmed.es\/pt-pt\/geradores-a-gas\/","name":"Geradores a Gas - TDMED","isPartOf":{"@id":"https:\/\/tdmed.es\/pt-pt\/#website"},"primaryImageOfPage":{"@id":"https:\/\/tdmed.es\/pt-pt\/geradores-a-gas\/#primaryimage"},"image":{"@id":"https:\/\/tdmed.es\/pt-pt\/geradores-a-gas\/#primaryimage"},"thumbnailUrl":"https:\/\/tdmed.es\/wp-content\/uploads\/2018\/12\/Nuevologokubota.jpg","datePublished":"2025-07-14T19:29:05+00:00","dateModified":"2026-03-18T10:28:33+00:00","description":"Geradores a g\u00e1s, desempenho superior e baixo ru\u00eddo + flexibilidade de fornecimento. Descubra mais sobre as nossas solu\u00e7\u00f5es na TDMED!","breadcrumb":{"@id":"https:\/\/tdmed.es\/pt-pt\/geradores-a-gas\/#breadcrumb"},"inLanguage":"pt-PT","potentialAction":[{"@type":"ReadAction","target":["https:\/\/tdmed.es\/pt-pt\/geradores-a-gas\/"]}]},{"@type":"ImageObject","inLanguage":"pt-PT","@id":"https:\/\/tdmed.es\/pt-pt\/geradores-a-gas\/#primaryimage","url":"https:\/\/tdmed.es\/wp-content\/uploads\/2018\/12\/Nuevologokubota.jpg","contentUrl":"https:\/\/tdmed.es\/wp-content\/uploads\/2018\/12\/Nuevologokubota.jpg"},{"@type":"BreadcrumbList","@id":"https:\/\/tdmed.es\/pt-pt\/geradores-a-gas\/#breadcrumb","itemListElement":[{"@type":"ListItem","position":1,"name":"Portada","item":"https:\/\/tdmed.es\/pt-pt\/"},{"@type":"ListItem","position":2,"name":"Geradores a Gas"}]},{"@type":"WebSite","@id":"https:\/\/tdmed.es\/pt-pt\/#website","url":"https:\/\/tdmed.es\/pt-pt\/","name":"TDMED","description":"TDMED","publisher":{"@id":"https:\/\/tdmed.es\/pt-pt\/#organization"},"potentialAction":[{"@type":"SearchAction","target":{"@type":"EntryPoint","urlTemplate":"https:\/\/tdmed.es\/pt-pt\/?s={search_term_string}"},"query-input":{"@type":"PropertyValueSpecification","valueRequired":true,"valueName":"search_term_string"}}],"inLanguage":"pt-PT"},{"@type":"Organization","@id":"https:\/\/tdmed.es\/pt-pt\/#organization","name":"TransDiesel","url":"https:\/\/tdmed.es\/pt-pt\/","logo":{"@type":"ImageObject","inLanguage":"pt-PT","@id":"https:\/\/tdmed.es\/pt-pt\/#\/schema\/logo\/image\/","url":"https:\/\/tdmed.es\/wp-content\/uploads\/2018\/12\/NewLogo.png","contentUrl":"https:\/\/tdmed.es\/wp-content\/uploads\/2018\/12\/NewLogo.png","width":800,"height":140,"caption":"TransDiesel"},"image":{"@id":"https:\/\/tdmed.es\/pt-pt\/#\/schema\/logo\/image\/"}}]}},"_links":{"self":[{"href":"https:\/\/tdmed.es\/pt-pt\/wp-json\/wp\/v2\/pages\/109301","targetHints":{"allow":["GET"]}}],"collection":[{"href":"https:\/\/tdmed.es\/pt-pt\/wp-json\/wp\/v2\/pages"}],"about":[{"href":"https:\/\/tdmed.es\/pt-pt\/wp-json\/wp\/v2\/types\/page"}],"author":[{"embeddable":true,"href":"https:\/\/tdmed.es\/pt-pt\/wp-json\/wp\/v2\/users\/313"}],"replies":[{"embeddable":true,"href":"https:\/\/tdmed.es\/pt-pt\/wp-json\/wp\/v2\/comments?post=109301"}],"version-history":[{"count":0,"href":"https:\/\/tdmed.es\/pt-pt\/wp-json\/wp\/v2\/pages\/109301\/revisions"}],"wp:attachment":[{"href":"https:\/\/tdmed.es\/pt-pt\/wp-json\/wp\/v2\/media?parent=109301"}],"curies":[{"name":"wp","href":"https:\/\/api.w.org\/{rel}","templated":true}]}}