{"id":109299,"date":"2025-07-14T21:10:52","date_gmt":"2025-07-14T19:10:52","guid":{"rendered":"https:\/\/preprod.transdiesel.es\/geradores-diesel\/"},"modified":"2026-03-18T11:17:27","modified_gmt":"2026-03-18T10:17:27","slug":"geradores-diesel","status":"publish","type":"page","link":"https:\/\/tdmed.es\/pt-pt\/geradores-diesel\/","title":{"rendered":"Geradores Diesel"},"content":{"rendered":"\t\t<div data-elementor-type=\"wp-page\" data-elementor-id=\"109299\" class=\"elementor elementor-109299 elementor-107661\" data-elementor-post-type=\"page\">\n\t\t\t\t<div data-particle_enable=\"false\" data-particle-mobile-disabled=\"false\" class=\"elementor-element elementor-element-fc286fd e-flex e-con-boxed e-con e-parent\" data-id=\"fc286fd\" data-element_type=\"container\" data-e-type=\"container\" data-settings=\"{&quot;background_background&quot;:&quot;classic&quot;}\">\n\t\t\t\t\t<div class=\"e-con-inner\">\n\t\t\t\t\t<\/div>\n\t\t\t\t<\/div>\n\t\t<div data-particle_enable=\"false\" data-particle-mobile-disabled=\"false\" class=\"elementor-element elementor-element-49d425b3 e-flex e-con-boxed e-con e-parent\" data-id=\"49d425b3\" data-element_type=\"container\" data-e-type=\"container\">\n\t\t\t\t\t<div class=\"e-con-inner\">\n\t\t<div data-particle_enable=\"false\" data-particle-mobile-disabled=\"false\" class=\"elementor-element elementor-element-2d57d1a e-con-full e-flex e-con e-child\" data-id=\"2d57d1a\" data-element_type=\"container\" data-e-type=\"container\">\n\t\t\t\t<div class=\"elementor-element elementor-element-6ac230c1 elementor-widget__width-initial elementor-widget-tablet__width-inherit elementor-widget elementor-widget-heading\" data-id=\"6ac230c1\" data-element_type=\"widget\" data-e-type=\"widget\" data-widget_type=\"heading.default\">\n\t\t\t\t<div class=\"elementor-widget-container\">\n\t\t\t\t\t<h1 class=\"elementor-heading-title elementor-size-default\">Geradores Diesel<\/h1>\t\t\t\t<\/div>\n\t\t\t\t<\/div>\n\t\t\t\t<\/div>\n\t\t\t\t\t<\/div>\n\t\t\t\t<\/div>\n\t\t<div data-particle_enable=\"false\" data-particle-mobile-disabled=\"false\" class=\"elementor-element elementor-element-b8e613b e-flex e-con-boxed e-con e-parent\" data-id=\"b8e613b\" data-element_type=\"container\" data-e-type=\"container\">\n\t\t\t\t\t<div class=\"e-con-inner\">\n\t\t<div data-particle_enable=\"false\" data-particle-mobile-disabled=\"false\" class=\"elementor-element elementor-element-01e3d22 e-con-full e-flex e-con e-child\" data-id=\"01e3d22\" data-element_type=\"container\" data-e-type=\"container\" data-settings=\"{&quot;background_background&quot;:&quot;classic&quot;}\">\n\t\t\t\t<div class=\"elementor-element elementor-element-71003e7 elementor-widget elementor-widget-image\" data-id=\"71003e7\" data-element_type=\"widget\" data-e-type=\"widget\" data-widget_type=\"image.default\">\n\t\t\t\t<div class=\"elementor-widget-container\">\n\t\t\t\t\t\t\t\t\t\t\t\t\t\t\t<img decoding=\"async\" src=\"https:\/\/tdmed.es\/wp-content\/uploads\/2025\/05\/Generadores-Diesel-2.png\" title=\"Generadores-Diesel-2\" alt=\"Generadores-Diesel-2\" loading=\"lazy\" \/>\t\t\t\t\t\t\t\t\t\t\t\t\t\t\t<\/div>\n\t\t\t\t<\/div>\n\t\t\t\t<\/div>\n\t\t<div data-particle_enable=\"false\" data-particle-mobile-disabled=\"false\" class=\"elementor-element elementor-element-2afab92 e-con-full e-flex e-con e-child\" data-id=\"2afab92\" data-element_type=\"container\" data-e-type=\"container\">\n\t\t\t\t<div class=\"elementor-element elementor-element-db1042a elementor-widget elementor-widget-image\" data-id=\"db1042a\" data-element_type=\"widget\" data-e-type=\"widget\" data-widget_type=\"image.default\">\n\t\t\t\t<div class=\"elementor-widget-container\">\n\t\t\t\t\t\t\t\t\t\t\t\t\t\t\t<img fetchpriority=\"high\" decoding=\"async\" width=\"330\" height=\"168\" src=\"https:\/\/tdmed.es\/wp-content\/uploads\/2018\/12\/DeereCanvas.jpg\" class=\"attachment-large size-large wp-image-17127\" alt=\"John Deere Motores\" srcset=\"https:\/\/tdmed.es\/wp-content\/uploads\/2018\/12\/DeereCanvas.jpg 330w, https:\/\/tdmed.es\/wp-content\/uploads\/2018\/12\/DeereCanvas-300x153.jpg 300w\" sizes=\"(max-width: 330px) 100vw, 330px\" \/>\t\t\t\t\t\t\t\t\t\t\t\t\t\t\t<\/div>\n\t\t\t\t<\/div>\n\t\t\t\t<div class=\"elementor-element elementor-element-e0c4560 elementor-widget elementor-widget-text-editor\" data-id=\"e0c4560\" data-element_type=\"widget\" data-e-type=\"widget\" data-widget_type=\"text-editor.default\">\n\t\t\t\t<div class=\"elementor-widget-container\">\n\t\t\t\t\t\t\t\t\t<p>A<strong> TDMED<\/strong> possui uma vasta experi\u00eancia em geradores a diesel. Disponibilizamos duas linhas de produtos distintas: grupos geradores com motores n\u00e3o certificados e grupos geradores com motores em conformidade com a Certifica\u00e7\u00e3o Europeia Stage IIIA, que regula as emiss\u00f5es de CO2 para a atmosfera.<\/p><p><strong>Motores n\u00e3o certificados <\/strong>para aplica\u00e7\u00f5es estacion\u00e1rias, onde ainda n\u00e3o \u00e9 obrigat\u00f3ria as normas de emiss\u00f5es poluentes.<\/p><p>Grupos geradores abertos e insonorizados para uso de emerg\u00eancia, opera\u00e7\u00e3o cont\u00ednua, aut\u00f3nomos ou em paralelo com outros grupos geradores.<\/p><p><strong>Motores certificados <\/strong>para aplica\u00e7\u00f5es m\u00f3veis ou grupos de aluguer, os motores devem estar em conformidade com os regulamentos de emiss\u00f5es Stage IIIA, onde a JOHN DEERE oferece uma vasta gama de pot\u00eancias dispon\u00edveis.<\/p><p><strong>Adaptabilidade: <\/strong>Equipamentos de s\u00e9rie completos e uma ampla gama de equipamentos opcionais permitem-nos adaptar os nossos geradores \u00e0s condi\u00e7\u00f5es de trabalho mais inst\u00e1veis \u200b\u200b\u200b\u200be exigentes, tanto nos seus componentes principais (motor e alternador), como nos restantes (cabine, prote\u00e7\u00f5es, quadros de comando, dep\u00f3sitos de combust\u00edvel, etc.).<\/p><p>Sistemas PMG (Permanent Magnet Generator).<\/p><p>Equipamento para sincronizar os grupos com a rede ou com outros grupos.<\/p><p>Sistemas de monitoriza\u00e7\u00e3o remota.<\/p><p>Materiais ou pinturas especiais para ambientes altamente corrosivos ou insonoriza\u00e7\u00f5es especiais com maior redu\u00e7\u00e3o do ru\u00eddo.<\/p><p class=\"my-0\"><a href=\"https:\/\/caslienergy.es\/grupos-diesel\/\" target=\"_blank\" rel=\"noopener\">Consulte AQUI<\/a> as especifica\u00e7\u00f5es el\u00e9tricas espec\u00edficas de outros pa\u00edses, sistemas bifrequ\u00eancia, e muito mais&#8230;<\/p>\t\t\t\t\t\t\t\t<\/div>\n\t\t\t\t<\/div>\n\t\t\t\t<\/div>\n\t\t\t\t\t<\/div>\n\t\t\t\t<\/div>\n\t\t<div data-particle_enable=\"false\" data-particle-mobile-disabled=\"false\" class=\"elementor-element elementor-element-0911f6b e-flex e-con-boxed e-con e-parent\" data-id=\"0911f6b\" data-element_type=\"container\" data-e-type=\"container\">\n\t\t\t\t\t<div class=\"e-con-inner\">\n\t\t<div data-particle_enable=\"false\" data-particle-mobile-disabled=\"false\" class=\"elementor-element elementor-element-9d02d8e e-con-full e-flex e-con e-child\" data-id=\"9d02d8e\" data-element_type=\"container\" data-e-type=\"container\">\n\t\t\t\t<div class=\"elementor-element elementor-element-0e9f4c4 elementor-widget elementor-widget-heading\" data-id=\"0e9f4c4\" data-element_type=\"widget\" data-e-type=\"widget\" data-widget_type=\"heading.default\">\n\t\t\t\t<div class=\"elementor-widget-container\">\n\t\t\t\t\t<h2 class=\"elementor-heading-title elementor-size-default\">Componentes de M\u00e1xima Qualidade<\/h2>\t\t\t\t<\/div>\n\t\t\t\t<\/div>\n\t\t\t\t<div class=\"elementor-element elementor-element-eb9a68b elementor-widget elementor-widget-text-editor\" data-id=\"eb9a68b\" data-element_type=\"widget\" data-e-type=\"widget\" data-widget_type=\"text-editor.default\">\n\t\t\t\t<div class=\"elementor-widget-container\">\n\t\t\t\t\t\t\t\t\t<p><strong>Alternador<\/strong>: Respons\u00e1veis \u200b\u200bpela transforma\u00e7\u00e3o da energia mec\u00e2nica do motor em corrente el\u00e9trica de elevada qualidade, os nossos grupos eletrog\u00e9neos utilizam apenas marcas Premium, como a STAMFORD e a MECCALTE, ambas reconhecidas internacionalmente pela sua qualidade, inova\u00e7\u00e3o e fiabilidade.<\/p>\n<p><strong>Controladores Deep Sea<\/strong>: V\u00e1rias configura\u00e7\u00f5es: manual, autom\u00e1tico em caso de falha de energia ou para sincroniza\u00e7\u00e3o em paralelo com outros geradores. Em caso de emerg\u00eancia, o painel monitoriza a rede el\u00e9trica principal e arranca automaticamente ao detetar uma falha de energia. Inclui tamb\u00e9m terminais para controlo de comuta\u00e7\u00e3o externa.<\/p>\n<p>&nbsp;<\/p>\n<p>A TDMED oferece ainda estudos t\u00e9cnicos preliminares, propostas t\u00e9cnicas e econ\u00f3micas, assist\u00eancia na procura de financiamento, seguros e consultoria na contrata\u00e7\u00e3o de fornecimento de combust\u00edvel, transporte, instala\u00e7\u00e3o e manuten\u00e7\u00e3o.<\/p>\n<p>&nbsp;<\/p>\n<p>Consulta a nossa gama completa de motores diesel para gerador, 3029 (2.9L), 4045 (4.5L), 6068 (6.8L), 6090 (9L), 6136 (13.6L) y\u00a0 6180 (18L) na\u00a0<a href=\"https:\/\/www.deere.es\/es\/motores-y-transmisiones\/\"><em><strong>paxina oficial da John Deere<\/strong><\/em><\/a><\/p>\n\t\t\t\t\t\t\t\t<\/div>\n\t\t\t\t<\/div>\n\t\t\t\t<\/div>\n\t\t<div data-particle_enable=\"false\" data-particle-mobile-disabled=\"false\" class=\"elementor-element elementor-element-72f1ddc e-con-full e-flex e-con e-child\" data-id=\"72f1ddc\" data-element_type=\"container\" data-e-type=\"container\" data-settings=\"{&quot;background_background&quot;:&quot;classic&quot;}\">\n\t\t\t\t<div class=\"elementor-element elementor-element-8e4c902 elementor-widget elementor-widget-image\" data-id=\"8e4c902\" data-element_type=\"widget\" data-e-type=\"widget\" data-widget_type=\"image.default\">\n\t\t\t\t<div class=\"elementor-widget-container\">\n\t\t\t\t\t\t\t\t\t\t\t\t\t\t\t<img decoding=\"async\" src=\"https:\/\/tdmed.es\/wp-content\/uploads\/2025\/06\/generadores-diesel.png\" title=\"generadores diesel\" alt=\"Generadores Diesel - Componentes de M\u00e1xima Calidad\" loading=\"lazy\" \/>\t\t\t\t\t\t\t\t\t\t\t\t\t\t\t<\/div>\n\t\t\t\t<\/div>\n\t\t\t\t<\/div>\n\t\t\t\t\t<\/div>\n\t\t\t\t<\/div>\n\t\t\t\t<\/div>\n\t\t","protected":false},"excerpt":{"rendered":"<p>Geradores Diesel A TDMED possui uma vasta experi\u00eancia em geradores a diesel. Disponibilizamos duas linhas de produtos distintas: grupos geradores com motores n\u00e3o certificados e &#8230; <\/p>\n<p class=\"read-more-container\"><a title=\"Geradores Diesel\" class=\"read-more button\" href=\"https:\/\/tdmed.es\/pt-pt\/geradores-diesel\/#more-109299\" aria-label=\"Leia mais sobre Geradores Diesel\">Ler mais<\/a><\/p>\n","protected":false},"author":313,"featured_media":0,"parent":0,"menu_order":0,"comment_status":"closed","ping_status":"closed","template":"","meta":{"_joinchat":[],"footnotes":""},"class_list":["post-109299","page","type-page","status-publish"],"yoast_head":"<!-- This site is optimized with the Yoast SEO Premium plugin v27.3 (Yoast SEO v27.3) - https:\/\/yoast.com\/product\/yoast-seo-premium-wordpress\/ -->\n<title>Geradores Diesel - TDMED<\/title>\n<meta name=\"description\" content=\"Geradores a diesel com ampla experi\u00eancia. Motores n\u00e3o certificados e FASE IIIA. Grupos confi\u00e1veis para emerg\u00eancias e funcionamento cont\u00ednuo.\" \/>\n<meta name=\"robots\" content=\"index, follow, max-snippet:-1, max-image-preview:large, max-video-preview:-1\" \/>\n<link rel=\"canonical\" href=\"https:\/\/tdmed.es\/pt-pt\/geradores-diesel\/\" \/>\n<meta property=\"og:locale\" content=\"pt_PT\" \/>\n<meta property=\"og:type\" content=\"article\" \/>\n<meta property=\"og:title\" content=\"Geradores Diesel\" \/>\n<meta property=\"og:description\" content=\"Geradores a diesel com ampla experi\u00eancia. Motores n\u00e3o certificados e FASE IIIA. Grupos confi\u00e1veis para emerg\u00eancias e funcionamento cont\u00ednuo.\" \/>\n<meta property=\"og:url\" content=\"https:\/\/tdmed.es\/pt-pt\/geradores-diesel\/\" \/>\n<meta property=\"og:site_name\" content=\"TDMED\" \/>\n<meta property=\"article:modified_time\" content=\"2026-03-18T10:17:27+00:00\" \/>\n<meta property=\"og:image\" content=\"https:\/\/tdmed.es\/wp-content\/uploads\/2025\/05\/Generadores-Diesel-2.png\" \/>\n<meta name=\"twitter:card\" content=\"summary_large_image\" \/>\n<script type=\"application\/ld+json\" class=\"yoast-schema-graph\">{\"@context\":\"https:\\\/\\\/schema.org\",\"@graph\":[{\"@type\":\"WebPage\",\"@id\":\"https:\\\/\\\/tdmed.es\\\/pt-pt\\\/geradores-diesel\\\/\",\"url\":\"https:\\\/\\\/tdmed.es\\\/pt-pt\\\/geradores-diesel\\\/\",\"name\":\"Geradores Diesel - TDMED\",\"isPartOf\":{\"@id\":\"https:\\\/\\\/tdmed.es\\\/pt-pt\\\/#website\"},\"primaryImageOfPage\":{\"@id\":\"https:\\\/\\\/tdmed.es\\\/pt-pt\\\/geradores-diesel\\\/#primaryimage\"},\"image\":{\"@id\":\"https:\\\/\\\/tdmed.es\\\/pt-pt\\\/geradores-diesel\\\/#primaryimage\"},\"thumbnailUrl\":\"https:\\\/\\\/tdmed.es\\\/wp-content\\\/uploads\\\/2025\\\/05\\\/Generadores-Diesel-2.png\",\"datePublished\":\"2025-07-14T19:10:52+00:00\",\"dateModified\":\"2026-03-18T10:17:27+00:00\",\"description\":\"Geradores a diesel com ampla experi\u00eancia. Motores n\u00e3o certificados e FASE IIIA. Grupos confi\u00e1veis para emerg\u00eancias e funcionamento cont\u00ednuo.\",\"breadcrumb\":{\"@id\":\"https:\\\/\\\/tdmed.es\\\/pt-pt\\\/geradores-diesel\\\/#breadcrumb\"},\"inLanguage\":\"pt-PT\",\"potentialAction\":[{\"@type\":\"ReadAction\",\"target\":[\"https:\\\/\\\/tdmed.es\\\/pt-pt\\\/geradores-diesel\\\/\"]}]},{\"@type\":\"ImageObject\",\"inLanguage\":\"pt-PT\",\"@id\":\"https:\\\/\\\/tdmed.es\\\/pt-pt\\\/geradores-diesel\\\/#primaryimage\",\"url\":\"https:\\\/\\\/tdmed.es\\\/wp-content\\\/uploads\\\/2025\\\/05\\\/Generadores-Diesel-2.png\",\"contentUrl\":\"https:\\\/\\\/tdmed.es\\\/wp-content\\\/uploads\\\/2025\\\/05\\\/Generadores-Diesel-2.png\"},{\"@type\":\"BreadcrumbList\",\"@id\":\"https:\\\/\\\/tdmed.es\\\/pt-pt\\\/geradores-diesel\\\/#breadcrumb\",\"itemListElement\":[{\"@type\":\"ListItem\",\"position\":1,\"name\":\"Portada\",\"item\":\"https:\\\/\\\/tdmed.es\\\/pt-pt\\\/\"},{\"@type\":\"ListItem\",\"position\":2,\"name\":\"Geradores Diesel\"}]},{\"@type\":\"WebSite\",\"@id\":\"https:\\\/\\\/tdmed.es\\\/pt-pt\\\/#website\",\"url\":\"https:\\\/\\\/tdmed.es\\\/pt-pt\\\/\",\"name\":\"TDMED\",\"description\":\"TDMED\",\"publisher\":{\"@id\":\"https:\\\/\\\/tdmed.es\\\/pt-pt\\\/#organization\"},\"potentialAction\":[{\"@type\":\"SearchAction\",\"target\":{\"@type\":\"EntryPoint\",\"urlTemplate\":\"https:\\\/\\\/tdmed.es\\\/pt-pt\\\/?s={search_term_string}\"},\"query-input\":{\"@type\":\"PropertyValueSpecification\",\"valueRequired\":true,\"valueName\":\"search_term_string\"}}],\"inLanguage\":\"pt-PT\"},{\"@type\":\"Organization\",\"@id\":\"https:\\\/\\\/tdmed.es\\\/pt-pt\\\/#organization\",\"name\":\"TransDiesel\",\"url\":\"https:\\\/\\\/tdmed.es\\\/pt-pt\\\/\",\"logo\":{\"@type\":\"ImageObject\",\"inLanguage\":\"pt-PT\",\"@id\":\"https:\\\/\\\/tdmed.es\\\/pt-pt\\\/#\\\/schema\\\/logo\\\/image\\\/\",\"url\":\"https:\\\/\\\/tdmed.es\\\/wp-content\\\/uploads\\\/2018\\\/12\\\/NewLogo.png\",\"contentUrl\":\"https:\\\/\\\/tdmed.es\\\/wp-content\\\/uploads\\\/2018\\\/12\\\/NewLogo.png\",\"width\":800,\"height\":140,\"caption\":\"TransDiesel\"},\"image\":{\"@id\":\"https:\\\/\\\/tdmed.es\\\/pt-pt\\\/#\\\/schema\\\/logo\\\/image\\\/\"}}]}<\/script>\n<!-- \/ Yoast SEO Premium plugin. -->","yoast_head_json":{"title":"Geradores Diesel - TDMED","description":"Geradores a diesel com ampla experi\u00eancia. Motores n\u00e3o certificados e FASE IIIA. Grupos confi\u00e1veis para emerg\u00eancias e funcionamento cont\u00ednuo.","robots":{"index":"index","follow":"follow","max-snippet":"max-snippet:-1","max-image-preview":"max-image-preview:large","max-video-preview":"max-video-preview:-1"},"canonical":"https:\/\/tdmed.es\/pt-pt\/geradores-diesel\/","og_locale":"pt_PT","og_type":"article","og_title":"Geradores Diesel","og_description":"Geradores a diesel com ampla experi\u00eancia. Motores n\u00e3o certificados e FASE IIIA. Grupos confi\u00e1veis para emerg\u00eancias e funcionamento cont\u00ednuo.","og_url":"https:\/\/tdmed.es\/pt-pt\/geradores-diesel\/","og_site_name":"TDMED","article_modified_time":"2026-03-18T10:17:27+00:00","og_image":[{"url":"https:\/\/tdmed.es\/wp-content\/uploads\/2025\/05\/Generadores-Diesel-2.png","type":"","width":"","height":""}],"twitter_card":"summary_large_image","schema":{"@context":"https:\/\/schema.org","@graph":[{"@type":"WebPage","@id":"https:\/\/tdmed.es\/pt-pt\/geradores-diesel\/","url":"https:\/\/tdmed.es\/pt-pt\/geradores-diesel\/","name":"Geradores Diesel - TDMED","isPartOf":{"@id":"https:\/\/tdmed.es\/pt-pt\/#website"},"primaryImageOfPage":{"@id":"https:\/\/tdmed.es\/pt-pt\/geradores-diesel\/#primaryimage"},"image":{"@id":"https:\/\/tdmed.es\/pt-pt\/geradores-diesel\/#primaryimage"},"thumbnailUrl":"https:\/\/tdmed.es\/wp-content\/uploads\/2025\/05\/Generadores-Diesel-2.png","datePublished":"2025-07-14T19:10:52+00:00","dateModified":"2026-03-18T10:17:27+00:00","description":"Geradores a diesel com ampla experi\u00eancia. Motores n\u00e3o certificados e FASE IIIA. Grupos confi\u00e1veis para emerg\u00eancias e funcionamento cont\u00ednuo.","breadcrumb":{"@id":"https:\/\/tdmed.es\/pt-pt\/geradores-diesel\/#breadcrumb"},"inLanguage":"pt-PT","potentialAction":[{"@type":"ReadAction","target":["https:\/\/tdmed.es\/pt-pt\/geradores-diesel\/"]}]},{"@type":"ImageObject","inLanguage":"pt-PT","@id":"https:\/\/tdmed.es\/pt-pt\/geradores-diesel\/#primaryimage","url":"https:\/\/tdmed.es\/wp-content\/uploads\/2025\/05\/Generadores-Diesel-2.png","contentUrl":"https:\/\/tdmed.es\/wp-content\/uploads\/2025\/05\/Generadores-Diesel-2.png"},{"@type":"BreadcrumbList","@id":"https:\/\/tdmed.es\/pt-pt\/geradores-diesel\/#breadcrumb","itemListElement":[{"@type":"ListItem","position":1,"name":"Portada","item":"https:\/\/tdmed.es\/pt-pt\/"},{"@type":"ListItem","position":2,"name":"Geradores Diesel"}]},{"@type":"WebSite","@id":"https:\/\/tdmed.es\/pt-pt\/#website","url":"https:\/\/tdmed.es\/pt-pt\/","name":"TDMED","description":"TDMED","publisher":{"@id":"https:\/\/tdmed.es\/pt-pt\/#organization"},"potentialAction":[{"@type":"SearchAction","target":{"@type":"EntryPoint","urlTemplate":"https:\/\/tdmed.es\/pt-pt\/?s={search_term_string}"},"query-input":{"@type":"PropertyValueSpecification","valueRequired":true,"valueName":"search_term_string"}}],"inLanguage":"pt-PT"},{"@type":"Organization","@id":"https:\/\/tdmed.es\/pt-pt\/#organization","name":"TransDiesel","url":"https:\/\/tdmed.es\/pt-pt\/","logo":{"@type":"ImageObject","inLanguage":"pt-PT","@id":"https:\/\/tdmed.es\/pt-pt\/#\/schema\/logo\/image\/","url":"https:\/\/tdmed.es\/wp-content\/uploads\/2018\/12\/NewLogo.png","contentUrl":"https:\/\/tdmed.es\/wp-content\/uploads\/2018\/12\/NewLogo.png","width":800,"height":140,"caption":"TransDiesel"},"image":{"@id":"https:\/\/tdmed.es\/pt-pt\/#\/schema\/logo\/image\/"}}]}},"_links":{"self":[{"href":"https:\/\/tdmed.es\/pt-pt\/wp-json\/wp\/v2\/pages\/109299","targetHints":{"allow":["GET"]}}],"collection":[{"href":"https:\/\/tdmed.es\/pt-pt\/wp-json\/wp\/v2\/pages"}],"about":[{"href":"https:\/\/tdmed.es\/pt-pt\/wp-json\/wp\/v2\/types\/page"}],"author":[{"embeddable":true,"href":"https:\/\/tdmed.es\/pt-pt\/wp-json\/wp\/v2\/users\/313"}],"replies":[{"embeddable":true,"href":"https:\/\/tdmed.es\/pt-pt\/wp-json\/wp\/v2\/comments?post=109299"}],"version-history":[{"count":0,"href":"https:\/\/tdmed.es\/pt-pt\/wp-json\/wp\/v2\/pages\/109299\/revisions"}],"wp:attachment":[{"href":"https:\/\/tdmed.es\/pt-pt\/wp-json\/wp\/v2\/media?parent=109299"}],"curies":[{"name":"wp","href":"https:\/\/api.w.org\/{rel}","templated":true}]}}