{"id":109293,"date":"2025-07-14T21:03:29","date_gmt":"2025-07-14T19:03:29","guid":{"rendered":"https:\/\/preprod.transdiesel.es\/sistemas-de-cogeracao-co-energy\/"},"modified":"2026-03-18T11:08:44","modified_gmt":"2026-03-18T10:08:44","slug":"sistemas-de-cogeracao-co-energy","status":"publish","type":"page","link":"https:\/\/tdmed.es\/pt-pt\/sistemas-de-cogeracao-co-energy\/","title":{"rendered":"Sistemas de Cogera\u00e7\u00e3o Co-Energy"},"content":{"rendered":"\t\t<div data-elementor-type=\"wp-page\" data-elementor-id=\"109293\" class=\"elementor elementor-109293 elementor-106793\" data-elementor-post-type=\"page\">\n\t\t\t\t<div data-particle_enable=\"false\" data-particle-mobile-disabled=\"false\" class=\"elementor-element elementor-element-1740918 e-flex e-con-boxed e-con e-parent\" data-id=\"1740918\" data-element_type=\"container\" data-e-type=\"container\" data-settings=\"{&quot;background_background&quot;:&quot;classic&quot;}\">\n\t\t\t\t\t<div class=\"e-con-inner\">\n\t\t\t\t\t<\/div>\n\t\t\t\t<\/div>\n\t\t<div data-particle_enable=\"false\" data-particle-mobile-disabled=\"false\" class=\"elementor-element elementor-element-8a5128d e-flex e-con-boxed e-con e-parent\" data-id=\"8a5128d\" data-element_type=\"container\" data-e-type=\"container\">\n\t\t\t\t\t<div class=\"e-con-inner\">\n\t\t<div data-particle_enable=\"false\" data-particle-mobile-disabled=\"false\" class=\"elementor-element elementor-element-611ca911 e-con-full e-flex e-con e-child\" data-id=\"611ca911\" data-element_type=\"container\" data-e-type=\"container\">\n\t\t\t\t<div class=\"elementor-element elementor-element-2c770b5 elementor-widget__width-initial elementor-widget-tablet__width-inherit elementor-widget elementor-widget-heading\" data-id=\"2c770b5\" data-element_type=\"widget\" data-e-type=\"widget\" data-widget_type=\"heading.default\">\n\t\t\t\t<div class=\"elementor-widget-container\">\n\t\t\t\t\t<h1 class=\"elementor-heading-title elementor-size-default\">Sistemas de Cogera\u00e7\u00e3o Co-Energy<\/h1>\t\t\t\t<\/div>\n\t\t\t\t<\/div>\n\t\t\t\t<\/div>\n\t\t\t\t\t<\/div>\n\t\t\t\t<\/div>\n\t\t<div data-particle_enable=\"false\" data-particle-mobile-disabled=\"false\" class=\"elementor-element elementor-element-1798a93 e-flex e-con-boxed e-con e-parent\" data-id=\"1798a93\" data-element_type=\"container\" data-e-type=\"container\">\n\t\t\t\t\t<div class=\"e-con-inner\">\n\t\t<div data-particle_enable=\"false\" data-particle-mobile-disabled=\"false\" class=\"elementor-element elementor-element-17278db e-con-full e-flex e-con e-child\" data-id=\"17278db\" data-element_type=\"container\" data-e-type=\"container\" data-settings=\"{&quot;background_background&quot;:&quot;classic&quot;}\">\n\t\t\t\t<div class=\"elementor-element elementor-element-d9f7f49 elementor-widget elementor-widget-image\" data-id=\"d9f7f49\" data-element_type=\"widget\" data-e-type=\"widget\" data-widget_type=\"image.default\">\n\t\t\t\t<div class=\"elementor-widget-container\">\n\t\t\t\t\t\t\t\t\t\t\t\t\t\t\t<img decoding=\"async\" src=\"https:\/\/tdmed.es\/wp-content\/uploads\/2025\/05\/piscina.png\" title=\"piscina\" alt=\"Sistemas de Cogeneraci\u00f3n Co-Energy\" loading=\"lazy\" \/>\t\t\t\t\t\t\t\t\t\t\t\t\t\t\t<\/div>\n\t\t\t\t<\/div>\n\t\t\t\t<\/div>\n\t\t<div data-particle_enable=\"false\" data-particle-mobile-disabled=\"false\" class=\"elementor-element elementor-element-b01a6b6 e-con-full e-flex e-con e-child\" data-id=\"b01a6b6\" data-element_type=\"container\" data-e-type=\"container\">\n\t\t\t\t<div class=\"elementor-element elementor-element-b8aa534 elementor-widget elementor-widget-text-editor\" data-id=\"b8aa534\" data-element_type=\"widget\" data-e-type=\"widget\" data-widget_type=\"text-editor.default\">\n\t\t\t\t<div class=\"elementor-widget-container\">\n\t\t\t\t\t\t\t\t\t<p>Fabricados integralmente pela <strong>TDMED Power Systems<\/strong> nas nossas instala\u00e7\u00f5es em Coslada, Madrid.<\/p>\n<p>Produzem energia el\u00e9trica atrav\u00e9s de um gerador e, ao mesmo tempo, produzem energia t\u00e9rmica aproveitando o calor libertado pelo gerador, geralmente nas camisas dos cilindros e nos gases de escape.<\/p>\n<p>O <strong>Co-ENERGY<\/strong> atinge uma efici\u00eancia m\u00ednima de 85%, poupa combust\u00edvel e reduz significativamente a emiss\u00e3o de gases t\u00f3xicos e com efeito de estufa (NOX, CO, CO2).<\/p>\n<p>Este equipamento \u00e9 especialmente adequado para instala\u00e7\u00f5es novas ou j\u00e1 existentes onde a procura de eletricidade, \u00e1gua quente e aquecimento \u00e9 constante, tais como hospitais, hot\u00e9is, edif\u00edcios residenciais, centros desportivos e at\u00e9 mesmo no sector industrial, onde o calor \u00e9 necess\u00e1rio para os seus processos.<\/p>\n\t\t\t\t\t\t\t\t<\/div>\n\t\t\t\t<\/div>\n\t\t\t\t<\/div>\n\t\t\t\t\t<\/div>\n\t\t\t\t<\/div>\n\t\t<div data-particle_enable=\"false\" data-particle-mobile-disabled=\"false\" class=\"elementor-element elementor-element-696f3b1 e-flex e-con-boxed e-con e-parent\" data-id=\"696f3b1\" data-element_type=\"container\" data-e-type=\"container\">\n\t\t\t\t\t<div class=\"e-con-inner\">\n\t\t<div data-particle_enable=\"false\" data-particle-mobile-disabled=\"false\" class=\"elementor-element elementor-element-d877060 e-con-full e-flex e-con e-child\" data-id=\"d877060\" data-element_type=\"container\" data-e-type=\"container\">\n\t\t\t\t<div class=\"elementor-element elementor-element-d559499 elementor-widget elementor-widget-heading\" data-id=\"d559499\" data-element_type=\"widget\" data-e-type=\"widget\" data-widget_type=\"heading.default\">\n\t\t\t\t<div class=\"elementor-widget-container\">\n\t\t\t\t\t<h2 class=\"elementor-heading-title elementor-size-default\">Principais Caracter\u00edsticas<\/h2>\t\t\t\t<\/div>\n\t\t\t\t<\/div>\n\t\t<div data-particle_enable=\"false\" data-particle-mobile-disabled=\"false\" class=\"elementor-element elementor-element-2a792b4 e-con-full e-flex e-con e-child\" data-id=\"2a792b4\" data-element_type=\"container\" data-e-type=\"container\">\n\t\t<div data-particle_enable=\"false\" data-particle-mobile-disabled=\"false\" class=\"elementor-element elementor-element-f784e80 e-con-full e-flex e-con e-child\" data-id=\"f784e80\" data-element_type=\"container\" data-e-type=\"container\">\n\t\t\t\t<div class=\"elementor-element elementor-element-63676c2 elementor-position-top elementor-widget elementor-widget-image-box\" data-id=\"63676c2\" data-element_type=\"widget\" data-e-type=\"widget\" data-widget_type=\"image-box.default\">\n\t\t\t\t<div class=\"elementor-widget-container\">\n\t\t\t\t\t<div class=\"elementor-image-box-wrapper\"><figure class=\"elementor-image-box-img\"><img decoding=\"async\" width=\"128\" height=\"128\" src=\"https:\/\/tdmed.es\/wp-content\/uploads\/2025\/02\/Picture-1.png\" class=\"attachment-full size-full wp-image-107592\" alt=\"icono instalaci\u00f3n\" srcset=\"https:\/\/tdmed.es\/wp-content\/uploads\/2025\/02\/Picture-1.png 128w, https:\/\/tdmed.es\/wp-content\/uploads\/2025\/02\/Picture-1-100x100.png 100w, https:\/\/tdmed.es\/wp-content\/uploads\/2025\/02\/Picture-1-64x64.png 64w\" sizes=\"(max-width: 128px) 100vw, 128px\" \/><\/figure><div class=\"elementor-image-box-content\"><h3 class=\"elementor-image-box-title\">Compacto<\/h3><p class=\"elementor-image-box-description\">F\u00e1cil instala\u00e7\u00e3o que integra todos os componentes necess\u00e1rios para o fornecimento de energia el\u00e9trica e t\u00e9rmica num espa\u00e7o pequeno, \u00e0 prova de som e isolado para evitar ru\u00eddos.<\/p><\/div><\/div>\t\t\t\t<\/div>\n\t\t\t\t<\/div>\n\t\t\t\t<\/div>\n\t\t<div data-particle_enable=\"false\" data-particle-mobile-disabled=\"false\" class=\"elementor-element elementor-element-db6fdcb e-con-full e-flex e-con e-child\" data-id=\"db6fdcb\" data-element_type=\"container\" data-e-type=\"container\">\n\t\t\t\t<div class=\"elementor-element elementor-element-5e998a5 elementor-position-top elementor-widget elementor-widget-image-box\" data-id=\"5e998a5\" data-element_type=\"widget\" data-e-type=\"widget\" data-widget_type=\"image-box.default\">\n\t\t\t\t<div class=\"elementor-widget-container\">\n\t\t\t\t\t<div class=\"elementor-image-box-wrapper\"><figure class=\"elementor-image-box-img\"><img decoding=\"async\" width=\"120\" height=\"120\" src=\"https:\/\/tdmed.es\/wp-content\/uploads\/2025\/02\/Picture-3.png\" class=\"attachment-full size-full wp-image-107594\" alt=\"icono equipo autom\u00e1tico\" srcset=\"https:\/\/tdmed.es\/wp-content\/uploads\/2025\/02\/Picture-3.png 120w, https:\/\/tdmed.es\/wp-content\/uploads\/2025\/02\/Picture-3-100x100.png 100w, https:\/\/tdmed.es\/wp-content\/uploads\/2025\/02\/Picture-3-64x64.png 64w\" sizes=\"(max-width: 120px) 100vw, 120px\" \/><\/figure><div class=\"elementor-image-box-content\"><h3 class=\"elementor-image-box-title\">Autom\u00e1tico<\/h3><p class=\"elementor-image-box-description\">\u00c9 um dispositivo autom\u00e1tico que impede a manipula\u00e7\u00e3o e facilita a sua utiliza\u00e7\u00e3o. Est\u00e1 equipado com um sistema eletr\u00f3nico que gere a produ\u00e7\u00e3o de energia el\u00e9trica e a produ\u00e7\u00e3o de energia t\u00e9rmica.<\/p><\/div><\/div>\t\t\t\t<\/div>\n\t\t\t\t<\/div>\n\t\t\t\t<\/div>\n\t\t\t\t<\/div>\n\t\t<div data-particle_enable=\"false\" data-particle-mobile-disabled=\"false\" class=\"elementor-element elementor-element-1fed827 e-con-full e-flex e-con e-child\" data-id=\"1fed827\" data-element_type=\"container\" data-e-type=\"container\">\n\t\t<div data-particle_enable=\"false\" data-particle-mobile-disabled=\"false\" class=\"elementor-element elementor-element-319d6d6 e-con-full e-flex e-con e-child\" data-id=\"319d6d6\" data-element_type=\"container\" data-e-type=\"container\">\n\t\t\t\t<div class=\"elementor-element elementor-element-b812b45 elementor-position-top elementor-widget elementor-widget-image-box\" data-id=\"b812b45\" data-element_type=\"widget\" data-e-type=\"widget\" data-widget_type=\"image-box.default\">\n\t\t\t\t<div class=\"elementor-widget-container\">\n\t\t\t\t\t<div class=\"elementor-image-box-wrapper\"><figure class=\"elementor-image-box-img\"><img decoding=\"async\" width=\"128\" height=\"128\" src=\"https:\/\/tdmed.es\/wp-content\/uploads\/2025\/02\/Picture-2.png\" class=\"attachment-full size-full wp-image-107593\" alt=\"icono configuraciones\" srcset=\"https:\/\/tdmed.es\/wp-content\/uploads\/2025\/02\/Picture-2.png 128w, https:\/\/tdmed.es\/wp-content\/uploads\/2025\/02\/Picture-2-100x100.png 100w, https:\/\/tdmed.es\/wp-content\/uploads\/2025\/02\/Picture-2-64x64.png 64w\" sizes=\"(max-width: 128px) 100vw, 128px\" \/><\/figure><div class=\"elementor-image-box-content\"><h3 class=\"elementor-image-box-title\">Adapt\u00e1vel<\/h3><p class=\"elementor-image-box-description\">No Grupo Casli, oferecemos uma variedade de tipologias e configura\u00e7\u00f5es de carro\u00e7aria, dependendo das suas necessidades energ\u00e9ticas, bem como distintos tipos de combust\u00edvel, dispon\u00edveis em g\u00e1s natural e propano.<\/p><\/div><\/div>\t\t\t\t<\/div>\n\t\t\t\t<\/div>\n\t\t\t\t<\/div>\n\t\t<div data-particle_enable=\"false\" data-particle-mobile-disabled=\"false\" class=\"elementor-element elementor-element-366de82 e-con-full e-flex e-con e-child\" data-id=\"366de82\" data-element_type=\"container\" data-e-type=\"container\">\n\t\t\t\t<div class=\"elementor-element elementor-element-55b39f0 elementor-position-top elementor-widget elementor-widget-image-box\" data-id=\"55b39f0\" data-element_type=\"widget\" data-e-type=\"widget\" data-widget_type=\"image-box.default\">\n\t\t\t\t<div class=\"elementor-widget-container\">\n\t\t\t\t\t<div class=\"elementor-image-box-wrapper\"><figure class=\"elementor-image-box-img\"><img loading=\"lazy\" decoding=\"async\" width=\"128\" height=\"128\" src=\"https:\/\/tdmed.es\/wp-content\/uploads\/2025\/02\/Picture-4.png\" class=\"attachment-full size-full wp-image-107595\" alt=\"icono medio ambiente\" srcset=\"https:\/\/tdmed.es\/wp-content\/uploads\/2025\/02\/Picture-4.png 128w, https:\/\/tdmed.es\/wp-content\/uploads\/2025\/02\/Picture-4-100x100.png 100w, https:\/\/tdmed.es\/wp-content\/uploads\/2025\/02\/Picture-4-64x64.png 64w\" sizes=\"(max-width: 128px) 100vw, 128px\" \/><\/figure><div class=\"elementor-image-box-content\"><h3 class=\"elementor-image-box-title\">Respeitoso com o meio ambiente<\/h3><p class=\"elementor-image-box-description\">Gera energia t\u00e9rmica utilizando permutadores de calor para aproveitar a energia residual do gerador el\u00e9trico, poupando energia prim\u00e1ria.<\/p><\/div><\/div>\t\t\t\t<\/div>\n\t\t\t\t<\/div>\n\t\t\t\t<\/div>\n\t\t\t\t<\/div>\n\t\t\t\t<\/div>\n\t\t<div data-particle_enable=\"false\" data-particle-mobile-disabled=\"false\" class=\"elementor-element elementor-element-98b4da5 e-con-full e-flex e-con e-child\" data-id=\"98b4da5\" data-element_type=\"container\" data-e-type=\"container\" data-settings=\"{&quot;background_background&quot;:&quot;classic&quot;}\">\n\t\t\t\t<div class=\"elementor-element elementor-element-5a14ce1 elementor-widget elementor-widget-image\" data-id=\"5a14ce1\" data-element_type=\"widget\" data-e-type=\"widget\" data-widget_type=\"image.default\">\n\t\t\t\t<div class=\"elementor-widget-container\">\n\t\t\t\t\t\t\t\t\t\t\t\t\t\t\t<img decoding=\"async\" src=\"https:\/\/tdmed.es\/wp-content\/uploads\/2025\/05\/instalacion.png\" title=\"instalacion\" alt=\"Sistemas de Cogeneraci\u00f3n Co-Energy\" loading=\"lazy\" \/>\t\t\t\t\t\t\t\t\t\t\t\t\t\t\t<\/div>\n\t\t\t\t<\/div>\n\t\t\t\t<\/div>\n\t\t\t\t\t<\/div>\n\t\t\t\t<\/div>\n\t\t<div data-particle_enable=\"false\" data-particle-mobile-disabled=\"false\" class=\"elementor-element elementor-element-cb0117d e-flex e-con-boxed e-con e-parent\" data-id=\"cb0117d\" data-element_type=\"container\" data-e-type=\"container\">\n\t\t\t\t\t<div class=\"e-con-inner\">\n\t\t<div data-particle_enable=\"false\" data-particle-mobile-disabled=\"false\" class=\"elementor-element elementor-element-0eaff4a e-con-full e-flex e-con e-child\" data-id=\"0eaff4a\" data-element_type=\"container\" data-e-type=\"container\" data-settings=\"{&quot;background_background&quot;:&quot;classic&quot;}\">\n\t\t\t\t<div class=\"elementor-element elementor-element-da270b6 elementor-widget elementor-widget-image\" data-id=\"da270b6\" data-element_type=\"widget\" data-e-type=\"widget\" data-widget_type=\"image.default\">\n\t\t\t\t<div class=\"elementor-widget-container\">\n\t\t\t\t\t\t\t\t\t\t\t\t\t\t\t<img decoding=\"async\" src=\"https:\/\/tdmed.es\/wp-content\/uploads\/2025\/05\/generador.png\" title=\"generador\" alt=\"Sistemas de Cogeneraci\u00f3n Co-Energy - Apoyo al sistema de calefacci\u00f3n y agua caliente\" loading=\"lazy\" \/>\t\t\t\t\t\t\t\t\t\t\t\t\t\t\t<\/div>\n\t\t\t\t<\/div>\n\t\t\t\t<\/div>\n\t\t<div data-particle_enable=\"false\" data-particle-mobile-disabled=\"false\" class=\"elementor-element elementor-element-947f67e e-con-full e-flex e-con e-child\" data-id=\"947f67e\" data-element_type=\"container\" data-e-type=\"container\">\n\t\t\t\t<div class=\"elementor-element elementor-element-d64cd98 elementor-widget elementor-widget-heading\" data-id=\"d64cd98\" data-element_type=\"widget\" data-e-type=\"widget\" data-widget_type=\"heading.default\">\n\t\t\t\t<div class=\"elementor-widget-container\">\n\t\t\t\t\t<h3 class=\"elementor-heading-title elementor-size-default\">Como funciona?<\/h3>\t\t\t\t<\/div>\n\t\t\t\t<\/div>\n\t\t\t\t<div class=\"elementor-element elementor-element-a7d4230 elementor-widget elementor-widget-text-editor\" data-id=\"a7d4230\" data-element_type=\"widget\" data-e-type=\"widget\" data-widget_type=\"text-editor.default\">\n\t\t\t\t<div class=\"elementor-widget-container\">\n\t\t\t\t\t\t\t\t\t<p>O <strong>Co-ENERGY<\/strong> funciona como um sistema de reserva para o sistema de aquecimento e \u00e1gua quente existente. O calor gerado, enquanto produz eletricidade, \u00e9 recuperado por permutadores de calor e armazenado em acumuladores ou tanques de reserva que funcionam como unidade de reserva, para ser posteriormente consumido pelo cliente nas condi\u00e7\u00f5es exigidas em qualquer momento.<\/p><p>O <strong>Co-ENERGY<\/strong> \u00e9 um dispositivo autom\u00e1tico que dispensa manipula\u00e7\u00e3o e \u00e9 f\u00e1cil de operar. Est\u00e1 equipado com um sistema eletr\u00f3nico que gere a produ\u00e7\u00e3o de energia el\u00e9trica e t\u00e9rmica.<\/p><p><a href=\"https:\/\/caslienergy.es\/wp-content\/uploads\/2019\/10\/co-energy.pdf\">Mais informa\u00e7\u00f5es<\/a><\/p>\t\t\t\t\t\t\t\t<\/div>\n\t\t\t\t<\/div>\n\t\t\t\t<\/div>\n\t\t\t\t\t<\/div>\n\t\t\t\t<\/div>\n\t\t\t\t<\/div>\n\t\t","protected":false},"excerpt":{"rendered":"<p>Sistemas de Cogera\u00e7\u00e3o Co-Energy Fabricados integralmente pela TDMED Power Systems nas nossas instala\u00e7\u00f5es em Coslada, Madrid. Produzem energia el\u00e9trica atrav\u00e9s de um gerador e, ao &#8230; <\/p>\n<p class=\"read-more-container\"><a title=\"Sistemas de Cogera\u00e7\u00e3o Co-Energy\" class=\"read-more button\" href=\"https:\/\/tdmed.es\/pt-pt\/sistemas-de-cogeracao-co-energy\/#more-109293\" aria-label=\"Leia mais sobre Sistemas de Cogera\u00e7\u00e3o Co-Energy\">Ler mais<\/a><\/p>\n","protected":false},"author":313,"featured_media":0,"parent":0,"menu_order":0,"comment_status":"closed","ping_status":"closed","template":"","meta":{"_joinchat":[],"footnotes":""},"class_list":["post-109293","page","type-page","status-publish"],"yoast_head":"<!-- This site is optimized with the Yoast SEO Premium plugin v27.3 (Yoast SEO v27.3) - https:\/\/yoast.com\/product\/yoast-seo-premium-wordpress\/ -->\n<title>Sistemas de Cogera\u00e7\u00e3o Co-Energy - TDMED<\/title>\n<meta name=\"description\" content=\"Sistemas de cogera\u00e7\u00e3o CO-ENERGY: efici\u00eancia de 85%, eletricidade + calor. Economia de combust\u00edvel, emiss\u00f5es reduzidas e gest\u00e3o autom\u00e1tica.\" \/>\n<meta name=\"robots\" content=\"index, follow, max-snippet:-1, max-image-preview:large, max-video-preview:-1\" \/>\n<link rel=\"canonical\" href=\"https:\/\/tdmed.es\/pt-pt\/sistemas-de-cogeracao-co-energy\/\" \/>\n<meta property=\"og:locale\" content=\"pt_PT\" \/>\n<meta property=\"og:type\" content=\"article\" \/>\n<meta property=\"og:title\" content=\"Sistemas de Cogera\u00e7\u00e3o Co-Energy\" \/>\n<meta property=\"og:description\" content=\"Sistemas de cogera\u00e7\u00e3o CO-ENERGY: efici\u00eancia de 85%, eletricidade + calor. Economia de combust\u00edvel, emiss\u00f5es reduzidas e gest\u00e3o autom\u00e1tica.\" \/>\n<meta property=\"og:url\" content=\"https:\/\/tdmed.es\/pt-pt\/sistemas-de-cogeracao-co-energy\/\" \/>\n<meta property=\"og:site_name\" content=\"TDMED\" \/>\n<meta property=\"article:modified_time\" content=\"2026-03-18T10:08:44+00:00\" \/>\n<meta property=\"og:image\" content=\"https:\/\/tdmed.es\/wp-content\/uploads\/2025\/05\/piscina.png\" \/>\n<meta name=\"twitter:card\" content=\"summary_large_image\" \/>\n<script type=\"application\/ld+json\" class=\"yoast-schema-graph\">{\"@context\":\"https:\\\/\\\/schema.org\",\"@graph\":[{\"@type\":\"WebPage\",\"@id\":\"https:\\\/\\\/tdmed.es\\\/pt-pt\\\/sistemas-de-cogeracao-co-energy\\\/\",\"url\":\"https:\\\/\\\/tdmed.es\\\/pt-pt\\\/sistemas-de-cogeracao-co-energy\\\/\",\"name\":\"Sistemas de Cogera\u00e7\u00e3o Co-Energy - TDMED\",\"isPartOf\":{\"@id\":\"https:\\\/\\\/tdmed.es\\\/pt-pt\\\/#website\"},\"primaryImageOfPage\":{\"@id\":\"https:\\\/\\\/tdmed.es\\\/pt-pt\\\/sistemas-de-cogeracao-co-energy\\\/#primaryimage\"},\"image\":{\"@id\":\"https:\\\/\\\/tdmed.es\\\/pt-pt\\\/sistemas-de-cogeracao-co-energy\\\/#primaryimage\"},\"thumbnailUrl\":\"https:\\\/\\\/tdmed.es\\\/wp-content\\\/uploads\\\/2025\\\/05\\\/piscina.png\",\"datePublished\":\"2025-07-14T19:03:29+00:00\",\"dateModified\":\"2026-03-18T10:08:44+00:00\",\"description\":\"Sistemas de cogera\u00e7\u00e3o CO-ENERGY: efici\u00eancia de 85%, eletricidade + calor. Economia de combust\u00edvel, emiss\u00f5es reduzidas e gest\u00e3o autom\u00e1tica.\",\"breadcrumb\":{\"@id\":\"https:\\\/\\\/tdmed.es\\\/pt-pt\\\/sistemas-de-cogeracao-co-energy\\\/#breadcrumb\"},\"inLanguage\":\"pt-PT\",\"potentialAction\":[{\"@type\":\"ReadAction\",\"target\":[\"https:\\\/\\\/tdmed.es\\\/pt-pt\\\/sistemas-de-cogeracao-co-energy\\\/\"]}]},{\"@type\":\"ImageObject\",\"inLanguage\":\"pt-PT\",\"@id\":\"https:\\\/\\\/tdmed.es\\\/pt-pt\\\/sistemas-de-cogeracao-co-energy\\\/#primaryimage\",\"url\":\"https:\\\/\\\/tdmed.es\\\/wp-content\\\/uploads\\\/2025\\\/05\\\/piscina.png\",\"contentUrl\":\"https:\\\/\\\/tdmed.es\\\/wp-content\\\/uploads\\\/2025\\\/05\\\/piscina.png\"},{\"@type\":\"BreadcrumbList\",\"@id\":\"https:\\\/\\\/tdmed.es\\\/pt-pt\\\/sistemas-de-cogeracao-co-energy\\\/#breadcrumb\",\"itemListElement\":[{\"@type\":\"ListItem\",\"position\":1,\"name\":\"Portada\",\"item\":\"https:\\\/\\\/tdmed.es\\\/pt-pt\\\/\"},{\"@type\":\"ListItem\",\"position\":2,\"name\":\"Sistemas de Cogera\u00e7\u00e3o Co-Energy\"}]},{\"@type\":\"WebSite\",\"@id\":\"https:\\\/\\\/tdmed.es\\\/pt-pt\\\/#website\",\"url\":\"https:\\\/\\\/tdmed.es\\\/pt-pt\\\/\",\"name\":\"TDMED\",\"description\":\"TDMED\",\"publisher\":{\"@id\":\"https:\\\/\\\/tdmed.es\\\/pt-pt\\\/#organization\"},\"potentialAction\":[{\"@type\":\"SearchAction\",\"target\":{\"@type\":\"EntryPoint\",\"urlTemplate\":\"https:\\\/\\\/tdmed.es\\\/pt-pt\\\/?s={search_term_string}\"},\"query-input\":{\"@type\":\"PropertyValueSpecification\",\"valueRequired\":true,\"valueName\":\"search_term_string\"}}],\"inLanguage\":\"pt-PT\"},{\"@type\":\"Organization\",\"@id\":\"https:\\\/\\\/tdmed.es\\\/pt-pt\\\/#organization\",\"name\":\"TransDiesel\",\"url\":\"https:\\\/\\\/tdmed.es\\\/pt-pt\\\/\",\"logo\":{\"@type\":\"ImageObject\",\"inLanguage\":\"pt-PT\",\"@id\":\"https:\\\/\\\/tdmed.es\\\/pt-pt\\\/#\\\/schema\\\/logo\\\/image\\\/\",\"url\":\"https:\\\/\\\/tdmed.es\\\/wp-content\\\/uploads\\\/2018\\\/12\\\/NewLogo.png\",\"contentUrl\":\"https:\\\/\\\/tdmed.es\\\/wp-content\\\/uploads\\\/2018\\\/12\\\/NewLogo.png\",\"width\":800,\"height\":140,\"caption\":\"TransDiesel\"},\"image\":{\"@id\":\"https:\\\/\\\/tdmed.es\\\/pt-pt\\\/#\\\/schema\\\/logo\\\/image\\\/\"}}]}<\/script>\n<!-- \/ Yoast SEO Premium plugin. -->","yoast_head_json":{"title":"Sistemas de Cogera\u00e7\u00e3o Co-Energy - TDMED","description":"Sistemas de cogera\u00e7\u00e3o CO-ENERGY: efici\u00eancia de 85%, eletricidade + calor. Economia de combust\u00edvel, emiss\u00f5es reduzidas e gest\u00e3o autom\u00e1tica.","robots":{"index":"index","follow":"follow","max-snippet":"max-snippet:-1","max-image-preview":"max-image-preview:large","max-video-preview":"max-video-preview:-1"},"canonical":"https:\/\/tdmed.es\/pt-pt\/sistemas-de-cogeracao-co-energy\/","og_locale":"pt_PT","og_type":"article","og_title":"Sistemas de Cogera\u00e7\u00e3o Co-Energy","og_description":"Sistemas de cogera\u00e7\u00e3o CO-ENERGY: efici\u00eancia de 85%, eletricidade + calor. Economia de combust\u00edvel, emiss\u00f5es reduzidas e gest\u00e3o autom\u00e1tica.","og_url":"https:\/\/tdmed.es\/pt-pt\/sistemas-de-cogeracao-co-energy\/","og_site_name":"TDMED","article_modified_time":"2026-03-18T10:08:44+00:00","og_image":[{"url":"https:\/\/tdmed.es\/wp-content\/uploads\/2025\/05\/piscina.png","type":"","width":"","height":""}],"twitter_card":"summary_large_image","schema":{"@context":"https:\/\/schema.org","@graph":[{"@type":"WebPage","@id":"https:\/\/tdmed.es\/pt-pt\/sistemas-de-cogeracao-co-energy\/","url":"https:\/\/tdmed.es\/pt-pt\/sistemas-de-cogeracao-co-energy\/","name":"Sistemas de Cogera\u00e7\u00e3o Co-Energy - TDMED","isPartOf":{"@id":"https:\/\/tdmed.es\/pt-pt\/#website"},"primaryImageOfPage":{"@id":"https:\/\/tdmed.es\/pt-pt\/sistemas-de-cogeracao-co-energy\/#primaryimage"},"image":{"@id":"https:\/\/tdmed.es\/pt-pt\/sistemas-de-cogeracao-co-energy\/#primaryimage"},"thumbnailUrl":"https:\/\/tdmed.es\/wp-content\/uploads\/2025\/05\/piscina.png","datePublished":"2025-07-14T19:03:29+00:00","dateModified":"2026-03-18T10:08:44+00:00","description":"Sistemas de cogera\u00e7\u00e3o CO-ENERGY: efici\u00eancia de 85%, eletricidade + calor. Economia de combust\u00edvel, emiss\u00f5es reduzidas e gest\u00e3o autom\u00e1tica.","breadcrumb":{"@id":"https:\/\/tdmed.es\/pt-pt\/sistemas-de-cogeracao-co-energy\/#breadcrumb"},"inLanguage":"pt-PT","potentialAction":[{"@type":"ReadAction","target":["https:\/\/tdmed.es\/pt-pt\/sistemas-de-cogeracao-co-energy\/"]}]},{"@type":"ImageObject","inLanguage":"pt-PT","@id":"https:\/\/tdmed.es\/pt-pt\/sistemas-de-cogeracao-co-energy\/#primaryimage","url":"https:\/\/tdmed.es\/wp-content\/uploads\/2025\/05\/piscina.png","contentUrl":"https:\/\/tdmed.es\/wp-content\/uploads\/2025\/05\/piscina.png"},{"@type":"BreadcrumbList","@id":"https:\/\/tdmed.es\/pt-pt\/sistemas-de-cogeracao-co-energy\/#breadcrumb","itemListElement":[{"@type":"ListItem","position":1,"name":"Portada","item":"https:\/\/tdmed.es\/pt-pt\/"},{"@type":"ListItem","position":2,"name":"Sistemas de Cogera\u00e7\u00e3o Co-Energy"}]},{"@type":"WebSite","@id":"https:\/\/tdmed.es\/pt-pt\/#website","url":"https:\/\/tdmed.es\/pt-pt\/","name":"TDMED","description":"TDMED","publisher":{"@id":"https:\/\/tdmed.es\/pt-pt\/#organization"},"potentialAction":[{"@type":"SearchAction","target":{"@type":"EntryPoint","urlTemplate":"https:\/\/tdmed.es\/pt-pt\/?s={search_term_string}"},"query-input":{"@type":"PropertyValueSpecification","valueRequired":true,"valueName":"search_term_string"}}],"inLanguage":"pt-PT"},{"@type":"Organization","@id":"https:\/\/tdmed.es\/pt-pt\/#organization","name":"TransDiesel","url":"https:\/\/tdmed.es\/pt-pt\/","logo":{"@type":"ImageObject","inLanguage":"pt-PT","@id":"https:\/\/tdmed.es\/pt-pt\/#\/schema\/logo\/image\/","url":"https:\/\/tdmed.es\/wp-content\/uploads\/2018\/12\/NewLogo.png","contentUrl":"https:\/\/tdmed.es\/wp-content\/uploads\/2018\/12\/NewLogo.png","width":800,"height":140,"caption":"TransDiesel"},"image":{"@id":"https:\/\/tdmed.es\/pt-pt\/#\/schema\/logo\/image\/"}}]}},"_links":{"self":[{"href":"https:\/\/tdmed.es\/pt-pt\/wp-json\/wp\/v2\/pages\/109293","targetHints":{"allow":["GET"]}}],"collection":[{"href":"https:\/\/tdmed.es\/pt-pt\/wp-json\/wp\/v2\/pages"}],"about":[{"href":"https:\/\/tdmed.es\/pt-pt\/wp-json\/wp\/v2\/types\/page"}],"author":[{"embeddable":true,"href":"https:\/\/tdmed.es\/pt-pt\/wp-json\/wp\/v2\/users\/313"}],"replies":[{"embeddable":true,"href":"https:\/\/tdmed.es\/pt-pt\/wp-json\/wp\/v2\/comments?post=109293"}],"version-history":[{"count":0,"href":"https:\/\/tdmed.es\/pt-pt\/wp-json\/wp\/v2\/pages\/109293\/revisions"}],"wp:attachment":[{"href":"https:\/\/tdmed.es\/pt-pt\/wp-json\/wp\/v2\/media?parent=109293"}],"curies":[{"name":"wp","href":"https:\/\/api.w.org\/{rel}","templated":true}]}}