{"id":109289,"date":"2025-07-14T20:48:48","date_gmt":"2025-07-14T18:48:48","guid":{"rendered":"https:\/\/preprod.transdiesel.es\/geradores-hibridos-hyb-energy\/"},"modified":"2026-03-18T10:56:04","modified_gmt":"2026-03-18T09:56:04","slug":"geradores-hibridos-hyb-energy","status":"publish","type":"page","link":"https:\/\/tdmed.es\/pt-pt\/geradores-hibridos-hyb-energy\/","title":{"rendered":"Geradores H\u00edbridos HYB-Energy"},"content":{"rendered":"\t\t<div data-elementor-type=\"wp-page\" data-elementor-id=\"109289\" class=\"elementor elementor-109289 elementor-106787\" data-elementor-post-type=\"page\">\n\t\t\t\t<div data-particle_enable=\"false\" data-particle-mobile-disabled=\"false\" class=\"elementor-element elementor-element-fc286fd e-flex e-con-boxed e-con e-parent\" data-id=\"fc286fd\" data-element_type=\"container\" data-e-type=\"container\" data-settings=\"{&quot;background_background&quot;:&quot;classic&quot;}\">\n\t\t\t\t\t<div class=\"e-con-inner\">\n\t\t\t\t\t<\/div>\n\t\t\t\t<\/div>\n\t\t<div data-particle_enable=\"false\" data-particle-mobile-disabled=\"false\" class=\"elementor-element elementor-element-717dbc4f e-flex e-con-boxed e-con e-parent\" data-id=\"717dbc4f\" data-element_type=\"container\" data-e-type=\"container\">\n\t\t\t\t\t<div class=\"e-con-inner\">\n\t\t<div data-particle_enable=\"false\" data-particle-mobile-disabled=\"false\" class=\"elementor-element elementor-element-509ae6cb e-con-full e-flex e-con e-child\" data-id=\"509ae6cb\" data-element_type=\"container\" data-e-type=\"container\">\n\t\t\t\t<div class=\"elementor-element elementor-element-a9d5649 elementor-widget__width-initial elementor-widget-tablet__width-inherit elementor-widget elementor-widget-heading\" data-id=\"a9d5649\" data-element_type=\"widget\" data-e-type=\"widget\" data-widget_type=\"heading.default\">\n\t\t\t\t<div class=\"elementor-widget-container\">\n\t\t\t\t\t<h1 class=\"elementor-heading-title elementor-size-default\">Geradores H\u00edbridos HYB-Energy<\/h1>\t\t\t\t<\/div>\n\t\t\t\t<\/div>\n\t\t\t\t<\/div>\n\t\t\t\t\t<\/div>\n\t\t\t\t<\/div>\n\t\t<div data-particle_enable=\"false\" data-particle-mobile-disabled=\"false\" class=\"elementor-element elementor-element-c2e7de3 e-flex e-con-boxed e-con e-parent\" data-id=\"c2e7de3\" data-element_type=\"container\" data-e-type=\"container\">\n\t\t\t\t\t<div class=\"e-con-inner\">\n\t\t<div data-particle_enable=\"false\" data-particle-mobile-disabled=\"false\" class=\"elementor-element elementor-element-508aedf e-con-full e-flex e-con e-child\" data-id=\"508aedf\" data-element_type=\"container\" data-e-type=\"container\" data-settings=\"{&quot;background_background&quot;:&quot;classic&quot;}\">\n\t\t\t\t<div class=\"elementor-element elementor-element-04878b8 elementor-widget elementor-widget-image\" data-id=\"04878b8\" data-element_type=\"widget\" data-e-type=\"widget\" data-widget_type=\"image.default\">\n\t\t\t\t<div class=\"elementor-widget-container\">\n\t\t\t\t\t\t\t\t\t\t\t\t\t\t\t<img decoding=\"async\" src=\"https:\/\/tdmed.es\/wp-content\/uploads\/2025\/06\/hyb-energy.png\" title=\"hyb energy\" alt=\"Generadores Hibridos HYB-Energy\" loading=\"lazy\" \/>\t\t\t\t\t\t\t\t\t\t\t\t\t\t\t<\/div>\n\t\t\t\t<\/div>\n\t\t\t\t<\/div>\n\t\t<div data-particle_enable=\"false\" data-particle-mobile-disabled=\"false\" class=\"elementor-element elementor-element-489961b e-con-full e-flex e-con e-child\" data-id=\"489961b\" data-element_type=\"container\" data-e-type=\"container\">\n\t\t\t\t<div class=\"elementor-element elementor-element-e0c4560 elementor-widget elementor-widget-text-editor\" data-id=\"e0c4560\" data-element_type=\"widget\" data-e-type=\"widget\" data-widget_type=\"text-editor.default\">\n\t\t\t\t<div class=\"elementor-widget-container\">\n\t\t\t\t\t\t\t\t\t<p><strong>HYB-ENERGY<\/strong> \u00e9 um gerador h\u00edbrido especialmente indicado para habita\u00e7\u00f5es isoladas da rede el\u00e9trica,<\/p>\n<p>\u00c9 alimentado por fontes renov\u00e1veis, como pain\u00e9is solares e\/ou turbinas e\u00f3licas, e conta com um gerador a propano ou a gas\u00f3leo para garantir um fornecimento constante. <strong>A poupan\u00e7a \u00e9 de at\u00e9 70% em compara\u00e7\u00e3o com um gerador a diesel convencional.<\/strong><\/p>\n<p>As suas curtas horas de funcionamento, combinadas com o seu chassis com isolamento ac\u00fastico, fazem do <strong>HYB-ENERGY<\/strong> uma unidade extremamente silenciosa, especialmente nas vers\u00f5es a g\u00e1s, o que \u00e9 muito importante no setor residencial.<\/p>\n<p>Disponibilizamos vers\u00f5es monof\u00e1sicas com canopi, trif\u00e1sicas montadas em contentores de 8, 10 ou 20 p\u00e9s, e tamb\u00e9m vers\u00f5es em que o gerador \u00e9 montado separadamente dos restantes componentes e instalado numa estrutura met\u00e1lica para montagem na parede.<\/p>\n<p>A unidade fornecer\u00e1 energia \u00e0 casa com o gerador desligado enquanto houver corrente nas baterias.<\/p>\n<p>Se houver v\u00e1rios dias sem sol, a unidade ligar\u00e1 automaticamente o gerador para garantir o fornecimento.<\/p>\n<p>Isto \u00e9 poss\u00edvel gra\u00e7as ao inversor-carregador VICTRON, que converte a corrente alternada gerada pelo gerador em corrente cont\u00ednua que pode ser armazenada em baterias.<\/p>\n<p>As baterias, por sua vez, recebem energia do gerador e dos pain\u00e9is solares. O <strong>HYB-ENERGY<\/strong> incorpora um regulador solar para controlar o carregamento das baterias em instala\u00e7\u00f5es suportadas por pain\u00e9is solares fotovoltaicos.<\/p>\n\t\t\t\t\t\t\t\t<\/div>\n\t\t\t\t<\/div>\n\t\t\t\t<\/div>\n\t\t\t\t\t<\/div>\n\t\t\t\t<\/div>\n\t\t<div data-particle_enable=\"false\" data-particle-mobile-disabled=\"false\" class=\"elementor-element elementor-element-abcfdc1 e-flex e-con-boxed e-con e-parent\" data-id=\"abcfdc1\" data-element_type=\"container\" data-e-type=\"container\">\n\t\t\t\t\t<div class=\"e-con-inner\">\n\t\t<div data-particle_enable=\"false\" data-particle-mobile-disabled=\"false\" class=\"elementor-element elementor-element-1a84627 e-con-full e-flex e-con e-child\" data-id=\"1a84627\" data-element_type=\"container\" data-e-type=\"container\">\n\t\t\t\t<div class=\"elementor-element elementor-element-0e9f4c4 elementor-widget elementor-widget-heading\" data-id=\"0e9f4c4\" data-element_type=\"widget\" data-e-type=\"widget\" data-widget_type=\"heading.default\">\n\t\t\t\t<div class=\"elementor-widget-container\">\n\t\t\t\t\t<h2 class=\"elementor-heading-title elementor-size-default\">Vantagens do uso do g\u00e1s<\/h2>\t\t\t\t<\/div>\n\t\t\t\t<\/div>\n\t\t\t\t<div class=\"elementor-element elementor-element-eb9a68b elementor-widget elementor-widget-text-editor\" data-id=\"eb9a68b\" data-element_type=\"widget\" data-e-type=\"widget\" data-widget_type=\"text-editor.default\">\n\t\t\t\t<div class=\"elementor-widget-container\">\n\t\t\t\t\t\t\t\t\t<p>Com uma \u00fanica fonte de energia, podemos alimentar um gerador de eletricidade e uma caldeira de aquecimento. Tamb\u00e9m podemos utilizar g\u00e1s para cozinhar, garantindo que todas as necessidades s\u00e3o satisfeitas.<\/p>\n<p>&nbsp;<\/p>\n<p>Comparativamente ao diesel, reduz as emiss\u00f5es de NOx em 95% e as de part\u00edculas em 99%. Reduz tamb\u00e9m as emiss\u00f5es de CO2 em 15% e a polui\u00e7\u00e3o sonora em 50%.<\/p>\n<p>&nbsp;<\/p>\n<p>O Grupo Casli assinou um acordo para os clientes que contratam o fornecimento de GPL com as principais empresas fornecedoras, consistindo em vantagens e descontos no pre\u00e7o de fornecimento, armazenagem e manuten\u00e7\u00e3o.<\/p>\n\t\t\t\t\t\t\t\t<\/div>\n\t\t\t\t<\/div>\n\t\t\t\t<\/div>\n\t\t<div data-particle_enable=\"false\" data-particle-mobile-disabled=\"false\" class=\"elementor-element elementor-element-bbf6381 e-con-full e-flex e-con e-child\" data-id=\"bbf6381\" data-element_type=\"container\" data-e-type=\"container\" data-settings=\"{&quot;background_background&quot;:&quot;classic&quot;}\">\n\t\t\t\t<div class=\"elementor-element elementor-element-a167b1e elementor-widget elementor-widget-image\" data-id=\"a167b1e\" data-element_type=\"widget\" data-e-type=\"widget\" data-widget_type=\"image.default\">\n\t\t\t\t<div class=\"elementor-widget-container\">\n\t\t\t\t\t\t\t\t\t\t\t\t\t\t\t<img decoding=\"async\" src=\"https:\/\/tdmed.es\/wp-content\/uploads\/2025\/06\/hyb-energy-2.png\" title=\"hyb energy 2\" alt=\"Generadores Hibridos HYB-Energy - Ventajas del uso del gas\" loading=\"lazy\" \/>\t\t\t\t\t\t\t\t\t\t\t\t\t\t\t<\/div>\n\t\t\t\t<\/div>\n\t\t\t\t<\/div>\n\t\t\t\t\t<\/div>\n\t\t\t\t<\/div>\n\t\t<div data-particle_enable=\"false\" data-particle-mobile-disabled=\"false\" class=\"elementor-element elementor-element-2645b66 e-flex e-con-boxed e-con e-parent\" data-id=\"2645b66\" data-element_type=\"container\" data-e-type=\"container\">\n\t\t\t\t\t<div class=\"e-con-inner\">\n\t\t<div data-particle_enable=\"false\" data-particle-mobile-disabled=\"false\" class=\"elementor-element elementor-element-e4b52cc e-con-full e-flex e-con e-child\" data-id=\"e4b52cc\" data-element_type=\"container\" data-e-type=\"container\" data-settings=\"{&quot;background_background&quot;:&quot;classic&quot;}\">\n\t\t\t\t<div class=\"elementor-element elementor-element-327abec elementor-widget elementor-widget-image\" data-id=\"327abec\" data-element_type=\"widget\" data-e-type=\"widget\" data-widget_type=\"image.default\">\n\t\t\t\t<div class=\"elementor-widget-container\">\n\t\t\t\t\t\t\t\t\t\t\t\t\t\t\t<img decoding=\"async\" src=\"https:\/\/tdmed.es\/wp-content\/uploads\/2025\/06\/generadores-hibridos-hyb.png\" title=\"generadores hibridos hyb\" alt=\"Generadores Hibridos HYB-Energy - Monitorizaci\u00f3n y control remoto\" loading=\"lazy\" \/>\t\t\t\t\t\t\t\t\t\t\t\t\t\t\t<\/div>\n\t\t\t\t<\/div>\n\t\t\t\t<\/div>\n\t\t<div data-particle_enable=\"false\" data-particle-mobile-disabled=\"false\" class=\"elementor-element elementor-element-4fb9031 e-con-full e-flex e-con e-child\" data-id=\"4fb9031\" data-element_type=\"container\" data-e-type=\"container\">\n\t\t\t\t<div class=\"elementor-element elementor-element-3901bc4 elementor-widget elementor-widget-heading\" data-id=\"3901bc4\" data-element_type=\"widget\" data-e-type=\"widget\" data-widget_type=\"heading.default\">\n\t\t\t\t<div class=\"elementor-widget-container\">\n\t\t\t\t\t<h3 class=\"elementor-heading-title elementor-size-default\">Monitoriza\u00e7\u00e3o e controlo remoto<\/h3>\t\t\t\t<\/div>\n\t\t\t\t<\/div>\n\t\t\t\t<div class=\"elementor-element elementor-element-fc97424 elementor-widget elementor-widget-text-editor\" data-id=\"fc97424\" data-element_type=\"widget\" data-e-type=\"widget\" data-widget_type=\"text-editor.default\">\n\t\t\t\t<div class=\"elementor-widget-container\">\n\t\t\t\t\t\t\t\t\t<p>O HYB-ENERGY incorpora um sistema que monitoriza e apresenta o estado do seu equipamento a partir de um computador ou dispositivo m\u00f3vel. De uma forma muito intuitiva, pode ver o n\u00edvel da carga da bateria, o consumo atual de energia, o consumo de energia renov\u00e1vel e at\u00e9 mesmo arrancar com o gerador de forma remota.<\/p>\n<p>Podemos tamb\u00e9m visualizar e analisar relat\u00f3rios sobre o consumo, analisar o hist\u00f3rico em qualquer intervalo de datas que escolhermos.<\/p>\n\t\t\t\t\t\t\t\t<\/div>\n\t\t\t\t<\/div>\n\t\t\t\t<\/div>\n\t\t\t\t\t<\/div>\n\t\t\t\t<\/div>\n\t\t<div data-particle_enable=\"false\" data-particle-mobile-disabled=\"false\" class=\"elementor-element elementor-element-ce5a3e6 e-flex e-con-boxed e-con e-parent\" data-id=\"ce5a3e6\" data-element_type=\"container\" data-e-type=\"container\">\n\t\t\t\t\t<div class=\"e-con-inner\">\n\t\t<div data-particle_enable=\"false\" data-particle-mobile-disabled=\"false\" class=\"elementor-element elementor-element-123b309 e-con-full e-flex e-con e-child\" data-id=\"123b309\" data-element_type=\"container\" data-e-type=\"container\">\n\t\t\t\t<div class=\"elementor-element elementor-element-bbbcd68 elementor-widget elementor-widget-heading\" data-id=\"bbbcd68\" data-element_type=\"widget\" data-e-type=\"widget\" data-widget_type=\"heading.default\">\n\t\t\t\t<div class=\"elementor-widget-container\">\n\t\t\t\t\t<h3 class=\"elementor-heading-title elementor-size-default\">Geradores Monof\u00e1sicos 24V<\/h3>\t\t\t\t<\/div>\n\t\t\t\t<\/div>\n\t\t\t\t<div class=\"elementor-element elementor-element-d3e69d8 elementor-widget elementor-widget-text-editor\" data-id=\"d3e69d8\" data-element_type=\"widget\" data-e-type=\"widget\" data-widget_type=\"text-editor.default\">\n\t\t\t\t<div class=\"elementor-widget-container\">\n\t\t\t\t\t\t\t\t\t<p>Concebido para <strong>exig\u00eancias el\u00e9tricas moderadas<\/strong>, por exemplo, habita\u00e7\u00f5es sem rede el\u00e9trica, onde a maioria dos aparelhos el\u00e9tricos s\u00e3o monof\u00e1sicos.<\/p>\n<p>Nas vers\u00f5es a g\u00e1s, a unidade \u00e9 especialmente silenciosa, o que \u00e9 muito importante no setor residencial sem rede el\u00e9trica.<\/p>\n<p>Al\u00e9m disso, o dep\u00f3sito de g\u00e1s tamb\u00e9m pode alimentar uma caldeira el\u00e9trica e o pr\u00f3prio fog\u00e3o, utilizando <strong>um \u00fanico combust\u00edvel para tudo<\/strong>.<\/p>\n\t\t\t\t\t\t\t\t<\/div>\n\t\t\t\t<\/div>\n\t\t\t\t<\/div>\n\t\t<div data-particle_enable=\"false\" data-particle-mobile-disabled=\"false\" class=\"elementor-element elementor-element-763c58b e-con-full e-flex e-con e-child\" data-id=\"763c58b\" data-element_type=\"container\" data-e-type=\"container\">\n\t\t\t\t<div class=\"elementor-element elementor-element-5f463e4 elementor-widget elementor-widget-heading\" data-id=\"5f463e4\" data-element_type=\"widget\" data-e-type=\"widget\" data-widget_type=\"heading.default\">\n\t\t\t\t<div class=\"elementor-widget-container\">\n\t\t\t\t\t<h3 class=\"elementor-heading-title elementor-size-default\">Geradores Monof\u00e1sicos 48V<\/h3>\t\t\t\t<\/div>\n\t\t\t\t<\/div>\n\t\t\t\t<div class=\"elementor-element elementor-element-5b380fd elementor-widget elementor-widget-text-editor\" data-id=\"5b380fd\" data-element_type=\"widget\" data-e-type=\"widget\" data-widget_type=\"text-editor.default\">\n\t\t\t\t<div class=\"elementor-widget-container\">\n\t\t\t\t\t\t\t\t\t<p>As unidades monof\u00e1sicas de 48 V<strong> incorporam 24 baterias de 2 V,<\/strong> o que lhes confere uma <strong>maior capacidade de armazenamento<\/strong> e s\u00e3o especialmente adequadas para instala\u00e7\u00f5es com consumo cont\u00ednuo de energia, como antenas telef\u00f3nicas.<\/p>\n<p><strong>Podem suportar energia solar fotovoltaica<\/strong> at\u00e9 4,6 kWp com um \u00fanico regulador.<\/p>\n\t\t\t\t\t\t\t\t<\/div>\n\t\t\t\t<\/div>\n\t\t\t\t<\/div>\n\t\t<div data-particle_enable=\"false\" data-particle-mobile-disabled=\"false\" class=\"elementor-element elementor-element-8363f99 e-con-full e-flex e-con e-child\" data-id=\"8363f99\" data-element_type=\"container\" data-e-type=\"container\">\n\t\t\t\t<div class=\"elementor-element elementor-element-0027ed6 elementor-widget elementor-widget-heading\" data-id=\"0027ed6\" data-element_type=\"widget\" data-e-type=\"widget\" data-widget_type=\"heading.default\">\n\t\t\t\t<div class=\"elementor-widget-container\">\n\t\t\t\t\t<h3 class=\"elementor-heading-title elementor-size-default\">Os equipamentos mais potentes de toda a gama<\/h3>\t\t\t\t<\/div>\n\t\t\t\t<\/div>\n\t\t\t\t<div class=\"elementor-element elementor-element-2dde29f elementor-widget elementor-widget-text-editor\" data-id=\"2dde29f\" data-element_type=\"widget\" data-e-type=\"widget\" data-widget_type=\"text-editor.default\">\n\t\t\t\t<div class=\"elementor-widget-container\">\n\t\t\t\t\t\t\t\t\t<p>O elevado desempenho do motor, dos inversores e a grande capacidade de armazenamento com baterias de l\u00edtio permitem alimentar instala\u00e7\u00f5es de maiores dimens\u00f5es, como hot\u00e9is rurais ou explora\u00e7\u00f5es agr\u00edcolas isoladas com consumidores el\u00e9tricos trif\u00e1sicos. A HYB-ENERGY permite a combina\u00e7\u00e3o de v\u00e1rios tipos de energia renov\u00e1vel, incluindo solar, e\u00f3lica e hidroel\u00e9trica, otimizando assim todos os recursos naturais dispon\u00edveis.<\/p><p><a href=\"https:\/\/caslienergy.es\/hyb-energy-3\/\" target=\"_blank\" rel=\"noopener\">Mais informa\u00e7\u00f5es<\/a><\/p>\t\t\t\t\t\t\t\t<\/div>\n\t\t\t\t<\/div>\n\t\t\t\t<\/div>\n\t\t\t\t\t<\/div>\n\t\t\t\t<\/div>\n\t\t\t\t<\/div>\n\t\t","protected":false},"excerpt":{"rendered":"<p>Geradores H\u00edbridos HYB-Energy HYB-ENERGY \u00e9 um gerador h\u00edbrido especialmente indicado para habita\u00e7\u00f5es isoladas da rede el\u00e9trica, \u00c9 alimentado por fontes renov\u00e1veis, como pain\u00e9is solares e\/ou &#8230; <\/p>\n<p class=\"read-more-container\"><a title=\"Geradores H\u00edbridos HYB-Energy\" class=\"read-more button\" href=\"https:\/\/tdmed.es\/pt-pt\/geradores-hibridos-hyb-energy\/#more-109289\" aria-label=\"Leia mais sobre Geradores H\u00edbridos HYB-Energy\">Ler mais<\/a><\/p>\n","protected":false},"author":313,"featured_media":0,"parent":0,"menu_order":0,"comment_status":"closed","ping_status":"closed","template":"","meta":{"_joinchat":[],"footnotes":""},"class_list":["post-109289","page","type-page","status-publish"],"yoast_head":"<!-- This site is optimized with the Yoast SEO Premium plugin v27.3 (Yoast SEO v27.3) - https:\/\/yoast.com\/product\/yoast-seo-premium-wordpress\/ -->\n<title>Geradores H\u00edbridos HYB-Energy - TDMED<\/title>\n<meta name=\"description\" content=\"Geradores h\u00edbridos HYB-Energy: economia de at\u00e9 70%. Controlo remoto, baterias de longa dura\u00e7\u00e3o e fornecimento garantido 24\/7.\" \/>\n<meta name=\"robots\" content=\"index, follow, max-snippet:-1, max-image-preview:large, max-video-preview:-1\" \/>\n<link rel=\"canonical\" href=\"https:\/\/tdmed.es\/pt-pt\/geradores-hibridos-hyb-energy\/\" \/>\n<meta property=\"og:locale\" content=\"pt_PT\" \/>\n<meta property=\"og:type\" content=\"article\" \/>\n<meta property=\"og:title\" content=\"Geradores H\u00edbridos HYB-Energy\" \/>\n<meta property=\"og:description\" content=\"Geradores h\u00edbridos HYB-Energy: economia de at\u00e9 70%. Controlo remoto, baterias de longa dura\u00e7\u00e3o e fornecimento garantido 24\/7.\" \/>\n<meta property=\"og:url\" content=\"https:\/\/tdmed.es\/pt-pt\/geradores-hibridos-hyb-energy\/\" \/>\n<meta property=\"og:site_name\" content=\"TDMED\" \/>\n<meta property=\"article:modified_time\" content=\"2026-03-18T09:56:04+00:00\" \/>\n<meta property=\"og:image\" content=\"https:\/\/tdmed.es\/wp-content\/uploads\/2025\/06\/hyb-energy.png\" \/>\n<meta name=\"twitter:card\" content=\"summary_large_image\" \/>\n<script type=\"application\/ld+json\" class=\"yoast-schema-graph\">{\"@context\":\"https:\\\/\\\/schema.org\",\"@graph\":[{\"@type\":\"WebPage\",\"@id\":\"https:\\\/\\\/tdmed.es\\\/pt-pt\\\/geradores-hibridos-hyb-energy\\\/\",\"url\":\"https:\\\/\\\/tdmed.es\\\/pt-pt\\\/geradores-hibridos-hyb-energy\\\/\",\"name\":\"Geradores H\u00edbridos HYB-Energy - TDMED\",\"isPartOf\":{\"@id\":\"https:\\\/\\\/tdmed.es\\\/pt-pt\\\/#website\"},\"primaryImageOfPage\":{\"@id\":\"https:\\\/\\\/tdmed.es\\\/pt-pt\\\/geradores-hibridos-hyb-energy\\\/#primaryimage\"},\"image\":{\"@id\":\"https:\\\/\\\/tdmed.es\\\/pt-pt\\\/geradores-hibridos-hyb-energy\\\/#primaryimage\"},\"thumbnailUrl\":\"https:\\\/\\\/tdmed.es\\\/wp-content\\\/uploads\\\/2025\\\/06\\\/hyb-energy.png\",\"datePublished\":\"2025-07-14T18:48:48+00:00\",\"dateModified\":\"2026-03-18T09:56:04+00:00\",\"description\":\"Geradores h\u00edbridos HYB-Energy: economia de at\u00e9 70%. Controlo remoto, baterias de longa dura\u00e7\u00e3o e fornecimento garantido 24\\\/7.\",\"breadcrumb\":{\"@id\":\"https:\\\/\\\/tdmed.es\\\/pt-pt\\\/geradores-hibridos-hyb-energy\\\/#breadcrumb\"},\"inLanguage\":\"pt-PT\",\"potentialAction\":[{\"@type\":\"ReadAction\",\"target\":[\"https:\\\/\\\/tdmed.es\\\/pt-pt\\\/geradores-hibridos-hyb-energy\\\/\"]}]},{\"@type\":\"ImageObject\",\"inLanguage\":\"pt-PT\",\"@id\":\"https:\\\/\\\/tdmed.es\\\/pt-pt\\\/geradores-hibridos-hyb-energy\\\/#primaryimage\",\"url\":\"https:\\\/\\\/tdmed.es\\\/wp-content\\\/uploads\\\/2025\\\/06\\\/hyb-energy.png\",\"contentUrl\":\"https:\\\/\\\/tdmed.es\\\/wp-content\\\/uploads\\\/2025\\\/06\\\/hyb-energy.png\"},{\"@type\":\"BreadcrumbList\",\"@id\":\"https:\\\/\\\/tdmed.es\\\/pt-pt\\\/geradores-hibridos-hyb-energy\\\/#breadcrumb\",\"itemListElement\":[{\"@type\":\"ListItem\",\"position\":1,\"name\":\"Portada\",\"item\":\"https:\\\/\\\/tdmed.es\\\/pt-pt\\\/\"},{\"@type\":\"ListItem\",\"position\":2,\"name\":\"Geradores H\u00edbridos HYB-Energy\"}]},{\"@type\":\"WebSite\",\"@id\":\"https:\\\/\\\/tdmed.es\\\/pt-pt\\\/#website\",\"url\":\"https:\\\/\\\/tdmed.es\\\/pt-pt\\\/\",\"name\":\"TDMED\",\"description\":\"TDMED\",\"publisher\":{\"@id\":\"https:\\\/\\\/tdmed.es\\\/pt-pt\\\/#organization\"},\"potentialAction\":[{\"@type\":\"SearchAction\",\"target\":{\"@type\":\"EntryPoint\",\"urlTemplate\":\"https:\\\/\\\/tdmed.es\\\/pt-pt\\\/?s={search_term_string}\"},\"query-input\":{\"@type\":\"PropertyValueSpecification\",\"valueRequired\":true,\"valueName\":\"search_term_string\"}}],\"inLanguage\":\"pt-PT\"},{\"@type\":\"Organization\",\"@id\":\"https:\\\/\\\/tdmed.es\\\/pt-pt\\\/#organization\",\"name\":\"TransDiesel\",\"url\":\"https:\\\/\\\/tdmed.es\\\/pt-pt\\\/\",\"logo\":{\"@type\":\"ImageObject\",\"inLanguage\":\"pt-PT\",\"@id\":\"https:\\\/\\\/tdmed.es\\\/pt-pt\\\/#\\\/schema\\\/logo\\\/image\\\/\",\"url\":\"https:\\\/\\\/tdmed.es\\\/wp-content\\\/uploads\\\/2018\\\/12\\\/NewLogo.png\",\"contentUrl\":\"https:\\\/\\\/tdmed.es\\\/wp-content\\\/uploads\\\/2018\\\/12\\\/NewLogo.png\",\"width\":800,\"height\":140,\"caption\":\"TransDiesel\"},\"image\":{\"@id\":\"https:\\\/\\\/tdmed.es\\\/pt-pt\\\/#\\\/schema\\\/logo\\\/image\\\/\"}}]}<\/script>\n<!-- \/ Yoast SEO Premium plugin. -->","yoast_head_json":{"title":"Geradores H\u00edbridos HYB-Energy - TDMED","description":"Geradores h\u00edbridos HYB-Energy: economia de at\u00e9 70%. Controlo remoto, baterias de longa dura\u00e7\u00e3o e fornecimento garantido 24\/7.","robots":{"index":"index","follow":"follow","max-snippet":"max-snippet:-1","max-image-preview":"max-image-preview:large","max-video-preview":"max-video-preview:-1"},"canonical":"https:\/\/tdmed.es\/pt-pt\/geradores-hibridos-hyb-energy\/","og_locale":"pt_PT","og_type":"article","og_title":"Geradores H\u00edbridos HYB-Energy","og_description":"Geradores h\u00edbridos HYB-Energy: economia de at\u00e9 70%. Controlo remoto, baterias de longa dura\u00e7\u00e3o e fornecimento garantido 24\/7.","og_url":"https:\/\/tdmed.es\/pt-pt\/geradores-hibridos-hyb-energy\/","og_site_name":"TDMED","article_modified_time":"2026-03-18T09:56:04+00:00","og_image":[{"url":"https:\/\/tdmed.es\/wp-content\/uploads\/2025\/06\/hyb-energy.png","type":"","width":"","height":""}],"twitter_card":"summary_large_image","schema":{"@context":"https:\/\/schema.org","@graph":[{"@type":"WebPage","@id":"https:\/\/tdmed.es\/pt-pt\/geradores-hibridos-hyb-energy\/","url":"https:\/\/tdmed.es\/pt-pt\/geradores-hibridos-hyb-energy\/","name":"Geradores H\u00edbridos HYB-Energy - TDMED","isPartOf":{"@id":"https:\/\/tdmed.es\/pt-pt\/#website"},"primaryImageOfPage":{"@id":"https:\/\/tdmed.es\/pt-pt\/geradores-hibridos-hyb-energy\/#primaryimage"},"image":{"@id":"https:\/\/tdmed.es\/pt-pt\/geradores-hibridos-hyb-energy\/#primaryimage"},"thumbnailUrl":"https:\/\/tdmed.es\/wp-content\/uploads\/2025\/06\/hyb-energy.png","datePublished":"2025-07-14T18:48:48+00:00","dateModified":"2026-03-18T09:56:04+00:00","description":"Geradores h\u00edbridos HYB-Energy: economia de at\u00e9 70%. Controlo remoto, baterias de longa dura\u00e7\u00e3o e fornecimento garantido 24\/7.","breadcrumb":{"@id":"https:\/\/tdmed.es\/pt-pt\/geradores-hibridos-hyb-energy\/#breadcrumb"},"inLanguage":"pt-PT","potentialAction":[{"@type":"ReadAction","target":["https:\/\/tdmed.es\/pt-pt\/geradores-hibridos-hyb-energy\/"]}]},{"@type":"ImageObject","inLanguage":"pt-PT","@id":"https:\/\/tdmed.es\/pt-pt\/geradores-hibridos-hyb-energy\/#primaryimage","url":"https:\/\/tdmed.es\/wp-content\/uploads\/2025\/06\/hyb-energy.png","contentUrl":"https:\/\/tdmed.es\/wp-content\/uploads\/2025\/06\/hyb-energy.png"},{"@type":"BreadcrumbList","@id":"https:\/\/tdmed.es\/pt-pt\/geradores-hibridos-hyb-energy\/#breadcrumb","itemListElement":[{"@type":"ListItem","position":1,"name":"Portada","item":"https:\/\/tdmed.es\/pt-pt\/"},{"@type":"ListItem","position":2,"name":"Geradores H\u00edbridos HYB-Energy"}]},{"@type":"WebSite","@id":"https:\/\/tdmed.es\/pt-pt\/#website","url":"https:\/\/tdmed.es\/pt-pt\/","name":"TDMED","description":"TDMED","publisher":{"@id":"https:\/\/tdmed.es\/pt-pt\/#organization"},"potentialAction":[{"@type":"SearchAction","target":{"@type":"EntryPoint","urlTemplate":"https:\/\/tdmed.es\/pt-pt\/?s={search_term_string}"},"query-input":{"@type":"PropertyValueSpecification","valueRequired":true,"valueName":"search_term_string"}}],"inLanguage":"pt-PT"},{"@type":"Organization","@id":"https:\/\/tdmed.es\/pt-pt\/#organization","name":"TransDiesel","url":"https:\/\/tdmed.es\/pt-pt\/","logo":{"@type":"ImageObject","inLanguage":"pt-PT","@id":"https:\/\/tdmed.es\/pt-pt\/#\/schema\/logo\/image\/","url":"https:\/\/tdmed.es\/wp-content\/uploads\/2018\/12\/NewLogo.png","contentUrl":"https:\/\/tdmed.es\/wp-content\/uploads\/2018\/12\/NewLogo.png","width":800,"height":140,"caption":"TransDiesel"},"image":{"@id":"https:\/\/tdmed.es\/pt-pt\/#\/schema\/logo\/image\/"}}]}},"_links":{"self":[{"href":"https:\/\/tdmed.es\/pt-pt\/wp-json\/wp\/v2\/pages\/109289","targetHints":{"allow":["GET"]}}],"collection":[{"href":"https:\/\/tdmed.es\/pt-pt\/wp-json\/wp\/v2\/pages"}],"about":[{"href":"https:\/\/tdmed.es\/pt-pt\/wp-json\/wp\/v2\/types\/page"}],"author":[{"embeddable":true,"href":"https:\/\/tdmed.es\/pt-pt\/wp-json\/wp\/v2\/users\/313"}],"replies":[{"embeddable":true,"href":"https:\/\/tdmed.es\/pt-pt\/wp-json\/wp\/v2\/comments?post=109289"}],"version-history":[{"count":0,"href":"https:\/\/tdmed.es\/pt-pt\/wp-json\/wp\/v2\/pages\/109289\/revisions"}],"wp:attachment":[{"href":"https:\/\/tdmed.es\/pt-pt\/wp-json\/wp\/v2\/media?parent=109289"}],"curies":[{"name":"wp","href":"https:\/\/api.w.org\/{rel}","templated":true}]}}