{"id":109214,"date":"2025-07-14T19:40:11","date_gmt":"2025-07-14T17:40:11","guid":{"rendered":"https:\/\/preprod.transdiesel.es\/propulsao-hibrida-diesel-eletrica\/"},"modified":"2026-03-06T12:14:36","modified_gmt":"2026-03-06T11:14:36","slug":"propulsao-hibrida-diesel-eletrica","status":"publish","type":"page","link":"https:\/\/tdmed.es\/pt-pt\/propulsao-hibrida-diesel-eletrica\/","title":{"rendered":"Propuls\u00e3o H\u00edbrida Diesel-El\u00e9trica"},"content":{"rendered":"\t\t<div data-elementor-type=\"wp-page\" data-elementor-id=\"109214\" class=\"elementor elementor-109214 elementor-107451\" data-elementor-post-type=\"page\">\n\t\t\t\t<div data-particle_enable=\"false\" data-particle-mobile-disabled=\"false\" class=\"elementor-element elementor-element-f32e8cf e-flex e-con-boxed e-con e-parent\" data-id=\"f32e8cf\" data-element_type=\"container\" data-e-type=\"container\" data-settings=\"{&quot;background_background&quot;:&quot;classic&quot;}\">\n\t\t\t\t\t<div class=\"e-con-inner\">\n\t\t\t\t\t<\/div>\n\t\t\t\t<\/div>\n\t\t<div data-particle_enable=\"false\" data-particle-mobile-disabled=\"false\" class=\"elementor-element elementor-element-06f01d2 e-flex e-con-boxed e-con e-parent\" data-id=\"06f01d2\" data-element_type=\"container\" data-e-type=\"container\">\n\t\t\t\t\t<div class=\"e-con-inner\">\n\t\t<div data-particle_enable=\"false\" data-particle-mobile-disabled=\"false\" class=\"elementor-element elementor-element-e4c672c e-con-full e-flex e-con e-child\" data-id=\"e4c672c\" data-element_type=\"container\" data-e-type=\"container\">\n\t\t\t\t<div class=\"elementor-element elementor-element-51105a46 elementor-widget__width-initial elementor-widget-tablet__width-inherit elementor-widget elementor-widget-heading\" data-id=\"51105a46\" data-element_type=\"widget\" data-e-type=\"widget\" data-widget_type=\"heading.default\">\n\t\t\t\t<div class=\"elementor-widget-container\">\n\t\t\t\t\t<h1 class=\"elementor-heading-title elementor-size-default\">Propuls\u00e3o H\u00edbrida<br>Diesel-El\u00e9trica Marinha<\/h1>\t\t\t\t<\/div>\n\t\t\t\t<\/div>\n\t\t\t\t<div class=\"elementor-element elementor-element-f05896b elementor-widget elementor-widget-text-editor\" data-id=\"f05896b\" data-element_type=\"widget\" data-e-type=\"widget\" data-widget_type=\"text-editor.default\">\n\t\t\t\t<div class=\"elementor-widget-container\">\n\t\t\t\t\t\t\t\t\t<p style=\"text-align: center;\">\u201cLiving in the pulse of change\u201d<\/p>\t\t\t\t\t\t\t\t<\/div>\n\t\t\t\t<\/div>\n\t\t\t\t<\/div>\n\t\t\t\t\t<\/div>\n\t\t\t\t<\/div>\n\t\t<div data-particle_enable=\"false\" data-particle-mobile-disabled=\"false\" class=\"elementor-element elementor-element-d2ea6ee e-flex e-con-boxed e-con e-parent\" data-id=\"d2ea6ee\" data-element_type=\"container\" data-e-type=\"container\">\n\t\t\t\t\t<div class=\"e-con-inner\">\n\t\t<div data-particle_enable=\"false\" data-particle-mobile-disabled=\"false\" class=\"elementor-element elementor-element-209cd4c e-con-full e-flex e-con e-child\" data-id=\"209cd4c\" data-element_type=\"container\" data-e-type=\"container\" data-settings=\"{&quot;background_background&quot;:&quot;classic&quot;}\">\n\t\t\t\t<div class=\"elementor-element elementor-element-1e56fee elementor-widget elementor-widget-image\" data-id=\"1e56fee\" data-element_type=\"widget\" data-e-type=\"widget\" data-widget_type=\"image.default\">\n\t\t\t\t<div class=\"elementor-widget-container\">\n\t\t\t\t\t\t\t\t\t\t\t\t\t\t\t<img decoding=\"async\" src=\"https:\/\/tdmed.es\/wp-content\/uploads\/2025\/05\/propulsion-hibrida-batteries-Kreisel.png\" title=\"propulsion-hibrida-batteries-Kreisel\" alt=\"Propulsi\u00f3n Hibrida\nDiesel-Electrica Marina\" loading=\"lazy\" \/>\t\t\t\t\t\t\t\t\t\t\t\t\t\t\t<\/div>\n\t\t\t\t<\/div>\n\t\t\t\t<\/div>\n\t\t<div data-particle_enable=\"false\" data-particle-mobile-disabled=\"false\" class=\"elementor-element elementor-element-5f11715 e-con-full e-flex e-con e-child\" data-id=\"5f11715\" data-element_type=\"container\" data-e-type=\"container\">\n\t\t\t\t<div class=\"elementor-element elementor-element-b1fb4b6 elementor-widget elementor-widget-text-editor\" data-id=\"b1fb4b6\" data-element_type=\"widget\" data-e-type=\"widget\" data-widget_type=\"text-editor.default\">\n\t\t\t\t<div class=\"elementor-widget-container\">\n\t\t\t\t\t\t\t\t\t<p style=\"margin: 0cm; text-align: justify; vertical-align: baseline;\"><span lang=\"PT\" style=\"font-family: 'Lato',sans-serif; color: #666666;\">A TDMED oferece o desenvolvimento de um sistema h\u00edbrido mar\u00edtimo personaliz\u00e1vel, adaptado \u00e0 aplica\u00e7\u00e3o e \u00e0 utiliza\u00e7\u00e3o de cada embarca\u00e7\u00e3o. Este sistema combina as vantagens de um sistema de propuls\u00e3o convencional e de um motor el\u00e9trico. O sistema tamb\u00e9m pode ser integrado no sistema el\u00e9trico padr\u00e3o fornecido com a embarca\u00e7\u00e3o.<\/span><\/p>\n<p><\/p>\n<p style=\"margin: 0cm; text-align: justify; vertical-align: baseline;\"><span lang=\"PT\" style=\"font-family: 'Lato',sans-serif; color: #666666;\">\u00a0<\/span><\/p>\n<p><\/p>\n<p style=\"margin: 0cm; text-align: justify; vertical-align: baseline;\"><span lang=\"PT\" style=\"font-family: 'Lato',sans-serif; color: #666666;\">Este sistema h\u00edbrido combina um motor de combust\u00e3o mar\u00edtima tradicional e um motor el\u00e9trico alimentado por bateria, com a possibilidade de incorporar v\u00e1rios graus de pot\u00eancia h\u00edbrida e obter um design compacto e de tamanho reduzido.<\/span><\/p>\n<p><\/p>\n<p style=\"margin: 0cm; text-align: justify; vertical-align: baseline;\"><span lang=\"PT\" style=\"font-family: 'Lato',sans-serif; color: #666666;\">\u00a0<\/span><\/p>\n<p><\/p>\n<p style=\"margin: 0cm; text-align: justify; vertical-align: baseline;\"><span lang=\"PT\" style=\"font-family: 'Lato',sans-serif; color: #666666;\">O sistema \u00e9 adequado para todos os tipos de embarca\u00e7\u00f5es, <b>incluindo barcos de trabalho ou de passageiros, embarca\u00e7\u00f5es de recreio ou comerciais, ecoturismo em \u00e1reas naturais protegidas<\/b> e muito mais.<\/span><\/p>\n<p><\/p>\n<p style=\"margin: 0cm; text-align: justify; vertical-align: baseline;\"><b><span lang=\"PT\" style=\"font-family: 'Lato',sans-serif; color: #666666;\">\u00a0<\/span><\/b><\/p>\n<p><\/p>\n<p style=\"margin: 0cm; text-align: justify; vertical-align: baseline;\"><span lang=\"PT\" style=\"font-family: 'Lato',sans-serif; color: #666666;\">A TDMED conta com baterias com caracter\u00edsticas de seguran\u00e7a amplamente testadas e certifica\u00e7\u00e3o DNV para garantir a conformidade com os mais elevados padr\u00f5es de seguran\u00e7a.<\/span><\/p>\n\t\t\t\t\t\t\t\t<\/div>\n\t\t\t\t<\/div>\n\t\t\t\t<\/div>\n\t\t\t\t\t<\/div>\n\t\t\t\t<\/div>\n\t\t<div data-particle_enable=\"false\" data-particle-mobile-disabled=\"false\" class=\"elementor-element elementor-element-03ebbbe e-flex e-con-boxed e-con e-parent\" data-id=\"03ebbbe\" data-element_type=\"container\" data-e-type=\"container\">\n\t\t\t\t\t<div class=\"e-con-inner\">\n\t\t<div data-particle_enable=\"false\" data-particle-mobile-disabled=\"false\" class=\"elementor-element elementor-element-74d5663 e-con-full e-flex e-con e-child\" data-id=\"74d5663\" data-element_type=\"container\" data-e-type=\"container\">\n\t\t\t\t<div class=\"elementor-element elementor-element-09f1319 elementor-widget__width-initial elementor-widget-tablet__width-inherit elementor-widget elementor-widget-heading\" data-id=\"09f1319\" data-element_type=\"widget\" data-e-type=\"widget\" data-widget_type=\"heading.default\">\n\t\t\t\t<div class=\"elementor-widget-container\">\n\t\t\t\t\t<h2 class=\"elementor-heading-title elementor-size-default\">\u201cNavega\u00e7\u00e3o silenciosa e de baixas emiss\u00f5es\u201d<\/h2>\t\t\t\t<\/div>\n\t\t\t\t<\/div>\n\t\t\t\t<div class=\"elementor-element elementor-element-973f52f elementor-widget elementor-widget-text-editor\" data-id=\"973f52f\" data-element_type=\"widget\" data-e-type=\"widget\" data-widget_type=\"text-editor.default\">\n\t\t\t\t<div class=\"elementor-widget-container\">\n\t\t\t\t\t\t\t\t\t<p><strong>Funcionamento simples<\/strong>: O barco pode alternar facilmente de um modo de funcionamento para outro, el\u00e9trico\/combust\u00e3o interna. A gest\u00e3o da propuls\u00e3o \u00e9 realizada atrav\u00e9s do painel de instrumentos, selecionando o modo de opera\u00e7\u00e3o desejado. O sistema permite diferentes configura\u00e7\u00f5es do modo de navega\u00e7\u00e3o atrav\u00e9s de uma unidade de controlo. Uma r\u00e1pida mudan\u00e7a no acelerador do motor, tanto para a frente como para tr\u00e1s, permite que a propuls\u00e3o seja alternada de el\u00e9trica para combust\u00e3o interna num instante, fornecendo a m\u00e1xima pot\u00eancia em caso de emerg\u00eancia ou durante manobras de atraca\u00e7\u00e3o.<\/p>\n<p>Um visor apresenta as principais informa\u00e7\u00f5es durante a navega\u00e7\u00e3o: dados do motor\/gerador, estado da bateria, etc.<\/p>\n<p><strong>Acessibilidade: <\/strong>Gra\u00e7as \u00e0 mobilidade el\u00e9trica de Zero Emiss\u00f5es, \u00e9 poss\u00edvel navegar em qualquer lugar, incluindo \u00e1reas marinhas protegidas, protegendo assim o ambiente.<\/p>\n<p><strong>Controlo constante: <\/strong>Todo o sistema \u00e9 controlado por uma ECU ou unidade de controlo que utiliza a tecnologia CANBUS para comunicar com todos os componentes do sistema powertrain e decide o estado de funcionamento do sistema h\u00edbrido.<\/p>\n\t\t\t\t\t\t\t\t<\/div>\n\t\t\t\t<\/div>\n\t\t\t\t<\/div>\n\t\t<div data-particle_enable=\"false\" data-particle-mobile-disabled=\"false\" class=\"elementor-element elementor-element-f4570f0 e-con-full e-flex e-con e-child\" data-id=\"f4570f0\" data-element_type=\"container\" data-e-type=\"container\" data-settings=\"{&quot;background_background&quot;:&quot;classic&quot;}\">\n\t\t\t\t<div class=\"elementor-element elementor-element-44566b1 elementor-widget elementor-widget-image\" data-id=\"44566b1\" data-element_type=\"widget\" data-e-type=\"widget\" data-widget_type=\"image.default\">\n\t\t\t\t<div class=\"elementor-widget-container\">\n\t\t\t\t\t\t\t\t\t\t\t\t\t\t\t<img decoding=\"async\" src=\"https:\/\/tdmed.es\/wp-content\/uploads\/2025\/06\/Navegacion-silenciosa-y-de-bajas-emisiones.png\" title=\"Navegaci\u00f3n silenciosa y de bajas emisiones\" alt=\"Propulsi\u00f3n Hibrida -\" loading=\"lazy\" \/>\t\t\t\t\t\t\t\t\t\t\t\t\t\t\t<\/div>\n\t\t\t\t<\/div>\n\t\t\t\t<\/div>\n\t\t\t\t\t<\/div>\n\t\t\t\t<\/div>\n\t\t\t\t<\/div>\n\t\t","protected":false},"excerpt":{"rendered":"<p>Propuls\u00e3o H\u00edbridaDiesel-El\u00e9trica Marinha \u201cLiving in the pulse of change\u201d A TDMED oferece o desenvolvimento de um sistema h\u00edbrido mar\u00edtimo personaliz\u00e1vel, adaptado \u00e0 aplica\u00e7\u00e3o e \u00e0 &#8230; <\/p>\n<p class=\"read-more-container\"><a title=\"Propuls\u00e3o H\u00edbrida Diesel-El\u00e9trica\" class=\"read-more button\" href=\"https:\/\/tdmed.es\/pt-pt\/propulsao-hibrida-diesel-eletrica\/#more-109214\" aria-label=\"Leia mais sobre Propuls\u00e3o H\u00edbrida Diesel-El\u00e9trica\">Ler mais<\/a><\/p>\n","protected":false},"author":313,"featured_media":0,"parent":0,"menu_order":0,"comment_status":"closed","ping_status":"closed","template":"","meta":{"_joinchat":[],"footnotes":""},"class_list":["post-109214","page","type-page","status-publish"],"yoast_head":"<!-- This site is optimized with the Yoast SEO Premium plugin v27.3 (Yoast SEO v27.3) - https:\/\/yoast.com\/product\/yoast-seo-premium-wordpress\/ -->\n<title>Propuls\u00e3o H\u00edbrida Diesel-El\u00e9trica - TDMED<\/title>\n<meta name=\"description\" content=\"Propuls\u00e3o h\u00edbrida da TDMED: combina motor convencional e el\u00e9trico para uma navega\u00e7\u00e3o silenciosa, zero emiss\u00f5es e m\u00e1xima manobrabilidade.\" \/>\n<meta name=\"robots\" content=\"index, follow, max-snippet:-1, max-image-preview:large, max-video-preview:-1\" \/>\n<link rel=\"canonical\" href=\"https:\/\/tdmed.es\/pt-pt\/propulsao-hibrida-diesel-eletrica\/\" \/>\n<meta property=\"og:locale\" content=\"pt_PT\" \/>\n<meta property=\"og:type\" content=\"article\" \/>\n<meta property=\"og:title\" content=\"Propuls\u00e3o H\u00edbrida Diesel-El\u00e9trica\" \/>\n<meta property=\"og:description\" content=\"Propuls\u00e3o h\u00edbrida da TDMED: combina motor convencional e el\u00e9trico para uma navega\u00e7\u00e3o silenciosa, zero emiss\u00f5es e m\u00e1xima manobrabilidade.\" \/>\n<meta property=\"og:url\" content=\"https:\/\/tdmed.es\/pt-pt\/propulsao-hibrida-diesel-eletrica\/\" \/>\n<meta property=\"og:site_name\" content=\"TDMED\" \/>\n<meta property=\"article:modified_time\" content=\"2026-03-06T11:14:36+00:00\" \/>\n<meta property=\"og:image\" content=\"https:\/\/tdmed.es\/wp-content\/uploads\/2025\/05\/propulsion-hibrida-batteries-Kreisel.png\" \/>\n<meta name=\"twitter:card\" content=\"summary_large_image\" \/>\n<script type=\"application\/ld+json\" class=\"yoast-schema-graph\">{\"@context\":\"https:\\\/\\\/schema.org\",\"@graph\":[{\"@type\":\"WebPage\",\"@id\":\"https:\\\/\\\/tdmed.es\\\/pt-pt\\\/propulsao-hibrida-diesel-eletrica\\\/\",\"url\":\"https:\\\/\\\/tdmed.es\\\/pt-pt\\\/propulsao-hibrida-diesel-eletrica\\\/\",\"name\":\"Propuls\u00e3o H\u00edbrida Diesel-El\u00e9trica - TDMED\",\"isPartOf\":{\"@id\":\"https:\\\/\\\/tdmed.es\\\/pt-pt\\\/#website\"},\"primaryImageOfPage\":{\"@id\":\"https:\\\/\\\/tdmed.es\\\/pt-pt\\\/propulsao-hibrida-diesel-eletrica\\\/#primaryimage\"},\"image\":{\"@id\":\"https:\\\/\\\/tdmed.es\\\/pt-pt\\\/propulsao-hibrida-diesel-eletrica\\\/#primaryimage\"},\"thumbnailUrl\":\"https:\\\/\\\/tdmed.es\\\/wp-content\\\/uploads\\\/2025\\\/05\\\/propulsion-hibrida-batteries-Kreisel.png\",\"datePublished\":\"2025-07-14T17:40:11+00:00\",\"dateModified\":\"2026-03-06T11:14:36+00:00\",\"description\":\"Propuls\u00e3o h\u00edbrida da TDMED: combina motor convencional e el\u00e9trico para uma navega\u00e7\u00e3o silenciosa, zero emiss\u00f5es e m\u00e1xima manobrabilidade.\",\"breadcrumb\":{\"@id\":\"https:\\\/\\\/tdmed.es\\\/pt-pt\\\/propulsao-hibrida-diesel-eletrica\\\/#breadcrumb\"},\"inLanguage\":\"pt-PT\",\"potentialAction\":[{\"@type\":\"ReadAction\",\"target\":[\"https:\\\/\\\/tdmed.es\\\/pt-pt\\\/propulsao-hibrida-diesel-eletrica\\\/\"]}]},{\"@type\":\"ImageObject\",\"inLanguage\":\"pt-PT\",\"@id\":\"https:\\\/\\\/tdmed.es\\\/pt-pt\\\/propulsao-hibrida-diesel-eletrica\\\/#primaryimage\",\"url\":\"https:\\\/\\\/tdmed.es\\\/wp-content\\\/uploads\\\/2025\\\/05\\\/propulsion-hibrida-batteries-Kreisel.png\",\"contentUrl\":\"https:\\\/\\\/tdmed.es\\\/wp-content\\\/uploads\\\/2025\\\/05\\\/propulsion-hibrida-batteries-Kreisel.png\"},{\"@type\":\"BreadcrumbList\",\"@id\":\"https:\\\/\\\/tdmed.es\\\/pt-pt\\\/propulsao-hibrida-diesel-eletrica\\\/#breadcrumb\",\"itemListElement\":[{\"@type\":\"ListItem\",\"position\":1,\"name\":\"Portada\",\"item\":\"https:\\\/\\\/tdmed.es\\\/pt-pt\\\/\"},{\"@type\":\"ListItem\",\"position\":2,\"name\":\"Propuls\u00e3o H\u00edbrida Diesel-El\u00e9trica\"}]},{\"@type\":\"WebSite\",\"@id\":\"https:\\\/\\\/tdmed.es\\\/pt-pt\\\/#website\",\"url\":\"https:\\\/\\\/tdmed.es\\\/pt-pt\\\/\",\"name\":\"TDMED\",\"description\":\"TDMED\",\"publisher\":{\"@id\":\"https:\\\/\\\/tdmed.es\\\/pt-pt\\\/#organization\"},\"potentialAction\":[{\"@type\":\"SearchAction\",\"target\":{\"@type\":\"EntryPoint\",\"urlTemplate\":\"https:\\\/\\\/tdmed.es\\\/pt-pt\\\/?s={search_term_string}\"},\"query-input\":{\"@type\":\"PropertyValueSpecification\",\"valueRequired\":true,\"valueName\":\"search_term_string\"}}],\"inLanguage\":\"pt-PT\"},{\"@type\":\"Organization\",\"@id\":\"https:\\\/\\\/tdmed.es\\\/pt-pt\\\/#organization\",\"name\":\"TransDiesel\",\"url\":\"https:\\\/\\\/tdmed.es\\\/pt-pt\\\/\",\"logo\":{\"@type\":\"ImageObject\",\"inLanguage\":\"pt-PT\",\"@id\":\"https:\\\/\\\/tdmed.es\\\/pt-pt\\\/#\\\/schema\\\/logo\\\/image\\\/\",\"url\":\"https:\\\/\\\/tdmed.es\\\/wp-content\\\/uploads\\\/2018\\\/12\\\/NewLogo.png\",\"contentUrl\":\"https:\\\/\\\/tdmed.es\\\/wp-content\\\/uploads\\\/2018\\\/12\\\/NewLogo.png\",\"width\":800,\"height\":140,\"caption\":\"TransDiesel\"},\"image\":{\"@id\":\"https:\\\/\\\/tdmed.es\\\/pt-pt\\\/#\\\/schema\\\/logo\\\/image\\\/\"}}]}<\/script>\n<!-- \/ Yoast SEO Premium plugin. -->","yoast_head_json":{"title":"Propuls\u00e3o H\u00edbrida Diesel-El\u00e9trica - TDMED","description":"Propuls\u00e3o h\u00edbrida da TDMED: combina motor convencional e el\u00e9trico para uma navega\u00e7\u00e3o silenciosa, zero emiss\u00f5es e m\u00e1xima manobrabilidade.","robots":{"index":"index","follow":"follow","max-snippet":"max-snippet:-1","max-image-preview":"max-image-preview:large","max-video-preview":"max-video-preview:-1"},"canonical":"https:\/\/tdmed.es\/pt-pt\/propulsao-hibrida-diesel-eletrica\/","og_locale":"pt_PT","og_type":"article","og_title":"Propuls\u00e3o H\u00edbrida Diesel-El\u00e9trica","og_description":"Propuls\u00e3o h\u00edbrida da TDMED: combina motor convencional e el\u00e9trico para uma navega\u00e7\u00e3o silenciosa, zero emiss\u00f5es e m\u00e1xima manobrabilidade.","og_url":"https:\/\/tdmed.es\/pt-pt\/propulsao-hibrida-diesel-eletrica\/","og_site_name":"TDMED","article_modified_time":"2026-03-06T11:14:36+00:00","og_image":[{"url":"https:\/\/tdmed.es\/wp-content\/uploads\/2025\/05\/propulsion-hibrida-batteries-Kreisel.png","type":"","width":"","height":""}],"twitter_card":"summary_large_image","schema":{"@context":"https:\/\/schema.org","@graph":[{"@type":"WebPage","@id":"https:\/\/tdmed.es\/pt-pt\/propulsao-hibrida-diesel-eletrica\/","url":"https:\/\/tdmed.es\/pt-pt\/propulsao-hibrida-diesel-eletrica\/","name":"Propuls\u00e3o H\u00edbrida Diesel-El\u00e9trica - TDMED","isPartOf":{"@id":"https:\/\/tdmed.es\/pt-pt\/#website"},"primaryImageOfPage":{"@id":"https:\/\/tdmed.es\/pt-pt\/propulsao-hibrida-diesel-eletrica\/#primaryimage"},"image":{"@id":"https:\/\/tdmed.es\/pt-pt\/propulsao-hibrida-diesel-eletrica\/#primaryimage"},"thumbnailUrl":"https:\/\/tdmed.es\/wp-content\/uploads\/2025\/05\/propulsion-hibrida-batteries-Kreisel.png","datePublished":"2025-07-14T17:40:11+00:00","dateModified":"2026-03-06T11:14:36+00:00","description":"Propuls\u00e3o h\u00edbrida da TDMED: combina motor convencional e el\u00e9trico para uma navega\u00e7\u00e3o silenciosa, zero emiss\u00f5es e m\u00e1xima manobrabilidade.","breadcrumb":{"@id":"https:\/\/tdmed.es\/pt-pt\/propulsao-hibrida-diesel-eletrica\/#breadcrumb"},"inLanguage":"pt-PT","potentialAction":[{"@type":"ReadAction","target":["https:\/\/tdmed.es\/pt-pt\/propulsao-hibrida-diesel-eletrica\/"]}]},{"@type":"ImageObject","inLanguage":"pt-PT","@id":"https:\/\/tdmed.es\/pt-pt\/propulsao-hibrida-diesel-eletrica\/#primaryimage","url":"https:\/\/tdmed.es\/wp-content\/uploads\/2025\/05\/propulsion-hibrida-batteries-Kreisel.png","contentUrl":"https:\/\/tdmed.es\/wp-content\/uploads\/2025\/05\/propulsion-hibrida-batteries-Kreisel.png"},{"@type":"BreadcrumbList","@id":"https:\/\/tdmed.es\/pt-pt\/propulsao-hibrida-diesel-eletrica\/#breadcrumb","itemListElement":[{"@type":"ListItem","position":1,"name":"Portada","item":"https:\/\/tdmed.es\/pt-pt\/"},{"@type":"ListItem","position":2,"name":"Propuls\u00e3o H\u00edbrida Diesel-El\u00e9trica"}]},{"@type":"WebSite","@id":"https:\/\/tdmed.es\/pt-pt\/#website","url":"https:\/\/tdmed.es\/pt-pt\/","name":"TDMED","description":"TDMED","publisher":{"@id":"https:\/\/tdmed.es\/pt-pt\/#organization"},"potentialAction":[{"@type":"SearchAction","target":{"@type":"EntryPoint","urlTemplate":"https:\/\/tdmed.es\/pt-pt\/?s={search_term_string}"},"query-input":{"@type":"PropertyValueSpecification","valueRequired":true,"valueName":"search_term_string"}}],"inLanguage":"pt-PT"},{"@type":"Organization","@id":"https:\/\/tdmed.es\/pt-pt\/#organization","name":"TransDiesel","url":"https:\/\/tdmed.es\/pt-pt\/","logo":{"@type":"ImageObject","inLanguage":"pt-PT","@id":"https:\/\/tdmed.es\/pt-pt\/#\/schema\/logo\/image\/","url":"https:\/\/tdmed.es\/wp-content\/uploads\/2018\/12\/NewLogo.png","contentUrl":"https:\/\/tdmed.es\/wp-content\/uploads\/2018\/12\/NewLogo.png","width":800,"height":140,"caption":"TransDiesel"},"image":{"@id":"https:\/\/tdmed.es\/pt-pt\/#\/schema\/logo\/image\/"}}]}},"_links":{"self":[{"href":"https:\/\/tdmed.es\/pt-pt\/wp-json\/wp\/v2\/pages\/109214","targetHints":{"allow":["GET"]}}],"collection":[{"href":"https:\/\/tdmed.es\/pt-pt\/wp-json\/wp\/v2\/pages"}],"about":[{"href":"https:\/\/tdmed.es\/pt-pt\/wp-json\/wp\/v2\/types\/page"}],"author":[{"embeddable":true,"href":"https:\/\/tdmed.es\/pt-pt\/wp-json\/wp\/v2\/users\/313"}],"replies":[{"embeddable":true,"href":"https:\/\/tdmed.es\/pt-pt\/wp-json\/wp\/v2\/comments?post=109214"}],"version-history":[{"count":0,"href":"https:\/\/tdmed.es\/pt-pt\/wp-json\/wp\/v2\/pages\/109214\/revisions"}],"wp:attachment":[{"href":"https:\/\/tdmed.es\/pt-pt\/wp-json\/wp\/v2\/media?parent=109214"}],"curies":[{"name":"wp","href":"https:\/\/api.w.org\/{rel}","templated":true}]}}