{"id":109206,"date":"2025-07-14T18:48:16","date_gmt":"2025-07-14T16:48:16","guid":{"rendered":"https:\/\/preprod.transdiesel.es\/eixos-e-transmissoes\/"},"modified":"2026-03-06T10:48:35","modified_gmt":"2026-03-06T09:48:35","slug":"eixos-e-transmissoes","status":"publish","type":"page","link":"https:\/\/tdmed.es\/pt-pt\/eixos-e-transmissoes\/","title":{"rendered":"Eixos e Transmiss\u00f5es"},"content":{"rendered":"\t\t<div data-elementor-type=\"wp-page\" data-elementor-id=\"109206\" class=\"elementor elementor-109206 elementor-107749\" data-elementor-post-type=\"page\">\n\t\t\t\t<div data-particle_enable=\"false\" data-particle-mobile-disabled=\"false\" class=\"elementor-element elementor-element-fc286fd e-flex e-con-boxed e-con e-parent\" data-id=\"fc286fd\" data-element_type=\"container\" data-e-type=\"container\" data-settings=\"{&quot;background_background&quot;:&quot;classic&quot;}\">\n\t\t\t\t\t<div class=\"e-con-inner\">\n\t\t\t\t<div class=\"elementor-element elementor-element-385938e elementor-widget elementor-widget-spacer\" data-id=\"385938e\" data-element_type=\"widget\" data-e-type=\"widget\" data-widget_type=\"spacer.default\">\n\t\t\t\t<div class=\"elementor-widget-container\">\n\t\t\t\t\t\t\t<div class=\"elementor-spacer\">\n\t\t\t<div class=\"elementor-spacer-inner\"><\/div>\n\t\t<\/div>\n\t\t\t\t\t\t<\/div>\n\t\t\t\t<\/div>\n\t\t\t\t\t<\/div>\n\t\t\t\t<\/div>\n\t\t<div data-particle_enable=\"false\" data-particle-mobile-disabled=\"false\" class=\"elementor-element elementor-element-f0df74c e-flex e-con-boxed e-con e-parent\" data-id=\"f0df74c\" data-element_type=\"container\" data-e-type=\"container\">\n\t\t\t\t\t<div class=\"e-con-inner\">\n\t\t<div data-particle_enable=\"false\" data-particle-mobile-disabled=\"false\" class=\"elementor-element elementor-element-a446c88 e-con-full e-flex e-con e-child\" data-id=\"a446c88\" data-element_type=\"container\" data-e-type=\"container\">\n\t\t\t\t<div class=\"elementor-element elementor-element-f63e634 elementor-widget__width-initial elementor-widget-tablet__width-inherit elementor-widget elementor-widget-heading\" data-id=\"f63e634\" data-element_type=\"widget\" data-e-type=\"widget\" data-widget_type=\"heading.default\">\n\t\t\t\t<div class=\"elementor-widget-container\">\n\t\t\t\t\t<h1 class=\"elementor-heading-title elementor-size-default\">Eixos e Transmiss\u00f5es<\/h1>\t\t\t\t<\/div>\n\t\t\t\t<\/div>\n\t\t\t\t<div class=\"elementor-element elementor-element-99ca539 elementor-widget elementor-widget-text-editor\" data-id=\"99ca539\" data-element_type=\"widget\" data-e-type=\"widget\" data-widget_type=\"text-editor.default\">\n\t\t\t\t<div class=\"elementor-widget-container\">\n\t\t\t\t\t\t\t\t\t<p style=\"text-align: center;\">\u201cDrivetrain technologies for all mobility markets\u201d<\/p>\t\t\t\t\t\t\t\t<\/div>\n\t\t\t\t<\/div>\n\t\t\t\t<\/div>\n\t\t\t\t\t<\/div>\n\t\t\t\t<\/div>\n\t\t<div data-particle_enable=\"false\" data-particle-mobile-disabled=\"false\" class=\"elementor-element elementor-element-16d8690 e-flex e-con-boxed e-con e-parent\" data-id=\"16d8690\" data-element_type=\"container\" data-e-type=\"container\">\n\t\t\t\t\t<div class=\"e-con-inner\">\n\t\t<div data-particle_enable=\"false\" data-particle-mobile-disabled=\"false\" class=\"elementor-element elementor-element-d93285e e-con-full e-flex e-con e-child\" data-id=\"d93285e\" data-element_type=\"container\" data-e-type=\"container\" data-settings=\"{&quot;background_background&quot;:&quot;classic&quot;}\">\n\t\t\t\t<div class=\"elementor-element elementor-element-57e2eba elementor-widget elementor-widget-image\" data-id=\"57e2eba\" data-element_type=\"widget\" data-e-type=\"widget\" data-widget_type=\"image.default\">\n\t\t\t\t<div class=\"elementor-widget-container\">\n\t\t\t\t\t\t\t\t\t\t\t\t\t\t\t<img decoding=\"async\" src=\"https:\/\/tdmed.es\/wp-content\/uploads\/2025\/05\/Ejes-y-Transmisiones-3.png\" title=\"Ejes-y-Transmisiones-3\" alt=\"Ejes y transmisiones - Equipos de miner\u00eda\" loading=\"lazy\" \/>\t\t\t\t\t\t\t\t\t\t\t\t\t\t\t<\/div>\n\t\t\t\t<\/div>\n\t\t\t\t<\/div>\n\t\t<div data-particle_enable=\"false\" data-particle-mobile-disabled=\"false\" class=\"elementor-element elementor-element-7216c17 e-con-full e-flex e-con e-child\" data-id=\"7216c17\" data-element_type=\"container\" data-e-type=\"container\">\n\t\t\t\t<div class=\"elementor-element elementor-element-c24e24d elementor-widget elementor-widget-image\" data-id=\"c24e24d\" data-element_type=\"widget\" data-e-type=\"widget\" data-widget_type=\"image.default\">\n\t\t\t\t<div class=\"elementor-widget-container\">\n\t\t\t\t\t\t\t\t\t\t\t\t\t\t\t<img decoding=\"async\" width=\"330\" height=\"69\" src=\"https:\/\/tdmed.es\/wp-content\/uploads\/2023\/09\/dana-logo.jpg\" class=\"attachment-large size-large wp-image-107078\" alt=\"logo dana spicer - drivetrain products\" srcset=\"https:\/\/tdmed.es\/wp-content\/uploads\/2023\/09\/dana-logo.jpg 330w, https:\/\/tdmed.es\/wp-content\/uploads\/2023\/09\/dana-logo-300x63.jpg 300w, https:\/\/tdmed.es\/wp-content\/uploads\/2023\/09\/dana-logo-64x13.jpg 64w\" sizes=\"(max-width: 330px) 100vw, 330px\" \/>\t\t\t\t\t\t\t\t\t\t\t\t\t\t\t<\/div>\n\t\t\t\t<\/div>\n\t\t\t\t<div class=\"elementor-element elementor-element-541cebc elementor-widget elementor-widget-text-editor\" data-id=\"541cebc\" data-element_type=\"widget\" data-e-type=\"widget\" data-widget_type=\"text-editor.default\">\n\t\t\t\t<div class=\"elementor-widget-container\">\n\t\t\t\t\t\t\t\t\tA Dana \u00e9 um fornecedor l\u00edder de sistemas de transmiss\u00e3o totalmente integrados e sistemas de propuls\u00e3o eletrificados para todos os ve\u00edculos de passageiros leves, ve\u00edculos comerciais de m\u00e9dio e pesado porte e maquinaria fora de estrada. Trabalhando de forma colaborativa com fabricantes de equipamentos originais e o mercado de reposi\u00e7\u00e3o, focamos em entregar efici\u00eancia de primeira classe, m\u00e1xima durabilidade e manuseio e condu\u00e7\u00e3o superiores em todo o mundo.<br><br>Assim, a marca disponibiliza produtos como eixos de redu\u00e7\u00e3o simples, eixos planet\u00e1rios, eixos especiais e transaxles. Esta caracter\u00edstica, aliada \u00e0 sua excecional robustez, tornou os eixos Hurth amplamente utilizados na maioria das aplica\u00e7\u00f5es de <strong>m\u00e1quinas agr\u00edcolas, industriais, de obras p\u00fablicas e de minas<\/strong>.\t\t\t\t\t\t\t\t<\/div>\n\t\t\t\t<\/div>\n\t\t\t\t<\/div>\n\t\t\t\t\t<\/div>\n\t\t\t\t<\/div>\n\t\t<div data-particle_enable=\"false\" data-particle-mobile-disabled=\"false\" class=\"elementor-element elementor-element-37b9578 e-flex e-con-boxed e-con e-parent\" data-id=\"37b9578\" data-element_type=\"container\" data-e-type=\"container\">\n\t\t\t\t\t<div class=\"e-con-inner\">\n\t\t<div data-particle_enable=\"false\" data-particle-mobile-disabled=\"false\" class=\"elementor-element elementor-element-4cd484b e-con-full e-flex e-con e-child\" data-id=\"4cd484b\" data-element_type=\"container\" data-e-type=\"container\">\n\t\t\t\t<div class=\"elementor-element elementor-element-fd9b610 elementor-widget__width-initial elementor-widget-tablet__width-inherit elementor-widget elementor-widget-heading\" data-id=\"fd9b610\" data-element_type=\"widget\" data-e-type=\"widget\" data-widget_type=\"heading.default\">\n\t\t\t\t<div class=\"elementor-widget-container\">\n\t\t\t\t\t<h2 class=\"elementor-heading-title elementor-size-default\">Desde 1993 que a TDMED \u00e9 o \u00fanico \"Centro de Servi\u00e7o Autorizado\" em Espanha e Portugal para a marca de eixos Hurth, parte da divis\u00e3o Spicer Off-Highway do grupo Dana.<\/h2>\t\t\t\t<\/div>\n\t\t\t\t<\/div>\n\t\t\t\t<\/div>\n\t\t\t\t\t<\/div>\n\t\t\t\t<\/div>\n\t\t<div data-particle_enable=\"false\" data-particle-mobile-disabled=\"false\" class=\"elementor-element elementor-element-9ffdb88 e-flex e-con-boxed e-con e-parent\" data-id=\"9ffdb88\" data-element_type=\"container\" data-e-type=\"container\">\n\t\t\t\t\t<div class=\"e-con-inner\">\n\t\t<div data-particle_enable=\"false\" data-particle-mobile-disabled=\"false\" class=\"elementor-element elementor-element-362aa7c e-con-full e-flex e-con e-child\" data-id=\"362aa7c\" data-element_type=\"container\" data-e-type=\"container\" data-settings=\"{&quot;background_background&quot;:&quot;classic&quot;}\">\n\t\t\t\t<div class=\"elementor-element elementor-element-661a7d2 elementor-widget elementor-widget-image\" data-id=\"661a7d2\" data-element_type=\"widget\" data-e-type=\"widget\" data-widget_type=\"image.default\">\n\t\t\t\t<div class=\"elementor-widget-container\">\n\t\t\t\t\t\t\t\t\t\t\t\t\t\t\t<img decoding=\"async\" width=\"330\" height=\"69\" src=\"https:\/\/tdmed.es\/wp-content\/uploads\/2023\/09\/dana-logo.jpg\" class=\"attachment-large size-large wp-image-107078\" alt=\"logo dana spicer - drivetrain products\" srcset=\"https:\/\/tdmed.es\/wp-content\/uploads\/2023\/09\/dana-logo.jpg 330w, https:\/\/tdmed.es\/wp-content\/uploads\/2023\/09\/dana-logo-300x63.jpg 300w, https:\/\/tdmed.es\/wp-content\/uploads\/2023\/09\/dana-logo-64x13.jpg 64w\" sizes=\"(max-width: 330px) 100vw, 330px\" \/>\t\t\t\t\t\t\t\t\t\t\t\t\t\t\t<\/div>\n\t\t\t\t<\/div>\n\t\t\t\t<div class=\"elementor-element elementor-element-a7cdd36 elementor-widget elementor-widget-text-editor\" data-id=\"a7cdd36\" data-element_type=\"widget\" data-e-type=\"widget\" data-widget_type=\"text-editor.default\">\n\t\t\t\t<div class=\"elementor-widget-container\">\n\t\t\t\t\t\t\t\t\t<p>Os produtos Dana s\u00e3o utilizados nas seguintes <strong>aplica\u00e7\u00f5es,<\/strong> entre outras: equipamentos de minera\u00e7\u00e3o, equipamentos de servi\u00e7os aeroportu\u00e1rios, rolos compactadores, empilhadores, mini-dumpers, tratores agr\u00edcolas, varredoras, p\u00e1s-carregadoras de rodas, manipuladores telesc\u00f3picos, m\u00e1quinas florestais e muito mais.<\/p>\n<p>Alguns dos <strong>OEM<\/strong> que escolheram os eixos Hurth: Agria, Europactor, TEM Gorris, Vermeer, Terex, JLG, Ingersoll Rand, Gehl, FMC, CNH, Bomag, Atlas Copco, Linde, JCB, Manitou, Dynapac, Skyjack, Komatsu, Fantuzzi, Dieci, Liebherr, etc.<\/p>\n<p>\u200bMais informa\u00e7\u00f5es na\u00a0<a href=\"http:\/\/www.dana.com\/\">pagina oficial<\/a>\u00a0e na nossa <a href=\"https:\/\/transdiesel.es\/?product_cat=dana\">Loja Online<\/a><\/p>\n\t\t\t\t\t\t\t\t<\/div>\n\t\t\t\t<\/div>\n\t\t\t\t<\/div>\n\t\t<div data-particle_enable=\"false\" data-particle-mobile-disabled=\"false\" class=\"elementor-element elementor-element-c7481cd e-con-full e-flex e-con e-child\" data-id=\"c7481cd\" data-element_type=\"container\" data-e-type=\"container\" data-settings=\"{&quot;background_background&quot;:&quot;classic&quot;}\">\n\t\t\t\t<div class=\"elementor-element elementor-element-a5fa5ce elementor-widget elementor-widget-image\" data-id=\"a5fa5ce\" data-element_type=\"widget\" data-e-type=\"widget\" data-widget_type=\"image.default\">\n\t\t\t\t<div class=\"elementor-widget-container\">\n\t\t\t\t\t\t\t\t\t\t\t\t\t\t\t<img decoding=\"async\" src=\"https:\/\/tdmed.es\/wp-content\/uploads\/2025\/05\/Ejes-y-Transmisiones-2.png\" title=\"Ejes-y-Transmisiones-2\" alt=\"Ejes y transmisiones - Equipos de miner\u00eda\" loading=\"lazy\" \/>\t\t\t\t\t\t\t\t\t\t\t\t\t\t\t<\/div>\n\t\t\t\t<\/div>\n\t\t\t\t<\/div>\n\t\t\t\t\t<\/div>\n\t\t\t\t<\/div>\n\t\t<div data-particle_enable=\"false\" data-particle-mobile-disabled=\"false\" class=\"elementor-element elementor-element-11b9b4f e-flex e-con-boxed e-con e-parent\" data-id=\"11b9b4f\" data-element_type=\"container\" data-e-type=\"container\">\n\t\t\t\t\t<div class=\"e-con-inner\">\n\t\t<div data-particle_enable=\"false\" data-particle-mobile-disabled=\"false\" class=\"elementor-element elementor-element-0c654a8 e-con-full e-flex e-con e-child\" data-id=\"0c654a8\" data-element_type=\"container\" data-e-type=\"container\">\n\t\t\t\t<div class=\"elementor-element elementor-element-7ee012c elementor-widget__width-initial elementor-widget-tablet__width-inherit elementor-widget elementor-widget-heading\" data-id=\"7ee012c\" data-element_type=\"widget\" data-e-type=\"widget\" data-widget_type=\"heading.default\">\n\t\t\t\t<div class=\"elementor-widget-container\">\n\t\t\t\t\t<h3 class=\"elementor-heading-title elementor-size-default\">Funk: Componentes da transmiss\u00e3o fabricados de acordo com as especifica\u00e7\u00f5es da John Deere<\/h3>\t\t\t\t<\/div>\n\t\t\t\t<\/div>\n\t\t\t\t<\/div>\n\t\t\t\t\t<\/div>\n\t\t\t\t<\/div>\n\t\t<div data-particle_enable=\"false\" data-particle-mobile-disabled=\"false\" class=\"elementor-element elementor-element-cd1cf8d e-flex e-con-boxed e-con e-parent\" data-id=\"cd1cf8d\" data-element_type=\"container\" data-e-type=\"container\">\n\t\t\t\t\t<div class=\"e-con-inner\">\n\t\t<div data-particle_enable=\"false\" data-particle-mobile-disabled=\"false\" class=\"elementor-element elementor-element-e955d7d e-con-full e-flex e-con e-child\" data-id=\"e955d7d\" data-element_type=\"container\" data-e-type=\"container\" data-settings=\"{&quot;background_background&quot;:&quot;classic&quot;}\">\n\t\t\t\t<div class=\"elementor-element elementor-element-8f451b3 elementor-widget elementor-widget-image\" data-id=\"8f451b3\" data-element_type=\"widget\" data-e-type=\"widget\" data-widget_type=\"image.default\">\n\t\t\t\t<div class=\"elementor-widget-container\">\n\t\t\t\t\t\t\t\t\t\t\t\t\t\t\t<img decoding=\"async\" src=\"https:\/\/tdmed.es\/wp-content\/uploads\/2025\/05\/Ejes-y-Transmisiones-4.png\" title=\"Ejes-y-Transmisiones-4\" alt=\"Ejes y Transmisiones - Funk drivetrain components John Deere\" loading=\"lazy\" \/>\t\t\t\t\t\t\t\t\t\t\t\t\t\t\t<\/div>\n\t\t\t\t<\/div>\n\t\t\t\t<\/div>\n\t\t<div data-particle_enable=\"false\" data-particle-mobile-disabled=\"false\" class=\"elementor-element elementor-element-ced9fe5 e-con-full e-flex e-con e-child\" data-id=\"ced9fe5\" data-element_type=\"container\" data-e-type=\"container\">\n\t\t\t\t<div class=\"elementor-element elementor-element-e07d34c elementor-widget elementor-widget-image\" data-id=\"e07d34c\" data-element_type=\"widget\" data-e-type=\"widget\" data-widget_type=\"image.default\">\n\t\t\t\t<div class=\"elementor-widget-container\">\n\t\t\t\t\t\t\t\t\t\t\t\t\t\t\t<img fetchpriority=\"high\" decoding=\"async\" width=\"330\" height=\"200\" src=\"https:\/\/tdmed.es\/wp-content\/uploads\/2025\/04\/funk-drivetrain.png\" class=\"attachment-large size-large wp-image-107971\" alt=\"logo funk drivetrain components\" srcset=\"https:\/\/tdmed.es\/wp-content\/uploads\/2025\/04\/funk-drivetrain.png 330w, https:\/\/tdmed.es\/wp-content\/uploads\/2025\/04\/funk-drivetrain-300x182.png 300w, https:\/\/tdmed.es\/wp-content\/uploads\/2025\/04\/funk-drivetrain-64x39.png 64w\" sizes=\"(max-width: 330px) 100vw, 330px\" \/>\t\t\t\t\t\t\t\t\t\t\t\t\t\t\t<\/div>\n\t\t\t\t<\/div>\n\t\t\t\t<div class=\"elementor-element elementor-element-2927b46 elementor-widget elementor-widget-text-editor\" data-id=\"2927b46\" data-element_type=\"widget\" data-e-type=\"widget\" data-widget_type=\"text-editor.default\">\n\t\t\t\t<div class=\"elementor-widget-container\">\n\t\t\t\t\t\t\t\t\t<p>As transmiss\u00f5es Funk, eixos, transmiss\u00f5es de bombas, transmiss\u00f5es por engrenagens planet\u00e1rias e componentes de transmiss\u00e3o el\u00e9trica John Deere s\u00e3o concebidos para operar numa vasta gama de condi\u00e7\u00f5es off-road adversas. Encontre transmiss\u00f5es acionadas por sistemas hidr\u00e1ulicos todo-o-terreno de alta tecnologia na TDMED: transmiss\u00f5es Funk\u2122 Powershift controladas eletronicamente, transmiss\u00f5es Funk\u2122 HMD ou Transmiss\u00f5es Hidrost\u00e1ticas Funk\u2122.<\/p>\n<p>Mais informa\u00e7\u00f5es <a href=\"https:\/\/www.deere.com\/en\/drivetrain-components\/?adobe_mc=MCMID%3D11054428924694336091696881689032107374%7CMCORGID%3D8CC867C25245ADC30A490D4C%2540AdobeOrg%7CTS%3D1733823064&amp;appName=dcom&amp;sourcePageName=es_es%2520%253A%2520motores-y-transmisiones&amp;sourcePageURL=https%253A%252F%252Fwww.deere.es%252Fes%252Fmotores-y-transmisiones%252F&amp;sourceLinkHref=https%253A%252F%252Fwww.deere.com%252Fen%252Fdrivetrain-components%252F&amp;sourceLinkId=cta-industry-sub-navigation%2520%253A%2520undefined%2520%253A%2520Sistemas%2520de%2520transmisi%25C3%25B3n%2520el%25C3%25A9ctrica\">na\u00a0p\u00e1gina oficial<\/a><\/p>\n\t\t\t\t\t\t\t\t<\/div>\n\t\t\t\t<\/div>\n\t\t\t\t<\/div>\n\t\t\t\t\t<\/div>\n\t\t\t\t<\/div>\n\t\t\t\t<\/div>\n\t\t","protected":false},"excerpt":{"rendered":"<p>Eixos e Transmiss\u00f5es \u201cDrivetrain technologies for all mobility markets\u201d A Dana \u00e9 um fornecedor l\u00edder de sistemas de transmiss\u00e3o totalmente integrados e sistemas de propuls\u00e3o &#8230; <\/p>\n<p class=\"read-more-container\"><a title=\"Eixos e Transmiss\u00f5es\" class=\"read-more button\" href=\"https:\/\/tdmed.es\/pt-pt\/eixos-e-transmissoes\/#more-109206\" aria-label=\"Leia mais sobre Eixos e Transmiss\u00f5es\">Ler mais<\/a><\/p>\n","protected":false},"author":313,"featured_media":0,"parent":0,"menu_order":0,"comment_status":"closed","ping_status":"closed","template":"","meta":{"_joinchat":[],"footnotes":""},"class_list":["post-109206","page","type-page","status-publish"],"yoast_head":"<!-- This site is optimized with the Yoast SEO Premium plugin v27.3 (Yoast SEO v27.3) - https:\/\/yoast.com\/product\/yoast-seo-premium-wordpress\/ -->\n<title>Eixos e Transmiss\u00f5es - TDMED<\/title>\n<meta name=\"description\" content=\"Eixos e transmiss\u00f5es para ve\u00edculos e maquinaria pesada. Pe\u00e7as sobressalentes originais, engenharia de integra\u00e7\u00e3o e assist\u00eancia t\u00e9cnica.\" \/>\n<meta name=\"robots\" content=\"index, follow, max-snippet:-1, max-image-preview:large, max-video-preview:-1\" \/>\n<link rel=\"canonical\" href=\"https:\/\/tdmed.es\/pt-pt\/eixos-e-transmissoes\/\" \/>\n<meta property=\"og:locale\" content=\"pt_PT\" \/>\n<meta property=\"og:type\" content=\"article\" \/>\n<meta property=\"og:title\" content=\"Eixos e Transmiss\u00f5es\" \/>\n<meta property=\"og:description\" content=\"Eixos e transmiss\u00f5es para ve\u00edculos e maquinaria pesada. Pe\u00e7as sobressalentes originais, engenharia de integra\u00e7\u00e3o e assist\u00eancia t\u00e9cnica.\" \/>\n<meta property=\"og:url\" content=\"https:\/\/tdmed.es\/pt-pt\/eixos-e-transmissoes\/\" \/>\n<meta property=\"og:site_name\" content=\"TDMED\" \/>\n<meta property=\"article:modified_time\" content=\"2026-03-06T09:48:35+00:00\" \/>\n<meta property=\"og:image\" content=\"https:\/\/tdmed.es\/wp-content\/uploads\/2025\/05\/Ejes-y-Transmisiones-3.png\" \/>\n<meta name=\"twitter:card\" content=\"summary_large_image\" \/>\n<script type=\"application\/ld+json\" class=\"yoast-schema-graph\">{\"@context\":\"https:\\\/\\\/schema.org\",\"@graph\":[{\"@type\":\"WebPage\",\"@id\":\"https:\\\/\\\/tdmed.es\\\/pt-pt\\\/eixos-e-transmissoes\\\/\",\"url\":\"https:\\\/\\\/tdmed.es\\\/pt-pt\\\/eixos-e-transmissoes\\\/\",\"name\":\"Eixos e Transmiss\u00f5es - TDMED\",\"isPartOf\":{\"@id\":\"https:\\\/\\\/tdmed.es\\\/pt-pt\\\/#website\"},\"primaryImageOfPage\":{\"@id\":\"https:\\\/\\\/tdmed.es\\\/pt-pt\\\/eixos-e-transmissoes\\\/#primaryimage\"},\"image\":{\"@id\":\"https:\\\/\\\/tdmed.es\\\/pt-pt\\\/eixos-e-transmissoes\\\/#primaryimage\"},\"thumbnailUrl\":\"https:\\\/\\\/tdmed.es\\\/wp-content\\\/uploads\\\/2025\\\/05\\\/Ejes-y-Transmisiones-3.png\",\"datePublished\":\"2025-07-14T16:48:16+00:00\",\"dateModified\":\"2026-03-06T09:48:35+00:00\",\"description\":\"Eixos e transmiss\u00f5es para ve\u00edculos e maquinaria pesada. Pe\u00e7as sobressalentes originais, engenharia de integra\u00e7\u00e3o e assist\u00eancia t\u00e9cnica.\",\"breadcrumb\":{\"@id\":\"https:\\\/\\\/tdmed.es\\\/pt-pt\\\/eixos-e-transmissoes\\\/#breadcrumb\"},\"inLanguage\":\"pt-PT\",\"potentialAction\":[{\"@type\":\"ReadAction\",\"target\":[\"https:\\\/\\\/tdmed.es\\\/pt-pt\\\/eixos-e-transmissoes\\\/\"]}]},{\"@type\":\"ImageObject\",\"inLanguage\":\"pt-PT\",\"@id\":\"https:\\\/\\\/tdmed.es\\\/pt-pt\\\/eixos-e-transmissoes\\\/#primaryimage\",\"url\":\"https:\\\/\\\/tdmed.es\\\/wp-content\\\/uploads\\\/2025\\\/05\\\/Ejes-y-Transmisiones-3.png\",\"contentUrl\":\"https:\\\/\\\/tdmed.es\\\/wp-content\\\/uploads\\\/2025\\\/05\\\/Ejes-y-Transmisiones-3.png\"},{\"@type\":\"BreadcrumbList\",\"@id\":\"https:\\\/\\\/tdmed.es\\\/pt-pt\\\/eixos-e-transmissoes\\\/#breadcrumb\",\"itemListElement\":[{\"@type\":\"ListItem\",\"position\":1,\"name\":\"Portada\",\"item\":\"https:\\\/\\\/tdmed.es\\\/pt-pt\\\/\"},{\"@type\":\"ListItem\",\"position\":2,\"name\":\"Eixos e Transmiss\u00f5es\"}]},{\"@type\":\"WebSite\",\"@id\":\"https:\\\/\\\/tdmed.es\\\/pt-pt\\\/#website\",\"url\":\"https:\\\/\\\/tdmed.es\\\/pt-pt\\\/\",\"name\":\"TDMED\",\"description\":\"TDMED\",\"publisher\":{\"@id\":\"https:\\\/\\\/tdmed.es\\\/pt-pt\\\/#organization\"},\"potentialAction\":[{\"@type\":\"SearchAction\",\"target\":{\"@type\":\"EntryPoint\",\"urlTemplate\":\"https:\\\/\\\/tdmed.es\\\/pt-pt\\\/?s={search_term_string}\"},\"query-input\":{\"@type\":\"PropertyValueSpecification\",\"valueRequired\":true,\"valueName\":\"search_term_string\"}}],\"inLanguage\":\"pt-PT\"},{\"@type\":\"Organization\",\"@id\":\"https:\\\/\\\/tdmed.es\\\/pt-pt\\\/#organization\",\"name\":\"TransDiesel\",\"url\":\"https:\\\/\\\/tdmed.es\\\/pt-pt\\\/\",\"logo\":{\"@type\":\"ImageObject\",\"inLanguage\":\"pt-PT\",\"@id\":\"https:\\\/\\\/tdmed.es\\\/pt-pt\\\/#\\\/schema\\\/logo\\\/image\\\/\",\"url\":\"https:\\\/\\\/tdmed.es\\\/wp-content\\\/uploads\\\/2018\\\/12\\\/NewLogo.png\",\"contentUrl\":\"https:\\\/\\\/tdmed.es\\\/wp-content\\\/uploads\\\/2018\\\/12\\\/NewLogo.png\",\"width\":800,\"height\":140,\"caption\":\"TransDiesel\"},\"image\":{\"@id\":\"https:\\\/\\\/tdmed.es\\\/pt-pt\\\/#\\\/schema\\\/logo\\\/image\\\/\"}}]}<\/script>\n<!-- \/ Yoast SEO Premium plugin. -->","yoast_head_json":{"title":"Eixos e Transmiss\u00f5es - TDMED","description":"Eixos e transmiss\u00f5es para ve\u00edculos e maquinaria pesada. Pe\u00e7as sobressalentes originais, engenharia de integra\u00e7\u00e3o e assist\u00eancia t\u00e9cnica.","robots":{"index":"index","follow":"follow","max-snippet":"max-snippet:-1","max-image-preview":"max-image-preview:large","max-video-preview":"max-video-preview:-1"},"canonical":"https:\/\/tdmed.es\/pt-pt\/eixos-e-transmissoes\/","og_locale":"pt_PT","og_type":"article","og_title":"Eixos e Transmiss\u00f5es","og_description":"Eixos e transmiss\u00f5es para ve\u00edculos e maquinaria pesada. Pe\u00e7as sobressalentes originais, engenharia de integra\u00e7\u00e3o e assist\u00eancia t\u00e9cnica.","og_url":"https:\/\/tdmed.es\/pt-pt\/eixos-e-transmissoes\/","og_site_name":"TDMED","article_modified_time":"2026-03-06T09:48:35+00:00","og_image":[{"url":"https:\/\/tdmed.es\/wp-content\/uploads\/2025\/05\/Ejes-y-Transmisiones-3.png","type":"","width":"","height":""}],"twitter_card":"summary_large_image","schema":{"@context":"https:\/\/schema.org","@graph":[{"@type":"WebPage","@id":"https:\/\/tdmed.es\/pt-pt\/eixos-e-transmissoes\/","url":"https:\/\/tdmed.es\/pt-pt\/eixos-e-transmissoes\/","name":"Eixos e Transmiss\u00f5es - TDMED","isPartOf":{"@id":"https:\/\/tdmed.es\/pt-pt\/#website"},"primaryImageOfPage":{"@id":"https:\/\/tdmed.es\/pt-pt\/eixos-e-transmissoes\/#primaryimage"},"image":{"@id":"https:\/\/tdmed.es\/pt-pt\/eixos-e-transmissoes\/#primaryimage"},"thumbnailUrl":"https:\/\/tdmed.es\/wp-content\/uploads\/2025\/05\/Ejes-y-Transmisiones-3.png","datePublished":"2025-07-14T16:48:16+00:00","dateModified":"2026-03-06T09:48:35+00:00","description":"Eixos e transmiss\u00f5es para ve\u00edculos e maquinaria pesada. Pe\u00e7as sobressalentes originais, engenharia de integra\u00e7\u00e3o e assist\u00eancia t\u00e9cnica.","breadcrumb":{"@id":"https:\/\/tdmed.es\/pt-pt\/eixos-e-transmissoes\/#breadcrumb"},"inLanguage":"pt-PT","potentialAction":[{"@type":"ReadAction","target":["https:\/\/tdmed.es\/pt-pt\/eixos-e-transmissoes\/"]}]},{"@type":"ImageObject","inLanguage":"pt-PT","@id":"https:\/\/tdmed.es\/pt-pt\/eixos-e-transmissoes\/#primaryimage","url":"https:\/\/tdmed.es\/wp-content\/uploads\/2025\/05\/Ejes-y-Transmisiones-3.png","contentUrl":"https:\/\/tdmed.es\/wp-content\/uploads\/2025\/05\/Ejes-y-Transmisiones-3.png"},{"@type":"BreadcrumbList","@id":"https:\/\/tdmed.es\/pt-pt\/eixos-e-transmissoes\/#breadcrumb","itemListElement":[{"@type":"ListItem","position":1,"name":"Portada","item":"https:\/\/tdmed.es\/pt-pt\/"},{"@type":"ListItem","position":2,"name":"Eixos e Transmiss\u00f5es"}]},{"@type":"WebSite","@id":"https:\/\/tdmed.es\/pt-pt\/#website","url":"https:\/\/tdmed.es\/pt-pt\/","name":"TDMED","description":"TDMED","publisher":{"@id":"https:\/\/tdmed.es\/pt-pt\/#organization"},"potentialAction":[{"@type":"SearchAction","target":{"@type":"EntryPoint","urlTemplate":"https:\/\/tdmed.es\/pt-pt\/?s={search_term_string}"},"query-input":{"@type":"PropertyValueSpecification","valueRequired":true,"valueName":"search_term_string"}}],"inLanguage":"pt-PT"},{"@type":"Organization","@id":"https:\/\/tdmed.es\/pt-pt\/#organization","name":"TransDiesel","url":"https:\/\/tdmed.es\/pt-pt\/","logo":{"@type":"ImageObject","inLanguage":"pt-PT","@id":"https:\/\/tdmed.es\/pt-pt\/#\/schema\/logo\/image\/","url":"https:\/\/tdmed.es\/wp-content\/uploads\/2018\/12\/NewLogo.png","contentUrl":"https:\/\/tdmed.es\/wp-content\/uploads\/2018\/12\/NewLogo.png","width":800,"height":140,"caption":"TransDiesel"},"image":{"@id":"https:\/\/tdmed.es\/pt-pt\/#\/schema\/logo\/image\/"}}]}},"_links":{"self":[{"href":"https:\/\/tdmed.es\/pt-pt\/wp-json\/wp\/v2\/pages\/109206","targetHints":{"allow":["GET"]}}],"collection":[{"href":"https:\/\/tdmed.es\/pt-pt\/wp-json\/wp\/v2\/pages"}],"about":[{"href":"https:\/\/tdmed.es\/pt-pt\/wp-json\/wp\/v2\/types\/page"}],"author":[{"embeddable":true,"href":"https:\/\/tdmed.es\/pt-pt\/wp-json\/wp\/v2\/users\/313"}],"replies":[{"embeddable":true,"href":"https:\/\/tdmed.es\/pt-pt\/wp-json\/wp\/v2\/comments?post=109206"}],"version-history":[{"count":0,"href":"https:\/\/tdmed.es\/pt-pt\/wp-json\/wp\/v2\/pages\/109206\/revisions"}],"wp:attachment":[{"href":"https:\/\/tdmed.es\/pt-pt\/wp-json\/wp\/v2\/media?parent=109206"}],"curies":[{"name":"wp","href":"https:\/\/api.w.org\/{rel}","templated":true}]}}