{"id":109200,"date":"2025-07-14T18:30:13","date_gmt":"2025-07-14T16:30:13","guid":{"rendered":"https:\/\/preprod.transdiesel.es\/propulsao-a-gas\/"},"modified":"2026-03-06T10:21:17","modified_gmt":"2026-03-06T09:21:17","slug":"propulsao-a-gas","status":"publish","type":"page","link":"https:\/\/tdmed.es\/pt-pt\/propulsao-a-gas\/","title":{"rendered":"Propuls\u00e3o a G\u00e1s"},"content":{"rendered":"\t\t<div data-elementor-type=\"wp-page\" data-elementor-id=\"109200\" class=\"elementor elementor-109200 elementor-107726\" data-elementor-post-type=\"page\">\n\t\t\t\t<div data-particle_enable=\"false\" data-particle-mobile-disabled=\"false\" class=\"elementor-element elementor-element-fc286fd e-flex e-con-boxed e-con e-parent\" data-id=\"fc286fd\" data-element_type=\"container\" data-e-type=\"container\" data-settings=\"{&quot;background_background&quot;:&quot;classic&quot;}\">\n\t\t\t\t\t<div class=\"e-con-inner\">\n\t\t\t\t\t<\/div>\n\t\t\t\t<\/div>\n\t\t<div data-particle_enable=\"false\" data-particle-mobile-disabled=\"false\" class=\"elementor-element elementor-element-f0df74c e-flex e-con-boxed e-con e-parent\" data-id=\"f0df74c\" data-element_type=\"container\" data-e-type=\"container\">\n\t\t\t\t\t<div class=\"e-con-inner\">\n\t\t<div data-particle_enable=\"false\" data-particle-mobile-disabled=\"false\" class=\"elementor-element elementor-element-a446c88 e-con-full e-flex e-con e-child\" data-id=\"a446c88\" data-element_type=\"container\" data-e-type=\"container\">\n\t\t\t\t<div class=\"elementor-element elementor-element-f63e634 elementor-widget__width-initial elementor-widget-tablet__width-inherit elementor-widget elementor-widget-heading\" data-id=\"f63e634\" data-element_type=\"widget\" data-e-type=\"widget\" data-widget_type=\"heading.default\">\n\t\t\t\t<div class=\"elementor-widget-container\">\n\t\t\t\t\t<h1 class=\"elementor-heading-title elementor-size-default\">Propuls\u00e3o a G\u00e1s<\/h1>\t\t\t\t<\/div>\n\t\t\t\t<\/div>\n\t\t\t\t<div class=\"elementor-element elementor-element-99ca539 elementor-widget elementor-widget-text-editor\" data-id=\"99ca539\" data-element_type=\"widget\" data-e-type=\"widget\" data-widget_type=\"text-editor.default\">\n\t\t\t\t<div class=\"elementor-widget-container\">\n\t\t\t\t\t\t\t\t\t<h2><span style=\"font-size: 20px;\">\u201cDriving positive for our planet\u201d<\/span><\/h2>\t\t\t\t\t\t\t\t<\/div>\n\t\t\t\t<\/div>\n\t\t\t\t<\/div>\n\t\t\t\t\t<\/div>\n\t\t\t\t<\/div>\n\t\t<div data-particle_enable=\"false\" data-particle-mobile-disabled=\"false\" class=\"elementor-element elementor-element-6a2fc2e e-flex e-con-boxed e-con e-parent\" data-id=\"6a2fc2e\" data-element_type=\"container\" data-e-type=\"container\">\n\t\t\t\t\t<div class=\"e-con-inner\">\n\t\t<div data-particle_enable=\"false\" data-particle-mobile-disabled=\"false\" class=\"elementor-element elementor-element-acd84ef e-con-full e-flex e-con e-child\" data-id=\"acd84ef\" data-element_type=\"container\" data-e-type=\"container\" data-settings=\"{&quot;background_background&quot;:&quot;classic&quot;}\">\n\t\t\t\t<div class=\"elementor-element elementor-element-10c7559 elementor-widget elementor-widget-image\" data-id=\"10c7559\" data-element_type=\"widget\" data-e-type=\"widget\" data-widget_type=\"image.default\">\n\t\t\t\t<div class=\"elementor-widget-container\">\n\t\t\t\t\t\t\t\t\t\t\t\t\t\t\t<img fetchpriority=\"high\" decoding=\"async\" width=\"1024\" height=\"1024\" src=\"https:\/\/tdmed.es\/wp-content\/uploads\/2025\/05\/Propulsion-a-gas-1-1024x1024.png\" class=\"attachment-large size-large wp-image-108875\" alt=\"propulsi\u00f3n a gas - maquinaria industrial\" srcset=\"https:\/\/tdmed.es\/wp-content\/uploads\/2025\/05\/Propulsion-a-gas-1-1024x1024.png 1024w, https:\/\/tdmed.es\/wp-content\/uploads\/2025\/05\/Propulsion-a-gas-1-300x300.png 300w, https:\/\/tdmed.es\/wp-content\/uploads\/2025\/05\/Propulsion-a-gas-1-150x150.png 150w, https:\/\/tdmed.es\/wp-content\/uploads\/2025\/05\/Propulsion-a-gas-1-768x768.png 768w, https:\/\/tdmed.es\/wp-content\/uploads\/2025\/05\/Propulsion-a-gas-1-1536x1536.png 1536w, https:\/\/tdmed.es\/wp-content\/uploads\/2025\/05\/Propulsion-a-gas-1-1000x1000.png 1000w, https:\/\/tdmed.es\/wp-content\/uploads\/2025\/05\/Propulsion-a-gas-1-600x600.png 600w, https:\/\/tdmed.es\/wp-content\/uploads\/2025\/05\/Propulsion-a-gas-1-100x100.png 100w, https:\/\/tdmed.es\/wp-content\/uploads\/2025\/05\/Propulsion-a-gas-1-64x64.png 64w, https:\/\/tdmed.es\/wp-content\/uploads\/2025\/05\/Propulsion-a-gas-1.png 2000w\" sizes=\"(max-width: 1024px) 100vw, 1024px\" \/>\t\t\t\t\t\t\t\t\t\t\t\t\t\t\t<\/div>\n\t\t\t\t<\/div>\n\t\t\t\t<\/div>\n\t\t<div data-particle_enable=\"false\" data-particle-mobile-disabled=\"false\" class=\"elementor-element elementor-element-f75a386 e-con-full e-flex e-con e-child\" data-id=\"f75a386\" data-element_type=\"container\" data-e-type=\"container\">\n\t\t\t\t<div class=\"elementor-element elementor-element-2176bb9 elementor-widget elementor-widget-text-editor\" data-id=\"2176bb9\" data-element_type=\"widget\" data-e-type=\"widget\" data-widget_type=\"text-editor.default\">\n\t\t\t\t<div class=\"elementor-widget-container\">\n\t\t\t\t\t\t\t\t\t<p>A TDMED oferece solu\u00e7\u00f5es integradas de sistemas de propuls\u00e3o para GPL, g\u00e1s natural e g\u00e1s natural comprimido (GNC) para fabricantes de m\u00e1quinas industriais, de constru\u00e7\u00e3o, agr\u00edcolas e rodovi\u00e1rias. Em parceria com a KUBOTA, oferecemos uma linha completa de motores flex-fuel de baixas emiss\u00f5es, com cilindradas de 0,97 a 3,8 litros, entre 22 e 75 cv, todos cumprindo os regulamentos de emiss\u00f5es Est\u00e1gio V da UE.<\/p>\n<p>KUBOTA facilita, com os seus motores a g\u00e1s, a certifica\u00e7\u00e3o de emiss\u00f5es para satisfazer as exig\u00eancias de cada aplica\u00e7\u00e3o. \u00c9 um fornecedor l\u00edder de motores a combust\u00edveis alternativos e conta com mais de 50 anos de experi\u00eancia no fornecimento de solu\u00e7\u00f5es para sistemas de controlo de emiss\u00f5es.<\/p>\n<p>Ao instalar um motor de combust\u00edvel alternativo ao diesel, n\u00e3o se trata apenas de emiss\u00f5es, pot\u00eancia e bin\u00e1rio, mas tamb\u00e9m de valor, desempenho, durabilidade e fiabilidade.<\/p>\n<p>Mais informa\u00e7\u00e3o na\u00a0<a href=\"https:\/\/global.engine.kubota.co.jp\/en\/products\/?use_name_id=1#1\"><strong><em>p\u00e1gina oficial do fabricante<\/em><\/strong><\/a><\/p>\n\t\t\t\t\t\t\t\t<\/div>\n\t\t\t\t<\/div>\n\t\t\t\t<\/div>\n\t\t\t\t\t<\/div>\n\t\t\t\t<\/div>\n\t\t<div data-particle_enable=\"false\" data-particle-mobile-disabled=\"false\" class=\"elementor-element elementor-element-88aca64 e-flex e-con-boxed e-con e-parent\" data-id=\"88aca64\" data-element_type=\"container\" data-e-type=\"container\">\n\t\t\t\t\t<div class=\"e-con-inner\">\n\t\t\t\t<div class=\"elementor-element elementor-element-03aa203 elementor-widget elementor-widget-image\" data-id=\"03aa203\" data-element_type=\"widget\" data-e-type=\"widget\" data-widget_type=\"image.default\">\n\t\t\t\t<div class=\"elementor-widget-container\">\n\t\t\t\t\t\t\t\t\t\t\t\t\t\t\t<img decoding=\"async\" width=\"1024\" height=\"320\" src=\"https:\/\/tdmed.es\/wp-content\/uploads\/2025\/04\/kubota2-1024x320.jpg\" class=\"attachment-large size-large wp-image-108208\" alt=\"imagen fondo kubota\" srcset=\"https:\/\/tdmed.es\/wp-content\/uploads\/2025\/04\/kubota2-1024x320.jpg 1024w, https:\/\/tdmed.es\/wp-content\/uploads\/2025\/04\/kubota2-300x94.jpg 300w, https:\/\/tdmed.es\/wp-content\/uploads\/2025\/04\/kubota2-768x240.jpg 768w, https:\/\/tdmed.es\/wp-content\/uploads\/2025\/04\/kubota2-1536x480.jpg 1536w, https:\/\/tdmed.es\/wp-content\/uploads\/2025\/04\/kubota2-600x188.jpg 600w, https:\/\/tdmed.es\/wp-content\/uploads\/2025\/04\/kubota2-64x20.jpg 64w, https:\/\/tdmed.es\/wp-content\/uploads\/2025\/04\/kubota2.jpg 1600w\" sizes=\"(max-width: 1024px) 100vw, 1024px\" \/>\t\t\t\t\t\t\t\t\t\t\t\t\t\t\t<\/div>\n\t\t\t\t<\/div>\n\t\t\t\t\t<\/div>\n\t\t\t\t<\/div>\n\t\t\t\t<\/div>\n\t\t","protected":false},"excerpt":{"rendered":"<p>Propuls\u00e3o a G\u00e1s \u201cDriving positive for our planet\u201d A TDMED oferece solu\u00e7\u00f5es integradas de sistemas de propuls\u00e3o para GPL, g\u00e1s natural e g\u00e1s natural comprimido &#8230; <\/p>\n<p class=\"read-more-container\"><a title=\"Propuls\u00e3o a G\u00e1s\" class=\"read-more button\" href=\"https:\/\/tdmed.es\/pt-pt\/propulsao-a-gas\/#more-109200\" aria-label=\"Leia mais sobre Propuls\u00e3o a G\u00e1s\">Ler mais<\/a><\/p>\n","protected":false},"author":313,"featured_media":0,"parent":0,"menu_order":0,"comment_status":"closed","ping_status":"closed","template":"","meta":{"_joinchat":[],"footnotes":""},"class_list":["post-109200","page","type-page","status-publish"],"yoast_head":"<!-- This site is optimized with the Yoast SEO Premium plugin v27.3 (Yoast SEO v27.3) - https:\/\/yoast.com\/product\/yoast-seo-premium-wordpress\/ -->\n<title>Propuls\u00e3o a G\u00e1s - TDMED<\/title>\n<meta name=\"description\" content=\"Propuls\u00e3o a g\u00e1s limpa e eficiente. GPL, g\u00e1s natural e GNC para maquinaria industrial. Baixo consumo e emiss\u00f5es reduzidas.\" \/>\n<meta name=\"robots\" content=\"index, follow, max-snippet:-1, max-image-preview:large, max-video-preview:-1\" \/>\n<link rel=\"canonical\" href=\"https:\/\/tdmed.es\/pt-pt\/propulsao-a-gas\/\" \/>\n<meta property=\"og:locale\" content=\"pt_PT\" \/>\n<meta property=\"og:type\" content=\"article\" \/>\n<meta property=\"og:title\" content=\"Propuls\u00e3o a G\u00e1s\" \/>\n<meta property=\"og:description\" content=\"Propuls\u00e3o a g\u00e1s limpa e eficiente. GPL, g\u00e1s natural e GNC para maquinaria industrial. Baixo consumo e emiss\u00f5es reduzidas.\" \/>\n<meta property=\"og:url\" content=\"https:\/\/tdmed.es\/pt-pt\/propulsao-a-gas\/\" \/>\n<meta property=\"og:site_name\" content=\"TDMED\" \/>\n<meta property=\"article:modified_time\" content=\"2026-03-06T09:21:17+00:00\" \/>\n<meta property=\"og:image\" content=\"https:\/\/tdmed.es\/wp-content\/uploads\/2025\/05\/Propulsion-a-gas-1-1024x1024.png\" \/>\n<meta name=\"twitter:card\" content=\"summary_large_image\" \/>\n<script type=\"application\/ld+json\" class=\"yoast-schema-graph\">{\"@context\":\"https:\\\/\\\/schema.org\",\"@graph\":[{\"@type\":\"WebPage\",\"@id\":\"https:\\\/\\\/tdmed.es\\\/pt-pt\\\/propulsao-a-gas\\\/\",\"url\":\"https:\\\/\\\/tdmed.es\\\/pt-pt\\\/propulsao-a-gas\\\/\",\"name\":\"Propuls\u00e3o a G\u00e1s - TDMED\",\"isPartOf\":{\"@id\":\"https:\\\/\\\/tdmed.es\\\/pt-pt\\\/#website\"},\"primaryImageOfPage\":{\"@id\":\"https:\\\/\\\/tdmed.es\\\/pt-pt\\\/propulsao-a-gas\\\/#primaryimage\"},\"image\":{\"@id\":\"https:\\\/\\\/tdmed.es\\\/pt-pt\\\/propulsao-a-gas\\\/#primaryimage\"},\"thumbnailUrl\":\"https:\\\/\\\/tdmed.es\\\/wp-content\\\/uploads\\\/2025\\\/05\\\/Propulsion-a-gas-1-1024x1024.png\",\"datePublished\":\"2025-07-14T16:30:13+00:00\",\"dateModified\":\"2026-03-06T09:21:17+00:00\",\"description\":\"Propuls\u00e3o a g\u00e1s limpa e eficiente. GPL, g\u00e1s natural e GNC para maquinaria industrial. Baixo consumo e emiss\u00f5es reduzidas.\",\"breadcrumb\":{\"@id\":\"https:\\\/\\\/tdmed.es\\\/pt-pt\\\/propulsao-a-gas\\\/#breadcrumb\"},\"inLanguage\":\"pt-PT\",\"potentialAction\":[{\"@type\":\"ReadAction\",\"target\":[\"https:\\\/\\\/tdmed.es\\\/pt-pt\\\/propulsao-a-gas\\\/\"]}]},{\"@type\":\"ImageObject\",\"inLanguage\":\"pt-PT\",\"@id\":\"https:\\\/\\\/tdmed.es\\\/pt-pt\\\/propulsao-a-gas\\\/#primaryimage\",\"url\":\"https:\\\/\\\/tdmed.es\\\/wp-content\\\/uploads\\\/2025\\\/05\\\/Propulsion-a-gas-1-1024x1024.png\",\"contentUrl\":\"https:\\\/\\\/tdmed.es\\\/wp-content\\\/uploads\\\/2025\\\/05\\\/Propulsion-a-gas-1-1024x1024.png\"},{\"@type\":\"BreadcrumbList\",\"@id\":\"https:\\\/\\\/tdmed.es\\\/pt-pt\\\/propulsao-a-gas\\\/#breadcrumb\",\"itemListElement\":[{\"@type\":\"ListItem\",\"position\":1,\"name\":\"Portada\",\"item\":\"https:\\\/\\\/tdmed.es\\\/pt-pt\\\/\"},{\"@type\":\"ListItem\",\"position\":2,\"name\":\"Propuls\u00e3o a G\u00e1s\"}]},{\"@type\":\"WebSite\",\"@id\":\"https:\\\/\\\/tdmed.es\\\/pt-pt\\\/#website\",\"url\":\"https:\\\/\\\/tdmed.es\\\/pt-pt\\\/\",\"name\":\"TDMED\",\"description\":\"TDMED\",\"publisher\":{\"@id\":\"https:\\\/\\\/tdmed.es\\\/pt-pt\\\/#organization\"},\"potentialAction\":[{\"@type\":\"SearchAction\",\"target\":{\"@type\":\"EntryPoint\",\"urlTemplate\":\"https:\\\/\\\/tdmed.es\\\/pt-pt\\\/?s={search_term_string}\"},\"query-input\":{\"@type\":\"PropertyValueSpecification\",\"valueRequired\":true,\"valueName\":\"search_term_string\"}}],\"inLanguage\":\"pt-PT\"},{\"@type\":\"Organization\",\"@id\":\"https:\\\/\\\/tdmed.es\\\/pt-pt\\\/#organization\",\"name\":\"TransDiesel\",\"url\":\"https:\\\/\\\/tdmed.es\\\/pt-pt\\\/\",\"logo\":{\"@type\":\"ImageObject\",\"inLanguage\":\"pt-PT\",\"@id\":\"https:\\\/\\\/tdmed.es\\\/pt-pt\\\/#\\\/schema\\\/logo\\\/image\\\/\",\"url\":\"https:\\\/\\\/tdmed.es\\\/wp-content\\\/uploads\\\/2018\\\/12\\\/NewLogo.png\",\"contentUrl\":\"https:\\\/\\\/tdmed.es\\\/wp-content\\\/uploads\\\/2018\\\/12\\\/NewLogo.png\",\"width\":800,\"height\":140,\"caption\":\"TransDiesel\"},\"image\":{\"@id\":\"https:\\\/\\\/tdmed.es\\\/pt-pt\\\/#\\\/schema\\\/logo\\\/image\\\/\"}}]}<\/script>\n<!-- \/ Yoast SEO Premium plugin. -->","yoast_head_json":{"title":"Propuls\u00e3o a G\u00e1s - TDMED","description":"Propuls\u00e3o a g\u00e1s limpa e eficiente. GPL, g\u00e1s natural e GNC para maquinaria industrial. Baixo consumo e emiss\u00f5es reduzidas.","robots":{"index":"index","follow":"follow","max-snippet":"max-snippet:-1","max-image-preview":"max-image-preview:large","max-video-preview":"max-video-preview:-1"},"canonical":"https:\/\/tdmed.es\/pt-pt\/propulsao-a-gas\/","og_locale":"pt_PT","og_type":"article","og_title":"Propuls\u00e3o a G\u00e1s","og_description":"Propuls\u00e3o a g\u00e1s limpa e eficiente. GPL, g\u00e1s natural e GNC para maquinaria industrial. Baixo consumo e emiss\u00f5es reduzidas.","og_url":"https:\/\/tdmed.es\/pt-pt\/propulsao-a-gas\/","og_site_name":"TDMED","article_modified_time":"2026-03-06T09:21:17+00:00","og_image":[{"url":"https:\/\/tdmed.es\/wp-content\/uploads\/2025\/05\/Propulsion-a-gas-1-1024x1024.png","type":"","width":"","height":""}],"twitter_card":"summary_large_image","schema":{"@context":"https:\/\/schema.org","@graph":[{"@type":"WebPage","@id":"https:\/\/tdmed.es\/pt-pt\/propulsao-a-gas\/","url":"https:\/\/tdmed.es\/pt-pt\/propulsao-a-gas\/","name":"Propuls\u00e3o a G\u00e1s - TDMED","isPartOf":{"@id":"https:\/\/tdmed.es\/pt-pt\/#website"},"primaryImageOfPage":{"@id":"https:\/\/tdmed.es\/pt-pt\/propulsao-a-gas\/#primaryimage"},"image":{"@id":"https:\/\/tdmed.es\/pt-pt\/propulsao-a-gas\/#primaryimage"},"thumbnailUrl":"https:\/\/tdmed.es\/wp-content\/uploads\/2025\/05\/Propulsion-a-gas-1-1024x1024.png","datePublished":"2025-07-14T16:30:13+00:00","dateModified":"2026-03-06T09:21:17+00:00","description":"Propuls\u00e3o a g\u00e1s limpa e eficiente. GPL, g\u00e1s natural e GNC para maquinaria industrial. Baixo consumo e emiss\u00f5es reduzidas.","breadcrumb":{"@id":"https:\/\/tdmed.es\/pt-pt\/propulsao-a-gas\/#breadcrumb"},"inLanguage":"pt-PT","potentialAction":[{"@type":"ReadAction","target":["https:\/\/tdmed.es\/pt-pt\/propulsao-a-gas\/"]}]},{"@type":"ImageObject","inLanguage":"pt-PT","@id":"https:\/\/tdmed.es\/pt-pt\/propulsao-a-gas\/#primaryimage","url":"https:\/\/tdmed.es\/wp-content\/uploads\/2025\/05\/Propulsion-a-gas-1-1024x1024.png","contentUrl":"https:\/\/tdmed.es\/wp-content\/uploads\/2025\/05\/Propulsion-a-gas-1-1024x1024.png"},{"@type":"BreadcrumbList","@id":"https:\/\/tdmed.es\/pt-pt\/propulsao-a-gas\/#breadcrumb","itemListElement":[{"@type":"ListItem","position":1,"name":"Portada","item":"https:\/\/tdmed.es\/pt-pt\/"},{"@type":"ListItem","position":2,"name":"Propuls\u00e3o a G\u00e1s"}]},{"@type":"WebSite","@id":"https:\/\/tdmed.es\/pt-pt\/#website","url":"https:\/\/tdmed.es\/pt-pt\/","name":"TDMED","description":"TDMED","publisher":{"@id":"https:\/\/tdmed.es\/pt-pt\/#organization"},"potentialAction":[{"@type":"SearchAction","target":{"@type":"EntryPoint","urlTemplate":"https:\/\/tdmed.es\/pt-pt\/?s={search_term_string}"},"query-input":{"@type":"PropertyValueSpecification","valueRequired":true,"valueName":"search_term_string"}}],"inLanguage":"pt-PT"},{"@type":"Organization","@id":"https:\/\/tdmed.es\/pt-pt\/#organization","name":"TransDiesel","url":"https:\/\/tdmed.es\/pt-pt\/","logo":{"@type":"ImageObject","inLanguage":"pt-PT","@id":"https:\/\/tdmed.es\/pt-pt\/#\/schema\/logo\/image\/","url":"https:\/\/tdmed.es\/wp-content\/uploads\/2018\/12\/NewLogo.png","contentUrl":"https:\/\/tdmed.es\/wp-content\/uploads\/2018\/12\/NewLogo.png","width":800,"height":140,"caption":"TransDiesel"},"image":{"@id":"https:\/\/tdmed.es\/pt-pt\/#\/schema\/logo\/image\/"}}]}},"_links":{"self":[{"href":"https:\/\/tdmed.es\/pt-pt\/wp-json\/wp\/v2\/pages\/109200","targetHints":{"allow":["GET"]}}],"collection":[{"href":"https:\/\/tdmed.es\/pt-pt\/wp-json\/wp\/v2\/pages"}],"about":[{"href":"https:\/\/tdmed.es\/pt-pt\/wp-json\/wp\/v2\/types\/page"}],"author":[{"embeddable":true,"href":"https:\/\/tdmed.es\/pt-pt\/wp-json\/wp\/v2\/users\/313"}],"replies":[{"embeddable":true,"href":"https:\/\/tdmed.es\/pt-pt\/wp-json\/wp\/v2\/comments?post=109200"}],"version-history":[{"count":0,"href":"https:\/\/tdmed.es\/pt-pt\/wp-json\/wp\/v2\/pages\/109200\/revisions"}],"wp:attachment":[{"href":"https:\/\/tdmed.es\/pt-pt\/wp-json\/wp\/v2\/media?parent=109200"}],"curies":[{"name":"wp","href":"https:\/\/api.w.org\/{rel}","templated":true}]}}