{"id":18095,"date":"2019-04-04T23:00:16","date_gmt":"2019-04-04T23:00:16","guid":{"rendered":"https:\/\/preprod.transdiesel.es\/politica-de-cookies\/"},"modified":"2023-05-22T18:15:15","modified_gmt":"2023-05-22T16:15:15","slug":"politique-cookies","status":"publish","type":"page","link":"https:\/\/tdmed.es\/fr\/politique-cookies\/","title":{"rendered":"Politique sur les Cookies"},"content":{"rendered":"\t\t<div data-elementor-type=\"wp-page\" data-elementor-id=\"18095\" class=\"elementor elementor-18095 elementor-17882\" data-elementor-post-type=\"page\">\n\t\t\t\t\t\t<section data-particle_enable=\"false\" data-particle-mobile-disabled=\"false\" class=\"elementor-section elementor-top-section elementor-element elementor-element-4e906add elementor-section-boxed elementor-section-height-default elementor-section-height-default\" data-id=\"4e906add\" data-element_type=\"section\" data-e-type=\"section\">\n\t\t\t\t\t\t<div class=\"elementor-container elementor-column-gap-default\">\n\t\t\t\t\t<div class=\"elementor-column elementor-col-100 elementor-top-column elementor-element elementor-element-7faed728\" data-id=\"7faed728\" data-element_type=\"column\" data-e-type=\"column\">\n\t\t\t<div class=\"elementor-widget-wrap elementor-element-populated\">\n\t\t\t\t\t\t<div class=\"elementor-element elementor-element-7bcc887a elementor-widget elementor-widget-text-editor\" data-id=\"7bcc887a\" data-element_type=\"widget\" data-e-type=\"widget\" data-widget_type=\"text-editor.default\">\n\t\t\t\t<div class=\"elementor-widget-container\">\n\t\t\t\t\t\t\t\t\t<h1 style=\"text-align: center;\"><strong>Politique sur les Cookies<\/strong><\/h1><p>\u00a0<\/p><p>\u00a0<br \/>Sur ce site, nous recueillons et utilisons les informations conform\u00e9ment \u00e0 notre <a href=\"https:\/\/tdmed.es\/fr\/politique-confidentialite\/\">politique de confidentialit\u00e9<\/a>.<\/p><p>Les\u00a0informations\u00a0que\u00a0nous\u00a0collectons et les\u00a0m\u00e9thodes\u00a0de collectes utilis\u00e9es\u00a0 sont\u00a0par le biais\u00a0de ce que nous appelons des \u00ab\u00a0cookies\u00a0\u00bb. Dans preprod.transdiesel.es, les cookies sont utilis\u00e9s pour plusieurs raisons.<br \/>\u00a0<\/p><h4><strong>Qu&rsquo;est-ce qu&rsquo;un cookie?<\/strong><\/h4><p>Un cookie est une petite quantit\u00e9 de texte qui est stock\u00e9e dans votre navigateur (comme Google Chrome ou Apple Safari) lorsque vous naviguez sur la plupart des sites Web.<br \/>\u00a0<\/p><h4><strong>Qu&rsquo;est-ce qui N&rsquo;EST PAS un cookie?<\/strong><\/h4><p>Ce n&rsquo;est pas un virus, un cheval de Troie, un ver, un spam, un logiciel espion ou une fen\u00eatre pop-up.<br \/>\u00a0<\/p><h4><strong>Quelles sont les informations stock\u00e9es par un cookie?<\/strong><\/h4><p>Les cookies ne stockent g\u00e9n\u00e9ralement pas d&rsquo;informations sensibles vous concernant, telles que des cartes de cr\u00e9dit ou des coordonn\u00e9es bancaires, des photos ou des informations personnelles, etc. Les donn\u00e9es stock\u00e9es sont de nature technique, statistique, pr\u00e9f\u00e9rences personnelles, personnalisation des contenus, etc. Ces informations ne r\u00e9v\u00e8lent ni votre identit\u00e9, ni vos donn\u00e9es personnelles.<\/p><p>Le serveur Web ne l&rsquo;associe pas \u00e0 vous en tant que personne mais \u00e0 votre navigateur Web. En fait, si vous naviguez r\u00e9guli\u00e8rement avec le navigateur Chrome et que vous essayez de naviguer sur le m\u00eame site Web avec le navigateur Firefox, vous verrez que le site Web ne r\u00e9alisera pas que vous \u00eates la m\u00eame personne car il associe les informations au navigateur, et non \u00e0 l&rsquo;utilisateur.<br \/>\u00a0<\/p><h4><strong>Quel type de cookies existe-t-il?<\/strong><\/h4><ul><li><strong>Cookies techniques:<\/strong>\u00a0Ce sont les plus \u00e9l\u00e9mentaires et permettent, entre autres, de savoir quand un utilisateur ou une application automatis\u00e9e sont connect\u00e9s, quand un utilisateur anonyme et un utilisateur enregistr\u00e9 le sont \u00e9galement, t\u00e2ches essentielles au bon fonctionnement du site Web dynamique.<\/li><li><strong>Cookies d&rsquo;analyse:<\/strong>\u00a0Ils recueillent des informations sur le type de navigation que vous effectuez, les cat\u00e9gories les plus affich\u00e9es, les produits que vous consultez, le moment de l&rsquo;utilisation, la langue, etc.<\/li><li><strong>Cookies publicitaires:<\/strong>\u00a0Ce sont ceux qui permettent \u00e0 l&rsquo;utilisateur d&rsquo;acc\u00e9der\u00a0\u00e0 des offres publicitaires en fonction de votre navigation, de votre pays d&rsquo;origine, de votre langue, etc.<\/li><\/ul><p>\u00a0<\/p><h4><strong>Quels sont vos propres cookies et ceux de tiers?<\/strong><\/h4><p>Vos propres cookies sont ceux g\u00e9n\u00e9r\u00e9s par la page que vous visitez et ceux de tiers sont ceux g\u00e9n\u00e9r\u00e9s par des services ou fournisseurs externes tels que Mailchimp, Facebook, Twitter, Google adsense, etc.<br \/>\u00a0<\/p><h4><strong>Quels cookies ce site Web utilise-t-il?<\/strong><\/h4><p>Ce site Web utilise ses propres cookies et ceux de tiers. Les cookies suivants sont utilis\u00e9s sur ce site Web et sont d\u00e9taill\u00e9s ci-dessous:<br \/>\u00a0<\/p><h4><strong>Nos propres cookies sont les suivants:<\/strong><\/h4><ul><li><strong>Login:<\/strong>\u00a0Les cookies de connexion vous permettent de vous connecter et de vous d\u00e9connecter de votre compte preprod.transdiesel.es.<\/li><li><strong>Personnalisation:<\/strong>\u00a0Les cookies nous aident \u00e0 nous souvenir des personnes ou des sites Web avec lesquels vous avez interagi, afin que nous puissions vous proposer le contenu que vous recherchez.<\/li><li><strong>Pr\u00e9f\u00e9rences:<\/strong>\u00a0Les cookies nous permettent de nous souvenir de vos param\u00e8tres et pr\u00e9f\u00e9rences, tels que votre langue pr\u00e9f\u00e9r\u00e9e et vos param\u00e8tres de confidentialit\u00e9.<\/li><li><strong>S\u00e9curit\u00e9:<\/strong>\u00a0Nous utilisons des cookies pour \u00e9viter les risques de s\u00e9curit\u00e9. Principalement pour d\u00e9tecter quand quelqu&rsquo;un essaie de pirater votre compte preprod.transdiesel.es<\/li><\/ul><p>\u00a0<\/p><h4><strong>Cookies de tierces parties<\/strong><\/h4><p>Ce site Web utilise des services d&rsquo;analyse, en particulier Google Analytics pour aider le site Web \u00e0 analyser l&rsquo;utilisation faite par les utilisateurs du site Web afin d&rsquo;am\u00e9liorer sa fonctionnalit\u00e9, mais en aucun cas ces donn\u00e9es pourraient identifier l&rsquo;utilisateur. Google Analytics, est un service d&rsquo;analyse Web fourni par Google, Inc., L&rsquo;utilisateur peut voir\u00a0<a href=\"https:\/\/www.google.es\/intl\/es\/policies\/technologies\/types\/\">ici<\/a>\u00a0le type de cookies utilis\u00e9s par Google.<\/p><p>Grupo Casli est un utilisateur de la plateforme d&rsquo;h\u00e9bergement de blogs WordPress, propri\u00e9t\u00e9 de la soci\u00e9t\u00e9 am\u00e9ricaine Automattic, Inc. Pour cette raison, l&rsquo;utilisation de ces cookies ne sont jamais sous contr\u00f4le ou gestion du responsable du site, ils peuvent modifier leurs fonctions \u00e0 tout moment, et inclure des nouveaux cookies. Ces cookies ne fournissent aucun avantage \u00e0 la personne responsable de ce site Web. Automattic, Inc. utilise \u00e9galement d&rsquo;autres cookies afin d&rsquo;identifier et de suivre les visiteurs des sites WordPress, comprendre leur utilisation du site Web Automattic et leurs pr\u00e9f\u00e9rences d&rsquo;acc\u00e8s, comme indiqu\u00e9 dans la section \u00ab\u00a0Cookies\u00a0\u00bb de sa politique de confidentialit\u00e9.<\/p><p>Les cookies des r\u00e9seaux sociaux peuvent \u00eatre stock\u00e9s dans votre navigateur lorsque, par exemple, vous naviguez sur preprod.transdiesel.es, et vous utilisez les\u00a0boutons de partage\u00a0qui\u00a0vous\u00a0permettre de diffuser les\u00a0contenus\u00a0de notre site web preprod.transdiesel.es sur vos r\u00e9seaux sociaux pr\u00e9f\u00e9r\u00e9s.<br \/>Vous trouverez ci-dessous des informations sur les cookies des r\u00e9seaux sociaux qui utilisent ce site Web dans ses politiques en mati\u00e8re de cookies:<\/p><ul><li>Cookies Facebook, voir plus d&rsquo;informations dans leur\u00a0<a href=\"https:\/\/app.innoit.net\/lopd\/imprimirPoliticaCookies.action?modo=1\">politique de cookies<\/a><\/li><li>Cookies Twitter, voir plus d&rsquo;informations dans leur\u00a0<a href=\"https:\/\/app.innoit.net\/lopd\/imprimirPoliticaCookies.action?modo=1\">politique de cookies<\/a><\/li><li>Cookies Instagram, voir plus d&rsquo;informations dans leur\u00a0<a href=\"https:\/\/app.innoit.net\/lopd\/imprimirPoliticaCookies.action?modo=1\">politique de cookies<\/a><\/li><li>Cookies Google+, voir plus d&rsquo;informations dans leur\u00a0<a href=\"https:\/\/app.innoit.net\/lopd\/imprimirPoliticaCookies.action?modo=1\">politique de cookies<\/a><\/li><li>Cookies Youtube, voir plus d&rsquo;informations dans leur\u00a0<a href=\"https:\/\/app.innoit.net\/lopd\/imprimirPoliticaCookies.action?modo=1\">politique de cookies<\/a><\/li><\/ul><p>\u00a0<\/p><h4><strong>Puis-je supprimer les cookies?<\/strong><\/h4><p>Oui, et non seulement supprimer, mais aussi bloquer, g\u00e9n\u00e9ralement ou sp\u00e9cifiquement pour un domaine sp\u00e9cifique.<br \/>Pour supprimer les cookies d&rsquo;un site Web, vous devez aller dans les param\u00e8tres de votre navigateur et vous pourrez y rechercher ceux qui sont associ\u00e9s au domaine en question et les supprimer.<\/p><ul><li><strong>Chrome<\/strong>,\u00a0<a href=\"http:\/\/support.google.com\/chrome\/bin\/answer.py?hl=es&amp;answer=95647\">http:\/\/support.google.com\/chrome\/bin\/answer.py?hl=es&amp;answer=95647<\/a><\/li><li><strong>Explorer<\/strong>,\u00a0<a href=\"https:\/\/support.microsoft.com\/en-us\/help\/17442\/windows-internet-explorer-delete-manage-cookies#ie=ie-10\">https:\/\/support.microsoft.com\/en-us\/help\/17442\/windows-internet-explorer-delete-manage-cookies#ie=ie-10<\/a><\/li><li><strong>Firefox<\/strong>,\u00a0<a href=\"https:\/\/support.mozilla.org\/es\/kb\/habilitar-y-deshabilitar-cookies-sitios-web-rastrear-preferencias?redirectlocale=es&amp;redirectslug=habilitar-y-deshabilitar-cookies-que-los-sitios-we\">https:\/\/support.mozilla.org\/es\/kb\/habilitar-y-deshabilitar-cookies-sitios-web-rastrear-preferencias?redirectlocale=es&amp;redirectslug=habilitar-y-deshabilitar-cookies-que-los-sitios-we<\/a><\/li><li><strong>Safari<\/strong>,\u00a0<a href=\"https:\/\/support.apple.com\/es-es\/HT201265\">https:\/\/support.apple.com\/es-es\/HT201265<\/a><\/li><\/ul><p>\u00a0<\/p><h4><strong>Plus d&rsquo;informations sur les cookies<\/strong><\/h4><p>Vous pouvez consulter la r\u00e9glementation sur les cookies publi\u00e9e par l&rsquo;Agence espagnole de protection des donn\u00e9es dans son \u00ab\u00a0Guide sur l&rsquo;utilisation des cookies\u00a0\u00bb et obtenir plus d&rsquo;informations sur les cookies sur Internet, <a href=\"http:\/\/www.aboutcookies.org\/\">http:\/\/www.aboutcookies.org\/<\/a><\/p><p>Si vous souhaitez avoir un meilleur contr\u00f4le sur l&rsquo;installation des cookies, vous pouvez installer des programmes ou compl\u00e9ments \u00e0 votre navigateur, connus sous le nom d&rsquo;outils \u00ab\u00a0Ne pas suivre\u00a0\u00bb, qui vous permettront de choisir les cookies que vous souhaitez autoriser.<\/p>\t\t\t\t\t\t\t\t<\/div>\n\t\t\t\t<\/div>\n\t\t\t\t\t<\/div>\n\t\t<\/div>\n\t\t\t\t\t<\/div>\n\t\t<\/section>\n\t\t<div data-particle_enable=\"false\" data-particle-mobile-disabled=\"false\" class=\"elementor-element elementor-element-6fbaf465 e-flex e-con-boxed e-con e-parent\" data-id=\"6fbaf465\" data-element_type=\"container\" data-e-type=\"container\" data-settings=\"{&quot;background_background&quot;:&quot;classic&quot;}\">\n\t\t\t\t\t<div class=\"e-con-inner\">\n\t\t<div data-particle_enable=\"false\" data-particle-mobile-disabled=\"false\" class=\"elementor-element elementor-element-7a2dbfdd e-con-full e-flex e-con e-parent\" data-id=\"7a2dbfdd\" data-element_type=\"container\" data-e-type=\"container\">\n\t\t\t\t<div class=\"elementor-element elementor-element-b2fdc40 elementor-widget elementor-widget-heading\" data-id=\"b2fdc40\" data-element_type=\"widget\" data-e-type=\"widget\" data-widget_type=\"heading.default\">\n\t\t\t\t<div class=\"elementor-widget-container\">\n\t\t\t\t\t<h4 class=\"elementor-heading-title elementor-size-default\">Vous avez des doutes ? Avez-vous besoin d'aide ?<\/h4>\t\t\t\t<\/div>\n\t\t\t\t<\/div>\n\t\t\t\t<div class=\"elementor-element elementor-element-200b45c7 elementor-widget__width-inherit elementor-widget elementor-widget-heading\" data-id=\"200b45c7\" data-element_type=\"widget\" data-e-type=\"widget\" data-widget_type=\"heading.default\">\n\t\t\t\t<div class=\"elementor-widget-container\">\n\t\t\t\t\t<h4 class=\"elementor-heading-title elementor-size-default\">Vous ne trouvez pas ce que vous cherchez ? Vous ne savez pas quelle est la bonne pi\u00e8ce ? Vous avez besoin de nos techniciens pour vous conseiller ?<\/h4>\t\t\t\t<\/div>\n\t\t\t\t<\/div>\n\t\t\t\t<\/div>\n\t\t<div data-particle_enable=\"false\" data-particle-mobile-disabled=\"false\" class=\"elementor-element elementor-element-2d5f2d9f e-con-full e-flex e-con e-parent\" data-id=\"2d5f2d9f\" data-element_type=\"container\" data-e-type=\"container\">\n\t\t\t\t<div class=\"elementor-element elementor-element-42d5533f elementor-align-left elementor-widget elementor-widget-button\" data-id=\"42d5533f\" data-element_type=\"widget\" data-e-type=\"widget\" data-widget_type=\"button.default\">\n\t\t\t\t<div class=\"elementor-widget-container\">\n\t\t\t\t\t\t\t\t\t<div class=\"elementor-button-wrapper\">\n\t\t\t\t\t<a class=\"elementor-button elementor-button-link elementor-size-sm\" href=\"https:\/\/tdmed.es\/fr\/contact\/\">\n\t\t\t\t\t\t<span class=\"elementor-button-content-wrapper\">\n\t\t\t\t\t\t\t\t\t<span class=\"elementor-button-text\">Envoyez-nous un message<\/span>\n\t\t\t\t\t<\/span>\n\t\t\t\t\t<\/a>\n\t\t\t\t<\/div>\n\t\t\t\t\t\t\t\t<\/div>\n\t\t\t\t<\/div>\n\t\t\t\t<\/div>\n\t\t\t\t\t<\/div>\n\t\t\t\t<\/div>\n\t\t\t\t<\/div>\n\t\t","protected":false},"excerpt":{"rendered":"<p>Politique sur les Cookies \u00a0 \u00a0Sur ce site, nous recueillons et utilisons les informations conform\u00e9ment \u00e0 notre politique de confidentialit\u00e9. Les\u00a0informations\u00a0que\u00a0nous\u00a0collectons et les\u00a0m\u00e9thodes\u00a0de collectes utilis\u00e9es\u00a0 &#8230; <\/p>\n<p class=\"read-more-container\"><a title=\"Politique sur les Cookies\" class=\"read-more button\" href=\"https:\/\/tdmed.es\/fr\/politique-cookies\/#more-18095\" aria-label=\"En savoir plus sur Politique sur les Cookies\">Lire plus<\/a><\/p>\n","protected":false},"author":313,"featured_media":0,"parent":0,"menu_order":0,"comment_status":"closed","ping_status":"closed","template":"","meta":{"_joinchat":[],"footnotes":""},"class_list":["post-18095","page","type-page","status-publish"],"yoast_head":"<!-- This site is optimized with the Yoast SEO Premium plugin v27.3 (Yoast SEO v27.3) - https:\/\/yoast.com\/product\/yoast-seo-premium-wordpress\/ -->\n<title>Politique sur les Cookies - TDMED<\/title>\n<meta name=\"robots\" content=\"noindex, nofollow\" \/>\n<meta property=\"og:locale\" content=\"fr_FR\" \/>\n<meta property=\"og:type\" content=\"article\" \/>\n<meta property=\"og:title\" content=\"Politique sur les Cookies\" \/>\n<meta property=\"og:description\" content=\"Politique sur les Cookies \u00a0 \u00a0Sur ce site, nous recueillons et utilisons les informations conform\u00e9ment \u00e0 notre politique de confidentialit\u00e9. Les\u00a0informations\u00a0que\u00a0nous\u00a0collectons et les\u00a0m\u00e9thodes\u00a0de collectes utilis\u00e9es\u00a0 ... Lire plus\" \/>\n<meta property=\"og:url\" content=\"https:\/\/tdmed.es\/fr\/politique-cookies\/\" \/>\n<meta property=\"og:site_name\" content=\"TDMED\" \/>\n<meta property=\"article:modified_time\" content=\"2023-05-22T16:15:15+00:00\" \/>\n<meta name=\"twitter:card\" content=\"summary_large_image\" \/>\n<script type=\"application\/ld+json\" class=\"yoast-schema-graph\">{\"@context\":\"https:\\\/\\\/schema.org\",\"@graph\":[{\"@type\":\"WebPage\",\"@id\":\"https:\\\/\\\/tdmed.es\\\/fr\\\/politique-cookies\\\/\",\"url\":\"https:\\\/\\\/tdmed.es\\\/fr\\\/politique-cookies\\\/\",\"name\":\"Politique sur les Cookies - TDMED\",\"isPartOf\":{\"@id\":\"https:\\\/\\\/tdmed.es\\\/fr\\\/#website\"},\"datePublished\":\"2019-04-04T23:00:16+00:00\",\"dateModified\":\"2023-05-22T16:15:15+00:00\",\"breadcrumb\":{\"@id\":\"https:\\\/\\\/tdmed.es\\\/fr\\\/politique-cookies\\\/#breadcrumb\"},\"inLanguage\":\"fr-FR\",\"potentialAction\":[{\"@type\":\"ReadAction\",\"target\":[\"https:\\\/\\\/tdmed.es\\\/fr\\\/politique-cookies\\\/\"]}]},{\"@type\":\"BreadcrumbList\",\"@id\":\"https:\\\/\\\/tdmed.es\\\/fr\\\/politique-cookies\\\/#breadcrumb\",\"itemListElement\":[{\"@type\":\"ListItem\",\"position\":1,\"name\":\"Portada\",\"item\":\"https:\\\/\\\/tdmed.es\\\/fr\\\/\"},{\"@type\":\"ListItem\",\"position\":2,\"name\":\"Politique sur les Cookies\"}]},{\"@type\":\"WebSite\",\"@id\":\"https:\\\/\\\/tdmed.es\\\/fr\\\/#website\",\"url\":\"https:\\\/\\\/tdmed.es\\\/fr\\\/\",\"name\":\"TDMED\",\"description\":\"TDMED\",\"publisher\":{\"@id\":\"https:\\\/\\\/tdmed.es\\\/fr\\\/#organization\"},\"potentialAction\":[{\"@type\":\"SearchAction\",\"target\":{\"@type\":\"EntryPoint\",\"urlTemplate\":\"https:\\\/\\\/tdmed.es\\\/fr\\\/?s={search_term_string}\"},\"query-input\":{\"@type\":\"PropertyValueSpecification\",\"valueRequired\":true,\"valueName\":\"search_term_string\"}}],\"inLanguage\":\"fr-FR\"},{\"@type\":\"Organization\",\"@id\":\"https:\\\/\\\/tdmed.es\\\/fr\\\/#organization\",\"name\":\"TransDiesel\",\"url\":\"https:\\\/\\\/tdmed.es\\\/fr\\\/\",\"logo\":{\"@type\":\"ImageObject\",\"inLanguage\":\"fr-FR\",\"@id\":\"https:\\\/\\\/tdmed.es\\\/fr\\\/#\\\/schema\\\/logo\\\/image\\\/\",\"url\":\"https:\\\/\\\/tdmed.es\\\/wp-content\\\/uploads\\\/2018\\\/12\\\/NewLogo.png\",\"contentUrl\":\"https:\\\/\\\/tdmed.es\\\/wp-content\\\/uploads\\\/2018\\\/12\\\/NewLogo.png\",\"width\":800,\"height\":140,\"caption\":\"TransDiesel\"},\"image\":{\"@id\":\"https:\\\/\\\/tdmed.es\\\/fr\\\/#\\\/schema\\\/logo\\\/image\\\/\"}}]}<\/script>\n<!-- \/ Yoast SEO Premium plugin. -->","yoast_head_json":{"title":"Politique sur les Cookies - TDMED","robots":{"index":"noindex","follow":"nofollow"},"og_locale":"fr_FR","og_type":"article","og_title":"Politique sur les Cookies","og_description":"Politique sur les Cookies \u00a0 \u00a0Sur ce site, nous recueillons et utilisons les informations conform\u00e9ment \u00e0 notre politique de confidentialit\u00e9. Les\u00a0informations\u00a0que\u00a0nous\u00a0collectons et les\u00a0m\u00e9thodes\u00a0de collectes utilis\u00e9es\u00a0 ... Lire plus","og_url":"https:\/\/tdmed.es\/fr\/politique-cookies\/","og_site_name":"TDMED","article_modified_time":"2023-05-22T16:15:15+00:00","twitter_card":"summary_large_image","schema":{"@context":"https:\/\/schema.org","@graph":[{"@type":"WebPage","@id":"https:\/\/tdmed.es\/fr\/politique-cookies\/","url":"https:\/\/tdmed.es\/fr\/politique-cookies\/","name":"Politique sur les Cookies - TDMED","isPartOf":{"@id":"https:\/\/tdmed.es\/fr\/#website"},"datePublished":"2019-04-04T23:00:16+00:00","dateModified":"2023-05-22T16:15:15+00:00","breadcrumb":{"@id":"https:\/\/tdmed.es\/fr\/politique-cookies\/#breadcrumb"},"inLanguage":"fr-FR","potentialAction":[{"@type":"ReadAction","target":["https:\/\/tdmed.es\/fr\/politique-cookies\/"]}]},{"@type":"BreadcrumbList","@id":"https:\/\/tdmed.es\/fr\/politique-cookies\/#breadcrumb","itemListElement":[{"@type":"ListItem","position":1,"name":"Portada","item":"https:\/\/tdmed.es\/fr\/"},{"@type":"ListItem","position":2,"name":"Politique sur les Cookies"}]},{"@type":"WebSite","@id":"https:\/\/tdmed.es\/fr\/#website","url":"https:\/\/tdmed.es\/fr\/","name":"TDMED","description":"TDMED","publisher":{"@id":"https:\/\/tdmed.es\/fr\/#organization"},"potentialAction":[{"@type":"SearchAction","target":{"@type":"EntryPoint","urlTemplate":"https:\/\/tdmed.es\/fr\/?s={search_term_string}"},"query-input":{"@type":"PropertyValueSpecification","valueRequired":true,"valueName":"search_term_string"}}],"inLanguage":"fr-FR"},{"@type":"Organization","@id":"https:\/\/tdmed.es\/fr\/#organization","name":"TransDiesel","url":"https:\/\/tdmed.es\/fr\/","logo":{"@type":"ImageObject","inLanguage":"fr-FR","@id":"https:\/\/tdmed.es\/fr\/#\/schema\/logo\/image\/","url":"https:\/\/tdmed.es\/wp-content\/uploads\/2018\/12\/NewLogo.png","contentUrl":"https:\/\/tdmed.es\/wp-content\/uploads\/2018\/12\/NewLogo.png","width":800,"height":140,"caption":"TransDiesel"},"image":{"@id":"https:\/\/tdmed.es\/fr\/#\/schema\/logo\/image\/"}}]}},"_links":{"self":[{"href":"https:\/\/tdmed.es\/fr\/wp-json\/wp\/v2\/pages\/18095","targetHints":{"allow":["GET"]}}],"collection":[{"href":"https:\/\/tdmed.es\/fr\/wp-json\/wp\/v2\/pages"}],"about":[{"href":"https:\/\/tdmed.es\/fr\/wp-json\/wp\/v2\/types\/page"}],"author":[{"embeddable":true,"href":"https:\/\/tdmed.es\/fr\/wp-json\/wp\/v2\/users\/313"}],"replies":[{"embeddable":true,"href":"https:\/\/tdmed.es\/fr\/wp-json\/wp\/v2\/comments?post=18095"}],"version-history":[{"count":0,"href":"https:\/\/tdmed.es\/fr\/wp-json\/wp\/v2\/pages\/18095\/revisions"}],"wp:attachment":[{"href":"https:\/\/tdmed.es\/fr\/wp-json\/wp\/v2\/media?parent=18095"}],"curies":[{"name":"wp","href":"https:\/\/api.w.org\/{rel}","templated":true}]}}