{"id":17114,"date":"2017-11-27T15:29:24","date_gmt":"2017-11-27T15:29:24","guid":{"rendered":"https:\/\/preprod.transdiesel.es\/politica-privacidad\/"},"modified":"2026-03-06T14:11:52","modified_gmt":"2026-03-06T13:11:52","slug":"politique-confidentialite","status":"publish","type":"page","link":"https:\/\/tdmed.es\/fr\/politique-confidentialite\/","title":{"rendered":"Politique  de confidentialit\u00e9"},"content":{"rendered":"\t\t<div data-elementor-type=\"wp-page\" data-elementor-id=\"17114\" class=\"elementor elementor-17114 elementor-3171\" data-elementor-post-type=\"page\">\n\t\t\t\t<div data-particle_enable=\"false\" data-particle-mobile-disabled=\"false\" class=\"elementor-element elementor-element-303fd57 e-flex e-con-boxed e-con e-parent\" data-id=\"303fd57\" data-element_type=\"container\" data-e-type=\"container\" data-settings=\"{&quot;background_background&quot;:&quot;classic&quot;}\">\n\t\t\t\t\t<div class=\"e-con-inner\">\n\t\t\t\t\t<\/div>\n\t\t\t\t<\/div>\n\t\t<div data-particle_enable=\"false\" data-particle-mobile-disabled=\"false\" class=\"elementor-element elementor-element-73aa0f4 e-flex e-con-boxed e-con e-parent\" data-id=\"73aa0f4\" data-element_type=\"container\" data-e-type=\"container\">\n\t\t\t\t\t<div class=\"e-con-inner\">\n\t\t\t\t<div class=\"elementor-element elementor-element-5f2ae16 elementor-widget elementor-widget-heading\" data-id=\"5f2ae16\" data-element_type=\"widget\" data-e-type=\"widget\" data-widget_type=\"heading.default\">\n\t\t\t\t<div class=\"elementor-widget-container\">\n\t\t\t\t\t<h1 class=\"elementor-heading-title elementor-size-default\"> Politique de confidentialit\u00e9<\/h1>\t\t\t\t<\/div>\n\t\t\t\t<\/div>\n\t\t\t\t<div class=\"elementor-element elementor-element-b51913c elementor-widget elementor-widget-text-editor\" data-id=\"b51913c\" data-element_type=\"widget\" data-e-type=\"widget\" data-widget_type=\"text-editor.default\">\n\t\t\t\t<div class=\"elementor-widget-container\">\n\t\t\t\t\t\t\t\t\t<h2><span style=\"font-size: 16px;\"><strong>TRAITEMENT DES DONN\u00c9ES \u00c0 CARACT\u00c8RE PERSONNEL<\/strong><\/span><\/h2><p><span style=\"font-size: 16px;\"><strong>TDMED POWER SYSTEMS<\/strong> est responsable du traitement des donn\u00e9es personnelles de la personne concern\u00e9e et l&rsquo;informe que ces donn\u00e9es seront trait\u00e9es conform\u00e9ment aux dispositions de la r\u00e9glementation en vigueur sur la protection des donn\u00e9es personnelles, le R\u00e8glement (UE) 2016\/679 du Parlement europ\u00e9en et du Conseil du 27 avril 2016 relatif \u00e0 la protection des personnes physiques \u00e0 l&rsquo;\u00e9gard du traitement des donn\u00e9es \u00e0 caract\u00e8re personnel et \u00e0 la libre circulation de ces donn\u00e9es. <\/span><\/p><h3><span style=\"font-size: 16px;\"><strong>Information sur la protection des donn\u00e9es personnelles<\/strong><\/span><\/h3><ul><li><span style=\"font-size: 16px;\">R\u00e9ception des donn\u00e9es personnelles<\/span><\/li><li><span style=\"font-size: 16px;\">Responsable du traitement de vos donn\u00e9es personnelles<\/span><\/li><li><span style=\"font-size: 16px;\">Finalit\u00e9 du traitement des donn\u00e9es personnelles<\/span><\/li><li><span style=\"font-size: 16px;\">L\u00e9gitimation du traitement des donn\u00e9es personnelles<\/span><\/li><li><span style=\"font-size: 16px;\">Destinataires des donn\u00e9es personnelles<\/span><\/li><li><span style=\"font-size: 16px;\">Dur\u00e9e de conservation des donn\u00e9es<\/span><\/li><li><span style=\"font-size: 16px;\">Droits de la personne concern\u00e9e<\/span><\/li><li><span style=\"font-size: 16px;\">Mesures de s\u00e9curit\u00e9<\/span><\/li><li><span style=\"font-size: 16px;\">Modifications de la politique de s\u00e9curit\u00e9 et de protection des donn\u00e9es<\/span><\/li><\/ul><h3><span style=\"font-size: 16px;\"><strong>R\u00e9ception des donn\u00e9es personnelles<\/strong><\/span><\/h3><p><span style=\"font-size: 16px;\">Toutes les donn\u00e9es personnelles trait\u00e9es chez <strong>TDMED POWER SYSTEMS<\/strong><strong>\u00a0<\/strong>sont fournies par les personnes concern\u00e9es elles-m\u00eames ou leurs repr\u00e9sentants l\u00e9gaux.<\/span><\/p><h3><span style=\"font-size: 16px;\"><strong>Responsable du traitement de vos donn\u00e9es personnelles<\/strong><\/span><\/h3><ul><li><span style=\"font-size: 16px;\"><strong><em>Identit\u00e9<\/em><\/strong> : <strong>TDMED POWER SYSTEMS<\/strong><\/span><\/li><li><span style=\"font-size: 16px;\"><strong><em>NIF<\/em><\/strong> : B82545377<\/span><\/li><li><span style=\"font-size: 16px;\"><strong><em>Adresse postale<\/em><\/strong><strong> :<\/strong>CALLE COPERNICO 26, 28823 COSLADA-MADRID<\/span><\/li><li><span style=\"font-size: 16px;\"><strong><em>T\u00e9l\u00e9phone<\/em><\/strong> : 916737012<\/span><\/li><li><span style=\"font-size: 16px;\"><strong><em>Adresse \u00e9lectronique<\/em><\/strong> : contabilidad@casli.es<\/span><\/li><\/ul><h3><span style=\"font-size: 16px;\"><strong>Finalit\u00e9 du traitement des donn\u00e9es personnelles<\/strong><\/span><\/h3><ul><li><span style=\"font-size: 16px;\"><strong><em>Donn\u00e9es du personnel<\/em><\/strong> : pour la maintenance, le d\u00e9veloppement, l&rsquo;accomplissement et le contr\u00f4le de la relation contractuelle avec nos employ\u00e9s, ainsi que l&rsquo;accomplissement de la r\u00e9glementation en vigueur en mati\u00e8re de travail, de S\u00e9curit\u00e9 sociale et de Pr\u00e9vention des risques professionnels qui s&rsquo;applique.<\/span><\/li><li><span style=\"font-size: 16px;\"><strong><em>Donn\u00e9es des candidats<\/em><\/strong> : pour g\u00e9rer la participation des personnes concern\u00e9es dans les processus de s\u00e9lection du personnel r\u00e9alis\u00e9s par l&rsquo;entreprise.<\/span><\/li><li><span style=\"font-size: 16px;\"><strong><em>Donn\u00e9es des clients<\/em><\/strong> : pour la maintenance, le d\u00e9veloppement, l&rsquo;accomplissement et le contr\u00f4le ad\u00e9quats de la relation contractuelle avec les clients et des services qu&rsquo;ils demandent.<\/span><\/li><li><span style=\"font-size: 16px;\"><strong><em>Donn\u00e9es des fournisseurs<\/em><\/strong> : pour la maintenance, le d\u00e9veloppement, l&rsquo;accomplissement et le contr\u00f4le ad\u00e9quats de la relation contractuelle avec nos fournisseurs et des services qu&rsquo;ils nous fournissent.<\/span><\/li><li><span style=\"font-size: 16px;\"><strong><em>Donn\u00e9es de la section de contact<\/em><\/strong> : pour g\u00e9rer et r\u00e9pondre aux consultations, plaintes, suggestions et demandes r\u00e9alis\u00e9es par les utilisateurs \u00e0 travers le site web.<\/span><\/li><li><span style=\"font-size: 16px;\"><strong><em>Donn\u00e9es des r\u00e9clamations et consultations des clients<\/em><\/strong> : pour g\u00e9rer les r\u00e9clamations et consultations des clients.<\/span><\/li><\/ul><h3><span style=\"font-size: 16px;\"><strong>L\u00e9gitimation du traitement des donn\u00e9es personnelles<\/strong><\/span><\/h3><ul><li><span style=\"font-size: 16px;\"><strong><em>Donn\u00e9es du personnel<\/em><\/strong> : la base pour le traitement des donn\u00e9es personnelles du fournisseur est l&rsquo;ex\u00e9cution du contrat de travail entre l&rsquo;entreprise et ses travailleurs.<\/span><\/li><li><span style=\"font-size: 16px;\"><strong><em>Donn\u00e9es des candidats<\/em><\/strong> : la base l\u00e9gale ou juridique pour le traitement des donn\u00e9es personnelles de la personne concern\u00e9e est le consentement qu&rsquo;ils donnent en nous facilitant leur curriculum vitae pour participer aux processus de s\u00e9lection du personnel que nous r\u00e9alisons.<\/span><\/li><li><span style=\"font-size: 16px;\"><strong><em>Donn\u00e9es des clients<\/em><\/strong> : la base l\u00e9gale ou juridique pour le traitement des donn\u00e9es personnelles des clients est l&rsquo;ex\u00e9cution du contrat ou des commandes qu&rsquo;ils r\u00e9alisent.<\/span><\/li><li><span style=\"font-size: 16px;\"><strong><em>Donn\u00e9es des fournisseurs<\/em><\/strong> : la base l\u00e9gale ou juridique pour le traitement des donn\u00e9es personnelles des fournisseurs est l&rsquo;ex\u00e9cution du contrat ou de la relation commerciale existante avec l&rsquo;entreprise.<\/span><\/li><li><span style=\"font-size: 16px;\"><strong><em>Donn\u00e9es de la section de contact<\/em><\/strong> : la base l\u00e9gale ou juridique pour le traitement des donn\u00e9es personnelles est le consentement donn\u00e9 en remplissant le formulaire habilit\u00e9 \u00e0 cet effet.<\/span><\/li><li><span style=\"font-size: 16px;\"><strong><em>Donn\u00e9es des r\u00e9clamations et consultations des clients<\/em><\/strong> : la base l\u00e9gale ou juridique pour le traitement des donn\u00e9es personnelles est le consentement donn\u00e9 en remplissant le formulaire habilit\u00e9 \u00e0 cet effet.<\/span><\/li><\/ul><h3><span style=\"font-size: 16px;\"><strong>Destinataires des donn\u00e9es personnelles<\/strong><\/span><\/h3><p><span style=\"font-size: 16px;\">Les donn\u00e9es personnelles des employ\u00e9s, candidats, clients, fournisseurs, ainsi que d&rsquo;autres personnes concern\u00e9es (Newsletter, visites de mus\u00e9e, etc.) pourront \u00eatre communiqu\u00e9es \u00e0 :<\/span><\/p><ul><li><span style=\"font-size: 16px;\">Autres entreprises du <strong>GROUPE CASLI<\/strong> \u00e0 des fins de gestion interne.<\/span><\/li><li><span style=\"font-size: 16px;\">Tiers pour la prestation de services li\u00e9s \u00e0 la relation contractuelle.<\/span><\/li><\/ul><h3><span style=\"font-size: 16px;\"><strong>Dur\u00e9e de conservation des donn\u00e9es<\/strong><\/span><\/h3><ul><li><span style=\"font-size: 16px;\"><strong><em>Donn\u00e9es du personnel<\/em><\/strong> : les donn\u00e9es personnelles des employ\u00e9s seront conserv\u00e9es pendant la dur\u00e9e de validit\u00e9 de la relation contractuelle de travail et, une fois celle-ci termin\u00e9e, pendant les d\u00e9lais de prescription des responsabilit\u00e9s \u00e9tablies par les dispositions l\u00e9gales qui s&rsquo;appliquent.<\/span><\/li><li><span style=\"font-size: 16px;\"><strong><em>Donn\u00e9es des candidats<\/em><\/strong> : les donn\u00e9es personnelles des candidats seront conserv\u00e9es pendant la dur\u00e9e du processus de s\u00e9lection. Une fois le processus termin\u00e9 et, au cas o\u00f9 vous ne seriez pas s\u00e9lectionn\u00e9, nous conserverons votre dossier pour de futurs processus de s\u00e9lection.<\/span><\/li><li><span style=\"font-size: 16px;\"><strong><em>Donn\u00e9es des clients et des fournisseurs<\/em><\/strong> : vos donn\u00e9es personnelles seront conserv\u00e9es pendant la dur\u00e9e de validit\u00e9 de la relation contractuelle correspondante et, une fois celle-ci termin\u00e9e, pendant les d\u00e9lais de prescription des responsabilit\u00e9s \u00e9tablies par les dispositions l\u00e9gales qui s&rsquo;appliquent.<\/span><\/li><li><span style=\"font-size: 16px;\"><strong><em>Donn\u00e9es de la section de contact<\/em><\/strong> : les donn\u00e9es personnelles que nous fournissent les utilisateurs lors du contact avec nous seront conserv\u00e9es uniquement pendant la gestion de la demande qu&rsquo;ils nous font, de sorte qu&rsquo;une fois son traitement termin\u00e9, on proc\u00e9dera \u00e0 sa suppression.<\/span><\/li><li><span style=\"font-size: 16px;\"><strong><em>Donn\u00e9es des r\u00e9clamations et consultations des clients<\/em><\/strong> : les donn\u00e9es personnelles que nous fournissent les utilisateurs lors du contact avec nous seront conserv\u00e9es uniquement pendant la gestion de la demande qu&rsquo;ils nous font, de sorte qu&rsquo;une fois son traitement termin\u00e9, on proc\u00e9dera \u00e0 sa suppression.<\/span><\/li><\/ul><h3><span style=\"font-size: 16px;\"><strong>Droits de la personne concern\u00e9e<\/strong><\/span><\/h3><p><span style=\"font-size: 16px;\">La Personne concern\u00e9e pourra exercer \u00e0 tout moment les droits suivants, pr\u00e9vus dans le RGPD, en relation au traitement de ses donn\u00e9es personnelles :<\/span><\/p><ul><li><span style=\"font-size: 16px;\"><em>Droit de demander l&rsquo;acc\u00e8s \u00e0 ses donn\u00e9es personnelles.<\/em><\/span><\/li><li><span style=\"font-size: 16px;\"><em>Droit de demander leur rectification ou suppression.<\/em><\/span><\/li><li><span style=\"font-size: 16px;\"><em>Droit de demander la limitation de leur traitement.<\/em><\/span><\/li><li><span style=\"font-size: 16px;\"><em>Droit de s&rsquo;opposer au traitement.<\/em><\/span><\/li><li><span style=\"font-size: 16px;\"><em>Droit \u00e0 la portabilit\u00e9 des donn\u00e9es.<\/em><\/span><\/li><\/ul><p><span style=\"font-size: 16px;\">Ces droits pourront \u00eatre exerc\u00e9s au moyen d&rsquo;une communication dirig\u00e9e \u00e0 <strong>TDMED POWER SYSTEMS<\/strong><strong>\u00a0<\/strong>\u00e0 l&rsquo;adresse CALLE COPERNICO 26, 28823,COSLADA-MADRID.<\/span><\/p><h3><span style=\"font-size: 16px;\"><strong>Mesures de s\u00e9curit\u00e9<\/strong><\/span><\/h3><p><span style=\"font-size: 16px;\"><strong>TDMED POWER SYSTEMS S.L<\/strong> a adopt\u00e9 les mesures techniques et organisationnelles appropri\u00e9es pour garantir un niveau de s\u00e9curit\u00e9 ad\u00e9quat, selon la nature des donn\u00e9es personnelles trait\u00e9es et les circonstances du traitement, dans le but d&rsquo;\u00e9viter, dans la mesure du possible et toujours selon l&rsquo;\u00e9tat de la technique, leur alt\u00e9ration, perte, traitement ou acc\u00e8s non autoris\u00e9.<\/span><\/p><p><span style=\"font-size: 16px;\">De m\u00eame, <strong>TDMED POWER SYSTEMS<\/strong>\u00a0garantit qu&rsquo;elle a impl\u00e9ment\u00e9 des m\u00e9canismes pour :<\/span><\/p><ol><li><span style=\"font-size: 16px;\">Garantir la confidentialit\u00e9, l&rsquo;int\u00e9grit\u00e9, la disponibilit\u00e9 et la r\u00e9silience permanentes des syst\u00e8mes et services de traitement.<\/span><\/li><li><span style=\"font-size: 16px;\">Restaurer la disponibilit\u00e9 et l&rsquo;acc\u00e8s aux donn\u00e9es personnelles de mani\u00e8re rapide, en cas d&rsquo;incident physique ou technique.<\/span><\/li><li><span style=\"font-size: 16px;\">V\u00e9rifier et contr\u00f4ler, de mani\u00e8re r\u00e9guli\u00e8re, l&rsquo;efficacit\u00e9 des mesures techniques et organisationnelles implant\u00e9es pour garantir la s\u00e9curit\u00e9 du traitement des donn\u00e9es.<\/span><\/li><\/ol><h3><span style=\"font-size: 16px;\"><strong>Modifications de la politique de s\u00e9curit\u00e9 et de protection des donn\u00e9es<\/strong><\/span><\/h3><p><span style=\"font-size: 16px;\"><strong>TDMED POWER SYSTEMS<\/strong> se r\u00e9serve le droit de modifier sa politique de s\u00e9curit\u00e9 et de protection des donn\u00e9es dans le but de l&rsquo;adapter aux nouveaut\u00e9s l\u00e9gislatives ou jurisprudentielles, ainsi qu&rsquo;\u00e0 celles qui pourraient d\u00e9couler de codes types existants en la mati\u00e8re, ou pour des d\u00e9cisions corporatives strat\u00e9giques, avec effet \u00e0 la date de publication de ladite modification sur le site Web de <strong>TDMED POWER SYSTEMS<\/strong><strong>.<\/strong><\/span><\/p>\t\t\t\t\t\t\t\t<\/div>\n\t\t\t\t<\/div>\n\t\t\t\t\t<\/div>\n\t\t\t\t<\/div>\n\t\t\t\t<\/div>\n\t\t","protected":false},"excerpt":{"rendered":"<p>Politique de confidentialit\u00e9 TRAITEMENT DES DONN\u00c9ES \u00c0 CARACT\u00c8RE PERSONNEL TDMED POWER SYSTEMS est responsable du traitement des donn\u00e9es personnelles de la personne concern\u00e9e et l&rsquo;informe &#8230; <\/p>\n<p class=\"read-more-container\"><a title=\"Politique  de confidentialit\u00e9\" class=\"read-more button\" href=\"https:\/\/tdmed.es\/fr\/politique-confidentialite\/#more-17114\" aria-label=\"En savoir plus sur Politique  de confidentialit\u00e9\">Lire plus<\/a><\/p>\n","protected":false},"author":313,"featured_media":0,"parent":0,"menu_order":0,"comment_status":"closed","ping_status":"closed","template":"","meta":{"_joinchat":[],"footnotes":""},"class_list":["post-17114","page","type-page","status-publish"],"yoast_head":"<!-- This site is optimized with the Yoast SEO Premium plugin v27.3 (Yoast SEO v27.3) - https:\/\/yoast.com\/product\/yoast-seo-premium-wordpress\/ -->\n<title>Politique de confidentialit\u00e9 - TDMED<\/title>\n<meta name=\"description\" content=\"Politique de confidentialit\u00e9\" \/>\n<meta name=\"robots\" content=\"index, follow, max-snippet:-1, max-image-preview:large, max-video-preview:-1\" \/>\n<link rel=\"canonical\" href=\"https:\/\/tdmed.es\/fr\/politique-confidentialite\/\" \/>\n<meta property=\"og:locale\" content=\"fr_FR\" \/>\n<meta property=\"og:type\" content=\"article\" \/>\n<meta property=\"og:title\" content=\"Politique de confidentialit\u00e9\" \/>\n<meta property=\"og:description\" content=\"Politique de confidentialit\u00e9\" \/>\n<meta property=\"og:url\" content=\"https:\/\/tdmed.es\/fr\/politique-confidentialite\/\" \/>\n<meta property=\"og:site_name\" content=\"TDMED\" \/>\n<meta property=\"article:modified_time\" content=\"2026-03-06T13:11:52+00:00\" \/>\n<meta name=\"twitter:card\" content=\"summary_large_image\" \/>\n<script type=\"application\/ld+json\" class=\"yoast-schema-graph\">{\"@context\":\"https:\\\/\\\/schema.org\",\"@graph\":[{\"@type\":\"WebPage\",\"@id\":\"https:\\\/\\\/tdmed.es\\\/fr\\\/politique-confidentialite\\\/\",\"url\":\"https:\\\/\\\/tdmed.es\\\/fr\\\/politique-confidentialite\\\/\",\"name\":\"Politique de confidentialit\u00e9 - TDMED\",\"isPartOf\":{\"@id\":\"https:\\\/\\\/tdmed.es\\\/fr\\\/#website\"},\"datePublished\":\"2017-11-27T15:29:24+00:00\",\"dateModified\":\"2026-03-06T13:11:52+00:00\",\"description\":\"Politique de confidentialit\u00e9\",\"breadcrumb\":{\"@id\":\"https:\\\/\\\/tdmed.es\\\/fr\\\/politique-confidentialite\\\/#breadcrumb\"},\"inLanguage\":\"fr-FR\",\"potentialAction\":[{\"@type\":\"ReadAction\",\"target\":[\"https:\\\/\\\/tdmed.es\\\/fr\\\/politique-confidentialite\\\/\"]}]},{\"@type\":\"BreadcrumbList\",\"@id\":\"https:\\\/\\\/tdmed.es\\\/fr\\\/politique-confidentialite\\\/#breadcrumb\",\"itemListElement\":[{\"@type\":\"ListItem\",\"position\":1,\"name\":\"Portada\",\"item\":\"https:\\\/\\\/tdmed.es\\\/fr\\\/\"},{\"@type\":\"ListItem\",\"position\":2,\"name\":\"Politique de confidentialit\u00e9\"}]},{\"@type\":\"WebSite\",\"@id\":\"https:\\\/\\\/tdmed.es\\\/fr\\\/#website\",\"url\":\"https:\\\/\\\/tdmed.es\\\/fr\\\/\",\"name\":\"TDMED\",\"description\":\"TDMED\",\"publisher\":{\"@id\":\"https:\\\/\\\/tdmed.es\\\/fr\\\/#organization\"},\"potentialAction\":[{\"@type\":\"SearchAction\",\"target\":{\"@type\":\"EntryPoint\",\"urlTemplate\":\"https:\\\/\\\/tdmed.es\\\/fr\\\/?s={search_term_string}\"},\"query-input\":{\"@type\":\"PropertyValueSpecification\",\"valueRequired\":true,\"valueName\":\"search_term_string\"}}],\"inLanguage\":\"fr-FR\"},{\"@type\":\"Organization\",\"@id\":\"https:\\\/\\\/tdmed.es\\\/fr\\\/#organization\",\"name\":\"TransDiesel\",\"url\":\"https:\\\/\\\/tdmed.es\\\/fr\\\/\",\"logo\":{\"@type\":\"ImageObject\",\"inLanguage\":\"fr-FR\",\"@id\":\"https:\\\/\\\/tdmed.es\\\/fr\\\/#\\\/schema\\\/logo\\\/image\\\/\",\"url\":\"https:\\\/\\\/tdmed.es\\\/wp-content\\\/uploads\\\/2018\\\/12\\\/NewLogo.png\",\"contentUrl\":\"https:\\\/\\\/tdmed.es\\\/wp-content\\\/uploads\\\/2018\\\/12\\\/NewLogo.png\",\"width\":800,\"height\":140,\"caption\":\"TransDiesel\"},\"image\":{\"@id\":\"https:\\\/\\\/tdmed.es\\\/fr\\\/#\\\/schema\\\/logo\\\/image\\\/\"}}]}<\/script>\n<!-- \/ Yoast SEO Premium plugin. -->","yoast_head_json":{"title":"Politique de confidentialit\u00e9 - TDMED","description":"Politique de confidentialit\u00e9","robots":{"index":"index","follow":"follow","max-snippet":"max-snippet:-1","max-image-preview":"max-image-preview:large","max-video-preview":"max-video-preview:-1"},"canonical":"https:\/\/tdmed.es\/fr\/politique-confidentialite\/","og_locale":"fr_FR","og_type":"article","og_title":"Politique de confidentialit\u00e9","og_description":"Politique de confidentialit\u00e9","og_url":"https:\/\/tdmed.es\/fr\/politique-confidentialite\/","og_site_name":"TDMED","article_modified_time":"2026-03-06T13:11:52+00:00","twitter_card":"summary_large_image","schema":{"@context":"https:\/\/schema.org","@graph":[{"@type":"WebPage","@id":"https:\/\/tdmed.es\/fr\/politique-confidentialite\/","url":"https:\/\/tdmed.es\/fr\/politique-confidentialite\/","name":"Politique de confidentialit\u00e9 - TDMED","isPartOf":{"@id":"https:\/\/tdmed.es\/fr\/#website"},"datePublished":"2017-11-27T15:29:24+00:00","dateModified":"2026-03-06T13:11:52+00:00","description":"Politique de confidentialit\u00e9","breadcrumb":{"@id":"https:\/\/tdmed.es\/fr\/politique-confidentialite\/#breadcrumb"},"inLanguage":"fr-FR","potentialAction":[{"@type":"ReadAction","target":["https:\/\/tdmed.es\/fr\/politique-confidentialite\/"]}]},{"@type":"BreadcrumbList","@id":"https:\/\/tdmed.es\/fr\/politique-confidentialite\/#breadcrumb","itemListElement":[{"@type":"ListItem","position":1,"name":"Portada","item":"https:\/\/tdmed.es\/fr\/"},{"@type":"ListItem","position":2,"name":"Politique de confidentialit\u00e9"}]},{"@type":"WebSite","@id":"https:\/\/tdmed.es\/fr\/#website","url":"https:\/\/tdmed.es\/fr\/","name":"TDMED","description":"TDMED","publisher":{"@id":"https:\/\/tdmed.es\/fr\/#organization"},"potentialAction":[{"@type":"SearchAction","target":{"@type":"EntryPoint","urlTemplate":"https:\/\/tdmed.es\/fr\/?s={search_term_string}"},"query-input":{"@type":"PropertyValueSpecification","valueRequired":true,"valueName":"search_term_string"}}],"inLanguage":"fr-FR"},{"@type":"Organization","@id":"https:\/\/tdmed.es\/fr\/#organization","name":"TransDiesel","url":"https:\/\/tdmed.es\/fr\/","logo":{"@type":"ImageObject","inLanguage":"fr-FR","@id":"https:\/\/tdmed.es\/fr\/#\/schema\/logo\/image\/","url":"https:\/\/tdmed.es\/wp-content\/uploads\/2018\/12\/NewLogo.png","contentUrl":"https:\/\/tdmed.es\/wp-content\/uploads\/2018\/12\/NewLogo.png","width":800,"height":140,"caption":"TransDiesel"},"image":{"@id":"https:\/\/tdmed.es\/fr\/#\/schema\/logo\/image\/"}}]}},"_links":{"self":[{"href":"https:\/\/tdmed.es\/fr\/wp-json\/wp\/v2\/pages\/17114","targetHints":{"allow":["GET"]}}],"collection":[{"href":"https:\/\/tdmed.es\/fr\/wp-json\/wp\/v2\/pages"}],"about":[{"href":"https:\/\/tdmed.es\/fr\/wp-json\/wp\/v2\/types\/page"}],"author":[{"embeddable":true,"href":"https:\/\/tdmed.es\/fr\/wp-json\/wp\/v2\/users\/313"}],"replies":[{"embeddable":true,"href":"https:\/\/tdmed.es\/fr\/wp-json\/wp\/v2\/comments?post=17114"}],"version-history":[{"count":0,"href":"https:\/\/tdmed.es\/fr\/wp-json\/wp\/v2\/pages\/17114\/revisions"}],"wp:attachment":[{"href":"https:\/\/tdmed.es\/fr\/wp-json\/wp\/v2\/media?parent=17114"}],"curies":[{"name":"wp","href":"https:\/\/api.w.org\/{rel}","templated":true}]}}