{"id":109500,"date":"2025-07-21T17:54:42","date_gmt":"2025-07-21T15:54:42","guid":{"rendered":"https:\/\/preprod.transdiesel.es\/groupes-electrogenes-diesel\/"},"modified":"2026-03-18T11:15:16","modified_gmt":"2026-03-18T10:15:16","slug":"groupes-electrogenes-diesel","status":"publish","type":"page","link":"https:\/\/tdmed.es\/fr\/groupes-electrogenes-diesel\/","title":{"rendered":"Groupes \u00c9lectrog\u00e8nes Diesel"},"content":{"rendered":"\t\t<div data-elementor-type=\"wp-page\" data-elementor-id=\"109500\" class=\"elementor elementor-109500 elementor-107661\" data-elementor-post-type=\"page\">\n\t\t\t\t<div data-particle_enable=\"false\" data-particle-mobile-disabled=\"false\" class=\"elementor-element elementor-element-fc286fd e-flex e-con-boxed e-con e-parent\" data-id=\"fc286fd\" data-element_type=\"container\" data-e-type=\"container\" data-settings=\"{&quot;background_background&quot;:&quot;classic&quot;}\">\n\t\t\t\t\t<div class=\"e-con-inner\">\n\t\t\t\t\t<\/div>\n\t\t\t\t<\/div>\n\t\t<div data-particle_enable=\"false\" data-particle-mobile-disabled=\"false\" class=\"elementor-element elementor-element-49d425b3 e-flex e-con-boxed e-con e-parent\" data-id=\"49d425b3\" data-element_type=\"container\" data-e-type=\"container\">\n\t\t\t\t\t<div class=\"e-con-inner\">\n\t\t<div data-particle_enable=\"false\" data-particle-mobile-disabled=\"false\" class=\"elementor-element elementor-element-2d57d1a e-con-full e-flex e-con e-child\" data-id=\"2d57d1a\" data-element_type=\"container\" data-e-type=\"container\">\n\t\t\t\t<div class=\"elementor-element elementor-element-6ac230c1 elementor-widget__width-initial elementor-widget-tablet__width-inherit elementor-widget elementor-widget-heading\" data-id=\"6ac230c1\" data-element_type=\"widget\" data-e-type=\"widget\" data-widget_type=\"heading.default\">\n\t\t\t\t<div class=\"elementor-widget-container\">\n\t\t\t\t\t<h1 class=\"elementor-heading-title elementor-size-default\">Groupes \u00c9lectrog\u00e8nes Diesel<\/h1>\t\t\t\t<\/div>\n\t\t\t\t<\/div>\n\t\t\t\t<\/div>\n\t\t\t\t\t<\/div>\n\t\t\t\t<\/div>\n\t\t<div data-particle_enable=\"false\" data-particle-mobile-disabled=\"false\" class=\"elementor-element elementor-element-b8e613b e-flex e-con-boxed e-con e-parent\" data-id=\"b8e613b\" data-element_type=\"container\" data-e-type=\"container\">\n\t\t\t\t\t<div class=\"e-con-inner\">\n\t\t<div data-particle_enable=\"false\" data-particle-mobile-disabled=\"false\" class=\"elementor-element elementor-element-01e3d22 e-con-full e-flex e-con e-child\" data-id=\"01e3d22\" data-element_type=\"container\" data-e-type=\"container\" data-settings=\"{&quot;background_background&quot;:&quot;classic&quot;}\">\n\t\t\t\t<div class=\"elementor-element elementor-element-71003e7 elementor-widget elementor-widget-image\" data-id=\"71003e7\" data-element_type=\"widget\" data-e-type=\"widget\" data-widget_type=\"image.default\">\n\t\t\t\t<div class=\"elementor-widget-container\">\n\t\t\t\t\t\t\t\t\t\t\t\t\t\t\t<img decoding=\"async\" src=\"https:\/\/tdmed.es\/wp-content\/uploads\/2025\/05\/Generadores-Diesel-2.png\" title=\"Generadores-Diesel-2\" alt=\"Generadores-Diesel-2\" loading=\"lazy\" \/>\t\t\t\t\t\t\t\t\t\t\t\t\t\t\t<\/div>\n\t\t\t\t<\/div>\n\t\t\t\t<\/div>\n\t\t<div data-particle_enable=\"false\" data-particle-mobile-disabled=\"false\" class=\"elementor-element elementor-element-2afab92 e-con-full e-flex e-con e-child\" data-id=\"2afab92\" data-element_type=\"container\" data-e-type=\"container\">\n\t\t\t\t<div class=\"elementor-element elementor-element-db1042a elementor-widget elementor-widget-image\" data-id=\"db1042a\" data-element_type=\"widget\" data-e-type=\"widget\" data-widget_type=\"image.default\">\n\t\t\t\t<div class=\"elementor-widget-container\">\n\t\t\t\t\t\t\t\t\t\t\t\t\t\t\t<img fetchpriority=\"high\" decoding=\"async\" width=\"330\" height=\"168\" src=\"https:\/\/tdmed.es\/wp-content\/uploads\/2018\/12\/DeereCanvas.jpg\" class=\"attachment-large size-large wp-image-17126\" alt=\"John Deere Motores\" srcset=\"https:\/\/tdmed.es\/wp-content\/uploads\/2018\/12\/DeereCanvas.jpg 330w, https:\/\/tdmed.es\/wp-content\/uploads\/2018\/12\/DeereCanvas-300x153.jpg 300w\" sizes=\"(max-width: 330px) 100vw, 330px\" \/>\t\t\t\t\t\t\t\t\t\t\t\t\t\t\t<\/div>\n\t\t\t\t<\/div>\n\t\t\t\t<div class=\"elementor-element elementor-element-e0c4560 elementor-widget elementor-widget-text-editor\" data-id=\"e0c4560\" data-element_type=\"widget\" data-e-type=\"widget\" data-widget_type=\"text-editor.default\">\n\t\t\t\t<div class=\"elementor-widget-container\">\n\t\t\t\t\t\t\t\t\t<p><strong>TDMED<\/strong> poss\u00e8de une vaste exp\u00e9rience dans la fabrication de groupes \u00e9lectrog\u00e8nes <strong>diesel<\/strong>, avec deux lignes de produits distinctes: les groupes \u00e0 moteur non certifi\u00e9 et les groupes \u00e0 moteur poss\u00e9dant la certification STAGE IIIA conform\u00e9ment \u00e0 la normative qui r\u00e9gule les \u00e9missions de gazs dans l\u2019atmosph\u00e8re.<\/p><p><strong>Groupes \u00e0 moteurs non certifi\u00e9s<\/strong>, destin\u00e9s \u00e0 des applications stationnaires o\u00f9 la l\u00e9gislation sur les \u00e9missions n\u2019est pas encore applicable. Versions ouvertes ou insonoris\u00e9es, pour un usage d\u2019urgence, fonctionnement en continu, en mode \u00eelot ou parall\u00e8le<\/p><p><strong>Groupes \u00e0 moteurs certifi\u00e9s (STAGE IIIA)<\/strong>, conformes \u00e0 la l\u00e9gislation europ\u00e9enne sur les \u00e9missions pour applications mobiles ou pour la location.<\/p><p>\u00a0<\/p><p><strong>Adaptabilit\u00e9<\/strong><\/p><p>Nos groupes \u00e9lectrog\u00e8nes sont con\u00e7us pour s\u2019adapter aux conditions les plus extr\u00eames gr\u00e2ce \u00e0 :<\/p><p>\u00c9quipements de s\u00e9rie complets et configurables (moteur, alternateur)<\/p><p>Options diverses (cabines renforc\u00e9es, protections, armoires de contr\u00f4le, r\u00e9servoirs carburant, etc.)<\/p><p>Syst\u00e8mes PMG (g\u00e9n\u00e9rateur \u00e0 aimant permanent)<\/p><p>Synchronisation avec le r\u00e9seau ou avec d&rsquo;autres groupes<\/p><p>Supervision et surveillance \u00e0 distance<\/p><p>Peintures et mat\u00e9riaux sp\u00e9ciaux pour environnements corrosifs<\/p><p>Insonorisation sp\u00e9ciale<\/p><p>Sp\u00e9cifications \u00e9lectriques personnalis\u00e9es pour diff\u00e9rents pays, fontionnement bi-fr\u00e9quence (50 Hz \/ 60 Hz), etc.<\/p><p>\u00a0<\/p><p><a class=\"break-word hover:text-super hover:decoration-super underline decoration-from-font underline-offset-1 transition-all duration-300\" href=\"https:\/\/caslienergy.es\/grupos-diesel\/\" target=\"_blank\" rel=\"nofollow noopener\">Consultez Ici<\/a> les sp\u00e9cifications \u00e9lectriques sp\u00e9cifiques d&rsquo;autres pays, syst\u00e8mes bi-fr\u00e9quence, et bien plus encore&#8230;<\/p>\t\t\t\t\t\t\t\t<\/div>\n\t\t\t\t<\/div>\n\t\t\t\t<\/div>\n\t\t\t\t\t<\/div>\n\t\t\t\t<\/div>\n\t\t<div data-particle_enable=\"false\" data-particle-mobile-disabled=\"false\" class=\"elementor-element elementor-element-0911f6b e-flex e-con-boxed e-con e-parent\" data-id=\"0911f6b\" data-element_type=\"container\" data-e-type=\"container\">\n\t\t\t\t\t<div class=\"e-con-inner\">\n\t\t<div data-particle_enable=\"false\" data-particle-mobile-disabled=\"false\" class=\"elementor-element elementor-element-9d02d8e e-con-full e-flex e-con e-child\" data-id=\"9d02d8e\" data-element_type=\"container\" data-e-type=\"container\">\n\t\t\t\t<div class=\"elementor-element elementor-element-0e9f4c4 elementor-widget elementor-widget-heading\" data-id=\"0e9f4c4\" data-element_type=\"widget\" data-e-type=\"widget\" data-widget_type=\"heading.default\">\n\t\t\t\t<div class=\"elementor-widget-container\">\n\t\t\t\t\t<h2 class=\"elementor-heading-title elementor-size-default\">Composants De Qualit\u00e9 Sup\u00e9rieure<\/h2>\t\t\t\t<\/div>\n\t\t\t\t<\/div>\n\t\t\t\t<div class=\"elementor-element elementor-element-eb9a68b elementor-widget elementor-widget-text-editor\" data-id=\"eb9a68b\" data-element_type=\"widget\" data-e-type=\"widget\" data-widget_type=\"text-editor.default\">\n\t\t\t\t<div class=\"elementor-widget-container\">\n\t\t\t\t\t\t\t\t\t<p><strong>Alternateur<\/strong><\/p>\n<p>Il est charg\u00e9 de transformer l\u2019\u00e9nergie m\u00e9canique du moteur en courant \u00e9lectrique de qualit\u00e9. C\u2019est pourquoi nos groupes \u00e9lectrog\u00e8nes sont exclusivement \u00e9quip\u00e9s d\u2019alternateurs de marques de premier plan telles que STAMFORD ou MECCALTE, toutes deux reconnues \u00e0 l\u2019\u00e9chelle internationale pour leur qualit\u00e9, leur innovation et leur fiabilit\u00e9.<\/p>\n<p>Contr\u00f4leurs Deep Sea: Ils permettent plusieurs configurations: fonctionnement manuel, d\u00e9marrage automatique en cas de coupure du r\u00e9seau ou synchronisation en parall\u00e8le avec d\u2019autres groupes.<\/p>\n<p>En cas d\u2019urgence, le contr\u00f4leur surveille le r\u00e9seau principal et d\u00e9marre automatiquement le groupe lorsqu\u2019il d\u00e9tecte une panne. Il comprend \u00e9galement des bornes pour le contr\u00f4le d\u2019une commutation externe.<\/p>\n<p>TDMED propose \u00e9galement une \u00e9tude technique pr\u00e9alable, une offre technico-\u00e9conomique, une assistance \u00e0 la recherche de financement et d\u2019assurances, des conseils pour la contractualisation de l\u2019approvisionnement en carburant, la fourniture, le transport, l\u2019installation et la maintenance des \u00e9quipements.<\/p>\n<p>Consultez notre gamme compl\u00e8te de moteurs diesel pour groupes \u00e9lectrog\u00e8nes sur le site de John Deere : 3029 (2.9 L), 4045 (4.5 L), 6068 (6.8 L), 6090 (9 L), 6136 (13.6 L) et 6180 (18 L).<\/p>\n\t\t\t\t\t\t\t\t<\/div>\n\t\t\t\t<\/div>\n\t\t\t\t<\/div>\n\t\t<div data-particle_enable=\"false\" data-particle-mobile-disabled=\"false\" class=\"elementor-element elementor-element-72f1ddc e-con-full e-flex e-con e-child\" data-id=\"72f1ddc\" data-element_type=\"container\" data-e-type=\"container\" data-settings=\"{&quot;background_background&quot;:&quot;classic&quot;}\">\n\t\t\t\t<div class=\"elementor-element elementor-element-8e4c902 elementor-widget elementor-widget-image\" data-id=\"8e4c902\" data-element_type=\"widget\" data-e-type=\"widget\" data-widget_type=\"image.default\">\n\t\t\t\t<div class=\"elementor-widget-container\">\n\t\t\t\t\t\t\t\t\t\t\t\t\t\t\t<img decoding=\"async\" src=\"https:\/\/tdmed.es\/wp-content\/uploads\/2025\/06\/generadores-diesel.png\" title=\"generadores diesel\" alt=\"Generadores Diesel - Componentes de M\u00e1xima Calidad\" loading=\"lazy\" \/>\t\t\t\t\t\t\t\t\t\t\t\t\t\t\t<\/div>\n\t\t\t\t<\/div>\n\t\t\t\t<\/div>\n\t\t\t\t\t<\/div>\n\t\t\t\t<\/div>\n\t\t\t\t<\/div>\n\t\t","protected":false},"excerpt":{"rendered":"<p>Groupes \u00c9lectrog\u00e8nes Diesel TDMED poss\u00e8de une vaste exp\u00e9rience dans la fabrication de groupes \u00e9lectrog\u00e8nes diesel, avec deux lignes de produits distinctes: les groupes \u00e0 moteur &#8230; <\/p>\n<p class=\"read-more-container\"><a title=\"Groupes \u00c9lectrog\u00e8nes Diesel\" class=\"read-more button\" href=\"https:\/\/tdmed.es\/fr\/groupes-electrogenes-diesel\/#more-109500\" aria-label=\"En savoir plus sur Groupes \u00c9lectrog\u00e8nes Diesel\">Lire plus<\/a><\/p>\n","protected":false},"author":313,"featured_media":0,"parent":0,"menu_order":0,"comment_status":"closed","ping_status":"closed","template":"","meta":{"_joinchat":[],"footnotes":""},"class_list":["post-109500","page","type-page","status-publish"],"yoast_head":"<!-- This site is optimized with the Yoast SEO Premium plugin v27.3 (Yoast SEO v27.3) - https:\/\/yoast.com\/product\/yoast-seo-premium-wordpress\/ -->\n<title>Groupes \u00c9lectrog\u00e8nes Diesel - TDMED<\/title>\n<meta name=\"description\" content=\"Groupes \u00e9lectrog\u00e8nes diesel exp\u00e9riment\u00e9s. Moteurs non certifi\u00e9s et FASE IIIA. Fiables pour les situations d&#039;urgence et sans interruption.\" \/>\n<meta name=\"robots\" content=\"index, follow, max-snippet:-1, max-image-preview:large, max-video-preview:-1\" \/>\n<link rel=\"canonical\" href=\"https:\/\/tdmed.es\/fr\/groupes-electrogenes-diesel\/\" \/>\n<meta property=\"og:locale\" content=\"fr_FR\" \/>\n<meta property=\"og:type\" content=\"article\" \/>\n<meta property=\"og:title\" content=\"Groupes \u00c9lectrog\u00e8nes Diesel\" \/>\n<meta property=\"og:description\" content=\"Groupes \u00e9lectrog\u00e8nes diesel exp\u00e9riment\u00e9s. Moteurs non certifi\u00e9s et FASE IIIA. Fiables pour les situations d&#039;urgence et sans interruption.\" \/>\n<meta property=\"og:url\" content=\"https:\/\/tdmed.es\/fr\/groupes-electrogenes-diesel\/\" \/>\n<meta property=\"og:site_name\" content=\"TDMED\" \/>\n<meta property=\"article:modified_time\" content=\"2026-03-18T10:15:16+00:00\" \/>\n<meta property=\"og:image\" content=\"https:\/\/tdmed.es\/wp-content\/uploads\/2025\/05\/Generadores-Diesel-2.png\" \/>\n<meta name=\"twitter:card\" content=\"summary_large_image\" \/>\n<script type=\"application\/ld+json\" class=\"yoast-schema-graph\">{\"@context\":\"https:\\\/\\\/schema.org\",\"@graph\":[{\"@type\":\"WebPage\",\"@id\":\"https:\\\/\\\/tdmed.es\\\/fr\\\/groupes-electrogenes-diesel\\\/\",\"url\":\"https:\\\/\\\/tdmed.es\\\/fr\\\/groupes-electrogenes-diesel\\\/\",\"name\":\"Groupes \u00c9lectrog\u00e8nes Diesel - TDMED\",\"isPartOf\":{\"@id\":\"https:\\\/\\\/tdmed.es\\\/fr\\\/#website\"},\"primaryImageOfPage\":{\"@id\":\"https:\\\/\\\/tdmed.es\\\/fr\\\/groupes-electrogenes-diesel\\\/#primaryimage\"},\"image\":{\"@id\":\"https:\\\/\\\/tdmed.es\\\/fr\\\/groupes-electrogenes-diesel\\\/#primaryimage\"},\"thumbnailUrl\":\"https:\\\/\\\/tdmed.es\\\/wp-content\\\/uploads\\\/2025\\\/05\\\/Generadores-Diesel-2.png\",\"datePublished\":\"2025-07-21T15:54:42+00:00\",\"dateModified\":\"2026-03-18T10:15:16+00:00\",\"description\":\"Groupes \u00e9lectrog\u00e8nes diesel exp\u00e9riment\u00e9s. Moteurs non certifi\u00e9s et FASE IIIA. Fiables pour les situations d'urgence et sans interruption.\",\"breadcrumb\":{\"@id\":\"https:\\\/\\\/tdmed.es\\\/fr\\\/groupes-electrogenes-diesel\\\/#breadcrumb\"},\"inLanguage\":\"fr-FR\",\"potentialAction\":[{\"@type\":\"ReadAction\",\"target\":[\"https:\\\/\\\/tdmed.es\\\/fr\\\/groupes-electrogenes-diesel\\\/\"]}]},{\"@type\":\"ImageObject\",\"inLanguage\":\"fr-FR\",\"@id\":\"https:\\\/\\\/tdmed.es\\\/fr\\\/groupes-electrogenes-diesel\\\/#primaryimage\",\"url\":\"https:\\\/\\\/tdmed.es\\\/wp-content\\\/uploads\\\/2025\\\/05\\\/Generadores-Diesel-2.png\",\"contentUrl\":\"https:\\\/\\\/tdmed.es\\\/wp-content\\\/uploads\\\/2025\\\/05\\\/Generadores-Diesel-2.png\"},{\"@type\":\"BreadcrumbList\",\"@id\":\"https:\\\/\\\/tdmed.es\\\/fr\\\/groupes-electrogenes-diesel\\\/#breadcrumb\",\"itemListElement\":[{\"@type\":\"ListItem\",\"position\":1,\"name\":\"Portada\",\"item\":\"https:\\\/\\\/tdmed.es\\\/fr\\\/\"},{\"@type\":\"ListItem\",\"position\":2,\"name\":\"Groupes \u00c9lectrog\u00e8nes Diesel\"}]},{\"@type\":\"WebSite\",\"@id\":\"https:\\\/\\\/tdmed.es\\\/fr\\\/#website\",\"url\":\"https:\\\/\\\/tdmed.es\\\/fr\\\/\",\"name\":\"TDMED\",\"description\":\"TDMED\",\"publisher\":{\"@id\":\"https:\\\/\\\/tdmed.es\\\/fr\\\/#organization\"},\"potentialAction\":[{\"@type\":\"SearchAction\",\"target\":{\"@type\":\"EntryPoint\",\"urlTemplate\":\"https:\\\/\\\/tdmed.es\\\/fr\\\/?s={search_term_string}\"},\"query-input\":{\"@type\":\"PropertyValueSpecification\",\"valueRequired\":true,\"valueName\":\"search_term_string\"}}],\"inLanguage\":\"fr-FR\"},{\"@type\":\"Organization\",\"@id\":\"https:\\\/\\\/tdmed.es\\\/fr\\\/#organization\",\"name\":\"TransDiesel\",\"url\":\"https:\\\/\\\/tdmed.es\\\/fr\\\/\",\"logo\":{\"@type\":\"ImageObject\",\"inLanguage\":\"fr-FR\",\"@id\":\"https:\\\/\\\/tdmed.es\\\/fr\\\/#\\\/schema\\\/logo\\\/image\\\/\",\"url\":\"https:\\\/\\\/tdmed.es\\\/wp-content\\\/uploads\\\/2018\\\/12\\\/NewLogo.png\",\"contentUrl\":\"https:\\\/\\\/tdmed.es\\\/wp-content\\\/uploads\\\/2018\\\/12\\\/NewLogo.png\",\"width\":800,\"height\":140,\"caption\":\"TransDiesel\"},\"image\":{\"@id\":\"https:\\\/\\\/tdmed.es\\\/fr\\\/#\\\/schema\\\/logo\\\/image\\\/\"}}]}<\/script>\n<!-- \/ Yoast SEO Premium plugin. -->","yoast_head_json":{"title":"Groupes \u00c9lectrog\u00e8nes Diesel - TDMED","description":"Groupes \u00e9lectrog\u00e8nes diesel exp\u00e9riment\u00e9s. Moteurs non certifi\u00e9s et FASE IIIA. Fiables pour les situations d'urgence et sans interruption.","robots":{"index":"index","follow":"follow","max-snippet":"max-snippet:-1","max-image-preview":"max-image-preview:large","max-video-preview":"max-video-preview:-1"},"canonical":"https:\/\/tdmed.es\/fr\/groupes-electrogenes-diesel\/","og_locale":"fr_FR","og_type":"article","og_title":"Groupes \u00c9lectrog\u00e8nes Diesel","og_description":"Groupes \u00e9lectrog\u00e8nes diesel exp\u00e9riment\u00e9s. Moteurs non certifi\u00e9s et FASE IIIA. Fiables pour les situations d'urgence et sans interruption.","og_url":"https:\/\/tdmed.es\/fr\/groupes-electrogenes-diesel\/","og_site_name":"TDMED","article_modified_time":"2026-03-18T10:15:16+00:00","og_image":[{"url":"https:\/\/tdmed.es\/wp-content\/uploads\/2025\/05\/Generadores-Diesel-2.png","type":"","width":"","height":""}],"twitter_card":"summary_large_image","schema":{"@context":"https:\/\/schema.org","@graph":[{"@type":"WebPage","@id":"https:\/\/tdmed.es\/fr\/groupes-electrogenes-diesel\/","url":"https:\/\/tdmed.es\/fr\/groupes-electrogenes-diesel\/","name":"Groupes \u00c9lectrog\u00e8nes Diesel - TDMED","isPartOf":{"@id":"https:\/\/tdmed.es\/fr\/#website"},"primaryImageOfPage":{"@id":"https:\/\/tdmed.es\/fr\/groupes-electrogenes-diesel\/#primaryimage"},"image":{"@id":"https:\/\/tdmed.es\/fr\/groupes-electrogenes-diesel\/#primaryimage"},"thumbnailUrl":"https:\/\/tdmed.es\/wp-content\/uploads\/2025\/05\/Generadores-Diesel-2.png","datePublished":"2025-07-21T15:54:42+00:00","dateModified":"2026-03-18T10:15:16+00:00","description":"Groupes \u00e9lectrog\u00e8nes diesel exp\u00e9riment\u00e9s. Moteurs non certifi\u00e9s et FASE IIIA. Fiables pour les situations d'urgence et sans interruption.","breadcrumb":{"@id":"https:\/\/tdmed.es\/fr\/groupes-electrogenes-diesel\/#breadcrumb"},"inLanguage":"fr-FR","potentialAction":[{"@type":"ReadAction","target":["https:\/\/tdmed.es\/fr\/groupes-electrogenes-diesel\/"]}]},{"@type":"ImageObject","inLanguage":"fr-FR","@id":"https:\/\/tdmed.es\/fr\/groupes-electrogenes-diesel\/#primaryimage","url":"https:\/\/tdmed.es\/wp-content\/uploads\/2025\/05\/Generadores-Diesel-2.png","contentUrl":"https:\/\/tdmed.es\/wp-content\/uploads\/2025\/05\/Generadores-Diesel-2.png"},{"@type":"BreadcrumbList","@id":"https:\/\/tdmed.es\/fr\/groupes-electrogenes-diesel\/#breadcrumb","itemListElement":[{"@type":"ListItem","position":1,"name":"Portada","item":"https:\/\/tdmed.es\/fr\/"},{"@type":"ListItem","position":2,"name":"Groupes \u00c9lectrog\u00e8nes Diesel"}]},{"@type":"WebSite","@id":"https:\/\/tdmed.es\/fr\/#website","url":"https:\/\/tdmed.es\/fr\/","name":"TDMED","description":"TDMED","publisher":{"@id":"https:\/\/tdmed.es\/fr\/#organization"},"potentialAction":[{"@type":"SearchAction","target":{"@type":"EntryPoint","urlTemplate":"https:\/\/tdmed.es\/fr\/?s={search_term_string}"},"query-input":{"@type":"PropertyValueSpecification","valueRequired":true,"valueName":"search_term_string"}}],"inLanguage":"fr-FR"},{"@type":"Organization","@id":"https:\/\/tdmed.es\/fr\/#organization","name":"TransDiesel","url":"https:\/\/tdmed.es\/fr\/","logo":{"@type":"ImageObject","inLanguage":"fr-FR","@id":"https:\/\/tdmed.es\/fr\/#\/schema\/logo\/image\/","url":"https:\/\/tdmed.es\/wp-content\/uploads\/2018\/12\/NewLogo.png","contentUrl":"https:\/\/tdmed.es\/wp-content\/uploads\/2018\/12\/NewLogo.png","width":800,"height":140,"caption":"TransDiesel"},"image":{"@id":"https:\/\/tdmed.es\/fr\/#\/schema\/logo\/image\/"}}]}},"_links":{"self":[{"href":"https:\/\/tdmed.es\/fr\/wp-json\/wp\/v2\/pages\/109500","targetHints":{"allow":["GET"]}}],"collection":[{"href":"https:\/\/tdmed.es\/fr\/wp-json\/wp\/v2\/pages"}],"about":[{"href":"https:\/\/tdmed.es\/fr\/wp-json\/wp\/v2\/types\/page"}],"author":[{"embeddable":true,"href":"https:\/\/tdmed.es\/fr\/wp-json\/wp\/v2\/users\/313"}],"replies":[{"embeddable":true,"href":"https:\/\/tdmed.es\/fr\/wp-json\/wp\/v2\/comments?post=109500"}],"version-history":[{"count":0,"href":"https:\/\/tdmed.es\/fr\/wp-json\/wp\/v2\/pages\/109500\/revisions"}],"wp:attachment":[{"href":"https:\/\/tdmed.es\/fr\/wp-json\/wp\/v2\/media?parent=109500"}],"curies":[{"name":"wp","href":"https:\/\/api.w.org\/{rel}","templated":true}]}}