{"id":109498,"date":"2025-07-21T17:48:37","date_gmt":"2025-07-21T15:48:37","guid":{"rendered":"https:\/\/preprod.transdiesel.es\/systemes-de-cogeneration-co-energy\/"},"modified":"2026-03-18T11:06:56","modified_gmt":"2026-03-18T10:06:56","slug":"systemes-de-cogeneration-co-energy","status":"publish","type":"page","link":"https:\/\/tdmed.es\/fr\/systemes-de-cogeneration-co-energy\/","title":{"rendered":"Syst\u00e8mes De Cog\u00e9n\u00e9ration Co-Energy"},"content":{"rendered":"\t\t<div data-elementor-type=\"wp-page\" data-elementor-id=\"109498\" class=\"elementor elementor-109498 elementor-106793\" data-elementor-post-type=\"page\">\n\t\t\t\t<div data-particle_enable=\"false\" data-particle-mobile-disabled=\"false\" class=\"elementor-element elementor-element-1740918 e-flex e-con-boxed e-con e-parent\" data-id=\"1740918\" data-element_type=\"container\" data-e-type=\"container\" data-settings=\"{&quot;background_background&quot;:&quot;classic&quot;}\">\n\t\t\t\t\t<div class=\"e-con-inner\">\n\t\t\t\t\t<\/div>\n\t\t\t\t<\/div>\n\t\t<div data-particle_enable=\"false\" data-particle-mobile-disabled=\"false\" class=\"elementor-element elementor-element-8a5128d e-flex e-con-boxed e-con e-parent\" data-id=\"8a5128d\" data-element_type=\"container\" data-e-type=\"container\">\n\t\t\t\t\t<div class=\"e-con-inner\">\n\t\t<div data-particle_enable=\"false\" data-particle-mobile-disabled=\"false\" class=\"elementor-element elementor-element-611ca911 e-con-full e-flex e-con e-child\" data-id=\"611ca911\" data-element_type=\"container\" data-e-type=\"container\">\n\t\t\t\t<div class=\"elementor-element elementor-element-2c770b5 elementor-widget__width-initial elementor-widget-tablet__width-inherit elementor-widget elementor-widget-heading\" data-id=\"2c770b5\" data-element_type=\"widget\" data-e-type=\"widget\" data-widget_type=\"heading.default\">\n\t\t\t\t<div class=\"elementor-widget-container\">\n\t\t\t\t\t<h1 class=\"elementor-heading-title elementor-size-default\">Syst\u00e8mes De Cog\u00e9n\u00e9ration Co-Energy<\/h1>\t\t\t\t<\/div>\n\t\t\t\t<\/div>\n\t\t\t\t<\/div>\n\t\t\t\t\t<\/div>\n\t\t\t\t<\/div>\n\t\t<div data-particle_enable=\"false\" data-particle-mobile-disabled=\"false\" class=\"elementor-element elementor-element-1798a93 e-flex e-con-boxed e-con e-parent\" data-id=\"1798a93\" data-element_type=\"container\" data-e-type=\"container\">\n\t\t\t\t\t<div class=\"e-con-inner\">\n\t\t<div data-particle_enable=\"false\" data-particle-mobile-disabled=\"false\" class=\"elementor-element elementor-element-17278db e-con-full e-flex e-con e-child\" data-id=\"17278db\" data-element_type=\"container\" data-e-type=\"container\" data-settings=\"{&quot;background_background&quot;:&quot;classic&quot;}\">\n\t\t\t\t<div class=\"elementor-element elementor-element-d9f7f49 elementor-widget elementor-widget-image\" data-id=\"d9f7f49\" data-element_type=\"widget\" data-e-type=\"widget\" data-widget_type=\"image.default\">\n\t\t\t\t<div class=\"elementor-widget-container\">\n\t\t\t\t\t\t\t\t\t\t\t\t\t\t\t<img decoding=\"async\" src=\"https:\/\/tdmed.es\/wp-content\/uploads\/2025\/05\/piscina.png\" title=\"piscina\" alt=\"Sistemas de Cogeneraci\u00f3n Co-Energy\" loading=\"lazy\" \/>\t\t\t\t\t\t\t\t\t\t\t\t\t\t\t<\/div>\n\t\t\t\t<\/div>\n\t\t\t\t<\/div>\n\t\t<div data-particle_enable=\"false\" data-particle-mobile-disabled=\"false\" class=\"elementor-element elementor-element-b01a6b6 e-con-full e-flex e-con e-child\" data-id=\"b01a6b6\" data-element_type=\"container\" data-e-type=\"container\">\n\t\t\t\t<div class=\"elementor-element elementor-element-b8aa534 elementor-widget elementor-widget-text-editor\" data-id=\"b8aa534\" data-element_type=\"widget\" data-e-type=\"widget\" data-widget_type=\"text-editor.default\">\n\t\t\t\t<div class=\"elementor-widget-container\">\n\t\t\t\t\t\t\t\t\t<p>Enti\u00e8rement fabriqu\u00e9s par <strong>TDMED Power Systems<\/strong> dans nos installations de <strong>Coslada (Madrid)<\/strong>, les syst\u00e8mes <strong>Co-ENERGY<\/strong> produisent de l\u2019\u00e9lectricit\u00e9 via un g\u00e9n\u00e9rateur tout en r\u00e9cup\u00e9rant la chaleur d\u00e9gag\u00e9e (principalement au niveau des chemises des cylindres et des gaz d\u2019\u00e9chappement) pour produire de l\u2019\u00e9nergie thermique.<\/p>\n<p>Co-ENERGY atteint une efficacit\u00e9 minimale de 85 %, permet des \u00e9conomies de carburant importantes et r\u00e9duit de mani\u00e8re significative les \u00e9missions de gaz toxiques et \u00e0 effet de serre (NOx, CO, CO\u2082).<\/p>\n<p>Solution id\u00e9ale pour des installations neuves ou existantes avec une demande constante d\u2019\u00e9lectricit\u00e9, d\u2019eau chaude sanitaire et de chauffage \u2013 comme les h\u00f4pitaux, h\u00f4tels, immeubles r\u00e9sidentiels, centres sportifs, ou encore dans le secteur industriel l\u00e0 o\u00f9 la chaleur est utilis\u00e9e dans les processus de production.<\/p>\n\t\t\t\t\t\t\t\t<\/div>\n\t\t\t\t<\/div>\n\t\t\t\t<\/div>\n\t\t\t\t\t<\/div>\n\t\t\t\t<\/div>\n\t\t<div data-particle_enable=\"false\" data-particle-mobile-disabled=\"false\" class=\"elementor-element elementor-element-696f3b1 e-flex e-con-boxed e-con e-parent\" data-id=\"696f3b1\" data-element_type=\"container\" data-e-type=\"container\">\n\t\t\t\t\t<div class=\"e-con-inner\">\n\t\t<div data-particle_enable=\"false\" data-particle-mobile-disabled=\"false\" class=\"elementor-element elementor-element-d877060 e-con-full e-flex e-con e-child\" data-id=\"d877060\" data-element_type=\"container\" data-e-type=\"container\">\n\t\t\t\t<div class=\"elementor-element elementor-element-d559499 elementor-widget elementor-widget-heading\" data-id=\"d559499\" data-element_type=\"widget\" data-e-type=\"widget\" data-widget_type=\"heading.default\">\n\t\t\t\t<div class=\"elementor-widget-container\">\n\t\t\t\t\t<h2 class=\"elementor-heading-title elementor-size-default\">Caract\u00e9ristiques principales<\/h2>\t\t\t\t<\/div>\n\t\t\t\t<\/div>\n\t\t<div data-particle_enable=\"false\" data-particle-mobile-disabled=\"false\" class=\"elementor-element elementor-element-2a792b4 e-con-full e-flex e-con e-child\" data-id=\"2a792b4\" data-element_type=\"container\" data-e-type=\"container\">\n\t\t<div data-particle_enable=\"false\" data-particle-mobile-disabled=\"false\" class=\"elementor-element elementor-element-f784e80 e-con-full e-flex e-con e-child\" data-id=\"f784e80\" data-element_type=\"container\" data-e-type=\"container\">\n\t\t\t\t<div class=\"elementor-element elementor-element-63676c2 elementor-position-top elementor-widget elementor-widget-image-box\" data-id=\"63676c2\" data-element_type=\"widget\" data-e-type=\"widget\" data-widget_type=\"image-box.default\">\n\t\t\t\t<div class=\"elementor-widget-container\">\n\t\t\t\t\t<div class=\"elementor-image-box-wrapper\"><figure class=\"elementor-image-box-img\"><img decoding=\"async\" width=\"128\" height=\"128\" src=\"https:\/\/tdmed.es\/wp-content\/uploads\/2025\/02\/Picture-1.png\" class=\"attachment-full size-full wp-image-107592\" alt=\"icono instalaci\u00f3n\" srcset=\"https:\/\/tdmed.es\/wp-content\/uploads\/2025\/02\/Picture-1.png 128w, https:\/\/tdmed.es\/wp-content\/uploads\/2025\/02\/Picture-1-100x100.png 100w, https:\/\/tdmed.es\/wp-content\/uploads\/2025\/02\/Picture-1-64x64.png 64w\" sizes=\"(max-width: 128px) 100vw, 128px\" \/><\/figure><div class=\"elementor-image-box-content\"><h3 class=\"elementor-image-box-title\">Compact<\/h3><p class=\"elementor-image-box-description\">Compact Installation facile gr\u00e2ce \u00e0 une conception int\u00e9gr\u00e9e et insonoris\u00e9e, r\u00e9unissant tous les composants n\u00e9cessaires \u00e0 la production \u00e9lectrique et thermique dans un espace r\u00e9duit.<\/p><\/div><\/div>\t\t\t\t<\/div>\n\t\t\t\t<\/div>\n\t\t\t\t<\/div>\n\t\t<div data-particle_enable=\"false\" data-particle-mobile-disabled=\"false\" class=\"elementor-element elementor-element-db6fdcb e-con-full e-flex e-con e-child\" data-id=\"db6fdcb\" data-element_type=\"container\" data-e-type=\"container\">\n\t\t\t\t<div class=\"elementor-element elementor-element-5e998a5 elementor-position-top elementor-widget elementor-widget-image-box\" data-id=\"5e998a5\" data-element_type=\"widget\" data-e-type=\"widget\" data-widget_type=\"image-box.default\">\n\t\t\t\t<div class=\"elementor-widget-container\">\n\t\t\t\t\t<div class=\"elementor-image-box-wrapper\"><figure class=\"elementor-image-box-img\"><img decoding=\"async\" width=\"120\" height=\"120\" src=\"https:\/\/tdmed.es\/wp-content\/uploads\/2025\/02\/Picture-3.png\" class=\"attachment-full size-full wp-image-107594\" alt=\"icono equipo autom\u00e1tico\" srcset=\"https:\/\/tdmed.es\/wp-content\/uploads\/2025\/02\/Picture-3.png 120w, https:\/\/tdmed.es\/wp-content\/uploads\/2025\/02\/Picture-3-100x100.png 100w, https:\/\/tdmed.es\/wp-content\/uploads\/2025\/02\/Picture-3-64x64.png 64w\" sizes=\"(max-width: 120px) 100vw, 120px\" \/><\/figure><div class=\"elementor-image-box-content\"><h3 class=\"elementor-image-box-title\">Automatique<\/h3><p class=\"elementor-image-box-description\">Fonctionnement automatis\u00e9 avec un syst\u00e8me de gestion \u00e9lectronique de la production \u00e9lectrique et thermique. Pas besoin d\u2019intervention manuelle.<\/p><\/div><\/div>\t\t\t\t<\/div>\n\t\t\t\t<\/div>\n\t\t\t\t<\/div>\n\t\t\t\t<\/div>\n\t\t<div data-particle_enable=\"false\" data-particle-mobile-disabled=\"false\" class=\"elementor-element elementor-element-1fed827 e-con-full e-flex e-con e-child\" data-id=\"1fed827\" data-element_type=\"container\" data-e-type=\"container\">\n\t\t<div data-particle_enable=\"false\" data-particle-mobile-disabled=\"false\" class=\"elementor-element elementor-element-319d6d6 e-con-full e-flex e-con e-child\" data-id=\"319d6d6\" data-element_type=\"container\" data-e-type=\"container\">\n\t\t\t\t<div class=\"elementor-element elementor-element-b812b45 elementor-position-top elementor-widget elementor-widget-image-box\" data-id=\"b812b45\" data-element_type=\"widget\" data-e-type=\"widget\" data-widget_type=\"image-box.default\">\n\t\t\t\t<div class=\"elementor-widget-container\">\n\t\t\t\t\t<div class=\"elementor-image-box-wrapper\"><figure class=\"elementor-image-box-img\"><img decoding=\"async\" width=\"128\" height=\"128\" src=\"https:\/\/tdmed.es\/wp-content\/uploads\/2025\/02\/Picture-2.png\" class=\"attachment-full size-full wp-image-107593\" alt=\"icono configuraciones\" srcset=\"https:\/\/tdmed.es\/wp-content\/uploads\/2025\/02\/Picture-2.png 128w, https:\/\/tdmed.es\/wp-content\/uploads\/2025\/02\/Picture-2-100x100.png 100w, https:\/\/tdmed.es\/wp-content\/uploads\/2025\/02\/Picture-2-64x64.png 64w\" sizes=\"(max-width: 128px) 100vw, 128px\" \/><\/figure><div class=\"elementor-image-box-content\"><h3 class=\"elementor-image-box-title\">Adaptable<\/h3><p class=\"elementor-image-box-description\">LE Groupe Casli propose diff\u00e9rentes carrosseries et configurations disponibles en fonction des besoins \u00e9nerg\u00e9tiques, avec des mod\u00e8les aliment\u00e9s au gaz naturel ou au gaz propane.<\/p><\/div><\/div>\t\t\t\t<\/div>\n\t\t\t\t<\/div>\n\t\t\t\t<\/div>\n\t\t<div data-particle_enable=\"false\" data-particle-mobile-disabled=\"false\" class=\"elementor-element elementor-element-366de82 e-con-full e-flex e-con e-child\" data-id=\"366de82\" data-element_type=\"container\" data-e-type=\"container\">\n\t\t\t\t<div class=\"elementor-element elementor-element-55b39f0 elementor-position-top elementor-widget elementor-widget-image-box\" data-id=\"55b39f0\" data-element_type=\"widget\" data-e-type=\"widget\" data-widget_type=\"image-box.default\">\n\t\t\t\t<div class=\"elementor-widget-container\">\n\t\t\t\t\t<div class=\"elementor-image-box-wrapper\"><figure class=\"elementor-image-box-img\"><img loading=\"lazy\" decoding=\"async\" width=\"128\" height=\"128\" src=\"https:\/\/tdmed.es\/wp-content\/uploads\/2025\/02\/Picture-4.png\" class=\"attachment-full size-full wp-image-107595\" alt=\"icono medio ambiente\" srcset=\"https:\/\/tdmed.es\/wp-content\/uploads\/2025\/02\/Picture-4.png 128w, https:\/\/tdmed.es\/wp-content\/uploads\/2025\/02\/Picture-4-100x100.png 100w, https:\/\/tdmed.es\/wp-content\/uploads\/2025\/02\/Picture-4-64x64.png 64w\" sizes=\"(max-width: 128px) 100vw, 128px\" \/><\/figure><div class=\"elementor-image-box-content\"><h3 class=\"elementor-image-box-title\">\u00c9cologique<\/h3><p class=\"elementor-image-box-description\">R\u00e9cup\u00e9ration de la chaleur r\u00e9siduelle du g\u00e9n\u00e9rateur via des \u00e9changeurs thermiques, ce qui permet une r\u00e9duction significative de la consommation d\u2019\u00e9nergie primaire.<\/p><\/div><\/div>\t\t\t\t<\/div>\n\t\t\t\t<\/div>\n\t\t\t\t<\/div>\n\t\t\t\t<\/div>\n\t\t\t\t<\/div>\n\t\t<div data-particle_enable=\"false\" data-particle-mobile-disabled=\"false\" class=\"elementor-element elementor-element-98b4da5 e-con-full e-flex e-con e-child\" data-id=\"98b4da5\" data-element_type=\"container\" data-e-type=\"container\" data-settings=\"{&quot;background_background&quot;:&quot;classic&quot;}\">\n\t\t\t\t<div class=\"elementor-element elementor-element-5a14ce1 elementor-widget elementor-widget-image\" data-id=\"5a14ce1\" data-element_type=\"widget\" data-e-type=\"widget\" data-widget_type=\"image.default\">\n\t\t\t\t<div class=\"elementor-widget-container\">\n\t\t\t\t\t\t\t\t\t\t\t\t\t\t\t<img decoding=\"async\" src=\"https:\/\/tdmed.es\/wp-content\/uploads\/2025\/05\/instalacion.png\" title=\"instalacion\" alt=\"Sistemas de Cogeneraci\u00f3n Co-Energy\" loading=\"lazy\" \/>\t\t\t\t\t\t\t\t\t\t\t\t\t\t\t<\/div>\n\t\t\t\t<\/div>\n\t\t\t\t<\/div>\n\t\t\t\t\t<\/div>\n\t\t\t\t<\/div>\n\t\t<div data-particle_enable=\"false\" data-particle-mobile-disabled=\"false\" class=\"elementor-element elementor-element-cb0117d e-flex e-con-boxed e-con e-parent\" data-id=\"cb0117d\" data-element_type=\"container\" data-e-type=\"container\">\n\t\t\t\t\t<div class=\"e-con-inner\">\n\t\t<div data-particle_enable=\"false\" data-particle-mobile-disabled=\"false\" class=\"elementor-element elementor-element-0eaff4a e-con-full e-flex e-con e-child\" data-id=\"0eaff4a\" data-element_type=\"container\" data-e-type=\"container\" data-settings=\"{&quot;background_background&quot;:&quot;classic&quot;}\">\n\t\t\t\t<div class=\"elementor-element elementor-element-da270b6 elementor-widget elementor-widget-image\" data-id=\"da270b6\" data-element_type=\"widget\" data-e-type=\"widget\" data-widget_type=\"image.default\">\n\t\t\t\t<div class=\"elementor-widget-container\">\n\t\t\t\t\t\t\t\t\t\t\t\t\t\t\t<img decoding=\"async\" src=\"https:\/\/tdmed.es\/wp-content\/uploads\/2025\/05\/generador.png\" title=\"generador\" alt=\"Sistemas de Cogeneraci\u00f3n Co-Energy - Apoyo al sistema de calefacci\u00f3n y agua caliente\" loading=\"lazy\" \/>\t\t\t\t\t\t\t\t\t\t\t\t\t\t\t<\/div>\n\t\t\t\t<\/div>\n\t\t\t\t<\/div>\n\t\t<div data-particle_enable=\"false\" data-particle-mobile-disabled=\"false\" class=\"elementor-element elementor-element-947f67e e-con-full e-flex e-con e-child\" data-id=\"947f67e\" data-element_type=\"container\" data-e-type=\"container\">\n\t\t\t\t<div class=\"elementor-element elementor-element-d64cd98 elementor-widget elementor-widget-heading\" data-id=\"d64cd98\" data-element_type=\"widget\" data-e-type=\"widget\" data-widget_type=\"heading.default\">\n\t\t\t\t<div class=\"elementor-widget-container\">\n\t\t\t\t\t<h3 class=\"elementor-heading-title elementor-size-default\">Comment \u00e7a fonctionne ?<\/h3>\t\t\t\t<\/div>\n\t\t\t\t<\/div>\n\t\t\t\t<div class=\"elementor-element elementor-element-a7d4230 elementor-widget elementor-widget-text-editor\" data-id=\"a7d4230\" data-element_type=\"widget\" data-e-type=\"widget\" data-widget_type=\"text-editor.default\">\n\t\t\t\t<div class=\"elementor-widget-container\">\n\t\t\t\t\t\t\t\t\t<p>Le Co-ENERGY vient en compl\u00e9ment d\u2019un syst\u00e8me de chauffage et d\u2019eau chaude existant.<br \/>La chaleur produite en m\u00eame temps que l\u2019\u00e9lectricit\u00e9 est capt\u00e9e par des \u00e9changeurs de chaleur, puis stock\u00e9e dans des r\u00e9servoirs d\u2019inertie qui fonctionnent comme r\u00e9gulateurs. Elle peut ensuite \u00eatre utilis\u00e9e par le client en fonction des besoins \u00e0 tout moment.<\/p><p><a class=\"break-word hover:text-super hover:decoration-super underline decoration-from-font underline-offset-1 transition-all duration-300\" href=\"https:\/\/caslienergy.es\/wp-content\/uploads\/2019\/10\/co-energy.pdf\" target=\"_blank\" rel=\"nofollow noopener\">Plus d&rsquo;Informations<\/a><\/p>\t\t\t\t\t\t\t\t<\/div>\n\t\t\t\t<\/div>\n\t\t\t\t<\/div>\n\t\t\t\t\t<\/div>\n\t\t\t\t<\/div>\n\t\t\t\t<\/div>\n\t\t","protected":false},"excerpt":{"rendered":"<p>Syst\u00e8mes De Cog\u00e9n\u00e9ration Co-Energy Enti\u00e8rement fabriqu\u00e9s par TDMED Power Systems dans nos installations de Coslada (Madrid), les syst\u00e8mes Co-ENERGY produisent de l\u2019\u00e9lectricit\u00e9 via un g\u00e9n\u00e9rateur &#8230; <\/p>\n<p class=\"read-more-container\"><a title=\"Syst\u00e8mes De Cog\u00e9n\u00e9ration Co-Energy\" class=\"read-more button\" href=\"https:\/\/tdmed.es\/fr\/systemes-de-cogeneration-co-energy\/#more-109498\" aria-label=\"En savoir plus sur Syst\u00e8mes De Cog\u00e9n\u00e9ration Co-Energy\">Lire plus<\/a><\/p>\n","protected":false},"author":313,"featured_media":0,"parent":0,"menu_order":0,"comment_status":"closed","ping_status":"closed","template":"","meta":{"_joinchat":[],"footnotes":""},"class_list":["post-109498","page","type-page","status-publish"],"yoast_head":"<!-- This site is optimized with the Yoast SEO Premium plugin v27.3 (Yoast SEO v27.3) - https:\/\/yoast.com\/product\/yoast-seo-premium-wordpress\/ -->\n<title>Syst\u00e8mes De Cog\u00e9n\u00e9ration Co-Energy - TDMED<\/title>\n<meta name=\"description\" content=\"Syst\u00e8mes de cog\u00e9n\u00e9ration CO-ENERGY : rendement de 85 %, \u00e9lectricit\u00e9 + chaleur. \u00c9conomies de combustible, r\u00e9duction des \u00e9missions et gestion automatique.\" \/>\n<meta name=\"robots\" content=\"index, follow, max-snippet:-1, max-image-preview:large, max-video-preview:-1\" \/>\n<link rel=\"canonical\" href=\"https:\/\/tdmed.es\/fr\/systemes-de-cogeneration-co-energy\/\" \/>\n<meta property=\"og:locale\" content=\"fr_FR\" \/>\n<meta property=\"og:type\" content=\"article\" \/>\n<meta property=\"og:title\" content=\"Syst\u00e8mes De Cog\u00e9n\u00e9ration Co-Energy\" \/>\n<meta property=\"og:description\" content=\"Syst\u00e8mes de cog\u00e9n\u00e9ration CO-ENERGY : rendement de 85 %, \u00e9lectricit\u00e9 + chaleur. \u00c9conomies de combustible, r\u00e9duction des \u00e9missions et gestion automatique.\" \/>\n<meta property=\"og:url\" content=\"https:\/\/tdmed.es\/fr\/systemes-de-cogeneration-co-energy\/\" \/>\n<meta property=\"og:site_name\" content=\"TDMED\" \/>\n<meta property=\"article:modified_time\" content=\"2026-03-18T10:06:56+00:00\" \/>\n<meta property=\"og:image\" content=\"https:\/\/tdmed.es\/wp-content\/uploads\/2025\/05\/piscina.png\" \/>\n<meta name=\"twitter:card\" content=\"summary_large_image\" \/>\n<script type=\"application\/ld+json\" class=\"yoast-schema-graph\">{\"@context\":\"https:\\\/\\\/schema.org\",\"@graph\":[{\"@type\":\"WebPage\",\"@id\":\"https:\\\/\\\/tdmed.es\\\/fr\\\/systemes-de-cogeneration-co-energy\\\/\",\"url\":\"https:\\\/\\\/tdmed.es\\\/fr\\\/systemes-de-cogeneration-co-energy\\\/\",\"name\":\"Syst\u00e8mes De Cog\u00e9n\u00e9ration Co-Energy - TDMED\",\"isPartOf\":{\"@id\":\"https:\\\/\\\/tdmed.es\\\/fr\\\/#website\"},\"primaryImageOfPage\":{\"@id\":\"https:\\\/\\\/tdmed.es\\\/fr\\\/systemes-de-cogeneration-co-energy\\\/#primaryimage\"},\"image\":{\"@id\":\"https:\\\/\\\/tdmed.es\\\/fr\\\/systemes-de-cogeneration-co-energy\\\/#primaryimage\"},\"thumbnailUrl\":\"https:\\\/\\\/tdmed.es\\\/wp-content\\\/uploads\\\/2025\\\/05\\\/piscina.png\",\"datePublished\":\"2025-07-21T15:48:37+00:00\",\"dateModified\":\"2026-03-18T10:06:56+00:00\",\"description\":\"Syst\u00e8mes de cog\u00e9n\u00e9ration CO-ENERGY : rendement de 85 %, \u00e9lectricit\u00e9 + chaleur. \u00c9conomies de combustible, r\u00e9duction des \u00e9missions et gestion automatique.\",\"breadcrumb\":{\"@id\":\"https:\\\/\\\/tdmed.es\\\/fr\\\/systemes-de-cogeneration-co-energy\\\/#breadcrumb\"},\"inLanguage\":\"fr-FR\",\"potentialAction\":[{\"@type\":\"ReadAction\",\"target\":[\"https:\\\/\\\/tdmed.es\\\/fr\\\/systemes-de-cogeneration-co-energy\\\/\"]}]},{\"@type\":\"ImageObject\",\"inLanguage\":\"fr-FR\",\"@id\":\"https:\\\/\\\/tdmed.es\\\/fr\\\/systemes-de-cogeneration-co-energy\\\/#primaryimage\",\"url\":\"https:\\\/\\\/tdmed.es\\\/wp-content\\\/uploads\\\/2025\\\/05\\\/piscina.png\",\"contentUrl\":\"https:\\\/\\\/tdmed.es\\\/wp-content\\\/uploads\\\/2025\\\/05\\\/piscina.png\"},{\"@type\":\"BreadcrumbList\",\"@id\":\"https:\\\/\\\/tdmed.es\\\/fr\\\/systemes-de-cogeneration-co-energy\\\/#breadcrumb\",\"itemListElement\":[{\"@type\":\"ListItem\",\"position\":1,\"name\":\"Portada\",\"item\":\"https:\\\/\\\/tdmed.es\\\/fr\\\/\"},{\"@type\":\"ListItem\",\"position\":2,\"name\":\"Syst\u00e8mes De Cog\u00e9n\u00e9ration Co-Energy\"}]},{\"@type\":\"WebSite\",\"@id\":\"https:\\\/\\\/tdmed.es\\\/fr\\\/#website\",\"url\":\"https:\\\/\\\/tdmed.es\\\/fr\\\/\",\"name\":\"TDMED\",\"description\":\"TDMED\",\"publisher\":{\"@id\":\"https:\\\/\\\/tdmed.es\\\/fr\\\/#organization\"},\"potentialAction\":[{\"@type\":\"SearchAction\",\"target\":{\"@type\":\"EntryPoint\",\"urlTemplate\":\"https:\\\/\\\/tdmed.es\\\/fr\\\/?s={search_term_string}\"},\"query-input\":{\"@type\":\"PropertyValueSpecification\",\"valueRequired\":true,\"valueName\":\"search_term_string\"}}],\"inLanguage\":\"fr-FR\"},{\"@type\":\"Organization\",\"@id\":\"https:\\\/\\\/tdmed.es\\\/fr\\\/#organization\",\"name\":\"TransDiesel\",\"url\":\"https:\\\/\\\/tdmed.es\\\/fr\\\/\",\"logo\":{\"@type\":\"ImageObject\",\"inLanguage\":\"fr-FR\",\"@id\":\"https:\\\/\\\/tdmed.es\\\/fr\\\/#\\\/schema\\\/logo\\\/image\\\/\",\"url\":\"https:\\\/\\\/tdmed.es\\\/wp-content\\\/uploads\\\/2018\\\/12\\\/NewLogo.png\",\"contentUrl\":\"https:\\\/\\\/tdmed.es\\\/wp-content\\\/uploads\\\/2018\\\/12\\\/NewLogo.png\",\"width\":800,\"height\":140,\"caption\":\"TransDiesel\"},\"image\":{\"@id\":\"https:\\\/\\\/tdmed.es\\\/fr\\\/#\\\/schema\\\/logo\\\/image\\\/\"}}]}<\/script>\n<!-- \/ Yoast SEO Premium plugin. -->","yoast_head_json":{"title":"Syst\u00e8mes De Cog\u00e9n\u00e9ration Co-Energy - TDMED","description":"Syst\u00e8mes de cog\u00e9n\u00e9ration CO-ENERGY : rendement de 85 %, \u00e9lectricit\u00e9 + chaleur. \u00c9conomies de combustible, r\u00e9duction des \u00e9missions et gestion automatique.","robots":{"index":"index","follow":"follow","max-snippet":"max-snippet:-1","max-image-preview":"max-image-preview:large","max-video-preview":"max-video-preview:-1"},"canonical":"https:\/\/tdmed.es\/fr\/systemes-de-cogeneration-co-energy\/","og_locale":"fr_FR","og_type":"article","og_title":"Syst\u00e8mes De Cog\u00e9n\u00e9ration Co-Energy","og_description":"Syst\u00e8mes de cog\u00e9n\u00e9ration CO-ENERGY : rendement de 85 %, \u00e9lectricit\u00e9 + chaleur. \u00c9conomies de combustible, r\u00e9duction des \u00e9missions et gestion automatique.","og_url":"https:\/\/tdmed.es\/fr\/systemes-de-cogeneration-co-energy\/","og_site_name":"TDMED","article_modified_time":"2026-03-18T10:06:56+00:00","og_image":[{"url":"https:\/\/tdmed.es\/wp-content\/uploads\/2025\/05\/piscina.png","type":"","width":"","height":""}],"twitter_card":"summary_large_image","schema":{"@context":"https:\/\/schema.org","@graph":[{"@type":"WebPage","@id":"https:\/\/tdmed.es\/fr\/systemes-de-cogeneration-co-energy\/","url":"https:\/\/tdmed.es\/fr\/systemes-de-cogeneration-co-energy\/","name":"Syst\u00e8mes De Cog\u00e9n\u00e9ration Co-Energy - TDMED","isPartOf":{"@id":"https:\/\/tdmed.es\/fr\/#website"},"primaryImageOfPage":{"@id":"https:\/\/tdmed.es\/fr\/systemes-de-cogeneration-co-energy\/#primaryimage"},"image":{"@id":"https:\/\/tdmed.es\/fr\/systemes-de-cogeneration-co-energy\/#primaryimage"},"thumbnailUrl":"https:\/\/tdmed.es\/wp-content\/uploads\/2025\/05\/piscina.png","datePublished":"2025-07-21T15:48:37+00:00","dateModified":"2026-03-18T10:06:56+00:00","description":"Syst\u00e8mes de cog\u00e9n\u00e9ration CO-ENERGY : rendement de 85 %, \u00e9lectricit\u00e9 + chaleur. \u00c9conomies de combustible, r\u00e9duction des \u00e9missions et gestion automatique.","breadcrumb":{"@id":"https:\/\/tdmed.es\/fr\/systemes-de-cogeneration-co-energy\/#breadcrumb"},"inLanguage":"fr-FR","potentialAction":[{"@type":"ReadAction","target":["https:\/\/tdmed.es\/fr\/systemes-de-cogeneration-co-energy\/"]}]},{"@type":"ImageObject","inLanguage":"fr-FR","@id":"https:\/\/tdmed.es\/fr\/systemes-de-cogeneration-co-energy\/#primaryimage","url":"https:\/\/tdmed.es\/wp-content\/uploads\/2025\/05\/piscina.png","contentUrl":"https:\/\/tdmed.es\/wp-content\/uploads\/2025\/05\/piscina.png"},{"@type":"BreadcrumbList","@id":"https:\/\/tdmed.es\/fr\/systemes-de-cogeneration-co-energy\/#breadcrumb","itemListElement":[{"@type":"ListItem","position":1,"name":"Portada","item":"https:\/\/tdmed.es\/fr\/"},{"@type":"ListItem","position":2,"name":"Syst\u00e8mes De Cog\u00e9n\u00e9ration Co-Energy"}]},{"@type":"WebSite","@id":"https:\/\/tdmed.es\/fr\/#website","url":"https:\/\/tdmed.es\/fr\/","name":"TDMED","description":"TDMED","publisher":{"@id":"https:\/\/tdmed.es\/fr\/#organization"},"potentialAction":[{"@type":"SearchAction","target":{"@type":"EntryPoint","urlTemplate":"https:\/\/tdmed.es\/fr\/?s={search_term_string}"},"query-input":{"@type":"PropertyValueSpecification","valueRequired":true,"valueName":"search_term_string"}}],"inLanguage":"fr-FR"},{"@type":"Organization","@id":"https:\/\/tdmed.es\/fr\/#organization","name":"TransDiesel","url":"https:\/\/tdmed.es\/fr\/","logo":{"@type":"ImageObject","inLanguage":"fr-FR","@id":"https:\/\/tdmed.es\/fr\/#\/schema\/logo\/image\/","url":"https:\/\/tdmed.es\/wp-content\/uploads\/2018\/12\/NewLogo.png","contentUrl":"https:\/\/tdmed.es\/wp-content\/uploads\/2018\/12\/NewLogo.png","width":800,"height":140,"caption":"TransDiesel"},"image":{"@id":"https:\/\/tdmed.es\/fr\/#\/schema\/logo\/image\/"}}]}},"_links":{"self":[{"href":"https:\/\/tdmed.es\/fr\/wp-json\/wp\/v2\/pages\/109498","targetHints":{"allow":["GET"]}}],"collection":[{"href":"https:\/\/tdmed.es\/fr\/wp-json\/wp\/v2\/pages"}],"about":[{"href":"https:\/\/tdmed.es\/fr\/wp-json\/wp\/v2\/types\/page"}],"author":[{"embeddable":true,"href":"https:\/\/tdmed.es\/fr\/wp-json\/wp\/v2\/users\/313"}],"replies":[{"embeddable":true,"href":"https:\/\/tdmed.es\/fr\/wp-json\/wp\/v2\/comments?post=109498"}],"version-history":[{"count":0,"href":"https:\/\/tdmed.es\/fr\/wp-json\/wp\/v2\/pages\/109498\/revisions"}],"wp:attachment":[{"href":"https:\/\/tdmed.es\/fr\/wp-json\/wp\/v2\/media?parent=109498"}],"curies":[{"name":"wp","href":"https:\/\/api.w.org\/{rel}","templated":true}]}}