{"id":109496,"date":"2025-07-21T17:27:12","date_gmt":"2025-07-21T15:27:12","guid":{"rendered":"https:\/\/preprod.transdiesel.es\/generateurs-hybrides-hyb-energy\/"},"modified":"2026-03-18T10:54:42","modified_gmt":"2026-03-18T09:54:42","slug":"generateurs-hybrides-hyb-energy","status":"publish","type":"page","link":"https:\/\/tdmed.es\/fr\/generateurs-hybrides-hyb-energy\/","title":{"rendered":"G\u00e9n\u00e9rateurs Hybrides Hyb-Energy"},"content":{"rendered":"\t\t<div data-elementor-type=\"wp-page\" data-elementor-id=\"109496\" class=\"elementor elementor-109496 elementor-106787\" data-elementor-post-type=\"page\">\n\t\t\t\t<div data-particle_enable=\"false\" data-particle-mobile-disabled=\"false\" class=\"elementor-element elementor-element-fc286fd e-flex e-con-boxed e-con e-parent\" data-id=\"fc286fd\" data-element_type=\"container\" data-e-type=\"container\" data-settings=\"{&quot;background_background&quot;:&quot;classic&quot;}\">\n\t\t\t\t\t<div class=\"e-con-inner\">\n\t\t\t\t\t<\/div>\n\t\t\t\t<\/div>\n\t\t<div data-particle_enable=\"false\" data-particle-mobile-disabled=\"false\" class=\"elementor-element elementor-element-717dbc4f e-flex e-con-boxed e-con e-parent\" data-id=\"717dbc4f\" data-element_type=\"container\" data-e-type=\"container\">\n\t\t\t\t\t<div class=\"e-con-inner\">\n\t\t<div data-particle_enable=\"false\" data-particle-mobile-disabled=\"false\" class=\"elementor-element elementor-element-509ae6cb e-con-full e-flex e-con e-child\" data-id=\"509ae6cb\" data-element_type=\"container\" data-e-type=\"container\">\n\t\t\t\t<div class=\"elementor-element elementor-element-a9d5649 elementor-widget__width-initial elementor-widget-tablet__width-inherit elementor-widget elementor-widget-heading\" data-id=\"a9d5649\" data-element_type=\"widget\" data-e-type=\"widget\" data-widget_type=\"heading.default\">\n\t\t\t\t<div class=\"elementor-widget-container\">\n\t\t\t\t\t<h1 class=\"elementor-heading-title elementor-size-default\">G\u00e9n\u00e9rateurs Hybrides Hyb-Energy<\/h1>\t\t\t\t<\/div>\n\t\t\t\t<\/div>\n\t\t\t\t<\/div>\n\t\t\t\t\t<\/div>\n\t\t\t\t<\/div>\n\t\t<div data-particle_enable=\"false\" data-particle-mobile-disabled=\"false\" class=\"elementor-element elementor-element-c2e7de3 e-flex e-con-boxed e-con e-parent\" data-id=\"c2e7de3\" data-element_type=\"container\" data-e-type=\"container\">\n\t\t\t\t\t<div class=\"e-con-inner\">\n\t\t<div data-particle_enable=\"false\" data-particle-mobile-disabled=\"false\" class=\"elementor-element elementor-element-508aedf e-con-full e-flex e-con e-child\" data-id=\"508aedf\" data-element_type=\"container\" data-e-type=\"container\" data-settings=\"{&quot;background_background&quot;:&quot;classic&quot;}\">\n\t\t\t\t<div class=\"elementor-element elementor-element-04878b8 elementor-widget elementor-widget-image\" data-id=\"04878b8\" data-element_type=\"widget\" data-e-type=\"widget\" data-widget_type=\"image.default\">\n\t\t\t\t<div class=\"elementor-widget-container\">\n\t\t\t\t\t\t\t\t\t\t\t\t\t\t\t<img decoding=\"async\" src=\"https:\/\/tdmed.es\/wp-content\/uploads\/2025\/06\/hyb-energy.png\" title=\"hyb energy\" alt=\"Generadores Hibridos HYB-Energy\" loading=\"lazy\" \/>\t\t\t\t\t\t\t\t\t\t\t\t\t\t\t<\/div>\n\t\t\t\t<\/div>\n\t\t\t\t<\/div>\n\t\t<div data-particle_enable=\"false\" data-particle-mobile-disabled=\"false\" class=\"elementor-element elementor-element-489961b e-con-full e-flex e-con e-child\" data-id=\"489961b\" data-element_type=\"container\" data-e-type=\"container\">\n\t\t\t\t<div class=\"elementor-element elementor-element-e0c4560 elementor-widget elementor-widget-text-editor\" data-id=\"e0c4560\" data-element_type=\"widget\" data-e-type=\"widget\" data-widget_type=\"text-editor.default\">\n\t\t\t\t<div class=\"elementor-widget-container\">\n\t\t\t\t\t\t\t\t\t<p><strong>HYB-ENERGY<\/strong> est un g\u00e9n\u00e9rateur hybride sp\u00e9cialement con\u00e7u pour les habitations isol\u00e9es du r\u00e9seau \u00e9lectrique.<br \/>Il fonctionne \u00e0 partir de sources d\u2019\u00e9nergie renouvelables telles que les panneaux solaires et\/ou les \u00e9oliennes, et s\u2019appuie sur un groupe \u00e9lectrog\u00e8ne au gaz propane ou au diesel pour garantir l\u2019alimentation \u00e9lectrique \u00e0 tout moment. Il permet de r\u00e9aliser jusqu\u2019\u00e0 <strong>70 % d\u2019\u00e9conomies<\/strong> par rapport \u00e0 la consommation d\u2019un g\u00e9n\u00e9rateur diesel classique.<\/p>\n<p>Gr\u00e2ce \u00e0 son faible nombre d\u2019heures de fonctionnement et \u00e0 son car\u00e9nage insonoris\u00e9, HYB-ENERGY est un \u00e9quipement particuli\u00e8rement silencieux, notamment dans ses versions au gaz, un atout important pour les zones r\u00e9sidentielles isol\u00e9es.<\/p>\n<p>Nous proposons des versions monophas\u00e9es carross\u00e9es, des versions triphas\u00e9es mont\u00e9es dans des conteneurs de 8, 10 ou 20 pieds ainsi que des versions o\u00f9 le groupe \u00e9lectrog\u00e8ne est mont\u00e9 s\u00e9par\u00e9ment des autres composants, install\u00e9s sur une structure m\u00e9tallique \u00e0 fixer au mur.<\/p>\n<p>L\u2019\u00e9quipement fournit de l\u2019\u00e9nergie \u00e0 l\u2019habitation sans d\u00e9marrer le g\u00e9n\u00e9rateur, tant que les batteries sont charg\u00e9es.<br \/>En cas de plusieurs jours sans soleil, le syst\u00e8me d\u00e9marre automatiquement le g\u00e9n\u00e9rateur, assurant ainsi la continuit\u00e9 de l\u2019alimentation.<\/p>\n<p>Cela est rendu possible gr\u00e2ce \u00e0 l\u2019onduleur-chargeur VICTRON, qui convertit le courant alternatif produit par le groupe \u00e9lectrog\u00e8ne en courant continu stockable dans les batteries.<br \/>Les batteries re\u00e7oivent de l\u2019\u00e9nergie \u00e0 la fois du g\u00e9n\u00e9rateur et des panneaux solaires. HYB-ENERGY int\u00e8gre un r\u00e9gulateur solaire pour g\u00e9rer la charge dans les installations soutenues par l\u2019\u00e9nergie photovolta\u00efque.<\/p>\n\t\t\t\t\t\t\t\t<\/div>\n\t\t\t\t<\/div>\n\t\t\t\t<\/div>\n\t\t\t\t\t<\/div>\n\t\t\t\t<\/div>\n\t\t<div data-particle_enable=\"false\" data-particle-mobile-disabled=\"false\" class=\"elementor-element elementor-element-abcfdc1 e-flex e-con-boxed e-con e-parent\" data-id=\"abcfdc1\" data-element_type=\"container\" data-e-type=\"container\">\n\t\t\t\t\t<div class=\"e-con-inner\">\n\t\t<div data-particle_enable=\"false\" data-particle-mobile-disabled=\"false\" class=\"elementor-element elementor-element-1a84627 e-con-full e-flex e-con e-child\" data-id=\"1a84627\" data-element_type=\"container\" data-e-type=\"container\">\n\t\t\t\t<div class=\"elementor-element elementor-element-0e9f4c4 elementor-widget elementor-widget-heading\" data-id=\"0e9f4c4\" data-element_type=\"widget\" data-e-type=\"widget\" data-widget_type=\"heading.default\">\n\t\t\t\t<div class=\"elementor-widget-container\">\n\t\t\t\t\t<h2 class=\"elementor-heading-title elementor-size-default\">Avantages de l\u2019utilisation du gaz<\/h2>\t\t\t\t<\/div>\n\t\t\t\t<\/div>\n\t\t\t\t<div class=\"elementor-element elementor-element-eb9a68b elementor-widget elementor-widget-text-editor\" data-id=\"eb9a68b\" data-element_type=\"widget\" data-e-type=\"widget\" data-widget_type=\"text-editor.default\">\n\t\t\t\t<div class=\"elementor-widget-container\">\n\t\t\t\t\t\t\t\t\t<p>Une seule source d\u2019\u00e9nergie peut alimenter \u00e0 la fois le g\u00e9n\u00e9rateur \u00e9lectrique, une chaudi\u00e8re thermique, et m\u00eame la cuisine : toutes les n\u00e9cessit\u00e9s couvertes avec un seul combustible.<\/p>\n<p>R\u00e9duction des \u00e9missions de NOx de 95 %, des particules fines de 99 %, des \u00e9missions de CO\u2082 de 15 % et de la pollution sonore de 50 % par rapport au diesel.<\/p>\n<p>Le Groupe Casli a sign\u00e9 un accord avec les principaux fournisseurs de GPL offrant des avantages et des r\u00e9ductions sur le prix du gaz, la cuve et un contrat de maintenance pour ses clients.<\/p>\n\t\t\t\t\t\t\t\t<\/div>\n\t\t\t\t<\/div>\n\t\t\t\t<\/div>\n\t\t<div data-particle_enable=\"false\" data-particle-mobile-disabled=\"false\" class=\"elementor-element elementor-element-bbf6381 e-con-full e-flex e-con e-child\" data-id=\"bbf6381\" data-element_type=\"container\" data-e-type=\"container\" data-settings=\"{&quot;background_background&quot;:&quot;classic&quot;}\">\n\t\t\t\t<div class=\"elementor-element elementor-element-a167b1e elementor-widget elementor-widget-image\" data-id=\"a167b1e\" data-element_type=\"widget\" data-e-type=\"widget\" data-widget_type=\"image.default\">\n\t\t\t\t<div class=\"elementor-widget-container\">\n\t\t\t\t\t\t\t\t\t\t\t\t\t\t\t<img decoding=\"async\" src=\"https:\/\/tdmed.es\/wp-content\/uploads\/2025\/06\/hyb-energy-2.png\" title=\"hyb energy 2\" alt=\"Generadores Hibridos HYB-Energy - Ventajas del uso del gas\" loading=\"lazy\" \/>\t\t\t\t\t\t\t\t\t\t\t\t\t\t\t<\/div>\n\t\t\t\t<\/div>\n\t\t\t\t<\/div>\n\t\t\t\t\t<\/div>\n\t\t\t\t<\/div>\n\t\t<div data-particle_enable=\"false\" data-particle-mobile-disabled=\"false\" class=\"elementor-element elementor-element-2645b66 e-flex e-con-boxed e-con e-parent\" data-id=\"2645b66\" data-element_type=\"container\" data-e-type=\"container\">\n\t\t\t\t\t<div class=\"e-con-inner\">\n\t\t<div data-particle_enable=\"false\" data-particle-mobile-disabled=\"false\" class=\"elementor-element elementor-element-e4b52cc e-con-full e-flex e-con e-child\" data-id=\"e4b52cc\" data-element_type=\"container\" data-e-type=\"container\" data-settings=\"{&quot;background_background&quot;:&quot;classic&quot;}\">\n\t\t\t\t<div class=\"elementor-element elementor-element-327abec elementor-widget elementor-widget-image\" data-id=\"327abec\" data-element_type=\"widget\" data-e-type=\"widget\" data-widget_type=\"image.default\">\n\t\t\t\t<div class=\"elementor-widget-container\">\n\t\t\t\t\t\t\t\t\t\t\t\t\t\t\t<img decoding=\"async\" src=\"https:\/\/tdmed.es\/wp-content\/uploads\/2025\/06\/generadores-hibridos-hyb.png\" title=\"generadores hibridos hyb\" alt=\"Generadores Hibridos HYB-Energy - Monitorizaci\u00f3n y control remoto\" loading=\"lazy\" \/>\t\t\t\t\t\t\t\t\t\t\t\t\t\t\t<\/div>\n\t\t\t\t<\/div>\n\t\t\t\t<\/div>\n\t\t<div data-particle_enable=\"false\" data-particle-mobile-disabled=\"false\" class=\"elementor-element elementor-element-4fb9031 e-con-full e-flex e-con e-child\" data-id=\"4fb9031\" data-element_type=\"container\" data-e-type=\"container\">\n\t\t\t\t<div class=\"elementor-element elementor-element-3901bc4 elementor-widget elementor-widget-heading\" data-id=\"3901bc4\" data-element_type=\"widget\" data-e-type=\"widget\" data-widget_type=\"heading.default\">\n\t\t\t\t<div class=\"elementor-widget-container\">\n\t\t\t\t\t<h3 class=\"elementor-heading-title elementor-size-default\">Supervision et contr\u00f4le \u00e0 distance<\/h3>\t\t\t\t<\/div>\n\t\t\t\t<\/div>\n\t\t\t\t<div class=\"elementor-element elementor-element-fc97424 elementor-widget elementor-widget-text-editor\" data-id=\"fc97424\" data-element_type=\"widget\" data-e-type=\"widget\" data-widget_type=\"text-editor.default\">\n\t\t\t\t<div class=\"elementor-widget-container\">\n\t\t\t\t\t\t\t\t\t<p>HYB-ENERGY int\u00e8gre un syst\u00e8me de supervision accessible depuis un ordinateur ou tout appareil mobile.<br \/>Il permet de consulter, de mani\u00e8re intuitive l\u2019\u00e9tat de charge des batteries, la consommation d\u2019\u00e9nergie actuelle, la production issue des sources renouvelables et de d\u00e9marrer \u00e0 distance le g\u00e9n\u00e9rateur.<\/p>\n<p>Des rapports sur la consommation peuvent \u00e9galement \u00eatre g\u00e9n\u00e9r\u00e9s pour n\u2019importe quelle p\u00e9riode d\u00e9finie.<\/p>\n\t\t\t\t\t\t\t\t<\/div>\n\t\t\t\t<\/div>\n\t\t\t\t<\/div>\n\t\t\t\t\t<\/div>\n\t\t\t\t<\/div>\n\t\t<div data-particle_enable=\"false\" data-particle-mobile-disabled=\"false\" class=\"elementor-element elementor-element-ce5a3e6 e-flex e-con-boxed e-con e-parent\" data-id=\"ce5a3e6\" data-element_type=\"container\" data-e-type=\"container\">\n\t\t\t\t\t<div class=\"e-con-inner\">\n\t\t<div data-particle_enable=\"false\" data-particle-mobile-disabled=\"false\" class=\"elementor-element elementor-element-123b309 e-con-full e-flex e-con e-child\" data-id=\"123b309\" data-element_type=\"container\" data-e-type=\"container\">\n\t\t\t\t<div class=\"elementor-element elementor-element-bbbcd68 elementor-widget elementor-widget-heading\" data-id=\"bbbcd68\" data-element_type=\"widget\" data-e-type=\"widget\" data-widget_type=\"heading.default\">\n\t\t\t\t<div class=\"elementor-widget-container\">\n\t\t\t\t\t<h3 class=\"elementor-heading-title elementor-size-default\">G\u00e9n\u00e9rateurs Monophas\u00e9s 24V<\/h3>\t\t\t\t<\/div>\n\t\t\t\t<\/div>\n\t\t\t\t<div class=\"elementor-element elementor-element-d3e69d8 elementor-widget elementor-widget-text-editor\" data-id=\"d3e69d8\" data-element_type=\"widget\" data-e-type=\"widget\" data-widget_type=\"text-editor.default\">\n\t\t\t\t<div class=\"elementor-widget-container\">\n\t\t\t\t\t\t\t\t\t<p>Con\u00e7us pour des besoins \u00e9nerg\u00e9tiques mod\u00e9r\u00e9s, typiques des habitations isol\u00e9es o\u00f9 la majorit\u00e9 des appareils sont monophas\u00e9s.<br \/>Les versions au gaz sont particuli\u00e8rement silencieuses \u2013 un atout majeur pour le secteur r\u00e9sidentiel isol\u00e9.<br \/>Le r\u00e9servoir de gaz peut \u00e9galement alimenter une chaudi\u00e8re et une cuisine, centralisant ainsi l\u2019alimentation \u00e9nerg\u00e9tique.<\/p>\n\t\t\t\t\t\t\t\t<\/div>\n\t\t\t\t<\/div>\n\t\t\t\t<\/div>\n\t\t<div data-particle_enable=\"false\" data-particle-mobile-disabled=\"false\" class=\"elementor-element elementor-element-763c58b e-con-full e-flex e-con e-child\" data-id=\"763c58b\" data-element_type=\"container\" data-e-type=\"container\">\n\t\t\t\t<div class=\"elementor-element elementor-element-5f463e4 elementor-widget elementor-widget-heading\" data-id=\"5f463e4\" data-element_type=\"widget\" data-e-type=\"widget\" data-widget_type=\"heading.default\">\n\t\t\t\t<div class=\"elementor-widget-container\">\n\t\t\t\t\t<h3 class=\"elementor-heading-title elementor-size-default\">G\u00e9n\u00e9rateurs Monophas\u00e9s 48V<\/h3>\t\t\t\t<\/div>\n\t\t\t\t<\/div>\n\t\t\t\t<div class=\"elementor-element elementor-element-5b380fd elementor-widget elementor-widget-text-editor\" data-id=\"5b380fd\" data-element_type=\"widget\" data-e-type=\"widget\" data-widget_type=\"text-editor.default\">\n\t\t\t\t<div class=\"elementor-widget-container\">\n\t\t\t\t\t\t\t\t\t<p>Les mod\u00e8les 48V int\u00e8grent 24 batteries de 2V, offrant une capacit\u00e9 de stockage sup\u00e9rieure, id\u00e9ale pour les installations \u00e0 consommation continue, telles que les antennes relais.<br \/>Ils peuvent accueillir jusqu\u2019\u00e0 4,6 kWp d\u2019\u00e9nergie solaire avec un seul r\u00e9gulateur.<\/p>\n\t\t\t\t\t\t\t\t<\/div>\n\t\t\t\t<\/div>\n\t\t\t\t<\/div>\n\t\t<div data-particle_enable=\"false\" data-particle-mobile-disabled=\"false\" class=\"elementor-element elementor-element-8363f99 e-con-full e-flex e-con e-child\" data-id=\"8363f99\" data-element_type=\"container\" data-e-type=\"container\">\n\t\t\t\t<div class=\"elementor-element elementor-element-0027ed6 elementor-widget elementor-widget-heading\" data-id=\"0027ed6\" data-element_type=\"widget\" data-e-type=\"widget\" data-widget_type=\"heading.default\">\n\t\t\t\t<div class=\"elementor-widget-container\">\n\t\t\t\t\t<h3 class=\"elementor-heading-title elementor-size-default\">Les \u00c9quipements Les Plus Puissants De La Gamme<\/h3>\t\t\t\t<\/div>\n\t\t\t\t<\/div>\n\t\t\t\t<div class=\"elementor-element elementor-element-2dde29f elementor-widget elementor-widget-text-editor\" data-id=\"2dde29f\" data-element_type=\"widget\" data-e-type=\"widget\" data-widget_type=\"text-editor.default\">\n\t\t\t\t<div class=\"elementor-widget-container\">\n\t\t\t\t\t\t\t\t\t<p>Gr\u00e2ce aux hautes performances du moteur, des onduleurs et des batteries au lithium, ces syst\u00e8mes peuvent alimenter des installations de grande taille telles que des h\u00f4tels ruraux ou des exploitations agricoles isol\u00e9es, y compris des consommateurs \u00e9lectriques triphas\u00e9s.<\/p><p>HYB-ENERGY permet de combiner plusieurs types d\u2019\u00e9nergies renouvelables \u2013 solaire, \u00e9olienne et hydraulique \u2013 optimisant ainsi toutes les ressources naturelles disponibles.<\/p><p><a href=\"https:\/\/caslienergy.es\/hyb-energy-3\/\" target=\"_blank\" rel=\"noopener\">\ud83d\udd17 Plus d\u2019informations<\/a><\/p>\t\t\t\t\t\t\t\t<\/div>\n\t\t\t\t<\/div>\n\t\t\t\t<\/div>\n\t\t\t\t\t<\/div>\n\t\t\t\t<\/div>\n\t\t\t\t<\/div>\n\t\t","protected":false},"excerpt":{"rendered":"<p>G\u00e9n\u00e9rateurs Hybrides Hyb-Energy HYB-ENERGY est un g\u00e9n\u00e9rateur hybride sp\u00e9cialement con\u00e7u pour les habitations isol\u00e9es du r\u00e9seau \u00e9lectrique.Il fonctionne \u00e0 partir de sources d\u2019\u00e9nergie renouvelables telles &#8230; <\/p>\n<p class=\"read-more-container\"><a title=\"G\u00e9n\u00e9rateurs Hybrides Hyb-Energy\" class=\"read-more button\" href=\"https:\/\/tdmed.es\/fr\/generateurs-hybrides-hyb-energy\/#more-109496\" aria-label=\"En savoir plus sur G\u00e9n\u00e9rateurs Hybrides Hyb-Energy\">Lire plus<\/a><\/p>\n","protected":false},"author":313,"featured_media":0,"parent":0,"menu_order":0,"comment_status":"closed","ping_status":"closed","template":"","meta":{"_joinchat":[],"footnotes":""},"class_list":["post-109496","page","type-page","status-publish"],"yoast_head":"<!-- This site is optimized with the Yoast SEO Premium plugin v27.3 (Yoast SEO v27.3) - https:\/\/yoast.com\/product\/yoast-seo-premium-wordpress\/ -->\n<title>G\u00e9n\u00e9rateurs Hybrides Hyb-Energy - TDMED<\/title>\n<meta name=\"description\" content=\"G\u00e9n\u00e9rateurs hybrides HYB-Energy : jusqu&#039;\u00e0 70 % d&#039;\u00e9conomies. T\u00e9l\u00e9commande, batteries longue dur\u00e9e et alimentation garantie 24\/7.\" \/>\n<meta name=\"robots\" content=\"index, follow, max-snippet:-1, max-image-preview:large, max-video-preview:-1\" \/>\n<link rel=\"canonical\" href=\"https:\/\/tdmed.es\/fr\/generateurs-hybrides-hyb-energy\/\" \/>\n<meta property=\"og:locale\" content=\"fr_FR\" \/>\n<meta property=\"og:type\" content=\"article\" \/>\n<meta property=\"og:title\" content=\"G\u00e9n\u00e9rateurs Hybrides Hyb-Energy\" \/>\n<meta property=\"og:description\" content=\"G\u00e9n\u00e9rateurs hybrides HYB-Energy : jusqu&#039;\u00e0 70 % d&#039;\u00e9conomies. T\u00e9l\u00e9commande, batteries longue dur\u00e9e et alimentation garantie 24\/7.\" \/>\n<meta property=\"og:url\" content=\"https:\/\/tdmed.es\/fr\/generateurs-hybrides-hyb-energy\/\" \/>\n<meta property=\"og:site_name\" content=\"TDMED\" \/>\n<meta property=\"article:modified_time\" content=\"2026-03-18T09:54:42+00:00\" \/>\n<meta property=\"og:image\" content=\"https:\/\/tdmed.es\/wp-content\/uploads\/2025\/06\/hyb-energy.png\" \/>\n<meta name=\"twitter:card\" content=\"summary_large_image\" \/>\n<script type=\"application\/ld+json\" class=\"yoast-schema-graph\">{\"@context\":\"https:\\\/\\\/schema.org\",\"@graph\":[{\"@type\":\"WebPage\",\"@id\":\"https:\\\/\\\/tdmed.es\\\/fr\\\/generateurs-hybrides-hyb-energy\\\/\",\"url\":\"https:\\\/\\\/tdmed.es\\\/fr\\\/generateurs-hybrides-hyb-energy\\\/\",\"name\":\"G\u00e9n\u00e9rateurs Hybrides Hyb-Energy - TDMED\",\"isPartOf\":{\"@id\":\"https:\\\/\\\/tdmed.es\\\/fr\\\/#website\"},\"primaryImageOfPage\":{\"@id\":\"https:\\\/\\\/tdmed.es\\\/fr\\\/generateurs-hybrides-hyb-energy\\\/#primaryimage\"},\"image\":{\"@id\":\"https:\\\/\\\/tdmed.es\\\/fr\\\/generateurs-hybrides-hyb-energy\\\/#primaryimage\"},\"thumbnailUrl\":\"https:\\\/\\\/tdmed.es\\\/wp-content\\\/uploads\\\/2025\\\/06\\\/hyb-energy.png\",\"datePublished\":\"2025-07-21T15:27:12+00:00\",\"dateModified\":\"2026-03-18T09:54:42+00:00\",\"description\":\"G\u00e9n\u00e9rateurs hybrides HYB-Energy : jusqu'\u00e0 70 % d'\u00e9conomies. T\u00e9l\u00e9commande, batteries longue dur\u00e9e et alimentation garantie 24\\\/7.\",\"breadcrumb\":{\"@id\":\"https:\\\/\\\/tdmed.es\\\/fr\\\/generateurs-hybrides-hyb-energy\\\/#breadcrumb\"},\"inLanguage\":\"fr-FR\",\"potentialAction\":[{\"@type\":\"ReadAction\",\"target\":[\"https:\\\/\\\/tdmed.es\\\/fr\\\/generateurs-hybrides-hyb-energy\\\/\"]}]},{\"@type\":\"ImageObject\",\"inLanguage\":\"fr-FR\",\"@id\":\"https:\\\/\\\/tdmed.es\\\/fr\\\/generateurs-hybrides-hyb-energy\\\/#primaryimage\",\"url\":\"https:\\\/\\\/tdmed.es\\\/wp-content\\\/uploads\\\/2025\\\/06\\\/hyb-energy.png\",\"contentUrl\":\"https:\\\/\\\/tdmed.es\\\/wp-content\\\/uploads\\\/2025\\\/06\\\/hyb-energy.png\"},{\"@type\":\"BreadcrumbList\",\"@id\":\"https:\\\/\\\/tdmed.es\\\/fr\\\/generateurs-hybrides-hyb-energy\\\/#breadcrumb\",\"itemListElement\":[{\"@type\":\"ListItem\",\"position\":1,\"name\":\"Portada\",\"item\":\"https:\\\/\\\/tdmed.es\\\/fr\\\/\"},{\"@type\":\"ListItem\",\"position\":2,\"name\":\"G\u00e9n\u00e9rateurs Hybrides Hyb-Energy\"}]},{\"@type\":\"WebSite\",\"@id\":\"https:\\\/\\\/tdmed.es\\\/fr\\\/#website\",\"url\":\"https:\\\/\\\/tdmed.es\\\/fr\\\/\",\"name\":\"TDMED\",\"description\":\"TDMED\",\"publisher\":{\"@id\":\"https:\\\/\\\/tdmed.es\\\/fr\\\/#organization\"},\"potentialAction\":[{\"@type\":\"SearchAction\",\"target\":{\"@type\":\"EntryPoint\",\"urlTemplate\":\"https:\\\/\\\/tdmed.es\\\/fr\\\/?s={search_term_string}\"},\"query-input\":{\"@type\":\"PropertyValueSpecification\",\"valueRequired\":true,\"valueName\":\"search_term_string\"}}],\"inLanguage\":\"fr-FR\"},{\"@type\":\"Organization\",\"@id\":\"https:\\\/\\\/tdmed.es\\\/fr\\\/#organization\",\"name\":\"TransDiesel\",\"url\":\"https:\\\/\\\/tdmed.es\\\/fr\\\/\",\"logo\":{\"@type\":\"ImageObject\",\"inLanguage\":\"fr-FR\",\"@id\":\"https:\\\/\\\/tdmed.es\\\/fr\\\/#\\\/schema\\\/logo\\\/image\\\/\",\"url\":\"https:\\\/\\\/tdmed.es\\\/wp-content\\\/uploads\\\/2018\\\/12\\\/NewLogo.png\",\"contentUrl\":\"https:\\\/\\\/tdmed.es\\\/wp-content\\\/uploads\\\/2018\\\/12\\\/NewLogo.png\",\"width\":800,\"height\":140,\"caption\":\"TransDiesel\"},\"image\":{\"@id\":\"https:\\\/\\\/tdmed.es\\\/fr\\\/#\\\/schema\\\/logo\\\/image\\\/\"}}]}<\/script>\n<!-- \/ Yoast SEO Premium plugin. -->","yoast_head_json":{"title":"G\u00e9n\u00e9rateurs Hybrides Hyb-Energy - TDMED","description":"G\u00e9n\u00e9rateurs hybrides HYB-Energy : jusqu'\u00e0 70 % d'\u00e9conomies. T\u00e9l\u00e9commande, batteries longue dur\u00e9e et alimentation garantie 24\/7.","robots":{"index":"index","follow":"follow","max-snippet":"max-snippet:-1","max-image-preview":"max-image-preview:large","max-video-preview":"max-video-preview:-1"},"canonical":"https:\/\/tdmed.es\/fr\/generateurs-hybrides-hyb-energy\/","og_locale":"fr_FR","og_type":"article","og_title":"G\u00e9n\u00e9rateurs Hybrides Hyb-Energy","og_description":"G\u00e9n\u00e9rateurs hybrides HYB-Energy : jusqu'\u00e0 70 % d'\u00e9conomies. T\u00e9l\u00e9commande, batteries longue dur\u00e9e et alimentation garantie 24\/7.","og_url":"https:\/\/tdmed.es\/fr\/generateurs-hybrides-hyb-energy\/","og_site_name":"TDMED","article_modified_time":"2026-03-18T09:54:42+00:00","og_image":[{"url":"https:\/\/tdmed.es\/wp-content\/uploads\/2025\/06\/hyb-energy.png","type":"","width":"","height":""}],"twitter_card":"summary_large_image","schema":{"@context":"https:\/\/schema.org","@graph":[{"@type":"WebPage","@id":"https:\/\/tdmed.es\/fr\/generateurs-hybrides-hyb-energy\/","url":"https:\/\/tdmed.es\/fr\/generateurs-hybrides-hyb-energy\/","name":"G\u00e9n\u00e9rateurs Hybrides Hyb-Energy - TDMED","isPartOf":{"@id":"https:\/\/tdmed.es\/fr\/#website"},"primaryImageOfPage":{"@id":"https:\/\/tdmed.es\/fr\/generateurs-hybrides-hyb-energy\/#primaryimage"},"image":{"@id":"https:\/\/tdmed.es\/fr\/generateurs-hybrides-hyb-energy\/#primaryimage"},"thumbnailUrl":"https:\/\/tdmed.es\/wp-content\/uploads\/2025\/06\/hyb-energy.png","datePublished":"2025-07-21T15:27:12+00:00","dateModified":"2026-03-18T09:54:42+00:00","description":"G\u00e9n\u00e9rateurs hybrides HYB-Energy : jusqu'\u00e0 70 % d'\u00e9conomies. T\u00e9l\u00e9commande, batteries longue dur\u00e9e et alimentation garantie 24\/7.","breadcrumb":{"@id":"https:\/\/tdmed.es\/fr\/generateurs-hybrides-hyb-energy\/#breadcrumb"},"inLanguage":"fr-FR","potentialAction":[{"@type":"ReadAction","target":["https:\/\/tdmed.es\/fr\/generateurs-hybrides-hyb-energy\/"]}]},{"@type":"ImageObject","inLanguage":"fr-FR","@id":"https:\/\/tdmed.es\/fr\/generateurs-hybrides-hyb-energy\/#primaryimage","url":"https:\/\/tdmed.es\/wp-content\/uploads\/2025\/06\/hyb-energy.png","contentUrl":"https:\/\/tdmed.es\/wp-content\/uploads\/2025\/06\/hyb-energy.png"},{"@type":"BreadcrumbList","@id":"https:\/\/tdmed.es\/fr\/generateurs-hybrides-hyb-energy\/#breadcrumb","itemListElement":[{"@type":"ListItem","position":1,"name":"Portada","item":"https:\/\/tdmed.es\/fr\/"},{"@type":"ListItem","position":2,"name":"G\u00e9n\u00e9rateurs Hybrides Hyb-Energy"}]},{"@type":"WebSite","@id":"https:\/\/tdmed.es\/fr\/#website","url":"https:\/\/tdmed.es\/fr\/","name":"TDMED","description":"TDMED","publisher":{"@id":"https:\/\/tdmed.es\/fr\/#organization"},"potentialAction":[{"@type":"SearchAction","target":{"@type":"EntryPoint","urlTemplate":"https:\/\/tdmed.es\/fr\/?s={search_term_string}"},"query-input":{"@type":"PropertyValueSpecification","valueRequired":true,"valueName":"search_term_string"}}],"inLanguage":"fr-FR"},{"@type":"Organization","@id":"https:\/\/tdmed.es\/fr\/#organization","name":"TransDiesel","url":"https:\/\/tdmed.es\/fr\/","logo":{"@type":"ImageObject","inLanguage":"fr-FR","@id":"https:\/\/tdmed.es\/fr\/#\/schema\/logo\/image\/","url":"https:\/\/tdmed.es\/wp-content\/uploads\/2018\/12\/NewLogo.png","contentUrl":"https:\/\/tdmed.es\/wp-content\/uploads\/2018\/12\/NewLogo.png","width":800,"height":140,"caption":"TransDiesel"},"image":{"@id":"https:\/\/tdmed.es\/fr\/#\/schema\/logo\/image\/"}}]}},"_links":{"self":[{"href":"https:\/\/tdmed.es\/fr\/wp-json\/wp\/v2\/pages\/109496","targetHints":{"allow":["GET"]}}],"collection":[{"href":"https:\/\/tdmed.es\/fr\/wp-json\/wp\/v2\/pages"}],"about":[{"href":"https:\/\/tdmed.es\/fr\/wp-json\/wp\/v2\/types\/page"}],"author":[{"embeddable":true,"href":"https:\/\/tdmed.es\/fr\/wp-json\/wp\/v2\/users\/313"}],"replies":[{"embeddable":true,"href":"https:\/\/tdmed.es\/fr\/wp-json\/wp\/v2\/comments?post=109496"}],"version-history":[{"count":0,"href":"https:\/\/tdmed.es\/fr\/wp-json\/wp\/v2\/pages\/109496\/revisions"}],"wp:attachment":[{"href":"https:\/\/tdmed.es\/fr\/wp-json\/wp\/v2\/media?parent=109496"}],"curies":[{"name":"wp","href":"https:\/\/api.w.org\/{rel}","templated":true}]}}