{"id":109474,"date":"2025-07-21T16:22:52","date_gmt":"2025-07-21T14:22:52","guid":{"rendered":"https:\/\/preprod.transdiesel.es\/propulsion-hybride-diesel-electrique\/"},"modified":"2026-03-06T12:11:19","modified_gmt":"2026-03-06T11:11:19","slug":"propulsion-hybride-diesel-electrique","status":"publish","type":"page","link":"https:\/\/tdmed.es\/fr\/propulsion-hybride-diesel-electrique\/","title":{"rendered":"Propulsion Hybride Diesel-\u00c9lectrique"},"content":{"rendered":"\t\t<div data-elementor-type=\"wp-page\" data-elementor-id=\"109474\" class=\"elementor elementor-109474 elementor-107451\" data-elementor-post-type=\"page\">\n\t\t\t\t<div data-particle_enable=\"false\" data-particle-mobile-disabled=\"false\" class=\"elementor-element elementor-element-f32e8cf e-flex e-con-boxed e-con e-parent\" data-id=\"f32e8cf\" data-element_type=\"container\" data-e-type=\"container\" data-settings=\"{&quot;background_background&quot;:&quot;classic&quot;}\">\n\t\t\t\t\t<div class=\"e-con-inner\">\n\t\t\t\t\t<\/div>\n\t\t\t\t<\/div>\n\t\t<div data-particle_enable=\"false\" data-particle-mobile-disabled=\"false\" class=\"elementor-element elementor-element-06f01d2 e-flex e-con-boxed e-con e-parent\" data-id=\"06f01d2\" data-element_type=\"container\" data-e-type=\"container\">\n\t\t\t\t\t<div class=\"e-con-inner\">\n\t\t<div data-particle_enable=\"false\" data-particle-mobile-disabled=\"false\" class=\"elementor-element elementor-element-e4c672c e-con-full e-flex e-con e-child\" data-id=\"e4c672c\" data-element_type=\"container\" data-e-type=\"container\">\n\t\t\t\t<div class=\"elementor-element elementor-element-51105a46 elementor-widget__width-initial elementor-widget-tablet__width-inherit elementor-widget elementor-widget-heading\" data-id=\"51105a46\" data-element_type=\"widget\" data-e-type=\"widget\" data-widget_type=\"heading.default\">\n\t\t\t\t<div class=\"elementor-widget-container\">\n\t\t\t\t\t<h1 class=\"elementor-heading-title elementor-size-default\">Propulsion Hybride<br>Diesel-\u00c9lectrique<\/h1>\t\t\t\t<\/div>\n\t\t\t\t<\/div>\n\t\t\t\t<div class=\"elementor-element elementor-element-f05896b elementor-widget elementor-widget-text-editor\" data-id=\"f05896b\" data-element_type=\"widget\" data-e-type=\"widget\" data-widget_type=\"text-editor.default\">\n\t\t\t\t<div class=\"elementor-widget-container\">\n\t\t\t\t\t\t\t\t\t<p style=\"text-align: center;\">\u201cLiving in the pulse of change\u201d<\/p>\t\t\t\t\t\t\t\t<\/div>\n\t\t\t\t<\/div>\n\t\t\t\t<\/div>\n\t\t\t\t\t<\/div>\n\t\t\t\t<\/div>\n\t\t<div data-particle_enable=\"false\" data-particle-mobile-disabled=\"false\" class=\"elementor-element elementor-element-d2ea6ee e-flex e-con-boxed e-con e-parent\" data-id=\"d2ea6ee\" data-element_type=\"container\" data-e-type=\"container\">\n\t\t\t\t\t<div class=\"e-con-inner\">\n\t\t<div data-particle_enable=\"false\" data-particle-mobile-disabled=\"false\" class=\"elementor-element elementor-element-209cd4c e-con-full e-flex e-con e-child\" data-id=\"209cd4c\" data-element_type=\"container\" data-e-type=\"container\" data-settings=\"{&quot;background_background&quot;:&quot;classic&quot;}\">\n\t\t\t\t<div class=\"elementor-element elementor-element-1e56fee elementor-widget elementor-widget-image\" data-id=\"1e56fee\" data-element_type=\"widget\" data-e-type=\"widget\" data-widget_type=\"image.default\">\n\t\t\t\t<div class=\"elementor-widget-container\">\n\t\t\t\t\t\t\t\t\t\t\t\t\t\t\t<img decoding=\"async\" src=\"https:\/\/tdmed.es\/wp-content\/uploads\/2025\/05\/propulsion-hibrida-batteries-Kreisel.png\" title=\"propulsion-hibrida-batteries-Kreisel\" alt=\"Propulsi\u00f3n Hibrida\nDiesel-Electrica Marina\" loading=\"lazy\" \/>\t\t\t\t\t\t\t\t\t\t\t\t\t\t\t<\/div>\n\t\t\t\t<\/div>\n\t\t\t\t<\/div>\n\t\t<div data-particle_enable=\"false\" data-particle-mobile-disabled=\"false\" class=\"elementor-element elementor-element-5f11715 e-con-full e-flex e-con e-child\" data-id=\"5f11715\" data-element_type=\"container\" data-e-type=\"container\">\n\t\t\t\t<div class=\"elementor-element elementor-element-b1fb4b6 elementor-widget elementor-widget-text-editor\" data-id=\"b1fb4b6\" data-element_type=\"widget\" data-e-type=\"widget\" data-widget_type=\"text-editor.default\">\n\t\t\t\t<div class=\"elementor-widget-container\">\n\t\t\t\t\t\t\t\t\t<p>TDMED d\u00e9veloppe des syst\u00e8mes hybrides marins personnalisables selon l\u2019usage et le type de bateau.<br \/>Ce syst\u00e8me combine les avantages d\u2019une propulsion traditionnelle et d\u2019un moteur \u00e9lectrique. Il est compatible avec le syst\u00e8me \u00e9lectrique install\u00e9 \u00e0 bord du navire.<\/p>\n<p>Ce syst\u00e8me inclut un moteur thermique marin classique, un moteur \u00e9lectrique et des batteries, avec plusieurs niveaux de puissance hybride possibles, dans un design compact et minimaliste.<\/p>\n<p>Il convient \u00e0 tous types d\u2019embarcations comme des bateaux de travail ou de transport de passagers, des navires de plaisance ou commerciaux, pour l\u2019\u00e9cotourisme dans les zones naturelles prot\u00e9g\u00e9es, etc.<\/p>\n<p>TDMED propose des batteries dont les caract\u00e9ristiques ont \u00e9t\u00e9 test\u00e9es selon les normes de s\u00e9curit\u00e9 les plus strictes er certifi\u00e9es DNV et.<\/p>\n\t\t\t\t\t\t\t\t<\/div>\n\t\t\t\t<\/div>\n\t\t\t\t<\/div>\n\t\t\t\t\t<\/div>\n\t\t\t\t<\/div>\n\t\t<div data-particle_enable=\"false\" data-particle-mobile-disabled=\"false\" class=\"elementor-element elementor-element-03ebbbe e-flex e-con-boxed e-con e-parent\" data-id=\"03ebbbe\" data-element_type=\"container\" data-e-type=\"container\">\n\t\t\t\t\t<div class=\"e-con-inner\">\n\t\t<div data-particle_enable=\"false\" data-particle-mobile-disabled=\"false\" class=\"elementor-element elementor-element-74d5663 e-con-full e-flex e-con e-child\" data-id=\"74d5663\" data-element_type=\"container\" data-e-type=\"container\">\n\t\t\t\t<div class=\"elementor-element elementor-element-09f1319 elementor-widget__width-initial elementor-widget-tablet__width-inherit elementor-widget elementor-widget-heading\" data-id=\"09f1319\" data-element_type=\"widget\" data-e-type=\"widget\" data-widget_type=\"heading.default\">\n\t\t\t\t<div class=\"elementor-widget-container\">\n\t\t\t\t\t<h2 class=\"elementor-heading-title elementor-size-default\">\u201cNavigation silencieuse et \u00e0 faibles \u00e9missions\u201d<\/h2>\t\t\t\t<\/div>\n\t\t\t\t<\/div>\n\t\t\t\t<div class=\"elementor-element elementor-element-973f52f elementor-widget elementor-widget-text-editor\" data-id=\"973f52f\" data-element_type=\"widget\" data-e-type=\"widget\" data-widget_type=\"text-editor.default\">\n\t\t\t\t<div class=\"elementor-widget-container\">\n\t\t\t\t\t\t\t\t\t<p><strong>Simple \u00e0 utiliser: <\/strong>le b\u00e2teau peut facilement commuter entre modes \u00e9lectrique\/thermique. La gestion de la propulsion s\u2019effectue instantan\u00e9ment gr\u00e2ce \u00e0 une simple s\u00e9lection sur le panneau de commande.<br \/>Le syst\u00e8me permet diff\u00e9rentes configurations de modes de navigation via une unit\u00e9 de contr\u00f4le.<br \/>Un changement rapide de r\u00e9gime de l\u2019acc\u00e9l\u00e9rateur moteur, en marche avant comme en marche arri\u00e8re, est possible.<br \/>L\u2019unit\u00e9 permet de basculer instantan\u00e9ment de la propulsion \u00e9lectrique \u00e0 la combustion interne, fournissant ainsi la puissance maximale en cas de man\u0153uvre d\u2019urgence ou lors des man\u0153uvres d\u2019accostage.<\/p>\n<p>Les informations principales sont affich\u00e9es sur un \u00e9cran pendant la navigation : donn\u00e9es du moteur\/g\u00e9n\u00e9rateur, \u00e9tat de la batterie, etc.<\/p>\n<p><strong>Accessibilit\u00e9 : <\/strong>Gr\u00e2ce \u00e0 la mobilit\u00e9 \u00e9lectrique \u00e0 z\u00e9ro \u00e9mission, il est possible de naviguer partout, y compris dans les zones marines prot\u00e9g\u00e9es, tout en pr\u00e9servant l\u2019environnement.<\/p>\n<p><strong>Contr\u00f4le permanent <\/strong>: L\u2019ensemble du syst\u00e8me est pilot\u00e9 par une unit\u00e9 de contr\u00f4le \u00e9lectronique (ECU) qui utilise la technologie CANBUS pour communiquer avec tous les composants de la cha\u00eene cin\u00e9matique et d\u00e9terminer l\u2019\u00e9tat de fonctionnement du syst\u00e8me hybride.<\/p>\n\t\t\t\t\t\t\t\t<\/div>\n\t\t\t\t<\/div>\n\t\t\t\t<\/div>\n\t\t<div data-particle_enable=\"false\" data-particle-mobile-disabled=\"false\" class=\"elementor-element elementor-element-f4570f0 e-con-full e-flex e-con e-child\" data-id=\"f4570f0\" data-element_type=\"container\" data-e-type=\"container\" data-settings=\"{&quot;background_background&quot;:&quot;classic&quot;}\">\n\t\t\t\t<div class=\"elementor-element elementor-element-44566b1 elementor-widget elementor-widget-image\" data-id=\"44566b1\" data-element_type=\"widget\" data-e-type=\"widget\" data-widget_type=\"image.default\">\n\t\t\t\t<div class=\"elementor-widget-container\">\n\t\t\t\t\t\t\t\t\t\t\t\t\t\t\t<img decoding=\"async\" src=\"https:\/\/tdmed.es\/wp-content\/uploads\/2025\/06\/Navegacion-silenciosa-y-de-bajas-emisiones.png\" title=\"Navegaci\u00f3n silenciosa y de bajas emisiones\" alt=\"Propulsi\u00f3n Hibrida -\" loading=\"lazy\" \/>\t\t\t\t\t\t\t\t\t\t\t\t\t\t\t<\/div>\n\t\t\t\t<\/div>\n\t\t\t\t<\/div>\n\t\t\t\t\t<\/div>\n\t\t\t\t<\/div>\n\t\t\t\t<\/div>\n\t\t","protected":false},"excerpt":{"rendered":"<p>Propulsion HybrideDiesel-\u00c9lectrique \u201cLiving in the pulse of change\u201d TDMED d\u00e9veloppe des syst\u00e8mes hybrides marins personnalisables selon l\u2019usage et le type de bateau.Ce syst\u00e8me combine les &#8230; <\/p>\n<p class=\"read-more-container\"><a title=\"Propulsion Hybride Diesel-\u00c9lectrique\" class=\"read-more button\" href=\"https:\/\/tdmed.es\/fr\/propulsion-hybride-diesel-electrique\/#more-109474\" aria-label=\"En savoir plus sur Propulsion Hybride Diesel-\u00c9lectrique\">Lire plus<\/a><\/p>\n","protected":false},"author":313,"featured_media":0,"parent":0,"menu_order":0,"comment_status":"closed","ping_status":"closed","template":"","meta":{"_joinchat":[],"footnotes":""},"class_list":["post-109474","page","type-page","status-publish"],"yoast_head":"<!-- This site is optimized with the Yoast SEO Premium plugin v27.3 (Yoast SEO v27.3) - https:\/\/yoast.com\/product\/yoast-seo-premium-wordpress\/ -->\n<title>Propulsion Hybride Diesel-\u00c9lectrique - TDMED<\/title>\n<meta name=\"description\" content=\"Propulsion hybride: combine un moteur conventionnel et \u00e9lectrique pour une navigation silencieuse, zero \u00e9mission et une maniabilit\u00e9 maximale.\" \/>\n<meta name=\"robots\" content=\"index, follow, max-snippet:-1, max-image-preview:large, max-video-preview:-1\" \/>\n<link rel=\"canonical\" href=\"https:\/\/tdmed.es\/fr\/propulsion-hybride-diesel-electrique\/\" \/>\n<meta property=\"og:locale\" content=\"fr_FR\" \/>\n<meta property=\"og:type\" content=\"article\" \/>\n<meta property=\"og:title\" content=\"Propulsion Hybride Diesel-\u00c9lectrique\" \/>\n<meta property=\"og:description\" content=\"Propulsion hybride: combine un moteur conventionnel et \u00e9lectrique pour une navigation silencieuse, zero \u00e9mission et une maniabilit\u00e9 maximale.\" \/>\n<meta property=\"og:url\" content=\"https:\/\/tdmed.es\/fr\/propulsion-hybride-diesel-electrique\/\" \/>\n<meta property=\"og:site_name\" content=\"TDMED\" \/>\n<meta property=\"article:modified_time\" content=\"2026-03-06T11:11:19+00:00\" \/>\n<meta property=\"og:image\" content=\"https:\/\/tdmed.es\/wp-content\/uploads\/2025\/05\/propulsion-hibrida-batteries-Kreisel.png\" \/>\n<meta name=\"twitter:card\" content=\"summary_large_image\" \/>\n<script type=\"application\/ld+json\" class=\"yoast-schema-graph\">{\"@context\":\"https:\\\/\\\/schema.org\",\"@graph\":[{\"@type\":\"WebPage\",\"@id\":\"https:\\\/\\\/tdmed.es\\\/fr\\\/propulsion-hybride-diesel-electrique\\\/\",\"url\":\"https:\\\/\\\/tdmed.es\\\/fr\\\/propulsion-hybride-diesel-electrique\\\/\",\"name\":\"Propulsion Hybride Diesel-\u00c9lectrique - TDMED\",\"isPartOf\":{\"@id\":\"https:\\\/\\\/tdmed.es\\\/fr\\\/#website\"},\"primaryImageOfPage\":{\"@id\":\"https:\\\/\\\/tdmed.es\\\/fr\\\/propulsion-hybride-diesel-electrique\\\/#primaryimage\"},\"image\":{\"@id\":\"https:\\\/\\\/tdmed.es\\\/fr\\\/propulsion-hybride-diesel-electrique\\\/#primaryimage\"},\"thumbnailUrl\":\"https:\\\/\\\/tdmed.es\\\/wp-content\\\/uploads\\\/2025\\\/05\\\/propulsion-hibrida-batteries-Kreisel.png\",\"datePublished\":\"2025-07-21T14:22:52+00:00\",\"dateModified\":\"2026-03-06T11:11:19+00:00\",\"description\":\"Propulsion hybride: combine un moteur conventionnel et \u00e9lectrique pour une navigation silencieuse, zero \u00e9mission et une maniabilit\u00e9 maximale.\",\"breadcrumb\":{\"@id\":\"https:\\\/\\\/tdmed.es\\\/fr\\\/propulsion-hybride-diesel-electrique\\\/#breadcrumb\"},\"inLanguage\":\"fr-FR\",\"potentialAction\":[{\"@type\":\"ReadAction\",\"target\":[\"https:\\\/\\\/tdmed.es\\\/fr\\\/propulsion-hybride-diesel-electrique\\\/\"]}]},{\"@type\":\"ImageObject\",\"inLanguage\":\"fr-FR\",\"@id\":\"https:\\\/\\\/tdmed.es\\\/fr\\\/propulsion-hybride-diesel-electrique\\\/#primaryimage\",\"url\":\"https:\\\/\\\/tdmed.es\\\/wp-content\\\/uploads\\\/2025\\\/05\\\/propulsion-hibrida-batteries-Kreisel.png\",\"contentUrl\":\"https:\\\/\\\/tdmed.es\\\/wp-content\\\/uploads\\\/2025\\\/05\\\/propulsion-hibrida-batteries-Kreisel.png\"},{\"@type\":\"BreadcrumbList\",\"@id\":\"https:\\\/\\\/tdmed.es\\\/fr\\\/propulsion-hybride-diesel-electrique\\\/#breadcrumb\",\"itemListElement\":[{\"@type\":\"ListItem\",\"position\":1,\"name\":\"Portada\",\"item\":\"https:\\\/\\\/tdmed.es\\\/fr\\\/\"},{\"@type\":\"ListItem\",\"position\":2,\"name\":\"Propulsion Hybride Diesel-\u00c9lectrique\"}]},{\"@type\":\"WebSite\",\"@id\":\"https:\\\/\\\/tdmed.es\\\/fr\\\/#website\",\"url\":\"https:\\\/\\\/tdmed.es\\\/fr\\\/\",\"name\":\"TDMED\",\"description\":\"TDMED\",\"publisher\":{\"@id\":\"https:\\\/\\\/tdmed.es\\\/fr\\\/#organization\"},\"potentialAction\":[{\"@type\":\"SearchAction\",\"target\":{\"@type\":\"EntryPoint\",\"urlTemplate\":\"https:\\\/\\\/tdmed.es\\\/fr\\\/?s={search_term_string}\"},\"query-input\":{\"@type\":\"PropertyValueSpecification\",\"valueRequired\":true,\"valueName\":\"search_term_string\"}}],\"inLanguage\":\"fr-FR\"},{\"@type\":\"Organization\",\"@id\":\"https:\\\/\\\/tdmed.es\\\/fr\\\/#organization\",\"name\":\"TransDiesel\",\"url\":\"https:\\\/\\\/tdmed.es\\\/fr\\\/\",\"logo\":{\"@type\":\"ImageObject\",\"inLanguage\":\"fr-FR\",\"@id\":\"https:\\\/\\\/tdmed.es\\\/fr\\\/#\\\/schema\\\/logo\\\/image\\\/\",\"url\":\"https:\\\/\\\/tdmed.es\\\/wp-content\\\/uploads\\\/2018\\\/12\\\/NewLogo.png\",\"contentUrl\":\"https:\\\/\\\/tdmed.es\\\/wp-content\\\/uploads\\\/2018\\\/12\\\/NewLogo.png\",\"width\":800,\"height\":140,\"caption\":\"TransDiesel\"},\"image\":{\"@id\":\"https:\\\/\\\/tdmed.es\\\/fr\\\/#\\\/schema\\\/logo\\\/image\\\/\"}}]}<\/script>\n<!-- \/ Yoast SEO Premium plugin. -->","yoast_head_json":{"title":"Propulsion Hybride Diesel-\u00c9lectrique - TDMED","description":"Propulsion hybride: combine un moteur conventionnel et \u00e9lectrique pour une navigation silencieuse, zero \u00e9mission et une maniabilit\u00e9 maximale.","robots":{"index":"index","follow":"follow","max-snippet":"max-snippet:-1","max-image-preview":"max-image-preview:large","max-video-preview":"max-video-preview:-1"},"canonical":"https:\/\/tdmed.es\/fr\/propulsion-hybride-diesel-electrique\/","og_locale":"fr_FR","og_type":"article","og_title":"Propulsion Hybride Diesel-\u00c9lectrique","og_description":"Propulsion hybride: combine un moteur conventionnel et \u00e9lectrique pour une navigation silencieuse, zero \u00e9mission et une maniabilit\u00e9 maximale.","og_url":"https:\/\/tdmed.es\/fr\/propulsion-hybride-diesel-electrique\/","og_site_name":"TDMED","article_modified_time":"2026-03-06T11:11:19+00:00","og_image":[{"url":"https:\/\/tdmed.es\/wp-content\/uploads\/2025\/05\/propulsion-hibrida-batteries-Kreisel.png","type":"","width":"","height":""}],"twitter_card":"summary_large_image","schema":{"@context":"https:\/\/schema.org","@graph":[{"@type":"WebPage","@id":"https:\/\/tdmed.es\/fr\/propulsion-hybride-diesel-electrique\/","url":"https:\/\/tdmed.es\/fr\/propulsion-hybride-diesel-electrique\/","name":"Propulsion Hybride Diesel-\u00c9lectrique - TDMED","isPartOf":{"@id":"https:\/\/tdmed.es\/fr\/#website"},"primaryImageOfPage":{"@id":"https:\/\/tdmed.es\/fr\/propulsion-hybride-diesel-electrique\/#primaryimage"},"image":{"@id":"https:\/\/tdmed.es\/fr\/propulsion-hybride-diesel-electrique\/#primaryimage"},"thumbnailUrl":"https:\/\/tdmed.es\/wp-content\/uploads\/2025\/05\/propulsion-hibrida-batteries-Kreisel.png","datePublished":"2025-07-21T14:22:52+00:00","dateModified":"2026-03-06T11:11:19+00:00","description":"Propulsion hybride: combine un moteur conventionnel et \u00e9lectrique pour une navigation silencieuse, zero \u00e9mission et une maniabilit\u00e9 maximale.","breadcrumb":{"@id":"https:\/\/tdmed.es\/fr\/propulsion-hybride-diesel-electrique\/#breadcrumb"},"inLanguage":"fr-FR","potentialAction":[{"@type":"ReadAction","target":["https:\/\/tdmed.es\/fr\/propulsion-hybride-diesel-electrique\/"]}]},{"@type":"ImageObject","inLanguage":"fr-FR","@id":"https:\/\/tdmed.es\/fr\/propulsion-hybride-diesel-electrique\/#primaryimage","url":"https:\/\/tdmed.es\/wp-content\/uploads\/2025\/05\/propulsion-hibrida-batteries-Kreisel.png","contentUrl":"https:\/\/tdmed.es\/wp-content\/uploads\/2025\/05\/propulsion-hibrida-batteries-Kreisel.png"},{"@type":"BreadcrumbList","@id":"https:\/\/tdmed.es\/fr\/propulsion-hybride-diesel-electrique\/#breadcrumb","itemListElement":[{"@type":"ListItem","position":1,"name":"Portada","item":"https:\/\/tdmed.es\/fr\/"},{"@type":"ListItem","position":2,"name":"Propulsion Hybride Diesel-\u00c9lectrique"}]},{"@type":"WebSite","@id":"https:\/\/tdmed.es\/fr\/#website","url":"https:\/\/tdmed.es\/fr\/","name":"TDMED","description":"TDMED","publisher":{"@id":"https:\/\/tdmed.es\/fr\/#organization"},"potentialAction":[{"@type":"SearchAction","target":{"@type":"EntryPoint","urlTemplate":"https:\/\/tdmed.es\/fr\/?s={search_term_string}"},"query-input":{"@type":"PropertyValueSpecification","valueRequired":true,"valueName":"search_term_string"}}],"inLanguage":"fr-FR"},{"@type":"Organization","@id":"https:\/\/tdmed.es\/fr\/#organization","name":"TransDiesel","url":"https:\/\/tdmed.es\/fr\/","logo":{"@type":"ImageObject","inLanguage":"fr-FR","@id":"https:\/\/tdmed.es\/fr\/#\/schema\/logo\/image\/","url":"https:\/\/tdmed.es\/wp-content\/uploads\/2018\/12\/NewLogo.png","contentUrl":"https:\/\/tdmed.es\/wp-content\/uploads\/2018\/12\/NewLogo.png","width":800,"height":140,"caption":"TransDiesel"},"image":{"@id":"https:\/\/tdmed.es\/fr\/#\/schema\/logo\/image\/"}}]}},"_links":{"self":[{"href":"https:\/\/tdmed.es\/fr\/wp-json\/wp\/v2\/pages\/109474","targetHints":{"allow":["GET"]}}],"collection":[{"href":"https:\/\/tdmed.es\/fr\/wp-json\/wp\/v2\/pages"}],"about":[{"href":"https:\/\/tdmed.es\/fr\/wp-json\/wp\/v2\/types\/page"}],"author":[{"embeddable":true,"href":"https:\/\/tdmed.es\/fr\/wp-json\/wp\/v2\/users\/313"}],"replies":[{"embeddable":true,"href":"https:\/\/tdmed.es\/fr\/wp-json\/wp\/v2\/comments?post=109474"}],"version-history":[{"count":0,"href":"https:\/\/tdmed.es\/fr\/wp-json\/wp\/v2\/pages\/109474\/revisions"}],"wp:attachment":[{"href":"https:\/\/tdmed.es\/fr\/wp-json\/wp\/v2\/media?parent=109474"}],"curies":[{"name":"wp","href":"https:\/\/api.w.org\/{rel}","templated":true}]}}