{"id":109470,"date":"2025-07-21T16:16:40","date_gmt":"2025-07-21T14:16:40","guid":{"rendered":"https:\/\/preprod.transdiesel.es\/ponts-et-systemes-de-transmissions\/"},"modified":"2026-03-06T10:46:29","modified_gmt":"2026-03-06T09:46:29","slug":"ponts-et-systemes-de-transmissions","status":"publish","type":"page","link":"https:\/\/tdmed.es\/fr\/ponts-et-systemes-de-transmissions\/","title":{"rendered":"Ponts Et Syst\u00e8mes De Transmissions"},"content":{"rendered":"\t\t<div data-elementor-type=\"wp-page\" data-elementor-id=\"109470\" class=\"elementor elementor-109470 elementor-107749\" data-elementor-post-type=\"page\">\n\t\t\t\t<div data-particle_enable=\"false\" data-particle-mobile-disabled=\"false\" class=\"elementor-element elementor-element-fc286fd e-flex e-con-boxed e-con e-parent\" data-id=\"fc286fd\" data-element_type=\"container\" data-e-type=\"container\" data-settings=\"{&quot;background_background&quot;:&quot;classic&quot;}\">\n\t\t\t\t\t<div class=\"e-con-inner\">\n\t\t\t\t<div class=\"elementor-element elementor-element-385938e elementor-widget elementor-widget-spacer\" data-id=\"385938e\" data-element_type=\"widget\" data-e-type=\"widget\" data-widget_type=\"spacer.default\">\n\t\t\t\t<div class=\"elementor-widget-container\">\n\t\t\t\t\t\t\t<div class=\"elementor-spacer\">\n\t\t\t<div class=\"elementor-spacer-inner\"><\/div>\n\t\t<\/div>\n\t\t\t\t\t\t<\/div>\n\t\t\t\t<\/div>\n\t\t\t\t\t<\/div>\n\t\t\t\t<\/div>\n\t\t<div data-particle_enable=\"false\" data-particle-mobile-disabled=\"false\" class=\"elementor-element elementor-element-f0df74c e-flex e-con-boxed e-con e-parent\" data-id=\"f0df74c\" data-element_type=\"container\" data-e-type=\"container\">\n\t\t\t\t\t<div class=\"e-con-inner\">\n\t\t<div data-particle_enable=\"false\" data-particle-mobile-disabled=\"false\" class=\"elementor-element elementor-element-a446c88 e-con-full e-flex e-con e-child\" data-id=\"a446c88\" data-element_type=\"container\" data-e-type=\"container\">\n\t\t\t\t<div class=\"elementor-element elementor-element-f63e634 elementor-widget__width-initial elementor-widget-tablet__width-inherit elementor-widget elementor-widget-heading\" data-id=\"f63e634\" data-element_type=\"widget\" data-e-type=\"widget\" data-widget_type=\"heading.default\">\n\t\t\t\t<div class=\"elementor-widget-container\">\n\t\t\t\t\t<h1 class=\"elementor-heading-title elementor-size-default\">Ponts Et Syst\u00e8mes De Transmissions<\/h1>\t\t\t\t<\/div>\n\t\t\t\t<\/div>\n\t\t\t\t<div class=\"elementor-element elementor-element-99ca539 elementor-widget elementor-widget-text-editor\" data-id=\"99ca539\" data-element_type=\"widget\" data-e-type=\"widget\" data-widget_type=\"text-editor.default\">\n\t\t\t\t<div class=\"elementor-widget-container\">\n\t\t\t\t\t\t\t\t\t<p style=\"text-align: center;\">\u00ab Technologies de cha\u00eene cin\u00e9matique pour tout v\u00e9hicule \u00bb<\/p>\n\t\t\t\t\t\t\t\t<\/div>\n\t\t\t\t<\/div>\n\t\t\t\t<\/div>\n\t\t\t\t\t<\/div>\n\t\t\t\t<\/div>\n\t\t<div data-particle_enable=\"false\" data-particle-mobile-disabled=\"false\" class=\"elementor-element elementor-element-16d8690 e-flex e-con-boxed e-con e-parent\" data-id=\"16d8690\" data-element_type=\"container\" data-e-type=\"container\">\n\t\t\t\t\t<div class=\"e-con-inner\">\n\t\t<div data-particle_enable=\"false\" data-particle-mobile-disabled=\"false\" class=\"elementor-element elementor-element-d93285e e-con-full e-flex e-con e-child\" data-id=\"d93285e\" data-element_type=\"container\" data-e-type=\"container\" data-settings=\"{&quot;background_background&quot;:&quot;classic&quot;}\">\n\t\t\t\t<div class=\"elementor-element elementor-element-57e2eba elementor-widget elementor-widget-image\" data-id=\"57e2eba\" data-element_type=\"widget\" data-e-type=\"widget\" data-widget_type=\"image.default\">\n\t\t\t\t<div class=\"elementor-widget-container\">\n\t\t\t\t\t\t\t\t\t\t\t\t\t\t\t<img decoding=\"async\" src=\"https:\/\/tdmed.es\/wp-content\/uploads\/2025\/05\/Ejes-y-Transmisiones-3.png\" title=\"Ejes-y-Transmisiones-3\" alt=\"Ejes y transmisiones - Equipos de miner\u00eda\" loading=\"lazy\" \/>\t\t\t\t\t\t\t\t\t\t\t\t\t\t\t<\/div>\n\t\t\t\t<\/div>\n\t\t\t\t<\/div>\n\t\t<div data-particle_enable=\"false\" data-particle-mobile-disabled=\"false\" class=\"elementor-element elementor-element-7216c17 e-con-full e-flex e-con e-child\" data-id=\"7216c17\" data-element_type=\"container\" data-e-type=\"container\">\n\t\t\t\t<div class=\"elementor-element elementor-element-c24e24d elementor-widget elementor-widget-image\" data-id=\"c24e24d\" data-element_type=\"widget\" data-e-type=\"widget\" data-widget_type=\"image.default\">\n\t\t\t\t<div class=\"elementor-widget-container\">\n\t\t\t\t\t\t\t\t\t\t\t\t\t\t\t<img decoding=\"async\" width=\"330\" height=\"69\" src=\"https:\/\/tdmed.es\/wp-content\/uploads\/2023\/09\/dana-logo.jpg\" class=\"attachment-large size-large wp-image-124517\" alt=\"logo dana spicer - drivetrain products\" srcset=\"https:\/\/tdmed.es\/wp-content\/uploads\/2023\/09\/dana-logo.jpg 330w, https:\/\/tdmed.es\/wp-content\/uploads\/2023\/09\/dana-logo-300x63.jpg 300w, https:\/\/tdmed.es\/wp-content\/uploads\/2023\/09\/dana-logo-64x13.jpg 64w\" sizes=\"(max-width: 330px) 100vw, 330px\" \/>\t\t\t\t\t\t\t\t\t\t\t\t\t\t\t<\/div>\n\t\t\t\t<\/div>\n\t\t\t\t<div class=\"elementor-element elementor-element-541cebc elementor-widget elementor-widget-text-editor\" data-id=\"541cebc\" data-element_type=\"widget\" data-e-type=\"widget\" data-widget_type=\"text-editor.default\">\n\t\t\t\t<div class=\"elementor-widget-container\">\n\t\t\t\t\t\t\t\t\tDana est un fournisseur de premier plan de syst\u00e8mes de transmission enti\u00e8rement int\u00e9gr\u00e9s et de syst\u00e8mes de propulsion \u00e9lectrifi\u00e9e pour tous les v\u00e9hicules l\u00e9gers de tourisme, les v\u00e9hicules utilitaires moyens et lourds, ainsi que les machines tout-terrain.<br>Travaillant en \u00e9troite collaboration avec les constructeurs d\u2019\u00e9quipements d\u2019origine (OEM) et le march\u00e9 secondaire, Dana se concentre sur l\u2019offre de solutions \u00e0 efficacit\u00e9 optimale, durabilit\u00e9 maximale et qualit\u00e9 de conduite sup\u00e9rieure \u00e0 l\u2019\u00e9chelle mondiale.<br><br>Ainsi, la marque propose des produits tels que des ponts \u00e0 r\u00e9duction simple, plan\u00e9taires, sp\u00e9ciaux ou de type \u201ctransaxle\u201d.<br>Gr\u00e2ce \u00e0 leur grande robustesse, les ponts Dana sont largement adopt\u00e9s dans la plupart des applications de machines agricoles, industrielles, de travaux publics et mini\u00e8res.<br><br>Parmi les applications utilisant les produits Dana, on trouve :<br>\u2022 \u00e9quipements miniers<br>\u2022 \u00e9quipements de services a\u00e9roportuaires<br>\u2022 rouleaux compresseurs<br>\u2022 chariots \u00e9l\u00e9vateurs<br>\u2022 mini-dumpers<br>\u2022 tracteurs agricoles<br>\u2022 balayeuses<br>\u2022 chargeuses<br>\u2022 t\u00e9lescopiques<br>\u2022 machines foresti\u00e8res, etc.\t\t\t\t\t\t\t\t<\/div>\n\t\t\t\t<\/div>\n\t\t\t\t<\/div>\n\t\t\t\t\t<\/div>\n\t\t\t\t<\/div>\n\t\t<div data-particle_enable=\"false\" data-particle-mobile-disabled=\"false\" class=\"elementor-element elementor-element-37b9578 e-flex e-con-boxed e-con e-parent\" data-id=\"37b9578\" data-element_type=\"container\" data-e-type=\"container\">\n\t\t\t\t\t<div class=\"e-con-inner\">\n\t\t<div data-particle_enable=\"false\" data-particle-mobile-disabled=\"false\" class=\"elementor-element elementor-element-4cd484b e-con-full e-flex e-con e-child\" data-id=\"4cd484b\" data-element_type=\"container\" data-e-type=\"container\">\n\t\t\t\t<div class=\"elementor-element elementor-element-fd9b610 elementor-widget__width-initial elementor-widget-tablet__width-inherit elementor-widget elementor-widget-heading\" data-id=\"fd9b610\" data-element_type=\"widget\" data-e-type=\"widget\" data-widget_type=\"heading.default\">\n\t\t\t\t<div class=\"elementor-widget-container\">\n\t\t\t\t\t<h2 class=\"elementor-heading-title elementor-size-default\">TDMED est, depuis 1993, le seul \"Centre de Service Agr\u00e9\u00e9\" en Espagne et au Portugal pour la division Off-Highway du groupe Dana Spicer.<\/h2>\t\t\t\t<\/div>\n\t\t\t\t<\/div>\n\t\t\t\t<\/div>\n\t\t\t\t\t<\/div>\n\t\t\t\t<\/div>\n\t\t<div data-particle_enable=\"false\" data-particle-mobile-disabled=\"false\" class=\"elementor-element elementor-element-9ffdb88 e-flex e-con-boxed e-con e-parent\" data-id=\"9ffdb88\" data-element_type=\"container\" data-e-type=\"container\">\n\t\t\t\t\t<div class=\"e-con-inner\">\n\t\t<div data-particle_enable=\"false\" data-particle-mobile-disabled=\"false\" class=\"elementor-element elementor-element-362aa7c e-con-full e-flex e-con e-child\" data-id=\"362aa7c\" data-element_type=\"container\" data-e-type=\"container\" data-settings=\"{&quot;background_background&quot;:&quot;classic&quot;}\">\n\t\t\t\t<div class=\"elementor-element elementor-element-661a7d2 elementor-widget elementor-widget-image\" data-id=\"661a7d2\" data-element_type=\"widget\" data-e-type=\"widget\" data-widget_type=\"image.default\">\n\t\t\t\t<div class=\"elementor-widget-container\">\n\t\t\t\t\t\t\t\t\t\t\t\t\t\t\t<img decoding=\"async\" width=\"330\" height=\"69\" src=\"https:\/\/tdmed.es\/wp-content\/uploads\/2023\/09\/dana-logo.jpg\" class=\"attachment-large size-large wp-image-124517\" alt=\"logo dana spicer - drivetrain products\" srcset=\"https:\/\/tdmed.es\/wp-content\/uploads\/2023\/09\/dana-logo.jpg 330w, https:\/\/tdmed.es\/wp-content\/uploads\/2023\/09\/dana-logo-300x63.jpg 300w, https:\/\/tdmed.es\/wp-content\/uploads\/2023\/09\/dana-logo-64x13.jpg 64w\" sizes=\"(max-width: 330px) 100vw, 330px\" \/>\t\t\t\t\t\t\t\t\t\t\t\t\t\t\t<\/div>\n\t\t\t\t<\/div>\n\t\t\t\t<div class=\"elementor-element elementor-element-a7cdd36 elementor-widget elementor-widget-text-editor\" data-id=\"a7cdd36\" data-element_type=\"widget\" data-e-type=\"widget\" data-widget_type=\"text-editor.default\">\n\t\t\t\t<div class=\"elementor-widget-container\">\n\t\t\t\t\t\t\t\t\t<p>Exemples de constructeurs ayant choisi les ponts Hurth :<br \/>Agria, Europactor, TEM Gorris, Vermeer, Terex, JLG, Ingersoll Rand, Gehl, FMC, CNH, Bomag, Atlas Copco, Linde, JCB, Manitou, Dynapac, Skyjack, Komatsu, Fantuzzi, Dieci, Liebherr, etc.<\/p>\n<p>Plus d\u2019informations sur <a href=\"http:\/\/www.dana.com\/\">leur site officiel et dans notre boutique.<\/a><\/p>\n\t\t\t\t\t\t\t\t<\/div>\n\t\t\t\t<\/div>\n\t\t\t\t<\/div>\n\t\t<div data-particle_enable=\"false\" data-particle-mobile-disabled=\"false\" class=\"elementor-element elementor-element-c7481cd e-con-full e-flex e-con e-child\" data-id=\"c7481cd\" data-element_type=\"container\" data-e-type=\"container\" data-settings=\"{&quot;background_background&quot;:&quot;classic&quot;}\">\n\t\t\t\t<div class=\"elementor-element elementor-element-a5fa5ce elementor-widget elementor-widget-image\" data-id=\"a5fa5ce\" data-element_type=\"widget\" data-e-type=\"widget\" data-widget_type=\"image.default\">\n\t\t\t\t<div class=\"elementor-widget-container\">\n\t\t\t\t\t\t\t\t\t\t\t\t\t\t\t<img decoding=\"async\" src=\"https:\/\/tdmed.es\/wp-content\/uploads\/2025\/05\/Ejes-y-Transmisiones-2.png\" title=\"Ejes-y-Transmisiones-2\" alt=\"Ejes y transmisiones - Equipos de miner\u00eda\" loading=\"lazy\" \/>\t\t\t\t\t\t\t\t\t\t\t\t\t\t\t<\/div>\n\t\t\t\t<\/div>\n\t\t\t\t<\/div>\n\t\t\t\t\t<\/div>\n\t\t\t\t<\/div>\n\t\t<div data-particle_enable=\"false\" data-particle-mobile-disabled=\"false\" class=\"elementor-element elementor-element-11b9b4f e-flex e-con-boxed e-con e-parent\" data-id=\"11b9b4f\" data-element_type=\"container\" data-e-type=\"container\">\n\t\t\t\t\t<div class=\"e-con-inner\">\n\t\t<div data-particle_enable=\"false\" data-particle-mobile-disabled=\"false\" class=\"elementor-element elementor-element-0c654a8 e-con-full e-flex e-con e-child\" data-id=\"0c654a8\" data-element_type=\"container\" data-e-type=\"container\">\n\t\t\t\t<div class=\"elementor-element elementor-element-7ee012c elementor-widget__width-initial elementor-widget-tablet__width-inherit elementor-widget elementor-widget-heading\" data-id=\"7ee012c\" data-element_type=\"widget\" data-e-type=\"widget\" data-widget_type=\"heading.default\">\n\t\t\t\t<div class=\"elementor-widget-container\">\n\t\t\t\t\t<h3 class=\"elementor-heading-title elementor-size-default\">Funk : Composants de transmission con\u00e7us selon les exigences de John Deere<\/h3>\t\t\t\t<\/div>\n\t\t\t\t<\/div>\n\t\t\t\t<\/div>\n\t\t\t\t\t<\/div>\n\t\t\t\t<\/div>\n\t\t<div data-particle_enable=\"false\" data-particle-mobile-disabled=\"false\" class=\"elementor-element elementor-element-cd1cf8d e-flex e-con-boxed e-con e-parent\" data-id=\"cd1cf8d\" data-element_type=\"container\" data-e-type=\"container\">\n\t\t\t\t\t<div class=\"e-con-inner\">\n\t\t<div data-particle_enable=\"false\" data-particle-mobile-disabled=\"false\" class=\"elementor-element elementor-element-e955d7d e-con-full e-flex e-con e-child\" data-id=\"e955d7d\" data-element_type=\"container\" data-e-type=\"container\" data-settings=\"{&quot;background_background&quot;:&quot;classic&quot;}\">\n\t\t\t\t<div class=\"elementor-element elementor-element-8f451b3 elementor-widget elementor-widget-image\" data-id=\"8f451b3\" data-element_type=\"widget\" data-e-type=\"widget\" data-widget_type=\"image.default\">\n\t\t\t\t<div class=\"elementor-widget-container\">\n\t\t\t\t\t\t\t\t\t\t\t\t\t\t\t<img decoding=\"async\" src=\"https:\/\/tdmed.es\/wp-content\/uploads\/2025\/05\/Ejes-y-Transmisiones-4.png\" title=\"Ejes-y-Transmisiones-4\" alt=\"Ejes y Transmisiones - Funk drivetrain components John Deere\" loading=\"lazy\" \/>\t\t\t\t\t\t\t\t\t\t\t\t\t\t\t<\/div>\n\t\t\t\t<\/div>\n\t\t\t\t<\/div>\n\t\t<div data-particle_enable=\"false\" data-particle-mobile-disabled=\"false\" class=\"elementor-element elementor-element-ced9fe5 e-con-full e-flex e-con e-child\" data-id=\"ced9fe5\" data-element_type=\"container\" data-e-type=\"container\">\n\t\t\t\t<div class=\"elementor-element elementor-element-e07d34c elementor-widget elementor-widget-image\" data-id=\"e07d34c\" data-element_type=\"widget\" data-e-type=\"widget\" data-widget_type=\"image.default\">\n\t\t\t\t<div class=\"elementor-widget-container\">\n\t\t\t\t\t\t\t\t\t\t\t\t\t\t\t<img fetchpriority=\"high\" decoding=\"async\" width=\"330\" height=\"200\" src=\"https:\/\/tdmed.es\/wp-content\/uploads\/2025\/04\/funk-drivetrain.png\" class=\"attachment-large size-large wp-image-107971\" alt=\"logo funk drivetrain components\" srcset=\"https:\/\/tdmed.es\/wp-content\/uploads\/2025\/04\/funk-drivetrain.png 330w, https:\/\/tdmed.es\/wp-content\/uploads\/2025\/04\/funk-drivetrain-300x182.png 300w, https:\/\/tdmed.es\/wp-content\/uploads\/2025\/04\/funk-drivetrain-64x39.png 64w\" sizes=\"(max-width: 330px) 100vw, 330px\" \/>\t\t\t\t\t\t\t\t\t\t\t\t\t\t\t<\/div>\n\t\t\t\t<\/div>\n\t\t\t\t<div class=\"elementor-element elementor-element-2927b46 elementor-widget elementor-widget-text-editor\" data-id=\"2927b46\" data-element_type=\"widget\" data-e-type=\"widget\" data-widget_type=\"text-editor.default\">\n\t\t\t\t<div class=\"elementor-widget-container\">\n\t\t\t\t\t\t\t\t\t<p>Les syst\u00e8mes de transmissions Funk, les ponts, les transmissions de pompe, les r\u00e9ducteurs plan\u00e9taires et les composants de cha\u00eene cin\u00e9matique \u00e9lectrique John Deere sont con\u00e7us pour fonctionner dans des conditions tout-terrain exigeantes.<\/p>\n<p>Retrouvez chez TDMED des transmissions compatibles avec des syst\u00e8mes hydrauliques tout-terrain de haute technologie :<br \/>\u2022 Transmissions Powershift Funk\u2122 \u00e0 commande \u00e9lectronique<br \/>\u2022 Transmissions HMD Funk\u2122<br \/>\u2022 Transmissions hydrostatiques Funk\u2122<\/p>\n<p>Plus d\u2019informations sur leur site officiel :<br \/>\ud83d\udc49 <a href=\"https:\/\/www.deere.com\/en\/drivetrain-components\/?adobe_mc=MCMID%3D11054428924694336091696881689032107374%7CMCORGID%3D8CC867C25245ADC30A490D4C%2540AdobeOrg%7CTS%3D1733823064&amp;appName=dcom&amp;sourcePageName=es_es%2520%253A%2520motores-y-transmisiones&amp;sourcePageURL=https%253A%252F%252Fwww.deere.es%252Fes%252Fmotores-y-transmisiones%252F&amp;sourceLinkHref=https%253A%252F%252Fwww.deere.com%252Fen%252Fdrivetrain-components%252F&amp;sourceLinkId=cta-industry-sub-navigation%2520%253A%2520undefined%2520%253A%2520Sistemas%2520de%2520transmisi%25C3%25B3n%2520el%25C3%25A9ctrica\" target=\"_blank\" rel=\"noopener\">Composants de transmission John Deere<\/a><\/p>\n\t\t\t\t\t\t\t\t<\/div>\n\t\t\t\t<\/div>\n\t\t\t\t<\/div>\n\t\t\t\t\t<\/div>\n\t\t\t\t<\/div>\n\t\t\t\t<\/div>\n\t\t","protected":false},"excerpt":{"rendered":"<p>Ponts Et Syst\u00e8mes De Transmissions \u00ab Technologies de cha\u00eene cin\u00e9matique pour tout v\u00e9hicule \u00bb Dana est un fournisseur de premier plan de syst\u00e8mes de transmission &#8230; <\/p>\n<p class=\"read-more-container\"><a title=\"Ponts Et Syst\u00e8mes De Transmissions\" class=\"read-more button\" href=\"https:\/\/tdmed.es\/fr\/ponts-et-systemes-de-transmissions\/#more-109470\" aria-label=\"En savoir plus sur Ponts Et Syst\u00e8mes De Transmissions\">Lire plus<\/a><\/p>\n","protected":false},"author":313,"featured_media":0,"parent":0,"menu_order":0,"comment_status":"closed","ping_status":"closed","template":"","meta":{"_joinchat":[],"footnotes":""},"class_list":["post-109470","page","type-page","status-publish"],"yoast_head":"<!-- This site is optimized with the Yoast SEO Premium plugin v27.3 (Yoast SEO v27.3) - https:\/\/yoast.com\/product\/yoast-seo-premium-wordpress\/ -->\n<title>Ponts Et Syst\u00e8mes De Transmissions - TDMED<\/title>\n<meta name=\"description\" content=\"Ponts Et Syst\u00e8mes de Transmissions pour v\u00e9hicules et engins lourds. Pi\u00e8ces d\u00e9tach\u00e9es, ing\u00e9nierie d&#039;int\u00e9gration et service technique.\" \/>\n<meta name=\"robots\" content=\"index, follow, max-snippet:-1, max-image-preview:large, max-video-preview:-1\" \/>\n<link rel=\"canonical\" href=\"https:\/\/tdmed.es\/fr\/ponts-et-systemes-de-transmissions\/\" \/>\n<meta property=\"og:locale\" content=\"fr_FR\" \/>\n<meta property=\"og:type\" content=\"article\" \/>\n<meta property=\"og:title\" content=\"Ponts Et Syst\u00e8mes De Transmissions\" \/>\n<meta property=\"og:description\" content=\"Ponts Et Syst\u00e8mes de Transmissions pour v\u00e9hicules et engins lourds. Pi\u00e8ces d\u00e9tach\u00e9es, ing\u00e9nierie d&#039;int\u00e9gration et service technique.\" \/>\n<meta property=\"og:url\" content=\"https:\/\/tdmed.es\/fr\/ponts-et-systemes-de-transmissions\/\" \/>\n<meta property=\"og:site_name\" content=\"TDMED\" \/>\n<meta property=\"article:modified_time\" content=\"2026-03-06T09:46:29+00:00\" \/>\n<meta property=\"og:image\" content=\"https:\/\/tdmed.es\/wp-content\/uploads\/2025\/05\/Ejes-y-Transmisiones-3.png\" \/>\n<meta name=\"twitter:card\" content=\"summary_large_image\" \/>\n<script type=\"application\/ld+json\" class=\"yoast-schema-graph\">{\"@context\":\"https:\\\/\\\/schema.org\",\"@graph\":[{\"@type\":\"WebPage\",\"@id\":\"https:\\\/\\\/tdmed.es\\\/fr\\\/ponts-et-systemes-de-transmissions\\\/\",\"url\":\"https:\\\/\\\/tdmed.es\\\/fr\\\/ponts-et-systemes-de-transmissions\\\/\",\"name\":\"Ponts Et Syst\u00e8mes De Transmissions - TDMED\",\"isPartOf\":{\"@id\":\"https:\\\/\\\/tdmed.es\\\/fr\\\/#website\"},\"primaryImageOfPage\":{\"@id\":\"https:\\\/\\\/tdmed.es\\\/fr\\\/ponts-et-systemes-de-transmissions\\\/#primaryimage\"},\"image\":{\"@id\":\"https:\\\/\\\/tdmed.es\\\/fr\\\/ponts-et-systemes-de-transmissions\\\/#primaryimage\"},\"thumbnailUrl\":\"https:\\\/\\\/tdmed.es\\\/wp-content\\\/uploads\\\/2025\\\/05\\\/Ejes-y-Transmisiones-3.png\",\"datePublished\":\"2025-07-21T14:16:40+00:00\",\"dateModified\":\"2026-03-06T09:46:29+00:00\",\"description\":\"Ponts Et Syst\u00e8mes de Transmissions pour v\u00e9hicules et engins lourds. Pi\u00e8ces d\u00e9tach\u00e9es, ing\u00e9nierie d'int\u00e9gration et service technique.\",\"breadcrumb\":{\"@id\":\"https:\\\/\\\/tdmed.es\\\/fr\\\/ponts-et-systemes-de-transmissions\\\/#breadcrumb\"},\"inLanguage\":\"fr-FR\",\"potentialAction\":[{\"@type\":\"ReadAction\",\"target\":[\"https:\\\/\\\/tdmed.es\\\/fr\\\/ponts-et-systemes-de-transmissions\\\/\"]}]},{\"@type\":\"ImageObject\",\"inLanguage\":\"fr-FR\",\"@id\":\"https:\\\/\\\/tdmed.es\\\/fr\\\/ponts-et-systemes-de-transmissions\\\/#primaryimage\",\"url\":\"https:\\\/\\\/tdmed.es\\\/wp-content\\\/uploads\\\/2025\\\/05\\\/Ejes-y-Transmisiones-3.png\",\"contentUrl\":\"https:\\\/\\\/tdmed.es\\\/wp-content\\\/uploads\\\/2025\\\/05\\\/Ejes-y-Transmisiones-3.png\"},{\"@type\":\"BreadcrumbList\",\"@id\":\"https:\\\/\\\/tdmed.es\\\/fr\\\/ponts-et-systemes-de-transmissions\\\/#breadcrumb\",\"itemListElement\":[{\"@type\":\"ListItem\",\"position\":1,\"name\":\"Portada\",\"item\":\"https:\\\/\\\/tdmed.es\\\/fr\\\/\"},{\"@type\":\"ListItem\",\"position\":2,\"name\":\"Ponts Et Syst\u00e8mes De Transmissions\"}]},{\"@type\":\"WebSite\",\"@id\":\"https:\\\/\\\/tdmed.es\\\/fr\\\/#website\",\"url\":\"https:\\\/\\\/tdmed.es\\\/fr\\\/\",\"name\":\"TDMED\",\"description\":\"TDMED\",\"publisher\":{\"@id\":\"https:\\\/\\\/tdmed.es\\\/fr\\\/#organization\"},\"potentialAction\":[{\"@type\":\"SearchAction\",\"target\":{\"@type\":\"EntryPoint\",\"urlTemplate\":\"https:\\\/\\\/tdmed.es\\\/fr\\\/?s={search_term_string}\"},\"query-input\":{\"@type\":\"PropertyValueSpecification\",\"valueRequired\":true,\"valueName\":\"search_term_string\"}}],\"inLanguage\":\"fr-FR\"},{\"@type\":\"Organization\",\"@id\":\"https:\\\/\\\/tdmed.es\\\/fr\\\/#organization\",\"name\":\"TransDiesel\",\"url\":\"https:\\\/\\\/tdmed.es\\\/fr\\\/\",\"logo\":{\"@type\":\"ImageObject\",\"inLanguage\":\"fr-FR\",\"@id\":\"https:\\\/\\\/tdmed.es\\\/fr\\\/#\\\/schema\\\/logo\\\/image\\\/\",\"url\":\"https:\\\/\\\/tdmed.es\\\/wp-content\\\/uploads\\\/2018\\\/12\\\/NewLogo.png\",\"contentUrl\":\"https:\\\/\\\/tdmed.es\\\/wp-content\\\/uploads\\\/2018\\\/12\\\/NewLogo.png\",\"width\":800,\"height\":140,\"caption\":\"TransDiesel\"},\"image\":{\"@id\":\"https:\\\/\\\/tdmed.es\\\/fr\\\/#\\\/schema\\\/logo\\\/image\\\/\"}}]}<\/script>\n<!-- \/ Yoast SEO Premium plugin. -->","yoast_head_json":{"title":"Ponts Et Syst\u00e8mes De Transmissions - TDMED","description":"Ponts Et Syst\u00e8mes de Transmissions pour v\u00e9hicules et engins lourds. Pi\u00e8ces d\u00e9tach\u00e9es, ing\u00e9nierie d'int\u00e9gration et service technique.","robots":{"index":"index","follow":"follow","max-snippet":"max-snippet:-1","max-image-preview":"max-image-preview:large","max-video-preview":"max-video-preview:-1"},"canonical":"https:\/\/tdmed.es\/fr\/ponts-et-systemes-de-transmissions\/","og_locale":"fr_FR","og_type":"article","og_title":"Ponts Et Syst\u00e8mes De Transmissions","og_description":"Ponts Et Syst\u00e8mes de Transmissions pour v\u00e9hicules et engins lourds. Pi\u00e8ces d\u00e9tach\u00e9es, ing\u00e9nierie d'int\u00e9gration et service technique.","og_url":"https:\/\/tdmed.es\/fr\/ponts-et-systemes-de-transmissions\/","og_site_name":"TDMED","article_modified_time":"2026-03-06T09:46:29+00:00","og_image":[{"url":"https:\/\/tdmed.es\/wp-content\/uploads\/2025\/05\/Ejes-y-Transmisiones-3.png","type":"","width":"","height":""}],"twitter_card":"summary_large_image","schema":{"@context":"https:\/\/schema.org","@graph":[{"@type":"WebPage","@id":"https:\/\/tdmed.es\/fr\/ponts-et-systemes-de-transmissions\/","url":"https:\/\/tdmed.es\/fr\/ponts-et-systemes-de-transmissions\/","name":"Ponts Et Syst\u00e8mes De Transmissions - TDMED","isPartOf":{"@id":"https:\/\/tdmed.es\/fr\/#website"},"primaryImageOfPage":{"@id":"https:\/\/tdmed.es\/fr\/ponts-et-systemes-de-transmissions\/#primaryimage"},"image":{"@id":"https:\/\/tdmed.es\/fr\/ponts-et-systemes-de-transmissions\/#primaryimage"},"thumbnailUrl":"https:\/\/tdmed.es\/wp-content\/uploads\/2025\/05\/Ejes-y-Transmisiones-3.png","datePublished":"2025-07-21T14:16:40+00:00","dateModified":"2026-03-06T09:46:29+00:00","description":"Ponts Et Syst\u00e8mes de Transmissions pour v\u00e9hicules et engins lourds. Pi\u00e8ces d\u00e9tach\u00e9es, ing\u00e9nierie d'int\u00e9gration et service technique.","breadcrumb":{"@id":"https:\/\/tdmed.es\/fr\/ponts-et-systemes-de-transmissions\/#breadcrumb"},"inLanguage":"fr-FR","potentialAction":[{"@type":"ReadAction","target":["https:\/\/tdmed.es\/fr\/ponts-et-systemes-de-transmissions\/"]}]},{"@type":"ImageObject","inLanguage":"fr-FR","@id":"https:\/\/tdmed.es\/fr\/ponts-et-systemes-de-transmissions\/#primaryimage","url":"https:\/\/tdmed.es\/wp-content\/uploads\/2025\/05\/Ejes-y-Transmisiones-3.png","contentUrl":"https:\/\/tdmed.es\/wp-content\/uploads\/2025\/05\/Ejes-y-Transmisiones-3.png"},{"@type":"BreadcrumbList","@id":"https:\/\/tdmed.es\/fr\/ponts-et-systemes-de-transmissions\/#breadcrumb","itemListElement":[{"@type":"ListItem","position":1,"name":"Portada","item":"https:\/\/tdmed.es\/fr\/"},{"@type":"ListItem","position":2,"name":"Ponts Et Syst\u00e8mes De Transmissions"}]},{"@type":"WebSite","@id":"https:\/\/tdmed.es\/fr\/#website","url":"https:\/\/tdmed.es\/fr\/","name":"TDMED","description":"TDMED","publisher":{"@id":"https:\/\/tdmed.es\/fr\/#organization"},"potentialAction":[{"@type":"SearchAction","target":{"@type":"EntryPoint","urlTemplate":"https:\/\/tdmed.es\/fr\/?s={search_term_string}"},"query-input":{"@type":"PropertyValueSpecification","valueRequired":true,"valueName":"search_term_string"}}],"inLanguage":"fr-FR"},{"@type":"Organization","@id":"https:\/\/tdmed.es\/fr\/#organization","name":"TransDiesel","url":"https:\/\/tdmed.es\/fr\/","logo":{"@type":"ImageObject","inLanguage":"fr-FR","@id":"https:\/\/tdmed.es\/fr\/#\/schema\/logo\/image\/","url":"https:\/\/tdmed.es\/wp-content\/uploads\/2018\/12\/NewLogo.png","contentUrl":"https:\/\/tdmed.es\/wp-content\/uploads\/2018\/12\/NewLogo.png","width":800,"height":140,"caption":"TransDiesel"},"image":{"@id":"https:\/\/tdmed.es\/fr\/#\/schema\/logo\/image\/"}}]}},"_links":{"self":[{"href":"https:\/\/tdmed.es\/fr\/wp-json\/wp\/v2\/pages\/109470","targetHints":{"allow":["GET"]}}],"collection":[{"href":"https:\/\/tdmed.es\/fr\/wp-json\/wp\/v2\/pages"}],"about":[{"href":"https:\/\/tdmed.es\/fr\/wp-json\/wp\/v2\/types\/page"}],"author":[{"embeddable":true,"href":"https:\/\/tdmed.es\/fr\/wp-json\/wp\/v2\/users\/313"}],"replies":[{"embeddable":true,"href":"https:\/\/tdmed.es\/fr\/wp-json\/wp\/v2\/comments?post=109470"}],"version-history":[{"count":0,"href":"https:\/\/tdmed.es\/fr\/wp-json\/wp\/v2\/pages\/109470\/revisions"}],"wp:attachment":[{"href":"https:\/\/tdmed.es\/fr\/wp-json\/wp\/v2\/media?parent=109470"}],"curies":[{"name":"wp","href":"https:\/\/api.w.org\/{rel}","templated":true}]}}