{"id":109468,"date":"2025-07-21T16:09:58","date_gmt":"2025-07-21T14:09:58","guid":{"rendered":"https:\/\/preprod.transdiesel.es\/propulsion-au-gpl\/"},"modified":"2026-03-06T10:19:15","modified_gmt":"2026-03-06T09:19:15","slug":"propulsion-au-gpl","status":"publish","type":"page","link":"https:\/\/tdmed.es\/fr\/propulsion-au-gpl\/","title":{"rendered":"Propulsion au GPL"},"content":{"rendered":"\t\t<div data-elementor-type=\"wp-page\" data-elementor-id=\"109468\" class=\"elementor elementor-109468 elementor-107726\" data-elementor-post-type=\"page\">\n\t\t\t\t<div data-particle_enable=\"false\" data-particle-mobile-disabled=\"false\" class=\"elementor-element elementor-element-fc286fd e-flex e-con-boxed e-con e-parent\" data-id=\"fc286fd\" data-element_type=\"container\" data-e-type=\"container\" data-settings=\"{&quot;background_background&quot;:&quot;classic&quot;}\">\n\t\t\t\t\t<div class=\"e-con-inner\">\n\t\t\t\t\t<\/div>\n\t\t\t\t<\/div>\n\t\t<div data-particle_enable=\"false\" data-particle-mobile-disabled=\"false\" class=\"elementor-element elementor-element-f0df74c e-flex e-con-boxed e-con e-parent\" data-id=\"f0df74c\" data-element_type=\"container\" data-e-type=\"container\">\n\t\t\t\t\t<div class=\"e-con-inner\">\n\t\t<div data-particle_enable=\"false\" data-particle-mobile-disabled=\"false\" class=\"elementor-element elementor-element-a446c88 e-con-full e-flex e-con e-child\" data-id=\"a446c88\" data-element_type=\"container\" data-e-type=\"container\">\n\t\t\t\t<div class=\"elementor-element elementor-element-f63e634 elementor-widget__width-initial elementor-widget-tablet__width-inherit elementor-widget elementor-widget-heading\" data-id=\"f63e634\" data-element_type=\"widget\" data-e-type=\"widget\" data-widget_type=\"heading.default\">\n\t\t\t\t<div class=\"elementor-widget-container\">\n\t\t\t\t\t<h1 class=\"elementor-heading-title elementor-size-default\">Propulsion au GPL<\/h1>\t\t\t\t<\/div>\n\t\t\t\t<\/div>\n\t\t\t\t<div class=\"elementor-element elementor-element-99ca539 elementor-widget elementor-widget-text-editor\" data-id=\"99ca539\" data-element_type=\"widget\" data-e-type=\"widget\" data-widget_type=\"text-editor.default\">\n\t\t\t\t<div class=\"elementor-widget-container\">\n\t\t\t\t\t\t\t\t\t<h2><span style=\"font-size: 20px;\">\u00ab Une alternative propre et efficace \u00bb<\/span><\/h2>\t\t\t\t\t\t\t\t<\/div>\n\t\t\t\t<\/div>\n\t\t\t\t<\/div>\n\t\t\t\t\t<\/div>\n\t\t\t\t<\/div>\n\t\t<div data-particle_enable=\"false\" data-particle-mobile-disabled=\"false\" class=\"elementor-element elementor-element-6a2fc2e e-flex e-con-boxed e-con e-parent\" data-id=\"6a2fc2e\" data-element_type=\"container\" data-e-type=\"container\">\n\t\t\t\t\t<div class=\"e-con-inner\">\n\t\t<div data-particle_enable=\"false\" data-particle-mobile-disabled=\"false\" class=\"elementor-element elementor-element-acd84ef e-con-full e-flex e-con e-child\" data-id=\"acd84ef\" data-element_type=\"container\" data-e-type=\"container\" data-settings=\"{&quot;background_background&quot;:&quot;classic&quot;}\">\n\t\t\t\t<div class=\"elementor-element elementor-element-10c7559 elementor-widget elementor-widget-image\" data-id=\"10c7559\" data-element_type=\"widget\" data-e-type=\"widget\" data-widget_type=\"image.default\">\n\t\t\t\t<div class=\"elementor-widget-container\">\n\t\t\t\t\t\t\t\t\t\t\t\t\t\t\t<img fetchpriority=\"high\" decoding=\"async\" width=\"1024\" height=\"1024\" src=\"https:\/\/tdmed.es\/wp-content\/uploads\/2025\/05\/Propulsion-a-gas-1-1024x1024.png\" class=\"attachment-large size-large wp-image-108875\" alt=\"propulsi\u00f3n a gas - maquinaria industrial\" srcset=\"https:\/\/tdmed.es\/wp-content\/uploads\/2025\/05\/Propulsion-a-gas-1-1024x1024.png 1024w, https:\/\/tdmed.es\/wp-content\/uploads\/2025\/05\/Propulsion-a-gas-1-300x300.png 300w, https:\/\/tdmed.es\/wp-content\/uploads\/2025\/05\/Propulsion-a-gas-1-150x150.png 150w, https:\/\/tdmed.es\/wp-content\/uploads\/2025\/05\/Propulsion-a-gas-1-768x768.png 768w, https:\/\/tdmed.es\/wp-content\/uploads\/2025\/05\/Propulsion-a-gas-1-1536x1536.png 1536w, https:\/\/tdmed.es\/wp-content\/uploads\/2025\/05\/Propulsion-a-gas-1-1000x1000.png 1000w, https:\/\/tdmed.es\/wp-content\/uploads\/2025\/05\/Propulsion-a-gas-1-600x600.png 600w, https:\/\/tdmed.es\/wp-content\/uploads\/2025\/05\/Propulsion-a-gas-1-100x100.png 100w, https:\/\/tdmed.es\/wp-content\/uploads\/2025\/05\/Propulsion-a-gas-1-64x64.png 64w, https:\/\/tdmed.es\/wp-content\/uploads\/2025\/05\/Propulsion-a-gas-1.png 2000w\" sizes=\"(max-width: 1024px) 100vw, 1024px\" \/>\t\t\t\t\t\t\t\t\t\t\t\t\t\t\t<\/div>\n\t\t\t\t<\/div>\n\t\t\t\t<\/div>\n\t\t<div data-particle_enable=\"false\" data-particle-mobile-disabled=\"false\" class=\"elementor-element elementor-element-f75a386 e-con-full e-flex e-con e-child\" data-id=\"f75a386\" data-element_type=\"container\" data-e-type=\"container\">\n\t\t\t\t<div class=\"elementor-element elementor-element-2176bb9 elementor-widget elementor-widget-text-editor\" data-id=\"2176bb9\" data-element_type=\"widget\" data-e-type=\"widget\" data-widget_type=\"text-editor.default\">\n\t\t\t\t<div class=\"elementor-widget-container\">\n\t\t\t\t\t\t\t\t\t<p>TDMED propose des solutions de syst\u00e8mes de propulsion int\u00e9gr\u00e9e au GPL, au gaz naturel et au gaz naturel comprim\u00e9 pour les fabricants de machines industrielles, de construction, agricoles et de v\u00e9hicules routiers.<br \/>En collaboration avec KUBOTA, nous proposons une gamme compl\u00e8te de moteurs \u00e0 carburant flexible, \u00e0 faibles \u00e9missions, allant de 0,97 litre \u00e0 3,8 litres de cylindr\u00e9e, entre 22 et 75 chevaux, tous conformes \u00e0 la norme d\u2019\u00e9missions EU Stage V.<br \/>Avec ses moteurs \u00e0 gaz, KUBOTA facilite la certification des \u00e9missions pour r\u00e9pondre aux exigences sp\u00e9cifiques de chaque application. Il s&rsquo;agit de l\u2019un des principaux fournisseurs de moteurs \u00e0 carburants alternatifs, fort de plus de 50 ans d\u2019exp\u00e9rience dans le d\u00e9veloppement de solutions de contr\u00f4le des \u00e9missions.<br \/>Lors de l&rsquo;installation d&rsquo;un moteur utilisant un carburant alternatif au diesel, il ne s&rsquo;agit pas seulement des \u00e9missions, de la puissance et du couple, mais aussi de valeur, de performance, de durabilit\u00e9 et de fiabilit\u00e9.<br \/>Plus d&rsquo;informations sur<a href=\"https:\/\/engine.kubota.com\/en\/\" target=\"_blank\" rel=\"noopener\"> le site du fabricant<\/a><\/p>\n\t\t\t\t\t\t\t\t<\/div>\n\t\t\t\t<\/div>\n\t\t\t\t<\/div>\n\t\t\t\t\t<\/div>\n\t\t\t\t<\/div>\n\t\t<div data-particle_enable=\"false\" data-particle-mobile-disabled=\"false\" class=\"elementor-element elementor-element-88aca64 e-flex e-con-boxed e-con e-parent\" data-id=\"88aca64\" data-element_type=\"container\" data-e-type=\"container\">\n\t\t\t\t\t<div class=\"e-con-inner\">\n\t\t\t\t<div class=\"elementor-element elementor-element-03aa203 elementor-widget elementor-widget-image\" data-id=\"03aa203\" data-element_type=\"widget\" data-e-type=\"widget\" data-widget_type=\"image.default\">\n\t\t\t\t<div class=\"elementor-widget-container\">\n\t\t\t\t\t\t\t\t\t\t\t\t\t\t\t<img decoding=\"async\" width=\"1024\" height=\"320\" src=\"https:\/\/tdmed.es\/wp-content\/uploads\/2025\/04\/kubota2-1024x320.jpg\" class=\"attachment-large size-large wp-image-108208\" alt=\"imagen fondo kubota\" srcset=\"https:\/\/tdmed.es\/wp-content\/uploads\/2025\/04\/kubota2-1024x320.jpg 1024w, https:\/\/tdmed.es\/wp-content\/uploads\/2025\/04\/kubota2-300x94.jpg 300w, https:\/\/tdmed.es\/wp-content\/uploads\/2025\/04\/kubota2-768x240.jpg 768w, https:\/\/tdmed.es\/wp-content\/uploads\/2025\/04\/kubota2-1536x480.jpg 1536w, https:\/\/tdmed.es\/wp-content\/uploads\/2025\/04\/kubota2-600x188.jpg 600w, https:\/\/tdmed.es\/wp-content\/uploads\/2025\/04\/kubota2-64x20.jpg 64w, https:\/\/tdmed.es\/wp-content\/uploads\/2025\/04\/kubota2.jpg 1600w\" sizes=\"(max-width: 1024px) 100vw, 1024px\" \/>\t\t\t\t\t\t\t\t\t\t\t\t\t\t\t<\/div>\n\t\t\t\t<\/div>\n\t\t\t\t\t<\/div>\n\t\t\t\t<\/div>\n\t\t\t\t<\/div>\n\t\t","protected":false},"excerpt":{"rendered":"<p>Propulsion au GPL \u00ab Une alternative propre et efficace \u00bb TDMED propose des solutions de syst\u00e8mes de propulsion int\u00e9gr\u00e9e au GPL, au gaz naturel et &#8230; <\/p>\n<p class=\"read-more-container\"><a title=\"Propulsion au GPL\" class=\"read-more button\" href=\"https:\/\/tdmed.es\/fr\/propulsion-au-gpl\/#more-109468\" aria-label=\"En savoir plus sur Propulsion au GPL\">Lire plus<\/a><\/p>\n","protected":false},"author":313,"featured_media":0,"parent":0,"menu_order":0,"comment_status":"closed","ping_status":"closed","template":"","meta":{"_joinchat":[],"footnotes":""},"class_list":["post-109468","page","type-page","status-publish"],"yoast_head":"<!-- This site is optimized with the Yoast SEO Premium plugin v27.3 (Yoast SEO v27.3) - https:\/\/yoast.com\/product\/yoast-seo-premium-wordpress\/ -->\n<title>Propulsion au GPL - TDMED<\/title>\n<meta name=\"description\" content=\"Propulsion \u00e0 gaz propre et efficace. GPL, gaz naturel et GNC pour les machines industrielles. Faible consommation et \u00e9missions r\u00e9duites.\" \/>\n<meta name=\"robots\" content=\"index, follow, max-snippet:-1, max-image-preview:large, max-video-preview:-1\" \/>\n<link rel=\"canonical\" href=\"https:\/\/tdmed.es\/fr\/propulsion-au-gpl\/\" \/>\n<meta property=\"og:locale\" content=\"fr_FR\" \/>\n<meta property=\"og:type\" content=\"article\" \/>\n<meta property=\"og:title\" content=\"Propulsion au GPL\" \/>\n<meta property=\"og:description\" content=\"Propulsion \u00e0 gaz propre et efficace. GPL, gaz naturel et GNC pour les machines industrielles. Faible consommation et \u00e9missions r\u00e9duites.\" \/>\n<meta property=\"og:url\" content=\"https:\/\/tdmed.es\/fr\/propulsion-au-gpl\/\" \/>\n<meta property=\"og:site_name\" content=\"TDMED\" \/>\n<meta property=\"article:modified_time\" content=\"2026-03-06T09:19:15+00:00\" \/>\n<meta property=\"og:image\" content=\"https:\/\/tdmed.es\/wp-content\/uploads\/2025\/05\/Propulsion-a-gas-1-1024x1024.png\" \/>\n<meta name=\"twitter:card\" content=\"summary_large_image\" \/>\n<script type=\"application\/ld+json\" class=\"yoast-schema-graph\">{\"@context\":\"https:\\\/\\\/schema.org\",\"@graph\":[{\"@type\":\"WebPage\",\"@id\":\"https:\\\/\\\/tdmed.es\\\/fr\\\/propulsion-au-gpl\\\/\",\"url\":\"https:\\\/\\\/tdmed.es\\\/fr\\\/propulsion-au-gpl\\\/\",\"name\":\"Propulsion au GPL - TDMED\",\"isPartOf\":{\"@id\":\"https:\\\/\\\/tdmed.es\\\/fr\\\/#website\"},\"primaryImageOfPage\":{\"@id\":\"https:\\\/\\\/tdmed.es\\\/fr\\\/propulsion-au-gpl\\\/#primaryimage\"},\"image\":{\"@id\":\"https:\\\/\\\/tdmed.es\\\/fr\\\/propulsion-au-gpl\\\/#primaryimage\"},\"thumbnailUrl\":\"https:\\\/\\\/tdmed.es\\\/wp-content\\\/uploads\\\/2025\\\/05\\\/Propulsion-a-gas-1-1024x1024.png\",\"datePublished\":\"2025-07-21T14:09:58+00:00\",\"dateModified\":\"2026-03-06T09:19:15+00:00\",\"description\":\"Propulsion \u00e0 gaz propre et efficace. GPL, gaz naturel et GNC pour les machines industrielles. Faible consommation et \u00e9missions r\u00e9duites.\",\"breadcrumb\":{\"@id\":\"https:\\\/\\\/tdmed.es\\\/fr\\\/propulsion-au-gpl\\\/#breadcrumb\"},\"inLanguage\":\"fr-FR\",\"potentialAction\":[{\"@type\":\"ReadAction\",\"target\":[\"https:\\\/\\\/tdmed.es\\\/fr\\\/propulsion-au-gpl\\\/\"]}]},{\"@type\":\"ImageObject\",\"inLanguage\":\"fr-FR\",\"@id\":\"https:\\\/\\\/tdmed.es\\\/fr\\\/propulsion-au-gpl\\\/#primaryimage\",\"url\":\"https:\\\/\\\/tdmed.es\\\/wp-content\\\/uploads\\\/2025\\\/05\\\/Propulsion-a-gas-1-1024x1024.png\",\"contentUrl\":\"https:\\\/\\\/tdmed.es\\\/wp-content\\\/uploads\\\/2025\\\/05\\\/Propulsion-a-gas-1-1024x1024.png\"},{\"@type\":\"BreadcrumbList\",\"@id\":\"https:\\\/\\\/tdmed.es\\\/fr\\\/propulsion-au-gpl\\\/#breadcrumb\",\"itemListElement\":[{\"@type\":\"ListItem\",\"position\":1,\"name\":\"Portada\",\"item\":\"https:\\\/\\\/tdmed.es\\\/fr\\\/\"},{\"@type\":\"ListItem\",\"position\":2,\"name\":\"Propulsion au GPL\"}]},{\"@type\":\"WebSite\",\"@id\":\"https:\\\/\\\/tdmed.es\\\/fr\\\/#website\",\"url\":\"https:\\\/\\\/tdmed.es\\\/fr\\\/\",\"name\":\"TDMED\",\"description\":\"TDMED\",\"publisher\":{\"@id\":\"https:\\\/\\\/tdmed.es\\\/fr\\\/#organization\"},\"potentialAction\":[{\"@type\":\"SearchAction\",\"target\":{\"@type\":\"EntryPoint\",\"urlTemplate\":\"https:\\\/\\\/tdmed.es\\\/fr\\\/?s={search_term_string}\"},\"query-input\":{\"@type\":\"PropertyValueSpecification\",\"valueRequired\":true,\"valueName\":\"search_term_string\"}}],\"inLanguage\":\"fr-FR\"},{\"@type\":\"Organization\",\"@id\":\"https:\\\/\\\/tdmed.es\\\/fr\\\/#organization\",\"name\":\"TransDiesel\",\"url\":\"https:\\\/\\\/tdmed.es\\\/fr\\\/\",\"logo\":{\"@type\":\"ImageObject\",\"inLanguage\":\"fr-FR\",\"@id\":\"https:\\\/\\\/tdmed.es\\\/fr\\\/#\\\/schema\\\/logo\\\/image\\\/\",\"url\":\"https:\\\/\\\/tdmed.es\\\/wp-content\\\/uploads\\\/2018\\\/12\\\/NewLogo.png\",\"contentUrl\":\"https:\\\/\\\/tdmed.es\\\/wp-content\\\/uploads\\\/2018\\\/12\\\/NewLogo.png\",\"width\":800,\"height\":140,\"caption\":\"TransDiesel\"},\"image\":{\"@id\":\"https:\\\/\\\/tdmed.es\\\/fr\\\/#\\\/schema\\\/logo\\\/image\\\/\"}}]}<\/script>\n<!-- \/ Yoast SEO Premium plugin. -->","yoast_head_json":{"title":"Propulsion au GPL - TDMED","description":"Propulsion \u00e0 gaz propre et efficace. GPL, gaz naturel et GNC pour les machines industrielles. Faible consommation et \u00e9missions r\u00e9duites.","robots":{"index":"index","follow":"follow","max-snippet":"max-snippet:-1","max-image-preview":"max-image-preview:large","max-video-preview":"max-video-preview:-1"},"canonical":"https:\/\/tdmed.es\/fr\/propulsion-au-gpl\/","og_locale":"fr_FR","og_type":"article","og_title":"Propulsion au GPL","og_description":"Propulsion \u00e0 gaz propre et efficace. GPL, gaz naturel et GNC pour les machines industrielles. Faible consommation et \u00e9missions r\u00e9duites.","og_url":"https:\/\/tdmed.es\/fr\/propulsion-au-gpl\/","og_site_name":"TDMED","article_modified_time":"2026-03-06T09:19:15+00:00","og_image":[{"url":"https:\/\/tdmed.es\/wp-content\/uploads\/2025\/05\/Propulsion-a-gas-1-1024x1024.png","type":"","width":"","height":""}],"twitter_card":"summary_large_image","schema":{"@context":"https:\/\/schema.org","@graph":[{"@type":"WebPage","@id":"https:\/\/tdmed.es\/fr\/propulsion-au-gpl\/","url":"https:\/\/tdmed.es\/fr\/propulsion-au-gpl\/","name":"Propulsion au GPL - TDMED","isPartOf":{"@id":"https:\/\/tdmed.es\/fr\/#website"},"primaryImageOfPage":{"@id":"https:\/\/tdmed.es\/fr\/propulsion-au-gpl\/#primaryimage"},"image":{"@id":"https:\/\/tdmed.es\/fr\/propulsion-au-gpl\/#primaryimage"},"thumbnailUrl":"https:\/\/tdmed.es\/wp-content\/uploads\/2025\/05\/Propulsion-a-gas-1-1024x1024.png","datePublished":"2025-07-21T14:09:58+00:00","dateModified":"2026-03-06T09:19:15+00:00","description":"Propulsion \u00e0 gaz propre et efficace. GPL, gaz naturel et GNC pour les machines industrielles. Faible consommation et \u00e9missions r\u00e9duites.","breadcrumb":{"@id":"https:\/\/tdmed.es\/fr\/propulsion-au-gpl\/#breadcrumb"},"inLanguage":"fr-FR","potentialAction":[{"@type":"ReadAction","target":["https:\/\/tdmed.es\/fr\/propulsion-au-gpl\/"]}]},{"@type":"ImageObject","inLanguage":"fr-FR","@id":"https:\/\/tdmed.es\/fr\/propulsion-au-gpl\/#primaryimage","url":"https:\/\/tdmed.es\/wp-content\/uploads\/2025\/05\/Propulsion-a-gas-1-1024x1024.png","contentUrl":"https:\/\/tdmed.es\/wp-content\/uploads\/2025\/05\/Propulsion-a-gas-1-1024x1024.png"},{"@type":"BreadcrumbList","@id":"https:\/\/tdmed.es\/fr\/propulsion-au-gpl\/#breadcrumb","itemListElement":[{"@type":"ListItem","position":1,"name":"Portada","item":"https:\/\/tdmed.es\/fr\/"},{"@type":"ListItem","position":2,"name":"Propulsion au GPL"}]},{"@type":"WebSite","@id":"https:\/\/tdmed.es\/fr\/#website","url":"https:\/\/tdmed.es\/fr\/","name":"TDMED","description":"TDMED","publisher":{"@id":"https:\/\/tdmed.es\/fr\/#organization"},"potentialAction":[{"@type":"SearchAction","target":{"@type":"EntryPoint","urlTemplate":"https:\/\/tdmed.es\/fr\/?s={search_term_string}"},"query-input":{"@type":"PropertyValueSpecification","valueRequired":true,"valueName":"search_term_string"}}],"inLanguage":"fr-FR"},{"@type":"Organization","@id":"https:\/\/tdmed.es\/fr\/#organization","name":"TransDiesel","url":"https:\/\/tdmed.es\/fr\/","logo":{"@type":"ImageObject","inLanguage":"fr-FR","@id":"https:\/\/tdmed.es\/fr\/#\/schema\/logo\/image\/","url":"https:\/\/tdmed.es\/wp-content\/uploads\/2018\/12\/NewLogo.png","contentUrl":"https:\/\/tdmed.es\/wp-content\/uploads\/2018\/12\/NewLogo.png","width":800,"height":140,"caption":"TransDiesel"},"image":{"@id":"https:\/\/tdmed.es\/fr\/#\/schema\/logo\/image\/"}}]}},"_links":{"self":[{"href":"https:\/\/tdmed.es\/fr\/wp-json\/wp\/v2\/pages\/109468","targetHints":{"allow":["GET"]}}],"collection":[{"href":"https:\/\/tdmed.es\/fr\/wp-json\/wp\/v2\/pages"}],"about":[{"href":"https:\/\/tdmed.es\/fr\/wp-json\/wp\/v2\/types\/page"}],"author":[{"embeddable":true,"href":"https:\/\/tdmed.es\/fr\/wp-json\/wp\/v2\/users\/313"}],"replies":[{"embeddable":true,"href":"https:\/\/tdmed.es\/fr\/wp-json\/wp\/v2\/comments?post=109468"}],"version-history":[{"count":0,"href":"https:\/\/tdmed.es\/fr\/wp-json\/wp\/v2\/pages\/109468\/revisions"}],"wp:attachment":[{"href":"https:\/\/tdmed.es\/fr\/wp-json\/wp\/v2\/media?parent=109468"}],"curies":[{"name":"wp","href":"https:\/\/api.w.org\/{rel}","templated":true}]}}